{"id":28445,"date":"2025-07-11T11:16:12","date_gmt":"2025-07-11T09:16:12","guid":{"rendered":"https:\/\/www.rememberme-forever.com\/product\/urne-pour-cendres-sur-le-theme-du-tennis-de-table-motif-ping-pong\/"},"modified":"2026-03-17T14:41:48","modified_gmt":"2026-03-17T13:41:48","slug":"urne-pour-cendres-sur-le-theme-du-tennis-de-table-motif-ping-pong","status":"publish","type":"product","link":"https:\/\/www.rememberme-forever.com\/fr\/produit\/urne-pour-cendres-sur-le-theme-du-tennis-de-table-motif-ping-pong\/","title":{"rendered":"Urne pour cendres sur le th\u00e8me du tennis de table \u2013 motif ping-pong"},"content":{"rendered":"<div style=\"text-align: center;\"><\/div>\n<div style=\"text-align: center;\" data-mce-fragment=\"1\">\n<p data-start=\"75\" data-end=\"273\"><span style=\"color: #000000;\">Cette \u00e9l\u00e9gante urne de cr\u00e9mation associe un design moderne \u00e0 un hommage personnel rendu \u00e0 un v\u00e9ritable passionn\u00e9 de tennis de table. Con\u00e7ue sous la forme dun bo\u00eetier \u00e9pur\u00e9, elle est fabriqu\u00e9e en acier inoxydable de haute qualit\u00e9 et dot\u00e9e dun couvercle en bois massif pour un contraste raffin\u00e9. <\/span><\/p>\n<p data-start=\"75\" data-end=\"273\">\n<p data-start=\"75\" data-end=\"273\"><span style=\"color: #000000;\">La face avant de lurne pr\u00e9sente une image finement grav\u00e9e dun joueur de tennis de table en action \u2013 un symbole fort de passion, de pr\u00e9cision et dagilit\u00e9. Au-dessus, une plaque comm\u00e9morative permet une gravure personnalis\u00e9e avec votre propre texte, faisant de cette urne un hommage profond\u00e9ment personnel. <\/span><\/p>\n<p data-start=\"75\" data-end=\"273\">\n<p data-start=\"75\" data-end=\"273\"><span style=\"color: #000000;\">\u00c0 lint\u00e9rieur, lurne est doubl\u00e9e de feutre doux afin doffrir une protection d\u00e9licate aux cendres, garantissant un lieu de repos respectueux et digne.<\/span><\/p>\n<div style=\"width: 100%; margin-bottom: 40px; height: max-content; padding-bottom: 60%; position: relative;\"><iframe style=\"position: absolute; top: 0; left: 0; width: 100%; height: 100%;\" src=\"https:\/\/rememberme-urns.com\/table-tennis-sport-urn\/\" frameborder=\"0\"><\/iframe><\/div>\n<div style=\"color: red; text-align: center; margin-bottom: 25px;\">\n<p>&gt;&gt; Rotation de la photo &#8211; appuyer\/zoomer &lt;&lt;<\/p>\n<\/div>\n<p data-start=\"75\" data-end=\"273\">\n<p data-start=\"75\" data-end=\"273\"><span style=\"color: #000000;\">\u25ba Caract\u00e9ristiques du produit \u25c4<\/span><\/p>\n<p data-start=\"75\" data-end=\"273\"><span style=\"color: #000000;\">&#8211; Mat\u00e9riau : corps en acier inoxydable bross\u00e9 avec couvercle en bois fonc\u00e9<\/span><\/p>\n<p data-start=\"75\" data-end=\"273\"><span style=\"color: #000000;\">&#8211; Th\u00e8me : gravure dun joueur de tennis de table \/ ping-pong<\/span><\/p>\n<p data-start=\"75\" data-end=\"273\"><span style=\"color: #000000;\">&#8211; Personnalisation : plaque grav\u00e9e pour texte personnel<\/span><\/p>\n<p data-start=\"75\" data-end=\"273\"><span style=\"color: #000000;\">&#8211; Int\u00e9rieur : doubl\u00e9 de feutre doux pour une protection suppl\u00e9mentaire<\/span><\/p>\n<p data-start=\"75\" data-end=\"273\"><span style=\"color: #000000;\">&#8211; Ouverture : par le haut avec couvercle ajust\u00e9 et s\u00e9curis\u00e9<\/span><\/p>\n<p data-start=\"75\" data-end=\"273\"><span style=\"color: #000000;\">&#8211; Capacit\u00e9 : adapt\u00e9e aux cendres dun adulte (capacit\u00e9 standard)<\/span><\/p>\n<p data-start=\"75\" data-end=\"273\">\n<p data-start=\"75\" data-end=\"273\"><span style=\"color: #000000;\">Une urne comm\u00e9morative unique pour une personne dont lesprit perdure \u00e0 travers le sport quelle aimait. Parfaite \u00e0 exposer \u00e0 domicile ou comme hommage durable dans une niche de columbarium. <\/span><\/p>\n<\/div>\n<p>&nbsp;<\/p>\n<p style=\"text-align: center;\"><strong>\u25ba PERSONNALISATION \u25c4<\/strong><\/p>\n<p style=\"text-align: center;\">\u2714\ufe0f Pour une plaque personnalis\u00e9e, saisissez le texte \u00e0 l&rsquo;endroit pr\u00e9vu ou envoyez-nous un message.<\/p>\n<p style=\"text-align: center;\">\u2714\ufe0f La plaque comm\u00e9morative personnalis\u00e9e doit \u00eatre personnalis\u00e9e lors de la commande. (N&rsquo;h\u00e9sitez pas \u00e0 nous contacter ult\u00e9rieurement si vous oubliez de le faire.)<\/p>\n<p style=\"text-align: center;\"><b>Les limites de texte sont les suivantes :<\/b><\/p>\n<p style=\"text-align: center;\"><span style=\"color: var(--text-color); font-size: 14px;\">Nom(s) jusqu&rsquo;\u00e0 24 caract\u00e8res<\/span><\/p>\n<p style=\"text-align: center;\"><span style=\"color: var(--text-color); font-size: 14px;\">Dates de naissance et de d\u00e9c\u00e8s jusqu&rsquo;\u00e0 24 caract\u00e8res<\/span><\/p>\n<p style=\"text-align: center;\"><span style=\"color: var(--text-color); font-size: 14px;\">Troisi\u00e8me ligne jusqu&rsquo;\u00e0 24 caract\u00e8res<\/span><\/p>\n<p style=\"text-align: center;\"><span style=\"font-size: 14px;\">Quatri\u00e8me ligne jusqu&rsquo;\u00e0 24 caract\u00e8res<\/span><\/p>\n<p style=\"text-align: center;\"><span style=\"font-size: 14px;\">Cinqui\u00e8me ligne : 24 caract\u00e8res maximum<\/span><\/p>\n<div style=\"text-align: center;\"><\/div>\n<p style=\"text-align: center;\">\u2714\ufe0f Veuillez <strong>V\u00c9RIFIER<\/strong> le texte de gravure avant d&rsquo;ajouter le produit \u00e0 votre panier. Nous reproduisons et gravons exactement les informations re\u00e7ues lors de la commande et n&rsquo;y apportons aucune modification.<\/p>\n<p style=\"text-align: center;\">\u2714\ufe0f V\u00e9rifiez l&rsquo;orthographe du texte.<\/p>\n<p style=\"text-align: center;\">\u2714\ufe0f <strong>Ne saisissez<\/strong> pas d&rsquo;informations de gravure si vous achetez l&rsquo;option \u00ab Urne sans plaque \u00bb.<\/p>\n","protected":false},"excerpt":{"rendered":"<p>Cette \u00e9l\u00e9gante urne de cr\u00e9mation associe un design moderne \u00e0 un hommage personnel rendu \u00e0 un v\u00e9ritable passionn\u00e9 de tennis de table. Con\u00e7ue sous la&#8230;<\/p>\n","protected":false},"featured_media":24520,"template":"","meta":{"_acf_changed":false},"product_brand":[],"product_cat":[2419,2429],"product_tag":[3350],"class_list":{"0":"post-28445","1":"product","2":"type-product","3":"status-publish","4":"has-post-thumbnail","6":"product_cat-urnes-a-theme","7":"product_cat-urnes-sportives","8":"product_tag-gpsr-metal_wood_cover","9":"product_shipping_class-2-4kg-fr","11":"first","12":"instock","13":"taxable","14":"shipping-taxable","15":"purchasable","16":"product-type-simple"},"yoast_head":"<!-- This site is optimized with the Yoast SEO plugin v27.4 - https:\/\/yoast.com\/product\/yoast-seo-wordpress\/ -->\n<title>Urne pour cendres sur le th\u00e8me du tennis de table \u2013 motif ping-pong - Remember Forever<\/title>\n<meta name=\"robots\" content=\"index, follow, max-snippet:-1, max-image-preview:large, max-video-preview:-1\" \/>\n<link rel=\"canonical\" href=\"https:\/\/www.rememberme-forever.com\/fr\/produit\/urne-pour-cendres-sur-le-theme-du-tennis-de-table-motif-ping-pong\/\" \/>\n<meta property=\"og:locale\" content=\"fr_FR\" \/>\n<meta property=\"og:type\" content=\"article\" \/>\n<meta property=\"og:title\" content=\"Urne pour cendres sur le th\u00e8me du tennis de table \u2013 motif ping-pong - Remember Forever\" \/>\n<meta property=\"og:description\" content=\"Cette \u00e9l\u00e9gante urne de cr\u00e9mation associe un design moderne \u00e0 un hommage personnel rendu \u00e0 un v\u00e9ritable passionn\u00e9 de tennis de table. Con\u00e7ue sous la...\" \/>\n<meta property=\"og:url\" content=\"https:\/\/www.rememberme-forever.com\/fr\/produit\/urne-pour-cendres-sur-le-theme-du-tennis-de-table-motif-ping-pong\/\" \/>\n<meta property=\"og:site_name\" content=\"Remember Forever\" \/>\n<meta property=\"article:modified_time\" content=\"2026-03-17T13:41:48+00:00\" \/>\n<meta property=\"og:image\" content=\"http:\/\/www.rememberme-forever.com\/wp-content\/uploads\/2025\/07\/table-tennis-urn_0001.jpg\" \/>\n\t<meta property=\"og:image:width\" content=\"1007\" \/>\n\t<meta property=\"og:image:height\" content=\"1024\" \/>\n\t<meta property=\"og:image:type\" content=\"image\/jpeg\" \/>\n<meta name=\"twitter:card\" content=\"summary_large_image\" \/>\n<meta name=\"twitter:label1\" content=\"Dur\u00e9e de lecture estim\u00e9e\" \/>\n\t<meta name=\"twitter:data1\" content=\"2 minutes\" \/>\n<script type=\"application\/ld+json\" class=\"yoast-schema-graph\">{\"@context\":\"https:\\\/\\\/schema.org\",\"@graph\":[{\"@type\":\"WebPage\",\"@id\":\"https:\\\/\\\/www.rememberme-forever.com\\\/fr\\\/produit\\\/urne-pour-cendres-sur-le-theme-du-tennis-de-table-motif-ping-pong\\\/\",\"url\":\"https:\\\/\\\/www.rememberme-forever.com\\\/fr\\\/produit\\\/urne-pour-cendres-sur-le-theme-du-tennis-de-table-motif-ping-pong\\\/\",\"name\":\"Urne pour cendres sur le th\u00e8me du tennis de table \u2013 motif ping-pong - Remember Forever\",\"isPartOf\":{\"@id\":\"https:\\\/\\\/www.rememberme-forever.com\\\/fr\\\/#website\"},\"primaryImageOfPage\":{\"@id\":\"https:\\\/\\\/www.rememberme-forever.com\\\/fr\\\/produit\\\/urne-pour-cendres-sur-le-theme-du-tennis-de-table-motif-ping-pong\\\/#primaryimage\"},\"image\":{\"@id\":\"https:\\\/\\\/www.rememberme-forever.com\\\/fr\\\/produit\\\/urne-pour-cendres-sur-le-theme-du-tennis-de-table-motif-ping-pong\\\/#primaryimage\"},\"thumbnailUrl\":\"https:\\\/\\\/www.rememberme-forever.com\\\/wp-content\\\/uploads\\\/2025\\\/07\\\/table-tennis-urn_0001.jpg\",\"datePublished\":\"2025-07-11T09:16:12+00:00\",\"dateModified\":\"2026-03-17T13:41:48+00:00\",\"breadcrumb\":{\"@id\":\"https:\\\/\\\/www.rememberme-forever.com\\\/fr\\\/produit\\\/urne-pour-cendres-sur-le-theme-du-tennis-de-table-motif-ping-pong\\\/#breadcrumb\"},\"inLanguage\":\"fr-FR\",\"potentialAction\":[{\"@type\":\"ReadAction\",\"target\":[\"https:\\\/\\\/www.rememberme-forever.com\\\/fr\\\/produit\\\/urne-pour-cendres-sur-le-theme-du-tennis-de-table-motif-ping-pong\\\/\"]}]},{\"@type\":\"ImageObject\",\"inLanguage\":\"fr-FR\",\"@id\":\"https:\\\/\\\/www.rememberme-forever.com\\\/fr\\\/produit\\\/urne-pour-cendres-sur-le-theme-du-tennis-de-table-motif-ping-pong\\\/#primaryimage\",\"url\":\"https:\\\/\\\/www.rememberme-forever.com\\\/wp-content\\\/uploads\\\/2025\\\/07\\\/table-tennis-urn_0001.jpg\",\"contentUrl\":\"https:\\\/\\\/www.rememberme-forever.com\\\/wp-content\\\/uploads\\\/2025\\\/07\\\/table-tennis-urn_0001.jpg\",\"width\":1007,\"height\":1024,\"caption\":\"Urne pour cendres sur le th\u00e8me du tennis de table \u2013 motif ping-pong\"},{\"@type\":\"BreadcrumbList\",\"@id\":\"https:\\\/\\\/www.rememberme-forever.com\\\/fr\\\/produit\\\/urne-pour-cendres-sur-le-theme-du-tennis-de-table-motif-ping-pong\\\/#breadcrumb\",\"itemListElement\":[{\"@type\":\"ListItem\",\"position\":1,\"name\":\"Home\",\"item\":\"https:\\\/\\\/www.rememberme-forever.com\\\/fr\\\/accueil\\\/\"},{\"@type\":\"ListItem\",\"position\":2,\"name\":\"Boutique\",\"item\":\"https:\\\/\\\/www.rememberme-forever.com\\\/fr\\\/boutique\\\/\"},{\"@type\":\"ListItem\",\"position\":3,\"name\":\"Urne pour cendres sur le th\u00e8me du tennis de table \u2013 motif ping-pong\"}]},{\"@type\":\"WebSite\",\"@id\":\"https:\\\/\\\/www.rememberme-forever.com\\\/fr\\\/#website\",\"url\":\"https:\\\/\\\/www.rememberme-forever.com\\\/fr\\\/\",\"name\":\"Remember Forever\",\"description\":\"Cremation urns, funeral urns, urns for ashes\",\"publisher\":{\"@id\":\"https:\\\/\\\/www.rememberme-forever.com\\\/fr\\\/#organization\"},\"potentialAction\":[{\"@type\":\"SearchAction\",\"target\":{\"@type\":\"EntryPoint\",\"urlTemplate\":\"https:\\\/\\\/www.rememberme-forever.com\\\/fr\\\/?s={search_term_string}\"},\"query-input\":{\"@type\":\"PropertyValueSpecification\",\"valueRequired\":true,\"valueName\":\"search_term_string\"}}],\"inLanguage\":\"fr-FR\"},{\"@type\":\"Organization\",\"@id\":\"https:\\\/\\\/www.rememberme-forever.com\\\/fr\\\/#organization\",\"name\":\"Remember Forever\",\"url\":\"https:\\\/\\\/www.rememberme-forever.com\\\/fr\\\/\",\"logo\":{\"@type\":\"ImageObject\",\"inLanguage\":\"fr-FR\",\"@id\":\"https:\\\/\\\/www.rememberme-forever.com\\\/fr\\\/#\\\/schema\\\/logo\\\/image\\\/\",\"url\":\"https:\\\/\\\/www.rememberme-forever.com\\\/wp-content\\\/uploads\\\/2023\\\/02\\\/logo.png\",\"contentUrl\":\"https:\\\/\\\/www.rememberme-forever.com\\\/wp-content\\\/uploads\\\/2023\\\/02\\\/logo.png\",\"width\":300,\"height\":56,\"caption\":\"Remember Forever\"},\"image\":{\"@id\":\"https:\\\/\\\/www.rememberme-forever.com\\\/fr\\\/#\\\/schema\\\/logo\\\/image\\\/\"}}]}<\/script>\n<!-- \/ Yoast SEO plugin. -->","yoast_head_json":{"title":"Urne pour cendres sur le th\u00e8me du tennis de table \u2013 motif ping-pong - Remember Forever","robots":{"index":"index","follow":"follow","max-snippet":"max-snippet:-1","max-image-preview":"max-image-preview:large","max-video-preview":"max-video-preview:-1"},"canonical":"https:\/\/www.rememberme-forever.com\/fr\/produit\/urne-pour-cendres-sur-le-theme-du-tennis-de-table-motif-ping-pong\/","og_locale":"fr_FR","og_type":"article","og_title":"Urne pour cendres sur le th\u00e8me du tennis de table \u2013 motif ping-pong - Remember Forever","og_description":"Cette \u00e9l\u00e9gante urne de cr\u00e9mation associe un design moderne \u00e0 un hommage personnel rendu \u00e0 un v\u00e9ritable passionn\u00e9 de tennis de table. Con\u00e7ue sous la...","og_url":"https:\/\/www.rememberme-forever.com\/fr\/produit\/urne-pour-cendres-sur-le-theme-du-tennis-de-table-motif-ping-pong\/","og_site_name":"Remember Forever","article_modified_time":"2026-03-17T13:41:48+00:00","og_image":[{"width":1007,"height":1024,"url":"http:\/\/www.rememberme-forever.com\/wp-content\/uploads\/2025\/07\/table-tennis-urn_0001.jpg","type":"image\/jpeg"}],"twitter_card":"summary_large_image","twitter_misc":{"Dur\u00e9e de lecture estim\u00e9e":"2 minutes"},"schema":{"@context":"https:\/\/schema.org","@graph":[{"@type":"WebPage","@id":"https:\/\/www.rememberme-forever.com\/fr\/produit\/urne-pour-cendres-sur-le-theme-du-tennis-de-table-motif-ping-pong\/","url":"https:\/\/www.rememberme-forever.com\/fr\/produit\/urne-pour-cendres-sur-le-theme-du-tennis-de-table-motif-ping-pong\/","name":"Urne pour cendres sur le th\u00e8me du tennis de table \u2013 motif ping-pong - Remember Forever","isPartOf":{"@id":"https:\/\/www.rememberme-forever.com\/fr\/#website"},"primaryImageOfPage":{"@id":"https:\/\/www.rememberme-forever.com\/fr\/produit\/urne-pour-cendres-sur-le-theme-du-tennis-de-table-motif-ping-pong\/#primaryimage"},"image":{"@id":"https:\/\/www.rememberme-forever.com\/fr\/produit\/urne-pour-cendres-sur-le-theme-du-tennis-de-table-motif-ping-pong\/#primaryimage"},"thumbnailUrl":"https:\/\/www.rememberme-forever.com\/wp-content\/uploads\/2025\/07\/table-tennis-urn_0001.jpg","datePublished":"2025-07-11T09:16:12+00:00","dateModified":"2026-03-17T13:41:48+00:00","breadcrumb":{"@id":"https:\/\/www.rememberme-forever.com\/fr\/produit\/urne-pour-cendres-sur-le-theme-du-tennis-de-table-motif-ping-pong\/#breadcrumb"},"inLanguage":"fr-FR","potentialAction":[{"@type":"ReadAction","target":["https:\/\/www.rememberme-forever.com\/fr\/produit\/urne-pour-cendres-sur-le-theme-du-tennis-de-table-motif-ping-pong\/"]}]},{"@type":"ImageObject","inLanguage":"fr-FR","@id":"https:\/\/www.rememberme-forever.com\/fr\/produit\/urne-pour-cendres-sur-le-theme-du-tennis-de-table-motif-ping-pong\/#primaryimage","url":"https:\/\/www.rememberme-forever.com\/wp-content\/uploads\/2025\/07\/table-tennis-urn_0001.jpg","contentUrl":"https:\/\/www.rememberme-forever.com\/wp-content\/uploads\/2025\/07\/table-tennis-urn_0001.jpg","width":1007,"height":1024,"caption":"Urne pour cendres sur le th\u00e8me du tennis de table \u2013 motif ping-pong"},{"@type":"BreadcrumbList","@id":"https:\/\/www.rememberme-forever.com\/fr\/produit\/urne-pour-cendres-sur-le-theme-du-tennis-de-table-motif-ping-pong\/#breadcrumb","itemListElement":[{"@type":"ListItem","position":1,"name":"Home","item":"https:\/\/www.rememberme-forever.com\/fr\/accueil\/"},{"@type":"ListItem","position":2,"name":"Boutique","item":"https:\/\/www.rememberme-forever.com\/fr\/boutique\/"},{"@type":"ListItem","position":3,"name":"Urne pour cendres sur le th\u00e8me du tennis de table \u2013 motif ping-pong"}]},{"@type":"WebSite","@id":"https:\/\/www.rememberme-forever.com\/fr\/#website","url":"https:\/\/www.rememberme-forever.com\/fr\/","name":"Remember Forever","description":"Cremation urns, funeral urns, urns for ashes","publisher":{"@id":"https:\/\/www.rememberme-forever.com\/fr\/#organization"},"potentialAction":[{"@type":"SearchAction","target":{"@type":"EntryPoint","urlTemplate":"https:\/\/www.rememberme-forever.com\/fr\/?s={search_term_string}"},"query-input":{"@type":"PropertyValueSpecification","valueRequired":true,"valueName":"search_term_string"}}],"inLanguage":"fr-FR"},{"@type":"Organization","@id":"https:\/\/www.rememberme-forever.com\/fr\/#organization","name":"Remember Forever","url":"https:\/\/www.rememberme-forever.com\/fr\/","logo":{"@type":"ImageObject","inLanguage":"fr-FR","@id":"https:\/\/www.rememberme-forever.com\/fr\/#\/schema\/logo\/image\/","url":"https:\/\/www.rememberme-forever.com\/wp-content\/uploads\/2023\/02\/logo.png","contentUrl":"https:\/\/www.rememberme-forever.com\/wp-content\/uploads\/2023\/02\/logo.png","width":300,"height":56,"caption":"Remember Forever"},"image":{"@id":"https:\/\/www.rememberme-forever.com\/fr\/#\/schema\/logo\/image\/"}}]}},"acf":[],"_links":{"self":[{"href":"https:\/\/www.rememberme-forever.com\/fr\/wp-json\/wp\/v2\/product\/28445","targetHints":{"allow":["GET"]}}],"collection":[{"href":"https:\/\/www.rememberme-forever.com\/fr\/wp-json\/wp\/v2\/product"}],"about":[{"href":"https:\/\/www.rememberme-forever.com\/fr\/wp-json\/wp\/v2\/types\/product"}],"wp:featuredmedia":[{"embeddable":true,"href":"https:\/\/www.rememberme-forever.com\/fr\/wp-json\/wp\/v2\/media\/24520"}],"wp:attachment":[{"href":"https:\/\/www.rememberme-forever.com\/fr\/wp-json\/wp\/v2\/media?parent=28445"}],"wp:term":[{"taxonomy":"product_brand","embeddable":true,"href":"https:\/\/www.rememberme-forever.com\/fr\/wp-json\/wp\/v2\/product_brand?post=28445"},{"taxonomy":"product_cat","embeddable":true,"href":"https:\/\/www.rememberme-forever.com\/fr\/wp-json\/wp\/v2\/product_cat?post=28445"},{"taxonomy":"product_tag","embeddable":true,"href":"https:\/\/www.rememberme-forever.com\/fr\/wp-json\/wp\/v2\/product_tag?post=28445"}],"curies":[{"name":"wp","href":"https:\/\/api.w.org\/{rel}","templated":true}]}}