{"id":28907,"date":"2026-04-10T13:08:27","date_gmt":"2026-04-10T11:08:27","guid":{"rendered":"https:\/\/www.rememberme-forever.com\/product\/urne-funeraire-en-bois-avec-paysage-de-montagne\/"},"modified":"2026-04-10T13:40:19","modified_gmt":"2026-04-10T11:40:19","slug":"urne-funeraire-en-bois-avec-paysage-de-montagne","status":"publish","type":"product","link":"https:\/\/www.rememberme-forever.com\/fr\/produit\/urne-funeraire-en-bois-avec-paysage-de-montagne\/","title":{"rendered":"Urne fun\u00e9raire en bois avec paysage de montagne"},"content":{"rendered":"<p style=\"text-align: center;\" data-start=\"244\" data-end=\"416\"><span style=\"color: #000000;\">Honorez la m\u00e9moire d\u2019un \u00eatre cher avec cette <strong data-start=\"286\" data-end=\"329\">urne fun\u00e9raire en bois artisanale unique<\/strong>, con\u00e7ue sp\u00e9cialement pour ceux qui ch\u00e9rissaient la beaut\u00e9 et la s\u00e9r\u00e9nit\u00e9 des montagnes.<\/span><\/p>\n<p style=\"text-align: center;\" data-start=\"418\" data-end=\"647\"><span style=\"color: #000000;\">Fabriqu\u00e9e en <strong data-start=\"441\" data-end=\"461\">bois de h\u00eatre massif<\/strong> de haute qualit\u00e9, cette urne allie durabilit\u00e9 et \u00e9l\u00e9gance intemporelle. Le couvercle pr\u00e9sente un <strong data-start=\"548\" data-end=\"589\">paysage de montagne \u00e0 couper le souffle avec des vall\u00e9es brumeuses<\/strong>, symbolisant la paix, l\u2019\u00e9ternit\u00e9 et un lien avec la nature. <\/span><\/p>\n<p style=\"text-align: center;\" data-start=\"649\" data-end=\"782\"><span style=\"color: #000000;\">Cette urne n\u2019est pas seulement un lieu de repos, mais aussi un hommage significatif \u2014 parfaite pour quelqu\u2019un qui aimait la randonn\u00e9e, la nature ou les vues sur la montagne.<\/span><\/p>\n<div style=\"width: 100%; margin-bottom: 40px; height: max-content; padding-bottom: 60%; position: relative;\"><iframe style=\"position: absolute; top: 0; left: 0; width: 100%; height: 100%;\" src=\"https:\/\/rememberme-urns.com\/wooden-cremation-urn-with-the-mountains\/\" frameborder=\"0\"><\/iframe><\/div>\n<div style=\"color: red; text-align: center; margin-bottom: 25px;\">\n<p>&gt;&gt; Rotation de la photo &#8211; appuyer\/zoomer &lt;&lt;<\/p>\n<\/div>\n<h3 style=\"text-align: center;\" data-section-id=\"1tha74y\" data-start=\"784\" data-end=\"804\"><span style=\"color: #000000;\">Caract\u00e9ristiques principales :<\/span><\/h3>\n<ul data-start=\"805\" data-end=\"1150\">\n<li style=\"text-align: center;\" data-section-id=\"91r4x3\" data-start=\"805\" data-end=\"873\"><span style=\"color: #000000;\"><strong data-start=\"807\" data-end=\"842\">Construction en bois de h\u00eatre de premi\u00e8re qualit\u00e9<\/strong> \u2013 solide, durable et naturel<br \/>\n<\/span><\/li>\n<li style=\"text-align: center;\" data-section-id=\"16gmwlh\" data-start=\"874\" data-end=\"955\"><span style=\"color: #000000;\"><strong data-start=\"876\" data-end=\"904\">Superbe design de montagne<\/strong> \u2013 couvercle imprim\u00e9 de haute qualit\u00e9 avec un paysage serein<br \/>\n<\/span><\/li>\n<li style=\"text-align: center;\" data-section-id=\"fk6ysw\" data-start=\"956\" data-end=\"1006\"><span style=\"color: #000000;\"><strong data-start=\"958\" data-end=\"983\">Ouverture par le bas<\/strong> \u2013 s\u00e9curis\u00e9e et pratique<br \/>\n<\/span><\/li>\n<li style=\"text-align: center;\" data-section-id=\"lhyclt\" data-start=\"1007\" data-end=\"1059\"><span style=\"color: #000000;\"><strong data-start=\"1009\" data-end=\"1031\">Ferm\u00e9e par des vis<\/strong> \u2013 \u00e9tanch\u00e9it\u00e9 s\u00fbre et fiable<br \/>\n<\/span><\/li>\n<li style=\"text-align: center;\" data-section-id=\"1xxyr8\" data-start=\"1060\" data-end=\"1107\"><span style=\"color: #000000;\"><strong data-start=\"1062\" data-end=\"1084\">Finition artisanale<\/strong> \u2013 chaque pi\u00e8ce est unique<br \/>\n<\/span><\/li>\n<li style=\"text-align: center;\" data-section-id=\"1w5r7c1\" data-start=\"1108\" data-end=\"1150\"><span style=\"color: #000000;\"><strong data-start=\"1110\" data-end=\"1137\">Plaque comm\u00e9morative \u00e9l\u00e9gante<\/strong> sur le devant<br \/>\n<\/span><\/li>\n<\/ul>\n<h3 style=\"text-align: center;\" data-section-id=\"mat7vt\" data-start=\"1152\" data-end=\"1169\"><span style=\"color: #000000;\">Symbolisme :<\/span><\/h3>\n<p style=\"text-align: center;\" data-start=\"1170\" data-end=\"1293\"><span style=\"color: #000000;\">Le motif de montagne repr\u00e9sente la <strong data-start=\"1200\" data-end=\"1247\">force, l\u2019\u00e9ternit\u00e9 et l\u2019\u00e9l\u00e9vation spirituelle<\/strong>, faisant de cette urne un hommage profond\u00e9ment significatif.<\/span><\/p>\n<p style=\"text-align: center;\" data-start=\"1295\" data-end=\"1307\"><strong><span style=\"color: #000000;\">Parfait pour :<\/span><\/strong><\/p>\n<ul data-start=\"1308\" data-end=\"1426\">\n<li style=\"text-align: center;\" data-section-id=\"10jrsw\" data-start=\"1308\" data-end=\"1325\"><span style=\"color: #000000;\">Les amoureux de la nature<\/span><\/li>\n<li style=\"text-align: center;\" data-section-id=\"10jrsw\" data-start=\"1308\" data-end=\"1325\"><span style=\"color: #000000;\">Les passionn\u00e9s de montagne<\/span><\/li>\n<li style=\"text-align: center;\" data-section-id=\"10jrsw\" data-start=\"1308\" data-end=\"1325\"><span style=\"color: #000000;\">Les aventuriers de plein air<\/span><\/li>\n<li style=\"text-align: center;\" data-section-id=\"10jrsw\" data-start=\"1308\" data-end=\"1325\"><span style=\"color: #000000;\">Les familles recherchant un m\u00e9morial unique et personnel<\/span><\/li>\n<\/ul>\n<p>&nbsp;<\/p>\n<p style=\"text-align: center;\"><strong><span style=\"font-size: 16px; color: #000000; font-family: Arial;\">\u25ba PERSONNALISATION \u25c4<\/span><\/strong><\/p>\n<p style=\"text-align: center;\"><span style=\"font-size: 16px; color: #000000; font-family: Arial;\">\u2714\ufe0f Saisissez le texte \u00e0 l\u2019endroit appropri\u00e9 ou envoyez-nous un message.<\/span><\/p>\n<p style=\"text-align: center;\"><span style=\"font-size: 16px; color: #000000; font-family: Arial;\">\u2714\ufe0f La plaque comm\u00e9morative personnalis\u00e9e doit \u00eatre configur\u00e9e lors du processus de commande.<\/span><\/p>\n<p style=\"text-align: center;\"><span style=\"font-size: 16px; color: #000000;\"><span style=\"font-family: Arial;\">\u2714\ufe0f<\/span><\/span><span style=\"font-size: 16px; color: #000000;\"><b>La plaque comm\u00e9morative est gratuite.<\/b> Si vous ne fournissez pas de texte de gravure, vous recevrez une plaque vierge.<\/span><\/p>\n<p style=\"text-align: center;\">\n<p style=\"text-align: center;\"><b><span style=\"font-size: 16px; color: #000000; font-family: Arial;\">Les limites de texte sont les suivantes :<\/span><\/b><\/p>\n<p style=\"text-align: center;\"><span style=\"font-size: 16px; color: #000000; font-family: Arial;\">Nom(s) jusqu&rsquo;\u00e0 24 caract\u00e8res<\/span><\/p>\n<p style=\"text-align: center;\"><span style=\"font-size: 16px; color: #000000; font-family: Arial;\">Dates de naissance et de d\u00e9c\u00e8s jusqu&rsquo;\u00e0 24 caract\u00e8res<\/span><\/p>\n<p style=\"text-align: center;\"><span style=\"font-size: 16px; color: #000000; font-family: Arial;\">Troisi\u00e8me ligne jusqu&rsquo;\u00e0 24 caract\u00e8res<\/span><\/p>\n<p style=\"text-align: center;\"><span style=\"font-size: 16px; color: #000000; font-family: Arial;\">Quatri\u00e8me ligne jusqu&rsquo;\u00e0 24 caract\u00e8res<\/span><\/p>\n<p style=\"text-align: center;\"><span style=\"font-size: 16px; color: #000000; font-family: Arial;\">Cinqui\u00e8me ligne : 24 caract\u00e8res maximum<\/span><\/p>\n<div style=\"text-align: center;\"><\/div>\n<p style=\"text-align: center;\"><span style=\"font-size: 16px; color: #000000; font-family: Arial;\">\u2714\ufe0f Veuillez <strong>V\u00c9RIFIER<\/strong> le texte de gravure avant d&rsquo;ajouter le produit \u00e0 votre panier. Nous reproduisons et gravons exactement les informations re\u00e7ues lors de la commande et n&rsquo;y apportons aucune modification. <\/span><\/p>\n<p style=\"text-align: center;\"><span style=\"font-size: 16px; color: #000000; font-family: Arial;\">\u2714\ufe0f V\u00e9rifiez l&rsquo;orthographe du texte.<\/span><\/p>\n<p style=\"text-align: center;\">\n","protected":false},"excerpt":{"rendered":"<p>Honorez la m\u00e9moire d\u2019un \u00eatre cher avec cette urne fun\u00e9raire en bois artisanale unique, con\u00e7ue sp\u00e9cialement pour ceux qui ch\u00e9rissaient la beaut\u00e9 et la s\u00e9r\u00e9nit\u00e9&#8230;<\/p>\n","protected":false},"featured_media":28867,"template":"","meta":{"_acf_changed":false},"product_brand":[],"product_cat":[2420,2419],"product_tag":[3304],"class_list":{"0":"post-28907","1":"product","2":"type-product","3":"status-publish","4":"has-post-thumbnail","6":"product_cat-toutes-les-autres-urnes","7":"product_cat-urnes-a-theme","8":"product_tag-gpsr-all-wood-urns","9":"product_shipping_class-2-4kg-fr","11":"first","12":"instock","13":"taxable","14":"shipping-taxable","15":"purchasable","16":"product-type-simple"},"yoast_head":"<!-- This site is optimized with the Yoast SEO plugin v27.4 - https:\/\/yoast.com\/product\/yoast-seo-wordpress\/ -->\n<title>Urne fun\u00e9raire en bois avec paysage de montagne - Remember Forever<\/title>\n<meta name=\"robots\" content=\"index, follow, max-snippet:-1, max-image-preview:large, max-video-preview:-1\" \/>\n<link rel=\"canonical\" href=\"https:\/\/www.rememberme-forever.com\/fr\/produit\/urne-funeraire-en-bois-avec-paysage-de-montagne\/\" \/>\n<meta property=\"og:locale\" content=\"fr_FR\" \/>\n<meta property=\"og:type\" content=\"article\" \/>\n<meta property=\"og:title\" content=\"Urne fun\u00e9raire en bois avec paysage de montagne - Remember Forever\" \/>\n<meta property=\"og:description\" content=\"Honorez la m\u00e9moire d\u2019un \u00eatre cher avec cette urne fun\u00e9raire en bois artisanale unique, con\u00e7ue sp\u00e9cialement pour ceux qui ch\u00e9rissaient la beaut\u00e9 et la s\u00e9r\u00e9nit\u00e9...\" \/>\n<meta property=\"og:url\" content=\"https:\/\/www.rememberme-forever.com\/fr\/produit\/urne-funeraire-en-bois-avec-paysage-de-montagne\/\" \/>\n<meta property=\"og:site_name\" content=\"Remember Forever\" \/>\n<meta property=\"article:modified_time\" content=\"2026-04-10T11:40:19+00:00\" \/>\n<meta property=\"og:image\" content=\"http:\/\/www.rememberme-forever.com\/wp-content\/uploads\/2026\/04\/wooden-urn-with-mountains-theme-007.jpg\" \/>\n\t<meta property=\"og:image:width\" content=\"1007\" \/>\n\t<meta property=\"og:image:height\" content=\"1024\" \/>\n\t<meta property=\"og:image:type\" content=\"image\/jpeg\" \/>\n<meta name=\"twitter:card\" content=\"summary_large_image\" \/>\n<meta name=\"twitter:label1\" content=\"Dur\u00e9e de lecture estim\u00e9e\" \/>\n\t<meta name=\"twitter:data1\" content=\"2 minutes\" \/>\n<script type=\"application\/ld+json\" class=\"yoast-schema-graph\">{\"@context\":\"https:\\\/\\\/schema.org\",\"@graph\":[{\"@type\":\"WebPage\",\"@id\":\"https:\\\/\\\/www.rememberme-forever.com\\\/fr\\\/produit\\\/urne-funeraire-en-bois-avec-paysage-de-montagne\\\/\",\"url\":\"https:\\\/\\\/www.rememberme-forever.com\\\/fr\\\/produit\\\/urne-funeraire-en-bois-avec-paysage-de-montagne\\\/\",\"name\":\"Urne fun\u00e9raire en bois avec paysage de montagne - Remember Forever\",\"isPartOf\":{\"@id\":\"https:\\\/\\\/www.rememberme-forever.com\\\/fr\\\/#website\"},\"primaryImageOfPage\":{\"@id\":\"https:\\\/\\\/www.rememberme-forever.com\\\/fr\\\/produit\\\/urne-funeraire-en-bois-avec-paysage-de-montagne\\\/#primaryimage\"},\"image\":{\"@id\":\"https:\\\/\\\/www.rememberme-forever.com\\\/fr\\\/produit\\\/urne-funeraire-en-bois-avec-paysage-de-montagne\\\/#primaryimage\"},\"thumbnailUrl\":\"https:\\\/\\\/www.rememberme-forever.com\\\/wp-content\\\/uploads\\\/2026\\\/04\\\/wooden-urn-with-mountains-theme-007.jpg\",\"datePublished\":\"2026-04-10T11:08:27+00:00\",\"dateModified\":\"2026-04-10T11:40:19+00:00\",\"breadcrumb\":{\"@id\":\"https:\\\/\\\/www.rememberme-forever.com\\\/fr\\\/produit\\\/urne-funeraire-en-bois-avec-paysage-de-montagne\\\/#breadcrumb\"},\"inLanguage\":\"fr-FR\",\"potentialAction\":[{\"@type\":\"ReadAction\",\"target\":[\"https:\\\/\\\/www.rememberme-forever.com\\\/fr\\\/produit\\\/urne-funeraire-en-bois-avec-paysage-de-montagne\\\/\"]}]},{\"@type\":\"ImageObject\",\"inLanguage\":\"fr-FR\",\"@id\":\"https:\\\/\\\/www.rememberme-forever.com\\\/fr\\\/produit\\\/urne-funeraire-en-bois-avec-paysage-de-montagne\\\/#primaryimage\",\"url\":\"https:\\\/\\\/www.rememberme-forever.com\\\/wp-content\\\/uploads\\\/2026\\\/04\\\/wooden-urn-with-mountains-theme-007.jpg\",\"contentUrl\":\"https:\\\/\\\/www.rememberme-forever.com\\\/wp-content\\\/uploads\\\/2026\\\/04\\\/wooden-urn-with-mountains-theme-007.jpg\",\"width\":1007,\"height\":1024,\"caption\":\"Urne fun\u00e9raire en bois avec couvercle paysage de montagne vue en angle bois de h\u00eatre urne comm\u00e9morative\"},{\"@type\":\"BreadcrumbList\",\"@id\":\"https:\\\/\\\/www.rememberme-forever.com\\\/fr\\\/produit\\\/urne-funeraire-en-bois-avec-paysage-de-montagne\\\/#breadcrumb\",\"itemListElement\":[{\"@type\":\"ListItem\",\"position\":1,\"name\":\"Home\",\"item\":\"https:\\\/\\\/www.rememberme-forever.com\\\/fr\\\/accueil\\\/\"},{\"@type\":\"ListItem\",\"position\":2,\"name\":\"Boutique\",\"item\":\"https:\\\/\\\/www.rememberme-forever.com\\\/fr\\\/boutique\\\/\"},{\"@type\":\"ListItem\",\"position\":3,\"name\":\"Urne fun\u00e9raire en bois avec paysage de montagne\"}]},{\"@type\":\"WebSite\",\"@id\":\"https:\\\/\\\/www.rememberme-forever.com\\\/fr\\\/#website\",\"url\":\"https:\\\/\\\/www.rememberme-forever.com\\\/fr\\\/\",\"name\":\"Remember Forever\",\"description\":\"Cremation urns, funeral urns, urns for ashes\",\"publisher\":{\"@id\":\"https:\\\/\\\/www.rememberme-forever.com\\\/fr\\\/#organization\"},\"potentialAction\":[{\"@type\":\"SearchAction\",\"target\":{\"@type\":\"EntryPoint\",\"urlTemplate\":\"https:\\\/\\\/www.rememberme-forever.com\\\/fr\\\/?s={search_term_string}\"},\"query-input\":{\"@type\":\"PropertyValueSpecification\",\"valueRequired\":true,\"valueName\":\"search_term_string\"}}],\"inLanguage\":\"fr-FR\"},{\"@type\":\"Organization\",\"@id\":\"https:\\\/\\\/www.rememberme-forever.com\\\/fr\\\/#organization\",\"name\":\"Remember Forever\",\"url\":\"https:\\\/\\\/www.rememberme-forever.com\\\/fr\\\/\",\"logo\":{\"@type\":\"ImageObject\",\"inLanguage\":\"fr-FR\",\"@id\":\"https:\\\/\\\/www.rememberme-forever.com\\\/fr\\\/#\\\/schema\\\/logo\\\/image\\\/\",\"url\":\"https:\\\/\\\/www.rememberme-forever.com\\\/wp-content\\\/uploads\\\/2023\\\/02\\\/logo.png\",\"contentUrl\":\"https:\\\/\\\/www.rememberme-forever.com\\\/wp-content\\\/uploads\\\/2023\\\/02\\\/logo.png\",\"width\":300,\"height\":56,\"caption\":\"Remember Forever\"},\"image\":{\"@id\":\"https:\\\/\\\/www.rememberme-forever.com\\\/fr\\\/#\\\/schema\\\/logo\\\/image\\\/\"}}]}<\/script>\n<!-- \/ Yoast SEO plugin. -->","yoast_head_json":{"title":"Urne fun\u00e9raire en bois avec paysage de montagne - Remember Forever","robots":{"index":"index","follow":"follow","max-snippet":"max-snippet:-1","max-image-preview":"max-image-preview:large","max-video-preview":"max-video-preview:-1"},"canonical":"https:\/\/www.rememberme-forever.com\/fr\/produit\/urne-funeraire-en-bois-avec-paysage-de-montagne\/","og_locale":"fr_FR","og_type":"article","og_title":"Urne fun\u00e9raire en bois avec paysage de montagne - Remember Forever","og_description":"Honorez la m\u00e9moire d\u2019un \u00eatre cher avec cette urne fun\u00e9raire en bois artisanale unique, con\u00e7ue sp\u00e9cialement pour ceux qui ch\u00e9rissaient la beaut\u00e9 et la s\u00e9r\u00e9nit\u00e9...","og_url":"https:\/\/www.rememberme-forever.com\/fr\/produit\/urne-funeraire-en-bois-avec-paysage-de-montagne\/","og_site_name":"Remember Forever","article_modified_time":"2026-04-10T11:40:19+00:00","og_image":[{"width":1007,"height":1024,"url":"http:\/\/www.rememberme-forever.com\/wp-content\/uploads\/2026\/04\/wooden-urn-with-mountains-theme-007.jpg","type":"image\/jpeg"}],"twitter_card":"summary_large_image","twitter_misc":{"Dur\u00e9e de lecture estim\u00e9e":"2 minutes"},"schema":{"@context":"https:\/\/schema.org","@graph":[{"@type":"WebPage","@id":"https:\/\/www.rememberme-forever.com\/fr\/produit\/urne-funeraire-en-bois-avec-paysage-de-montagne\/","url":"https:\/\/www.rememberme-forever.com\/fr\/produit\/urne-funeraire-en-bois-avec-paysage-de-montagne\/","name":"Urne fun\u00e9raire en bois avec paysage de montagne - Remember Forever","isPartOf":{"@id":"https:\/\/www.rememberme-forever.com\/fr\/#website"},"primaryImageOfPage":{"@id":"https:\/\/www.rememberme-forever.com\/fr\/produit\/urne-funeraire-en-bois-avec-paysage-de-montagne\/#primaryimage"},"image":{"@id":"https:\/\/www.rememberme-forever.com\/fr\/produit\/urne-funeraire-en-bois-avec-paysage-de-montagne\/#primaryimage"},"thumbnailUrl":"https:\/\/www.rememberme-forever.com\/wp-content\/uploads\/2026\/04\/wooden-urn-with-mountains-theme-007.jpg","datePublished":"2026-04-10T11:08:27+00:00","dateModified":"2026-04-10T11:40:19+00:00","breadcrumb":{"@id":"https:\/\/www.rememberme-forever.com\/fr\/produit\/urne-funeraire-en-bois-avec-paysage-de-montagne\/#breadcrumb"},"inLanguage":"fr-FR","potentialAction":[{"@type":"ReadAction","target":["https:\/\/www.rememberme-forever.com\/fr\/produit\/urne-funeraire-en-bois-avec-paysage-de-montagne\/"]}]},{"@type":"ImageObject","inLanguage":"fr-FR","@id":"https:\/\/www.rememberme-forever.com\/fr\/produit\/urne-funeraire-en-bois-avec-paysage-de-montagne\/#primaryimage","url":"https:\/\/www.rememberme-forever.com\/wp-content\/uploads\/2026\/04\/wooden-urn-with-mountains-theme-007.jpg","contentUrl":"https:\/\/www.rememberme-forever.com\/wp-content\/uploads\/2026\/04\/wooden-urn-with-mountains-theme-007.jpg","width":1007,"height":1024,"caption":"Urne fun\u00e9raire en bois avec couvercle paysage de montagne vue en angle bois de h\u00eatre urne comm\u00e9morative"},{"@type":"BreadcrumbList","@id":"https:\/\/www.rememberme-forever.com\/fr\/produit\/urne-funeraire-en-bois-avec-paysage-de-montagne\/#breadcrumb","itemListElement":[{"@type":"ListItem","position":1,"name":"Home","item":"https:\/\/www.rememberme-forever.com\/fr\/accueil\/"},{"@type":"ListItem","position":2,"name":"Boutique","item":"https:\/\/www.rememberme-forever.com\/fr\/boutique\/"},{"@type":"ListItem","position":3,"name":"Urne fun\u00e9raire en bois avec paysage de montagne"}]},{"@type":"WebSite","@id":"https:\/\/www.rememberme-forever.com\/fr\/#website","url":"https:\/\/www.rememberme-forever.com\/fr\/","name":"Remember Forever","description":"Cremation urns, funeral urns, urns for ashes","publisher":{"@id":"https:\/\/www.rememberme-forever.com\/fr\/#organization"},"potentialAction":[{"@type":"SearchAction","target":{"@type":"EntryPoint","urlTemplate":"https:\/\/www.rememberme-forever.com\/fr\/?s={search_term_string}"},"query-input":{"@type":"PropertyValueSpecification","valueRequired":true,"valueName":"search_term_string"}}],"inLanguage":"fr-FR"},{"@type":"Organization","@id":"https:\/\/www.rememberme-forever.com\/fr\/#organization","name":"Remember Forever","url":"https:\/\/www.rememberme-forever.com\/fr\/","logo":{"@type":"ImageObject","inLanguage":"fr-FR","@id":"https:\/\/www.rememberme-forever.com\/fr\/#\/schema\/logo\/image\/","url":"https:\/\/www.rememberme-forever.com\/wp-content\/uploads\/2023\/02\/logo.png","contentUrl":"https:\/\/www.rememberme-forever.com\/wp-content\/uploads\/2023\/02\/logo.png","width":300,"height":56,"caption":"Remember Forever"},"image":{"@id":"https:\/\/www.rememberme-forever.com\/fr\/#\/schema\/logo\/image\/"}}]}},"acf":[],"_links":{"self":[{"href":"https:\/\/www.rememberme-forever.com\/fr\/wp-json\/wp\/v2\/product\/28907","targetHints":{"allow":["GET"]}}],"collection":[{"href":"https:\/\/www.rememberme-forever.com\/fr\/wp-json\/wp\/v2\/product"}],"about":[{"href":"https:\/\/www.rememberme-forever.com\/fr\/wp-json\/wp\/v2\/types\/product"}],"wp:featuredmedia":[{"embeddable":true,"href":"https:\/\/www.rememberme-forever.com\/fr\/wp-json\/wp\/v2\/media\/28867"}],"wp:attachment":[{"href":"https:\/\/www.rememberme-forever.com\/fr\/wp-json\/wp\/v2\/media?parent=28907"}],"wp:term":[{"taxonomy":"product_brand","embeddable":true,"href":"https:\/\/www.rememberme-forever.com\/fr\/wp-json\/wp\/v2\/product_brand?post=28907"},{"taxonomy":"product_cat","embeddable":true,"href":"https:\/\/www.rememberme-forever.com\/fr\/wp-json\/wp\/v2\/product_cat?post=28907"},{"taxonomy":"product_tag","embeddable":true,"href":"https:\/\/www.rememberme-forever.com\/fr\/wp-json\/wp\/v2\/product_tag?post=28907"}],"curies":[{"name":"wp","href":"https:\/\/api.w.org\/{rel}","templated":true}]}}