{"id":29239,"date":"2026-04-21T13:02:51","date_gmt":"2026-04-21T11:02:51","guid":{"rendered":"https:\/\/www.rememberme-forever.com\/product\/urne-funeraire-en-bois-soldat-americain-urne-de-cremation-militaire-commemorative\/"},"modified":"2026-04-21T14:32:32","modified_gmt":"2026-04-21T12:32:32","slug":"urne-funeraire-en-bois-soldat-americain-urne-de-cremation-militaire-commemorative","status":"publish","type":"product","link":"https:\/\/www.rememberme-forever.com\/fr\/produit\/urne-funeraire-en-bois-soldat-americain-urne-de-cremation-militaire-commemorative\/","title":{"rendered":"Urne fun\u00e9raire en bois Soldat am\u00e9ricain \u2013 Urne de cr\u00e9mation militaire comm\u00e9morative"},"content":{"rendered":"<div class=\"flex flex-col text-sm pb-25\">\n<section>\n<div class=\"text-base my-auto mx-auto pb-10 [--thread-content-margin:var(--thread-content-margin-xs,calc(var(--spacing)*4))] @w-sm\/main:[--thread-content-margin:var(--thread-content-margin-sm,calc(var(--spacing)*6))] @w-lg\/main:[--thread-content-margin:var(--thread-content-margin-lg,calc(var(--spacing)*16))] px-(--thread-content-margin)\">\n<div class=\"[--thread-content-max-width:40rem] @w-lg\/main:[--thread-content-max-width:48rem] mx-auto max-w-(--thread-content-max-width) flex-1 group\/turn-messages focus-visible:outline-hidden relative flex w-full min-w-0 flex-col agent-turn\">\n<div class=\"flex max-w-full flex-col gap-4 grow\">\n<div class=\"min-h-8 text-message relative flex w-full flex-col items-end gap-2 text-start break-words whitespace-normal outline-none keyboard-focused:focus-ring [.text-message+&amp;]:mt-1\" dir=\"auto\" data-message-author-role=\"assistant\" data-message-id=\"2debcfc3-3a70-4919-9943-4b25aaf8f7f3\" data-message-model-slug=\"gpt-5-3\" data-turn-start-message=\"true\">\n<div class=\"flex w-full flex-col gap-1 empty:hidden\">\n<div class=\"markdown prose dark:prose-invert w-full wrap-break-word dark markdown-new-styling\">\n<p style=\"text-align: center;\" data-start=\"528\" data-end=\"864\"><span style=\"color: #000000;\">Rendez hommage \u00e0 une vie de courage, d&rsquo;honneur et de service avec une <strong data-start=\"608\" data-end=\"642\">urne fun\u00e9raire Soldat am\u00e9ricain<\/strong> magnifiquement con\u00e7ue. Cr\u00e9\u00e9e comme un m\u00e9morial significatif pour les v\u00e9t\u00e9rans et les militaires en service actif, le design pr\u00e9sente l&rsquo;image saisissante d&rsquo;un soldat saluant devant le drapeau am\u00e9ricain, symbolisant la loyaut\u00e9, le sacrifice et un profond patriotisme. <\/span><\/p>\n<p style=\"text-align: center;\" data-start=\"866\" data-end=\"1170\"><span style=\"color: #000000;\">Fabriqu\u00e9e avec expertise \u00e0 partir de bois de qualit\u00e9 sup\u00e9rieure, cette pi\u00e8ce allie durabilit\u00e9 et \u00e9l\u00e9gance intemporelle. La finition riche met en valeur la beaut\u00e9 naturelle du mat\u00e9riau, tandis que l&rsquo;illustration d\u00e9taill\u00e9e cr\u00e9e un point focal puissant et \u00e9mouvant, en faisant un hommage digne de ceux qui ont servi leur pays avec fiert\u00e9. <\/span><\/p>\n<p style=\"text-align: center;\" data-start=\"1172\" data-end=\"1463\"><span style=\"color: #000000;\">Une <strong data-start=\"1174\" data-end=\"1207\">urne de cr\u00e9mation \u00e0 th\u00e8me militaire<\/strong> comme celle-ci est id\u00e9ale pour honorer les membres de l&rsquo;Arm\u00e9e de terre, de la Marine, de l&rsquo;Arm\u00e9e de l&rsquo;air, des Marines ou des Garde-c\u00f4tes. Qu&rsquo;elle soit expos\u00e9e \u00e0 domicile, utilis\u00e9e lors d&rsquo;une c\u00e9r\u00e9monie comm\u00e9morative ou plac\u00e9e dans un columbarium, elle offre un souvenir respectueux et durable de l&rsquo;h\u00e9ritage d&rsquo;un \u00eatre cher. <\/span><\/p>\n<div style=\"width: 100%; margin-bottom: 40px; height: max-content; padding-bottom: 60%; position: relative;\"><iframe style=\"position: absolute; top: 0; left: 0; width: 100%; height: 100%;\" src=\"https:\/\/rememberme-urns.com\/wu52m-base-wooden-urn\/\" frameborder=\"0\"><\/iframe><\/div>\n<div style=\"color: red; text-align: center; margin-bottom: 25px;\">\n<p>&gt;&gt; Rotation de la photo &#8211; appuyer\/zoomer &lt;&lt;<\/p>\n<\/div>\n<ul data-start=\"1488\" data-end=\"1888\">\n<li style=\"text-align: center;\" data-section-id=\"1lzwkzw\" data-start=\"1488\" data-end=\"1568\"><span style=\"color: #000000;\"><strong data-start=\"1495\" data-end=\"1516\">Design patriotique :<\/strong> Soldat am\u00e9ricain saluant avec le drapeau am\u00e9ricain en arri\u00e8re-plan<br \/>\n<\/span><\/li>\n<li style=\"text-align: center;\" data-section-id=\"5nq5oq\" data-start=\"1569\" data-end=\"1649\"><span style=\"color: #000000;\"><strong data-start=\"1574\" data-end=\"1600\">Fabrication de qualit\u00e9 sup\u00e9rieure :<\/strong> Construction en bois massif avec une finition \u00e9l\u00e9gante<br \/>\n<\/span><\/li>\n<li style=\"text-align: center;\" data-section-id=\"muhf2n\" data-start=\"1650\" data-end=\"1727\"><span style=\"color: #000000;\"><strong data-start=\"1656\" data-end=\"1680\">M\u00e9morial significatif :<\/strong> Honore les v\u00e9t\u00e9rans et les militaires<br \/>\n<\/span><\/li>\n<li style=\"text-align: center;\" data-section-id=\"1akyodl\" data-start=\"1728\" data-end=\"1813\"><span style=\"color: #000000;\"><strong data-start=\"1733\" data-end=\"1755\">Exposition polyvalente :<\/strong> Convient pour le domicile, les services fun\u00e9raires ou les espaces comm\u00e9moratifs<br \/>\n<\/span><\/li>\n<li style=\"text-align: center;\" data-section-id=\"nhthqs\" data-start=\"1814\" data-end=\"1888\"><span style=\"color: #000000;\"><strong data-start=\"1819\" data-end=\"1839\">Hommage durable :<\/strong> Une mani\u00e8re digne de pr\u00e9server des souvenirs pr\u00e9cieux<br \/>\n<\/span><\/li>\n<\/ul>\n<p style=\"text-align: center;\" data-start=\"1890\" data-end=\"2115\" data-is-last-node=\"\" data-is-only-node=\"\"><span style=\"color: #000000;\">Une <strong data-start=\"1892\" data-end=\"1917\">urne comm\u00e9morative militaire<\/strong> repr\u00e9sente plus qu&rsquo;un lieu de repos : elle symbolise la gratitude, le respect et le souvenir. Un choix significatif pour les familles recherchant un hommage patriotique \u00e0 un \u00eatre cher ayant servi avec honneur. <\/span><\/p>\n<\/div>\n<\/div>\n<\/div>\n<\/div>\n<div class=\"z-0 flex min-h-[46px] justify-start\"><\/div>\n<div class=\"mt-3 w-full empty:hidden\">\n<div class=\"text-center\"><\/div>\n<\/div>\n<\/div>\n<\/div>\n<\/section>\n<\/div>\n<p style=\"text-align: center;\"><strong><span style=\"font-size: 16px; color: #000000; font-family: Arial;\">\u25ba PERSONNALISATION \u25c4<\/span><\/strong><\/p>\n<p style=\"text-align: center;\"><span style=\"font-size: 16px; color: #000000; font-family: Arial;\">\u2714\ufe0f Saisissez le texte \u00e0 l\u2019endroit appropri\u00e9 ou envoyez-nous un message.<\/span><\/p>\n<p style=\"text-align: center;\"><span style=\"font-size: 16px; color: #000000; font-family: Arial;\">\u2714\ufe0f La plaque comm\u00e9morative personnalis\u00e9e doit \u00eatre configur\u00e9e lors du processus de commande.<\/span><\/p>\n<p style=\"text-align: center;\"><span style=\"font-size: 16px; color: #000000;\"><span style=\"font-family: Arial;\">\u2714\ufe0f<\/span><\/span><span style=\"font-size: 16px; color: #000000;\"><b>La plaque comm\u00e9morative est gratuite.<\/b> Si vous ne fournissez pas de texte de gravure, vous recevrez une plaque vierge.<\/span><\/p>\n<p style=\"text-align: center;\">\n<p style=\"text-align: center;\"><b><span style=\"font-size: 16px; color: #000000; font-family: Arial;\">Les limites de texte sont les suivantes :<\/span><\/b><\/p>\n<p style=\"text-align: center;\"><span style=\"font-size: 16px; color: #000000; font-family: Arial;\">Nom(s) jusqu&rsquo;\u00e0 24 caract\u00e8res<\/span><\/p>\n<p style=\"text-align: center;\"><span style=\"font-size: 16px; color: #000000; font-family: Arial;\">Dates de naissance et de d\u00e9c\u00e8s jusqu&rsquo;\u00e0 24 caract\u00e8res<\/span><\/p>\n<p style=\"text-align: center;\"><span style=\"font-size: 16px; color: #000000; font-family: Arial;\">Troisi\u00e8me ligne jusqu&rsquo;\u00e0 24 caract\u00e8res<\/span><\/p>\n<p style=\"text-align: center;\"><span style=\"font-size: 16px; color: #000000; font-family: Arial;\">Quatri\u00e8me ligne jusqu&rsquo;\u00e0 24 caract\u00e8res<\/span><\/p>\n<p style=\"text-align: center;\"><span style=\"font-size: 16px; color: #000000; font-family: Arial;\">Cinqui\u00e8me ligne : 24 caract\u00e8res maximum<\/span><\/p>\n<div style=\"text-align: center;\"><\/div>\n<p style=\"text-align: center;\"><span style=\"font-size: 16px; color: #000000; font-family: Arial;\">\u2714\ufe0f Veuillez <strong>V\u00c9RIFIER<\/strong> le texte de gravure avant d&rsquo;ajouter le produit \u00e0 votre panier. Nous reproduisons et gravons exactement les informations re\u00e7ues lors de la commande et n&rsquo;y apportons aucune modification. <\/span><\/p>\n<p style=\"text-align: center;\"><span style=\"font-size: 16px; color: #000000; font-family: Arial;\">\u2714\ufe0f V\u00e9rifiez l&rsquo;orthographe du texte.<\/span><\/p>\n<p style=\"text-align: center;\">\n","protected":false},"excerpt":{"rendered":"<p>Rendez hommage \u00e0 une vie de courage, d&rsquo;honneur et de service avec une urne fun\u00e9raire Soldat am\u00e9ricain magnifiquement con\u00e7ue. Cr\u00e9\u00e9e comme un m\u00e9morial significatif pour&#8230;<\/p>\n","protected":false},"featured_media":29214,"template":"","meta":{"_acf_changed":false},"product_brand":[],"product_cat":[3849,2419],"product_tag":[3304],"class_list":{"0":"post-29239","1":"product","2":"type-product","3":"status-publish","4":"has-post-thumbnail","6":"product_cat-pour-les-soldats","7":"product_cat-urnes-a-theme","8":"product_tag-gpsr-all-wood-urns","9":"product_shipping_class-2-4kg-fr","11":"first","12":"instock","13":"taxable","14":"shipping-taxable","15":"purchasable","16":"product-type-simple"},"yoast_head":"<!-- This site is optimized with the Yoast SEO plugin v27.4 - https:\/\/yoast.com\/product\/yoast-seo-wordpress\/ -->\n<title>Urne fun\u00e9raire en bois Soldat am\u00e9ricain \u2013 Urne de cr\u00e9mation militaire comm\u00e9morative - Remember Forever<\/title>\n<meta name=\"robots\" content=\"index, follow, max-snippet:-1, max-image-preview:large, max-video-preview:-1\" \/>\n<link rel=\"canonical\" href=\"https:\/\/www.rememberme-forever.com\/fr\/produit\/urne-funeraire-en-bois-soldat-americain-urne-de-cremation-militaire-commemorative\/\" \/>\n<meta property=\"og:locale\" content=\"fr_FR\" \/>\n<meta property=\"og:type\" content=\"article\" \/>\n<meta property=\"og:title\" content=\"Urne fun\u00e9raire en bois Soldat am\u00e9ricain \u2013 Urne de cr\u00e9mation militaire comm\u00e9morative - Remember Forever\" \/>\n<meta property=\"og:description\" content=\"Rendez hommage \u00e0 une vie de courage, d&rsquo;honneur et de service avec une urne fun\u00e9raire Soldat am\u00e9ricain magnifiquement con\u00e7ue. Cr\u00e9\u00e9e comme un m\u00e9morial significatif pour...\" \/>\n<meta property=\"og:url\" content=\"https:\/\/www.rememberme-forever.com\/fr\/produit\/urne-funeraire-en-bois-soldat-americain-urne-de-cremation-militaire-commemorative\/\" \/>\n<meta property=\"og:site_name\" content=\"Remember Forever\" \/>\n<meta property=\"article:modified_time\" content=\"2026-04-21T12:32:32+00:00\" \/>\n<meta property=\"og:image\" content=\"http:\/\/www.rememberme-forever.com\/wp-content\/uploads\/2026\/04\/urn-for-an-american-soldier-001.jpg\" \/>\n\t<meta property=\"og:image:width\" content=\"1007\" \/>\n\t<meta property=\"og:image:height\" content=\"1024\" \/>\n\t<meta property=\"og:image:type\" content=\"image\/jpeg\" \/>\n<meta name=\"twitter:card\" content=\"summary_large_image\" \/>\n<meta name=\"twitter:label1\" content=\"Dur\u00e9e de lecture estim\u00e9e\" \/>\n\t<meta name=\"twitter:data1\" content=\"2 minutes\" \/>\n<script type=\"application\/ld+json\" class=\"yoast-schema-graph\">{\"@context\":\"https:\\\/\\\/schema.org\",\"@graph\":[{\"@type\":\"WebPage\",\"@id\":\"https:\\\/\\\/www.rememberme-forever.com\\\/fr\\\/produit\\\/urne-funeraire-en-bois-soldat-americain-urne-de-cremation-militaire-commemorative\\\/\",\"url\":\"https:\\\/\\\/www.rememberme-forever.com\\\/fr\\\/produit\\\/urne-funeraire-en-bois-soldat-americain-urne-de-cremation-militaire-commemorative\\\/\",\"name\":\"Urne fun\u00e9raire en bois Soldat am\u00e9ricain \u2013 Urne de cr\u00e9mation militaire comm\u00e9morative - Remember Forever\",\"isPartOf\":{\"@id\":\"https:\\\/\\\/www.rememberme-forever.com\\\/fr\\\/#website\"},\"primaryImageOfPage\":{\"@id\":\"https:\\\/\\\/www.rememberme-forever.com\\\/fr\\\/produit\\\/urne-funeraire-en-bois-soldat-americain-urne-de-cremation-militaire-commemorative\\\/#primaryimage\"},\"image\":{\"@id\":\"https:\\\/\\\/www.rememberme-forever.com\\\/fr\\\/produit\\\/urne-funeraire-en-bois-soldat-americain-urne-de-cremation-militaire-commemorative\\\/#primaryimage\"},\"thumbnailUrl\":\"https:\\\/\\\/www.rememberme-forever.com\\\/wp-content\\\/uploads\\\/2026\\\/04\\\/urn-for-an-american-soldier-001.jpg\",\"datePublished\":\"2026-04-21T11:02:51+00:00\",\"dateModified\":\"2026-04-21T12:32:32+00:00\",\"breadcrumb\":{\"@id\":\"https:\\\/\\\/www.rememberme-forever.com\\\/fr\\\/produit\\\/urne-funeraire-en-bois-soldat-americain-urne-de-cremation-militaire-commemorative\\\/#breadcrumb\"},\"inLanguage\":\"fr-FR\",\"potentialAction\":[{\"@type\":\"ReadAction\",\"target\":[\"https:\\\/\\\/www.rememberme-forever.com\\\/fr\\\/produit\\\/urne-funeraire-en-bois-soldat-americain-urne-de-cremation-militaire-commemorative\\\/\"]}]},{\"@type\":\"ImageObject\",\"inLanguage\":\"fr-FR\",\"@id\":\"https:\\\/\\\/www.rememberme-forever.com\\\/fr\\\/produit\\\/urne-funeraire-en-bois-soldat-americain-urne-de-cremation-militaire-commemorative\\\/#primaryimage\",\"url\":\"https:\\\/\\\/www.rememberme-forever.com\\\/wp-content\\\/uploads\\\/2026\\\/04\\\/urn-for-an-american-soldier-001.jpg\",\"contentUrl\":\"https:\\\/\\\/www.rememberme-forever.com\\\/wp-content\\\/uploads\\\/2026\\\/04\\\/urn-for-an-american-soldier-001.jpg\",\"width\":1007,\"height\":1024,\"caption\":\"Urne de cr\u00e9mation en bois avec drapeau am\u00e9ricain et design de soldat saluant isol\u00e9e sur fond blanc\"},{\"@type\":\"BreadcrumbList\",\"@id\":\"https:\\\/\\\/www.rememberme-forever.com\\\/fr\\\/produit\\\/urne-funeraire-en-bois-soldat-americain-urne-de-cremation-militaire-commemorative\\\/#breadcrumb\",\"itemListElement\":[{\"@type\":\"ListItem\",\"position\":1,\"name\":\"Home\",\"item\":\"https:\\\/\\\/www.rememberme-forever.com\\\/fr\\\/accueil\\\/\"},{\"@type\":\"ListItem\",\"position\":2,\"name\":\"Boutique\",\"item\":\"https:\\\/\\\/www.rememberme-forever.com\\\/fr\\\/boutique\\\/\"},{\"@type\":\"ListItem\",\"position\":3,\"name\":\"Urne fun\u00e9raire en bois Soldat am\u00e9ricain \u2013 Urne de cr\u00e9mation militaire comm\u00e9morative\"}]},{\"@type\":\"WebSite\",\"@id\":\"https:\\\/\\\/www.rememberme-forever.com\\\/fr\\\/#website\",\"url\":\"https:\\\/\\\/www.rememberme-forever.com\\\/fr\\\/\",\"name\":\"Remember Forever\",\"description\":\"Cremation urns, funeral urns, urns for ashes\",\"publisher\":{\"@id\":\"https:\\\/\\\/www.rememberme-forever.com\\\/fr\\\/#organization\"},\"potentialAction\":[{\"@type\":\"SearchAction\",\"target\":{\"@type\":\"EntryPoint\",\"urlTemplate\":\"https:\\\/\\\/www.rememberme-forever.com\\\/fr\\\/?s={search_term_string}\"},\"query-input\":{\"@type\":\"PropertyValueSpecification\",\"valueRequired\":true,\"valueName\":\"search_term_string\"}}],\"inLanguage\":\"fr-FR\"},{\"@type\":\"Organization\",\"@id\":\"https:\\\/\\\/www.rememberme-forever.com\\\/fr\\\/#organization\",\"name\":\"Remember Forever\",\"url\":\"https:\\\/\\\/www.rememberme-forever.com\\\/fr\\\/\",\"logo\":{\"@type\":\"ImageObject\",\"inLanguage\":\"fr-FR\",\"@id\":\"https:\\\/\\\/www.rememberme-forever.com\\\/fr\\\/#\\\/schema\\\/logo\\\/image\\\/\",\"url\":\"https:\\\/\\\/www.rememberme-forever.com\\\/wp-content\\\/uploads\\\/2023\\\/02\\\/logo.png\",\"contentUrl\":\"https:\\\/\\\/www.rememberme-forever.com\\\/wp-content\\\/uploads\\\/2023\\\/02\\\/logo.png\",\"width\":300,\"height\":56,\"caption\":\"Remember Forever\"},\"image\":{\"@id\":\"https:\\\/\\\/www.rememberme-forever.com\\\/fr\\\/#\\\/schema\\\/logo\\\/image\\\/\"}}]}<\/script>\n<!-- \/ Yoast SEO plugin. -->","yoast_head_json":{"title":"Urne fun\u00e9raire en bois Soldat am\u00e9ricain \u2013 Urne de cr\u00e9mation militaire comm\u00e9morative - Remember Forever","robots":{"index":"index","follow":"follow","max-snippet":"max-snippet:-1","max-image-preview":"max-image-preview:large","max-video-preview":"max-video-preview:-1"},"canonical":"https:\/\/www.rememberme-forever.com\/fr\/produit\/urne-funeraire-en-bois-soldat-americain-urne-de-cremation-militaire-commemorative\/","og_locale":"fr_FR","og_type":"article","og_title":"Urne fun\u00e9raire en bois Soldat am\u00e9ricain \u2013 Urne de cr\u00e9mation militaire comm\u00e9morative - Remember Forever","og_description":"Rendez hommage \u00e0 une vie de courage, d&rsquo;honneur et de service avec une urne fun\u00e9raire Soldat am\u00e9ricain magnifiquement con\u00e7ue. Cr\u00e9\u00e9e comme un m\u00e9morial significatif pour...","og_url":"https:\/\/www.rememberme-forever.com\/fr\/produit\/urne-funeraire-en-bois-soldat-americain-urne-de-cremation-militaire-commemorative\/","og_site_name":"Remember Forever","article_modified_time":"2026-04-21T12:32:32+00:00","og_image":[{"width":1007,"height":1024,"url":"http:\/\/www.rememberme-forever.com\/wp-content\/uploads\/2026\/04\/urn-for-an-american-soldier-001.jpg","type":"image\/jpeg"}],"twitter_card":"summary_large_image","twitter_misc":{"Dur\u00e9e de lecture estim\u00e9e":"2 minutes"},"schema":{"@context":"https:\/\/schema.org","@graph":[{"@type":"WebPage","@id":"https:\/\/www.rememberme-forever.com\/fr\/produit\/urne-funeraire-en-bois-soldat-americain-urne-de-cremation-militaire-commemorative\/","url":"https:\/\/www.rememberme-forever.com\/fr\/produit\/urne-funeraire-en-bois-soldat-americain-urne-de-cremation-militaire-commemorative\/","name":"Urne fun\u00e9raire en bois Soldat am\u00e9ricain \u2013 Urne de cr\u00e9mation militaire comm\u00e9morative - Remember Forever","isPartOf":{"@id":"https:\/\/www.rememberme-forever.com\/fr\/#website"},"primaryImageOfPage":{"@id":"https:\/\/www.rememberme-forever.com\/fr\/produit\/urne-funeraire-en-bois-soldat-americain-urne-de-cremation-militaire-commemorative\/#primaryimage"},"image":{"@id":"https:\/\/www.rememberme-forever.com\/fr\/produit\/urne-funeraire-en-bois-soldat-americain-urne-de-cremation-militaire-commemorative\/#primaryimage"},"thumbnailUrl":"https:\/\/www.rememberme-forever.com\/wp-content\/uploads\/2026\/04\/urn-for-an-american-soldier-001.jpg","datePublished":"2026-04-21T11:02:51+00:00","dateModified":"2026-04-21T12:32:32+00:00","breadcrumb":{"@id":"https:\/\/www.rememberme-forever.com\/fr\/produit\/urne-funeraire-en-bois-soldat-americain-urne-de-cremation-militaire-commemorative\/#breadcrumb"},"inLanguage":"fr-FR","potentialAction":[{"@type":"ReadAction","target":["https:\/\/www.rememberme-forever.com\/fr\/produit\/urne-funeraire-en-bois-soldat-americain-urne-de-cremation-militaire-commemorative\/"]}]},{"@type":"ImageObject","inLanguage":"fr-FR","@id":"https:\/\/www.rememberme-forever.com\/fr\/produit\/urne-funeraire-en-bois-soldat-americain-urne-de-cremation-militaire-commemorative\/#primaryimage","url":"https:\/\/www.rememberme-forever.com\/wp-content\/uploads\/2026\/04\/urn-for-an-american-soldier-001.jpg","contentUrl":"https:\/\/www.rememberme-forever.com\/wp-content\/uploads\/2026\/04\/urn-for-an-american-soldier-001.jpg","width":1007,"height":1024,"caption":"Urne de cr\u00e9mation en bois avec drapeau am\u00e9ricain et design de soldat saluant isol\u00e9e sur fond blanc"},{"@type":"BreadcrumbList","@id":"https:\/\/www.rememberme-forever.com\/fr\/produit\/urne-funeraire-en-bois-soldat-americain-urne-de-cremation-militaire-commemorative\/#breadcrumb","itemListElement":[{"@type":"ListItem","position":1,"name":"Home","item":"https:\/\/www.rememberme-forever.com\/fr\/accueil\/"},{"@type":"ListItem","position":2,"name":"Boutique","item":"https:\/\/www.rememberme-forever.com\/fr\/boutique\/"},{"@type":"ListItem","position":3,"name":"Urne fun\u00e9raire en bois Soldat am\u00e9ricain \u2013 Urne de cr\u00e9mation militaire comm\u00e9morative"}]},{"@type":"WebSite","@id":"https:\/\/www.rememberme-forever.com\/fr\/#website","url":"https:\/\/www.rememberme-forever.com\/fr\/","name":"Remember Forever","description":"Cremation urns, funeral urns, urns for ashes","publisher":{"@id":"https:\/\/www.rememberme-forever.com\/fr\/#organization"},"potentialAction":[{"@type":"SearchAction","target":{"@type":"EntryPoint","urlTemplate":"https:\/\/www.rememberme-forever.com\/fr\/?s={search_term_string}"},"query-input":{"@type":"PropertyValueSpecification","valueRequired":true,"valueName":"search_term_string"}}],"inLanguage":"fr-FR"},{"@type":"Organization","@id":"https:\/\/www.rememberme-forever.com\/fr\/#organization","name":"Remember Forever","url":"https:\/\/www.rememberme-forever.com\/fr\/","logo":{"@type":"ImageObject","inLanguage":"fr-FR","@id":"https:\/\/www.rememberme-forever.com\/fr\/#\/schema\/logo\/image\/","url":"https:\/\/www.rememberme-forever.com\/wp-content\/uploads\/2023\/02\/logo.png","contentUrl":"https:\/\/www.rememberme-forever.com\/wp-content\/uploads\/2023\/02\/logo.png","width":300,"height":56,"caption":"Remember Forever"},"image":{"@id":"https:\/\/www.rememberme-forever.com\/fr\/#\/schema\/logo\/image\/"}}]}},"acf":[],"_links":{"self":[{"href":"https:\/\/www.rememberme-forever.com\/fr\/wp-json\/wp\/v2\/product\/29239","targetHints":{"allow":["GET"]}}],"collection":[{"href":"https:\/\/www.rememberme-forever.com\/fr\/wp-json\/wp\/v2\/product"}],"about":[{"href":"https:\/\/www.rememberme-forever.com\/fr\/wp-json\/wp\/v2\/types\/product"}],"wp:featuredmedia":[{"embeddable":true,"href":"https:\/\/www.rememberme-forever.com\/fr\/wp-json\/wp\/v2\/media\/29214"}],"wp:attachment":[{"href":"https:\/\/www.rememberme-forever.com\/fr\/wp-json\/wp\/v2\/media?parent=29239"}],"wp:term":[{"taxonomy":"product_brand","embeddable":true,"href":"https:\/\/www.rememberme-forever.com\/fr\/wp-json\/wp\/v2\/product_brand?post=29239"},{"taxonomy":"product_cat","embeddable":true,"href":"https:\/\/www.rememberme-forever.com\/fr\/wp-json\/wp\/v2\/product_cat?post=29239"},{"taxonomy":"product_tag","embeddable":true,"href":"https:\/\/www.rememberme-forever.com\/fr\/wp-json\/wp\/v2\/product_tag?post=29239"}],"curies":[{"name":"wp","href":"https:\/\/api.w.org\/{rel}","templated":true}]}}