{"id":18598,"date":"2023-05-04T10:41:55","date_gmt":"2023-05-04T08:41:55","guid":{"rendered":"https:\/\/www.rememberme-forever.com\/utilizzo-dei-cookie\/"},"modified":"2025-09-15T14:40:52","modified_gmt":"2025-09-15T12:40:52","slug":"utilizzo-dei-cookie","status":"publish","type":"page","link":"https:\/\/www.rememberme-forever.com\/it\/utilizzo-dei-cookie\/","title":{"rendered":"Utilizzo dei cookie"},"content":{"rendered":"\n<p><strong>INFORMATIVA SULLA PRIVACY DI<\/strong><\/p>\n\n<p><strong>IL NEGOZIO ONLINE<\/strong><\/p>\n\n<p><a><strong><u>REMEMBER FOREVER<\/u><\/strong><\/a><\/p>\n\n<figure class=\"wp-block-embed is-type-wp-embed is-provider-remember-forever wp-block-embed-remember-forever\"><div class=\"wp-block-embed__wrapper\">\n<blockquote class=\"wp-embedded-content\" data-secret=\"51aLvJWWNt\"><a href=\"https:\/\/www.rememberme-forever.com\/pl\/\">Strona g\u0142\u00f3wna<\/a><\/blockquote><iframe loading=\"lazy\" class=\"wp-embedded-content\" sandbox=\"allow-scripts\" security=\"restricted\" style=\"position: absolute; visibility: hidden;\" title=\"&#8220;Strona g\u0142\u00f3wna&#8221; &#8212; Remember Forever\" src=\"https:\/\/www.rememberme-forever.com\/pl\/embed\/#?secret=R16rdQkdEr#?secret=51aLvJWWNt\" data-secret=\"51aLvJWWNt\" width=\"600\" height=\"338\" frameborder=\"0\" marginwidth=\"0\" marginheight=\"0\" scrolling=\"no\"><\/iframe>\n<\/div><\/figure>\n\n<ol class=\"wp-block-list\">\n<li><strong>informazioni generali<\/strong><\/li>\n<\/ol>\n\n<p>Il presente documento specifica i principi sulla privacy applicabili al Negozio Online <a href=\"https:\/\/rememberme-forever.com\/\">https:\/\/rememberme-forever.com\/ <\/a>(di seguito denominato &#8220;Negozio Online&#8221;). L&#8217;Amministratore del Negozio Online \u00e8 REMEMBER FOREVER Jolanta Szewczyk, Pu\u0142anki 107, 38-130 Frysztak, NIP:8191525142, REGON:369742767, +48 515 351 884, info@rememberme-forever.com. <\/p>\n\n<ol start=\"2\" class=\"wp-block-list\">\n<li><strong>Informazioni personali<\/strong><\/li>\n<\/ol>\n\n<ol class=\"wp-block-list\">\n<li>I dati personali raccolti dall&#8217;Amministratore saranno trattati in conformit\u00e0 alle disposizioni del Regolamento del Parlamento europeo e del Consiglio (UE) 2016\/679 del 27 aprile 2016 sulla protezione delle persone fisiche con riguardo al trattamento dei dati personali, nonch\u00e9 sulla libera circolazione di tali dati e che abroga la direttiva 95\/46\/CE (GDPR), della vigente legge polacca sulla protezione dei dati, della legge sulla prestazione di servizi elettronici del 18 luglio 2002.<\/li>\n\n\n\n<li>L&#8217;Amministratore raccoglie le informazioni fornite volontariamente dai Clienti del Negozio Online. Tuttavia, il conferimento dei dati personali contrassegnati \u00e8 condizione necessaria per effettuare un ordine, mentre la mancata effettuazione dell&#8217;ordine comporter\u00e0 l&#8217;impossibilit\u00e0 di ordinare prodotti nel negozio. <\/li>\n\n\n\n<li>Inoltre, l&#8217;amministratore pu\u00f2 registrare le informazioni sui parametri di connessione, come gli indirizzi IP, per scopi tecnici, per l&#8217;amministrazione del server e per la raccolta di informazioni demografiche statistiche generali (ad esempio sulla regione da cui proviene la connessione), nonch\u00e9 per scopi di sicurezza.<\/li>\n\n\n\n<li>L&#8217;Amministratore si impegna a compiere ogni sforzo possibile per proteggere la privacy e le informazioni sui Clienti del Negozio Online a lui fornite. L&#8217;Amministratore si impegna a esercitare la dovuta diligenza nella selezione e nell&#8217;applicazione di misure tecniche appropriate, comprese quelle di natura programmatica e organizzativa, al fine di proteggere i dati trattati, e in particolare a proteggerli da accessi non autorizzati, divulgazione, perdita e distruzione, modifiche non autorizzate e dal loro trattamento in violazione delle disposizioni di legge applicabili. <\/li>\n\n\n\n<li>I dati personali saranno trattati nel rispetto dei principi di cui all\u2019art. 5 GDPR.<\/li>\n<\/ol>\n\n<p>I dati personali saranno:<\/p>\n\n<ol class=\"wp-block-list\">\n<li>trattati in modo lecito, corretto e trasparente nei confronti dell\u2019interessato (\u201cliceit\u00e0, correttezza e trasparenza\u201d);<\/li>\n\n\n\n<li>raccolti per finalit\u00e0 determinate, esplicite e legittime e successivamente trattati in modo che non sia incompatibile con tali finalit\u00e0; un ulteriore trattamento a fini di archiviazione nel pubblico interesse, di ricerca scientifica o storica o a fini statistici non \u00e8 considerato, conformemente all&#8217;articolo 89(1) del GDPR, incompatibile con le finalit\u00e0 iniziali (&#8220;limitazione della finalit\u00e0&#8221;);<\/li>\n\n\n\n<li>adeguati, pertinenti e limitati a quanto necessario rispetto alle finalit\u00e0 per le quali sono trattati (\u00abminimizzazione dei dati\u00bb);<\/li>\n\n\n\n<li>accurate and, where necessary, kept up to date (\u2018accuracy\u2019);<\/li>\n\n\n\n<li>conservati in una forma che consenta l&#8217;identificazione degli interessati per un arco di tempo non superiore al conseguimento delle finalit\u00e0 per le quali sono trattati; i dati personali possono essere conservati per periodi pi\u00f9 lunghi a condizione che siano trattati esclusivamente a fini di archiviazione nel pubblico interesse, di ricerca scientifica o storica o a fini statistici, conformemente all&#8217;articolo 89(1) del GDPR, fatta salva l&#8217;attuazione di misure tecniche e organizzative adeguate richieste dal presente regolamento a tutela dei diritti e delle libert\u00e0 dell&#8217;interessato (&#8220;limitazione della conservazione&#8221;);<\/li>\n\n\n\n<li>trattati in maniera da garantire un&#8217;adeguata sicurezza dei dati personali, compresa la protezione, mediante misure tecniche e organizzative adeguate, da trattamenti non autorizzati o illeciti e dalla perdita, dalla distruzione o dal danno accidentali (\u00abintegrit\u00e0 e riservatezza\u00bb).<\/li>\n\n\n\n<li>Nell&#8217;ambito dell&#8217;utilizzo da parte dell&#8217;Amministratore degli strumenti a supporto della sua attivit\u00e0 corrente, forniti ad esempio da Google, i Dati personali del Cliente potrebbero essere trasferiti in un Paese al di fuori dello Spazio economico europeo, in particolare negli Stati Uniti d&#8217;America (USA) o in un altro Paese in cui un&#8217;entit\u00e0 che collabora con esso mantiene strumenti per l&#8217;elaborazione dei Dati personali in collaborazione con l&#8217;Amministratore.<\/li>\n<\/ol>\n\n<ol start=\"3\" class=\"wp-block-list\">\n<li><strong>Base giuridica<\/strong><\/li>\n<\/ol>\n\n<ol class=\"wp-block-list\">\n<li>La base per il trattamento dei Dati Personali del Cliente \u00e8 principalmente la necessit\u00e0 di eseguire il contratto di cui \u00e8 parte o la necessit\u00e0 di adottare misure su sua richiesta prima della sua conclusione (articolo 6 paragrafo 1 (b) del GDPR).<\/li>\n\n\n\n<li>Previo consenso espresso separatamente, ai sensi dell&#8217;art. 6 comma 1 lettera a) GDPR, i dati potranno essere trattati anche per l&#8217;invio di informazioni commerciali per via elettronica o per effettuare chiamate telefoniche a fini di marketing diretto, rispettivamente in relazione all&#8217;art. 10 comma 2 della legge del 18 luglio 2002 sulla fornitura di servizi elettronici o all&#8217;art. 172 comma 1 della legge del 16 luglio 2004 &#8211; Legge sulle telecomunicazioni.   <\/li>\n\n\n\n<li>I dati personali possono essere trattati anche in modo automatizzato sotto forma di profilazione, a condizione che l&#8217;utente vi acconsenta sulla base dell&#8217;art. 6 par. 1 (a) GDPR. La conseguenza della profilazione sar\u00e0 l&#8217;assegnazione di un profilo a una determinata persona al fine di prendere decisioni che la riguardano o di analizzarne o prevederne le preferenze, i comportamenti e gli atteggiamenti. <\/li>\n\n\n\n<li>In altre finalit\u00e0, i Dati Personali del Cliente potranno essere trattati sulla base di:<\/li>\n<\/ol>\n\n<ol class=\"wp-block-list\">\n<li>legge applicabile quando il trattamento \u00e8 necessario per adempiere all&#8217;obbligo legale dell&#8217;Amministratore, ad esempio quando basato su normative fiscali o contabili, l&#8217;Amministratore risolve i contratti di vendita conclusi (articolo 6 (1) (c) del GDPR);<\/li>\n\n\n\n<li>indispensabile per finalit\u00e0 diverse da quelle sopra menzionate derivanti da interessi legittimi perseguiti dall&#8217;Amministratore o da terzi, in particolare per accertare, far valere o difendere rivendicazioni, analisi di mercato e statistiche (articolo 6 (1) (f) GDPR).<\/li>\n<\/ol>\n\n<ol start=\"5\" class=\"wp-block-list\">\n<li>I dati personali trattati per finalit\u00e0 connesse all&#8217;acquisto saranno trattati per il periodo necessario al completamento dell&#8217;acquisto e dell&#8217;ordine, dopodich\u00e9 i dati oggetto di archiviazione saranno conservati per il periodo congruo alla prescrizione dei diritti. I dati personali trattati per finalit\u00e0 di marketing coperte dall&#8217;informativa sul consenso saranno trattati fino alla revoca del consenso. <\/li>\n<\/ol>\n\n<ol start=\"4\" class=\"wp-block-list\">\n<li><strong>Destinatari dei dati personali<\/strong><\/li>\n<\/ol>\n\n<ol class=\"wp-block-list\">\n<li>I destinatari dei dati personali dell&#8217;Acquirente possono essere soggetti che eseguono l&#8217;ordine su richiesta del Venditore e lo gestiscono, come ad esempio: societ\u00e0 di spedizione, societ\u00e0 di contabilit\u00e0, fornitori di beni, servizi di assemblaggio, fornitori di soluzioni IT, societ\u00e0 di elaborazione dei pagamenti, banche, societ\u00e0 che forniscono servizi di marketing, fornitori di servizi di magazzino, fornitori di servizi di telecomunicazione, studi legali, autorit\u00e0 statali autorizzate.<\/li>\n<\/ol>\n\n<ol start=\"5\" class=\"wp-block-list\">\n<li><strong>I tuoi diritti sui dati personali che ti riguardano<\/strong><\/li>\n<\/ol>\n\n<ol class=\"wp-block-list\">\n<li>Poich\u00e9 i Clienti forniscono volontariamente i propri dati personali, avranno il diritto di accedere ai propri dati personali e il diritto di rettificarli, cancellarli, limitarne il trattamento, il diritto alla portabilit\u00e0 dei dati, il diritto di opposizione, il diritto di revocare il consenso in qualsiasi momento.<\/li>\n\n\n\n<li>Qualora si riscontri che il trattamento dei dati personali viola le disposizioni del GDPR, l&#8217;interessato ha il diritto di proporre reclamo al Presidente dell&#8217;Ufficio per la protezione dei dati personali.<\/li>\n\n\n\n<li>Le condizioni dettagliate dei diritti di cui sopra sono indicate negli articoli 1522 del Regolamento GDPR.<\/li>\n<\/ol>\n\n<p><strong>COOKIES<\/strong><\/p>\n\n<ol class=\"wp-block-list\">\n<li>Utilizziamo i cookie sul nostro sito web. (Base giuridica: articolo 6 (1) (f) GDPR). <\/li>\n\n\n\n<li>Durante la navigazione sui siti web del Negozio Online vengono utilizzati i cosiddetti &#8220;cookie&#8221;, piccoli file di testo che vengono salvati sul dispositivo di destinazione del Cliente in relazione all&#8217;utilizzo del Negozio Online. Vengono utilizzati per migliorare l&#8217;esperienza di navigazione sui siti web del Negozio Online. <\/li>\n\n\n\n<li>I file &#8220;cookie&#8221; utilizzati dall&#8217;Amministratore sono sicuri per i dispositivi del Cliente. In particolare, non \u00e8 possibile che virus o altri software indesiderati o dannosi entrino nei dispositivi del Cliente in questo modo. Questi file consentono di identificare il software utilizzato dal Cliente e di adattare il Negozio Online a ciascun Cliente individualmente. I file &#8220;cookie&#8221; contengono talvolta informazioni sul nome di dominio da cui provengono, sulla durata della loro conservazione nel dispositivo e sul valore attribuito.   <\/li>\n\n\n\n<li>L&#8217;Amministratore utilizza tre tipi di file &#8220;cookie&#8221;:<\/li>\n<\/ol>\n\n<ol class=\"wp-block-list\">\n<li>Session cookies: they are kept in the Online Shop Customer\u2019s device and remain there until the given browser session is closed. Then the recorded information is permanently deleted from the memory of the Online Shop Customer\u2019s device. The session cookies\u2019 mechanism does not allow to download any personal information or confidential information from the Online Shop Customer\u2019s device.  <\/li>\n\n\n\n<li>Cookie di sessione: vengono memorizzati sul dispositivo del Cliente del Negozio Online e vi rimangono fino alla chiusura della sessione del browser. Successivamente, le informazioni registrate vengono eliminate definitivamente dalla memoria del dispositivo del Cliente del Negozio Online. Il meccanismo dei cookie di sessione non consente di scaricare alcuna informazione personale o riservata dal dispositivo del Cliente del Negozio Online.Permanent cookies: they are kept in the Online Shop Customer\u2019s device and remain there until they are deleted. They are not deleted automatically when the session of the given browser is closed or when the device is turned off. The permanent cookies\u2019 mechanism does not allow to download any personal information or confidential information from the Online Shop Customer\u2019s device.  <\/li>\n\n\n\n<li>I cookie &#8220;analitici&#8221; consentono di comprendere meglio come il Cliente interagisce con i contenuti dello Store e di organizzarne meglio il layout. I cookie &#8220;analitici&#8221; raccolgono informazioni sulle modalit\u00e0 di utilizzo dello Store da parte del Cliente, sul tipo di sito web da cui il Destinatario \u00e8 stato reindirizzato, sul numero di visite e sulla durata della visita del Cliente allo Store. Queste informazioni non registrano dati personali specifici del Cliente, ma vengono utilizzate per elaborare statistiche sull&#8217;utilizzo dello Store.  <\/li>\n<\/ol>\n\n<ol start=\"5\" class=\"wp-block-list\">\n<li>I file &#8220;cookie&#8221; possono essere utilizzati dalle reti pubblicitarie, in particolare dalla rete Google, per visualizzare annunci pubblicitari personalizzati in base alle modalit\u00e0 di utilizzo del Negozio Online da parte del Cliente. A tal fine, possono essere memorizzate informazioni sul percorso di navigazione del Cliente o sul tempo trascorso sul sito web in questione. <\/li>\n\n\n\n<li>Per quanto riguarda le informazioni sulle preferenze del Cliente raccolte dalla rete pubblicitaria Google, il Cliente pu\u00f2 visualizzare e modificare le informazioni relative ai file cookie tramite il seguente strumento: <a href=\"https:\/\/www.google.com\/ads\/preferences\/\">https:\/\/www.google.com\/ads\/preferences\/.<\/a><\/li>\n\n\n\n<li>Il Cliente pu\u00f2, autonomamente e in qualsiasi momento, modificare le impostazioni dei file &#8220;cookie&#8221;, specificando le condizioni della loro conservazione e del loro accesso al dispositivo del Cliente. Le impostazioni di cui al comma precedente possono essere modificate dal Cliente tramite le impostazioni del browser web o tramite la configurazione del servizio. Tali impostazioni possono essere modificate in particolare per bloccare il supporto automatico dei file &#8220;cookie&#8221; nelle impostazioni del browser web o per essere avvisati ogni volta che vengono installati sul dispositivo del Cliente. Informazioni dettagliate sulle possibilit\u00e0 e le modalit\u00e0 di supporto dei file cookie sono disponibili nelle impostazioni del software (browser web).   <\/li>\n\n\n\n<li>Per informazioni su come gestire i cookie, incluso come disabilitarli nel tuo browser, puoi utilizzare la sezione &#8220;Aiuto&#8221; del tuo browser. Puoi saperne di pi\u00f9 premendo il tasto F1 mentre sei nel browser. Inoltre, troverai suggerimenti appropriati nelle seguenti pagine, a seconda del browser che stai utilizzando:  <\/li>\n<\/ol>\n\n<p>Firefox<\/p>\n\n<p>Chrome<\/p>\n\n<p>Safari<\/p>\n\n<p>Internet Explorer \/ Microsoft Edge<\/p>\n\n<ol start=\"9\" class=\"wp-block-list\">\n<li>Il Cliente potr\u00e0 rimuovere i file \u201ccookie\u201d in qualsiasi momento, utilizzando le funzioni disponibili nel browser web da lui utilizzato.<\/li>\n\n\n\n<li>La limitazione dell&#8217;applicazione dei file &#8220;cookie&#8221; potrebbe influire su alcune funzionalit\u00e0 disponibili sul sito web del Negozio Online.<\/li>\n<\/ol>\n\n<p>1.01.2024<\/p>\n","protected":false},"excerpt":{"rendered":"<p>INFORMATIVA SULLA PRIVACY DI IL NEGOZIO ONLINE REMEMBER FOREVER Il presente documento specifica i principi sulla privacy applicabili al Negozio Online https:\/\/rememberme-forever.com\/ (di seguito denominato&#8230;<\/p>\n","protected":false},"author":3,"featured_media":0,"parent":0,"menu_order":0,"comment_status":"closed","ping_status":"closed","template":"","meta":{"_acf_changed":false,"footnotes":""},"class_list":["post-18598","page","type-page","status-publish","hentry"],"yoast_head":"<!-- This site is optimized with the Yoast SEO plugin v27.4 - https:\/\/yoast.com\/product\/yoast-seo-wordpress\/ -->\n<title>Utilizzo dei cookie - Remember Forever<\/title>\n<meta name=\"robots\" content=\"index, follow, max-snippet:-1, max-image-preview:large, max-video-preview:-1\" \/>\n<link rel=\"canonical\" href=\"https:\/\/www.rememberme-forever.com\/it\/utilizzo-dei-cookie\/\" \/>\n<meta property=\"og:locale\" content=\"it_IT\" \/>\n<meta property=\"og:type\" content=\"article\" \/>\n<meta property=\"og:title\" content=\"Utilizzo dei cookie - Remember Forever\" \/>\n<meta property=\"og:description\" content=\"INFORMATIVA SULLA PRIVACY DI IL NEGOZIO ONLINE REMEMBER FOREVER Il presente documento specifica i principi sulla privacy applicabili al Negozio Online https:\/\/rememberme-forever.com\/ (di seguito denominato...\" \/>\n<meta property=\"og:url\" content=\"https:\/\/www.rememberme-forever.com\/it\/utilizzo-dei-cookie\/\" \/>\n<meta property=\"og:site_name\" content=\"Remember Forever\" \/>\n<meta property=\"article:modified_time\" content=\"2025-09-15T12:40:52+00:00\" \/>\n<meta name=\"twitter:card\" content=\"summary_large_image\" \/>\n<meta name=\"twitter:label1\" content=\"Tempo di lettura stimato\" \/>\n\t<meta name=\"twitter:data1\" content=\"9 minuti\" \/>\n<script type=\"application\/ld+json\" class=\"yoast-schema-graph\">{\"@context\":\"https:\\\/\\\/schema.org\",\"@graph\":[{\"@type\":\"WebPage\",\"@id\":\"https:\\\/\\\/www.rememberme-forever.com\\\/it\\\/utilizzo-dei-cookie\\\/\",\"url\":\"https:\\\/\\\/www.rememberme-forever.com\\\/it\\\/utilizzo-dei-cookie\\\/\",\"name\":\"Utilizzo dei cookie - Remember Forever\",\"isPartOf\":{\"@id\":\"https:\\\/\\\/www.rememberme-forever.com\\\/it\\\/#website\"},\"datePublished\":\"2023-05-04T08:41:55+00:00\",\"dateModified\":\"2025-09-15T12:40:52+00:00\",\"breadcrumb\":{\"@id\":\"https:\\\/\\\/www.rememberme-forever.com\\\/it\\\/utilizzo-dei-cookie\\\/#breadcrumb\"},\"inLanguage\":\"it-IT\",\"potentialAction\":[{\"@type\":\"ReadAction\",\"target\":[\"https:\\\/\\\/www.rememberme-forever.com\\\/it\\\/utilizzo-dei-cookie\\\/\"]}]},{\"@type\":\"BreadcrumbList\",\"@id\":\"https:\\\/\\\/www.rememberme-forever.com\\\/it\\\/utilizzo-dei-cookie\\\/#breadcrumb\",\"itemListElement\":[{\"@type\":\"ListItem\",\"position\":1,\"name\":\"Home\",\"item\":\"https:\\\/\\\/www.rememberme-forever.com\\\/it\\\/home\\\/\"},{\"@type\":\"ListItem\",\"position\":2,\"name\":\"Utilizzo dei cookie\"}]},{\"@type\":\"WebSite\",\"@id\":\"https:\\\/\\\/www.rememberme-forever.com\\\/it\\\/#website\",\"url\":\"https:\\\/\\\/www.rememberme-forever.com\\\/it\\\/\",\"name\":\"Remember Forever\",\"description\":\"Cremation urns, funeral urns, urns for ashes\",\"publisher\":{\"@id\":\"https:\\\/\\\/www.rememberme-forever.com\\\/it\\\/#organization\"},\"potentialAction\":[{\"@type\":\"SearchAction\",\"target\":{\"@type\":\"EntryPoint\",\"urlTemplate\":\"https:\\\/\\\/www.rememberme-forever.com\\\/it\\\/?s={search_term_string}\"},\"query-input\":{\"@type\":\"PropertyValueSpecification\",\"valueRequired\":true,\"valueName\":\"search_term_string\"}}],\"inLanguage\":\"it-IT\"},{\"@type\":\"Organization\",\"@id\":\"https:\\\/\\\/www.rememberme-forever.com\\\/it\\\/#organization\",\"name\":\"Remember Forever\",\"url\":\"https:\\\/\\\/www.rememberme-forever.com\\\/it\\\/\",\"logo\":{\"@type\":\"ImageObject\",\"inLanguage\":\"it-IT\",\"@id\":\"https:\\\/\\\/www.rememberme-forever.com\\\/it\\\/#\\\/schema\\\/logo\\\/image\\\/\",\"url\":\"https:\\\/\\\/www.rememberme-forever.com\\\/wp-content\\\/uploads\\\/2023\\\/02\\\/logo.png\",\"contentUrl\":\"https:\\\/\\\/www.rememberme-forever.com\\\/wp-content\\\/uploads\\\/2023\\\/02\\\/logo.png\",\"width\":300,\"height\":56,\"caption\":\"Remember Forever\"},\"image\":{\"@id\":\"https:\\\/\\\/www.rememberme-forever.com\\\/it\\\/#\\\/schema\\\/logo\\\/image\\\/\"}}]}<\/script>\n<!-- \/ Yoast SEO plugin. -->","yoast_head_json":{"title":"Utilizzo dei cookie - Remember Forever","robots":{"index":"index","follow":"follow","max-snippet":"max-snippet:-1","max-image-preview":"max-image-preview:large","max-video-preview":"max-video-preview:-1"},"canonical":"https:\/\/www.rememberme-forever.com\/it\/utilizzo-dei-cookie\/","og_locale":"it_IT","og_type":"article","og_title":"Utilizzo dei cookie - Remember Forever","og_description":"INFORMATIVA SULLA PRIVACY DI IL NEGOZIO ONLINE REMEMBER FOREVER Il presente documento specifica i principi sulla privacy applicabili al Negozio Online https:\/\/rememberme-forever.com\/ (di seguito denominato...","og_url":"https:\/\/www.rememberme-forever.com\/it\/utilizzo-dei-cookie\/","og_site_name":"Remember Forever","article_modified_time":"2025-09-15T12:40:52+00:00","twitter_card":"summary_large_image","twitter_misc":{"Tempo di lettura stimato":"9 minuti"},"schema":{"@context":"https:\/\/schema.org","@graph":[{"@type":"WebPage","@id":"https:\/\/www.rememberme-forever.com\/it\/utilizzo-dei-cookie\/","url":"https:\/\/www.rememberme-forever.com\/it\/utilizzo-dei-cookie\/","name":"Utilizzo dei cookie - Remember Forever","isPartOf":{"@id":"https:\/\/www.rememberme-forever.com\/it\/#website"},"datePublished":"2023-05-04T08:41:55+00:00","dateModified":"2025-09-15T12:40:52+00:00","breadcrumb":{"@id":"https:\/\/www.rememberme-forever.com\/it\/utilizzo-dei-cookie\/#breadcrumb"},"inLanguage":"it-IT","potentialAction":[{"@type":"ReadAction","target":["https:\/\/www.rememberme-forever.com\/it\/utilizzo-dei-cookie\/"]}]},{"@type":"BreadcrumbList","@id":"https:\/\/www.rememberme-forever.com\/it\/utilizzo-dei-cookie\/#breadcrumb","itemListElement":[{"@type":"ListItem","position":1,"name":"Home","item":"https:\/\/www.rememberme-forever.com\/it\/home\/"},{"@type":"ListItem","position":2,"name":"Utilizzo dei cookie"}]},{"@type":"WebSite","@id":"https:\/\/www.rememberme-forever.com\/it\/#website","url":"https:\/\/www.rememberme-forever.com\/it\/","name":"Remember Forever","description":"Cremation urns, funeral urns, urns for ashes","publisher":{"@id":"https:\/\/www.rememberme-forever.com\/it\/#organization"},"potentialAction":[{"@type":"SearchAction","target":{"@type":"EntryPoint","urlTemplate":"https:\/\/www.rememberme-forever.com\/it\/?s={search_term_string}"},"query-input":{"@type":"PropertyValueSpecification","valueRequired":true,"valueName":"search_term_string"}}],"inLanguage":"it-IT"},{"@type":"Organization","@id":"https:\/\/www.rememberme-forever.com\/it\/#organization","name":"Remember Forever","url":"https:\/\/www.rememberme-forever.com\/it\/","logo":{"@type":"ImageObject","inLanguage":"it-IT","@id":"https:\/\/www.rememberme-forever.com\/it\/#\/schema\/logo\/image\/","url":"https:\/\/www.rememberme-forever.com\/wp-content\/uploads\/2023\/02\/logo.png","contentUrl":"https:\/\/www.rememberme-forever.com\/wp-content\/uploads\/2023\/02\/logo.png","width":300,"height":56,"caption":"Remember Forever"},"image":{"@id":"https:\/\/www.rememberme-forever.com\/it\/#\/schema\/logo\/image\/"}}]}},"acf":[],"_links":{"self":[{"href":"https:\/\/www.rememberme-forever.com\/it\/wp-json\/wp\/v2\/pages\/18598","targetHints":{"allow":["GET"]}}],"collection":[{"href":"https:\/\/www.rememberme-forever.com\/it\/wp-json\/wp\/v2\/pages"}],"about":[{"href":"https:\/\/www.rememberme-forever.com\/it\/wp-json\/wp\/v2\/types\/page"}],"author":[{"embeddable":true,"href":"https:\/\/www.rememberme-forever.com\/it\/wp-json\/wp\/v2\/users\/3"}],"replies":[{"embeddable":true,"href":"https:\/\/www.rememberme-forever.com\/it\/wp-json\/wp\/v2\/comments?post=18598"}],"version-history":[{"count":1,"href":"https:\/\/www.rememberme-forever.com\/it\/wp-json\/wp\/v2\/pages\/18598\/revisions"}],"predecessor-version":[{"id":18599,"href":"https:\/\/www.rememberme-forever.com\/it\/wp-json\/wp\/v2\/pages\/18598\/revisions\/18599"}],"wp:attachment":[{"href":"https:\/\/www.rememberme-forever.com\/it\/wp-json\/wp\/v2\/media?parent=18598"}],"curies":[{"name":"wp","href":"https:\/\/api.w.org\/{rel}","templated":true}]}}