{"id":18768,"date":"2023-03-28T12:51:44","date_gmt":"2023-03-28T10:51:44","guid":{"rendered":"https:\/\/www.rememberme-forever.com\/product\/bellissima-e-unica-urna-in-mango-per-ceneri-urna-in-legno-per-adulti-costruzione-segmentata\/"},"modified":"2025-09-22T21:31:16","modified_gmt":"2025-09-22T19:31:16","slug":"bellissima-e-unica-urna-in-mango-per-ceneri-urna-in-legno-per-adulti-costruzione-segmentata","status":"publish","type":"product","link":"https:\/\/www.rememberme-forever.com\/it\/prodotto\/bellissima-e-unica-urna-in-mango-per-ceneri-urna-in-legno-per-adulti-costruzione-segmentata\/","title":{"rendered":"Bellissima e unica urna in mango per ceneri, urna in legno per adulti, costruzione segmentata"},"content":{"rendered":"<div style=\"width: 100%; margin-bottom: 40px; height: max-content; padding-bottom: 60%; position: relative;\"><iframe style=\"position: absolute; top: 0; left: 0; width: 100%; height: 100%;\" src=\"https:\/\/rememberme-urns.com\/mango-urn-for-human-ashes\/\" frameborder=\"0\"><\/iframe><\/div>\n<div style=\"color: red; text-align: center; margin-bottom: 25px;\">\n<p>&gt;&gt; Foto rotante &#8211; tocca\/ingrandisci &lt;&lt;<\/p>\n<\/div>\n<h2 style=\"text-align: center;\"><strong>Urna cineraria in mango per ceneri<\/strong><\/h2>\n<p style=\"text-align: center;\"><strong>Urna cineraria in mango <\/strong>per ceneri unica, un&#8217;opzione bella e sostenibile per onorare la memoria di una persona cara. Realizzata in legno di mango di alta qualit\u00e0, questa urna in legno presenta una splendida struttura segmentata che le conferisce un aspetto distintivo ed elegante.<\/p>\n<p style=\"text-align: center;\">Progettata per contenere le ceneri di un adulto, quest&#8217;urna \u00e8 un luogo di riposo finale adatto per i resti della persona cara. Facile da aprire e chiudere. La solida chiusura garantisce che le ceneri siano contenute in modo sicuro.<\/p>\n<p style=\"text-align: center;\">Come tocco di premura, offriamo la possibilit\u00e0 di includere un ricordo con l&#8217;urna, permettendovi di conservare una piccola quantit\u00e0 delle ceneri della persona cara o altri ricordi. Inoltre, offriamo anche una targa commemorativa che pu\u00f2 essere personalizzata con il vostro testo, aggiungendo un tocco personale e significativo all&#8217;urna.<\/p>\n<p style=\"text-align: center;\">Grazie alla sua esclusiva struttura segmentata e alle opzioni personalizzabili, questa urna \u00e8 un omaggio splendido e appropriato a una vita ben vissuta.<\/p>\n<p>&nbsp;<\/p>\n<p style=\"text-align: center;\"><strong><em>Questo prodotto \u00e8 realizzato con materiali naturali, l&#8217;aspetto potrebbe variare leggermente.<\/em><\/strong><\/p>\n<p style=\"text-align: center;\">Se hai bisogno di un&#8217;urna cineraria pi\u00f9 piccola, controlla<a href=\"https:\/\/www.rememberme-forever.com\/product\/unique-medium-size-mango-urn-cremation-urn-for-ashes\/\" target=\"_blank\" rel=\"noopener\"><strong>&gt;&gt; l&#8217;URNA MANGO MEDIA. &lt;&lt;<\/strong><\/a><\/p>\n<p>&nbsp;<\/p>\n<p><iframe loading=\"lazy\" title=\"Wooden Urns Part 1: Hand-Turning Wooden Urns For Human Ashes\" width=\"640\" height=\"360\" src=\"https:\/\/www.youtube.com\/embed\/aR267IUjwoc?feature=oembed\" frameborder=\"0\" allow=\"accelerometer; autoplay; clipboard-write; encrypted-media; gyroscope; picture-in-picture; web-share\" referrerpolicy=\"strict-origin-when-cross-origin\" allowfullscreen><\/iframe><\/p>\n<p>&nbsp;<\/p>\n<h3 style=\"text-align: center;\"><strong>PERSONALIZZAZIONE<\/strong><\/h3>\n<p style=\"text-align: center;\">Se scegli una targa personalizzata, inserisci il testo nel riquadro di personalizzazione del prodotto.<\/p>\n<p style=\"text-align: center;\">La targa commemorativa personalizzata deve essere personalizzata al momento dell&#8217;ordine. (Non preoccuparti se non la trovi, puoi sempre inviarci un messaggio in seguito.)<\/p>\n<p style=\"text-align: center;\">Si prega di VERIFICARE attentamente il testo da incidere prima di aggiungere l&#8217;articolo al carrello. Copiamo e incidiamo esattamente le informazioni che riceviamo con l&#8217;ordine e non apportiamo alcuna modifica.<\/p>\n<p style=\"text-align: center;\"><strong>Si prega di rivedere il testo per assicurarsi che l&#8217;ortografia sia corretta.<\/strong><\/p>\n<p>&nbsp;<\/p>\n<p style=\"text-align: center;\"><em><strong>Se hai bisogno di una targa commemorativa come ricordo, aggiungi il testo in un secondo riquadro.<\/strong><\/em><\/p>\n<p><img loading=\"lazy\" decoding=\"async\" class=\"wp-image-572 aligncenter\" src=\"http:\/\/www.rememberme-forever.com\/wp-content\/uploads\/2023\/03\/Keepsake-Memorial-Plaque-295x300.jpg\" alt=\"urna commemorativa in legno\" width=\"232\" height=\"236\" srcset=\"https:\/\/www.rememberme-forever.com\/wp-content\/uploads\/2023\/03\/Keepsake-Memorial-Plaque-295x300.jpg 295w, https:\/\/www.rememberme-forever.com\/wp-content\/uploads\/2023\/03\/Keepsake-Memorial-Plaque-600x610.jpg 600w, https:\/\/www.rememberme-forever.com\/wp-content\/uploads\/2023\/03\/Keepsake-Memorial-Plaque-64x65.jpg 64w, https:\/\/www.rememberme-forever.com\/wp-content\/uploads\/2023\/03\/Keepsake-Memorial-Plaque.jpg 768w\" sizes=\"auto, (max-width: 232px) 100vw, 232px\" \/><\/p>\n<p>&nbsp;<\/p>\n<h3 style=\"text-align: center;\"><strong>Come versare le ceneri in un&#8217;urna?<\/strong><\/h3>\n<p><iframe loading=\"lazy\" title=\"How to fill and close an Urn with ashes from the crematorium- Instruction Video by Remember Forever\" width=\"640\" height=\"360\" src=\"https:\/\/www.youtube.com\/embed\/sPMMFygo0vQ?feature=oembed\" frameborder=\"0\" allow=\"accelerometer; autoplay; clipboard-write; encrypted-media; gyroscope; picture-in-picture; web-share\" referrerpolicy=\"strict-origin-when-cross-origin\" allowfullscreen><\/iframe><\/p>\n","protected":false},"excerpt":{"rendered":"<p><em><strong>Adatto a contenere le ceneri di una persona dal peso corporeo fino a circa 231 libbre o 104 kg. <\/strong><\/em><\/p>\n","protected":false},"featured_media":18769,"template":"","meta":{"_acf_changed":false},"product_brand":[],"product_cat":[2498],"product_tag":[3370],"class_list":{"0":"post-18768","1":"product","2":"type-product","3":"status-publish","4":"has-post-thumbnail","6":"product_cat-urne-di-legno","7":"product_tag-gpsr-turned-wood","8":"product_shipping_class-2-4kg-it","10":"first","11":"instock","12":"featured","13":"taxable","14":"shipping-taxable","15":"purchasable","16":"product-type-variable"},"yoast_head":"<!-- This site is optimized with the Yoast SEO plugin v27.4 - https:\/\/yoast.com\/product\/yoast-seo-wordpress\/ -->\n<title>Bellissima e unica urna in mango per ceneri, urna in legno per adulti, costruzione segmentata<\/title>\n<meta name=\"description\" content=\"Urna per ceneri in mango unica nel suo genere, un&#039;opzione bella e sostenibile per onorare la memoria di una persona cara. Realizzata in legno di mango di alta qualit\u00e0.\" \/>\n<meta name=\"robots\" content=\"index, follow, max-snippet:-1, max-image-preview:large, max-video-preview:-1\" \/>\n<link rel=\"canonical\" href=\"https:\/\/www.rememberme-forever.com\/it\/prodotto\/bellissima-e-unica-urna-in-mango-per-ceneri-urna-in-legno-per-adulti-costruzione-segmentata\/\" \/>\n<meta property=\"og:locale\" content=\"it_IT\" \/>\n<meta property=\"og:type\" content=\"article\" \/>\n<meta property=\"og:title\" content=\"Bellissima e unica urna in mango per ceneri, urna in legno per adulti, costruzione segmentata\" \/>\n<meta property=\"og:description\" content=\"Urna per ceneri in mango unica nel suo genere, un&#039;opzione bella e sostenibile per onorare la memoria di una persona cara. Realizzata in legno di mango di alta qualit\u00e0.\" \/>\n<meta property=\"og:url\" content=\"https:\/\/www.rememberme-forever.com\/it\/prodotto\/bellissima-e-unica-urna-in-mango-per-ceneri-urna-in-legno-per-adulti-costruzione-segmentata\/\" \/>\n<meta property=\"og:site_name\" content=\"Remember Forever\" \/>\n<meta property=\"article:modified_time\" content=\"2025-09-22T19:31:16+00:00\" \/>\n<meta property=\"og:image\" content=\"http:\/\/www.rememberme-forever.com\/wp-content\/uploads\/2023\/03\/wooden-urn-mango-large-cremation-urn.jpg\" \/>\n\t<meta property=\"og:image:width\" content=\"2001\" \/>\n\t<meta property=\"og:image:height\" content=\"2034\" \/>\n\t<meta property=\"og:image:type\" content=\"image\/jpeg\" \/>\n<meta name=\"twitter:card\" content=\"summary_large_image\" \/>\n<meta name=\"twitter:label1\" content=\"Tempo di lettura stimato\" \/>\n\t<meta name=\"twitter:data1\" content=\"2 minuti\" \/>\n<script type=\"application\/ld+json\" class=\"yoast-schema-graph\">{\"@context\":\"https:\\\/\\\/schema.org\",\"@graph\":[{\"@type\":\"WebPage\",\"@id\":\"https:\\\/\\\/www.rememberme-forever.com\\\/it\\\/prodotto\\\/bellissima-e-unica-urna-in-mango-per-ceneri-urna-in-legno-per-adulti-costruzione-segmentata\\\/\",\"url\":\"https:\\\/\\\/www.rememberme-forever.com\\\/it\\\/prodotto\\\/bellissima-e-unica-urna-in-mango-per-ceneri-urna-in-legno-per-adulti-costruzione-segmentata\\\/\",\"name\":\"Bellissima e unica urna in mango per ceneri, urna in legno per adulti, costruzione segmentata\",\"isPartOf\":{\"@id\":\"https:\\\/\\\/www.rememberme-forever.com\\\/it\\\/#website\"},\"primaryImageOfPage\":{\"@id\":\"https:\\\/\\\/www.rememberme-forever.com\\\/it\\\/prodotto\\\/bellissima-e-unica-urna-in-mango-per-ceneri-urna-in-legno-per-adulti-costruzione-segmentata\\\/#primaryimage\"},\"image\":{\"@id\":\"https:\\\/\\\/www.rememberme-forever.com\\\/it\\\/prodotto\\\/bellissima-e-unica-urna-in-mango-per-ceneri-urna-in-legno-per-adulti-costruzione-segmentata\\\/#primaryimage\"},\"thumbnailUrl\":\"https:\\\/\\\/www.rememberme-forever.com\\\/wp-content\\\/uploads\\\/2023\\\/03\\\/wooden-urn-mango-large-cremation-urn.jpg\",\"datePublished\":\"2023-03-28T10:51:44+00:00\",\"dateModified\":\"2025-09-22T19:31:16+00:00\",\"description\":\"Urna per ceneri in mango unica nel suo genere, un'opzione bella e sostenibile per onorare la memoria di una persona cara. Realizzata in legno di mango di alta qualit\u00e0.\",\"breadcrumb\":{\"@id\":\"https:\\\/\\\/www.rememberme-forever.com\\\/it\\\/prodotto\\\/bellissima-e-unica-urna-in-mango-per-ceneri-urna-in-legno-per-adulti-costruzione-segmentata\\\/#breadcrumb\"},\"inLanguage\":\"it-IT\",\"potentialAction\":[{\"@type\":\"ReadAction\",\"target\":[\"https:\\\/\\\/www.rememberme-forever.com\\\/it\\\/prodotto\\\/bellissima-e-unica-urna-in-mango-per-ceneri-urna-in-legno-per-adulti-costruzione-segmentata\\\/\"]}]},{\"@type\":\"ImageObject\",\"inLanguage\":\"it-IT\",\"@id\":\"https:\\\/\\\/www.rememberme-forever.com\\\/it\\\/prodotto\\\/bellissima-e-unica-urna-in-mango-per-ceneri-urna-in-legno-per-adulti-costruzione-segmentata\\\/#primaryimage\",\"url\":\"https:\\\/\\\/www.rememberme-forever.com\\\/wp-content\\\/uploads\\\/2023\\\/03\\\/wooden-urn-mango-large-cremation-urn.jpg\",\"contentUrl\":\"https:\\\/\\\/www.rememberme-forever.com\\\/wp-content\\\/uploads\\\/2023\\\/03\\\/wooden-urn-mango-large-cremation-urn.jpg\",\"width\":2001,\"height\":2034,\"caption\":\"wood urn, mango urns set, large urn and keepsake, segmented wood urns\"},{\"@type\":\"BreadcrumbList\",\"@id\":\"https:\\\/\\\/www.rememberme-forever.com\\\/it\\\/prodotto\\\/bellissima-e-unica-urna-in-mango-per-ceneri-urna-in-legno-per-adulti-costruzione-segmentata\\\/#breadcrumb\",\"itemListElement\":[{\"@type\":\"ListItem\",\"position\":1,\"name\":\"Home\",\"item\":\"https:\\\/\\\/www.rememberme-forever.com\\\/it\\\/home\\\/\"},{\"@type\":\"ListItem\",\"position\":2,\"name\":\"Negozio\",\"item\":\"https:\\\/\\\/www.rememberme-forever.com\\\/it\\\/negozio\\\/\"},{\"@type\":\"ListItem\",\"position\":3,\"name\":\"Bellissima e unica urna in mango per ceneri, urna in legno per adulti, costruzione segmentata\"}]},{\"@type\":\"WebSite\",\"@id\":\"https:\\\/\\\/www.rememberme-forever.com\\\/it\\\/#website\",\"url\":\"https:\\\/\\\/www.rememberme-forever.com\\\/it\\\/\",\"name\":\"Remember Forever\",\"description\":\"Cremation urns, funeral urns, urns for ashes\",\"publisher\":{\"@id\":\"https:\\\/\\\/www.rememberme-forever.com\\\/it\\\/#organization\"},\"potentialAction\":[{\"@type\":\"SearchAction\",\"target\":{\"@type\":\"EntryPoint\",\"urlTemplate\":\"https:\\\/\\\/www.rememberme-forever.com\\\/it\\\/?s={search_term_string}\"},\"query-input\":{\"@type\":\"PropertyValueSpecification\",\"valueRequired\":true,\"valueName\":\"search_term_string\"}}],\"inLanguage\":\"it-IT\"},{\"@type\":\"Organization\",\"@id\":\"https:\\\/\\\/www.rememberme-forever.com\\\/it\\\/#organization\",\"name\":\"Remember Forever\",\"url\":\"https:\\\/\\\/www.rememberme-forever.com\\\/it\\\/\",\"logo\":{\"@type\":\"ImageObject\",\"inLanguage\":\"it-IT\",\"@id\":\"https:\\\/\\\/www.rememberme-forever.com\\\/it\\\/#\\\/schema\\\/logo\\\/image\\\/\",\"url\":\"https:\\\/\\\/www.rememberme-forever.com\\\/wp-content\\\/uploads\\\/2023\\\/02\\\/logo.png\",\"contentUrl\":\"https:\\\/\\\/www.rememberme-forever.com\\\/wp-content\\\/uploads\\\/2023\\\/02\\\/logo.png\",\"width\":300,\"height\":56,\"caption\":\"Remember Forever\"},\"image\":{\"@id\":\"https:\\\/\\\/www.rememberme-forever.com\\\/it\\\/#\\\/schema\\\/logo\\\/image\\\/\"}}]}<\/script>\n<!-- \/ Yoast SEO plugin. -->","yoast_head_json":{"title":"Bellissima e unica urna in mango per ceneri, urna in legno per adulti, costruzione segmentata","description":"Urna per ceneri in mango unica nel suo genere, un'opzione bella e sostenibile per onorare la memoria di una persona cara. Realizzata in legno di mango di alta qualit\u00e0.","robots":{"index":"index","follow":"follow","max-snippet":"max-snippet:-1","max-image-preview":"max-image-preview:large","max-video-preview":"max-video-preview:-1"},"canonical":"https:\/\/www.rememberme-forever.com\/it\/prodotto\/bellissima-e-unica-urna-in-mango-per-ceneri-urna-in-legno-per-adulti-costruzione-segmentata\/","og_locale":"it_IT","og_type":"article","og_title":"Bellissima e unica urna in mango per ceneri, urna in legno per adulti, costruzione segmentata","og_description":"Urna per ceneri in mango unica nel suo genere, un'opzione bella e sostenibile per onorare la memoria di una persona cara. Realizzata in legno di mango di alta qualit\u00e0.","og_url":"https:\/\/www.rememberme-forever.com\/it\/prodotto\/bellissima-e-unica-urna-in-mango-per-ceneri-urna-in-legno-per-adulti-costruzione-segmentata\/","og_site_name":"Remember Forever","article_modified_time":"2025-09-22T19:31:16+00:00","og_image":[{"width":2001,"height":2034,"url":"http:\/\/www.rememberme-forever.com\/wp-content\/uploads\/2023\/03\/wooden-urn-mango-large-cremation-urn.jpg","type":"image\/jpeg"}],"twitter_card":"summary_large_image","twitter_misc":{"Tempo di lettura stimato":"2 minuti"},"schema":{"@context":"https:\/\/schema.org","@graph":[{"@type":"WebPage","@id":"https:\/\/www.rememberme-forever.com\/it\/prodotto\/bellissima-e-unica-urna-in-mango-per-ceneri-urna-in-legno-per-adulti-costruzione-segmentata\/","url":"https:\/\/www.rememberme-forever.com\/it\/prodotto\/bellissima-e-unica-urna-in-mango-per-ceneri-urna-in-legno-per-adulti-costruzione-segmentata\/","name":"Bellissima e unica urna in mango per ceneri, urna in legno per adulti, costruzione segmentata","isPartOf":{"@id":"https:\/\/www.rememberme-forever.com\/it\/#website"},"primaryImageOfPage":{"@id":"https:\/\/www.rememberme-forever.com\/it\/prodotto\/bellissima-e-unica-urna-in-mango-per-ceneri-urna-in-legno-per-adulti-costruzione-segmentata\/#primaryimage"},"image":{"@id":"https:\/\/www.rememberme-forever.com\/it\/prodotto\/bellissima-e-unica-urna-in-mango-per-ceneri-urna-in-legno-per-adulti-costruzione-segmentata\/#primaryimage"},"thumbnailUrl":"https:\/\/www.rememberme-forever.com\/wp-content\/uploads\/2023\/03\/wooden-urn-mango-large-cremation-urn.jpg","datePublished":"2023-03-28T10:51:44+00:00","dateModified":"2025-09-22T19:31:16+00:00","description":"Urna per ceneri in mango unica nel suo genere, un'opzione bella e sostenibile per onorare la memoria di una persona cara. Realizzata in legno di mango di alta qualit\u00e0.","breadcrumb":{"@id":"https:\/\/www.rememberme-forever.com\/it\/prodotto\/bellissima-e-unica-urna-in-mango-per-ceneri-urna-in-legno-per-adulti-costruzione-segmentata\/#breadcrumb"},"inLanguage":"it-IT","potentialAction":[{"@type":"ReadAction","target":["https:\/\/www.rememberme-forever.com\/it\/prodotto\/bellissima-e-unica-urna-in-mango-per-ceneri-urna-in-legno-per-adulti-costruzione-segmentata\/"]}]},{"@type":"ImageObject","inLanguage":"it-IT","@id":"https:\/\/www.rememberme-forever.com\/it\/prodotto\/bellissima-e-unica-urna-in-mango-per-ceneri-urna-in-legno-per-adulti-costruzione-segmentata\/#primaryimage","url":"https:\/\/www.rememberme-forever.com\/wp-content\/uploads\/2023\/03\/wooden-urn-mango-large-cremation-urn.jpg","contentUrl":"https:\/\/www.rememberme-forever.com\/wp-content\/uploads\/2023\/03\/wooden-urn-mango-large-cremation-urn.jpg","width":2001,"height":2034,"caption":"wood urn, mango urns set, large urn and keepsake, segmented wood urns"},{"@type":"BreadcrumbList","@id":"https:\/\/www.rememberme-forever.com\/it\/prodotto\/bellissima-e-unica-urna-in-mango-per-ceneri-urna-in-legno-per-adulti-costruzione-segmentata\/#breadcrumb","itemListElement":[{"@type":"ListItem","position":1,"name":"Home","item":"https:\/\/www.rememberme-forever.com\/it\/home\/"},{"@type":"ListItem","position":2,"name":"Negozio","item":"https:\/\/www.rememberme-forever.com\/it\/negozio\/"},{"@type":"ListItem","position":3,"name":"Bellissima e unica urna in mango per ceneri, urna in legno per adulti, costruzione segmentata"}]},{"@type":"WebSite","@id":"https:\/\/www.rememberme-forever.com\/it\/#website","url":"https:\/\/www.rememberme-forever.com\/it\/","name":"Remember Forever","description":"Cremation urns, funeral urns, urns for ashes","publisher":{"@id":"https:\/\/www.rememberme-forever.com\/it\/#organization"},"potentialAction":[{"@type":"SearchAction","target":{"@type":"EntryPoint","urlTemplate":"https:\/\/www.rememberme-forever.com\/it\/?s={search_term_string}"},"query-input":{"@type":"PropertyValueSpecification","valueRequired":true,"valueName":"search_term_string"}}],"inLanguage":"it-IT"},{"@type":"Organization","@id":"https:\/\/www.rememberme-forever.com\/it\/#organization","name":"Remember Forever","url":"https:\/\/www.rememberme-forever.com\/it\/","logo":{"@type":"ImageObject","inLanguage":"it-IT","@id":"https:\/\/www.rememberme-forever.com\/it\/#\/schema\/logo\/image\/","url":"https:\/\/www.rememberme-forever.com\/wp-content\/uploads\/2023\/02\/logo.png","contentUrl":"https:\/\/www.rememberme-forever.com\/wp-content\/uploads\/2023\/02\/logo.png","width":300,"height":56,"caption":"Remember Forever"},"image":{"@id":"https:\/\/www.rememberme-forever.com\/it\/#\/schema\/logo\/image\/"}}]}},"acf":[],"_links":{"self":[{"href":"https:\/\/www.rememberme-forever.com\/it\/wp-json\/wp\/v2\/product\/18768","targetHints":{"allow":["GET"]}}],"collection":[{"href":"https:\/\/www.rememberme-forever.com\/it\/wp-json\/wp\/v2\/product"}],"about":[{"href":"https:\/\/www.rememberme-forever.com\/it\/wp-json\/wp\/v2\/types\/product"}],"wp:featuredmedia":[{"embeddable":true,"href":"https:\/\/www.rememberme-forever.com\/it\/wp-json\/wp\/v2\/media\/18769"}],"wp:attachment":[{"href":"https:\/\/www.rememberme-forever.com\/it\/wp-json\/wp\/v2\/media?parent=18768"}],"wp:term":[{"taxonomy":"product_brand","embeddable":true,"href":"https:\/\/www.rememberme-forever.com\/it\/wp-json\/wp\/v2\/product_brand?post=18768"},{"taxonomy":"product_cat","embeddable":true,"href":"https:\/\/www.rememberme-forever.com\/it\/wp-json\/wp\/v2\/product_cat?post=18768"},{"taxonomy":"product_tag","embeddable":true,"href":"https:\/\/www.rememberme-forever.com\/it\/wp-json\/wp\/v2\/product_tag?post=18768"}],"curies":[{"name":"wp","href":"https:\/\/api.w.org\/{rel}","templated":true}]}}