{"id":18873,"date":"2025-07-28T13:41:51","date_gmt":"2025-07-28T11:41:51","guid":{"rendered":"https:\/\/www.rememberme-forever.com\/product\/urna-con-chitarra-gibson-les-paul\/"},"modified":"2025-09-23T14:44:40","modified_gmt":"2025-09-23T12:44:40","slug":"urna-con-chitarra-gibson-les-paul","status":"publish","type":"product","link":"https:\/\/www.rememberme-forever.com\/it\/prodotto\/urna-con-chitarra-gibson-les-paul\/","title":{"rendered":"Urna con chitarra Gibson Les Paul"},"content":{"rendered":"<div style=\"text-align: center;\"><\/div>\n<div style=\"text-align: center;\" data-mce-fragment=\"1\">\n<p data-start=\"561\" data-end=\"912\"><span style=\"font-weight: normal;\"><span style=\"font-size: 15px;\">L&#8217;urna funeraria con motivo a chitarra Gibson Les Paul \u00e8 un omaggio unico a qualcuno che amava la musica, suonava la chitarra o era semplicemente un fan del rock. Realizzata in acciaio inossidabile di alta qualit\u00e0, presenta un elegante coperchio in legno scuro. Il pezzo centrale dell&#8217;urna \u00e8 un&#8217;incisione artistica raffigurante una chitarra elettrica classica. <\/span><\/span><\/p>\n<p data-start=\"914\" data-end=\"1150\"><span style=\"font-weight: normal;\"><span style=\"font-size: 15px;\">L&#8217;interno dell&#8217;urna \u00e8 rivestito in morbido feltro nero, che non solo ne esalta l&#8217;estetica, ma ne protegge anche il contenuto. \u00c8 il luogo di riposo perfetto per un amante della musica, e pu\u00f2 anche essere personalizzato con una targa incisa con il tuo testo. <\/span><\/span><\/p>\n<\/div>\n<div style=\"width: 100%; margin-bottom: 40px; height: max-content; padding-bottom: 60%; position: relative;\"><iframe style=\"position: absolute; top: 0; left: 0; width: 100%; height: 100%;\" src=\"https:\/\/rememberme-urns.com\/urn-with-a-les-paul-guitar\/\" frameborder=\"0\"><\/iframe><\/div>\n<div style=\"color: red; text-align: center; margin-bottom: 25px;\">\n<p>&gt;&gt; Foto rotante &#8211; tocca\/ingrandisci &lt;&lt;<\/p>\n<\/div>\n<p style=\"text-align: center;\"><strong>\u25ba PERSONALIZZAZIONE \u25c4<\/strong><\/p>\n<p style=\"text-align: center;\">\u2714\ufe0f Se scegli una targa personalizzata, inserisci il testo nell&#8217;apposito spazio o inviaci un messaggio.<\/p>\n<p style=\"text-align: center;\">\u2714\ufe0f La targa commemorativa personalizzata deve essere personalizzata durante il processo d&#8217;ordine. (Non preoccuparti se te ne dimentichi, puoi sempre inviarci un messaggio in seguito.)<\/p>\n<p style=\"text-align: center;\"><b>I limiti di testo sono i seguenti:<\/b><\/p>\n<p style=\"text-align: center;\"><span style=\"color: var(--text-color); font-size: 14px;\">Nome\/i fino a 24 caratteri<\/span><\/p>\n<p style=\"text-align: center;\"><span style=\"color: var(--text-color); font-size: 14px;\">Data di nascita e morte fino a 24 caratteri<\/span><\/p>\n<p style=\"text-align: center;\"><span style=\"color: var(--text-color); font-size: 14px;\">Terza riga fino a 24 caratteri<\/span><\/p>\n<p style=\"text-align: center;\"><span style=\"font-size: 14px;\">Quarta riga fino a 24 caratteri<\/span><\/p>\n<p style=\"text-align: center;\"><span style=\"font-size: 14px;\">Quinta riga fino a 24 caratteri<\/span><\/p>\n<div style=\"text-align: center;\"><\/div>\n<p style=\"text-align: center;\">\u2714\ufe0f Si prega di<strong> VERIFICARE ATTENTAMENTE<\/strong> il testo dell&#8217;incisione prima di aggiungere il prodotto al carrello. Copiamo e incidiamo esattamente le informazioni che riceviamo con l&#8217;ordine e non apportiamo alcuna modifica.<\/p>\n<p style=\"text-align: center;\">\u2714\ufe0f Controlla il testo per assicurarti che l&#8217;ortografia sia corretta.<\/p>\n<p style=\"text-align: center;\">\u2714\ufe0f <strong>NON <\/strong>inserire le informazioni per l&#8217;incisione se acquisti l&#8217;opzione &#8220;Urna senza targa&#8221;.<\/p>\n","protected":false},"excerpt":{"rendered":"<p>L&#8217;urna funeraria con motivo a chitarra Gibson Les Paul \u00e8 un omaggio unico a qualcuno che amava la musica, suonava la chitarra o era semplicemente&#8230;<\/p>\n","protected":false},"featured_media":18874,"comment_status":"closed","ping_status":"closed","template":"","meta":{"_acf_changed":false},"product_brand":[],"product_cat":[2486,2492],"product_tag":[3352],"class_list":{"0":"post-18873","1":"product","2":"type-product","3":"status-publish","4":"has-post-thumbnail","6":"product_cat-urne-a-tema","7":"product_cat-urne-musicali","8":"product_tag-gpsr-metal_wood_cover","9":"product_shipping_class-2-4kg-it","11":"first","12":"instock","13":"taxable","14":"shipping-taxable","15":"purchasable","16":"product-type-simple"},"yoast_head":"<!-- This site is optimized with the Yoast SEO plugin v27.5 - https:\/\/yoast.com\/product\/yoast-seo-wordpress\/ -->\n<title>Urna con chitarra Gibson Les Paul - Remember Forever<\/title>\n<meta name=\"robots\" content=\"index, follow, max-snippet:-1, max-image-preview:large, max-video-preview:-1\" \/>\n<link rel=\"canonical\" href=\"https:\/\/www.rememberme-forever.com\/it\/prodotto\/urna-con-chitarra-gibson-les-paul\/\" \/>\n<meta property=\"og:locale\" content=\"it_IT\" \/>\n<meta property=\"og:type\" content=\"article\" \/>\n<meta property=\"og:title\" content=\"Urna con chitarra Gibson Les Paul - Remember Forever\" \/>\n<meta property=\"og:description\" content=\"L&#8217;urna funeraria con motivo a chitarra Gibson Les Paul \u00e8 un omaggio unico a qualcuno che amava la musica, suonava la chitarra o era semplicemente...\" \/>\n<meta property=\"og:url\" content=\"https:\/\/www.rememberme-forever.com\/it\/prodotto\/urna-con-chitarra-gibson-les-paul\/\" \/>\n<meta property=\"og:site_name\" content=\"Remember Forever\" \/>\n<meta property=\"article:modified_time\" content=\"2025-09-23T12:44:40+00:00\" \/>\n<meta property=\"og:image\" content=\"http:\/\/www.rememberme-forever.com\/wp-content\/uploads\/2025\/07\/gibson-les-paul-guitar-urn_0001.jpg\" \/>\n\t<meta property=\"og:image:width\" content=\"1007\" \/>\n\t<meta property=\"og:image:height\" content=\"1024\" \/>\n\t<meta property=\"og:image:type\" content=\"image\/jpeg\" \/>\n<meta name=\"twitter:card\" content=\"summary_large_image\" \/>\n<meta name=\"twitter:label1\" content=\"Tempo di lettura stimato\" \/>\n\t<meta name=\"twitter:data1\" content=\"2 minuti\" \/>\n<script type=\"application\/ld+json\" class=\"yoast-schema-graph\">{\"@context\":\"https:\\\/\\\/schema.org\",\"@graph\":[{\"@type\":\"WebPage\",\"@id\":\"https:\\\/\\\/www.rememberme-forever.com\\\/it\\\/prodotto\\\/urna-con-chitarra-gibson-les-paul\\\/\",\"url\":\"https:\\\/\\\/www.rememberme-forever.com\\\/it\\\/prodotto\\\/urna-con-chitarra-gibson-les-paul\\\/\",\"name\":\"Urna con chitarra Gibson Les Paul - Remember Forever\",\"isPartOf\":{\"@id\":\"https:\\\/\\\/www.rememberme-forever.com\\\/it\\\/#website\"},\"primaryImageOfPage\":{\"@id\":\"https:\\\/\\\/www.rememberme-forever.com\\\/it\\\/prodotto\\\/urna-con-chitarra-gibson-les-paul\\\/#primaryimage\"},\"image\":{\"@id\":\"https:\\\/\\\/www.rememberme-forever.com\\\/it\\\/prodotto\\\/urna-con-chitarra-gibson-les-paul\\\/#primaryimage\"},\"thumbnailUrl\":\"https:\\\/\\\/www.rememberme-forever.com\\\/wp-content\\\/uploads\\\/2025\\\/07\\\/gibson-les-paul-guitar-urn_0001.jpg\",\"datePublished\":\"2025-07-28T11:41:51+00:00\",\"dateModified\":\"2025-09-23T12:44:40+00:00\",\"breadcrumb\":{\"@id\":\"https:\\\/\\\/www.rememberme-forever.com\\\/it\\\/prodotto\\\/urna-con-chitarra-gibson-les-paul\\\/#breadcrumb\"},\"inLanguage\":\"it-IT\",\"potentialAction\":[{\"@type\":\"ReadAction\",\"target\":[\"https:\\\/\\\/www.rememberme-forever.com\\\/it\\\/prodotto\\\/urna-con-chitarra-gibson-les-paul\\\/\"]}]},{\"@type\":\"ImageObject\",\"inLanguage\":\"it-IT\",\"@id\":\"https:\\\/\\\/www.rememberme-forever.com\\\/it\\\/prodotto\\\/urna-con-chitarra-gibson-les-paul\\\/#primaryimage\",\"url\":\"https:\\\/\\\/www.rememberme-forever.com\\\/wp-content\\\/uploads\\\/2025\\\/07\\\/gibson-les-paul-guitar-urn_0001.jpg\",\"contentUrl\":\"https:\\\/\\\/www.rememberme-forever.com\\\/wp-content\\\/uploads\\\/2025\\\/07\\\/gibson-les-paul-guitar-urn_0001.jpg\",\"width\":1007,\"height\":1024,\"caption\":\"Cremation urn with Gibson Les Paul guitar motif \u2013 side angle view\"},{\"@type\":\"BreadcrumbList\",\"@id\":\"https:\\\/\\\/www.rememberme-forever.com\\\/it\\\/prodotto\\\/urna-con-chitarra-gibson-les-paul\\\/#breadcrumb\",\"itemListElement\":[{\"@type\":\"ListItem\",\"position\":1,\"name\":\"Home\",\"item\":\"https:\\\/\\\/www.rememberme-forever.com\\\/it\\\/home\\\/\"},{\"@type\":\"ListItem\",\"position\":2,\"name\":\"Negozio\",\"item\":\"https:\\\/\\\/www.rememberme-forever.com\\\/it\\\/negozio\\\/\"},{\"@type\":\"ListItem\",\"position\":3,\"name\":\"Urna con chitarra Gibson Les Paul\"}]},{\"@type\":\"WebSite\",\"@id\":\"https:\\\/\\\/www.rememberme-forever.com\\\/it\\\/#website\",\"url\":\"https:\\\/\\\/www.rememberme-forever.com\\\/it\\\/\",\"name\":\"Remember Forever\",\"description\":\"Cremation urns, funeral urns, urns for ashes\",\"publisher\":{\"@id\":\"https:\\\/\\\/www.rememberme-forever.com\\\/it\\\/#organization\"},\"potentialAction\":[{\"@type\":\"SearchAction\",\"target\":{\"@type\":\"EntryPoint\",\"urlTemplate\":\"https:\\\/\\\/www.rememberme-forever.com\\\/it\\\/?s={search_term_string}\"},\"query-input\":{\"@type\":\"PropertyValueSpecification\",\"valueRequired\":true,\"valueName\":\"search_term_string\"}}],\"inLanguage\":\"it-IT\"},{\"@type\":\"Organization\",\"@id\":\"https:\\\/\\\/www.rememberme-forever.com\\\/it\\\/#organization\",\"name\":\"Remember Forever\",\"url\":\"https:\\\/\\\/www.rememberme-forever.com\\\/it\\\/\",\"logo\":{\"@type\":\"ImageObject\",\"inLanguage\":\"it-IT\",\"@id\":\"https:\\\/\\\/www.rememberme-forever.com\\\/it\\\/#\\\/schema\\\/logo\\\/image\\\/\",\"url\":\"https:\\\/\\\/www.rememberme-forever.com\\\/wp-content\\\/uploads\\\/2023\\\/02\\\/logo.png\",\"contentUrl\":\"https:\\\/\\\/www.rememberme-forever.com\\\/wp-content\\\/uploads\\\/2023\\\/02\\\/logo.png\",\"width\":300,\"height\":56,\"caption\":\"Remember Forever\"},\"image\":{\"@id\":\"https:\\\/\\\/www.rememberme-forever.com\\\/it\\\/#\\\/schema\\\/logo\\\/image\\\/\"}}]}<\/script>\n<!-- \/ Yoast SEO plugin. -->","yoast_head_json":{"title":"Urna con chitarra Gibson Les Paul - Remember Forever","robots":{"index":"index","follow":"follow","max-snippet":"max-snippet:-1","max-image-preview":"max-image-preview:large","max-video-preview":"max-video-preview:-1"},"canonical":"https:\/\/www.rememberme-forever.com\/it\/prodotto\/urna-con-chitarra-gibson-les-paul\/","og_locale":"it_IT","og_type":"article","og_title":"Urna con chitarra Gibson Les Paul - Remember Forever","og_description":"L&#8217;urna funeraria con motivo a chitarra Gibson Les Paul \u00e8 un omaggio unico a qualcuno che amava la musica, suonava la chitarra o era semplicemente...","og_url":"https:\/\/www.rememberme-forever.com\/it\/prodotto\/urna-con-chitarra-gibson-les-paul\/","og_site_name":"Remember Forever","article_modified_time":"2025-09-23T12:44:40+00:00","og_image":[{"width":1007,"height":1024,"url":"http:\/\/www.rememberme-forever.com\/wp-content\/uploads\/2025\/07\/gibson-les-paul-guitar-urn_0001.jpg","type":"image\/jpeg"}],"twitter_card":"summary_large_image","twitter_misc":{"Tempo di lettura stimato":"2 minuti"},"schema":{"@context":"https:\/\/schema.org","@graph":[{"@type":"WebPage","@id":"https:\/\/www.rememberme-forever.com\/it\/prodotto\/urna-con-chitarra-gibson-les-paul\/","url":"https:\/\/www.rememberme-forever.com\/it\/prodotto\/urna-con-chitarra-gibson-les-paul\/","name":"Urna con chitarra Gibson Les Paul - Remember Forever","isPartOf":{"@id":"https:\/\/www.rememberme-forever.com\/it\/#website"},"primaryImageOfPage":{"@id":"https:\/\/www.rememberme-forever.com\/it\/prodotto\/urna-con-chitarra-gibson-les-paul\/#primaryimage"},"image":{"@id":"https:\/\/www.rememberme-forever.com\/it\/prodotto\/urna-con-chitarra-gibson-les-paul\/#primaryimage"},"thumbnailUrl":"https:\/\/www.rememberme-forever.com\/wp-content\/uploads\/2025\/07\/gibson-les-paul-guitar-urn_0001.jpg","datePublished":"2025-07-28T11:41:51+00:00","dateModified":"2025-09-23T12:44:40+00:00","breadcrumb":{"@id":"https:\/\/www.rememberme-forever.com\/it\/prodotto\/urna-con-chitarra-gibson-les-paul\/#breadcrumb"},"inLanguage":"it-IT","potentialAction":[{"@type":"ReadAction","target":["https:\/\/www.rememberme-forever.com\/it\/prodotto\/urna-con-chitarra-gibson-les-paul\/"]}]},{"@type":"ImageObject","inLanguage":"it-IT","@id":"https:\/\/www.rememberme-forever.com\/it\/prodotto\/urna-con-chitarra-gibson-les-paul\/#primaryimage","url":"https:\/\/www.rememberme-forever.com\/wp-content\/uploads\/2025\/07\/gibson-les-paul-guitar-urn_0001.jpg","contentUrl":"https:\/\/www.rememberme-forever.com\/wp-content\/uploads\/2025\/07\/gibson-les-paul-guitar-urn_0001.jpg","width":1007,"height":1024,"caption":"Cremation urn with Gibson Les Paul guitar motif \u2013 side angle view"},{"@type":"BreadcrumbList","@id":"https:\/\/www.rememberme-forever.com\/it\/prodotto\/urna-con-chitarra-gibson-les-paul\/#breadcrumb","itemListElement":[{"@type":"ListItem","position":1,"name":"Home","item":"https:\/\/www.rememberme-forever.com\/it\/home\/"},{"@type":"ListItem","position":2,"name":"Negozio","item":"https:\/\/www.rememberme-forever.com\/it\/negozio\/"},{"@type":"ListItem","position":3,"name":"Urna con chitarra Gibson Les Paul"}]},{"@type":"WebSite","@id":"https:\/\/www.rememberme-forever.com\/it\/#website","url":"https:\/\/www.rememberme-forever.com\/it\/","name":"Remember Forever","description":"Cremation urns, funeral urns, urns for ashes","publisher":{"@id":"https:\/\/www.rememberme-forever.com\/it\/#organization"},"potentialAction":[{"@type":"SearchAction","target":{"@type":"EntryPoint","urlTemplate":"https:\/\/www.rememberme-forever.com\/it\/?s={search_term_string}"},"query-input":{"@type":"PropertyValueSpecification","valueRequired":true,"valueName":"search_term_string"}}],"inLanguage":"it-IT"},{"@type":"Organization","@id":"https:\/\/www.rememberme-forever.com\/it\/#organization","name":"Remember Forever","url":"https:\/\/www.rememberme-forever.com\/it\/","logo":{"@type":"ImageObject","inLanguage":"it-IT","@id":"https:\/\/www.rememberme-forever.com\/it\/#\/schema\/logo\/image\/","url":"https:\/\/www.rememberme-forever.com\/wp-content\/uploads\/2023\/02\/logo.png","contentUrl":"https:\/\/www.rememberme-forever.com\/wp-content\/uploads\/2023\/02\/logo.png","width":300,"height":56,"caption":"Remember Forever"},"image":{"@id":"https:\/\/www.rememberme-forever.com\/it\/#\/schema\/logo\/image\/"}}]}},"acf":[],"_links":{"self":[{"href":"https:\/\/www.rememberme-forever.com\/it\/wp-json\/wp\/v2\/product\/18873","targetHints":{"allow":["GET"]}}],"collection":[{"href":"https:\/\/www.rememberme-forever.com\/it\/wp-json\/wp\/v2\/product"}],"about":[{"href":"https:\/\/www.rememberme-forever.com\/it\/wp-json\/wp\/v2\/types\/product"}],"replies":[{"embeddable":true,"href":"https:\/\/www.rememberme-forever.com\/it\/wp-json\/wp\/v2\/comments?post=18873"}],"wp:featuredmedia":[{"embeddable":true,"href":"https:\/\/www.rememberme-forever.com\/it\/wp-json\/wp\/v2\/media\/18874"}],"wp:attachment":[{"href":"https:\/\/www.rememberme-forever.com\/it\/wp-json\/wp\/v2\/media?parent=18873"}],"wp:term":[{"taxonomy":"product_brand","embeddable":true,"href":"https:\/\/www.rememberme-forever.com\/it\/wp-json\/wp\/v2\/product_brand?post=18873"},{"taxonomy":"product_cat","embeddable":true,"href":"https:\/\/www.rememberme-forever.com\/it\/wp-json\/wp\/v2\/product_cat?post=18873"},{"taxonomy":"product_tag","embeddable":true,"href":"https:\/\/www.rememberme-forever.com\/it\/wp-json\/wp\/v2\/product_tag?post=18873"}],"curies":[{"name":"wp","href":"https:\/\/api.w.org\/{rel}","templated":true}]}}