{"id":18963,"date":"2023-04-04T14:38:15","date_gmt":"2023-04-04T12:38:15","guid":{"rendered":"https:\/\/www.rememberme-forever.com\/product\/doppio-cuore-urna-cineraria-in-acciaio-inox-per-adulti\/"},"modified":"2025-09-24T10:22:50","modified_gmt":"2025-09-24T08:22:50","slug":"doppio-cuore-urna-cineraria-in-acciaio-inox-per-adulti","status":"publish","type":"product","link":"https:\/\/www.rememberme-forever.com\/it\/prodotto\/doppio-cuore-urna-cineraria-in-acciaio-inox-per-adulti\/","title":{"rendered":"Doppio Cuore &#8211; Urna cineraria in acciaio inox per adulti"},"content":{"rendered":"<div style=\"width: 100%; margin-bottom: 30px; height: max-content; padding-bottom: 60%; position: relative;\"><iframe style=\"position: absolute; top: 0; left: 0; width: 100%; height: 100%;\" src=\"https:\/\/rememberme-urns.com\/stainless-steel-urn-with-hearts\/\" frameborder=\"0\"><\/iframe><\/div>\n<div style=\"color: red; text-align: center; margin-bottom: 25px;\">\n<p>&gt;&gt; Foto rotante &#8211; tocca\/ingrandisci &lt;&lt;<\/p>\n<\/div>\n<h2 style=\"text-align: center;\"><strong>Urna cineraria in acciaio inox per adulti<\/strong><\/h2>\n<p style=\"text-align: center;\"><strong>L&#8217;urna cineraria in acciaio inox per adulti &#8220;Doppio Cuore&#8221; <\/strong>\u00e8 un modo unico e prezioso per onorare la memoria della persona cara. Questa elegante urna \u00e8 composta da una sfera in acciaio inox e una base in marmo, che la rendono resistente e straordinariamente bella.<\/p>\n<p style=\"text-align: center;\">La sfera \u00e8 lucidata a specchio, riflettendo la luce in un modo che richiama la luminosit\u00e0 dello spirito della persona cara. La base in marmo \u00e8 robusta e solida, fornendo una solida base per la sfera e aggiungendo un tocco di eleganza al design complessivo.<\/p>\n<p style=\"text-align: center;\">Una delle caratteristiche pi\u00f9 speciali di questa urna \u00e8 la targa commemorativa in dotazione. Puoi personalizzare la targa con il tuo testo, che si tratti di un messaggio sentito, una poesia o semplicemente il nome e le date della persona cara. Questa personalizzazione rende l&#8217;urna ancora pi\u00f9 significativa e speciale, diventando un omaggio unico alla persona cara.<\/p>\n<p style=\"text-align: center;\">L&#8217;urna cineraria per adulti in acciaio inox Double Heart \u00e8 perfetta per chi desidera onorare la persona amata in modo unico e prezioso. \u00c8 un simbolo dell&#8217;amore condiviso e dei ricordi che custodirete per sempre.<\/p>\n<p>&nbsp;<\/p>\n<p style=\"text-align: center;\">\u2611\ufe0f Gli angoli della base in marmo possono essere arrotondati o dritti, a seconda della disponibilit\u00e0 attuale. Se avete preferenze riguardo agli angoli della base, vi preghiamo di contattarci prima di effettuare l&#8217;acquisto.<\/p>\n<p>&nbsp;<\/p>\n<h3 style=\"text-align: center;\"><strong>PERSONALIZZAZIONE<\/strong><\/h3>\n<p style=\"text-align: center;\">La targa commemorativa personalizzata deve essere personalizzata al momento dell&#8217;ordine. (Non preoccuparti se non la trovi, puoi sempre inviarci un messaggio in seguito.)<\/p>\n<p style=\"text-align: center;\"><img loading=\"lazy\" decoding=\"async\" class=\"alignnone wp-image-994\" src=\"http:\/\/www.rememberme-forever.com\/wp-content\/uploads\/2023\/04\/engraved-stainless-steel-urn-300x300.jpg\" alt=\"urna cineraria in acciaio inox incisa\" width=\"188\" height=\"188\" srcset=\"https:\/\/www.rememberme-forever.com\/wp-content\/uploads\/2023\/04\/engraved-stainless-steel-urn-300x300.jpg 300w, https:\/\/www.rememberme-forever.com\/wp-content\/uploads\/2023\/04\/engraved-stainless-steel-urn-150x150.jpg 150w, https:\/\/www.rememberme-forever.com\/wp-content\/uploads\/2023\/04\/engraved-stainless-steel-urn-768x768.jpg 768w, https:\/\/www.rememberme-forever.com\/wp-content\/uploads\/2023\/04\/engraved-stainless-steel-urn-600x600.jpg 600w, https:\/\/www.rememberme-forever.com\/wp-content\/uploads\/2023\/04\/engraved-stainless-steel-urn-100x100.jpg 100w, https:\/\/www.rememberme-forever.com\/wp-content\/uploads\/2023\/04\/engraved-stainless-steel-urn-64x64.jpg 64w, https:\/\/www.rememberme-forever.com\/wp-content\/uploads\/2023\/04\/engraved-stainless-steel-urn.jpg 959w\" sizes=\"auto, (max-width: 188px) 100vw, 188px\" \/><\/p>\n<p style=\"text-align: center;\">Si prega di LEGGERE attentamente il testo per l&#8217;incisione prima di aggiungere l&#8217;articolo al carrello. Copiamo e incidiamo esattamente le informazioni che riceviamo con l&#8217;ordine e non apportiamo alcuna modifica.<\/p>\n<p style=\"text-align: center;\"><strong>Si prega di rivedere il testo per assicurarsi che l&#8217;ortografia sia corretta.<\/strong><\/p>\n<p>&nbsp;<\/p>\n<h3 style=\"text-align: center;\"><strong>Come versare le ceneri in un&#8217;urna?<\/strong><\/h3>\n<p><iframe loading=\"lazy\" title=\"How to Fill An Urn | How to Transfer Ashes in an Urn -  Always in my Heart Stainless Steel Urn\" width=\"640\" height=\"360\" src=\"https:\/\/www.youtube.com\/embed\/RJpJECh-Mns?start=22&#038;feature=oembed\" frameborder=\"0\" allow=\"accelerometer; autoplay; clipboard-write; encrypted-media; gyroscope; picture-in-picture; web-share\" referrerpolicy=\"strict-origin-when-cross-origin\" allowfullscreen><\/iframe><\/p>\n","protected":false},"excerpt":{"rendered":"<p>Urna cineraria in acciaio inox e marmo. Urna cineraria elegante e solida.<\/p>\n<p><strong>Adatta a contenere le ceneri di una persona di peso corporeo fino a circa 102 kg. <\/strong><\/p>\n<p>\u2705 Questa urna non \u00e8 adatta all&#8217;esterno. Scopri le nostre <a href=\"https:\/\/www.rememberme-forever.com\/product-category\/outdoor-urns\/\" target=\"_blank\" rel=\"noopener\"><strong>urne per esterni. &gt;&gt;<\/strong><\/a><\/p>\n","protected":false},"featured_media":18968,"template":"","meta":{"_acf_changed":false},"product_brand":[],"product_cat":[2482],"product_tag":[3346],"class_list":{"0":"post-18963","1":"product","2":"type-product","3":"status-publish","4":"has-post-thumbnail","6":"product_cat-urne-di-metallo","7":"product_tag-gpsr-metal_stonebase","8":"product_shipping_class-4-5-kg-it","10":"first","11":"instock","12":"taxable","13":"shipping-taxable","14":"purchasable","15":"product-type-variable"},"yoast_head":"<!-- This site is optimized with the Yoast SEO plugin v27.4 - https:\/\/yoast.com\/product\/yoast-seo-wordpress\/ -->\n<title>Doppio Cuore - Urna cineraria in acciaio inox per adulti<\/title>\n<meta name=\"description\" content=\"L&#039;urna per ceneri per adulti in acciaio inossidabile &quot;Double Heart&quot; \u00e8 un modo bello e unico per onorare la memoria della persona cara.\" \/>\n<meta name=\"robots\" content=\"index, follow, max-snippet:-1, max-image-preview:large, max-video-preview:-1\" \/>\n<link rel=\"canonical\" href=\"https:\/\/www.rememberme-forever.com\/it\/prodotto\/doppio-cuore-urna-cineraria-in-acciaio-inox-per-adulti\/\" \/>\n<meta property=\"og:locale\" content=\"it_IT\" \/>\n<meta property=\"og:type\" content=\"article\" \/>\n<meta property=\"og:title\" content=\"Doppio Cuore - Urna cineraria in acciaio inox per adulti\" \/>\n<meta property=\"og:description\" content=\"L&#039;urna per ceneri per adulti in acciaio inossidabile &quot;Double Heart&quot; \u00e8 un modo bello e unico per onorare la memoria della persona cara.\" \/>\n<meta property=\"og:url\" content=\"https:\/\/www.rememberme-forever.com\/it\/prodotto\/doppio-cuore-urna-cineraria-in-acciaio-inox-per-adulti\/\" \/>\n<meta property=\"og:site_name\" content=\"Remember Forever\" \/>\n<meta property=\"article:modified_time\" content=\"2025-09-24T08:22:50+00:00\" \/>\n<meta property=\"og:image\" content=\"http:\/\/www.rememberme-forever.com\/wp-content\/uploads\/2023\/04\/stainless-steel-cremation-urn.jpg\" \/>\n\t<meta property=\"og:image:width\" content=\"959\" \/>\n\t<meta property=\"og:image:height\" content=\"959\" \/>\n\t<meta property=\"og:image:type\" content=\"image\/jpeg\" \/>\n<meta name=\"twitter:card\" content=\"summary_large_image\" \/>\n<meta name=\"twitter:label1\" content=\"Tempo di lettura stimato\" \/>\n\t<meta name=\"twitter:data1\" content=\"2 minuti\" \/>\n<script type=\"application\/ld+json\" class=\"yoast-schema-graph\">{\"@context\":\"https:\\\/\\\/schema.org\",\"@graph\":[{\"@type\":\"WebPage\",\"@id\":\"https:\\\/\\\/www.rememberme-forever.com\\\/it\\\/prodotto\\\/doppio-cuore-urna-cineraria-in-acciaio-inox-per-adulti\\\/\",\"url\":\"https:\\\/\\\/www.rememberme-forever.com\\\/it\\\/prodotto\\\/doppio-cuore-urna-cineraria-in-acciaio-inox-per-adulti\\\/\",\"name\":\"Doppio Cuore - Urna cineraria in acciaio inox per adulti\",\"isPartOf\":{\"@id\":\"https:\\\/\\\/www.rememberme-forever.com\\\/it\\\/#website\"},\"primaryImageOfPage\":{\"@id\":\"https:\\\/\\\/www.rememberme-forever.com\\\/it\\\/prodotto\\\/doppio-cuore-urna-cineraria-in-acciaio-inox-per-adulti\\\/#primaryimage\"},\"image\":{\"@id\":\"https:\\\/\\\/www.rememberme-forever.com\\\/it\\\/prodotto\\\/doppio-cuore-urna-cineraria-in-acciaio-inox-per-adulti\\\/#primaryimage\"},\"thumbnailUrl\":\"https:\\\/\\\/www.rememberme-forever.com\\\/wp-content\\\/uploads\\\/2023\\\/04\\\/stainless-steel-cremation-urn.jpg\",\"datePublished\":\"2023-04-04T12:38:15+00:00\",\"dateModified\":\"2025-09-24T08:22:50+00:00\",\"description\":\"L'urna per ceneri per adulti in acciaio inossidabile \\\"Double Heart\\\" \u00e8 un modo bello e unico per onorare la memoria della persona cara.\",\"breadcrumb\":{\"@id\":\"https:\\\/\\\/www.rememberme-forever.com\\\/it\\\/prodotto\\\/doppio-cuore-urna-cineraria-in-acciaio-inox-per-adulti\\\/#breadcrumb\"},\"inLanguage\":\"it-IT\",\"potentialAction\":[{\"@type\":\"ReadAction\",\"target\":[\"https:\\\/\\\/www.rememberme-forever.com\\\/it\\\/prodotto\\\/doppio-cuore-urna-cineraria-in-acciaio-inox-per-adulti\\\/\"]}]},{\"@type\":\"ImageObject\",\"inLanguage\":\"it-IT\",\"@id\":\"https:\\\/\\\/www.rememberme-forever.com\\\/it\\\/prodotto\\\/doppio-cuore-urna-cineraria-in-acciaio-inox-per-adulti\\\/#primaryimage\",\"url\":\"https:\\\/\\\/www.rememberme-forever.com\\\/wp-content\\\/uploads\\\/2023\\\/04\\\/stainless-steel-cremation-urn.jpg\",\"contentUrl\":\"https:\\\/\\\/www.rememberme-forever.com\\\/wp-content\\\/uploads\\\/2023\\\/04\\\/stainless-steel-cremation-urn.jpg\",\"width\":959,\"height\":959,\"caption\":\"urna per ceneri per adulti in acciaio inossidabile\"},{\"@type\":\"BreadcrumbList\",\"@id\":\"https:\\\/\\\/www.rememberme-forever.com\\\/it\\\/prodotto\\\/doppio-cuore-urna-cineraria-in-acciaio-inox-per-adulti\\\/#breadcrumb\",\"itemListElement\":[{\"@type\":\"ListItem\",\"position\":1,\"name\":\"Home\",\"item\":\"https:\\\/\\\/www.rememberme-forever.com\\\/it\\\/home\\\/\"},{\"@type\":\"ListItem\",\"position\":2,\"name\":\"Negozio\",\"item\":\"https:\\\/\\\/www.rememberme-forever.com\\\/it\\\/negozio\\\/\"},{\"@type\":\"ListItem\",\"position\":3,\"name\":\"Doppio Cuore &#8211; Urna cineraria in acciaio inox per adulti\"}]},{\"@type\":\"WebSite\",\"@id\":\"https:\\\/\\\/www.rememberme-forever.com\\\/it\\\/#website\",\"url\":\"https:\\\/\\\/www.rememberme-forever.com\\\/it\\\/\",\"name\":\"Remember Forever\",\"description\":\"Cremation urns, funeral urns, urns for ashes\",\"publisher\":{\"@id\":\"https:\\\/\\\/www.rememberme-forever.com\\\/it\\\/#organization\"},\"potentialAction\":[{\"@type\":\"SearchAction\",\"target\":{\"@type\":\"EntryPoint\",\"urlTemplate\":\"https:\\\/\\\/www.rememberme-forever.com\\\/it\\\/?s={search_term_string}\"},\"query-input\":{\"@type\":\"PropertyValueSpecification\",\"valueRequired\":true,\"valueName\":\"search_term_string\"}}],\"inLanguage\":\"it-IT\"},{\"@type\":\"Organization\",\"@id\":\"https:\\\/\\\/www.rememberme-forever.com\\\/it\\\/#organization\",\"name\":\"Remember Forever\",\"url\":\"https:\\\/\\\/www.rememberme-forever.com\\\/it\\\/\",\"logo\":{\"@type\":\"ImageObject\",\"inLanguage\":\"it-IT\",\"@id\":\"https:\\\/\\\/www.rememberme-forever.com\\\/it\\\/#\\\/schema\\\/logo\\\/image\\\/\",\"url\":\"https:\\\/\\\/www.rememberme-forever.com\\\/wp-content\\\/uploads\\\/2023\\\/02\\\/logo.png\",\"contentUrl\":\"https:\\\/\\\/www.rememberme-forever.com\\\/wp-content\\\/uploads\\\/2023\\\/02\\\/logo.png\",\"width\":300,\"height\":56,\"caption\":\"Remember Forever\"},\"image\":{\"@id\":\"https:\\\/\\\/www.rememberme-forever.com\\\/it\\\/#\\\/schema\\\/logo\\\/image\\\/\"}}]}<\/script>\n<!-- \/ Yoast SEO plugin. -->","yoast_head_json":{"title":"Doppio Cuore - Urna cineraria in acciaio inox per adulti","description":"L'urna per ceneri per adulti in acciaio inossidabile \"Double Heart\" \u00e8 un modo bello e unico per onorare la memoria della persona cara.","robots":{"index":"index","follow":"follow","max-snippet":"max-snippet:-1","max-image-preview":"max-image-preview:large","max-video-preview":"max-video-preview:-1"},"canonical":"https:\/\/www.rememberme-forever.com\/it\/prodotto\/doppio-cuore-urna-cineraria-in-acciaio-inox-per-adulti\/","og_locale":"it_IT","og_type":"article","og_title":"Doppio Cuore - Urna cineraria in acciaio inox per adulti","og_description":"L'urna per ceneri per adulti in acciaio inossidabile \"Double Heart\" \u00e8 un modo bello e unico per onorare la memoria della persona cara.","og_url":"https:\/\/www.rememberme-forever.com\/it\/prodotto\/doppio-cuore-urna-cineraria-in-acciaio-inox-per-adulti\/","og_site_name":"Remember Forever","article_modified_time":"2025-09-24T08:22:50+00:00","og_image":[{"width":959,"height":959,"url":"http:\/\/www.rememberme-forever.com\/wp-content\/uploads\/2023\/04\/stainless-steel-cremation-urn.jpg","type":"image\/jpeg"}],"twitter_card":"summary_large_image","twitter_misc":{"Tempo di lettura stimato":"2 minuti"},"schema":{"@context":"https:\/\/schema.org","@graph":[{"@type":"WebPage","@id":"https:\/\/www.rememberme-forever.com\/it\/prodotto\/doppio-cuore-urna-cineraria-in-acciaio-inox-per-adulti\/","url":"https:\/\/www.rememberme-forever.com\/it\/prodotto\/doppio-cuore-urna-cineraria-in-acciaio-inox-per-adulti\/","name":"Doppio Cuore - Urna cineraria in acciaio inox per adulti","isPartOf":{"@id":"https:\/\/www.rememberme-forever.com\/it\/#website"},"primaryImageOfPage":{"@id":"https:\/\/www.rememberme-forever.com\/it\/prodotto\/doppio-cuore-urna-cineraria-in-acciaio-inox-per-adulti\/#primaryimage"},"image":{"@id":"https:\/\/www.rememberme-forever.com\/it\/prodotto\/doppio-cuore-urna-cineraria-in-acciaio-inox-per-adulti\/#primaryimage"},"thumbnailUrl":"https:\/\/www.rememberme-forever.com\/wp-content\/uploads\/2023\/04\/stainless-steel-cremation-urn.jpg","datePublished":"2023-04-04T12:38:15+00:00","dateModified":"2025-09-24T08:22:50+00:00","description":"L'urna per ceneri per adulti in acciaio inossidabile \"Double Heart\" \u00e8 un modo bello e unico per onorare la memoria della persona cara.","breadcrumb":{"@id":"https:\/\/www.rememberme-forever.com\/it\/prodotto\/doppio-cuore-urna-cineraria-in-acciaio-inox-per-adulti\/#breadcrumb"},"inLanguage":"it-IT","potentialAction":[{"@type":"ReadAction","target":["https:\/\/www.rememberme-forever.com\/it\/prodotto\/doppio-cuore-urna-cineraria-in-acciaio-inox-per-adulti\/"]}]},{"@type":"ImageObject","inLanguage":"it-IT","@id":"https:\/\/www.rememberme-forever.com\/it\/prodotto\/doppio-cuore-urna-cineraria-in-acciaio-inox-per-adulti\/#primaryimage","url":"https:\/\/www.rememberme-forever.com\/wp-content\/uploads\/2023\/04\/stainless-steel-cremation-urn.jpg","contentUrl":"https:\/\/www.rememberme-forever.com\/wp-content\/uploads\/2023\/04\/stainless-steel-cremation-urn.jpg","width":959,"height":959,"caption":"urna per ceneri per adulti in acciaio inossidabile"},{"@type":"BreadcrumbList","@id":"https:\/\/www.rememberme-forever.com\/it\/prodotto\/doppio-cuore-urna-cineraria-in-acciaio-inox-per-adulti\/#breadcrumb","itemListElement":[{"@type":"ListItem","position":1,"name":"Home","item":"https:\/\/www.rememberme-forever.com\/it\/home\/"},{"@type":"ListItem","position":2,"name":"Negozio","item":"https:\/\/www.rememberme-forever.com\/it\/negozio\/"},{"@type":"ListItem","position":3,"name":"Doppio Cuore &#8211; Urna cineraria in acciaio inox per adulti"}]},{"@type":"WebSite","@id":"https:\/\/www.rememberme-forever.com\/it\/#website","url":"https:\/\/www.rememberme-forever.com\/it\/","name":"Remember Forever","description":"Cremation urns, funeral urns, urns for ashes","publisher":{"@id":"https:\/\/www.rememberme-forever.com\/it\/#organization"},"potentialAction":[{"@type":"SearchAction","target":{"@type":"EntryPoint","urlTemplate":"https:\/\/www.rememberme-forever.com\/it\/?s={search_term_string}"},"query-input":{"@type":"PropertyValueSpecification","valueRequired":true,"valueName":"search_term_string"}}],"inLanguage":"it-IT"},{"@type":"Organization","@id":"https:\/\/www.rememberme-forever.com\/it\/#organization","name":"Remember Forever","url":"https:\/\/www.rememberme-forever.com\/it\/","logo":{"@type":"ImageObject","inLanguage":"it-IT","@id":"https:\/\/www.rememberme-forever.com\/it\/#\/schema\/logo\/image\/","url":"https:\/\/www.rememberme-forever.com\/wp-content\/uploads\/2023\/02\/logo.png","contentUrl":"https:\/\/www.rememberme-forever.com\/wp-content\/uploads\/2023\/02\/logo.png","width":300,"height":56,"caption":"Remember Forever"},"image":{"@id":"https:\/\/www.rememberme-forever.com\/it\/#\/schema\/logo\/image\/"}}]}},"acf":[],"_links":{"self":[{"href":"https:\/\/www.rememberme-forever.com\/it\/wp-json\/wp\/v2\/product\/18963","targetHints":{"allow":["GET"]}}],"collection":[{"href":"https:\/\/www.rememberme-forever.com\/it\/wp-json\/wp\/v2\/product"}],"about":[{"href":"https:\/\/www.rememberme-forever.com\/it\/wp-json\/wp\/v2\/types\/product"}],"wp:featuredmedia":[{"embeddable":true,"href":"https:\/\/www.rememberme-forever.com\/it\/wp-json\/wp\/v2\/media\/18968"}],"wp:attachment":[{"href":"https:\/\/www.rememberme-forever.com\/it\/wp-json\/wp\/v2\/media?parent=18963"}],"wp:term":[{"taxonomy":"product_brand","embeddable":true,"href":"https:\/\/www.rememberme-forever.com\/it\/wp-json\/wp\/v2\/product_brand?post=18963"},{"taxonomy":"product_cat","embeddable":true,"href":"https:\/\/www.rememberme-forever.com\/it\/wp-json\/wp\/v2\/product_cat?post=18963"},{"taxonomy":"product_tag","embeddable":true,"href":"https:\/\/www.rememberme-forever.com\/it\/wp-json\/wp\/v2\/product_tag?post=18963"}],"curies":[{"name":"wp","href":"https:\/\/api.w.org\/{rel}","templated":true}]}}