{"id":19245,"date":"2024-08-07T10:05:47","date_gmt":"2024-08-07T08:05:47","guid":{"rendered":"https:\/\/www.rememberme-forever.com\/product\/urna-a-tema-per-un-cuoco\/"},"modified":"2025-09-25T15:50:54","modified_gmt":"2025-09-25T13:50:54","slug":"urna-a-tema-per-un-cuoco","status":"publish","type":"product","link":"https:\/\/www.rememberme-forever.com\/it\/prodotto\/urna-a-tema-per-un-cuoco\/","title":{"rendered":"Urna a tema per un cuoco"},"content":{"rendered":"<p style=\"text-align: center;\">Onorare la memoria di qualcuno la cui vita \u00e8 stata dedicata alla cucina richiede un&#8217;urna speciale. La nostra <strong>Urna per un Cuoco <\/strong>\u00e8 progettata per celebrare l&#8217;arte culinaria e la passione della persona cara.<\/p>\n<h3 style=\"text-align: center;\">Design elegante e personalizzazione<\/h3>\n<p style=\"text-align: center;\">Questa urna presenta una finitura in mogano lucido, che le conferisce un aspetto senza tempo e dignitoso. I bordi leggermente arrotondati aggiungono un tocco di moderna eleganza. La parte anteriore dell&#8217;urna \u00e8 decorata con un&#8217;intricata incisione di utensili da cucina, a simboleggiare l&#8217;amore per la cucina. Inoltre, una targa commemorativa personalizzata consente di aggiungere un testo personalizzato, come il nome della persona cara, date importanti o un messaggio sentito, rendendo quest&#8217;urna un omaggio unico e significativo.<\/p>\n<h3 style=\"text-align: center;\">Artigianato di alta qualit\u00e0<\/h3>\n<p style=\"text-align: center;\">Realizzata in legno massello, questa urna unisce resistenza e fascino estetico. Il ricco colore mogano esalta la bellezza naturale del legno, conferendole un aspetto caldo e dignitoso. La maestria artigianale garantisce che quest&#8217;urna funga da memoriale duraturo, preservando il ricordo della persona cara con grazia e dignit\u00e0.<\/p>\n<h3 style=\"text-align: center;\">Simbolismo e significato emotivo<\/h3>\n<p style=\"text-align: center;\">Gli utensili da cucina incisi sull&#8217;urna simboleggiano la gioia e la creativit\u00e0 che si trovano in cucina. Questo elemento di design funge da confortante promemoria della passione della persona cara per l&#8217;arte culinaria e della felicit\u00e0 che ha portato agli altri attraverso i suoi piatti. L&#8217;urna non \u00e8 solo un contenitore per le ceneri, ma un&#8217;opera d&#8217;arte preziosa che onora la sua eredit\u00e0.<\/p>\n<h3 style=\"text-align: center;\">Un tributo premuroso per uno chef<\/h3>\n<p style=\"text-align: center;\">Scegliere l&#8217;urna giusta \u00e8 una parte essenziale del processo di elaborazione del lutto. La nostra <strong>Urna per un Cuoco<\/strong> offre il perfetto connubio tra bellezza, artigianalit\u00e0 e significato emotivo. Il suo design unico e le opzioni di personalizzazione garantiscono che sia un degno tributo alla persona cara, riflettendo il suo amore per la cucina e offrendo al contempo un ricordo duraturo e significativo.<\/p>\n<p>&nbsp;<\/p>\n<h3 style=\"text-align: center;\"><strong>PERSONALIZZAZIONE<\/strong><\/h3>\n<p style=\"text-align: center;\">Se scegli una targa personalizzata, inserisci il testo nel riquadro di personalizzazione del prodotto.<\/p>\n<p style=\"text-align: center;\">La targa commemorativa personalizzata deve essere personalizzata al momento dell&#8217;ordine. (Non preoccuparti se non la trovi, puoi sempre inviarci un messaggio in seguito.)<\/p>\n<p style=\"text-align: center;\">Si prega di LEGGERE attentamente il testo per l&#8217;incisione prima di aggiungere l&#8217;articolo al carrello. Copiamo e incidiamo esattamente le informazioni che riceviamo con l&#8217;ordine e non apportiamo alcuna modifica.<\/p>\n<p style=\"text-align: center;\"><strong>Si prega di rivedere il testo per assicurarsi che l&#8217;ortografia sia corretta.<\/strong><\/p>\n<p>&nbsp;<\/p>\n","protected":false},"excerpt":{"rendered":"<p><strong>Adatta a contenere le ceneri di una persona di peso corporeo fino a circa 305 libbre o 138 kg <\/strong><\/p>\n","protected":false},"featured_media":19246,"comment_status":"closed","ping_status":"closed","template":"","meta":{"_acf_changed":false},"product_brand":[],"product_cat":[2486,2494],"product_tag":[3302],"class_list":{"0":"post-19245","1":"product","2":"type-product","3":"status-publish","4":"has-post-thumbnail","6":"product_cat-urne-a-tema","7":"product_cat-urne-professionali","8":"product_tag-gpsr-all-wood-urns","9":"product_shipping_class-2-4kg-it","11":"first","12":"instock","13":"taxable","14":"shipping-taxable","15":"purchasable","16":"product-type-variable"},"yoast_head":"<!-- This site is optimized with the Yoast SEO plugin v27.5 - https:\/\/yoast.com\/product\/yoast-seo-wordpress\/ -->\n<title>Urna a tema per un cuoco<\/title>\n<meta name=\"description\" content=\"Onorare la memoria di qualcuno che ha dedicato la sua vita alla cucina richiede un&#039;urna speciale. La nostra Urna per Cuoco \u00e8 progettata per...\" \/>\n<meta name=\"robots\" content=\"index, follow, max-snippet:-1, max-image-preview:large, max-video-preview:-1\" \/>\n<link rel=\"canonical\" href=\"https:\/\/www.rememberme-forever.com\/it\/prodotto\/urna-a-tema-per-un-cuoco\/\" \/>\n<meta property=\"og:locale\" content=\"it_IT\" \/>\n<meta property=\"og:type\" content=\"article\" \/>\n<meta property=\"og:title\" content=\"Urna a tema per un cuoco\" \/>\n<meta property=\"og:description\" content=\"Onorare la memoria di qualcuno che ha dedicato la sua vita alla cucina richiede un&#039;urna speciale. La nostra Urna per Cuoco \u00e8 progettata per...\" \/>\n<meta property=\"og:url\" content=\"https:\/\/www.rememberme-forever.com\/it\/prodotto\/urna-a-tema-per-un-cuoco\/\" \/>\n<meta property=\"og:site_name\" content=\"Remember Forever\" \/>\n<meta property=\"article:modified_time\" content=\"2025-09-25T13:50:54+00:00\" \/>\n<meta property=\"og:image\" content=\"http:\/\/www.rememberme-forever.com\/wp-content\/uploads\/2024\/08\/DN21_cook_1.jpg\" \/>\n\t<meta property=\"og:image:width\" content=\"1007\" \/>\n\t<meta property=\"og:image:height\" content=\"1024\" \/>\n\t<meta property=\"og:image:type\" content=\"image\/jpeg\" \/>\n<meta name=\"twitter:card\" content=\"summary_large_image\" \/>\n<meta name=\"twitter:label1\" content=\"Tempo di lettura stimato\" \/>\n\t<meta name=\"twitter:data1\" content=\"2 minuti\" \/>\n<script type=\"application\/ld+json\" class=\"yoast-schema-graph\">{\"@context\":\"https:\\\/\\\/schema.org\",\"@graph\":[{\"@type\":\"WebPage\",\"@id\":\"https:\\\/\\\/www.rememberme-forever.com\\\/it\\\/prodotto\\\/urna-a-tema-per-un-cuoco\\\/\",\"url\":\"https:\\\/\\\/www.rememberme-forever.com\\\/it\\\/prodotto\\\/urna-a-tema-per-un-cuoco\\\/\",\"name\":\"Urna a tema per un cuoco\",\"isPartOf\":{\"@id\":\"https:\\\/\\\/www.rememberme-forever.com\\\/it\\\/#website\"},\"primaryImageOfPage\":{\"@id\":\"https:\\\/\\\/www.rememberme-forever.com\\\/it\\\/prodotto\\\/urna-a-tema-per-un-cuoco\\\/#primaryimage\"},\"image\":{\"@id\":\"https:\\\/\\\/www.rememberme-forever.com\\\/it\\\/prodotto\\\/urna-a-tema-per-un-cuoco\\\/#primaryimage\"},\"thumbnailUrl\":\"https:\\\/\\\/www.rememberme-forever.com\\\/wp-content\\\/uploads\\\/2024\\\/08\\\/DN21_cook_1.jpg\",\"datePublished\":\"2024-08-07T08:05:47+00:00\",\"dateModified\":\"2025-09-25T13:50:54+00:00\",\"description\":\"Onorare la memoria di qualcuno che ha dedicato la sua vita alla cucina richiede un'urna speciale. La nostra Urna per Cuoco \u00e8 progettata per...\",\"breadcrumb\":{\"@id\":\"https:\\\/\\\/www.rememberme-forever.com\\\/it\\\/prodotto\\\/urna-a-tema-per-un-cuoco\\\/#breadcrumb\"},\"inLanguage\":\"it-IT\",\"potentialAction\":[{\"@type\":\"ReadAction\",\"target\":[\"https:\\\/\\\/www.rememberme-forever.com\\\/it\\\/prodotto\\\/urna-a-tema-per-un-cuoco\\\/\"]}]},{\"@type\":\"ImageObject\",\"inLanguage\":\"it-IT\",\"@id\":\"https:\\\/\\\/www.rememberme-forever.com\\\/it\\\/prodotto\\\/urna-a-tema-per-un-cuoco\\\/#primaryimage\",\"url\":\"https:\\\/\\\/www.rememberme-forever.com\\\/wp-content\\\/uploads\\\/2024\\\/08\\\/DN21_cook_1.jpg\",\"contentUrl\":\"https:\\\/\\\/www.rememberme-forever.com\\\/wp-content\\\/uploads\\\/2024\\\/08\\\/DN21_cook_1.jpg\",\"width\":1007,\"height\":1024,\"caption\":\"Theme urn for a cook\"},{\"@type\":\"BreadcrumbList\",\"@id\":\"https:\\\/\\\/www.rememberme-forever.com\\\/it\\\/prodotto\\\/urna-a-tema-per-un-cuoco\\\/#breadcrumb\",\"itemListElement\":[{\"@type\":\"ListItem\",\"position\":1,\"name\":\"Home\",\"item\":\"https:\\\/\\\/www.rememberme-forever.com\\\/it\\\/home\\\/\"},{\"@type\":\"ListItem\",\"position\":2,\"name\":\"Negozio\",\"item\":\"https:\\\/\\\/www.rememberme-forever.com\\\/it\\\/negozio\\\/\"},{\"@type\":\"ListItem\",\"position\":3,\"name\":\"Urna a tema per un cuoco\"}]},{\"@type\":\"WebSite\",\"@id\":\"https:\\\/\\\/www.rememberme-forever.com\\\/it\\\/#website\",\"url\":\"https:\\\/\\\/www.rememberme-forever.com\\\/it\\\/\",\"name\":\"Remember Forever\",\"description\":\"Cremation urns, funeral urns, urns for ashes\",\"publisher\":{\"@id\":\"https:\\\/\\\/www.rememberme-forever.com\\\/it\\\/#organization\"},\"potentialAction\":[{\"@type\":\"SearchAction\",\"target\":{\"@type\":\"EntryPoint\",\"urlTemplate\":\"https:\\\/\\\/www.rememberme-forever.com\\\/it\\\/?s={search_term_string}\"},\"query-input\":{\"@type\":\"PropertyValueSpecification\",\"valueRequired\":true,\"valueName\":\"search_term_string\"}}],\"inLanguage\":\"it-IT\"},{\"@type\":\"Organization\",\"@id\":\"https:\\\/\\\/www.rememberme-forever.com\\\/it\\\/#organization\",\"name\":\"Remember Forever\",\"url\":\"https:\\\/\\\/www.rememberme-forever.com\\\/it\\\/\",\"logo\":{\"@type\":\"ImageObject\",\"inLanguage\":\"it-IT\",\"@id\":\"https:\\\/\\\/www.rememberme-forever.com\\\/it\\\/#\\\/schema\\\/logo\\\/image\\\/\",\"url\":\"https:\\\/\\\/www.rememberme-forever.com\\\/wp-content\\\/uploads\\\/2023\\\/02\\\/logo.png\",\"contentUrl\":\"https:\\\/\\\/www.rememberme-forever.com\\\/wp-content\\\/uploads\\\/2023\\\/02\\\/logo.png\",\"width\":300,\"height\":56,\"caption\":\"Remember Forever\"},\"image\":{\"@id\":\"https:\\\/\\\/www.rememberme-forever.com\\\/it\\\/#\\\/schema\\\/logo\\\/image\\\/\"}}]}<\/script>\n<!-- \/ Yoast SEO plugin. -->","yoast_head_json":{"title":"Urna a tema per un cuoco","description":"Onorare la memoria di qualcuno che ha dedicato la sua vita alla cucina richiede un'urna speciale. La nostra Urna per Cuoco \u00e8 progettata per...","robots":{"index":"index","follow":"follow","max-snippet":"max-snippet:-1","max-image-preview":"max-image-preview:large","max-video-preview":"max-video-preview:-1"},"canonical":"https:\/\/www.rememberme-forever.com\/it\/prodotto\/urna-a-tema-per-un-cuoco\/","og_locale":"it_IT","og_type":"article","og_title":"Urna a tema per un cuoco","og_description":"Onorare la memoria di qualcuno che ha dedicato la sua vita alla cucina richiede un'urna speciale. La nostra Urna per Cuoco \u00e8 progettata per...","og_url":"https:\/\/www.rememberme-forever.com\/it\/prodotto\/urna-a-tema-per-un-cuoco\/","og_site_name":"Remember Forever","article_modified_time":"2025-09-25T13:50:54+00:00","og_image":[{"width":1007,"height":1024,"url":"http:\/\/www.rememberme-forever.com\/wp-content\/uploads\/2024\/08\/DN21_cook_1.jpg","type":"image\/jpeg"}],"twitter_card":"summary_large_image","twitter_misc":{"Tempo di lettura stimato":"2 minuti"},"schema":{"@context":"https:\/\/schema.org","@graph":[{"@type":"WebPage","@id":"https:\/\/www.rememberme-forever.com\/it\/prodotto\/urna-a-tema-per-un-cuoco\/","url":"https:\/\/www.rememberme-forever.com\/it\/prodotto\/urna-a-tema-per-un-cuoco\/","name":"Urna a tema per un cuoco","isPartOf":{"@id":"https:\/\/www.rememberme-forever.com\/it\/#website"},"primaryImageOfPage":{"@id":"https:\/\/www.rememberme-forever.com\/it\/prodotto\/urna-a-tema-per-un-cuoco\/#primaryimage"},"image":{"@id":"https:\/\/www.rememberme-forever.com\/it\/prodotto\/urna-a-tema-per-un-cuoco\/#primaryimage"},"thumbnailUrl":"https:\/\/www.rememberme-forever.com\/wp-content\/uploads\/2024\/08\/DN21_cook_1.jpg","datePublished":"2024-08-07T08:05:47+00:00","dateModified":"2025-09-25T13:50:54+00:00","description":"Onorare la memoria di qualcuno che ha dedicato la sua vita alla cucina richiede un'urna speciale. La nostra Urna per Cuoco \u00e8 progettata per...","breadcrumb":{"@id":"https:\/\/www.rememberme-forever.com\/it\/prodotto\/urna-a-tema-per-un-cuoco\/#breadcrumb"},"inLanguage":"it-IT","potentialAction":[{"@type":"ReadAction","target":["https:\/\/www.rememberme-forever.com\/it\/prodotto\/urna-a-tema-per-un-cuoco\/"]}]},{"@type":"ImageObject","inLanguage":"it-IT","@id":"https:\/\/www.rememberme-forever.com\/it\/prodotto\/urna-a-tema-per-un-cuoco\/#primaryimage","url":"https:\/\/www.rememberme-forever.com\/wp-content\/uploads\/2024\/08\/DN21_cook_1.jpg","contentUrl":"https:\/\/www.rememberme-forever.com\/wp-content\/uploads\/2024\/08\/DN21_cook_1.jpg","width":1007,"height":1024,"caption":"Theme urn for a cook"},{"@type":"BreadcrumbList","@id":"https:\/\/www.rememberme-forever.com\/it\/prodotto\/urna-a-tema-per-un-cuoco\/#breadcrumb","itemListElement":[{"@type":"ListItem","position":1,"name":"Home","item":"https:\/\/www.rememberme-forever.com\/it\/home\/"},{"@type":"ListItem","position":2,"name":"Negozio","item":"https:\/\/www.rememberme-forever.com\/it\/negozio\/"},{"@type":"ListItem","position":3,"name":"Urna a tema per un cuoco"}]},{"@type":"WebSite","@id":"https:\/\/www.rememberme-forever.com\/it\/#website","url":"https:\/\/www.rememberme-forever.com\/it\/","name":"Remember Forever","description":"Cremation urns, funeral urns, urns for ashes","publisher":{"@id":"https:\/\/www.rememberme-forever.com\/it\/#organization"},"potentialAction":[{"@type":"SearchAction","target":{"@type":"EntryPoint","urlTemplate":"https:\/\/www.rememberme-forever.com\/it\/?s={search_term_string}"},"query-input":{"@type":"PropertyValueSpecification","valueRequired":true,"valueName":"search_term_string"}}],"inLanguage":"it-IT"},{"@type":"Organization","@id":"https:\/\/www.rememberme-forever.com\/it\/#organization","name":"Remember Forever","url":"https:\/\/www.rememberme-forever.com\/it\/","logo":{"@type":"ImageObject","inLanguage":"it-IT","@id":"https:\/\/www.rememberme-forever.com\/it\/#\/schema\/logo\/image\/","url":"https:\/\/www.rememberme-forever.com\/wp-content\/uploads\/2023\/02\/logo.png","contentUrl":"https:\/\/www.rememberme-forever.com\/wp-content\/uploads\/2023\/02\/logo.png","width":300,"height":56,"caption":"Remember Forever"},"image":{"@id":"https:\/\/www.rememberme-forever.com\/it\/#\/schema\/logo\/image\/"}}]}},"acf":[],"_links":{"self":[{"href":"https:\/\/www.rememberme-forever.com\/it\/wp-json\/wp\/v2\/product\/19245","targetHints":{"allow":["GET"]}}],"collection":[{"href":"https:\/\/www.rememberme-forever.com\/it\/wp-json\/wp\/v2\/product"}],"about":[{"href":"https:\/\/www.rememberme-forever.com\/it\/wp-json\/wp\/v2\/types\/product"}],"replies":[{"embeddable":true,"href":"https:\/\/www.rememberme-forever.com\/it\/wp-json\/wp\/v2\/comments?post=19245"}],"wp:featuredmedia":[{"embeddable":true,"href":"https:\/\/www.rememberme-forever.com\/it\/wp-json\/wp\/v2\/media\/19246"}],"wp:attachment":[{"href":"https:\/\/www.rememberme-forever.com\/it\/wp-json\/wp\/v2\/media?parent=19245"}],"wp:term":[{"taxonomy":"product_brand","embeddable":true,"href":"https:\/\/www.rememberme-forever.com\/it\/wp-json\/wp\/v2\/product_brand?post=19245"},{"taxonomy":"product_cat","embeddable":true,"href":"https:\/\/www.rememberme-forever.com\/it\/wp-json\/wp\/v2\/product_cat?post=19245"},{"taxonomy":"product_tag","embeddable":true,"href":"https:\/\/www.rememberme-forever.com\/it\/wp-json\/wp\/v2\/product_tag?post=19245"}],"curies":[{"name":"wp","href":"https:\/\/api.w.org\/{rel}","templated":true}]}}