{"id":19652,"date":"2025-04-15T11:28:17","date_gmt":"2025-04-15T09:28:17","guid":{"rendered":"https:\/\/www.rememberme-forever.com\/product\/urna-per-ceneri-con-calciatore-urna-per-tifosi-e-giocatori-di-calcio\/"},"modified":"2025-09-29T15:02:05","modified_gmt":"2025-09-29T13:02:05","slug":"urna-per-ceneri-con-calciatore-urna-per-tifosi-e-giocatori-di-calcio","status":"publish","type":"product","link":"https:\/\/www.rememberme-forever.com\/it\/prodotto\/urna-per-ceneri-con-calciatore-urna-per-tifosi-e-giocatori-di-calcio\/","title":{"rendered":"Urna per ceneri con calciatore Urna per tifosi e giocatori di calcio"},"content":{"rendered":"<p class=\"\" align=\"center\" data-start=\"70\" data-end=\"421\">Se la persona amata amava il calcio &#8211; ha giocato, tifato o semplicemente vissuto questo sport &#8211; quest&#8217;urna sar\u00e0 un modo meraviglioso per commemorare la sua passione. <strong data-start=\"228\" data-end=\"266\">\u00c8 un&#8217;urna in legno a forma di scatola,<\/strong> disponibile in un elegante <strong data-start=\"290\" data-end=\"320\">nero o bianco<\/strong>, con <strong data-start=\"324\" data-end=\"359\">bordi leggermente arrotondati <\/strong>per conferirle un aspetto moderno ma caldo.<\/p>\n<p class=\"\" align=\"center\" data-start=\"423\" data-end=\"742\">Sul fronte \u00e8 incisa la <strong data-start=\"447\" data-end=\"480\">silhouette del calciatore<\/strong>, dinamica ed emozionante, proprio come la vita che ha condotto. <strong data-start=\"542\" data-end=\"605\">Appena sopra l&#8217;incisione si trova un distintivo personalizzato <\/strong>su cui \u00e8 possibile includere un nome, date e un breve saluto o una citazione. Questo rende l&#8217;urna un simbolo di ricordo davvero personale.<\/p>\n<p class=\"\" align=\"center\" data-start=\"744\" data-end=\"869\">Le ceneri vengono inserite dal basso, <strong data-start=\"776\" data-end=\"822\">attraverso un fondo saldamente avvitato<\/strong> e rimovibile che garantisce una conservazione sicura.<\/p>\n<p class=\"\" align=\"center\" data-start=\"871\" data-end=\"1044\">Questa \u00e8 pi\u00f9 di una semplice urna. \u00c8 un <strong data-start=\"894\" data-end=\"913\">tributo a tema alla passione,<\/strong> all&#8217;energia e allo spirito sportivo. Creata per coloro che hanno amato il calcio con tutto il cuore, ed \u00e8 cos\u00ec che saranno ricordati.<\/p>\n<div style=\"width: 100%; margin-bottom: 40px; height: max-content; padding-bottom: 60%; position: relative;\"><iframe style=\"position: absolute; top: 0; left: 0; width: 100%; height: 100%;\" src=\"https:\/\/rememberme-urns.com\/urn-for-a-soccer-player\/\" frameborder=\"0\"><\/iframe><\/div>\n<div style=\"color: red; text-align: center; margin-bottom: 25px;\">\n<p>&gt;&gt; Foto rotante &#8211; tocca\/ingrandisci &lt;&lt;<\/p>\n<\/div>\n<div align=\"center\"><\/div>\n<p style=\"text-align: center;\"><strong>\u25ba PERSONALIZZAZIONE \u25c4<\/strong><\/p>\n<p style=\"text-align: center;\">\u2714\ufe0f Se scegli una targa personalizzata, inserisci il testo nell&#8217;apposito spazio o inviaci un messaggio.<\/p>\n<p style=\"text-align: center;\">\u2714\ufe0f La targa commemorativa personalizzata deve essere personalizzata durante il processo d&#8217;ordine. (Non preoccuparti se te ne dimentichi, puoi sempre inviarci un messaggio in seguito.)<\/p>\n<p style=\"text-align: center;\"><b>I limiti di testo sono i seguenti:<\/b><\/p>\n<p style=\"text-align: center;\"><span style=\"color: var(--text-color); font-size: 14px;\">Nome\/i fino a 35 caratteri<\/span><\/p>\n<p style=\"text-align: center;\"><span style=\"color: var(--text-color); font-size: 14px;\">Data di nascita e morte fino a 35 caratteri<\/span><\/p>\n<p style=\"text-align: center;\"><span style=\"color: var(--text-color); font-size: 14px;\">Terza riga fino a 35 caratteri<\/span><\/p>\n<div style=\"text-align: center;\"><\/div>\n<p style=\"text-align: center;\">\u2714\ufe0f Si prega di<strong> VERIFICARE ATTENTAMENTE<\/strong> il testo dell&#8217;incisione prima di aggiungere il prodotto al carrello. Copiamo e incidiamo esattamente le informazioni che riceviamo con l&#8217;ordine e non apportiamo alcuna modifica.<\/p>\n<p style=\"text-align: center;\">\u2714\ufe0f Controlla il testo per assicurarti che l&#8217;ortografia sia corretta.<\/p>\n<p style=\"text-align: center;\">\u2714\ufe0f <strong>NON <\/strong>inserire le informazioni per l&#8217;incisione se acquisti l&#8217;opzione &#8220;Urna senza targa&#8221;.<\/p>\n","protected":false},"excerpt":{"rendered":"<p>Se la persona amata amava il calcio &#8211; ha giocato, tifato o semplicemente vissuto questo sport &#8211; quest&#8217;urna sar\u00e0 un modo meraviglioso per commemorare la&#8230;<\/p>\n","protected":false},"featured_media":19653,"template":"","meta":{"_acf_changed":false},"product_brand":[],"product_cat":[2486,2496],"product_tag":[3302],"class_list":{"0":"post-19652","1":"product","2":"type-product","3":"status-publish","4":"has-post-thumbnail","6":"product_cat-urne-a-tema","7":"product_cat-urne-sportive","8":"product_tag-gpsr-all-wood-urns","9":"product_shipping_class-2-4kg-it","11":"first","12":"instock","13":"taxable","14":"shipping-taxable","15":"purchasable","16":"product-type-variable"},"yoast_head":"<!-- This site is optimized with the Yoast SEO plugin v27.4 - https:\/\/yoast.com\/product\/yoast-seo-wordpress\/ -->\n<title>Urna per ceneri con calciatore Urna per tifosi e giocatori di calcio<\/title>\n<meta name=\"robots\" content=\"index, follow, max-snippet:-1, max-image-preview:large, max-video-preview:-1\" \/>\n<link rel=\"canonical\" href=\"https:\/\/www.rememberme-forever.com\/it\/prodotto\/urna-per-ceneri-con-calciatore-urna-per-tifosi-e-giocatori-di-calcio\/\" \/>\n<meta property=\"og:locale\" content=\"it_IT\" \/>\n<meta property=\"og:type\" content=\"article\" \/>\n<meta property=\"og:title\" content=\"Urna per ceneri con calciatore Urna per tifosi e giocatori di calcio\" \/>\n<meta property=\"og:description\" content=\"Se la persona amata amava il calcio &#8211; ha giocato, tifato o semplicemente vissuto questo sport &#8211; quest&#8217;urna sar\u00e0 un modo meraviglioso per commemorare la...\" \/>\n<meta property=\"og:url\" content=\"https:\/\/www.rememberme-forever.com\/it\/prodotto\/urna-per-ceneri-con-calciatore-urna-per-tifosi-e-giocatori-di-calcio\/\" \/>\n<meta property=\"og:site_name\" content=\"Remember Forever\" \/>\n<meta property=\"article:modified_time\" content=\"2025-09-29T13:02:05+00:00\" \/>\n<meta property=\"og:image\" content=\"http:\/\/www.rememberme-forever.com\/wp-content\/uploads\/2025\/04\/soccer-black-urn_0001.jpg\" \/>\n\t<meta property=\"og:image:width\" content=\"1007\" \/>\n\t<meta property=\"og:image:height\" content=\"1024\" \/>\n\t<meta property=\"og:image:type\" content=\"image\/jpeg\" \/>\n<meta name=\"twitter:card\" content=\"summary_large_image\" \/>\n<meta name=\"twitter:label1\" content=\"Tempo di lettura stimato\" \/>\n\t<meta name=\"twitter:data1\" content=\"2 minuti\" \/>\n<script type=\"application\/ld+json\" class=\"yoast-schema-graph\">{\"@context\":\"https:\\\/\\\/schema.org\",\"@graph\":[{\"@type\":\"WebPage\",\"@id\":\"https:\\\/\\\/www.rememberme-forever.com\\\/it\\\/prodotto\\\/urna-per-ceneri-con-calciatore-urna-per-tifosi-e-giocatori-di-calcio\\\/\",\"url\":\"https:\\\/\\\/www.rememberme-forever.com\\\/it\\\/prodotto\\\/urna-per-ceneri-con-calciatore-urna-per-tifosi-e-giocatori-di-calcio\\\/\",\"name\":\"Urna per ceneri con calciatore Urna per tifosi e giocatori di calcio\",\"isPartOf\":{\"@id\":\"https:\\\/\\\/www.rememberme-forever.com\\\/it\\\/#website\"},\"primaryImageOfPage\":{\"@id\":\"https:\\\/\\\/www.rememberme-forever.com\\\/it\\\/prodotto\\\/urna-per-ceneri-con-calciatore-urna-per-tifosi-e-giocatori-di-calcio\\\/#primaryimage\"},\"image\":{\"@id\":\"https:\\\/\\\/www.rememberme-forever.com\\\/it\\\/prodotto\\\/urna-per-ceneri-con-calciatore-urna-per-tifosi-e-giocatori-di-calcio\\\/#primaryimage\"},\"thumbnailUrl\":\"https:\\\/\\\/www.rememberme-forever.com\\\/wp-content\\\/uploads\\\/2025\\\/04\\\/soccer-black-urn_0001.jpg\",\"datePublished\":\"2025-04-15T09:28:17+00:00\",\"dateModified\":\"2025-09-29T13:02:05+00:00\",\"breadcrumb\":{\"@id\":\"https:\\\/\\\/www.rememberme-forever.com\\\/it\\\/prodotto\\\/urna-per-ceneri-con-calciatore-urna-per-tifosi-e-giocatori-di-calcio\\\/#breadcrumb\"},\"inLanguage\":\"it-IT\",\"potentialAction\":[{\"@type\":\"ReadAction\",\"target\":[\"https:\\\/\\\/www.rememberme-forever.com\\\/it\\\/prodotto\\\/urna-per-ceneri-con-calciatore-urna-per-tifosi-e-giocatori-di-calcio\\\/\"]}]},{\"@type\":\"ImageObject\",\"inLanguage\":\"it-IT\",\"@id\":\"https:\\\/\\\/www.rememberme-forever.com\\\/it\\\/prodotto\\\/urna-per-ceneri-con-calciatore-urna-per-tifosi-e-giocatori-di-calcio\\\/#primaryimage\",\"url\":\"https:\\\/\\\/www.rememberme-forever.com\\\/wp-content\\\/uploads\\\/2025\\\/04\\\/soccer-black-urn_0001.jpg\",\"contentUrl\":\"https:\\\/\\\/www.rememberme-forever.com\\\/wp-content\\\/uploads\\\/2025\\\/04\\\/soccer-black-urn_0001.jpg\",\"width\":1007,\"height\":1024,\"caption\":\"soccer urn, football urn\"},{\"@type\":\"BreadcrumbList\",\"@id\":\"https:\\\/\\\/www.rememberme-forever.com\\\/it\\\/prodotto\\\/urna-per-ceneri-con-calciatore-urna-per-tifosi-e-giocatori-di-calcio\\\/#breadcrumb\",\"itemListElement\":[{\"@type\":\"ListItem\",\"position\":1,\"name\":\"Home\",\"item\":\"https:\\\/\\\/www.rememberme-forever.com\\\/it\\\/home\\\/\"},{\"@type\":\"ListItem\",\"position\":2,\"name\":\"Negozio\",\"item\":\"https:\\\/\\\/www.rememberme-forever.com\\\/it\\\/negozio\\\/\"},{\"@type\":\"ListItem\",\"position\":3,\"name\":\"Urna per ceneri con calciatore Urna per tifosi e giocatori di calcio\"}]},{\"@type\":\"WebSite\",\"@id\":\"https:\\\/\\\/www.rememberme-forever.com\\\/it\\\/#website\",\"url\":\"https:\\\/\\\/www.rememberme-forever.com\\\/it\\\/\",\"name\":\"Remember Forever\",\"description\":\"Cremation urns, funeral urns, urns for ashes\",\"publisher\":{\"@id\":\"https:\\\/\\\/www.rememberme-forever.com\\\/it\\\/#organization\"},\"potentialAction\":[{\"@type\":\"SearchAction\",\"target\":{\"@type\":\"EntryPoint\",\"urlTemplate\":\"https:\\\/\\\/www.rememberme-forever.com\\\/it\\\/?s={search_term_string}\"},\"query-input\":{\"@type\":\"PropertyValueSpecification\",\"valueRequired\":true,\"valueName\":\"search_term_string\"}}],\"inLanguage\":\"it-IT\"},{\"@type\":\"Organization\",\"@id\":\"https:\\\/\\\/www.rememberme-forever.com\\\/it\\\/#organization\",\"name\":\"Remember Forever\",\"url\":\"https:\\\/\\\/www.rememberme-forever.com\\\/it\\\/\",\"logo\":{\"@type\":\"ImageObject\",\"inLanguage\":\"it-IT\",\"@id\":\"https:\\\/\\\/www.rememberme-forever.com\\\/it\\\/#\\\/schema\\\/logo\\\/image\\\/\",\"url\":\"https:\\\/\\\/www.rememberme-forever.com\\\/wp-content\\\/uploads\\\/2023\\\/02\\\/logo.png\",\"contentUrl\":\"https:\\\/\\\/www.rememberme-forever.com\\\/wp-content\\\/uploads\\\/2023\\\/02\\\/logo.png\",\"width\":300,\"height\":56,\"caption\":\"Remember Forever\"},\"image\":{\"@id\":\"https:\\\/\\\/www.rememberme-forever.com\\\/it\\\/#\\\/schema\\\/logo\\\/image\\\/\"}}]}<\/script>\n<!-- \/ Yoast SEO plugin. -->","yoast_head_json":{"title":"Urna per ceneri con calciatore Urna per tifosi e giocatori di calcio","robots":{"index":"index","follow":"follow","max-snippet":"max-snippet:-1","max-image-preview":"max-image-preview:large","max-video-preview":"max-video-preview:-1"},"canonical":"https:\/\/www.rememberme-forever.com\/it\/prodotto\/urna-per-ceneri-con-calciatore-urna-per-tifosi-e-giocatori-di-calcio\/","og_locale":"it_IT","og_type":"article","og_title":"Urna per ceneri con calciatore Urna per tifosi e giocatori di calcio","og_description":"Se la persona amata amava il calcio &#8211; ha giocato, tifato o semplicemente vissuto questo sport &#8211; quest&#8217;urna sar\u00e0 un modo meraviglioso per commemorare la...","og_url":"https:\/\/www.rememberme-forever.com\/it\/prodotto\/urna-per-ceneri-con-calciatore-urna-per-tifosi-e-giocatori-di-calcio\/","og_site_name":"Remember Forever","article_modified_time":"2025-09-29T13:02:05+00:00","og_image":[{"width":1007,"height":1024,"url":"http:\/\/www.rememberme-forever.com\/wp-content\/uploads\/2025\/04\/soccer-black-urn_0001.jpg","type":"image\/jpeg"}],"twitter_card":"summary_large_image","twitter_misc":{"Tempo di lettura stimato":"2 minuti"},"schema":{"@context":"https:\/\/schema.org","@graph":[{"@type":"WebPage","@id":"https:\/\/www.rememberme-forever.com\/it\/prodotto\/urna-per-ceneri-con-calciatore-urna-per-tifosi-e-giocatori-di-calcio\/","url":"https:\/\/www.rememberme-forever.com\/it\/prodotto\/urna-per-ceneri-con-calciatore-urna-per-tifosi-e-giocatori-di-calcio\/","name":"Urna per ceneri con calciatore Urna per tifosi e giocatori di calcio","isPartOf":{"@id":"https:\/\/www.rememberme-forever.com\/it\/#website"},"primaryImageOfPage":{"@id":"https:\/\/www.rememberme-forever.com\/it\/prodotto\/urna-per-ceneri-con-calciatore-urna-per-tifosi-e-giocatori-di-calcio\/#primaryimage"},"image":{"@id":"https:\/\/www.rememberme-forever.com\/it\/prodotto\/urna-per-ceneri-con-calciatore-urna-per-tifosi-e-giocatori-di-calcio\/#primaryimage"},"thumbnailUrl":"https:\/\/www.rememberme-forever.com\/wp-content\/uploads\/2025\/04\/soccer-black-urn_0001.jpg","datePublished":"2025-04-15T09:28:17+00:00","dateModified":"2025-09-29T13:02:05+00:00","breadcrumb":{"@id":"https:\/\/www.rememberme-forever.com\/it\/prodotto\/urna-per-ceneri-con-calciatore-urna-per-tifosi-e-giocatori-di-calcio\/#breadcrumb"},"inLanguage":"it-IT","potentialAction":[{"@type":"ReadAction","target":["https:\/\/www.rememberme-forever.com\/it\/prodotto\/urna-per-ceneri-con-calciatore-urna-per-tifosi-e-giocatori-di-calcio\/"]}]},{"@type":"ImageObject","inLanguage":"it-IT","@id":"https:\/\/www.rememberme-forever.com\/it\/prodotto\/urna-per-ceneri-con-calciatore-urna-per-tifosi-e-giocatori-di-calcio\/#primaryimage","url":"https:\/\/www.rememberme-forever.com\/wp-content\/uploads\/2025\/04\/soccer-black-urn_0001.jpg","contentUrl":"https:\/\/www.rememberme-forever.com\/wp-content\/uploads\/2025\/04\/soccer-black-urn_0001.jpg","width":1007,"height":1024,"caption":"soccer urn, football urn"},{"@type":"BreadcrumbList","@id":"https:\/\/www.rememberme-forever.com\/it\/prodotto\/urna-per-ceneri-con-calciatore-urna-per-tifosi-e-giocatori-di-calcio\/#breadcrumb","itemListElement":[{"@type":"ListItem","position":1,"name":"Home","item":"https:\/\/www.rememberme-forever.com\/it\/home\/"},{"@type":"ListItem","position":2,"name":"Negozio","item":"https:\/\/www.rememberme-forever.com\/it\/negozio\/"},{"@type":"ListItem","position":3,"name":"Urna per ceneri con calciatore Urna per tifosi e giocatori di calcio"}]},{"@type":"WebSite","@id":"https:\/\/www.rememberme-forever.com\/it\/#website","url":"https:\/\/www.rememberme-forever.com\/it\/","name":"Remember Forever","description":"Cremation urns, funeral urns, urns for ashes","publisher":{"@id":"https:\/\/www.rememberme-forever.com\/it\/#organization"},"potentialAction":[{"@type":"SearchAction","target":{"@type":"EntryPoint","urlTemplate":"https:\/\/www.rememberme-forever.com\/it\/?s={search_term_string}"},"query-input":{"@type":"PropertyValueSpecification","valueRequired":true,"valueName":"search_term_string"}}],"inLanguage":"it-IT"},{"@type":"Organization","@id":"https:\/\/www.rememberme-forever.com\/it\/#organization","name":"Remember Forever","url":"https:\/\/www.rememberme-forever.com\/it\/","logo":{"@type":"ImageObject","inLanguage":"it-IT","@id":"https:\/\/www.rememberme-forever.com\/it\/#\/schema\/logo\/image\/","url":"https:\/\/www.rememberme-forever.com\/wp-content\/uploads\/2023\/02\/logo.png","contentUrl":"https:\/\/www.rememberme-forever.com\/wp-content\/uploads\/2023\/02\/logo.png","width":300,"height":56,"caption":"Remember Forever"},"image":{"@id":"https:\/\/www.rememberme-forever.com\/it\/#\/schema\/logo\/image\/"}}]}},"acf":[],"_links":{"self":[{"href":"https:\/\/www.rememberme-forever.com\/it\/wp-json\/wp\/v2\/product\/19652","targetHints":{"allow":["GET"]}}],"collection":[{"href":"https:\/\/www.rememberme-forever.com\/it\/wp-json\/wp\/v2\/product"}],"about":[{"href":"https:\/\/www.rememberme-forever.com\/it\/wp-json\/wp\/v2\/types\/product"}],"wp:featuredmedia":[{"embeddable":true,"href":"https:\/\/www.rememberme-forever.com\/it\/wp-json\/wp\/v2\/media\/19653"}],"wp:attachment":[{"href":"https:\/\/www.rememberme-forever.com\/it\/wp-json\/wp\/v2\/media?parent=19652"}],"wp:term":[{"taxonomy":"product_brand","embeddable":true,"href":"https:\/\/www.rememberme-forever.com\/it\/wp-json\/wp\/v2\/product_brand?post=19652"},{"taxonomy":"product_cat","embeddable":true,"href":"https:\/\/www.rememberme-forever.com\/it\/wp-json\/wp\/v2\/product_cat?post=19652"},{"taxonomy":"product_tag","embeddable":true,"href":"https:\/\/www.rememberme-forever.com\/it\/wp-json\/wp\/v2\/product_tag?post=19652"}],"curies":[{"name":"wp","href":"https:\/\/api.w.org\/{rel}","templated":true}]}}