{"id":19796,"date":"2023-04-06T09:21:14","date_gmt":"2023-04-06T07:21:14","guid":{"rendered":"https:\/\/www.rememberme-forever.com\/product\/urna-cineraria-in-granito-bianco-crema-per-le-ceneri\/"},"modified":"2025-10-01T09:26:18","modified_gmt":"2025-10-01T07:26:18","slug":"urna-cineraria-in-granito-bianco-crema-per-le-ceneri","status":"publish","type":"product","link":"https:\/\/www.rememberme-forever.com\/it\/prodotto\/urna-cineraria-in-granito-bianco-crema-per-le-ceneri\/","title":{"rendered":"Urna cineraria in granito bianco crema per le ceneri"},"content":{"rendered":"<div style=\"width: 100%; margin-bottom: 30px; height: max-content; padding-bottom: 60%; position: relative;\"><iframe style=\"position: absolute; top: 0; left: 0; width: 100%; height: 100%;\" src=\"https:\/\/rememberme-urns.com\/white-composite-urn-for-adult\/\" frameborder=\"0\"><\/iframe><\/div>\n<div style=\"color: red; text-align: center; margin-bottom: 25px;\">\n<p>&gt;&gt; Foto rotante &#8211; tocca\/ingrandisci &lt;&lt;<\/p>\n<\/div>\n<h2 style=\"text-align: center;\">Urna cineraria in granito bianco crema per le ceneri<\/h2>\n<p style=\"text-align: center;\">Vi presentiamo la nostra squisita urna cineraria in granito bianco crema, un omaggio senza tempo per onorare la memoria della persona cara. Questa splendida urna \u00e8 realizzata in granito bianco di alta qualit\u00e0, scelto per la sua durevolezza e la sua bellezza senza tempo. La superficie dell&#8217;urna \u00e8 delicatamente decorata con eleganti calle o rose, simbolo di purezza, amore e ricordo.<\/p>\n<p style=\"text-align: center;\">Nella parte superiore dell&#8217;urna, una targa commemorativa offre il luogo perfetto per incidere un messaggio sentito o il nome della persona cara. La targa \u00e8 realizzata in laminato oro ed \u00e8 sapientemente incisa con la massima cura, garantendo che il ricordo della persona cara sia custodito per sempre.<\/p>\n<p style=\"text-align: center;\">Progettata per contenere le ceneri della persona cara, questa urna cineraria in granito bianco crema \u00e8 un degno luogo di riposo eterno per coloro che ci hanno lasciato. Il suo design senza tempo e la maestria artigianale la rendono un prezioso cimelio che pu\u00f2 essere tramandato di generazione in generazione, mantenendo vivo il ricordo della persona cara per gli anni a venire.<\/p>\n<p style=\"text-align: center;\">Questa splendida urna \u00e8 ulteriormente impreziosita da una croce dorata, che aggiunge un tocco di riverenza e fede al design. La croce dorata \u00e8 un simbolo di speranza, conforto e vita eterna, e ci ricorda che i nostri cari sono sempre con noi spiritualmente.<\/p>\n<h3><\/h3>\n<p style=\"text-align: center;\"><em><strong>Una croce dorata \u00e8 disponibile come optional per ogni urna, per un montaggio fai da te.<\/strong><\/em><\/p>\n<p>&nbsp;<\/p>\n<h3 style=\"text-align: center;\"><strong>PERSONALIZZAZIONE<\/strong><\/h3>\n<p style=\"text-align: center;\">La targa commemorativa personalizzata deve essere personalizzata al momento dell&#8217;ordine. (Non preoccuparti se non la trovi, puoi sempre inviarci un messaggio in seguito.)<\/p>\n<p style=\"text-align: center;\">Si prega di LEGGERE attentamente il testo per l&#8217;incisione prima di aggiungere l&#8217;articolo al carrello. Copiamo e incidiamo esattamente le informazioni che riceviamo con l&#8217;ordine e non apportiamo alcuna modifica.<\/p>\n<p style=\"text-align: center;\"><strong>Si prega di rivedere il testo per assicurarsi che l&#8217;ortografia sia corretta.<\/strong><\/p>\n<p><img loading=\"lazy\" decoding=\"async\" class=\" wp-image-1447 aligncenter\" src=\"http:\/\/www.rememberme-forever.com\/wp-content\/uploads\/2023\/04\/memorial-plaque-cremation-urn-gold-300x150.jpg\" alt=\"targa commemorativa urna cineraria oro\" width=\"206\" height=\"103\" srcset=\"https:\/\/www.rememberme-forever.com\/wp-content\/uploads\/2023\/04\/memorial-plaque-cremation-urn-gold-300x150.jpg 300w, https:\/\/www.rememberme-forever.com\/wp-content\/uploads\/2023\/04\/memorial-plaque-cremation-urn-gold-64x32.jpg 64w, https:\/\/www.rememberme-forever.com\/wp-content\/uploads\/2023\/04\/memorial-plaque-cremation-urn-gold.jpg 448w\" sizes=\"auto, (max-width: 206px) 100vw, 206px\" \/><\/p>\n","protected":false},"excerpt":{"rendered":"<p>Urna bianca dalla forma classica realizzata in granito. Splendida urna cineraria per adulti.<\/p>\n<p><strong>Adatta a contenere le ceneri di una persona di peso corporeo fino a circa 305 libbre o 138 kg <\/strong><\/p>\n","protected":false},"featured_media":19797,"template":"","meta":{"_acf_changed":false},"product_brand":[1991],"product_cat":[2478],"product_tag":[3317],"class_list":{"0":"post-19796","1":"product","2":"type-product","3":"status-publish","4":"has-post-thumbnail","6":"product_brand-remember-forever","7":"product_cat-urne-composite","8":"product_tag-gpsr-composite-urns","9":"product_shipping_class-5-10kg-it","11":"first","12":"instock","13":"taxable","14":"shipping-taxable","15":"purchasable","16":"product-type-variable"},"yoast_head":"<!-- This site is optimized with the Yoast SEO plugin v27.4 - https:\/\/yoast.com\/product\/yoast-seo-wordpress\/ -->\n<title>Urna cineraria in granito bianco crema per le ceneri<\/title>\n<meta name=\"description\" content=\"Vi presentiamo la nostra squisita urna cineraria in granito bianco, un omaggio senza tempo per onorare la memoria della persona cara.\" \/>\n<meta name=\"robots\" content=\"index, follow, max-snippet:-1, max-image-preview:large, max-video-preview:-1\" \/>\n<link rel=\"canonical\" href=\"https:\/\/www.rememberme-forever.com\/it\/prodotto\/urna-cineraria-in-granito-bianco-crema-per-le-ceneri\/\" \/>\n<meta property=\"og:locale\" content=\"it_IT\" \/>\n<meta property=\"og:type\" content=\"article\" \/>\n<meta property=\"og:title\" content=\"Urna cineraria in granito bianco crema per le ceneri\" \/>\n<meta property=\"og:description\" content=\"Vi presentiamo la nostra squisita urna cineraria in granito bianco, un omaggio senza tempo per onorare la memoria della persona cara.\" \/>\n<meta property=\"og:url\" content=\"https:\/\/www.rememberme-forever.com\/it\/prodotto\/urna-cineraria-in-granito-bianco-crema-per-le-ceneri\/\" \/>\n<meta property=\"og:site_name\" content=\"Remember Forever\" \/>\n<meta property=\"article:modified_time\" content=\"2025-10-01T07:26:18+00:00\" \/>\n<meta property=\"og:image\" content=\"http:\/\/www.rememberme-forever.com\/wp-content\/uploads\/2023\/04\/white-cross-urn-for-ashes.jpg\" \/>\n\t<meta property=\"og:image:width\" content=\"768\" \/>\n\t<meta property=\"og:image:height\" content=\"781\" \/>\n\t<meta property=\"og:image:type\" content=\"image\/jpeg\" \/>\n<meta name=\"twitter:card\" content=\"summary_large_image\" \/>\n<meta name=\"twitter:label1\" content=\"Tempo di lettura stimato\" \/>\n\t<meta name=\"twitter:data1\" content=\"2 minuti\" \/>\n<script type=\"application\/ld+json\" class=\"yoast-schema-graph\">{\"@context\":\"https:\\\/\\\/schema.org\",\"@graph\":[{\"@type\":\"WebPage\",\"@id\":\"https:\\\/\\\/www.rememberme-forever.com\\\/it\\\/prodotto\\\/urna-cineraria-in-granito-bianco-crema-per-le-ceneri\\\/\",\"url\":\"https:\\\/\\\/www.rememberme-forever.com\\\/it\\\/prodotto\\\/urna-cineraria-in-granito-bianco-crema-per-le-ceneri\\\/\",\"name\":\"Urna cineraria in granito bianco crema per le ceneri\",\"isPartOf\":{\"@id\":\"https:\\\/\\\/www.rememberme-forever.com\\\/it\\\/#website\"},\"primaryImageOfPage\":{\"@id\":\"https:\\\/\\\/www.rememberme-forever.com\\\/it\\\/prodotto\\\/urna-cineraria-in-granito-bianco-crema-per-le-ceneri\\\/#primaryimage\"},\"image\":{\"@id\":\"https:\\\/\\\/www.rememberme-forever.com\\\/it\\\/prodotto\\\/urna-cineraria-in-granito-bianco-crema-per-le-ceneri\\\/#primaryimage\"},\"thumbnailUrl\":\"https:\\\/\\\/www.rememberme-forever.com\\\/wp-content\\\/uploads\\\/2023\\\/04\\\/white-cross-urn-for-ashes.jpg\",\"datePublished\":\"2023-04-06T07:21:14+00:00\",\"dateModified\":\"2025-10-01T07:26:18+00:00\",\"description\":\"Vi presentiamo la nostra squisita urna cineraria in granito bianco, un omaggio senza tempo per onorare la memoria della persona cara.\",\"breadcrumb\":{\"@id\":\"https:\\\/\\\/www.rememberme-forever.com\\\/it\\\/prodotto\\\/urna-cineraria-in-granito-bianco-crema-per-le-ceneri\\\/#breadcrumb\"},\"inLanguage\":\"it-IT\",\"potentialAction\":[{\"@type\":\"ReadAction\",\"target\":[\"https:\\\/\\\/www.rememberme-forever.com\\\/it\\\/prodotto\\\/urna-cineraria-in-granito-bianco-crema-per-le-ceneri\\\/\"]}]},{\"@type\":\"ImageObject\",\"inLanguage\":\"it-IT\",\"@id\":\"https:\\\/\\\/www.rememberme-forever.com\\\/it\\\/prodotto\\\/urna-cineraria-in-granito-bianco-crema-per-le-ceneri\\\/#primaryimage\",\"url\":\"https:\\\/\\\/www.rememberme-forever.com\\\/wp-content\\\/uploads\\\/2023\\\/04\\\/white-cross-urn-for-ashes.jpg\",\"contentUrl\":\"https:\\\/\\\/www.rememberme-forever.com\\\/wp-content\\\/uploads\\\/2023\\\/04\\\/white-cross-urn-for-ashes.jpg\",\"width\":768,\"height\":781,\"caption\":\"White granite cremation urn for ashes, white cross urn for ashes, Christian urns\"},{\"@type\":\"BreadcrumbList\",\"@id\":\"https:\\\/\\\/www.rememberme-forever.com\\\/it\\\/prodotto\\\/urna-cineraria-in-granito-bianco-crema-per-le-ceneri\\\/#breadcrumb\",\"itemListElement\":[{\"@type\":\"ListItem\",\"position\":1,\"name\":\"Home\",\"item\":\"https:\\\/\\\/www.rememberme-forever.com\\\/it\\\/home\\\/\"},{\"@type\":\"ListItem\",\"position\":2,\"name\":\"Negozio\",\"item\":\"https:\\\/\\\/www.rememberme-forever.com\\\/it\\\/negozio\\\/\"},{\"@type\":\"ListItem\",\"position\":3,\"name\":\"Urna cineraria in granito bianco crema per le ceneri\"}]},{\"@type\":\"WebSite\",\"@id\":\"https:\\\/\\\/www.rememberme-forever.com\\\/it\\\/#website\",\"url\":\"https:\\\/\\\/www.rememberme-forever.com\\\/it\\\/\",\"name\":\"Remember Forever\",\"description\":\"Cremation urns, funeral urns, urns for ashes\",\"publisher\":{\"@id\":\"https:\\\/\\\/www.rememberme-forever.com\\\/it\\\/#organization\"},\"potentialAction\":[{\"@type\":\"SearchAction\",\"target\":{\"@type\":\"EntryPoint\",\"urlTemplate\":\"https:\\\/\\\/www.rememberme-forever.com\\\/it\\\/?s={search_term_string}\"},\"query-input\":{\"@type\":\"PropertyValueSpecification\",\"valueRequired\":true,\"valueName\":\"search_term_string\"}}],\"inLanguage\":\"it-IT\"},{\"@type\":\"Organization\",\"@id\":\"https:\\\/\\\/www.rememberme-forever.com\\\/it\\\/#organization\",\"name\":\"Remember Forever\",\"url\":\"https:\\\/\\\/www.rememberme-forever.com\\\/it\\\/\",\"logo\":{\"@type\":\"ImageObject\",\"inLanguage\":\"it-IT\",\"@id\":\"https:\\\/\\\/www.rememberme-forever.com\\\/it\\\/#\\\/schema\\\/logo\\\/image\\\/\",\"url\":\"https:\\\/\\\/www.rememberme-forever.com\\\/wp-content\\\/uploads\\\/2023\\\/02\\\/logo.png\",\"contentUrl\":\"https:\\\/\\\/www.rememberme-forever.com\\\/wp-content\\\/uploads\\\/2023\\\/02\\\/logo.png\",\"width\":300,\"height\":56,\"caption\":\"Remember Forever\"},\"image\":{\"@id\":\"https:\\\/\\\/www.rememberme-forever.com\\\/it\\\/#\\\/schema\\\/logo\\\/image\\\/\"}}]}<\/script>\n<!-- \/ Yoast SEO plugin. -->","yoast_head_json":{"title":"Urna cineraria in granito bianco crema per le ceneri","description":"Vi presentiamo la nostra squisita urna cineraria in granito bianco, un omaggio senza tempo per onorare la memoria della persona cara.","robots":{"index":"index","follow":"follow","max-snippet":"max-snippet:-1","max-image-preview":"max-image-preview:large","max-video-preview":"max-video-preview:-1"},"canonical":"https:\/\/www.rememberme-forever.com\/it\/prodotto\/urna-cineraria-in-granito-bianco-crema-per-le-ceneri\/","og_locale":"it_IT","og_type":"article","og_title":"Urna cineraria in granito bianco crema per le ceneri","og_description":"Vi presentiamo la nostra squisita urna cineraria in granito bianco, un omaggio senza tempo per onorare la memoria della persona cara.","og_url":"https:\/\/www.rememberme-forever.com\/it\/prodotto\/urna-cineraria-in-granito-bianco-crema-per-le-ceneri\/","og_site_name":"Remember Forever","article_modified_time":"2025-10-01T07:26:18+00:00","og_image":[{"width":768,"height":781,"url":"http:\/\/www.rememberme-forever.com\/wp-content\/uploads\/2023\/04\/white-cross-urn-for-ashes.jpg","type":"image\/jpeg"}],"twitter_card":"summary_large_image","twitter_misc":{"Tempo di lettura stimato":"2 minuti"},"schema":{"@context":"https:\/\/schema.org","@graph":[{"@type":"WebPage","@id":"https:\/\/www.rememberme-forever.com\/it\/prodotto\/urna-cineraria-in-granito-bianco-crema-per-le-ceneri\/","url":"https:\/\/www.rememberme-forever.com\/it\/prodotto\/urna-cineraria-in-granito-bianco-crema-per-le-ceneri\/","name":"Urna cineraria in granito bianco crema per le ceneri","isPartOf":{"@id":"https:\/\/www.rememberme-forever.com\/it\/#website"},"primaryImageOfPage":{"@id":"https:\/\/www.rememberme-forever.com\/it\/prodotto\/urna-cineraria-in-granito-bianco-crema-per-le-ceneri\/#primaryimage"},"image":{"@id":"https:\/\/www.rememberme-forever.com\/it\/prodotto\/urna-cineraria-in-granito-bianco-crema-per-le-ceneri\/#primaryimage"},"thumbnailUrl":"https:\/\/www.rememberme-forever.com\/wp-content\/uploads\/2023\/04\/white-cross-urn-for-ashes.jpg","datePublished":"2023-04-06T07:21:14+00:00","dateModified":"2025-10-01T07:26:18+00:00","description":"Vi presentiamo la nostra squisita urna cineraria in granito bianco, un omaggio senza tempo per onorare la memoria della persona cara.","breadcrumb":{"@id":"https:\/\/www.rememberme-forever.com\/it\/prodotto\/urna-cineraria-in-granito-bianco-crema-per-le-ceneri\/#breadcrumb"},"inLanguage":"it-IT","potentialAction":[{"@type":"ReadAction","target":["https:\/\/www.rememberme-forever.com\/it\/prodotto\/urna-cineraria-in-granito-bianco-crema-per-le-ceneri\/"]}]},{"@type":"ImageObject","inLanguage":"it-IT","@id":"https:\/\/www.rememberme-forever.com\/it\/prodotto\/urna-cineraria-in-granito-bianco-crema-per-le-ceneri\/#primaryimage","url":"https:\/\/www.rememberme-forever.com\/wp-content\/uploads\/2023\/04\/white-cross-urn-for-ashes.jpg","contentUrl":"https:\/\/www.rememberme-forever.com\/wp-content\/uploads\/2023\/04\/white-cross-urn-for-ashes.jpg","width":768,"height":781,"caption":"White granite cremation urn for ashes, white cross urn for ashes, Christian urns"},{"@type":"BreadcrumbList","@id":"https:\/\/www.rememberme-forever.com\/it\/prodotto\/urna-cineraria-in-granito-bianco-crema-per-le-ceneri\/#breadcrumb","itemListElement":[{"@type":"ListItem","position":1,"name":"Home","item":"https:\/\/www.rememberme-forever.com\/it\/home\/"},{"@type":"ListItem","position":2,"name":"Negozio","item":"https:\/\/www.rememberme-forever.com\/it\/negozio\/"},{"@type":"ListItem","position":3,"name":"Urna cineraria in granito bianco crema per le ceneri"}]},{"@type":"WebSite","@id":"https:\/\/www.rememberme-forever.com\/it\/#website","url":"https:\/\/www.rememberme-forever.com\/it\/","name":"Remember Forever","description":"Cremation urns, funeral urns, urns for ashes","publisher":{"@id":"https:\/\/www.rememberme-forever.com\/it\/#organization"},"potentialAction":[{"@type":"SearchAction","target":{"@type":"EntryPoint","urlTemplate":"https:\/\/www.rememberme-forever.com\/it\/?s={search_term_string}"},"query-input":{"@type":"PropertyValueSpecification","valueRequired":true,"valueName":"search_term_string"}}],"inLanguage":"it-IT"},{"@type":"Organization","@id":"https:\/\/www.rememberme-forever.com\/it\/#organization","name":"Remember Forever","url":"https:\/\/www.rememberme-forever.com\/it\/","logo":{"@type":"ImageObject","inLanguage":"it-IT","@id":"https:\/\/www.rememberme-forever.com\/it\/#\/schema\/logo\/image\/","url":"https:\/\/www.rememberme-forever.com\/wp-content\/uploads\/2023\/02\/logo.png","contentUrl":"https:\/\/www.rememberme-forever.com\/wp-content\/uploads\/2023\/02\/logo.png","width":300,"height":56,"caption":"Remember Forever"},"image":{"@id":"https:\/\/www.rememberme-forever.com\/it\/#\/schema\/logo\/image\/"}}]}},"acf":[],"_links":{"self":[{"href":"https:\/\/www.rememberme-forever.com\/it\/wp-json\/wp\/v2\/product\/19796","targetHints":{"allow":["GET"]}}],"collection":[{"href":"https:\/\/www.rememberme-forever.com\/it\/wp-json\/wp\/v2\/product"}],"about":[{"href":"https:\/\/www.rememberme-forever.com\/it\/wp-json\/wp\/v2\/types\/product"}],"wp:featuredmedia":[{"embeddable":true,"href":"https:\/\/www.rememberme-forever.com\/it\/wp-json\/wp\/v2\/media\/19797"}],"wp:attachment":[{"href":"https:\/\/www.rememberme-forever.com\/it\/wp-json\/wp\/v2\/media?parent=19796"}],"wp:term":[{"taxonomy":"product_brand","embeddable":true,"href":"https:\/\/www.rememberme-forever.com\/it\/wp-json\/wp\/v2\/product_brand?post=19796"},{"taxonomy":"product_cat","embeddable":true,"href":"https:\/\/www.rememberme-forever.com\/it\/wp-json\/wp\/v2\/product_cat?post=19796"},{"taxonomy":"product_tag","embeddable":true,"href":"https:\/\/www.rememberme-forever.com\/it\/wp-json\/wp\/v2\/product_tag?post=19796"}],"curies":[{"name":"wp","href":"https:\/\/api.w.org\/{rel}","templated":true}]}}