{"id":19862,"date":"2025-02-18T13:08:13","date_gmt":"2025-02-18T12:08:13","guid":{"rendered":"https:\/\/www.rememberme-forever.com\/product\/urna-in-legno-per-lautista-urna-con-motivo-a-camion\/"},"modified":"2025-10-01T15:59:07","modified_gmt":"2025-10-01T13:59:07","slug":"urna-in-legno-per-lautista-urna-con-motivo-a-camion","status":"publish","type":"product","link":"https:\/\/www.rememberme-forever.com\/it\/prodotto\/urna-in-legno-per-lautista-urna-con-motivo-a-camion\/","title":{"rendered":"Urna in legno per l&#8217;autista, urna con motivo a camion"},"content":{"rendered":"<p style=\"text-align: center;\" data-start=\"65\" data-end=\"373\"><span style=\"font-weight: normal;\">Dire addio a una persona cara \u00e8 un momento ricco di emozioni e ricordi. Un&#8217;urna in legno per l&#8217;autista \u00e8 un modo unico per onorare la passione per la guida e la vita on the road. Creata per chi ha visto un camion non solo come un lavoro, ma anche come uno stile di vita, un simbolo di libert\u00e0 e di viaggi senza fine. <\/span><\/p>\n<p style=\"text-align: center;\" data-start=\"375\" data-end=\"796\"><span style=\"font-weight: normal;\">L&#8217;urna ha una classica forma a scatola, disponibile in nero o bianco, con bordi delicatamente arrotondati. Sul fronte \u00e8 incisa l&#8217;immagine di un camion, a simboleggiare l&#8217;amore per la strada e la professione di autista. Appena sopra l&#8217;immagine \u00e8 presente una targa personalizzata su cui \u00e8 possibile incidere un nome, delle date o una dedica personale, rendendo l&#8217;urna ancora pi\u00f9 speciale e personale. <\/span><\/p>\n<p style=\"text-align: center;\" data-start=\"798\" data-end=\"955\"><span style=\"font-weight: normal;\">Le ceneri vengono inserite all&#8217;interno dell&#8217;urna attraverso il fondo rimovibile, saldamente imbullonato, garantendone la durata e la conservazione sicura.<\/span><\/p>\n<p style=\"text-align: center;\" data-start=\"957\" data-end=\"1154\" data-is-last-node=\"\"><span style=\"font-weight: normal;\">L&#8217;urna in legno per l&#8217;autista non \u00e8 solo un luogo di riposo, ma anche un omaggio alla strada percorsa e alla vita che amava. \u00c8 il simbolo di un viaggio senza fine che continua a vivere nel cuore delle persone care. <\/span><\/p>\n<div style=\"width: 100%; margin-bottom: 40px; height: max-content; padding-bottom: 60%; position: relative;\"><iframe style=\"position: absolute; top: 0; left: 0; width: 100%; height: 100%;\" src=\"https:\/\/rememberme-urns.com\/theme-urn-with-track\/\" frameborder=\"0\"><\/iframe><\/div>\n<div style=\"color: red; text-align: center; margin-bottom: 25px;\">\n<p>&gt;&gt; Foto rotante &#8211; tocca\/ingrandisci &lt;&lt;<\/p>\n<\/div>\n<p style=\"text-align: center;\"><strong>\u25ba PERSONALIZZAZIONE \u25c4<\/strong><\/p>\n<p style=\"text-align: center;\">\u2714\ufe0f Se scegli una targa personalizzata, inserisci il testo nell&#8217;apposito spazio o inviaci un messaggio.<\/p>\n<p style=\"text-align: center;\">\u2714\ufe0f La targa commemorativa personalizzata deve essere personalizzata durante il processo d&#8217;ordine. (Non preoccuparti se te ne dimentichi, puoi sempre inviarci un messaggio in seguito.)<\/p>\n<p>&nbsp;<\/p>\n<p style=\"text-align: center;\"><b>I limiti di testo sono i seguenti:<\/b><\/p>\n<ul>\n<li style=\"text-align: center;\">Nome\/i fino a 35 caratteri<\/li>\n<li style=\"text-align: center;\">Data di nascita e morte fino a 35 caratteri<\/li>\n<li style=\"text-align: center;\">Terza riga fino a 35 caratteri<\/li>\n<\/ul>\n<div style=\"text-align: center;\"><\/div>\n<p style=\"text-align: center;\">\u2714\ufe0f Si prega di<strong> VERIFICARE ATTENTAMENTE<\/strong> il testo dell&#8217;incisione prima di aggiungere il prodotto al carrello. Copiamo e incidiamo esattamente le informazioni che riceviamo con l&#8217;ordine e non apportiamo alcuna modifica.<\/p>\n<p style=\"text-align: center;\">\u2714\ufe0f Controlla il testo per assicurarti che l&#8217;ortografia sia corretta.<\/p>\n<p style=\"text-align: center;\">\u2714\ufe0f <strong>NON <\/strong>inserire le informazioni per l&#8217;incisione se acquisti l&#8217;opzione &#8220;Urna senza targa&#8221;.<\/p>\n","protected":false},"excerpt":{"rendered":"<p>Dire addio a una persona cara \u00e8 un momento ricco di emozioni e ricordi. Un&#8217;urna in legno per l&#8217;autista \u00e8 un modo unico per onorare&#8230;<\/p>\n","protected":false},"featured_media":19863,"template":"","meta":{"_acf_changed":false},"product_brand":[],"product_cat":[2486,2494],"product_tag":[3302],"class_list":{"0":"post-19862","1":"product","2":"type-product","3":"status-publish","4":"has-post-thumbnail","6":"product_cat-urne-a-tema","7":"product_cat-urne-professionali","8":"product_tag-gpsr-all-wood-urns","9":"product_shipping_class-2-4kg-it","11":"first","12":"instock","13":"taxable","14":"shipping-taxable","15":"purchasable","16":"product-type-variable"},"yoast_head":"<!-- This site is optimized with the Yoast SEO plugin v27.4 - https:\/\/yoast.com\/product\/yoast-seo-wordpress\/ -->\n<title>Urna in legno per l&#039;autista, urna con motivo a camion - Remember Forever<\/title>\n<meta name=\"robots\" content=\"index, follow, max-snippet:-1, max-image-preview:large, max-video-preview:-1\" \/>\n<link rel=\"canonical\" href=\"https:\/\/www.rememberme-forever.com\/it\/prodotto\/urna-in-legno-per-lautista-urna-con-motivo-a-camion\/\" \/>\n<meta property=\"og:locale\" content=\"it_IT\" \/>\n<meta property=\"og:type\" content=\"article\" \/>\n<meta property=\"og:title\" content=\"Urna in legno per l&#039;autista, urna con motivo a camion - Remember Forever\" \/>\n<meta property=\"og:description\" content=\"Dire addio a una persona cara \u00e8 un momento ricco di emozioni e ricordi. Un&#8217;urna in legno per l&#8217;autista \u00e8 un modo unico per onorare...\" \/>\n<meta property=\"og:url\" content=\"https:\/\/www.rememberme-forever.com\/it\/prodotto\/urna-in-legno-per-lautista-urna-con-motivo-a-camion\/\" \/>\n<meta property=\"og:site_name\" content=\"Remember Forever\" \/>\n<meta property=\"article:modified_time\" content=\"2025-10-01T13:59:07+00:00\" \/>\n<meta property=\"og:image\" content=\"http:\/\/www.rememberme-forever.com\/wp-content\/uploads\/2025\/02\/truck-urn-for-driver-black_0001.jpg\" \/>\n\t<meta property=\"og:image:width\" content=\"1007\" \/>\n\t<meta property=\"og:image:height\" content=\"1024\" \/>\n\t<meta property=\"og:image:type\" content=\"image\/jpeg\" \/>\n<meta name=\"twitter:card\" content=\"summary_large_image\" \/>\n<meta name=\"twitter:label1\" content=\"Tempo di lettura stimato\" \/>\n\t<meta name=\"twitter:data1\" content=\"2 minuti\" \/>\n<script type=\"application\/ld+json\" class=\"yoast-schema-graph\">{\"@context\":\"https:\\\/\\\/schema.org\",\"@graph\":[{\"@type\":\"WebPage\",\"@id\":\"https:\\\/\\\/www.rememberme-forever.com\\\/it\\\/prodotto\\\/urna-in-legno-per-lautista-urna-con-motivo-a-camion\\\/\",\"url\":\"https:\\\/\\\/www.rememberme-forever.com\\\/it\\\/prodotto\\\/urna-in-legno-per-lautista-urna-con-motivo-a-camion\\\/\",\"name\":\"Urna in legno per l'autista, urna con motivo a camion - Remember Forever\",\"isPartOf\":{\"@id\":\"https:\\\/\\\/www.rememberme-forever.com\\\/it\\\/#website\"},\"primaryImageOfPage\":{\"@id\":\"https:\\\/\\\/www.rememberme-forever.com\\\/it\\\/prodotto\\\/urna-in-legno-per-lautista-urna-con-motivo-a-camion\\\/#primaryimage\"},\"image\":{\"@id\":\"https:\\\/\\\/www.rememberme-forever.com\\\/it\\\/prodotto\\\/urna-in-legno-per-lautista-urna-con-motivo-a-camion\\\/#primaryimage\"},\"thumbnailUrl\":\"https:\\\/\\\/www.rememberme-forever.com\\\/wp-content\\\/uploads\\\/2025\\\/02\\\/truck-urn-for-driver-black_0001.jpg\",\"datePublished\":\"2025-02-18T12:08:13+00:00\",\"dateModified\":\"2025-10-01T13:59:07+00:00\",\"breadcrumb\":{\"@id\":\"https:\\\/\\\/www.rememberme-forever.com\\\/it\\\/prodotto\\\/urna-in-legno-per-lautista-urna-con-motivo-a-camion\\\/#breadcrumb\"},\"inLanguage\":\"it-IT\",\"potentialAction\":[{\"@type\":\"ReadAction\",\"target\":[\"https:\\\/\\\/www.rememberme-forever.com\\\/it\\\/prodotto\\\/urna-in-legno-per-lautista-urna-con-motivo-a-camion\\\/\"]}]},{\"@type\":\"ImageObject\",\"inLanguage\":\"it-IT\",\"@id\":\"https:\\\/\\\/www.rememberme-forever.com\\\/it\\\/prodotto\\\/urna-in-legno-per-lautista-urna-con-motivo-a-camion\\\/#primaryimage\",\"url\":\"https:\\\/\\\/www.rememberme-forever.com\\\/wp-content\\\/uploads\\\/2025\\\/02\\\/truck-urn-for-driver-black_0001.jpg\",\"contentUrl\":\"https:\\\/\\\/www.rememberme-forever.com\\\/wp-content\\\/uploads\\\/2025\\\/02\\\/truck-urn-for-driver-black_0001.jpg\",\"width\":1007,\"height\":1024,\"caption\":\"truck urn for a driver\"},{\"@type\":\"BreadcrumbList\",\"@id\":\"https:\\\/\\\/www.rememberme-forever.com\\\/it\\\/prodotto\\\/urna-in-legno-per-lautista-urna-con-motivo-a-camion\\\/#breadcrumb\",\"itemListElement\":[{\"@type\":\"ListItem\",\"position\":1,\"name\":\"Home\",\"item\":\"https:\\\/\\\/www.rememberme-forever.com\\\/it\\\/home\\\/\"},{\"@type\":\"ListItem\",\"position\":2,\"name\":\"Negozio\",\"item\":\"https:\\\/\\\/www.rememberme-forever.com\\\/it\\\/negozio\\\/\"},{\"@type\":\"ListItem\",\"position\":3,\"name\":\"Urna in legno per l&#8217;autista, urna con motivo a camion\"}]},{\"@type\":\"WebSite\",\"@id\":\"https:\\\/\\\/www.rememberme-forever.com\\\/it\\\/#website\",\"url\":\"https:\\\/\\\/www.rememberme-forever.com\\\/it\\\/\",\"name\":\"Remember Forever\",\"description\":\"Cremation urns, funeral urns, urns for ashes\",\"publisher\":{\"@id\":\"https:\\\/\\\/www.rememberme-forever.com\\\/it\\\/#organization\"},\"potentialAction\":[{\"@type\":\"SearchAction\",\"target\":{\"@type\":\"EntryPoint\",\"urlTemplate\":\"https:\\\/\\\/www.rememberme-forever.com\\\/it\\\/?s={search_term_string}\"},\"query-input\":{\"@type\":\"PropertyValueSpecification\",\"valueRequired\":true,\"valueName\":\"search_term_string\"}}],\"inLanguage\":\"it-IT\"},{\"@type\":\"Organization\",\"@id\":\"https:\\\/\\\/www.rememberme-forever.com\\\/it\\\/#organization\",\"name\":\"Remember Forever\",\"url\":\"https:\\\/\\\/www.rememberme-forever.com\\\/it\\\/\",\"logo\":{\"@type\":\"ImageObject\",\"inLanguage\":\"it-IT\",\"@id\":\"https:\\\/\\\/www.rememberme-forever.com\\\/it\\\/#\\\/schema\\\/logo\\\/image\\\/\",\"url\":\"https:\\\/\\\/www.rememberme-forever.com\\\/wp-content\\\/uploads\\\/2023\\\/02\\\/logo.png\",\"contentUrl\":\"https:\\\/\\\/www.rememberme-forever.com\\\/wp-content\\\/uploads\\\/2023\\\/02\\\/logo.png\",\"width\":300,\"height\":56,\"caption\":\"Remember Forever\"},\"image\":{\"@id\":\"https:\\\/\\\/www.rememberme-forever.com\\\/it\\\/#\\\/schema\\\/logo\\\/image\\\/\"}}]}<\/script>\n<!-- \/ Yoast SEO plugin. -->","yoast_head_json":{"title":"Urna in legno per l'autista, urna con motivo a camion - Remember Forever","robots":{"index":"index","follow":"follow","max-snippet":"max-snippet:-1","max-image-preview":"max-image-preview:large","max-video-preview":"max-video-preview:-1"},"canonical":"https:\/\/www.rememberme-forever.com\/it\/prodotto\/urna-in-legno-per-lautista-urna-con-motivo-a-camion\/","og_locale":"it_IT","og_type":"article","og_title":"Urna in legno per l'autista, urna con motivo a camion - Remember Forever","og_description":"Dire addio a una persona cara \u00e8 un momento ricco di emozioni e ricordi. Un&#8217;urna in legno per l&#8217;autista \u00e8 un modo unico per onorare...","og_url":"https:\/\/www.rememberme-forever.com\/it\/prodotto\/urna-in-legno-per-lautista-urna-con-motivo-a-camion\/","og_site_name":"Remember Forever","article_modified_time":"2025-10-01T13:59:07+00:00","og_image":[{"width":1007,"height":1024,"url":"http:\/\/www.rememberme-forever.com\/wp-content\/uploads\/2025\/02\/truck-urn-for-driver-black_0001.jpg","type":"image\/jpeg"}],"twitter_card":"summary_large_image","twitter_misc":{"Tempo di lettura stimato":"2 minuti"},"schema":{"@context":"https:\/\/schema.org","@graph":[{"@type":"WebPage","@id":"https:\/\/www.rememberme-forever.com\/it\/prodotto\/urna-in-legno-per-lautista-urna-con-motivo-a-camion\/","url":"https:\/\/www.rememberme-forever.com\/it\/prodotto\/urna-in-legno-per-lautista-urna-con-motivo-a-camion\/","name":"Urna in legno per l'autista, urna con motivo a camion - Remember Forever","isPartOf":{"@id":"https:\/\/www.rememberme-forever.com\/it\/#website"},"primaryImageOfPage":{"@id":"https:\/\/www.rememberme-forever.com\/it\/prodotto\/urna-in-legno-per-lautista-urna-con-motivo-a-camion\/#primaryimage"},"image":{"@id":"https:\/\/www.rememberme-forever.com\/it\/prodotto\/urna-in-legno-per-lautista-urna-con-motivo-a-camion\/#primaryimage"},"thumbnailUrl":"https:\/\/www.rememberme-forever.com\/wp-content\/uploads\/2025\/02\/truck-urn-for-driver-black_0001.jpg","datePublished":"2025-02-18T12:08:13+00:00","dateModified":"2025-10-01T13:59:07+00:00","breadcrumb":{"@id":"https:\/\/www.rememberme-forever.com\/it\/prodotto\/urna-in-legno-per-lautista-urna-con-motivo-a-camion\/#breadcrumb"},"inLanguage":"it-IT","potentialAction":[{"@type":"ReadAction","target":["https:\/\/www.rememberme-forever.com\/it\/prodotto\/urna-in-legno-per-lautista-urna-con-motivo-a-camion\/"]}]},{"@type":"ImageObject","inLanguage":"it-IT","@id":"https:\/\/www.rememberme-forever.com\/it\/prodotto\/urna-in-legno-per-lautista-urna-con-motivo-a-camion\/#primaryimage","url":"https:\/\/www.rememberme-forever.com\/wp-content\/uploads\/2025\/02\/truck-urn-for-driver-black_0001.jpg","contentUrl":"https:\/\/www.rememberme-forever.com\/wp-content\/uploads\/2025\/02\/truck-urn-for-driver-black_0001.jpg","width":1007,"height":1024,"caption":"truck urn for a driver"},{"@type":"BreadcrumbList","@id":"https:\/\/www.rememberme-forever.com\/it\/prodotto\/urna-in-legno-per-lautista-urna-con-motivo-a-camion\/#breadcrumb","itemListElement":[{"@type":"ListItem","position":1,"name":"Home","item":"https:\/\/www.rememberme-forever.com\/it\/home\/"},{"@type":"ListItem","position":2,"name":"Negozio","item":"https:\/\/www.rememberme-forever.com\/it\/negozio\/"},{"@type":"ListItem","position":3,"name":"Urna in legno per l&#8217;autista, urna con motivo a camion"}]},{"@type":"WebSite","@id":"https:\/\/www.rememberme-forever.com\/it\/#website","url":"https:\/\/www.rememberme-forever.com\/it\/","name":"Remember Forever","description":"Cremation urns, funeral urns, urns for ashes","publisher":{"@id":"https:\/\/www.rememberme-forever.com\/it\/#organization"},"potentialAction":[{"@type":"SearchAction","target":{"@type":"EntryPoint","urlTemplate":"https:\/\/www.rememberme-forever.com\/it\/?s={search_term_string}"},"query-input":{"@type":"PropertyValueSpecification","valueRequired":true,"valueName":"search_term_string"}}],"inLanguage":"it-IT"},{"@type":"Organization","@id":"https:\/\/www.rememberme-forever.com\/it\/#organization","name":"Remember Forever","url":"https:\/\/www.rememberme-forever.com\/it\/","logo":{"@type":"ImageObject","inLanguage":"it-IT","@id":"https:\/\/www.rememberme-forever.com\/it\/#\/schema\/logo\/image\/","url":"https:\/\/www.rememberme-forever.com\/wp-content\/uploads\/2023\/02\/logo.png","contentUrl":"https:\/\/www.rememberme-forever.com\/wp-content\/uploads\/2023\/02\/logo.png","width":300,"height":56,"caption":"Remember Forever"},"image":{"@id":"https:\/\/www.rememberme-forever.com\/it\/#\/schema\/logo\/image\/"}}]}},"acf":[],"_links":{"self":[{"href":"https:\/\/www.rememberme-forever.com\/it\/wp-json\/wp\/v2\/product\/19862","targetHints":{"allow":["GET"]}}],"collection":[{"href":"https:\/\/www.rememberme-forever.com\/it\/wp-json\/wp\/v2\/product"}],"about":[{"href":"https:\/\/www.rememberme-forever.com\/it\/wp-json\/wp\/v2\/types\/product"}],"wp:featuredmedia":[{"embeddable":true,"href":"https:\/\/www.rememberme-forever.com\/it\/wp-json\/wp\/v2\/media\/19863"}],"wp:attachment":[{"href":"https:\/\/www.rememberme-forever.com\/it\/wp-json\/wp\/v2\/media?parent=19862"}],"wp:term":[{"taxonomy":"product_brand","embeddable":true,"href":"https:\/\/www.rememberme-forever.com\/it\/wp-json\/wp\/v2\/product_brand?post=19862"},{"taxonomy":"product_cat","embeddable":true,"href":"https:\/\/www.rememberme-forever.com\/it\/wp-json\/wp\/v2\/product_cat?post=19862"},{"taxonomy":"product_tag","embeddable":true,"href":"https:\/\/www.rememberme-forever.com\/it\/wp-json\/wp\/v2\/product_tag?post=19862"}],"curies":[{"name":"wp","href":"https:\/\/api.w.org\/{rel}","templated":true}]}}