{"id":19901,"date":"2023-04-05T08:50:32","date_gmt":"2023-04-05T06:50:32","guid":{"rendered":"https:\/\/www.rememberme-forever.com\/product\/urna-rustica-design-naturale-screpolato-urna-in-acciaio-inox-verniciato-a-decoupage\/"},"modified":"2025-10-27T09:41:49","modified_gmt":"2025-10-27T08:41:49","slug":"urna-rustica-design-naturale-screpolato-urna-in-acciaio-inox-verniciato-a-decoupage","status":"publish","type":"product","link":"https:\/\/www.rememberme-forever.com\/it\/prodotto\/urna-rustica-design-naturale-screpolato-urna-in-acciaio-inox-verniciato-a-decoupage\/","title":{"rendered":"Urna rustica &#8211; design naturale screpolato, urna in acciaio inox verniciato a decoupage"},"content":{"rendered":"<div style=\"width: 100%; margin-bottom: 40px; height: max-content; padding-bottom: 60%; position: relative;\"><iframe style=\"position: absolute; top: 0; left: 0; width: 100%; height: 100%;\" src=\"https:\/\/rememberme-urns.com\/black-rustic-urn-crackle\/\" frameborder=\"0\"><\/iframe><\/div>\n<div style=\"color: red; text-align: center; margin-bottom: 25px;\">\n<p>&gt;&gt; Foto rotante &#8211; tocca\/ingrandisci &lt;&lt;<\/p>\n<\/div>\n<h2 style=\"text-align: center;\">Urna rustica &#8211; urna in acciaio inox verniciato a decoupage<\/h2>\n<p style=\"text-align: center;\">Vi presentiamo la nostra esclusiva <strong>urna rustica,<\/strong> un oggetto straordinario che catturer\u00e0 sicuramente l&#8217;attenzione di chiunque apprezzi la bellezza naturale e il design unico. L&#8217;urna \u00e8 realizzata in acciaio inox di alta qualit\u00e0, sapientemente verniciato per riprodurre una texture naturale screpolata che ne esalta il fascino rustico.<\/p>\n<p style=\"text-align: center;\">Sulla base \u00e8 posizionata una splendida sfera nera con crepe dipinte a decoupage. La sfera \u00e8 saldamente tenuta in posizione da una robusta base in marmo, che fornisce una base stabile per questa splendida urna.<\/p>\n<p style=\"text-align: center;\">Questa urna rustica \u00e8 il luogo di riposo perfetto per la persona amata, offrendo un tributo splendido e duraturo alla sua memoria. Che sia esposta in casa o collocata in un luogo speciale in un cimitero, quest&#8217;urna sar\u00e0 un ricordo costante dell&#8217;amore e dei ricordi condivisi con la persona amata.<\/p>\n<p style=\"text-align: center;\">Il design naturale screpolato di questa urna garantisce che non esistano due oggetti esattamente uguali, rendendo ognuno di essi davvero unico. Potete stare certi che riceverete un&#8217;urna unica nel suo genere, diversa da qualsiasi altra.<\/p>\n<p><iframe loading=\"lazy\" title=\"Artistic Urns For Ashes, Sphere - Shaped Unique Cremation Urns\" width=\"640\" height=\"360\" src=\"https:\/\/www.youtube.com\/embed\/QU30c5K8Nb8?start=38&#038;feature=oembed\" frameborder=\"0\" allow=\"accelerometer; autoplay; clipboard-write; encrypted-media; gyroscope; picture-in-picture; web-share\" referrerpolicy=\"strict-origin-when-cross-origin\" allowfullscreen><\/iframe><\/p>\n<p style=\"text-align: center;\">Come squisita opera d&#8217;arte, quest&#8217;urna non \u00e8 solo il luogo di riposo eterno per le ceneri di una persona cara, ma anche un&#8217;aggiunta splendida e significativa a qualsiasi spazio. Questa urna rustica per le ceneri \u00e8 davvero un pezzo unico nel suo genere che sar\u00e0 apprezzato per le generazioni a venire.<\/p>\n<p>&nbsp;<\/p>\n<p style=\"text-align: center;\">\u2611\ufe0f Gli angoli della base in marmo possono essere arrotondati o dritti, a seconda della disponibilit\u00e0 attuale. Se avete preferenze riguardo agli angoli della base, vi preghiamo di contattarci prima di effettuare l&#8217;acquisto.<\/p>\n<p>&nbsp;<\/p>\n<p style=\"text-align: center;\"><em><strong>Questo \u00e8 un prodotto dipinto a mano, l&#8217;aspetto potrebbe variare leggermente.<\/strong><\/em><\/p>\n<p>&nbsp;<\/p>\n<p style=\"text-align: center;\"><strong>Urna con apertura inferiore:<\/strong><\/p>\n<p><img loading=\"lazy\" decoding=\"async\" class=\" wp-image-1000 aligncenter\" src=\"http:\/\/www.rememberme-forever.com\/wp-content\/uploads\/2023\/04\/steel-urn-opening-295x300.jpg\" alt=\"Urna in acciaio con apertura inferiore\" width=\"179\" height=\"182\" srcset=\"https:\/\/www.rememberme-forever.com\/wp-content\/uploads\/2023\/04\/steel-urn-opening-295x300.jpg 295w, https:\/\/www.rememberme-forever.com\/wp-content\/uploads\/2023\/04\/steel-urn-opening-768x781.jpg 768w, https:\/\/www.rememberme-forever.com\/wp-content\/uploads\/2023\/04\/steel-urn-opening-600x610.jpg 600w, https:\/\/www.rememberme-forever.com\/wp-content\/uploads\/2023\/04\/steel-urn-opening-64x65.jpg 64w, https:\/\/www.rememberme-forever.com\/wp-content\/uploads\/2023\/04\/steel-urn-opening.jpg 1007w\" sizes=\"auto, (max-width: 179px) 100vw, 179px\" \/><\/p>\n<p>&nbsp;<\/p>\n<h3 style=\"text-align: center;\"><strong>PERSONALIZZAZIONE<\/strong><\/h3>\n<p style=\"text-align: center;\">La targa commemorativa personalizzata deve essere personalizzata al momento dell&#8217;ordine. (Non preoccuparti se non la trovi, puoi sempre inviarci un messaggio in seguito.)<\/p>\n<p style=\"text-align: center;\">Si prega di LEGGERE attentamente il testo per l&#8217;incisione prima di aggiungere l&#8217;articolo al carrello. Copiamo e incidiamo esattamente le informazioni che riceviamo con l&#8217;ordine e non apportiamo alcuna modifica.<\/p>\n<p style=\"text-align: center;\">Si prega di rivedere il testo per assicurarsi che tutti gli errori di ortografia siano corretti.<\/p>\n<p>&nbsp;<\/p>\n<h3 style=\"text-align: center;\"><strong>Come versare le ceneri in un&#8217;urna?<\/strong><\/h3>\n<p><iframe loading=\"lazy\" title=\"How to Fill An Urn | How to Transfer Ashes in an Urn -  Always in my Heart Stainless Steel Urn\" width=\"640\" height=\"360\" src=\"https:\/\/www.youtube.com\/embed\/RJpJECh-Mns?start=22&#038;feature=oembed\" frameborder=\"0\" allow=\"accelerometer; autoplay; clipboard-write; encrypted-media; gyroscope; picture-in-picture; web-share\" referrerpolicy=\"strict-origin-when-cross-origin\" allowfullscreen><\/iframe><\/p>\n","protected":false},"excerpt":{"rendered":"<p>Urna cineraria artistica in acciaio inox dipinta a mano per le ceneri. Una delle urne pi\u00f9 belle.<\/p>\n<p><strong>Adatta a contenere le ceneri di una persona di peso corporeo fino a circa 102 kg. <\/strong><\/p>\n<p>\u2705 Questa urna non \u00e8 adatta all&#8217;esterno. Scopri le nostre <a href=\"https:\/\/www.rememberme-forever.com\/product-category\/outdoor-urns\/\" target=\"_blank\" rel=\"noopener\"><br \/>\n<strong>urne per esterni. &gt;&gt;<\/strong><br \/>\n<\/a><\/p>\n","protected":false},"featured_media":19902,"template":"","meta":{"_acf_changed":false},"product_brand":[1991],"product_cat":[2473,2482],"product_tag":[3346],"class_list":{"0":"post-19901","1":"product","2":"type-product","3":"status-publish","4":"has-post-thumbnail","6":"product_brand-remember-forever","7":"product_cat-urne-artistiche","8":"product_cat-urne-di-metallo","9":"product_tag-gpsr-metal_stonebase","10":"product_shipping_class-4-5-kg-it","12":"first","13":"instock","14":"taxable","15":"shipping-taxable","16":"purchasable","17":"product-type-variable"},"yoast_head":"<!-- This site is optimized with the Yoast SEO plugin v27.4 - https:\/\/yoast.com\/product\/yoast-seo-wordpress\/ -->\n<title>Urna rustica - design naturale screpolato, urna in acciaio inox verniciato a decoupage<\/title>\n<meta name=\"description\" content=\"Vi presentiamo la nostra urna rustica unica nel suo genere, un articolo straordinario che catturer\u00e0 sicuramente l&#039;attenzione di chiunque apprezzi la bellezza naturale e il design unico.\" \/>\n<meta name=\"robots\" content=\"index, follow, max-snippet:-1, max-image-preview:large, max-video-preview:-1\" \/>\n<link rel=\"canonical\" href=\"https:\/\/www.rememberme-forever.com\/it\/prodotto\/urna-rustica-design-naturale-screpolato-urna-in-acciaio-inox-verniciato-a-decoupage\/\" \/>\n<meta property=\"og:locale\" content=\"it_IT\" \/>\n<meta property=\"og:type\" content=\"article\" \/>\n<meta property=\"og:title\" content=\"Urna rustica - design naturale screpolato, urna in acciaio inox verniciato a decoupage\" \/>\n<meta property=\"og:description\" content=\"Vi presentiamo la nostra urna rustica unica nel suo genere, un articolo straordinario che catturer\u00e0 sicuramente l&#039;attenzione di chiunque apprezzi la bellezza naturale e il design unico.\" \/>\n<meta property=\"og:url\" content=\"https:\/\/www.rememberme-forever.com\/it\/prodotto\/urna-rustica-design-naturale-screpolato-urna-in-acciaio-inox-verniciato-a-decoupage\/\" \/>\n<meta property=\"og:site_name\" content=\"Remember Forever\" \/>\n<meta property=\"article:modified_time\" content=\"2025-10-27T08:41:49+00:00\" \/>\n<meta property=\"og:image\" content=\"http:\/\/www.rememberme-forever.com\/wp-content\/uploads\/2023\/04\/black-rustic-urn.jpg\" \/>\n\t<meta property=\"og:image:width\" content=\"768\" \/>\n\t<meta property=\"og:image:height\" content=\"768\" \/>\n\t<meta property=\"og:image:type\" content=\"image\/jpeg\" \/>\n<meta name=\"twitter:card\" content=\"summary_large_image\" \/>\n<meta name=\"twitter:label1\" content=\"Tempo di lettura stimato\" \/>\n\t<meta name=\"twitter:data1\" content=\"2 minuti\" \/>\n<script type=\"application\/ld+json\" class=\"yoast-schema-graph\">{\"@context\":\"https:\\\/\\\/schema.org\",\"@graph\":[{\"@type\":\"WebPage\",\"@id\":\"https:\\\/\\\/www.rememberme-forever.com\\\/it\\\/prodotto\\\/urna-rustica-design-naturale-screpolato-urna-in-acciaio-inox-verniciato-a-decoupage\\\/\",\"url\":\"https:\\\/\\\/www.rememberme-forever.com\\\/it\\\/prodotto\\\/urna-rustica-design-naturale-screpolato-urna-in-acciaio-inox-verniciato-a-decoupage\\\/\",\"name\":\"Urna rustica - design naturale screpolato, urna in acciaio inox verniciato a decoupage\",\"isPartOf\":{\"@id\":\"https:\\\/\\\/www.rememberme-forever.com\\\/it\\\/#website\"},\"primaryImageOfPage\":{\"@id\":\"https:\\\/\\\/www.rememberme-forever.com\\\/it\\\/prodotto\\\/urna-rustica-design-naturale-screpolato-urna-in-acciaio-inox-verniciato-a-decoupage\\\/#primaryimage\"},\"image\":{\"@id\":\"https:\\\/\\\/www.rememberme-forever.com\\\/it\\\/prodotto\\\/urna-rustica-design-naturale-screpolato-urna-in-acciaio-inox-verniciato-a-decoupage\\\/#primaryimage\"},\"thumbnailUrl\":\"https:\\\/\\\/www.rememberme-forever.com\\\/wp-content\\\/uploads\\\/2023\\\/04\\\/black-rustic-urn.jpg\",\"datePublished\":\"2023-04-05T06:50:32+00:00\",\"dateModified\":\"2025-10-27T08:41:49+00:00\",\"description\":\"Vi presentiamo la nostra urna rustica unica nel suo genere, un articolo straordinario che catturer\u00e0 sicuramente l'attenzione di chiunque apprezzi la bellezza naturale e il design unico.\",\"breadcrumb\":{\"@id\":\"https:\\\/\\\/www.rememberme-forever.com\\\/it\\\/prodotto\\\/urna-rustica-design-naturale-screpolato-urna-in-acciaio-inox-verniciato-a-decoupage\\\/#breadcrumb\"},\"inLanguage\":\"it-IT\",\"potentialAction\":[{\"@type\":\"ReadAction\",\"target\":[\"https:\\\/\\\/www.rememberme-forever.com\\\/it\\\/prodotto\\\/urna-rustica-design-naturale-screpolato-urna-in-acciaio-inox-verniciato-a-decoupage\\\/\"]}]},{\"@type\":\"ImageObject\",\"inLanguage\":\"it-IT\",\"@id\":\"https:\\\/\\\/www.rememberme-forever.com\\\/it\\\/prodotto\\\/urna-rustica-design-naturale-screpolato-urna-in-acciaio-inox-verniciato-a-decoupage\\\/#primaryimage\",\"url\":\"https:\\\/\\\/www.rememberme-forever.com\\\/wp-content\\\/uploads\\\/2023\\\/04\\\/black-rustic-urn.jpg\",\"contentUrl\":\"https:\\\/\\\/www.rememberme-forever.com\\\/wp-content\\\/uploads\\\/2023\\\/04\\\/black-rustic-urn.jpg\",\"width\":768,\"height\":768,\"caption\":\"black rustic urn\"},{\"@type\":\"BreadcrumbList\",\"@id\":\"https:\\\/\\\/www.rememberme-forever.com\\\/it\\\/prodotto\\\/urna-rustica-design-naturale-screpolato-urna-in-acciaio-inox-verniciato-a-decoupage\\\/#breadcrumb\",\"itemListElement\":[{\"@type\":\"ListItem\",\"position\":1,\"name\":\"Home\",\"item\":\"https:\\\/\\\/www.rememberme-forever.com\\\/it\\\/home\\\/\"},{\"@type\":\"ListItem\",\"position\":2,\"name\":\"Negozio\",\"item\":\"https:\\\/\\\/www.rememberme-forever.com\\\/it\\\/negozio\\\/\"},{\"@type\":\"ListItem\",\"position\":3,\"name\":\"Urna rustica &#8211; design naturale screpolato, urna in acciaio inox verniciato a decoupage\"}]},{\"@type\":\"WebSite\",\"@id\":\"https:\\\/\\\/www.rememberme-forever.com\\\/it\\\/#website\",\"url\":\"https:\\\/\\\/www.rememberme-forever.com\\\/it\\\/\",\"name\":\"Remember Forever\",\"description\":\"Cremation urns, funeral urns, urns for ashes\",\"publisher\":{\"@id\":\"https:\\\/\\\/www.rememberme-forever.com\\\/it\\\/#organization\"},\"potentialAction\":[{\"@type\":\"SearchAction\",\"target\":{\"@type\":\"EntryPoint\",\"urlTemplate\":\"https:\\\/\\\/www.rememberme-forever.com\\\/it\\\/?s={search_term_string}\"},\"query-input\":{\"@type\":\"PropertyValueSpecification\",\"valueRequired\":true,\"valueName\":\"search_term_string\"}}],\"inLanguage\":\"it-IT\"},{\"@type\":\"Organization\",\"@id\":\"https:\\\/\\\/www.rememberme-forever.com\\\/it\\\/#organization\",\"name\":\"Remember Forever\",\"url\":\"https:\\\/\\\/www.rememberme-forever.com\\\/it\\\/\",\"logo\":{\"@type\":\"ImageObject\",\"inLanguage\":\"it-IT\",\"@id\":\"https:\\\/\\\/www.rememberme-forever.com\\\/it\\\/#\\\/schema\\\/logo\\\/image\\\/\",\"url\":\"https:\\\/\\\/www.rememberme-forever.com\\\/wp-content\\\/uploads\\\/2023\\\/02\\\/logo.png\",\"contentUrl\":\"https:\\\/\\\/www.rememberme-forever.com\\\/wp-content\\\/uploads\\\/2023\\\/02\\\/logo.png\",\"width\":300,\"height\":56,\"caption\":\"Remember Forever\"},\"image\":{\"@id\":\"https:\\\/\\\/www.rememberme-forever.com\\\/it\\\/#\\\/schema\\\/logo\\\/image\\\/\"}}]}<\/script>\n<!-- \/ Yoast SEO plugin. -->","yoast_head_json":{"title":"Urna rustica - design naturale screpolato, urna in acciaio inox verniciato a decoupage","description":"Vi presentiamo la nostra urna rustica unica nel suo genere, un articolo straordinario che catturer\u00e0 sicuramente l'attenzione di chiunque apprezzi la bellezza naturale e il design unico.","robots":{"index":"index","follow":"follow","max-snippet":"max-snippet:-1","max-image-preview":"max-image-preview:large","max-video-preview":"max-video-preview:-1"},"canonical":"https:\/\/www.rememberme-forever.com\/it\/prodotto\/urna-rustica-design-naturale-screpolato-urna-in-acciaio-inox-verniciato-a-decoupage\/","og_locale":"it_IT","og_type":"article","og_title":"Urna rustica - design naturale screpolato, urna in acciaio inox verniciato a decoupage","og_description":"Vi presentiamo la nostra urna rustica unica nel suo genere, un articolo straordinario che catturer\u00e0 sicuramente l'attenzione di chiunque apprezzi la bellezza naturale e il design unico.","og_url":"https:\/\/www.rememberme-forever.com\/it\/prodotto\/urna-rustica-design-naturale-screpolato-urna-in-acciaio-inox-verniciato-a-decoupage\/","og_site_name":"Remember Forever","article_modified_time":"2025-10-27T08:41:49+00:00","og_image":[{"width":768,"height":768,"url":"http:\/\/www.rememberme-forever.com\/wp-content\/uploads\/2023\/04\/black-rustic-urn.jpg","type":"image\/jpeg"}],"twitter_card":"summary_large_image","twitter_misc":{"Tempo di lettura stimato":"2 minuti"},"schema":{"@context":"https:\/\/schema.org","@graph":[{"@type":"WebPage","@id":"https:\/\/www.rememberme-forever.com\/it\/prodotto\/urna-rustica-design-naturale-screpolato-urna-in-acciaio-inox-verniciato-a-decoupage\/","url":"https:\/\/www.rememberme-forever.com\/it\/prodotto\/urna-rustica-design-naturale-screpolato-urna-in-acciaio-inox-verniciato-a-decoupage\/","name":"Urna rustica - design naturale screpolato, urna in acciaio inox verniciato a decoupage","isPartOf":{"@id":"https:\/\/www.rememberme-forever.com\/it\/#website"},"primaryImageOfPage":{"@id":"https:\/\/www.rememberme-forever.com\/it\/prodotto\/urna-rustica-design-naturale-screpolato-urna-in-acciaio-inox-verniciato-a-decoupage\/#primaryimage"},"image":{"@id":"https:\/\/www.rememberme-forever.com\/it\/prodotto\/urna-rustica-design-naturale-screpolato-urna-in-acciaio-inox-verniciato-a-decoupage\/#primaryimage"},"thumbnailUrl":"https:\/\/www.rememberme-forever.com\/wp-content\/uploads\/2023\/04\/black-rustic-urn.jpg","datePublished":"2023-04-05T06:50:32+00:00","dateModified":"2025-10-27T08:41:49+00:00","description":"Vi presentiamo la nostra urna rustica unica nel suo genere, un articolo straordinario che catturer\u00e0 sicuramente l'attenzione di chiunque apprezzi la bellezza naturale e il design unico.","breadcrumb":{"@id":"https:\/\/www.rememberme-forever.com\/it\/prodotto\/urna-rustica-design-naturale-screpolato-urna-in-acciaio-inox-verniciato-a-decoupage\/#breadcrumb"},"inLanguage":"it-IT","potentialAction":[{"@type":"ReadAction","target":["https:\/\/www.rememberme-forever.com\/it\/prodotto\/urna-rustica-design-naturale-screpolato-urna-in-acciaio-inox-verniciato-a-decoupage\/"]}]},{"@type":"ImageObject","inLanguage":"it-IT","@id":"https:\/\/www.rememberme-forever.com\/it\/prodotto\/urna-rustica-design-naturale-screpolato-urna-in-acciaio-inox-verniciato-a-decoupage\/#primaryimage","url":"https:\/\/www.rememberme-forever.com\/wp-content\/uploads\/2023\/04\/black-rustic-urn.jpg","contentUrl":"https:\/\/www.rememberme-forever.com\/wp-content\/uploads\/2023\/04\/black-rustic-urn.jpg","width":768,"height":768,"caption":"black rustic urn"},{"@type":"BreadcrumbList","@id":"https:\/\/www.rememberme-forever.com\/it\/prodotto\/urna-rustica-design-naturale-screpolato-urna-in-acciaio-inox-verniciato-a-decoupage\/#breadcrumb","itemListElement":[{"@type":"ListItem","position":1,"name":"Home","item":"https:\/\/www.rememberme-forever.com\/it\/home\/"},{"@type":"ListItem","position":2,"name":"Negozio","item":"https:\/\/www.rememberme-forever.com\/it\/negozio\/"},{"@type":"ListItem","position":3,"name":"Urna rustica &#8211; design naturale screpolato, urna in acciaio inox verniciato a decoupage"}]},{"@type":"WebSite","@id":"https:\/\/www.rememberme-forever.com\/it\/#website","url":"https:\/\/www.rememberme-forever.com\/it\/","name":"Remember Forever","description":"Cremation urns, funeral urns, urns for ashes","publisher":{"@id":"https:\/\/www.rememberme-forever.com\/it\/#organization"},"potentialAction":[{"@type":"SearchAction","target":{"@type":"EntryPoint","urlTemplate":"https:\/\/www.rememberme-forever.com\/it\/?s={search_term_string}"},"query-input":{"@type":"PropertyValueSpecification","valueRequired":true,"valueName":"search_term_string"}}],"inLanguage":"it-IT"},{"@type":"Organization","@id":"https:\/\/www.rememberme-forever.com\/it\/#organization","name":"Remember Forever","url":"https:\/\/www.rememberme-forever.com\/it\/","logo":{"@type":"ImageObject","inLanguage":"it-IT","@id":"https:\/\/www.rememberme-forever.com\/it\/#\/schema\/logo\/image\/","url":"https:\/\/www.rememberme-forever.com\/wp-content\/uploads\/2023\/02\/logo.png","contentUrl":"https:\/\/www.rememberme-forever.com\/wp-content\/uploads\/2023\/02\/logo.png","width":300,"height":56,"caption":"Remember Forever"},"image":{"@id":"https:\/\/www.rememberme-forever.com\/it\/#\/schema\/logo\/image\/"}}]}},"acf":[],"_links":{"self":[{"href":"https:\/\/www.rememberme-forever.com\/it\/wp-json\/wp\/v2\/product\/19901","targetHints":{"allow":["GET"]}}],"collection":[{"href":"https:\/\/www.rememberme-forever.com\/it\/wp-json\/wp\/v2\/product"}],"about":[{"href":"https:\/\/www.rememberme-forever.com\/it\/wp-json\/wp\/v2\/types\/product"}],"wp:featuredmedia":[{"embeddable":true,"href":"https:\/\/www.rememberme-forever.com\/it\/wp-json\/wp\/v2\/media\/19902"}],"wp:attachment":[{"href":"https:\/\/www.rememberme-forever.com\/it\/wp-json\/wp\/v2\/media?parent=19901"}],"wp:term":[{"taxonomy":"product_brand","embeddable":true,"href":"https:\/\/www.rememberme-forever.com\/it\/wp-json\/wp\/v2\/product_brand?post=19901"},{"taxonomy":"product_cat","embeddable":true,"href":"https:\/\/www.rememberme-forever.com\/it\/wp-json\/wp\/v2\/product_cat?post=19901"},{"taxonomy":"product_tag","embeddable":true,"href":"https:\/\/www.rememberme-forever.com\/it\/wp-json\/wp\/v2\/product_tag?post=19901"}],"curies":[{"name":"wp","href":"https:\/\/api.w.org\/{rel}","templated":true}]}}