{"id":20103,"date":"2023-04-05T10:36:56","date_gmt":"2023-04-05T08:36:56","guid":{"rendered":"https:\/\/www.rememberme-forever.com\/product\/urna-commemorativa-giove-in-oro-unurna-unica-per-le-ceneri-come-quella-di-giove\/"},"modified":"2025-10-13T11:09:59","modified_gmt":"2025-10-13T09:09:59","slug":"urna-commemorativa-giove-in-oro-unurna-unica-per-le-ceneri-come-quella-di-giove","status":"publish","type":"product","link":"https:\/\/www.rememberme-forever.com\/it\/prodotto\/urna-commemorativa-giove-in-oro-unurna-unica-per-le-ceneri-come-quella-di-giove\/","title":{"rendered":"Urna commemorativa &#8220;Giove&#8221; in oro, un&#8217;urna unica per le ceneri come quella di Giove"},"content":{"rendered":"<h2 style=\"text-align: center;\"><strong>Urna commemorativa &#8220;Giove&#8221; in oro<\/strong><\/h2>\n<p style=\"text-align: center;\">L&#8217;urna commemorativa &#8220;Giove&#8221; in oro \u00e8 una splendida e unica urna cineraria a forma di sfera che sar\u00e0 un meraviglioso omaggio alla persona cara. Realizzata con la massima cura e attenzione ai dettagli, quest&#8217;urna presenta un inserto sferico in acciaio inossidabile ed \u00e8 dipinta a mano alla perfezione.<\/p>\n<p style=\"text-align: center;\">L&#8217;urna commemorativa &#8220;Giove&#8221; in oro non \u00e8 solo un modo pratico e funzionale per onorare la memoria della persona cara, ma \u00e8 anche un&#8217;opera d&#8217;arte. Le splendide tonalit\u00e0 dorate dell&#8217;urna evocano un senso di calore e comfort, mentre i dettagli e le texture intricate creano un senso di profondit\u00e0 e ricchezza.<\/p>\n<p><iframe loading=\"lazy\" title=\"Space Cremation Urn - Jupiter - Unique Place For Ashes, Decorative Urn For Home\" width=\"640\" height=\"360\" src=\"https:\/\/www.youtube.com\/embed\/7AGJUsrBMqw?start=12&#038;feature=oembed\" frameborder=\"0\" allow=\"accelerometer; autoplay; clipboard-write; encrypted-media; gyroscope; picture-in-picture; web-share\" referrerpolicy=\"strict-origin-when-cross-origin\" allowfullscreen><\/iframe><\/p>\n<p style=\"text-align: center;\">Questa urna \u00e8 progettata per essere un omaggio duraturo e significativo alla persona cara ed \u00e8 dotata di una targa commemorativa che pu\u00f2 essere personalizzata con il nome, le date e qualsiasi altro messaggio speciale che si desidera includere.<\/p>\n<p style=\"text-align: center;\">Il design a forma di sfera dell&#8217;urna simboleggia il ciclo della vita e l&#8217;inserto in acciaio inossidabile garantisce che i resti della persona cara siano custoditi in modo sicuro e protetto. L&#8217;urna cineraria &#8220;Giove Planet&#8221; in oro \u00e8 un modo davvero unico e speciale per onorare la memoria della persona cara e tenerla vicina al cuore.<\/p>\n<p>&nbsp;<\/p>\n<p style=\"text-align: center;\"><em><strong>Questo \u00e8 un prodotto dipinto a mano, l&#8217;aspetto potrebbe variare leggermente.<\/strong><\/em><\/p>\n<p>&nbsp;<\/p>\n<p style=\"text-align: center;\"><strong>Inserto in acciaio inossidabile:<\/strong><\/p>\n<p><img loading=\"lazy\" decoding=\"async\" class=\" wp-image-1080 aligncenter\" src=\"http:\/\/www.rememberme-forever.com\/wp-content\/uploads\/2023\/04\/planet-urn-inside-stainless-steel-insert-300x300.jpg\" alt=\"urna a forma di pianeta con inserto in acciaio inossidabile\" width=\"218\" height=\"218\" srcset=\"https:\/\/www.rememberme-forever.com\/wp-content\/uploads\/2023\/04\/planet-urn-inside-stainless-steel-insert-300x300.jpg 300w, https:\/\/www.rememberme-forever.com\/wp-content\/uploads\/2023\/04\/planet-urn-inside-stainless-steel-insert-150x150.jpg 150w, https:\/\/www.rememberme-forever.com\/wp-content\/uploads\/2023\/04\/planet-urn-inside-stainless-steel-insert-600x600.jpg 600w, https:\/\/www.rememberme-forever.com\/wp-content\/uploads\/2023\/04\/planet-urn-inside-stainless-steel-insert-100x100.jpg 100w, https:\/\/www.rememberme-forever.com\/wp-content\/uploads\/2023\/04\/planet-urn-inside-stainless-steel-insert-64x64.jpg 64w, https:\/\/www.rememberme-forever.com\/wp-content\/uploads\/2023\/04\/planet-urn-inside-stainless-steel-insert.jpg 768w\" sizes=\"auto, (max-width: 218px) 100vw, 218px\" \/><\/p>\n<p>&nbsp;<\/p>\n<h3 style=\"text-align: center;\"><strong>PERSONALIZZAZIONE<\/strong><\/h3>\n<p style=\"text-align: center;\">La targa commemorativa personalizzata deve essere personalizzata al momento dell&#8217;ordine. (Non preoccuparti se non la trovi, puoi sempre inviarci un messaggio in seguito.)<\/p>\n<p style=\"text-align: center;\">Si prega di LEGGERE attentamente il testo per l&#8217;incisione prima di aggiungere l&#8217;articolo al carrello. Copiamo e incidiamo esattamente le informazioni che riceviamo con l&#8217;ordine e non apportiamo alcuna modifica.<\/p>\n<p style=\"text-align: center;\"><strong>Si prega di rivedere il testo per assicurarsi che l&#8217;ortografia sia corretta.<\/strong><\/p>\n<p><img loading=\"lazy\" decoding=\"async\" class=\" wp-image-1449 aligncenter\" src=\"http:\/\/www.rememberme-forever.com\/wp-content\/uploads\/2023\/04\/memorial-plaque-cremation-urn-silver-300x153.jpg\" alt=\"Urna cineraria con targa commemorativa in argento\" width=\"188\" height=\"96\" srcset=\"https:\/\/www.rememberme-forever.com\/wp-content\/uploads\/2023\/04\/memorial-plaque-cremation-urn-silver-300x153.jpg 300w, https:\/\/www.rememberme-forever.com\/wp-content\/uploads\/2023\/04\/memorial-plaque-cremation-urn-silver-64x33.jpg 64w, https:\/\/www.rememberme-forever.com\/wp-content\/uploads\/2023\/04\/memorial-plaque-cremation-urn-silver.jpg 448w\" sizes=\"auto, (max-width: 188px) 100vw, 188px\" \/><\/p>\n","protected":false},"excerpt":{"rendered":"<p>Splendida urna cineraria a forma di pianeta realizzata in ABS e inserto in acciaio inossidabile. Esclusiva urna cineraria &#8220;Giove Planet&#8221; in oro per le ceneri da cremare.<\/p>\n<p><strong>Adatta per un peso corporeo di circa 102 kg o inferiore.<\/strong><\/p>\n<p>\u2705 Questa urna non \u00e8 adatta all&#8217;esterno. Scopri le nostre <a href=\"https:\/\/www.rememberme-forever.com\/product-category\/outdoor-urns\/\" target=\"_blank\" rel=\"noopener\"><br \/>\n<strong>urne per esterni. &gt;&gt;<\/strong><br \/>\n<\/a><\/p>\n","protected":false},"featured_media":20104,"comment_status":"open","ping_status":"closed","template":"","meta":{"_acf_changed":false},"product_brand":[1991],"product_cat":[2493,2486,2473],"product_tag":[3333],"class_list":{"0":"post-20103","1":"product","2":"type-product","3":"status-publish","4":"has-post-thumbnail","6":"product_brand-remember-forever","7":"product_cat-pianeti","8":"product_cat-urne-a-tema","9":"product_cat-urne-artistiche","10":"product_tag-gpsr-metal-insert-abs_outside","11":"product_shipping_class-2-4kg-it","13":"first","14":"instock","15":"taxable","16":"shipping-taxable","17":"purchasable","18":"product-type-simple"},"yoast_head":"<!-- This site is optimized with the Yoast SEO plugin v27.5 - https:\/\/yoast.com\/product\/yoast-seo-wordpress\/ -->\n<title>Urna commemorativa &quot;Giove&quot; in oro, un&#039;urna unica per le ceneri come quella di Giove<\/title>\n<meta name=\"description\" content=\"L&#039;urna cineraria &quot;Giove Planet&quot; in oro \u00e8 una splendida e unica urna cineraria a forma di sfera che sar\u00e0 un meraviglioso omaggio alla persona cara.\" \/>\n<meta name=\"robots\" content=\"index, follow, max-snippet:-1, max-image-preview:large, max-video-preview:-1\" \/>\n<link rel=\"canonical\" href=\"https:\/\/www.rememberme-forever.com\/it\/prodotto\/urna-commemorativa-giove-in-oro-unurna-unica-per-le-ceneri-come-quella-di-giove\/\" \/>\n<meta property=\"og:locale\" content=\"it_IT\" \/>\n<meta property=\"og:type\" content=\"article\" \/>\n<meta property=\"og:title\" content=\"Urna commemorativa &quot;Giove&quot; in oro, un&#039;urna unica per le ceneri come quella di Giove\" \/>\n<meta property=\"og:description\" content=\"L&#039;urna cineraria &quot;Giove Planet&quot; in oro \u00e8 una splendida e unica urna cineraria a forma di sfera che sar\u00e0 un meraviglioso omaggio alla persona cara.\" \/>\n<meta property=\"og:url\" content=\"https:\/\/www.rememberme-forever.com\/it\/prodotto\/urna-commemorativa-giove-in-oro-unurna-unica-per-le-ceneri-come-quella-di-giove\/\" \/>\n<meta property=\"og:site_name\" content=\"Remember Forever\" \/>\n<meta property=\"article:modified_time\" content=\"2025-10-13T09:09:59+00:00\" \/>\n<meta property=\"og:image\" content=\"http:\/\/www.rememberme-forever.com\/wp-content\/uploads\/2023\/04\/planet-urn-gold-jupiter.jpg\" \/>\n\t<meta property=\"og:image:width\" content=\"768\" \/>\n\t<meta property=\"og:image:height\" content=\"768\" \/>\n\t<meta property=\"og:image:type\" content=\"image\/jpeg\" \/>\n<meta name=\"twitter:card\" content=\"summary_large_image\" \/>\n<meta name=\"twitter:label1\" content=\"Tempo di lettura stimato\" \/>\n\t<meta name=\"twitter:data1\" content=\"2 minuti\" \/>\n<script type=\"application\/ld+json\" class=\"yoast-schema-graph\">{\"@context\":\"https:\\\/\\\/schema.org\",\"@graph\":[{\"@type\":\"WebPage\",\"@id\":\"https:\\\/\\\/www.rememberme-forever.com\\\/it\\\/prodotto\\\/urna-commemorativa-giove-in-oro-unurna-unica-per-le-ceneri-come-quella-di-giove\\\/\",\"url\":\"https:\\\/\\\/www.rememberme-forever.com\\\/it\\\/prodotto\\\/urna-commemorativa-giove-in-oro-unurna-unica-per-le-ceneri-come-quella-di-giove\\\/\",\"name\":\"Urna commemorativa \\\"Giove\\\" in oro, un'urna unica per le ceneri come quella di Giove\",\"isPartOf\":{\"@id\":\"https:\\\/\\\/www.rememberme-forever.com\\\/it\\\/#website\"},\"primaryImageOfPage\":{\"@id\":\"https:\\\/\\\/www.rememberme-forever.com\\\/it\\\/prodotto\\\/urna-commemorativa-giove-in-oro-unurna-unica-per-le-ceneri-come-quella-di-giove\\\/#primaryimage\"},\"image\":{\"@id\":\"https:\\\/\\\/www.rememberme-forever.com\\\/it\\\/prodotto\\\/urna-commemorativa-giove-in-oro-unurna-unica-per-le-ceneri-come-quella-di-giove\\\/#primaryimage\"},\"thumbnailUrl\":\"https:\\\/\\\/www.rememberme-forever.com\\\/wp-content\\\/uploads\\\/2023\\\/04\\\/planet-urn-gold-jupiter.jpg\",\"datePublished\":\"2023-04-05T08:36:56+00:00\",\"dateModified\":\"2025-10-13T09:09:59+00:00\",\"description\":\"L'urna cineraria \\\"Giove Planet\\\" in oro \u00e8 una splendida e unica urna cineraria a forma di sfera che sar\u00e0 un meraviglioso omaggio alla persona cara.\",\"breadcrumb\":{\"@id\":\"https:\\\/\\\/www.rememberme-forever.com\\\/it\\\/prodotto\\\/urna-commemorativa-giove-in-oro-unurna-unica-per-le-ceneri-come-quella-di-giove\\\/#breadcrumb\"},\"inLanguage\":\"it-IT\",\"potentialAction\":[{\"@type\":\"ReadAction\",\"target\":[\"https:\\\/\\\/www.rememberme-forever.com\\\/it\\\/prodotto\\\/urna-commemorativa-giove-in-oro-unurna-unica-per-le-ceneri-come-quella-di-giove\\\/\"]}]},{\"@type\":\"ImageObject\",\"inLanguage\":\"it-IT\",\"@id\":\"https:\\\/\\\/www.rememberme-forever.com\\\/it\\\/prodotto\\\/urna-commemorativa-giove-in-oro-unurna-unica-per-le-ceneri-come-quella-di-giove\\\/#primaryimage\",\"url\":\"https:\\\/\\\/www.rememberme-forever.com\\\/wp-content\\\/uploads\\\/2023\\\/04\\\/planet-urn-gold-jupiter.jpg\",\"contentUrl\":\"https:\\\/\\\/www.rememberme-forever.com\\\/wp-content\\\/uploads\\\/2023\\\/04\\\/planet-urn-gold-jupiter.jpg\",\"width\":768,\"height\":768,\"caption\":\"gold jupiter planet urn\"},{\"@type\":\"BreadcrumbList\",\"@id\":\"https:\\\/\\\/www.rememberme-forever.com\\\/it\\\/prodotto\\\/urna-commemorativa-giove-in-oro-unurna-unica-per-le-ceneri-come-quella-di-giove\\\/#breadcrumb\",\"itemListElement\":[{\"@type\":\"ListItem\",\"position\":1,\"name\":\"Home\",\"item\":\"https:\\\/\\\/www.rememberme-forever.com\\\/it\\\/home\\\/\"},{\"@type\":\"ListItem\",\"position\":2,\"name\":\"Negozio\",\"item\":\"https:\\\/\\\/www.rememberme-forever.com\\\/it\\\/negozio\\\/\"},{\"@type\":\"ListItem\",\"position\":3,\"name\":\"Urna commemorativa &#8220;Giove&#8221; in oro, un&#8217;urna unica per le ceneri come quella di Giove\"}]},{\"@type\":\"WebSite\",\"@id\":\"https:\\\/\\\/www.rememberme-forever.com\\\/it\\\/#website\",\"url\":\"https:\\\/\\\/www.rememberme-forever.com\\\/it\\\/\",\"name\":\"Remember Forever\",\"description\":\"Cremation urns, funeral urns, urns for ashes\",\"publisher\":{\"@id\":\"https:\\\/\\\/www.rememberme-forever.com\\\/it\\\/#organization\"},\"potentialAction\":[{\"@type\":\"SearchAction\",\"target\":{\"@type\":\"EntryPoint\",\"urlTemplate\":\"https:\\\/\\\/www.rememberme-forever.com\\\/it\\\/?s={search_term_string}\"},\"query-input\":{\"@type\":\"PropertyValueSpecification\",\"valueRequired\":true,\"valueName\":\"search_term_string\"}}],\"inLanguage\":\"it-IT\"},{\"@type\":\"Organization\",\"@id\":\"https:\\\/\\\/www.rememberme-forever.com\\\/it\\\/#organization\",\"name\":\"Remember Forever\",\"url\":\"https:\\\/\\\/www.rememberme-forever.com\\\/it\\\/\",\"logo\":{\"@type\":\"ImageObject\",\"inLanguage\":\"it-IT\",\"@id\":\"https:\\\/\\\/www.rememberme-forever.com\\\/it\\\/#\\\/schema\\\/logo\\\/image\\\/\",\"url\":\"https:\\\/\\\/www.rememberme-forever.com\\\/wp-content\\\/uploads\\\/2023\\\/02\\\/logo.png\",\"contentUrl\":\"https:\\\/\\\/www.rememberme-forever.com\\\/wp-content\\\/uploads\\\/2023\\\/02\\\/logo.png\",\"width\":300,\"height\":56,\"caption\":\"Remember Forever\"},\"image\":{\"@id\":\"https:\\\/\\\/www.rememberme-forever.com\\\/it\\\/#\\\/schema\\\/logo\\\/image\\\/\"}}]}<\/script>\n<!-- \/ Yoast SEO plugin. -->","yoast_head_json":{"title":"Urna commemorativa \"Giove\" in oro, un'urna unica per le ceneri come quella di Giove","description":"L'urna cineraria \"Giove Planet\" in oro \u00e8 una splendida e unica urna cineraria a forma di sfera che sar\u00e0 un meraviglioso omaggio alla persona cara.","robots":{"index":"index","follow":"follow","max-snippet":"max-snippet:-1","max-image-preview":"max-image-preview:large","max-video-preview":"max-video-preview:-1"},"canonical":"https:\/\/www.rememberme-forever.com\/it\/prodotto\/urna-commemorativa-giove-in-oro-unurna-unica-per-le-ceneri-come-quella-di-giove\/","og_locale":"it_IT","og_type":"article","og_title":"Urna commemorativa \"Giove\" in oro, un'urna unica per le ceneri come quella di Giove","og_description":"L'urna cineraria \"Giove Planet\" in oro \u00e8 una splendida e unica urna cineraria a forma di sfera che sar\u00e0 un meraviglioso omaggio alla persona cara.","og_url":"https:\/\/www.rememberme-forever.com\/it\/prodotto\/urna-commemorativa-giove-in-oro-unurna-unica-per-le-ceneri-come-quella-di-giove\/","og_site_name":"Remember Forever","article_modified_time":"2025-10-13T09:09:59+00:00","og_image":[{"width":768,"height":768,"url":"http:\/\/www.rememberme-forever.com\/wp-content\/uploads\/2023\/04\/planet-urn-gold-jupiter.jpg","type":"image\/jpeg"}],"twitter_card":"summary_large_image","twitter_misc":{"Tempo di lettura stimato":"2 minuti"},"schema":{"@context":"https:\/\/schema.org","@graph":[{"@type":"WebPage","@id":"https:\/\/www.rememberme-forever.com\/it\/prodotto\/urna-commemorativa-giove-in-oro-unurna-unica-per-le-ceneri-come-quella-di-giove\/","url":"https:\/\/www.rememberme-forever.com\/it\/prodotto\/urna-commemorativa-giove-in-oro-unurna-unica-per-le-ceneri-come-quella-di-giove\/","name":"Urna commemorativa \"Giove\" in oro, un'urna unica per le ceneri come quella di Giove","isPartOf":{"@id":"https:\/\/www.rememberme-forever.com\/it\/#website"},"primaryImageOfPage":{"@id":"https:\/\/www.rememberme-forever.com\/it\/prodotto\/urna-commemorativa-giove-in-oro-unurna-unica-per-le-ceneri-come-quella-di-giove\/#primaryimage"},"image":{"@id":"https:\/\/www.rememberme-forever.com\/it\/prodotto\/urna-commemorativa-giove-in-oro-unurna-unica-per-le-ceneri-come-quella-di-giove\/#primaryimage"},"thumbnailUrl":"https:\/\/www.rememberme-forever.com\/wp-content\/uploads\/2023\/04\/planet-urn-gold-jupiter.jpg","datePublished":"2023-04-05T08:36:56+00:00","dateModified":"2025-10-13T09:09:59+00:00","description":"L'urna cineraria \"Giove Planet\" in oro \u00e8 una splendida e unica urna cineraria a forma di sfera che sar\u00e0 un meraviglioso omaggio alla persona cara.","breadcrumb":{"@id":"https:\/\/www.rememberme-forever.com\/it\/prodotto\/urna-commemorativa-giove-in-oro-unurna-unica-per-le-ceneri-come-quella-di-giove\/#breadcrumb"},"inLanguage":"it-IT","potentialAction":[{"@type":"ReadAction","target":["https:\/\/www.rememberme-forever.com\/it\/prodotto\/urna-commemorativa-giove-in-oro-unurna-unica-per-le-ceneri-come-quella-di-giove\/"]}]},{"@type":"ImageObject","inLanguage":"it-IT","@id":"https:\/\/www.rememberme-forever.com\/it\/prodotto\/urna-commemorativa-giove-in-oro-unurna-unica-per-le-ceneri-come-quella-di-giove\/#primaryimage","url":"https:\/\/www.rememberme-forever.com\/wp-content\/uploads\/2023\/04\/planet-urn-gold-jupiter.jpg","contentUrl":"https:\/\/www.rememberme-forever.com\/wp-content\/uploads\/2023\/04\/planet-urn-gold-jupiter.jpg","width":768,"height":768,"caption":"gold jupiter planet urn"},{"@type":"BreadcrumbList","@id":"https:\/\/www.rememberme-forever.com\/it\/prodotto\/urna-commemorativa-giove-in-oro-unurna-unica-per-le-ceneri-come-quella-di-giove\/#breadcrumb","itemListElement":[{"@type":"ListItem","position":1,"name":"Home","item":"https:\/\/www.rememberme-forever.com\/it\/home\/"},{"@type":"ListItem","position":2,"name":"Negozio","item":"https:\/\/www.rememberme-forever.com\/it\/negozio\/"},{"@type":"ListItem","position":3,"name":"Urna commemorativa &#8220;Giove&#8221; in oro, un&#8217;urna unica per le ceneri come quella di Giove"}]},{"@type":"WebSite","@id":"https:\/\/www.rememberme-forever.com\/it\/#website","url":"https:\/\/www.rememberme-forever.com\/it\/","name":"Remember Forever","description":"Cremation urns, funeral urns, urns for ashes","publisher":{"@id":"https:\/\/www.rememberme-forever.com\/it\/#organization"},"potentialAction":[{"@type":"SearchAction","target":{"@type":"EntryPoint","urlTemplate":"https:\/\/www.rememberme-forever.com\/it\/?s={search_term_string}"},"query-input":{"@type":"PropertyValueSpecification","valueRequired":true,"valueName":"search_term_string"}}],"inLanguage":"it-IT"},{"@type":"Organization","@id":"https:\/\/www.rememberme-forever.com\/it\/#organization","name":"Remember Forever","url":"https:\/\/www.rememberme-forever.com\/it\/","logo":{"@type":"ImageObject","inLanguage":"it-IT","@id":"https:\/\/www.rememberme-forever.com\/it\/#\/schema\/logo\/image\/","url":"https:\/\/www.rememberme-forever.com\/wp-content\/uploads\/2023\/02\/logo.png","contentUrl":"https:\/\/www.rememberme-forever.com\/wp-content\/uploads\/2023\/02\/logo.png","width":300,"height":56,"caption":"Remember Forever"},"image":{"@id":"https:\/\/www.rememberme-forever.com\/it\/#\/schema\/logo\/image\/"}}]}},"acf":[],"_links":{"self":[{"href":"https:\/\/www.rememberme-forever.com\/it\/wp-json\/wp\/v2\/product\/20103","targetHints":{"allow":["GET"]}}],"collection":[{"href":"https:\/\/www.rememberme-forever.com\/it\/wp-json\/wp\/v2\/product"}],"about":[{"href":"https:\/\/www.rememberme-forever.com\/it\/wp-json\/wp\/v2\/types\/product"}],"replies":[{"embeddable":true,"href":"https:\/\/www.rememberme-forever.com\/it\/wp-json\/wp\/v2\/comments?post=20103"}],"wp:featuredmedia":[{"embeddable":true,"href":"https:\/\/www.rememberme-forever.com\/it\/wp-json\/wp\/v2\/media\/20104"}],"wp:attachment":[{"href":"https:\/\/www.rememberme-forever.com\/it\/wp-json\/wp\/v2\/media?parent=20103"}],"wp:term":[{"taxonomy":"product_brand","embeddable":true,"href":"https:\/\/www.rememberme-forever.com\/it\/wp-json\/wp\/v2\/product_brand?post=20103"},{"taxonomy":"product_cat","embeddable":true,"href":"https:\/\/www.rememberme-forever.com\/it\/wp-json\/wp\/v2\/product_cat?post=20103"},{"taxonomy":"product_tag","embeddable":true,"href":"https:\/\/www.rememberme-forever.com\/it\/wp-json\/wp\/v2\/product_tag?post=20103"}],"curies":[{"name":"wp","href":"https:\/\/api.w.org\/{rel}","templated":true}]}}