{"id":23076,"date":"2025-05-13T12:51:01","date_gmt":"2025-05-13T10:51:01","guid":{"rendered":"https:\/\/www.rememberme-forever.com\/product\/urna-decorativa-per-ceneri-a-forma-di-globo-terrestre\/"},"modified":"2025-11-28T09:37:23","modified_gmt":"2025-11-28T08:37:23","slug":"urna-decorativa-per-ceneri-a-forma-di-globo-terrestre","status":"publish","type":"product","link":"https:\/\/www.rememberme-forever.com\/it\/prodotto\/urna-decorativa-per-ceneri-a-forma-di-globo-terrestre\/","title":{"rendered":"Urna decorativa per ceneri a forma di globo terrestre"},"content":{"rendered":"<p class=\"\" style=\"text-align: center;\" data-start=\"108\" data-end=\"503\">Questa insolita urna per ceneri a forma di globo terrestre \u00e8 un modo splendido e profondamente simbolico per commemorare una piccola persona che ha illuminato il mondo dei propri cari con la sua presenza. Ideale per i genitori che desiderano commemorare un bambino che esplora il mondo con la curiosit\u00e0 tipica dei bambini, o semplicemente esprimere quanto la sua presenza su questo pianeta abbia significato per loro.<\/p>\n<p class=\"\" style=\"text-align: center;\" data-start=\"505\" data-end=\"656\">L&#8217;urna simboleggia l&#8217;abbandono delle spoglie terrene sulla terra, mentre l&#8217;anima del bambino ascende al cielo, con leggerezza, amore e in completa pace.<\/p>\n<div style=\"width: 100%; margin-bottom: 40px; height: max-content; padding-bottom: 60%; position: relative;\"><iframe style=\"position: absolute; top: 0; left: 0; width: 100%; height: 100%;\" src=\"https:\/\/rememberme-urns.com\/earth-shaped-child-urn\/\" frameborder=\"0\"><\/iframe><\/div>\n<div style=\"color: red; text-align: center; margin-bottom: 25px;\">\n<p>&gt;&gt; Foto rotante &#8211; tocca\/ingrandisci &lt;&lt;<\/p>\n<\/div>\n<h3 class=\"\" style=\"text-align: center;\" data-start=\"658\" data-end=\"698\"><strong data-start=\"662\" data-end=\"696\">Perch\u00e9 scegliere questa urna?<\/strong><\/h3>\n<ul style=\"text-align: center;\" data-start=\"700\" data-end=\"1601\">\n<li class=\"\" data-start=\"700\" data-end=\"935\">\n<p class=\"\" data-start=\"702\" data-end=\"935\">Artigianato artistico &#8211; Ogni urna \u00e8 dipinta a mano da un artista, rendendo ogni pezzo unico. Potrebbero esserci piccole variazioni di colore che ne aumentano l&#8217;autenticit\u00e0 e l&#8217;unicit\u00e0.<\/p>\n<\/li>\n<li class=\"\" data-start=\"936\" data-end=\"1089\">\n<p class=\"\" data-start=\"938\" data-end=\"1089\">Sicurezza delle ceneri &#8211; All&#8217;interno \u00e8 presente una sfera in acciaio inossidabile che protegge perfettamente le ceneri, anche in caso di caduta accidentale dell&#8217;urna.<\/p>\n<\/li>\n<li class=\"\" data-start=\"1090\" data-end=\"1252\">\n<p class=\"\" data-start=\"1092\" data-end=\"1252\">Forma discreta &#8211; L&#8217;urna non assomiglia a un&#8217;urna cineraria tradizionale, il che consente di mantenere l&#8217;intimit\u00e0: solo le persone pi\u00f9 vicine possono conoscerne lo scopo.<\/p>\n<\/li>\n<li class=\"\" data-start=\"1253\" data-end=\"1426\">\n<p class=\"\" data-start=\"1255\" data-end=\"1426\">Splendido elemento decorativo &#8211; Grazie alla sua forma e ai suoi colori, si adatta perfettamente a qualsiasi interno, diventando una decorazione simbolica piena di amore e riflessione.<\/p>\n<\/li>\n<li class=\"\" data-start=\"1427\" data-end=\"1601\">\n<p class=\"\" data-start=\"1429\" data-end=\"1601\">Simbolismo profondo &#8211; Il globo ci ricorda che la vita, sebbene breve, \u00e8 stata significativa e ha lasciato un segno. \u00c8 un modo toccante per esprimere ricordo e speranza.<\/p>\n<\/li>\n<\/ul>\n<p class=\"\" style=\"text-align: center;\" data-start=\"1603\" data-end=\"1747\">L&#8217;urna per neonati a forma di terra non \u00e8 solo un luogo di riposo: \u00e8 un tenero omaggio alla piccola vita che rimane per sempre nei nostri cuori.<\/p>\n<p class=\"\" style=\"text-align: center;\" data-start=\"1603\" data-end=\"1747\">Si prega di notare che il design della nostra urna a forma di terra offre una rappresentazione generica di paesi e isole, con l&#8217;obiettivo di simboleggiare la bellezza e l&#8217;interconnessione del nostro pianeta nel suo insieme. Sebbene non rappresenti ogni singolo continente o isola, \u00e8 un toccante promemoria dell&#8217;unit\u00e0 della nostra comunit\u00e0 globale e sar\u00e0 un meraviglioso luogo di riposo per la persona amata, commemorandone la vita e la sua eredit\u00e0.<\/p>\n<p class=\"MsoNormal\" style=\"text-align: center;\" align=\"center\"><b><b>\u25ba PERSONALIZZAZIONE \u25c4<\/b><\/b><\/p>\n<p class=\"MsoNormal\" style=\"text-align: center;\" align=\"center\"><span lang=\"EN-US\">Se scegli una targa personalizzata, inserisci il testo nello spazio appropriato o inviaci un messaggio.<\/span><\/p>\n<p class=\"MsoNormal\" style=\"text-align: center;\" align=\"center\"><span lang=\"EN-US\">La targa commemorativa personalizzata deve essere personalizzata durante il processo d&#8217;ordine. (Non preoccuparti se dimentichi, puoi sempre inviarci un messaggio in seguito.) <\/span><\/p>\n<p class=\"MsoNormal\" style=\"text-align: center;\" align=\"center\">\n<p class=\"MsoNormal\" style=\"text-align: center;\" align=\"center\"><b><span lang=\"EN-US\">I limiti di testo sono i seguenti:<\/span><\/b><\/p>\n<p class=\"MsoNormal\" style=\"text-align: center;\" align=\"center\">&#8211; Nome\/i fino a 24 caratteri<\/p>\n<p class=\"MsoNormal\" style=\"text-align: center;\" align=\"center\"><span lang=\"EN-US\">&#8211; Data di nascita e morte fino a 24 caratteri<\/span><\/p>\n<p class=\"MsoNormal\" style=\"text-align: center;\" align=\"center\">&#8211; Terza riga fino a 24 caratteri<\/p>\n<p class=\"MsoNormal\" style=\"text-align: center;\" align=\"center\">&#8211; Quarta riga fino a 24 caratteri<\/p>\n<p class=\"MsoNormal\" style=\"text-align: center;\" align=\"center\">&#8211; Quinta riga fino a 24 caratteri<\/p>\n<p class=\"MsoNormal\" style=\"text-align: center;\" align=\"center\">\n<p class=\"MsoNormal\" style=\"text-align: center;\" align=\"center\"><b><span lang=\"EN-US\">Si prega di VERIFICARE ATTENTAMENTE il testo dell&#8217;incisione prima di aggiungere il prodotto al carrello. <\/span><\/b><\/p>\n<p class=\"MsoNormal\" style=\"text-align: center;\" align=\"center\"><b><span lang=\"EN-US\">Copiamo e incidiamo esattamente le informazioni che riceviamo con l&#8217;ordine e non apportiamo alcuna modifica.<\/span><\/b><\/p>\n<p class=\"MsoNormal\" style=\"text-align: center;\" align=\"center\">\n<p class=\"MsoNormal\" style=\"text-align: center;\" align=\"center\"><span lang=\"EN-US\">Controlla il testo per assicurarti che l&#8217;ortografia sia corretta.<\/span><\/p>\n<p class=\"MsoNormal\" style=\"text-align: center;\" align=\"center\">NON inserire le informazioni per l&#8217;incisione se acquisti l&#8217;opzione &#8220;Urna senza targa&#8221;.<\/p>\n<p class=\"MsoNormal\" style=\"text-align: center;\" align=\"center\">\n","protected":false},"excerpt":{"rendered":"<p>Questa insolita urna per ceneri a forma di globo terrestre \u00e8 un modo splendido e profondamente simbolico per commemorare una piccola persona che ha illuminato&#8230;<\/p>\n","protected":false},"featured_media":23068,"template":"","meta":{"_acf_changed":false},"product_brand":[],"product_cat":[2476],"product_tag":[3333],"class_list":{"0":"post-23076","1":"product","2":"type-product","3":"status-publish","4":"has-post-thumbnail","6":"product_cat-urne-per-bambini","7":"product_tag-gpsr-metal-insert-abs_outside","8":"product_shipping_class-2-4kg-it","10":"first","11":"instock","12":"taxable","13":"shipping-taxable","14":"purchasable","15":"product-type-simple"},"yoast_head":"<!-- This site is optimized with the Yoast SEO plugin v27.4 - https:\/\/yoast.com\/product\/yoast-seo-wordpress\/ -->\n<title>Urna decorativa per ceneri a forma di globo terrestre<\/title>\n<meta name=\"robots\" content=\"index, follow, max-snippet:-1, max-image-preview:large, max-video-preview:-1\" \/>\n<link rel=\"canonical\" href=\"https:\/\/www.rememberme-forever.com\/it\/prodotto\/urna-decorativa-per-ceneri-a-forma-di-globo-terrestre\/\" \/>\n<meta property=\"og:locale\" content=\"it_IT\" \/>\n<meta property=\"og:type\" content=\"article\" \/>\n<meta property=\"og:title\" content=\"Urna decorativa per ceneri a forma di globo terrestre\" \/>\n<meta property=\"og:description\" content=\"Questa insolita urna per ceneri a forma di globo terrestre \u00e8 un modo splendido e profondamente simbolico per commemorare una piccola persona che ha illuminato...\" \/>\n<meta property=\"og:url\" content=\"https:\/\/www.rememberme-forever.com\/it\/prodotto\/urna-decorativa-per-ceneri-a-forma-di-globo-terrestre\/\" \/>\n<meta property=\"og:site_name\" content=\"Remember Forever\" \/>\n<meta property=\"article:modified_time\" content=\"2025-11-28T08:37:23+00:00\" \/>\n<meta property=\"og:image\" content=\"http:\/\/www.rememberme-forever.com\/wp-content\/uploads\/2025\/05\/earth-child-urn_0001.jpg\" \/>\n\t<meta property=\"og:image:width\" content=\"1007\" \/>\n\t<meta property=\"og:image:height\" content=\"1024\" \/>\n\t<meta property=\"og:image:type\" content=\"image\/jpeg\" \/>\n<meta name=\"twitter:card\" content=\"summary_large_image\" \/>\n<meta name=\"twitter:label1\" content=\"Tempo di lettura stimato\" \/>\n\t<meta name=\"twitter:data1\" content=\"3 minuti\" \/>\n<script type=\"application\/ld+json\" class=\"yoast-schema-graph\">{\"@context\":\"https:\\\/\\\/schema.org\",\"@graph\":[{\"@type\":\"WebPage\",\"@id\":\"https:\\\/\\\/www.rememberme-forever.com\\\/it\\\/prodotto\\\/urna-decorativa-per-ceneri-a-forma-di-globo-terrestre\\\/\",\"url\":\"https:\\\/\\\/www.rememberme-forever.com\\\/it\\\/prodotto\\\/urna-decorativa-per-ceneri-a-forma-di-globo-terrestre\\\/\",\"name\":\"Urna decorativa per ceneri a forma di globo terrestre\",\"isPartOf\":{\"@id\":\"https:\\\/\\\/www.rememberme-forever.com\\\/it\\\/#website\"},\"primaryImageOfPage\":{\"@id\":\"https:\\\/\\\/www.rememberme-forever.com\\\/it\\\/prodotto\\\/urna-decorativa-per-ceneri-a-forma-di-globo-terrestre\\\/#primaryimage\"},\"image\":{\"@id\":\"https:\\\/\\\/www.rememberme-forever.com\\\/it\\\/prodotto\\\/urna-decorativa-per-ceneri-a-forma-di-globo-terrestre\\\/#primaryimage\"},\"thumbnailUrl\":\"https:\\\/\\\/www.rememberme-forever.com\\\/wp-content\\\/uploads\\\/2025\\\/05\\\/earth-child-urn_0001.jpg\",\"datePublished\":\"2025-05-13T10:51:01+00:00\",\"dateModified\":\"2025-11-28T08:37:23+00:00\",\"breadcrumb\":{\"@id\":\"https:\\\/\\\/www.rememberme-forever.com\\\/it\\\/prodotto\\\/urna-decorativa-per-ceneri-a-forma-di-globo-terrestre\\\/#breadcrumb\"},\"inLanguage\":\"it-IT\",\"potentialAction\":[{\"@type\":\"ReadAction\",\"target\":[\"https:\\\/\\\/www.rememberme-forever.com\\\/it\\\/prodotto\\\/urna-decorativa-per-ceneri-a-forma-di-globo-terrestre\\\/\"]}]},{\"@type\":\"ImageObject\",\"inLanguage\":\"it-IT\",\"@id\":\"https:\\\/\\\/www.rememberme-forever.com\\\/it\\\/prodotto\\\/urna-decorativa-per-ceneri-a-forma-di-globo-terrestre\\\/#primaryimage\",\"url\":\"https:\\\/\\\/www.rememberme-forever.com\\\/wp-content\\\/uploads\\\/2025\\\/05\\\/earth-child-urn_0001.jpg\",\"contentUrl\":\"https:\\\/\\\/www.rememberme-forever.com\\\/wp-content\\\/uploads\\\/2025\\\/05\\\/earth-child-urn_0001.jpg\",\"width\":1007,\"height\":1024,\"caption\":\"Urna per bambini a forma di terra, urna per neonati a forma di terra\"},{\"@type\":\"BreadcrumbList\",\"@id\":\"https:\\\/\\\/www.rememberme-forever.com\\\/it\\\/prodotto\\\/urna-decorativa-per-ceneri-a-forma-di-globo-terrestre\\\/#breadcrumb\",\"itemListElement\":[{\"@type\":\"ListItem\",\"position\":1,\"name\":\"Home\",\"item\":\"https:\\\/\\\/www.rememberme-forever.com\\\/it\\\/home\\\/\"},{\"@type\":\"ListItem\",\"position\":2,\"name\":\"Negozio\",\"item\":\"https:\\\/\\\/www.rememberme-forever.com\\\/it\\\/negozio\\\/\"},{\"@type\":\"ListItem\",\"position\":3,\"name\":\"Urna decorativa per ceneri a forma di globo terrestre\"}]},{\"@type\":\"WebSite\",\"@id\":\"https:\\\/\\\/www.rememberme-forever.com\\\/it\\\/#website\",\"url\":\"https:\\\/\\\/www.rememberme-forever.com\\\/it\\\/\",\"name\":\"Remember Forever\",\"description\":\"Cremation urns, funeral urns, urns for ashes\",\"publisher\":{\"@id\":\"https:\\\/\\\/www.rememberme-forever.com\\\/it\\\/#organization\"},\"potentialAction\":[{\"@type\":\"SearchAction\",\"target\":{\"@type\":\"EntryPoint\",\"urlTemplate\":\"https:\\\/\\\/www.rememberme-forever.com\\\/it\\\/?s={search_term_string}\"},\"query-input\":{\"@type\":\"PropertyValueSpecification\",\"valueRequired\":true,\"valueName\":\"search_term_string\"}}],\"inLanguage\":\"it-IT\"},{\"@type\":\"Organization\",\"@id\":\"https:\\\/\\\/www.rememberme-forever.com\\\/it\\\/#organization\",\"name\":\"Remember Forever\",\"url\":\"https:\\\/\\\/www.rememberme-forever.com\\\/it\\\/\",\"logo\":{\"@type\":\"ImageObject\",\"inLanguage\":\"it-IT\",\"@id\":\"https:\\\/\\\/www.rememberme-forever.com\\\/it\\\/#\\\/schema\\\/logo\\\/image\\\/\",\"url\":\"https:\\\/\\\/www.rememberme-forever.com\\\/wp-content\\\/uploads\\\/2023\\\/02\\\/logo.png\",\"contentUrl\":\"https:\\\/\\\/www.rememberme-forever.com\\\/wp-content\\\/uploads\\\/2023\\\/02\\\/logo.png\",\"width\":300,\"height\":56,\"caption\":\"Remember Forever\"},\"image\":{\"@id\":\"https:\\\/\\\/www.rememberme-forever.com\\\/it\\\/#\\\/schema\\\/logo\\\/image\\\/\"}}]}<\/script>\n<!-- \/ Yoast SEO plugin. -->","yoast_head_json":{"title":"Urna decorativa per ceneri a forma di globo terrestre","robots":{"index":"index","follow":"follow","max-snippet":"max-snippet:-1","max-image-preview":"max-image-preview:large","max-video-preview":"max-video-preview:-1"},"canonical":"https:\/\/www.rememberme-forever.com\/it\/prodotto\/urna-decorativa-per-ceneri-a-forma-di-globo-terrestre\/","og_locale":"it_IT","og_type":"article","og_title":"Urna decorativa per ceneri a forma di globo terrestre","og_description":"Questa insolita urna per ceneri a forma di globo terrestre \u00e8 un modo splendido e profondamente simbolico per commemorare una piccola persona che ha illuminato...","og_url":"https:\/\/www.rememberme-forever.com\/it\/prodotto\/urna-decorativa-per-ceneri-a-forma-di-globo-terrestre\/","og_site_name":"Remember Forever","article_modified_time":"2025-11-28T08:37:23+00:00","og_image":[{"width":1007,"height":1024,"url":"http:\/\/www.rememberme-forever.com\/wp-content\/uploads\/2025\/05\/earth-child-urn_0001.jpg","type":"image\/jpeg"}],"twitter_card":"summary_large_image","twitter_misc":{"Tempo di lettura stimato":"3 minuti"},"schema":{"@context":"https:\/\/schema.org","@graph":[{"@type":"WebPage","@id":"https:\/\/www.rememberme-forever.com\/it\/prodotto\/urna-decorativa-per-ceneri-a-forma-di-globo-terrestre\/","url":"https:\/\/www.rememberme-forever.com\/it\/prodotto\/urna-decorativa-per-ceneri-a-forma-di-globo-terrestre\/","name":"Urna decorativa per ceneri a forma di globo terrestre","isPartOf":{"@id":"https:\/\/www.rememberme-forever.com\/it\/#website"},"primaryImageOfPage":{"@id":"https:\/\/www.rememberme-forever.com\/it\/prodotto\/urna-decorativa-per-ceneri-a-forma-di-globo-terrestre\/#primaryimage"},"image":{"@id":"https:\/\/www.rememberme-forever.com\/it\/prodotto\/urna-decorativa-per-ceneri-a-forma-di-globo-terrestre\/#primaryimage"},"thumbnailUrl":"https:\/\/www.rememberme-forever.com\/wp-content\/uploads\/2025\/05\/earth-child-urn_0001.jpg","datePublished":"2025-05-13T10:51:01+00:00","dateModified":"2025-11-28T08:37:23+00:00","breadcrumb":{"@id":"https:\/\/www.rememberme-forever.com\/it\/prodotto\/urna-decorativa-per-ceneri-a-forma-di-globo-terrestre\/#breadcrumb"},"inLanguage":"it-IT","potentialAction":[{"@type":"ReadAction","target":["https:\/\/www.rememberme-forever.com\/it\/prodotto\/urna-decorativa-per-ceneri-a-forma-di-globo-terrestre\/"]}]},{"@type":"ImageObject","inLanguage":"it-IT","@id":"https:\/\/www.rememberme-forever.com\/it\/prodotto\/urna-decorativa-per-ceneri-a-forma-di-globo-terrestre\/#primaryimage","url":"https:\/\/www.rememberme-forever.com\/wp-content\/uploads\/2025\/05\/earth-child-urn_0001.jpg","contentUrl":"https:\/\/www.rememberme-forever.com\/wp-content\/uploads\/2025\/05\/earth-child-urn_0001.jpg","width":1007,"height":1024,"caption":"Urna per bambini a forma di terra, urna per neonati a forma di terra"},{"@type":"BreadcrumbList","@id":"https:\/\/www.rememberme-forever.com\/it\/prodotto\/urna-decorativa-per-ceneri-a-forma-di-globo-terrestre\/#breadcrumb","itemListElement":[{"@type":"ListItem","position":1,"name":"Home","item":"https:\/\/www.rememberme-forever.com\/it\/home\/"},{"@type":"ListItem","position":2,"name":"Negozio","item":"https:\/\/www.rememberme-forever.com\/it\/negozio\/"},{"@type":"ListItem","position":3,"name":"Urna decorativa per ceneri a forma di globo terrestre"}]},{"@type":"WebSite","@id":"https:\/\/www.rememberme-forever.com\/it\/#website","url":"https:\/\/www.rememberme-forever.com\/it\/","name":"Remember Forever","description":"Cremation urns, funeral urns, urns for ashes","publisher":{"@id":"https:\/\/www.rememberme-forever.com\/it\/#organization"},"potentialAction":[{"@type":"SearchAction","target":{"@type":"EntryPoint","urlTemplate":"https:\/\/www.rememberme-forever.com\/it\/?s={search_term_string}"},"query-input":{"@type":"PropertyValueSpecification","valueRequired":true,"valueName":"search_term_string"}}],"inLanguage":"it-IT"},{"@type":"Organization","@id":"https:\/\/www.rememberme-forever.com\/it\/#organization","name":"Remember Forever","url":"https:\/\/www.rememberme-forever.com\/it\/","logo":{"@type":"ImageObject","inLanguage":"it-IT","@id":"https:\/\/www.rememberme-forever.com\/it\/#\/schema\/logo\/image\/","url":"https:\/\/www.rememberme-forever.com\/wp-content\/uploads\/2023\/02\/logo.png","contentUrl":"https:\/\/www.rememberme-forever.com\/wp-content\/uploads\/2023\/02\/logo.png","width":300,"height":56,"caption":"Remember Forever"},"image":{"@id":"https:\/\/www.rememberme-forever.com\/it\/#\/schema\/logo\/image\/"}}]}},"acf":[],"_links":{"self":[{"href":"https:\/\/www.rememberme-forever.com\/it\/wp-json\/wp\/v2\/product\/23076","targetHints":{"allow":["GET"]}}],"collection":[{"href":"https:\/\/www.rememberme-forever.com\/it\/wp-json\/wp\/v2\/product"}],"about":[{"href":"https:\/\/www.rememberme-forever.com\/it\/wp-json\/wp\/v2\/types\/product"}],"wp:featuredmedia":[{"embeddable":true,"href":"https:\/\/www.rememberme-forever.com\/it\/wp-json\/wp\/v2\/media\/23068"}],"wp:attachment":[{"href":"https:\/\/www.rememberme-forever.com\/it\/wp-json\/wp\/v2\/media?parent=23076"}],"wp:term":[{"taxonomy":"product_brand","embeddable":true,"href":"https:\/\/www.rememberme-forever.com\/it\/wp-json\/wp\/v2\/product_brand?post=23076"},{"taxonomy":"product_cat","embeddable":true,"href":"https:\/\/www.rememberme-forever.com\/it\/wp-json\/wp\/v2\/product_cat?post=23076"},{"taxonomy":"product_tag","embeddable":true,"href":"https:\/\/www.rememberme-forever.com\/it\/wp-json\/wp\/v2\/product_tag?post=23076"}],"curies":[{"name":"wp","href":"https:\/\/api.w.org\/{rel}","templated":true}]}}