{"id":23130,"date":"2025-07-28T13:41:21","date_gmt":"2025-07-28T11:41:21","guid":{"rendered":"https:\/\/www.rememberme-forever.com\/product\/urna-cineraria-a-forma-di-cadillac-classica\/"},"modified":"2025-12-01T10:31:45","modified_gmt":"2025-12-01T09:31:45","slug":"urna-cineraria-a-forma-di-cadillac-classica","status":"publish","type":"product","link":"https:\/\/www.rememberme-forever.com\/it\/prodotto\/urna-cineraria-a-forma-di-cadillac-classica\/","title":{"rendered":"Urna cineraria a forma di Cadillac classica"},"content":{"rendered":"<div style=\"text-align: center;\"><\/div>\n<div style=\"text-align: center;\" data-mce-fragment=\"1\">\n<p data-start=\"42\" data-end=\"125\"><span data-start=\"42\" data-end=\"125\"><span style=\"font-size: 12px;\">Urna per ceneri con motivo di una Cadillac classica: un omaggio a un amante delle auto<\/span><\/span><\/p>\n<p data-start=\"127\" data-end=\"396\"><span style=\"font-weight: normal;\"><span style=\"font-size: 12px;\">Questa esclusiva urna cineraria \u00e8 stata progettata per le persone che hanno sempre amato le auto, in particolare i modelli d&#8217;epoca. La parte anteriore dell&#8217;urna \u00e8 decorata con un&#8217;immagine finemente incisa dell&#8217;iconica Cadillac, simbolo di eleganza, libert\u00e0 e passione per la guida. <\/span><\/span><\/p>\n<p data-start=\"398\" data-end=\"748\"><span style=\"font-weight: normal;\"><span style=\"font-size: 12px;\">Il corpo dell&#8217;urna \u00e8 realizzato in acciaio inossidabile di alta qualit\u00e0, garantendo resistenza e un aspetto elegante per gli anni a venire. Il coperchio superiore \u00e8 in legno scuro, che crea un sottile contrasto con la freddezza dell&#8217;acciaio e sottolinea il carattere nobile dell&#8217;insieme. L&#8217;interno dell&#8217;urna \u00e8 rivestito in morbido feltro per proteggere il contenuto e offrire un luogo di riposo dignitoso. <\/span><\/span><\/p>\n<p data-start=\"750\" data-end=\"911\"><span style=\"font-weight: normal;\"><span style=\"font-size: 12px;\">Inoltre, sulla parte superiore dell&#8217;urna \u00e8 presente una targa metallica, sulla quale \u00e8 possibile incidere un testo personale in memoria del defunto: nome, date, una citazione o un saluto.<\/span><\/span><\/p>\n<p data-start=\"918\" data-end=\"937\">\n<div style=\"width: 100%; margin-bottom: 40px; height: max-content; padding-bottom: 60%; position: relative;\"><iframe style=\"position: absolute; top: 0; left: 0; width: 100%; height: 100%;\" src=\"https:\/\/rememberme-urns.com\/theme-urn-with-cadillac-car\/\" frameborder=\"0\"><\/iframe><\/div>\n<div style=\"color: red; text-align: center; margin-bottom: 25px;\">\n<p>&gt;&gt; Foto rotante &#8211; tocca\/ingrandisci &lt;&lt;<\/p>\n<\/div>\n<p data-start=\"918\" data-end=\"937\"><strong><span style=\"font-size: 12px;\">Caratteristiche del prodotto:<\/span><\/strong><\/p>\n<p>Materiale: acciaio inossidabile (corpo), legno (coperchio)<br \/>\nMotivo: Cadillac classica &#8211; incisione sul davanti<br \/>\nPersonalizzazione: \u00c8 possibile incidere un testo sul distintivo<br \/>\nInterno: rivestito in morbido feltro<br \/>\nCapacit\u00e0: adatto per le ceneri di un adulto<br \/>\n<span style=\"font-size: 12px; font-family: inherit;\">Apertura dall&#8217;alto (coperchio rimovibile)<\/span><\/p>\n<p data-start=\"1251\" data-end=\"1398\" data-is-last-node=\"\" data-is-only-node=\"\">\n<p data-start=\"1251\" data-end=\"1398\" data-is-last-node=\"\" data-is-only-node=\"\"><span style=\"font-weight: normal;\"><span style=\"font-size: 12px;\">Questa non \u00e8 solo un&#8217;urna cineraria: \u00e8 un simbolo unico di una vita piena di passione. Ideale per l&#8217;uomo, il collezionista o il meccanico il cui cuore batte per i motori. <\/span><\/span><\/p>\n<\/div>\n<p>&nbsp;<\/p>\n<p style=\"text-align: center;\"><strong>\u25ba PERSONALIZZAZIONE \u25c4<\/strong><\/p>\n<p style=\"text-align: center;\">\u2714\ufe0f Se scegli una targa personalizzata, inserisci il testo nell&#8217;apposito spazio o inviaci un messaggio.<\/p>\n<p style=\"text-align: center;\">\u2714\ufe0f La targa commemorativa personalizzata deve essere personalizzata durante il processo d&#8217;ordine. (Non preoccuparti se te ne dimentichi, puoi sempre inviarci un messaggio in seguito.)<\/p>\n<p>&nbsp;<\/p>\n<p style=\"text-align: center;\"><b>I limiti di testo sono i seguenti:<\/b><\/p>\n<p style=\"text-align: center;\"><span style=\"color: var(--text-color); font-size: 14px;\">Nome\/i fino a 24 caratteri<\/span><\/p>\n<p style=\"text-align: center;\"><span style=\"color: var(--text-color); font-size: 14px;\">Data di nascita e morte fino a 24 caratteri<\/span><\/p>\n<p style=\"text-align: center;\"><span style=\"color: var(--text-color); font-size: 14px;\">Terza riga fino a 24 caratteri<\/span><\/p>\n<p style=\"text-align: center;\"><span style=\"font-size: 14px;\">Quarta riga fino a 24 caratteri<\/span><\/p>\n<p style=\"text-align: center;\"><span style=\"font-size: 14px;\">Quinta riga fino a 24 caratteri<\/span><\/p>\n<div style=\"text-align: center;\"><\/div>\n<p style=\"text-align: center;\">\u2714\ufe0f Si prega di<strong> VERIFICARE ATTENTAMENTE<\/strong> il testo dell&#8217;incisione prima di aggiungere il prodotto al carrello. Copiamo e incidiamo esattamente le informazioni che riceviamo con l&#8217;ordine e non apportiamo alcuna modifica.<\/p>\n<p style=\"text-align: center;\">\u2714\ufe0f Controlla il testo per assicurarti che l&#8217;ortografia sia corretta.<\/p>\n<p style=\"text-align: center;\">\u2714\ufe0f <strong>NON <\/strong>inserire le informazioni per l&#8217;incisione se acquisti l&#8217;opzione &#8220;Urna senza targa&#8221;.<\/p>\n","protected":false},"excerpt":{"rendered":"<p>Urna per ceneri con motivo di una Cadillac classica: un omaggio a un amante delle auto Questa esclusiva urna cineraria \u00e8 stata progettata per le&#8230;<\/p>\n","protected":false},"featured_media":23126,"template":"","meta":{"_acf_changed":false},"product_brand":[],"product_cat":[2488,2486],"product_tag":[3352],"class_list":{"0":"post-23130","1":"product","2":"type-product","3":"status-publish","4":"has-post-thumbnail","6":"product_cat-automobili","7":"product_cat-urne-a-tema","8":"product_tag-gpsr-metal_wood_cover","9":"product_shipping_class-2-4kg-it","11":"first","12":"instock","13":"taxable","14":"shipping-taxable","15":"purchasable","16":"product-type-simple"},"yoast_head":"<!-- This site is optimized with the Yoast SEO plugin v27.4 - https:\/\/yoast.com\/product\/yoast-seo-wordpress\/ -->\n<title>Urna cineraria a forma di Cadillac classica - Remember Forever<\/title>\n<meta name=\"robots\" content=\"index, follow, max-snippet:-1, max-image-preview:large, max-video-preview:-1\" \/>\n<link rel=\"canonical\" href=\"https:\/\/www.rememberme-forever.com\/it\/prodotto\/urna-cineraria-a-forma-di-cadillac-classica\/\" \/>\n<meta property=\"og:locale\" content=\"it_IT\" \/>\n<meta property=\"og:type\" content=\"article\" \/>\n<meta property=\"og:title\" content=\"Urna cineraria a forma di Cadillac classica - Remember Forever\" \/>\n<meta property=\"og:description\" content=\"Urna per ceneri con motivo di una Cadillac classica: un omaggio a un amante delle auto Questa esclusiva urna cineraria \u00e8 stata progettata per le...\" \/>\n<meta property=\"og:url\" content=\"https:\/\/www.rememberme-forever.com\/it\/prodotto\/urna-cineraria-a-forma-di-cadillac-classica\/\" \/>\n<meta property=\"og:site_name\" content=\"Remember Forever\" \/>\n<meta property=\"article:modified_time\" content=\"2025-12-01T09:31:45+00:00\" \/>\n<meta property=\"og:image\" content=\"http:\/\/www.rememberme-forever.com\/wp-content\/uploads\/2025\/07\/cadilac-urn_0001.jpg\" \/>\n\t<meta property=\"og:image:width\" content=\"1007\" \/>\n\t<meta property=\"og:image:height\" content=\"1024\" \/>\n\t<meta property=\"og:image:type\" content=\"image\/jpeg\" \/>\n<meta name=\"twitter:card\" content=\"summary_large_image\" \/>\n<meta name=\"twitter:label1\" content=\"Tempo di lettura stimato\" \/>\n\t<meta name=\"twitter:data1\" content=\"2 minuti\" \/>\n<script type=\"application\/ld+json\" class=\"yoast-schema-graph\">{\"@context\":\"https:\\\/\\\/schema.org\",\"@graph\":[{\"@type\":\"WebPage\",\"@id\":\"https:\\\/\\\/www.rememberme-forever.com\\\/it\\\/prodotto\\\/urna-cineraria-a-forma-di-cadillac-classica\\\/\",\"url\":\"https:\\\/\\\/www.rememberme-forever.com\\\/it\\\/prodotto\\\/urna-cineraria-a-forma-di-cadillac-classica\\\/\",\"name\":\"Urna cineraria a forma di Cadillac classica - Remember Forever\",\"isPartOf\":{\"@id\":\"https:\\\/\\\/www.rememberme-forever.com\\\/it\\\/#website\"},\"primaryImageOfPage\":{\"@id\":\"https:\\\/\\\/www.rememberme-forever.com\\\/it\\\/prodotto\\\/urna-cineraria-a-forma-di-cadillac-classica\\\/#primaryimage\"},\"image\":{\"@id\":\"https:\\\/\\\/www.rememberme-forever.com\\\/it\\\/prodotto\\\/urna-cineraria-a-forma-di-cadillac-classica\\\/#primaryimage\"},\"thumbnailUrl\":\"https:\\\/\\\/www.rememberme-forever.com\\\/wp-content\\\/uploads\\\/2025\\\/07\\\/cadilac-urn_0001.jpg\",\"datePublished\":\"2025-07-28T11:41:21+00:00\",\"dateModified\":\"2025-12-01T09:31:45+00:00\",\"breadcrumb\":{\"@id\":\"https:\\\/\\\/www.rememberme-forever.com\\\/it\\\/prodotto\\\/urna-cineraria-a-forma-di-cadillac-classica\\\/#breadcrumb\"},\"inLanguage\":\"it-IT\",\"potentialAction\":[{\"@type\":\"ReadAction\",\"target\":[\"https:\\\/\\\/www.rememberme-forever.com\\\/it\\\/prodotto\\\/urna-cineraria-a-forma-di-cadillac-classica\\\/\"]}]},{\"@type\":\"ImageObject\",\"inLanguage\":\"it-IT\",\"@id\":\"https:\\\/\\\/www.rememberme-forever.com\\\/it\\\/prodotto\\\/urna-cineraria-a-forma-di-cadillac-classica\\\/#primaryimage\",\"url\":\"https:\\\/\\\/www.rememberme-forever.com\\\/wp-content\\\/uploads\\\/2025\\\/07\\\/cadilac-urn_0001.jpg\",\"contentUrl\":\"https:\\\/\\\/www.rememberme-forever.com\\\/wp-content\\\/uploads\\\/2025\\\/07\\\/cadilac-urn_0001.jpg\",\"width\":1007,\"height\":1024,\"caption\":\"Vista laterale di un'urna cineraria con incisione del design di una Cadillac\"},{\"@type\":\"BreadcrumbList\",\"@id\":\"https:\\\/\\\/www.rememberme-forever.com\\\/it\\\/prodotto\\\/urna-cineraria-a-forma-di-cadillac-classica\\\/#breadcrumb\",\"itemListElement\":[{\"@type\":\"ListItem\",\"position\":1,\"name\":\"Home\",\"item\":\"https:\\\/\\\/www.rememberme-forever.com\\\/it\\\/home\\\/\"},{\"@type\":\"ListItem\",\"position\":2,\"name\":\"Negozio\",\"item\":\"https:\\\/\\\/www.rememberme-forever.com\\\/it\\\/negozio\\\/\"},{\"@type\":\"ListItem\",\"position\":3,\"name\":\"Urna cineraria a forma di Cadillac classica\"}]},{\"@type\":\"WebSite\",\"@id\":\"https:\\\/\\\/www.rememberme-forever.com\\\/it\\\/#website\",\"url\":\"https:\\\/\\\/www.rememberme-forever.com\\\/it\\\/\",\"name\":\"Remember Forever\",\"description\":\"Cremation urns, funeral urns, urns for ashes\",\"publisher\":{\"@id\":\"https:\\\/\\\/www.rememberme-forever.com\\\/it\\\/#organization\"},\"potentialAction\":[{\"@type\":\"SearchAction\",\"target\":{\"@type\":\"EntryPoint\",\"urlTemplate\":\"https:\\\/\\\/www.rememberme-forever.com\\\/it\\\/?s={search_term_string}\"},\"query-input\":{\"@type\":\"PropertyValueSpecification\",\"valueRequired\":true,\"valueName\":\"search_term_string\"}}],\"inLanguage\":\"it-IT\"},{\"@type\":\"Organization\",\"@id\":\"https:\\\/\\\/www.rememberme-forever.com\\\/it\\\/#organization\",\"name\":\"Remember Forever\",\"url\":\"https:\\\/\\\/www.rememberme-forever.com\\\/it\\\/\",\"logo\":{\"@type\":\"ImageObject\",\"inLanguage\":\"it-IT\",\"@id\":\"https:\\\/\\\/www.rememberme-forever.com\\\/it\\\/#\\\/schema\\\/logo\\\/image\\\/\",\"url\":\"https:\\\/\\\/www.rememberme-forever.com\\\/wp-content\\\/uploads\\\/2023\\\/02\\\/logo.png\",\"contentUrl\":\"https:\\\/\\\/www.rememberme-forever.com\\\/wp-content\\\/uploads\\\/2023\\\/02\\\/logo.png\",\"width\":300,\"height\":56,\"caption\":\"Remember Forever\"},\"image\":{\"@id\":\"https:\\\/\\\/www.rememberme-forever.com\\\/it\\\/#\\\/schema\\\/logo\\\/image\\\/\"}}]}<\/script>\n<!-- \/ Yoast SEO plugin. -->","yoast_head_json":{"title":"Urna cineraria a forma di Cadillac classica - Remember Forever","robots":{"index":"index","follow":"follow","max-snippet":"max-snippet:-1","max-image-preview":"max-image-preview:large","max-video-preview":"max-video-preview:-1"},"canonical":"https:\/\/www.rememberme-forever.com\/it\/prodotto\/urna-cineraria-a-forma-di-cadillac-classica\/","og_locale":"it_IT","og_type":"article","og_title":"Urna cineraria a forma di Cadillac classica - Remember Forever","og_description":"Urna per ceneri con motivo di una Cadillac classica: un omaggio a un amante delle auto Questa esclusiva urna cineraria \u00e8 stata progettata per le...","og_url":"https:\/\/www.rememberme-forever.com\/it\/prodotto\/urna-cineraria-a-forma-di-cadillac-classica\/","og_site_name":"Remember Forever","article_modified_time":"2025-12-01T09:31:45+00:00","og_image":[{"width":1007,"height":1024,"url":"http:\/\/www.rememberme-forever.com\/wp-content\/uploads\/2025\/07\/cadilac-urn_0001.jpg","type":"image\/jpeg"}],"twitter_card":"summary_large_image","twitter_misc":{"Tempo di lettura stimato":"2 minuti"},"schema":{"@context":"https:\/\/schema.org","@graph":[{"@type":"WebPage","@id":"https:\/\/www.rememberme-forever.com\/it\/prodotto\/urna-cineraria-a-forma-di-cadillac-classica\/","url":"https:\/\/www.rememberme-forever.com\/it\/prodotto\/urna-cineraria-a-forma-di-cadillac-classica\/","name":"Urna cineraria a forma di Cadillac classica - Remember Forever","isPartOf":{"@id":"https:\/\/www.rememberme-forever.com\/it\/#website"},"primaryImageOfPage":{"@id":"https:\/\/www.rememberme-forever.com\/it\/prodotto\/urna-cineraria-a-forma-di-cadillac-classica\/#primaryimage"},"image":{"@id":"https:\/\/www.rememberme-forever.com\/it\/prodotto\/urna-cineraria-a-forma-di-cadillac-classica\/#primaryimage"},"thumbnailUrl":"https:\/\/www.rememberme-forever.com\/wp-content\/uploads\/2025\/07\/cadilac-urn_0001.jpg","datePublished":"2025-07-28T11:41:21+00:00","dateModified":"2025-12-01T09:31:45+00:00","breadcrumb":{"@id":"https:\/\/www.rememberme-forever.com\/it\/prodotto\/urna-cineraria-a-forma-di-cadillac-classica\/#breadcrumb"},"inLanguage":"it-IT","potentialAction":[{"@type":"ReadAction","target":["https:\/\/www.rememberme-forever.com\/it\/prodotto\/urna-cineraria-a-forma-di-cadillac-classica\/"]}]},{"@type":"ImageObject","inLanguage":"it-IT","@id":"https:\/\/www.rememberme-forever.com\/it\/prodotto\/urna-cineraria-a-forma-di-cadillac-classica\/#primaryimage","url":"https:\/\/www.rememberme-forever.com\/wp-content\/uploads\/2025\/07\/cadilac-urn_0001.jpg","contentUrl":"https:\/\/www.rememberme-forever.com\/wp-content\/uploads\/2025\/07\/cadilac-urn_0001.jpg","width":1007,"height":1024,"caption":"Vista laterale di un'urna cineraria con incisione del design di una Cadillac"},{"@type":"BreadcrumbList","@id":"https:\/\/www.rememberme-forever.com\/it\/prodotto\/urna-cineraria-a-forma-di-cadillac-classica\/#breadcrumb","itemListElement":[{"@type":"ListItem","position":1,"name":"Home","item":"https:\/\/www.rememberme-forever.com\/it\/home\/"},{"@type":"ListItem","position":2,"name":"Negozio","item":"https:\/\/www.rememberme-forever.com\/it\/negozio\/"},{"@type":"ListItem","position":3,"name":"Urna cineraria a forma di Cadillac classica"}]},{"@type":"WebSite","@id":"https:\/\/www.rememberme-forever.com\/it\/#website","url":"https:\/\/www.rememberme-forever.com\/it\/","name":"Remember Forever","description":"Cremation urns, funeral urns, urns for ashes","publisher":{"@id":"https:\/\/www.rememberme-forever.com\/it\/#organization"},"potentialAction":[{"@type":"SearchAction","target":{"@type":"EntryPoint","urlTemplate":"https:\/\/www.rememberme-forever.com\/it\/?s={search_term_string}"},"query-input":{"@type":"PropertyValueSpecification","valueRequired":true,"valueName":"search_term_string"}}],"inLanguage":"it-IT"},{"@type":"Organization","@id":"https:\/\/www.rememberme-forever.com\/it\/#organization","name":"Remember Forever","url":"https:\/\/www.rememberme-forever.com\/it\/","logo":{"@type":"ImageObject","inLanguage":"it-IT","@id":"https:\/\/www.rememberme-forever.com\/it\/#\/schema\/logo\/image\/","url":"https:\/\/www.rememberme-forever.com\/wp-content\/uploads\/2023\/02\/logo.png","contentUrl":"https:\/\/www.rememberme-forever.com\/wp-content\/uploads\/2023\/02\/logo.png","width":300,"height":56,"caption":"Remember Forever"},"image":{"@id":"https:\/\/www.rememberme-forever.com\/it\/#\/schema\/logo\/image\/"}}]}},"acf":[],"_links":{"self":[{"href":"https:\/\/www.rememberme-forever.com\/it\/wp-json\/wp\/v2\/product\/23130","targetHints":{"allow":["GET"]}}],"collection":[{"href":"https:\/\/www.rememberme-forever.com\/it\/wp-json\/wp\/v2\/product"}],"about":[{"href":"https:\/\/www.rememberme-forever.com\/it\/wp-json\/wp\/v2\/types\/product"}],"wp:featuredmedia":[{"embeddable":true,"href":"https:\/\/www.rememberme-forever.com\/it\/wp-json\/wp\/v2\/media\/23126"}],"wp:attachment":[{"href":"https:\/\/www.rememberme-forever.com\/it\/wp-json\/wp\/v2\/media?parent=23130"}],"wp:term":[{"taxonomy":"product_brand","embeddable":true,"href":"https:\/\/www.rememberme-forever.com\/it\/wp-json\/wp\/v2\/product_brand?post=23130"},{"taxonomy":"product_cat","embeddable":true,"href":"https:\/\/www.rememberme-forever.com\/it\/wp-json\/wp\/v2\/product_cat?post=23130"},{"taxonomy":"product_tag","embeddable":true,"href":"https:\/\/www.rememberme-forever.com\/it\/wp-json\/wp\/v2\/product_tag?post=23130"}],"curies":[{"name":"wp","href":"https:\/\/api.w.org\/{rel}","templated":true}]}}