{"id":23333,"date":"2023-04-07T12:22:07","date_gmt":"2023-04-07T10:22:07","guid":{"rendered":"https:\/\/www.rememberme-forever.com\/product\/urna-commemorativa-per-le-ceneri-di-un-bambino-nelle-mani-di-un-angelo\/"},"modified":"2025-12-03T09:23:10","modified_gmt":"2025-12-03T08:23:10","slug":"urna-commemorativa-per-le-ceneri-di-un-bambino-nelle-mani-di-un-angelo","status":"publish","type":"product","link":"https:\/\/www.rememberme-forever.com\/it\/prodotto\/urna-commemorativa-per-le-ceneri-di-un-bambino-nelle-mani-di-un-angelo\/","title":{"rendered":"Urna commemorativa per le ceneri di un bambino &#8211; &#8220;Nelle Mani di un Angelo&#8221;"},"content":{"rendered":"<div style=\"width: 100%; margin-bottom: 40px; height: max-content; padding-bottom: 60%; position: relative;\"><iframe style=\"position: absolute; top: 0; left: 0; width: 100%; height: 100%;\" src=\"https:\/\/rememberme-urns.com\/in-the-hands-of-angel\/\" frameborder=\"0\"><\/iframe><\/div>\n<div style=\"color: red; text-align: center; margin-bottom: 25px;\">\n<p>&gt;&gt; Foto rotante &#8211; tocca\/ingrandisci &lt;&lt;<\/p>\n<\/div>\n<h2 style=\"text-align: center;\">Urna commemorativa per le ceneri di un bambino &#8211; &#8220;Nelle Mani di un Angelo&#8221;<\/h2>\n<blockquote>\n<p style=\"text-align: center;\">L&#8217;urna commemorativa per le ceneri di un bambino &#8220;Nelle Mani di un Angelo&#8221; \u00e8 un tributo splendidamente realizzato alla vita di un bambino amato. Realizzata in cemento colato, questa urna unica presenta una splendida sfera in acciaio inossidabile che trattiene saldamente le ceneri della persona amata, tra il dolce abbraccio di un paio di mani d&#8217;angelo argentate.<\/p>\n<p style=\"text-align: center;\">Progettata pensando sia alla bellezza che alla durevolezza, quest&#8217;urna offre un luogo di riposo duraturo e dignitoso per le preziose ceneri del tuo bambino. L&#8217;apertura inferiore consente un facile accesso al contenuto dell&#8217;urna, mentre una targa commemorativa pu\u00f2 essere aggiunta separatamente per personalizzare ulteriormente l&#8217;urna. In alternativa, la targa pu\u00f2 essere applicata sul retro dell&#8217;urna per un omaggio pi\u00f9 discreto e sobrio.<\/p>\n<p><img loading=\"lazy\" decoding=\"async\" class=\" wp-image-1346 aligncenter\" src=\"http:\/\/www.rememberme-forever.com\/wp-content\/uploads\/2023\/04\/personalized-infant-cremation-urn-295x300.jpg\" alt=\"Urna funeraria personalizzata per neonati\" width=\"198\" height=\"201\" srcset=\"https:\/\/www.rememberme-forever.com\/wp-content\/uploads\/2023\/04\/personalized-infant-cremation-urn-295x300.jpg 295w, https:\/\/www.rememberme-forever.com\/wp-content\/uploads\/2023\/04\/personalized-infant-cremation-urn-600x610.jpg 600w, https:\/\/www.rememberme-forever.com\/wp-content\/uploads\/2023\/04\/personalized-infant-cremation-urn-64x65.jpg 64w, https:\/\/www.rememberme-forever.com\/wp-content\/uploads\/2023\/04\/personalized-infant-cremation-urn.jpg 768w\" sizes=\"auto, (max-width: 198px) 100vw, 198px\" \/><\/p>\n<p style=\"text-align: center;\">I dettagli intricati delle mani d&#8217;angelo, delicatamente dipinte in una scintillante tonalit\u00e0 argento, ricordano l&#8217;amore e la protezione che il tuo bambino continuer\u00e0 a ricevere nell&#8217;aldil\u00e0. E la superficie liscia e lucida della sfera in acciaio inossidabile riflette la luce e la bellezza del suo spirito, offrendo una presenza confortante in qualsiasi stanza o spazio.<\/p>\n<p style=\"text-align: center;\">Con il suo design unico e curato, l&#8217;urna commemorativa &#8220;In The Hands of Angel&#8221; \u00e8 un modo meraviglioso per onorare la memoria del tuo amato bambino e mantenerne vivo il ricordo per gli anni a venire. Che sia esposta in modo visibile o conservata in un luogo pi\u00f9 privato, quest&#8217;urna \u00e8 un toccante omaggio che sar\u00e0 apprezzato da tutti coloro che hanno conosciuto e amato il tuo bambino.<\/p>\n<\/blockquote>\n<p style=\"text-align: center;\"><em><strong>Questo \u00e8 un prodotto dipinto a mano, l&#8217;aspetto potrebbe essere leggermente diverso.<\/strong><\/em><\/p>\n<p>&nbsp;<\/p>\n<h3 style=\"text-align: center;\"><strong>PERSONALIZZAZIONE<\/strong><\/h3>\n<p style=\"text-align: center;\">La targa commemorativa personalizzata deve essere personalizzata al momento dell&#8217;ordine. (Non preoccuparti se non la trovi, puoi sempre inviarci un messaggio in seguito.)<\/p>\n<p style=\"text-align: center;\">Si prega di LEGGERE attentamente il testo per l&#8217;incisione prima di aggiungere l&#8217;articolo al carrello. Copiamo e incidiamo esattamente le informazioni che riceviamo con l&#8217;ordine e non apportiamo alcuna modifica.<\/p>\n<p style=\"text-align: center;\"><strong>Si prega di rivedere il testo per assicurarsi che l&#8217;ortografia sia corretta.<\/strong><\/p>\n<p style=\"text-align: center;\"><em><strong>Si prega di non inserire testo se si \u00e8 selezionata l&#8217;opzione &#8220;Nessuna targa&#8221;.<\/strong><\/em><\/p>\n<p><img loading=\"lazy\" decoding=\"async\" class=\" wp-image-1330 aligncenter\" src=\"http:\/\/www.rememberme-forever.com\/wp-content\/uploads\/2023\/04\/hands-urn-for-child-295x300.jpg\" alt=\"Urna con mani per bambino\" width=\"188\" height=\"191\" srcset=\"https:\/\/www.rememberme-forever.com\/wp-content\/uploads\/2023\/04\/hands-urn-for-child-295x300.jpg 295w, https:\/\/www.rememberme-forever.com\/wp-content\/uploads\/2023\/04\/hands-urn-for-child-600x610.jpg 600w, https:\/\/www.rememberme-forever.com\/wp-content\/uploads\/2023\/04\/hands-urn-for-child-64x65.jpg 64w, https:\/\/www.rememberme-forever.com\/wp-content\/uploads\/2023\/04\/hands-urn-for-child.jpg 768w\" sizes=\"auto, (max-width: 188px) 100vw, 188px\" \/><\/p>\n<p>&nbsp;<\/p>\n<p style=\"text-align: center;\"><strong><em>La targa commemorativa verr\u00e0 aggiunta separatamente con il supporto come in foto.<\/em><\/strong><\/p>\n<p style=\"text-align: center;\"><strong><em>(Il supporto per la targa commemorativa \u00e8 in plexiglass trasparente.) <\/em><\/strong><\/p>\n","protected":false},"excerpt":{"rendered":"<p>La nostra esclusiva urna commemorativa per le ceneri del bambino \u00e8 un modo appropriato per ricordare un bambino e mantenere vivi quei ricordi preziosi.<\/p>\n<p>\u2705 Questa urna non \u00e8 adatta all&#8217;esterno. Scopri le nostre <a href=\"https:\/\/www.rememberme-forever.com\/product-category\/outdoor-urns\/\" target=\"_blank\" rel=\"noopener\"><strong>urne per esterni. &gt;&gt;<\/strong><\/a><\/p>\n","protected":false},"featured_media":23327,"template":"","meta":{"_acf_changed":false},"product_brand":[1991],"product_cat":[2476],"product_tag":[3346],"class_list":{"0":"post-23333","1":"product","2":"type-product","3":"status-publish","4":"has-post-thumbnail","6":"product_brand-remember-forever","7":"product_cat-urne-per-bambini","8":"product_tag-gpsr-metal_stonebase","9":"product_shipping_class-4-5-kg-it","11":"first","12":"instock","13":"taxable","14":"shipping-taxable","15":"purchasable","16":"product-type-variable"},"yoast_head":"<!-- This site is optimized with the Yoast SEO plugin v27.4 - https:\/\/yoast.com\/product\/yoast-seo-wordpress\/ -->\n<title>Urna commemorativa per le ceneri di un bambino - &quot;Nelle Mani di un Angelo&quot;<\/title>\n<meta name=\"description\" content=\"L&#039;urna commemorativa per le ceneri di un bambino &quot;Nelle mani di un angelo&quot; \u00e8 un tributo splendidamente realizzato alla vita di un bambino amato. Splendida urna artistica per bambini.\" \/>\n<meta name=\"robots\" content=\"index, follow, max-snippet:-1, max-image-preview:large, max-video-preview:-1\" \/>\n<link rel=\"canonical\" href=\"https:\/\/www.rememberme-forever.com\/it\/prodotto\/urna-commemorativa-per-le-ceneri-di-un-bambino-nelle-mani-di-un-angelo\/\" \/>\n<meta property=\"og:locale\" content=\"it_IT\" \/>\n<meta property=\"og:type\" content=\"article\" \/>\n<meta property=\"og:title\" content=\"Urna commemorativa per le ceneri di un bambino - &quot;Nelle Mani di un Angelo&quot;\" \/>\n<meta property=\"og:description\" content=\"L&#039;urna commemorativa per le ceneri di un bambino &quot;Nelle mani di un angelo&quot; \u00e8 un tributo splendidamente realizzato alla vita di un bambino amato. Splendida urna artistica per bambini.\" \/>\n<meta property=\"og:url\" content=\"https:\/\/www.rememberme-forever.com\/it\/prodotto\/urna-commemorativa-per-le-ceneri-di-un-bambino-nelle-mani-di-un-angelo\/\" \/>\n<meta property=\"og:site_name\" content=\"Remember Forever\" \/>\n<meta property=\"article:modified_time\" content=\"2025-12-03T08:23:10+00:00\" \/>\n<meta property=\"og:image\" content=\"http:\/\/www.rememberme-forever.com\/wp-content\/uploads\/2023\/04\/artistic-child-urn-for-ashes.jpg\" \/>\n\t<meta property=\"og:image:width\" content=\"768\" \/>\n\t<meta property=\"og:image:height\" content=\"781\" \/>\n\t<meta property=\"og:image:type\" content=\"image\/jpeg\" \/>\n<meta name=\"twitter:card\" content=\"summary_large_image\" \/>\n<meta name=\"twitter:label1\" content=\"Tempo di lettura stimato\" \/>\n\t<meta name=\"twitter:data1\" content=\"1 minuto\" \/>\n<script type=\"application\/ld+json\" class=\"yoast-schema-graph\">{\"@context\":\"https:\\\/\\\/schema.org\",\"@graph\":[{\"@type\":\"WebPage\",\"@id\":\"https:\\\/\\\/www.rememberme-forever.com\\\/it\\\/prodotto\\\/urna-commemorativa-per-le-ceneri-di-un-bambino-nelle-mani-di-un-angelo\\\/\",\"url\":\"https:\\\/\\\/www.rememberme-forever.com\\\/it\\\/prodotto\\\/urna-commemorativa-per-le-ceneri-di-un-bambino-nelle-mani-di-un-angelo\\\/\",\"name\":\"Urna commemorativa per le ceneri di un bambino - \\\"Nelle Mani di un Angelo\\\"\",\"isPartOf\":{\"@id\":\"https:\\\/\\\/www.rememberme-forever.com\\\/it\\\/#website\"},\"primaryImageOfPage\":{\"@id\":\"https:\\\/\\\/www.rememberme-forever.com\\\/it\\\/prodotto\\\/urna-commemorativa-per-le-ceneri-di-un-bambino-nelle-mani-di-un-angelo\\\/#primaryimage\"},\"image\":{\"@id\":\"https:\\\/\\\/www.rememberme-forever.com\\\/it\\\/prodotto\\\/urna-commemorativa-per-le-ceneri-di-un-bambino-nelle-mani-di-un-angelo\\\/#primaryimage\"},\"thumbnailUrl\":\"https:\\\/\\\/www.rememberme-forever.com\\\/wp-content\\\/uploads\\\/2023\\\/04\\\/artistic-child-urn-for-ashes.jpg\",\"datePublished\":\"2023-04-07T10:22:07+00:00\",\"dateModified\":\"2025-12-03T08:23:10+00:00\",\"description\":\"L'urna commemorativa per le ceneri di un bambino \\\"Nelle mani di un angelo\\\" \u00e8 un tributo splendidamente realizzato alla vita di un bambino amato. Splendida urna artistica per bambini.\",\"breadcrumb\":{\"@id\":\"https:\\\/\\\/www.rememberme-forever.com\\\/it\\\/prodotto\\\/urna-commemorativa-per-le-ceneri-di-un-bambino-nelle-mani-di-un-angelo\\\/#breadcrumb\"},\"inLanguage\":\"it-IT\",\"potentialAction\":[{\"@type\":\"ReadAction\",\"target\":[\"https:\\\/\\\/www.rememberme-forever.com\\\/it\\\/prodotto\\\/urna-commemorativa-per-le-ceneri-di-un-bambino-nelle-mani-di-un-angelo\\\/\"]}]},{\"@type\":\"ImageObject\",\"inLanguage\":\"it-IT\",\"@id\":\"https:\\\/\\\/www.rememberme-forever.com\\\/it\\\/prodotto\\\/urna-commemorativa-per-le-ceneri-di-un-bambino-nelle-mani-di-un-angelo\\\/#primaryimage\",\"url\":\"https:\\\/\\\/www.rememberme-forever.com\\\/wp-content\\\/uploads\\\/2023\\\/04\\\/artistic-child-urn-for-ashes.jpg\",\"contentUrl\":\"https:\\\/\\\/www.rememberme-forever.com\\\/wp-content\\\/uploads\\\/2023\\\/04\\\/artistic-child-urn-for-ashes.jpg\",\"width\":768,\"height\":781,\"caption\":\"Urna commemorativa per le ceneri di un bambino, urna artistica per le ceneri di un bambino\"},{\"@type\":\"BreadcrumbList\",\"@id\":\"https:\\\/\\\/www.rememberme-forever.com\\\/it\\\/prodotto\\\/urna-commemorativa-per-le-ceneri-di-un-bambino-nelle-mani-di-un-angelo\\\/#breadcrumb\",\"itemListElement\":[{\"@type\":\"ListItem\",\"position\":1,\"name\":\"Home\",\"item\":\"https:\\\/\\\/www.rememberme-forever.com\\\/it\\\/home\\\/\"},{\"@type\":\"ListItem\",\"position\":2,\"name\":\"Negozio\",\"item\":\"https:\\\/\\\/www.rememberme-forever.com\\\/it\\\/negozio\\\/\"},{\"@type\":\"ListItem\",\"position\":3,\"name\":\"Urna commemorativa per le ceneri di un bambino &#8211; &#8220;Nelle Mani di un Angelo&#8221;\"}]},{\"@type\":\"WebSite\",\"@id\":\"https:\\\/\\\/www.rememberme-forever.com\\\/it\\\/#website\",\"url\":\"https:\\\/\\\/www.rememberme-forever.com\\\/it\\\/\",\"name\":\"Remember Forever\",\"description\":\"Cremation urns, funeral urns, urns for ashes\",\"publisher\":{\"@id\":\"https:\\\/\\\/www.rememberme-forever.com\\\/it\\\/#organization\"},\"potentialAction\":[{\"@type\":\"SearchAction\",\"target\":{\"@type\":\"EntryPoint\",\"urlTemplate\":\"https:\\\/\\\/www.rememberme-forever.com\\\/it\\\/?s={search_term_string}\"},\"query-input\":{\"@type\":\"PropertyValueSpecification\",\"valueRequired\":true,\"valueName\":\"search_term_string\"}}],\"inLanguage\":\"it-IT\"},{\"@type\":\"Organization\",\"@id\":\"https:\\\/\\\/www.rememberme-forever.com\\\/it\\\/#organization\",\"name\":\"Remember Forever\",\"url\":\"https:\\\/\\\/www.rememberme-forever.com\\\/it\\\/\",\"logo\":{\"@type\":\"ImageObject\",\"inLanguage\":\"it-IT\",\"@id\":\"https:\\\/\\\/www.rememberme-forever.com\\\/it\\\/#\\\/schema\\\/logo\\\/image\\\/\",\"url\":\"https:\\\/\\\/www.rememberme-forever.com\\\/wp-content\\\/uploads\\\/2023\\\/02\\\/logo.png\",\"contentUrl\":\"https:\\\/\\\/www.rememberme-forever.com\\\/wp-content\\\/uploads\\\/2023\\\/02\\\/logo.png\",\"width\":300,\"height\":56,\"caption\":\"Remember Forever\"},\"image\":{\"@id\":\"https:\\\/\\\/www.rememberme-forever.com\\\/it\\\/#\\\/schema\\\/logo\\\/image\\\/\"}}]}<\/script>\n<!-- \/ Yoast SEO plugin. -->","yoast_head_json":{"title":"Urna commemorativa per le ceneri di un bambino - \"Nelle Mani di un Angelo\"","description":"L'urna commemorativa per le ceneri di un bambino \"Nelle mani di un angelo\" \u00e8 un tributo splendidamente realizzato alla vita di un bambino amato. Splendida urna artistica per bambini.","robots":{"index":"index","follow":"follow","max-snippet":"max-snippet:-1","max-image-preview":"max-image-preview:large","max-video-preview":"max-video-preview:-1"},"canonical":"https:\/\/www.rememberme-forever.com\/it\/prodotto\/urna-commemorativa-per-le-ceneri-di-un-bambino-nelle-mani-di-un-angelo\/","og_locale":"it_IT","og_type":"article","og_title":"Urna commemorativa per le ceneri di un bambino - \"Nelle Mani di un Angelo\"","og_description":"L'urna commemorativa per le ceneri di un bambino \"Nelle mani di un angelo\" \u00e8 un tributo splendidamente realizzato alla vita di un bambino amato. Splendida urna artistica per bambini.","og_url":"https:\/\/www.rememberme-forever.com\/it\/prodotto\/urna-commemorativa-per-le-ceneri-di-un-bambino-nelle-mani-di-un-angelo\/","og_site_name":"Remember Forever","article_modified_time":"2025-12-03T08:23:10+00:00","og_image":[{"width":768,"height":781,"url":"http:\/\/www.rememberme-forever.com\/wp-content\/uploads\/2023\/04\/artistic-child-urn-for-ashes.jpg","type":"image\/jpeg"}],"twitter_card":"summary_large_image","twitter_misc":{"Tempo di lettura stimato":"1 minuto"},"schema":{"@context":"https:\/\/schema.org","@graph":[{"@type":"WebPage","@id":"https:\/\/www.rememberme-forever.com\/it\/prodotto\/urna-commemorativa-per-le-ceneri-di-un-bambino-nelle-mani-di-un-angelo\/","url":"https:\/\/www.rememberme-forever.com\/it\/prodotto\/urna-commemorativa-per-le-ceneri-di-un-bambino-nelle-mani-di-un-angelo\/","name":"Urna commemorativa per le ceneri di un bambino - \"Nelle Mani di un Angelo\"","isPartOf":{"@id":"https:\/\/www.rememberme-forever.com\/it\/#website"},"primaryImageOfPage":{"@id":"https:\/\/www.rememberme-forever.com\/it\/prodotto\/urna-commemorativa-per-le-ceneri-di-un-bambino-nelle-mani-di-un-angelo\/#primaryimage"},"image":{"@id":"https:\/\/www.rememberme-forever.com\/it\/prodotto\/urna-commemorativa-per-le-ceneri-di-un-bambino-nelle-mani-di-un-angelo\/#primaryimage"},"thumbnailUrl":"https:\/\/www.rememberme-forever.com\/wp-content\/uploads\/2023\/04\/artistic-child-urn-for-ashes.jpg","datePublished":"2023-04-07T10:22:07+00:00","dateModified":"2025-12-03T08:23:10+00:00","description":"L'urna commemorativa per le ceneri di un bambino \"Nelle mani di un angelo\" \u00e8 un tributo splendidamente realizzato alla vita di un bambino amato. Splendida urna artistica per bambini.","breadcrumb":{"@id":"https:\/\/www.rememberme-forever.com\/it\/prodotto\/urna-commemorativa-per-le-ceneri-di-un-bambino-nelle-mani-di-un-angelo\/#breadcrumb"},"inLanguage":"it-IT","potentialAction":[{"@type":"ReadAction","target":["https:\/\/www.rememberme-forever.com\/it\/prodotto\/urna-commemorativa-per-le-ceneri-di-un-bambino-nelle-mani-di-un-angelo\/"]}]},{"@type":"ImageObject","inLanguage":"it-IT","@id":"https:\/\/www.rememberme-forever.com\/it\/prodotto\/urna-commemorativa-per-le-ceneri-di-un-bambino-nelle-mani-di-un-angelo\/#primaryimage","url":"https:\/\/www.rememberme-forever.com\/wp-content\/uploads\/2023\/04\/artistic-child-urn-for-ashes.jpg","contentUrl":"https:\/\/www.rememberme-forever.com\/wp-content\/uploads\/2023\/04\/artistic-child-urn-for-ashes.jpg","width":768,"height":781,"caption":"Urna commemorativa per le ceneri di un bambino, urna artistica per le ceneri di un bambino"},{"@type":"BreadcrumbList","@id":"https:\/\/www.rememberme-forever.com\/it\/prodotto\/urna-commemorativa-per-le-ceneri-di-un-bambino-nelle-mani-di-un-angelo\/#breadcrumb","itemListElement":[{"@type":"ListItem","position":1,"name":"Home","item":"https:\/\/www.rememberme-forever.com\/it\/home\/"},{"@type":"ListItem","position":2,"name":"Negozio","item":"https:\/\/www.rememberme-forever.com\/it\/negozio\/"},{"@type":"ListItem","position":3,"name":"Urna commemorativa per le ceneri di un bambino &#8211; &#8220;Nelle Mani di un Angelo&#8221;"}]},{"@type":"WebSite","@id":"https:\/\/www.rememberme-forever.com\/it\/#website","url":"https:\/\/www.rememberme-forever.com\/it\/","name":"Remember Forever","description":"Cremation urns, funeral urns, urns for ashes","publisher":{"@id":"https:\/\/www.rememberme-forever.com\/it\/#organization"},"potentialAction":[{"@type":"SearchAction","target":{"@type":"EntryPoint","urlTemplate":"https:\/\/www.rememberme-forever.com\/it\/?s={search_term_string}"},"query-input":{"@type":"PropertyValueSpecification","valueRequired":true,"valueName":"search_term_string"}}],"inLanguage":"it-IT"},{"@type":"Organization","@id":"https:\/\/www.rememberme-forever.com\/it\/#organization","name":"Remember Forever","url":"https:\/\/www.rememberme-forever.com\/it\/","logo":{"@type":"ImageObject","inLanguage":"it-IT","@id":"https:\/\/www.rememberme-forever.com\/it\/#\/schema\/logo\/image\/","url":"https:\/\/www.rememberme-forever.com\/wp-content\/uploads\/2023\/02\/logo.png","contentUrl":"https:\/\/www.rememberme-forever.com\/wp-content\/uploads\/2023\/02\/logo.png","width":300,"height":56,"caption":"Remember Forever"},"image":{"@id":"https:\/\/www.rememberme-forever.com\/it\/#\/schema\/logo\/image\/"}}]}},"acf":[],"_links":{"self":[{"href":"https:\/\/www.rememberme-forever.com\/it\/wp-json\/wp\/v2\/product\/23333","targetHints":{"allow":["GET"]}}],"collection":[{"href":"https:\/\/www.rememberme-forever.com\/it\/wp-json\/wp\/v2\/product"}],"about":[{"href":"https:\/\/www.rememberme-forever.com\/it\/wp-json\/wp\/v2\/types\/product"}],"wp:featuredmedia":[{"embeddable":true,"href":"https:\/\/www.rememberme-forever.com\/it\/wp-json\/wp\/v2\/media\/23327"}],"wp:attachment":[{"href":"https:\/\/www.rememberme-forever.com\/it\/wp-json\/wp\/v2\/media?parent=23333"}],"wp:term":[{"taxonomy":"product_brand","embeddable":true,"href":"https:\/\/www.rememberme-forever.com\/it\/wp-json\/wp\/v2\/product_brand?post=23333"},{"taxonomy":"product_cat","embeddable":true,"href":"https:\/\/www.rememberme-forever.com\/it\/wp-json\/wp\/v2\/product_cat?post=23333"},{"taxonomy":"product_tag","embeddable":true,"href":"https:\/\/www.rememberme-forever.com\/it\/wp-json\/wp\/v2\/product_tag?post=23333"}],"curies":[{"name":"wp","href":"https:\/\/api.w.org\/{rel}","templated":true}]}}