{"id":23468,"date":"2023-04-07T11:47:57","date_gmt":"2023-04-07T09:47:57","guid":{"rendered":"https:\/\/www.rememberme-forever.com\/product\/urna-cineraria-per-feto-o-neonato-nelle-mani-dellangelo-taglia-s\/"},"modified":"2025-12-09T08:57:14","modified_gmt":"2025-12-09T07:57:14","slug":"urna-cineraria-per-feto-o-neonato-nelle-mani-dellangelo-taglia-s","status":"publish","type":"product","link":"https:\/\/www.rememberme-forever.com\/it\/prodotto\/urna-cineraria-per-feto-o-neonato-nelle-mani-dellangelo-taglia-s\/","title":{"rendered":"Urna cineraria per feto o neonato &#8211; &#8220;Nelle Mani dell&#8217;Angelo&#8221; &#8211; Taglia S"},"content":{"rendered":"<div style=\"width: 100%; margin-bottom: 30px; height: max-content; padding-bottom: 60%; position: relative;\"><iframe style=\"position: absolute; top: 0; left: 0; width: 100%; height: 100%;\" src=\"https:\/\/rememberme-urns.com\/small-urn-for-ashes-for-infant\/\" frameborder=\"0\"><\/iframe><\/div>\n<div style=\"color: red; text-align: center; margin-bottom: 25px;\">\n<p>&gt;&gt; Foto rotante &#8211; tocca\/ingrandisci &lt;&lt;<\/p>\n<\/div>\n<h2 style=\"text-align: center;\">Urna cineraria per feto o neonato<\/h2>\n<p style=\"text-align: center;\">L&#8217;urna cineraria &#8220;In Le Mani dell&#8217;Angelo&#8221; \u00e8 un toccante omaggio alla preziosa vita di un feto o di un amato neonato. Realizzata con cura e attenzione ai dettagli, questa urna unica presenta una sfera in acciaio inossidabile che contiene le ceneri del vostro amato bambino, custodite saldamente tra le mani di un paio di mani d&#8217;angelo argentate. La nostra urna cineraria per feto \u00e8 un dignitoso omaggio a una vita che si \u00e8 conclusa troppo presto.<\/p>\n<p style=\"text-align: center;\">Progettata per onorare la memoria del vostro amato piccolo, questa urna cineraria offre un modo confortevole ed elegante per custodire il suo ricordo vicino al vostro cuore. L&#8217;apertura inferiore consente un facile accesso alle ceneri, mentre una targa commemorativa pu\u00f2 essere aggiunta separatamente per personalizzare ulteriormente l&#8217;urna.<\/p>\n<p style=\"text-align: center;\">Gli intricati dettagli delle mani d&#8217;angelo, delicatamente dipinte in una scintillante tonalit\u00e0 argento, ricordano l&#8217;amore e la protezione che il vostro piccolo continuer\u00e0 a ricevere nell&#8217;aldil\u00e0. E la superficie liscia e lucida della sfera in acciaio inossidabile riflette la luce e la bellezza del suo spirito, offrendo una presenza confortante in qualsiasi stanza o spazio.<\/p>\n<p style=\"text-align: center;\">Con il suo design unico e curato, l&#8217;urna cineraria &#8220;In The Hands Of Angel&#8221; \u00e8 un modo meraviglioso per onorare la memoria del vostro prezioso piccolo e mantenerne vivo il ricordo per gli anni a venire.<\/p>\n<p style=\"text-align: center;\"><em><strong>Questo \u00e8 un prodotto dipinto a mano, l&#8217;aspetto potrebbe essere leggermente diverso.<\/strong><\/em><\/p>\n<p>&nbsp;<\/p>\n<h3 style=\"text-align: center;\"><strong>PERSONALIZZAZIONE<\/strong><\/h3>\n<p style=\"text-align: center;\">La targa commemorativa personalizzata deve essere personalizzata al momento dell&#8217;ordine. (Non preoccuparti se non la trovi, puoi sempre inviarci un messaggio in seguito.)<\/p>\n<p style=\"text-align: center;\">Si prega di LEGGERE attentamente il testo per l&#8217;incisione prima di aggiungere l&#8217;articolo al carrello. Copiamo e incidiamo esattamente le informazioni che riceviamo con l&#8217;ordine e non apportiamo alcuna modifica.<\/p>\n<p style=\"text-align: center;\"><strong>Si prega di rivedere il testo per assicurarsi che l&#8217;ortografia sia corretta.<\/strong><\/p>\n<p><img loading=\"lazy\" decoding=\"async\" class=\" wp-image-1304 aligncenter\" src=\"http:\/\/www.rememberme-forever.com\/wp-content\/uploads\/2023\/04\/personalized-urn-for-baby-295x300.jpg\" alt=\"urna personalizzata per neonato\" width=\"237\" height=\"241\" srcset=\"https:\/\/www.rememberme-forever.com\/wp-content\/uploads\/2023\/04\/personalized-urn-for-baby-295x300.jpg 295w, https:\/\/www.rememberme-forever.com\/wp-content\/uploads\/2023\/04\/personalized-urn-for-baby-600x610.jpg 600w, https:\/\/www.rememberme-forever.com\/wp-content\/uploads\/2023\/04\/personalized-urn-for-baby-64x65.jpg 64w, https:\/\/www.rememberme-forever.com\/wp-content\/uploads\/2023\/04\/personalized-urn-for-baby.jpg 768w\" sizes=\"auto, (max-width: 237px) 100vw, 237px\" \/><\/p>\n<p style=\"text-align: center;\"><strong><em>La targa commemorativa verr\u00e0 aggiunta separatamente con il supporto come in foto.<\/em><\/strong><\/p>\n<p style=\"text-align: center;\"><strong><em>(Il supporto per la targa commemorativa \u00e8 in plexiglass trasparente.) <\/em><\/strong><\/p>\n","protected":false},"excerpt":{"rendered":"<p>La nostra esclusiva urna per bambini \u00e8 un modo appropriato per ricordare un bambino e mantenere vivi quei ricordi preziosi.<\/p>\n<p>\u2705 Questa urna non \u00e8 adatta all&#8217;esterno. Scopri le nostre <a href=\"https:\/\/www.rememberme-forever.com\/product-category\/outdoor-urns\/\" target=\"_blank\" rel=\"noopener\"><strong>urne per esterni. &gt;&gt;<\/strong><\/a><\/p>\n","protected":false},"featured_media":23463,"template":"","meta":{"_acf_changed":false},"product_brand":[1991],"product_cat":[2476],"product_tag":[3346],"class_list":{"0":"post-23468","1":"product","2":"type-product","3":"status-publish","4":"has-post-thumbnail","6":"product_brand-remember-forever","7":"product_cat-urne-per-bambini","8":"product_tag-gpsr-metal_stonebase","9":"product_shipping_class-2-4kg-it","11":"first","12":"instock","13":"taxable","14":"shipping-taxable","15":"purchasable","16":"product-type-variable"},"yoast_head":"<!-- This site is optimized with the Yoast SEO plugin v27.4 - https:\/\/yoast.com\/product\/yoast-seo-wordpress\/ -->\n<title>Urna cineraria per feto o neonato<\/title>\n<meta name=\"description\" content=\"La nostra urna cineraria per feto \u00e8 un degno tributo a una vita finita troppo presto. Sfera in acciaio inox per le ceneri del neonato, urna decorativa per bambino.\" \/>\n<meta name=\"robots\" content=\"index, follow, max-snippet:-1, max-image-preview:large, max-video-preview:-1\" \/>\n<link rel=\"canonical\" href=\"https:\/\/www.rememberme-forever.com\/it\/prodotto\/urna-cineraria-per-feto-o-neonato-nelle-mani-dellangelo-taglia-s\/\" \/>\n<meta property=\"og:locale\" content=\"it_IT\" \/>\n<meta property=\"og:type\" content=\"article\" \/>\n<meta property=\"og:title\" content=\"Urna cineraria per feto o neonato\" \/>\n<meta property=\"og:description\" content=\"La nostra urna cineraria per feto \u00e8 un degno tributo a una vita finita troppo presto. Sfera in acciaio inox per le ceneri del neonato, urna decorativa per bambino.\" \/>\n<meta property=\"og:url\" content=\"https:\/\/www.rememberme-forever.com\/it\/prodotto\/urna-cineraria-per-feto-o-neonato-nelle-mani-dellangelo-taglia-s\/\" \/>\n<meta property=\"og:site_name\" content=\"Remember Forever\" \/>\n<meta property=\"article:modified_time\" content=\"2025-12-09T07:57:14+00:00\" \/>\n<meta property=\"og:image\" content=\"http:\/\/www.rememberme-forever.com\/wp-content\/uploads\/2023\/04\/fetus-urn.jpg\" \/>\n\t<meta property=\"og:image:width\" content=\"768\" \/>\n\t<meta property=\"og:image:height\" content=\"781\" \/>\n\t<meta property=\"og:image:type\" content=\"image\/jpeg\" \/>\n<meta name=\"twitter:card\" content=\"summary_large_image\" \/>\n<meta name=\"twitter:label1\" content=\"Tempo di lettura stimato\" \/>\n\t<meta name=\"twitter:data1\" content=\"2 minuti\" \/>\n<script type=\"application\/ld+json\" class=\"yoast-schema-graph\">{\"@context\":\"https:\\\/\\\/schema.org\",\"@graph\":[{\"@type\":\"WebPage\",\"@id\":\"https:\\\/\\\/www.rememberme-forever.com\\\/it\\\/prodotto\\\/urna-cineraria-per-feto-o-neonato-nelle-mani-dellangelo-taglia-s\\\/\",\"url\":\"https:\\\/\\\/www.rememberme-forever.com\\\/it\\\/prodotto\\\/urna-cineraria-per-feto-o-neonato-nelle-mani-dellangelo-taglia-s\\\/\",\"name\":\"Urna cineraria per feto o neonato\",\"isPartOf\":{\"@id\":\"https:\\\/\\\/www.rememberme-forever.com\\\/it\\\/#website\"},\"primaryImageOfPage\":{\"@id\":\"https:\\\/\\\/www.rememberme-forever.com\\\/it\\\/prodotto\\\/urna-cineraria-per-feto-o-neonato-nelle-mani-dellangelo-taglia-s\\\/#primaryimage\"},\"image\":{\"@id\":\"https:\\\/\\\/www.rememberme-forever.com\\\/it\\\/prodotto\\\/urna-cineraria-per-feto-o-neonato-nelle-mani-dellangelo-taglia-s\\\/#primaryimage\"},\"thumbnailUrl\":\"https:\\\/\\\/www.rememberme-forever.com\\\/wp-content\\\/uploads\\\/2023\\\/04\\\/fetus-urn.jpg\",\"datePublished\":\"2023-04-07T09:47:57+00:00\",\"dateModified\":\"2025-12-09T07:57:14+00:00\",\"description\":\"La nostra urna cineraria per feto \u00e8 un degno tributo a una vita finita troppo presto. Sfera in acciaio inox per le ceneri del neonato, urna decorativa per bambino.\",\"breadcrumb\":{\"@id\":\"https:\\\/\\\/www.rememberme-forever.com\\\/it\\\/prodotto\\\/urna-cineraria-per-feto-o-neonato-nelle-mani-dellangelo-taglia-s\\\/#breadcrumb\"},\"inLanguage\":\"it-IT\",\"potentialAction\":[{\"@type\":\"ReadAction\",\"target\":[\"https:\\\/\\\/www.rememberme-forever.com\\\/it\\\/prodotto\\\/urna-cineraria-per-feto-o-neonato-nelle-mani-dellangelo-taglia-s\\\/\"]}]},{\"@type\":\"ImageObject\",\"inLanguage\":\"it-IT\",\"@id\":\"https:\\\/\\\/www.rememberme-forever.com\\\/it\\\/prodotto\\\/urna-cineraria-per-feto-o-neonato-nelle-mani-dellangelo-taglia-s\\\/#primaryimage\",\"url\":\"https:\\\/\\\/www.rememberme-forever.com\\\/wp-content\\\/uploads\\\/2023\\\/04\\\/fetus-urn.jpg\",\"contentUrl\":\"https:\\\/\\\/www.rememberme-forever.com\\\/wp-content\\\/uploads\\\/2023\\\/04\\\/fetus-urn.jpg\",\"width\":768,\"height\":781,\"caption\":\"Urna cineraria per feto, urna per feto, sfera in acciaio inox per le ceneri nelle mani\"},{\"@type\":\"BreadcrumbList\",\"@id\":\"https:\\\/\\\/www.rememberme-forever.com\\\/it\\\/prodotto\\\/urna-cineraria-per-feto-o-neonato-nelle-mani-dellangelo-taglia-s\\\/#breadcrumb\",\"itemListElement\":[{\"@type\":\"ListItem\",\"position\":1,\"name\":\"Home\",\"item\":\"https:\\\/\\\/www.rememberme-forever.com\\\/it\\\/home\\\/\"},{\"@type\":\"ListItem\",\"position\":2,\"name\":\"Negozio\",\"item\":\"https:\\\/\\\/www.rememberme-forever.com\\\/it\\\/negozio\\\/\"},{\"@type\":\"ListItem\",\"position\":3,\"name\":\"Urna cineraria per feto o neonato &#8211; &#8220;Nelle Mani dell&#8217;Angelo&#8221; &#8211; Taglia S\"}]},{\"@type\":\"WebSite\",\"@id\":\"https:\\\/\\\/www.rememberme-forever.com\\\/it\\\/#website\",\"url\":\"https:\\\/\\\/www.rememberme-forever.com\\\/it\\\/\",\"name\":\"Remember Forever\",\"description\":\"Cremation urns, funeral urns, urns for ashes\",\"publisher\":{\"@id\":\"https:\\\/\\\/www.rememberme-forever.com\\\/it\\\/#organization\"},\"potentialAction\":[{\"@type\":\"SearchAction\",\"target\":{\"@type\":\"EntryPoint\",\"urlTemplate\":\"https:\\\/\\\/www.rememberme-forever.com\\\/it\\\/?s={search_term_string}\"},\"query-input\":{\"@type\":\"PropertyValueSpecification\",\"valueRequired\":true,\"valueName\":\"search_term_string\"}}],\"inLanguage\":\"it-IT\"},{\"@type\":\"Organization\",\"@id\":\"https:\\\/\\\/www.rememberme-forever.com\\\/it\\\/#organization\",\"name\":\"Remember Forever\",\"url\":\"https:\\\/\\\/www.rememberme-forever.com\\\/it\\\/\",\"logo\":{\"@type\":\"ImageObject\",\"inLanguage\":\"it-IT\",\"@id\":\"https:\\\/\\\/www.rememberme-forever.com\\\/it\\\/#\\\/schema\\\/logo\\\/image\\\/\",\"url\":\"https:\\\/\\\/www.rememberme-forever.com\\\/wp-content\\\/uploads\\\/2023\\\/02\\\/logo.png\",\"contentUrl\":\"https:\\\/\\\/www.rememberme-forever.com\\\/wp-content\\\/uploads\\\/2023\\\/02\\\/logo.png\",\"width\":300,\"height\":56,\"caption\":\"Remember Forever\"},\"image\":{\"@id\":\"https:\\\/\\\/www.rememberme-forever.com\\\/it\\\/#\\\/schema\\\/logo\\\/image\\\/\"}}]}<\/script>\n<!-- \/ Yoast SEO plugin. -->","yoast_head_json":{"title":"Urna cineraria per feto o neonato","description":"La nostra urna cineraria per feto \u00e8 un degno tributo a una vita finita troppo presto. Sfera in acciaio inox per le ceneri del neonato, urna decorativa per bambino.","robots":{"index":"index","follow":"follow","max-snippet":"max-snippet:-1","max-image-preview":"max-image-preview:large","max-video-preview":"max-video-preview:-1"},"canonical":"https:\/\/www.rememberme-forever.com\/it\/prodotto\/urna-cineraria-per-feto-o-neonato-nelle-mani-dellangelo-taglia-s\/","og_locale":"it_IT","og_type":"article","og_title":"Urna cineraria per feto o neonato","og_description":"La nostra urna cineraria per feto \u00e8 un degno tributo a una vita finita troppo presto. Sfera in acciaio inox per le ceneri del neonato, urna decorativa per bambino.","og_url":"https:\/\/www.rememberme-forever.com\/it\/prodotto\/urna-cineraria-per-feto-o-neonato-nelle-mani-dellangelo-taglia-s\/","og_site_name":"Remember Forever","article_modified_time":"2025-12-09T07:57:14+00:00","og_image":[{"width":768,"height":781,"url":"http:\/\/www.rememberme-forever.com\/wp-content\/uploads\/2023\/04\/fetus-urn.jpg","type":"image\/jpeg"}],"twitter_card":"summary_large_image","twitter_misc":{"Tempo di lettura stimato":"2 minuti"},"schema":{"@context":"https:\/\/schema.org","@graph":[{"@type":"WebPage","@id":"https:\/\/www.rememberme-forever.com\/it\/prodotto\/urna-cineraria-per-feto-o-neonato-nelle-mani-dellangelo-taglia-s\/","url":"https:\/\/www.rememberme-forever.com\/it\/prodotto\/urna-cineraria-per-feto-o-neonato-nelle-mani-dellangelo-taglia-s\/","name":"Urna cineraria per feto o neonato","isPartOf":{"@id":"https:\/\/www.rememberme-forever.com\/it\/#website"},"primaryImageOfPage":{"@id":"https:\/\/www.rememberme-forever.com\/it\/prodotto\/urna-cineraria-per-feto-o-neonato-nelle-mani-dellangelo-taglia-s\/#primaryimage"},"image":{"@id":"https:\/\/www.rememberme-forever.com\/it\/prodotto\/urna-cineraria-per-feto-o-neonato-nelle-mani-dellangelo-taglia-s\/#primaryimage"},"thumbnailUrl":"https:\/\/www.rememberme-forever.com\/wp-content\/uploads\/2023\/04\/fetus-urn.jpg","datePublished":"2023-04-07T09:47:57+00:00","dateModified":"2025-12-09T07:57:14+00:00","description":"La nostra urna cineraria per feto \u00e8 un degno tributo a una vita finita troppo presto. Sfera in acciaio inox per le ceneri del neonato, urna decorativa per bambino.","breadcrumb":{"@id":"https:\/\/www.rememberme-forever.com\/it\/prodotto\/urna-cineraria-per-feto-o-neonato-nelle-mani-dellangelo-taglia-s\/#breadcrumb"},"inLanguage":"it-IT","potentialAction":[{"@type":"ReadAction","target":["https:\/\/www.rememberme-forever.com\/it\/prodotto\/urna-cineraria-per-feto-o-neonato-nelle-mani-dellangelo-taglia-s\/"]}]},{"@type":"ImageObject","inLanguage":"it-IT","@id":"https:\/\/www.rememberme-forever.com\/it\/prodotto\/urna-cineraria-per-feto-o-neonato-nelle-mani-dellangelo-taglia-s\/#primaryimage","url":"https:\/\/www.rememberme-forever.com\/wp-content\/uploads\/2023\/04\/fetus-urn.jpg","contentUrl":"https:\/\/www.rememberme-forever.com\/wp-content\/uploads\/2023\/04\/fetus-urn.jpg","width":768,"height":781,"caption":"Urna cineraria per feto, urna per feto, sfera in acciaio inox per le ceneri nelle mani"},{"@type":"BreadcrumbList","@id":"https:\/\/www.rememberme-forever.com\/it\/prodotto\/urna-cineraria-per-feto-o-neonato-nelle-mani-dellangelo-taglia-s\/#breadcrumb","itemListElement":[{"@type":"ListItem","position":1,"name":"Home","item":"https:\/\/www.rememberme-forever.com\/it\/home\/"},{"@type":"ListItem","position":2,"name":"Negozio","item":"https:\/\/www.rememberme-forever.com\/it\/negozio\/"},{"@type":"ListItem","position":3,"name":"Urna cineraria per feto o neonato &#8211; &#8220;Nelle Mani dell&#8217;Angelo&#8221; &#8211; Taglia S"}]},{"@type":"WebSite","@id":"https:\/\/www.rememberme-forever.com\/it\/#website","url":"https:\/\/www.rememberme-forever.com\/it\/","name":"Remember Forever","description":"Cremation urns, funeral urns, urns for ashes","publisher":{"@id":"https:\/\/www.rememberme-forever.com\/it\/#organization"},"potentialAction":[{"@type":"SearchAction","target":{"@type":"EntryPoint","urlTemplate":"https:\/\/www.rememberme-forever.com\/it\/?s={search_term_string}"},"query-input":{"@type":"PropertyValueSpecification","valueRequired":true,"valueName":"search_term_string"}}],"inLanguage":"it-IT"},{"@type":"Organization","@id":"https:\/\/www.rememberme-forever.com\/it\/#organization","name":"Remember Forever","url":"https:\/\/www.rememberme-forever.com\/it\/","logo":{"@type":"ImageObject","inLanguage":"it-IT","@id":"https:\/\/www.rememberme-forever.com\/it\/#\/schema\/logo\/image\/","url":"https:\/\/www.rememberme-forever.com\/wp-content\/uploads\/2023\/02\/logo.png","contentUrl":"https:\/\/www.rememberme-forever.com\/wp-content\/uploads\/2023\/02\/logo.png","width":300,"height":56,"caption":"Remember Forever"},"image":{"@id":"https:\/\/www.rememberme-forever.com\/it\/#\/schema\/logo\/image\/"}}]}},"acf":[],"_links":{"self":[{"href":"https:\/\/www.rememberme-forever.com\/it\/wp-json\/wp\/v2\/product\/23468","targetHints":{"allow":["GET"]}}],"collection":[{"href":"https:\/\/www.rememberme-forever.com\/it\/wp-json\/wp\/v2\/product"}],"about":[{"href":"https:\/\/www.rememberme-forever.com\/it\/wp-json\/wp\/v2\/types\/product"}],"wp:featuredmedia":[{"embeddable":true,"href":"https:\/\/www.rememberme-forever.com\/it\/wp-json\/wp\/v2\/media\/23463"}],"wp:attachment":[{"href":"https:\/\/www.rememberme-forever.com\/it\/wp-json\/wp\/v2\/media?parent=23468"}],"wp:term":[{"taxonomy":"product_brand","embeddable":true,"href":"https:\/\/www.rememberme-forever.com\/it\/wp-json\/wp\/v2\/product_brand?post=23468"},{"taxonomy":"product_cat","embeddable":true,"href":"https:\/\/www.rememberme-forever.com\/it\/wp-json\/wp\/v2\/product_cat?post=23468"},{"taxonomy":"product_tag","embeddable":true,"href":"https:\/\/www.rememberme-forever.com\/it\/wp-json\/wp\/v2\/product_tag?post=23468"}],"curies":[{"name":"wp","href":"https:\/\/api.w.org\/{rel}","templated":true}]}}