{"id":23792,"date":"2025-07-11T11:16:34","date_gmt":"2025-07-11T09:16:34","guid":{"rendered":"https:\/\/www.rememberme-forever.com\/product\/urna-funeraria-per-una-nonna\/"},"modified":"2025-12-12T12:31:09","modified_gmt":"2025-12-12T11:31:09","slug":"urna-funeraria-per-una-nonna","status":"publish","type":"product","link":"https:\/\/www.rememberme-forever.com\/it\/prodotto\/urna-funeraria-per-una-nonna\/","title":{"rendered":"Urna funeraria per una nonna"},"content":{"rendered":"<p style=\"text-align: center;\" data-start=\"80\" data-end=\"207\"><em data-start=\"143\" data-end=\"207\"><span style=\"color: #000000;\">Acciaio inossidabile con coperchio in legno e incisione simbolica<\/span><\/em><\/p>\n<p style=\"text-align: center;\" data-start=\"209\" data-end=\"579\"><span style=\"color: #000000;\">Questa elegante urna \u00e8 un omaggio unico a un&#8217;amata nonna, una persona che portava calore, saggezza e amore incondizionato. Il corpo dell&#8217;urna \u00e8 realizzato in resistente acciaio inossidabile e il coperchio \u00e8 in legno scuro naturale, che conferisce all&#8217;insieme un tocco nobile. L&#8217;interno dell&#8217;urna \u00e8 rivestito in morbido feltro per proteggere le ceneri del defunto in modo dignitoso e delicato. <\/span><\/p>\n<p style=\"text-align: center;\" data-start=\"581\" data-end=\"792\"><span style=\"color: #000000;\">Sul fronte \u00e8 presente una delicata incisione in bianco e nero raffigurante una donna anziana che cammina lungo un sentiero tra i fiori, verso il tramonto, simbolo della fine del viaggio della vita e del passaggio al riposo eterno.<\/span><\/p>\n<div style=\"width: 100%; margin-bottom: 40px; height: max-content; padding-bottom: 60%; position: relative;\"><iframe style=\"position: absolute; top: 0; left: 0; width: 100%; height: 100%;\" src=\"https:\/\/rememberme-urns.com\/urn-for-a-grandmother\/\" frameborder=\"0\"><\/iframe><\/div>\n<div style=\"color: red; text-align: center; margin-bottom: 25px;\">\n<p>&gt;&gt; Foto rotante &#8211; tocca\/ingrandisci &lt;&lt;<\/p>\n<\/div>\n<h3 style=\"text-align: center;\" data-start=\"799\" data-end=\"821\"><span style=\"color: #000000;\">\u25ba Caratteristiche del prodotto \u25c4<\/span><\/h3>\n<div style=\"text-align: center;\">Materiale: Corpo in acciaio inox spazzolato, coperchio in legno naturale<\/div>\n<div style=\"text-align: center;\">Motivo grafico: Incisione raffigurante un&#8217;anziana in un tranquillo paesaggio di un campo di fiori<\/div>\n<div style=\"text-align: center;\">Personalizzazione: Targa con possibilit\u00e0 di incidere un testo personalizzato (nome, data, dedica)<\/div>\n<div style=\"text-align: center;\">Interno: Rivestito in morbido feltro per una maggiore protezione<\/div>\n<div style=\"text-align: center;\">Capacit\u00e0: Adatto a contenere l&#8217;intera quantit\u00e0 di ceneri di un adulto<\/div>\n<div style=\"text-align: center;\">Uso: Per esposizione in casa o in un colombario<\/div>\n<p style=\"text-align: center;\" data-start=\"1314\" data-end=\"1495\" data-is-last-node=\"\" data-is-only-node=\"\"><span style=\"color: #000000;\">Questa \u00e8 un&#8217;urna unica per una nonna, una donna che \u00e8 stata la guida, il sostegno e il cuore della famiglia. Ideale per chi desidera commemorare la sua vita con amore, rispetto ed eleganza. <\/span><\/p>\n<p>&nbsp;<\/p>\n<p style=\"text-align: center;\"><strong>\u25ba PERSONALIZZAZIONE \u25c4<\/strong><\/p>\n<p style=\"text-align: center;\">\u2714\ufe0f Se scegli una targa personalizzata, inserisci il testo nell&#8217;apposito spazio o inviaci un messaggio.<\/p>\n<p style=\"text-align: center;\">\u2714\ufe0f La targa commemorativa personalizzata deve essere personalizzata durante il processo d&#8217;ordine. (Non preoccuparti se te ne dimentichi, puoi sempre inviarci un messaggio in seguito.)<\/p>\n<p style=\"text-align: center;\"><b>I limiti di testo sono i seguenti:<\/b><\/p>\n<p style=\"text-align: center;\"><span style=\"color: var(--text-color); font-size: 14px;\">Nome\/i fino a 24 caratteri<\/span><\/p>\n<p style=\"text-align: center;\"><span style=\"color: var(--text-color); font-size: 14px;\">Data di nascita e morte fino a 24 caratteri<\/span><\/p>\n<p style=\"text-align: center;\"><span style=\"color: var(--text-color); font-size: 14px;\">Terza riga fino a 24 caratteri<\/span><\/p>\n<p style=\"text-align: center;\"><span style=\"font-size: 14px;\">Quarta riga fino a 24 caratteri<\/span><\/p>\n<p style=\"text-align: center;\"><span style=\"font-size: 14px;\">Quinta riga fino a 24 caratteri<\/span><\/p>\n<div style=\"text-align: center;\"><\/div>\n<p style=\"text-align: center;\">\u2714\ufe0f Si prega di<strong> VERIFICARE ATTENTAMENTE<\/strong> il testo dell&#8217;incisione prima di aggiungere il prodotto al carrello. Copiamo e incidiamo esattamente le informazioni che riceviamo con l&#8217;ordine e non apportiamo alcuna modifica.<\/p>\n<p style=\"text-align: center;\">\u2714\ufe0f Controlla il testo per assicurarti che l&#8217;ortografia sia corretta.<\/p>\n<p style=\"text-align: center;\">\u2714\ufe0f <strong>NON <\/strong>inserire le informazioni per l&#8217;incisione se acquisti l&#8217;opzione &#8220;Urna senza targa&#8221;.<\/p>\n","protected":false},"excerpt":{"rendered":"<p>Acciaio inossidabile con coperchio in legno e incisione simbolica Questa elegante urna \u00e8 un omaggio unico a un&#8217;amata nonna, una persona che portava calore, saggezza&#8230;<\/p>\n","protected":false},"featured_media":23788,"template":"","meta":{"_acf_changed":false},"product_brand":[],"product_cat":[2490,2486],"product_tag":[3352],"class_list":{"0":"post-23792","1":"product","2":"type-product","3":"status-publish","4":"has-post-thumbnail","6":"product_cat-membri-della-famiglia","7":"product_cat-urne-a-tema","8":"product_tag-gpsr-metal_wood_cover","9":"product_shipping_class-2-4kg-it","11":"first","12":"instock","13":"taxable","14":"shipping-taxable","15":"purchasable","16":"product-type-simple"},"yoast_head":"<!-- This site is optimized with the Yoast SEO plugin v27.4 - https:\/\/yoast.com\/product\/yoast-seo-wordpress\/ -->\n<title>Urna funeraria per una nonna - Remember Forever<\/title>\n<meta name=\"robots\" content=\"index, follow, max-snippet:-1, max-image-preview:large, max-video-preview:-1\" \/>\n<link rel=\"canonical\" href=\"https:\/\/www.rememberme-forever.com\/it\/prodotto\/urna-funeraria-per-una-nonna\/\" \/>\n<meta property=\"og:locale\" content=\"it_IT\" \/>\n<meta property=\"og:type\" content=\"article\" \/>\n<meta property=\"og:title\" content=\"Urna funeraria per una nonna - Remember Forever\" \/>\n<meta property=\"og:description\" content=\"Acciaio inossidabile con coperchio in legno e incisione simbolica Questa elegante urna \u00e8 un omaggio unico a un&#8217;amata nonna, una persona che portava calore, saggezza...\" \/>\n<meta property=\"og:url\" content=\"https:\/\/www.rememberme-forever.com\/it\/prodotto\/urna-funeraria-per-una-nonna\/\" \/>\n<meta property=\"og:site_name\" content=\"Remember Forever\" \/>\n<meta property=\"article:modified_time\" content=\"2025-12-12T11:31:09+00:00\" \/>\n<meta property=\"og:image\" content=\"http:\/\/www.rememberme-forever.com\/wp-content\/uploads\/2025\/07\/grandmother-urn_0001.jpg\" \/>\n\t<meta property=\"og:image:width\" content=\"1007\" \/>\n\t<meta property=\"og:image:height\" content=\"1024\" \/>\n\t<meta property=\"og:image:type\" content=\"image\/jpeg\" \/>\n<meta name=\"twitter:card\" content=\"summary_large_image\" \/>\n<meta name=\"twitter:label1\" content=\"Tempo di lettura stimato\" \/>\n\t<meta name=\"twitter:data1\" content=\"2 minuti\" \/>\n<script type=\"application\/ld+json\" class=\"yoast-schema-graph\">{\"@context\":\"https:\\\/\\\/schema.org\",\"@graph\":[{\"@type\":\"WebPage\",\"@id\":\"https:\\\/\\\/www.rememberme-forever.com\\\/it\\\/prodotto\\\/urna-funeraria-per-una-nonna\\\/\",\"url\":\"https:\\\/\\\/www.rememberme-forever.com\\\/it\\\/prodotto\\\/urna-funeraria-per-una-nonna\\\/\",\"name\":\"Urna funeraria per una nonna - Remember Forever\",\"isPartOf\":{\"@id\":\"https:\\\/\\\/www.rememberme-forever.com\\\/it\\\/#website\"},\"primaryImageOfPage\":{\"@id\":\"https:\\\/\\\/www.rememberme-forever.com\\\/it\\\/prodotto\\\/urna-funeraria-per-una-nonna\\\/#primaryimage\"},\"image\":{\"@id\":\"https:\\\/\\\/www.rememberme-forever.com\\\/it\\\/prodotto\\\/urna-funeraria-per-una-nonna\\\/#primaryimage\"},\"thumbnailUrl\":\"https:\\\/\\\/www.rememberme-forever.com\\\/wp-content\\\/uploads\\\/2025\\\/07\\\/grandmother-urn_0001.jpg\",\"datePublished\":\"2025-07-11T09:16:34+00:00\",\"dateModified\":\"2025-12-12T11:31:09+00:00\",\"breadcrumb\":{\"@id\":\"https:\\\/\\\/www.rememberme-forever.com\\\/it\\\/prodotto\\\/urna-funeraria-per-una-nonna\\\/#breadcrumb\"},\"inLanguage\":\"it-IT\",\"potentialAction\":[{\"@type\":\"ReadAction\",\"target\":[\"https:\\\/\\\/www.rememberme-forever.com\\\/it\\\/prodotto\\\/urna-funeraria-per-una-nonna\\\/\"]}]},{\"@type\":\"ImageObject\",\"inLanguage\":\"it-IT\",\"@id\":\"https:\\\/\\\/www.rememberme-forever.com\\\/it\\\/prodotto\\\/urna-funeraria-per-una-nonna\\\/#primaryimage\",\"url\":\"https:\\\/\\\/www.rememberme-forever.com\\\/wp-content\\\/uploads\\\/2025\\\/07\\\/grandmother-urn_0001.jpg\",\"contentUrl\":\"https:\\\/\\\/www.rememberme-forever.com\\\/wp-content\\\/uploads\\\/2025\\\/07\\\/grandmother-urn_0001.jpg\",\"width\":1007,\"height\":1024,\"caption\":\"Urna funeraria per una nonna\"},{\"@type\":\"BreadcrumbList\",\"@id\":\"https:\\\/\\\/www.rememberme-forever.com\\\/it\\\/prodotto\\\/urna-funeraria-per-una-nonna\\\/#breadcrumb\",\"itemListElement\":[{\"@type\":\"ListItem\",\"position\":1,\"name\":\"Home\",\"item\":\"https:\\\/\\\/www.rememberme-forever.com\\\/it\\\/home\\\/\"},{\"@type\":\"ListItem\",\"position\":2,\"name\":\"Negozio\",\"item\":\"https:\\\/\\\/www.rememberme-forever.com\\\/it\\\/negozio\\\/\"},{\"@type\":\"ListItem\",\"position\":3,\"name\":\"Urna funeraria per una nonna\"}]},{\"@type\":\"WebSite\",\"@id\":\"https:\\\/\\\/www.rememberme-forever.com\\\/it\\\/#website\",\"url\":\"https:\\\/\\\/www.rememberme-forever.com\\\/it\\\/\",\"name\":\"Remember Forever\",\"description\":\"Cremation urns, funeral urns, urns for ashes\",\"publisher\":{\"@id\":\"https:\\\/\\\/www.rememberme-forever.com\\\/it\\\/#organization\"},\"potentialAction\":[{\"@type\":\"SearchAction\",\"target\":{\"@type\":\"EntryPoint\",\"urlTemplate\":\"https:\\\/\\\/www.rememberme-forever.com\\\/it\\\/?s={search_term_string}\"},\"query-input\":{\"@type\":\"PropertyValueSpecification\",\"valueRequired\":true,\"valueName\":\"search_term_string\"}}],\"inLanguage\":\"it-IT\"},{\"@type\":\"Organization\",\"@id\":\"https:\\\/\\\/www.rememberme-forever.com\\\/it\\\/#organization\",\"name\":\"Remember Forever\",\"url\":\"https:\\\/\\\/www.rememberme-forever.com\\\/it\\\/\",\"logo\":{\"@type\":\"ImageObject\",\"inLanguage\":\"it-IT\",\"@id\":\"https:\\\/\\\/www.rememberme-forever.com\\\/it\\\/#\\\/schema\\\/logo\\\/image\\\/\",\"url\":\"https:\\\/\\\/www.rememberme-forever.com\\\/wp-content\\\/uploads\\\/2023\\\/02\\\/logo.png\",\"contentUrl\":\"https:\\\/\\\/www.rememberme-forever.com\\\/wp-content\\\/uploads\\\/2023\\\/02\\\/logo.png\",\"width\":300,\"height\":56,\"caption\":\"Remember Forever\"},\"image\":{\"@id\":\"https:\\\/\\\/www.rememberme-forever.com\\\/it\\\/#\\\/schema\\\/logo\\\/image\\\/\"}}]}<\/script>\n<!-- \/ Yoast SEO plugin. -->","yoast_head_json":{"title":"Urna funeraria per una nonna - Remember Forever","robots":{"index":"index","follow":"follow","max-snippet":"max-snippet:-1","max-image-preview":"max-image-preview:large","max-video-preview":"max-video-preview:-1"},"canonical":"https:\/\/www.rememberme-forever.com\/it\/prodotto\/urna-funeraria-per-una-nonna\/","og_locale":"it_IT","og_type":"article","og_title":"Urna funeraria per una nonna - Remember Forever","og_description":"Acciaio inossidabile con coperchio in legno e incisione simbolica Questa elegante urna \u00e8 un omaggio unico a un&#8217;amata nonna, una persona che portava calore, saggezza...","og_url":"https:\/\/www.rememberme-forever.com\/it\/prodotto\/urna-funeraria-per-una-nonna\/","og_site_name":"Remember Forever","article_modified_time":"2025-12-12T11:31:09+00:00","og_image":[{"width":1007,"height":1024,"url":"http:\/\/www.rememberme-forever.com\/wp-content\/uploads\/2025\/07\/grandmother-urn_0001.jpg","type":"image\/jpeg"}],"twitter_card":"summary_large_image","twitter_misc":{"Tempo di lettura stimato":"2 minuti"},"schema":{"@context":"https:\/\/schema.org","@graph":[{"@type":"WebPage","@id":"https:\/\/www.rememberme-forever.com\/it\/prodotto\/urna-funeraria-per-una-nonna\/","url":"https:\/\/www.rememberme-forever.com\/it\/prodotto\/urna-funeraria-per-una-nonna\/","name":"Urna funeraria per una nonna - Remember Forever","isPartOf":{"@id":"https:\/\/www.rememberme-forever.com\/it\/#website"},"primaryImageOfPage":{"@id":"https:\/\/www.rememberme-forever.com\/it\/prodotto\/urna-funeraria-per-una-nonna\/#primaryimage"},"image":{"@id":"https:\/\/www.rememberme-forever.com\/it\/prodotto\/urna-funeraria-per-una-nonna\/#primaryimage"},"thumbnailUrl":"https:\/\/www.rememberme-forever.com\/wp-content\/uploads\/2025\/07\/grandmother-urn_0001.jpg","datePublished":"2025-07-11T09:16:34+00:00","dateModified":"2025-12-12T11:31:09+00:00","breadcrumb":{"@id":"https:\/\/www.rememberme-forever.com\/it\/prodotto\/urna-funeraria-per-una-nonna\/#breadcrumb"},"inLanguage":"it-IT","potentialAction":[{"@type":"ReadAction","target":["https:\/\/www.rememberme-forever.com\/it\/prodotto\/urna-funeraria-per-una-nonna\/"]}]},{"@type":"ImageObject","inLanguage":"it-IT","@id":"https:\/\/www.rememberme-forever.com\/it\/prodotto\/urna-funeraria-per-una-nonna\/#primaryimage","url":"https:\/\/www.rememberme-forever.com\/wp-content\/uploads\/2025\/07\/grandmother-urn_0001.jpg","contentUrl":"https:\/\/www.rememberme-forever.com\/wp-content\/uploads\/2025\/07\/grandmother-urn_0001.jpg","width":1007,"height":1024,"caption":"Urna funeraria per una nonna"},{"@type":"BreadcrumbList","@id":"https:\/\/www.rememberme-forever.com\/it\/prodotto\/urna-funeraria-per-una-nonna\/#breadcrumb","itemListElement":[{"@type":"ListItem","position":1,"name":"Home","item":"https:\/\/www.rememberme-forever.com\/it\/home\/"},{"@type":"ListItem","position":2,"name":"Negozio","item":"https:\/\/www.rememberme-forever.com\/it\/negozio\/"},{"@type":"ListItem","position":3,"name":"Urna funeraria per una nonna"}]},{"@type":"WebSite","@id":"https:\/\/www.rememberme-forever.com\/it\/#website","url":"https:\/\/www.rememberme-forever.com\/it\/","name":"Remember Forever","description":"Cremation urns, funeral urns, urns for ashes","publisher":{"@id":"https:\/\/www.rememberme-forever.com\/it\/#organization"},"potentialAction":[{"@type":"SearchAction","target":{"@type":"EntryPoint","urlTemplate":"https:\/\/www.rememberme-forever.com\/it\/?s={search_term_string}"},"query-input":{"@type":"PropertyValueSpecification","valueRequired":true,"valueName":"search_term_string"}}],"inLanguage":"it-IT"},{"@type":"Organization","@id":"https:\/\/www.rememberme-forever.com\/it\/#organization","name":"Remember Forever","url":"https:\/\/www.rememberme-forever.com\/it\/","logo":{"@type":"ImageObject","inLanguage":"it-IT","@id":"https:\/\/www.rememberme-forever.com\/it\/#\/schema\/logo\/image\/","url":"https:\/\/www.rememberme-forever.com\/wp-content\/uploads\/2023\/02\/logo.png","contentUrl":"https:\/\/www.rememberme-forever.com\/wp-content\/uploads\/2023\/02\/logo.png","width":300,"height":56,"caption":"Remember Forever"},"image":{"@id":"https:\/\/www.rememberme-forever.com\/it\/#\/schema\/logo\/image\/"}}]}},"acf":[],"_links":{"self":[{"href":"https:\/\/www.rememberme-forever.com\/it\/wp-json\/wp\/v2\/product\/23792","targetHints":{"allow":["GET"]}}],"collection":[{"href":"https:\/\/www.rememberme-forever.com\/it\/wp-json\/wp\/v2\/product"}],"about":[{"href":"https:\/\/www.rememberme-forever.com\/it\/wp-json\/wp\/v2\/types\/product"}],"wp:featuredmedia":[{"embeddable":true,"href":"https:\/\/www.rememberme-forever.com\/it\/wp-json\/wp\/v2\/media\/23788"}],"wp:attachment":[{"href":"https:\/\/www.rememberme-forever.com\/it\/wp-json\/wp\/v2\/media?parent=23792"}],"wp:term":[{"taxonomy":"product_brand","embeddable":true,"href":"https:\/\/www.rememberme-forever.com\/it\/wp-json\/wp\/v2\/product_brand?post=23792"},{"taxonomy":"product_cat","embeddable":true,"href":"https:\/\/www.rememberme-forever.com\/it\/wp-json\/wp\/v2\/product_cat?post=23792"},{"taxonomy":"product_tag","embeddable":true,"href":"https:\/\/www.rememberme-forever.com\/it\/wp-json\/wp\/v2\/product_tag?post=23792"}],"curies":[{"name":"wp","href":"https:\/\/api.w.org\/{rel}","templated":true}]}}