{"id":25249,"date":"2023-04-11T10:38:08","date_gmt":"2023-04-11T08:38:08","guid":{"rendered":"https:\/\/www.rememberme-forever.com\/product\/urna-in-pietra-unica-per-ceneri-urna-cineraria-in-onice-per-adulti\/"},"modified":"2026-02-19T12:11:35","modified_gmt":"2026-02-19T11:11:35","slug":"urna-in-pietra-unica-per-ceneri-urna-cineraria-in-onice-per-adulti","status":"publish","type":"product","link":"https:\/\/www.rememberme-forever.com\/it\/prodotto\/urna-in-pietra-unica-per-ceneri-urna-cineraria-in-onice-per-adulti\/","title":{"rendered":"Urna in pietra unica per ceneri, urna cineraria in onice per adulti"},"content":{"rendered":"<h2 style=\"text-align: center;\">Urna in pietra unica per ceneri<\/h2>\n<p style=\"text-align: center;\">Urna pesante e robusta per le ceneri di un adulto, realizzata in pietra naturale ONICE. Un&#8217;urna ideale per chi cerca un luogo di riposo unico per una persona cara.<\/p>\n<p style=\"text-align: center;\">Le ceneri vengono inserite attraverso un&#8217;apertura a vite sul fondo dell&#8217;urna. Per una maggiore protezione delle ceneri, si consiglia di riporle in un sacchetto di plastica.<\/p>\n<p style=\"text-align: center;\">La caratteristica distintiva dell&#8217;urna in pietra naturale onice \u00e8 la sua unicit\u00e0. Ogni urna ha la stessa forma, ma ognuna presenta tonalit\u00e0 e colori leggermente diversi. Questo crea la sensazione di avere un&#8217;urna unica nel suo genere. Non ce ne sono due identiche.<\/p>\n<p style=\"text-align: center;\"><strong>IMPORTANTE:<\/strong><\/p>\n<p style=\"text-align: center;\">In caso di dubbi, prima di effettuare un ordine o una spedizione, \u00e8 possibile richiedere una foto dell&#8217;esemplare che verr\u00e0 inviato. Questo potrebbe causare un leggero ritardo nella spedizione.<\/p>\n<p style=\"text-align: center;\"><em><strong>Questo prodotto \u00e8 realizzato con materiali naturali, l&#8217;aspetto potrebbe variare leggermente.<\/strong><\/em><\/p>\n<p>&nbsp;<\/p>\n<h3 style=\"text-align: center;\"><strong>PERSONALIZZAZIONE<\/strong><\/h3>\n<p style=\"text-align: center;\">La targa commemorativa personalizzata deve essere personalizzata al momento dell&#8217;ordine. (Non preoccuparti se non la trovi, puoi sempre inviarci un messaggio in seguito.)<\/p>\n<p style=\"text-align: center;\">Si prega di LEGGERE attentamente il testo per l&#8217;incisione prima di aggiungere l&#8217;articolo al carrello. Copiamo e incidiamo esattamente le informazioni che riceviamo con l&#8217;ordine e non apportiamo alcuna modifica.<\/p>\n<p style=\"text-align: center;\"><strong>Si prega di rivedere il testo per assicurarsi che l&#8217;ortografia sia corretta.<\/strong><\/p>\n<p><strong><em><img loading=\"lazy\" decoding=\"async\" class=\" wp-image-1447 aligncenter\" src=\"http:\/\/www.rememberme-forever.com\/wp-content\/uploads\/2023\/04\/memorial-plaque-cremation-urn-gold-300x150.jpg\" alt=\"targa commemorativa urna cineraria oro\" width=\"266\" height=\"133\" srcset=\"https:\/\/www.rememberme-forever.com\/wp-content\/uploads\/2023\/04\/memorial-plaque-cremation-urn-gold-300x150.jpg 300w, https:\/\/www.rememberme-forever.com\/wp-content\/uploads\/2023\/04\/memorial-plaque-cremation-urn-gold-64x32.jpg 64w, https:\/\/www.rememberme-forever.com\/wp-content\/uploads\/2023\/04\/memorial-plaque-cremation-urn-gold.jpg 448w\" sizes=\"auto, (max-width: 266px) 100vw, 266px\" \/><\/em><\/strong><\/p>\n<p style=\"text-align: center;\">\n","protected":false},"excerpt":{"rendered":"<p>Urna in onice naturale unica per ceneri umane. Non esistono due esemplari identici.<\/p>\n<p><em><strong>Adatta per un peso corporeo di circa 138 kg o inferiore.<\/strong><\/em><\/p>\n","protected":false},"featured_media":25242,"template":"","meta":{"_acf_changed":false},"product_brand":[],"product_cat":[2485],"product_tag":[3368],"class_list":{"0":"post-25249","1":"product","2":"type-product","3":"status-publish","4":"has-post-thumbnail","6":"product_cat-une-di-pietra","7":"product_tag-gpsr-stone-urns","8":"product_shipping_class-5-10kg-it","10":"first","11":"instock","12":"taxable","13":"shipping-taxable","14":"purchasable","15":"product-type-variable"},"yoast_head":"<!-- This site is optimized with the Yoast SEO plugin v27.4 - https:\/\/yoast.com\/product\/yoast-seo-wordpress\/ -->\n<title>Urna in pietra unica per ceneri, urna cineraria in onice per adulti<\/title>\n<meta name=\"description\" content=\"Ti presentiamo la nostra urna in pietra davvero unica per ceneri, un tributo bellissimo e irripetibile alla persona amata. Splendida urna in onice naturale per ceneri di adulti.\" \/>\n<meta name=\"robots\" content=\"index, follow, max-snippet:-1, max-image-preview:large, max-video-preview:-1\" \/>\n<link rel=\"canonical\" href=\"https:\/\/www.rememberme-forever.com\/it\/prodotto\/urna-in-pietra-unica-per-ceneri-urna-cineraria-in-onice-per-adulti\/\" \/>\n<meta property=\"og:locale\" content=\"it_IT\" \/>\n<meta property=\"og:type\" content=\"article\" \/>\n<meta property=\"og:title\" content=\"Urna in pietra unica per ceneri, urna cineraria in onice per adulti\" \/>\n<meta property=\"og:description\" content=\"Ti presentiamo la nostra urna in pietra davvero unica per ceneri, un tributo bellissimo e irripetibile alla persona amata. Splendida urna in onice naturale per ceneri di adulti.\" \/>\n<meta property=\"og:url\" content=\"https:\/\/www.rememberme-forever.com\/it\/prodotto\/urna-in-pietra-unica-per-ceneri-urna-cineraria-in-onice-per-adulti\/\" \/>\n<meta property=\"og:site_name\" content=\"Remember Forever\" \/>\n<meta property=\"article:modified_time\" content=\"2026-02-19T11:11:35+00:00\" \/>\n<meta property=\"og:image\" content=\"http:\/\/www.rememberme-forever.com\/wp-content\/uploads\/2023\/04\/stone-cremation-urn.jpg\" \/>\n\t<meta property=\"og:image:width\" content=\"1007\" \/>\n\t<meta property=\"og:image:height\" content=\"1024\" \/>\n\t<meta property=\"og:image:type\" content=\"image\/jpeg\" \/>\n<meta name=\"twitter:card\" content=\"summary_large_image\" \/>\n<meta name=\"twitter:label1\" content=\"Tempo di lettura stimato\" \/>\n\t<meta name=\"twitter:data1\" content=\"2 minuti\" \/>\n<script type=\"application\/ld+json\" class=\"yoast-schema-graph\">{\"@context\":\"https:\\\/\\\/schema.org\",\"@graph\":[{\"@type\":\"WebPage\",\"@id\":\"https:\\\/\\\/www.rememberme-forever.com\\\/it\\\/prodotto\\\/urna-in-pietra-unica-per-ceneri-urna-cineraria-in-onice-per-adulti\\\/\",\"url\":\"https:\\\/\\\/www.rememberme-forever.com\\\/it\\\/prodotto\\\/urna-in-pietra-unica-per-ceneri-urna-cineraria-in-onice-per-adulti\\\/\",\"name\":\"Urna in pietra unica per ceneri, urna cineraria in onice per adulti\",\"isPartOf\":{\"@id\":\"https:\\\/\\\/www.rememberme-forever.com\\\/it\\\/#website\"},\"primaryImageOfPage\":{\"@id\":\"https:\\\/\\\/www.rememberme-forever.com\\\/it\\\/prodotto\\\/urna-in-pietra-unica-per-ceneri-urna-cineraria-in-onice-per-adulti\\\/#primaryimage\"},\"image\":{\"@id\":\"https:\\\/\\\/www.rememberme-forever.com\\\/it\\\/prodotto\\\/urna-in-pietra-unica-per-ceneri-urna-cineraria-in-onice-per-adulti\\\/#primaryimage\"},\"thumbnailUrl\":\"https:\\\/\\\/www.rememberme-forever.com\\\/wp-content\\\/uploads\\\/2023\\\/04\\\/stone-cremation-urn.jpg\",\"datePublished\":\"2023-04-11T08:38:08+00:00\",\"dateModified\":\"2026-02-19T11:11:35+00:00\",\"description\":\"Ti presentiamo la nostra urna in pietra davvero unica per ceneri, un tributo bellissimo e irripetibile alla persona amata. Splendida urna in onice naturale per ceneri di adulti.\",\"breadcrumb\":{\"@id\":\"https:\\\/\\\/www.rememberme-forever.com\\\/it\\\/prodotto\\\/urna-in-pietra-unica-per-ceneri-urna-cineraria-in-onice-per-adulti\\\/#breadcrumb\"},\"inLanguage\":\"it-IT\",\"potentialAction\":[{\"@type\":\"ReadAction\",\"target\":[\"https:\\\/\\\/www.rememberme-forever.com\\\/it\\\/prodotto\\\/urna-in-pietra-unica-per-ceneri-urna-cineraria-in-onice-per-adulti\\\/\"]}]},{\"@type\":\"ImageObject\",\"inLanguage\":\"it-IT\",\"@id\":\"https:\\\/\\\/www.rememberme-forever.com\\\/it\\\/prodotto\\\/urna-in-pietra-unica-per-ceneri-urna-cineraria-in-onice-per-adulti\\\/#primaryimage\",\"url\":\"https:\\\/\\\/www.rememberme-forever.com\\\/wp-content\\\/uploads\\\/2023\\\/04\\\/stone-cremation-urn.jpg\",\"contentUrl\":\"https:\\\/\\\/www.rememberme-forever.com\\\/wp-content\\\/uploads\\\/2023\\\/04\\\/stone-cremation-urn.jpg\",\"width\":1007,\"height\":1024,\"caption\":\"urna cineraria in pietra, urna in pietra unica per ceneri\"},{\"@type\":\"BreadcrumbList\",\"@id\":\"https:\\\/\\\/www.rememberme-forever.com\\\/it\\\/prodotto\\\/urna-in-pietra-unica-per-ceneri-urna-cineraria-in-onice-per-adulti\\\/#breadcrumb\",\"itemListElement\":[{\"@type\":\"ListItem\",\"position\":1,\"name\":\"Home\",\"item\":\"https:\\\/\\\/www.rememberme-forever.com\\\/it\\\/home\\\/\"},{\"@type\":\"ListItem\",\"position\":2,\"name\":\"Negozio\",\"item\":\"https:\\\/\\\/www.rememberme-forever.com\\\/it\\\/negozio\\\/\"},{\"@type\":\"ListItem\",\"position\":3,\"name\":\"Urna in pietra unica per ceneri, urna cineraria in onice per adulti\"}]},{\"@type\":\"WebSite\",\"@id\":\"https:\\\/\\\/www.rememberme-forever.com\\\/it\\\/#website\",\"url\":\"https:\\\/\\\/www.rememberme-forever.com\\\/it\\\/\",\"name\":\"Remember Forever\",\"description\":\"Cremation urns, funeral urns, urns for ashes\",\"publisher\":{\"@id\":\"https:\\\/\\\/www.rememberme-forever.com\\\/it\\\/#organization\"},\"potentialAction\":[{\"@type\":\"SearchAction\",\"target\":{\"@type\":\"EntryPoint\",\"urlTemplate\":\"https:\\\/\\\/www.rememberme-forever.com\\\/it\\\/?s={search_term_string}\"},\"query-input\":{\"@type\":\"PropertyValueSpecification\",\"valueRequired\":true,\"valueName\":\"search_term_string\"}}],\"inLanguage\":\"it-IT\"},{\"@type\":\"Organization\",\"@id\":\"https:\\\/\\\/www.rememberme-forever.com\\\/it\\\/#organization\",\"name\":\"Remember Forever\",\"url\":\"https:\\\/\\\/www.rememberme-forever.com\\\/it\\\/\",\"logo\":{\"@type\":\"ImageObject\",\"inLanguage\":\"it-IT\",\"@id\":\"https:\\\/\\\/www.rememberme-forever.com\\\/it\\\/#\\\/schema\\\/logo\\\/image\\\/\",\"url\":\"https:\\\/\\\/www.rememberme-forever.com\\\/wp-content\\\/uploads\\\/2023\\\/02\\\/logo.png\",\"contentUrl\":\"https:\\\/\\\/www.rememberme-forever.com\\\/wp-content\\\/uploads\\\/2023\\\/02\\\/logo.png\",\"width\":300,\"height\":56,\"caption\":\"Remember Forever\"},\"image\":{\"@id\":\"https:\\\/\\\/www.rememberme-forever.com\\\/it\\\/#\\\/schema\\\/logo\\\/image\\\/\"}}]}<\/script>\n<!-- \/ Yoast SEO plugin. -->","yoast_head_json":{"title":"Urna in pietra unica per ceneri, urna cineraria in onice per adulti","description":"Ti presentiamo la nostra urna in pietra davvero unica per ceneri, un tributo bellissimo e irripetibile alla persona amata. Splendida urna in onice naturale per ceneri di adulti.","robots":{"index":"index","follow":"follow","max-snippet":"max-snippet:-1","max-image-preview":"max-image-preview:large","max-video-preview":"max-video-preview:-1"},"canonical":"https:\/\/www.rememberme-forever.com\/it\/prodotto\/urna-in-pietra-unica-per-ceneri-urna-cineraria-in-onice-per-adulti\/","og_locale":"it_IT","og_type":"article","og_title":"Urna in pietra unica per ceneri, urna cineraria in onice per adulti","og_description":"Ti presentiamo la nostra urna in pietra davvero unica per ceneri, un tributo bellissimo e irripetibile alla persona amata. Splendida urna in onice naturale per ceneri di adulti.","og_url":"https:\/\/www.rememberme-forever.com\/it\/prodotto\/urna-in-pietra-unica-per-ceneri-urna-cineraria-in-onice-per-adulti\/","og_site_name":"Remember Forever","article_modified_time":"2026-02-19T11:11:35+00:00","og_image":[{"width":1007,"height":1024,"url":"http:\/\/www.rememberme-forever.com\/wp-content\/uploads\/2023\/04\/stone-cremation-urn.jpg","type":"image\/jpeg"}],"twitter_card":"summary_large_image","twitter_misc":{"Tempo di lettura stimato":"2 minuti"},"schema":{"@context":"https:\/\/schema.org","@graph":[{"@type":"WebPage","@id":"https:\/\/www.rememberme-forever.com\/it\/prodotto\/urna-in-pietra-unica-per-ceneri-urna-cineraria-in-onice-per-adulti\/","url":"https:\/\/www.rememberme-forever.com\/it\/prodotto\/urna-in-pietra-unica-per-ceneri-urna-cineraria-in-onice-per-adulti\/","name":"Urna in pietra unica per ceneri, urna cineraria in onice per adulti","isPartOf":{"@id":"https:\/\/www.rememberme-forever.com\/it\/#website"},"primaryImageOfPage":{"@id":"https:\/\/www.rememberme-forever.com\/it\/prodotto\/urna-in-pietra-unica-per-ceneri-urna-cineraria-in-onice-per-adulti\/#primaryimage"},"image":{"@id":"https:\/\/www.rememberme-forever.com\/it\/prodotto\/urna-in-pietra-unica-per-ceneri-urna-cineraria-in-onice-per-adulti\/#primaryimage"},"thumbnailUrl":"https:\/\/www.rememberme-forever.com\/wp-content\/uploads\/2023\/04\/stone-cremation-urn.jpg","datePublished":"2023-04-11T08:38:08+00:00","dateModified":"2026-02-19T11:11:35+00:00","description":"Ti presentiamo la nostra urna in pietra davvero unica per ceneri, un tributo bellissimo e irripetibile alla persona amata. Splendida urna in onice naturale per ceneri di adulti.","breadcrumb":{"@id":"https:\/\/www.rememberme-forever.com\/it\/prodotto\/urna-in-pietra-unica-per-ceneri-urna-cineraria-in-onice-per-adulti\/#breadcrumb"},"inLanguage":"it-IT","potentialAction":[{"@type":"ReadAction","target":["https:\/\/www.rememberme-forever.com\/it\/prodotto\/urna-in-pietra-unica-per-ceneri-urna-cineraria-in-onice-per-adulti\/"]}]},{"@type":"ImageObject","inLanguage":"it-IT","@id":"https:\/\/www.rememberme-forever.com\/it\/prodotto\/urna-in-pietra-unica-per-ceneri-urna-cineraria-in-onice-per-adulti\/#primaryimage","url":"https:\/\/www.rememberme-forever.com\/wp-content\/uploads\/2023\/04\/stone-cremation-urn.jpg","contentUrl":"https:\/\/www.rememberme-forever.com\/wp-content\/uploads\/2023\/04\/stone-cremation-urn.jpg","width":1007,"height":1024,"caption":"urna cineraria in pietra, urna in pietra unica per ceneri"},{"@type":"BreadcrumbList","@id":"https:\/\/www.rememberme-forever.com\/it\/prodotto\/urna-in-pietra-unica-per-ceneri-urna-cineraria-in-onice-per-adulti\/#breadcrumb","itemListElement":[{"@type":"ListItem","position":1,"name":"Home","item":"https:\/\/www.rememberme-forever.com\/it\/home\/"},{"@type":"ListItem","position":2,"name":"Negozio","item":"https:\/\/www.rememberme-forever.com\/it\/negozio\/"},{"@type":"ListItem","position":3,"name":"Urna in pietra unica per ceneri, urna cineraria in onice per adulti"}]},{"@type":"WebSite","@id":"https:\/\/www.rememberme-forever.com\/it\/#website","url":"https:\/\/www.rememberme-forever.com\/it\/","name":"Remember Forever","description":"Cremation urns, funeral urns, urns for ashes","publisher":{"@id":"https:\/\/www.rememberme-forever.com\/it\/#organization"},"potentialAction":[{"@type":"SearchAction","target":{"@type":"EntryPoint","urlTemplate":"https:\/\/www.rememberme-forever.com\/it\/?s={search_term_string}"},"query-input":{"@type":"PropertyValueSpecification","valueRequired":true,"valueName":"search_term_string"}}],"inLanguage":"it-IT"},{"@type":"Organization","@id":"https:\/\/www.rememberme-forever.com\/it\/#organization","name":"Remember Forever","url":"https:\/\/www.rememberme-forever.com\/it\/","logo":{"@type":"ImageObject","inLanguage":"it-IT","@id":"https:\/\/www.rememberme-forever.com\/it\/#\/schema\/logo\/image\/","url":"https:\/\/www.rememberme-forever.com\/wp-content\/uploads\/2023\/02\/logo.png","contentUrl":"https:\/\/www.rememberme-forever.com\/wp-content\/uploads\/2023\/02\/logo.png","width":300,"height":56,"caption":"Remember Forever"},"image":{"@id":"https:\/\/www.rememberme-forever.com\/it\/#\/schema\/logo\/image\/"}}]}},"acf":[],"_links":{"self":[{"href":"https:\/\/www.rememberme-forever.com\/it\/wp-json\/wp\/v2\/product\/25249","targetHints":{"allow":["GET"]}}],"collection":[{"href":"https:\/\/www.rememberme-forever.com\/it\/wp-json\/wp\/v2\/product"}],"about":[{"href":"https:\/\/www.rememberme-forever.com\/it\/wp-json\/wp\/v2\/types\/product"}],"wp:featuredmedia":[{"embeddable":true,"href":"https:\/\/www.rememberme-forever.com\/it\/wp-json\/wp\/v2\/media\/25242"}],"wp:attachment":[{"href":"https:\/\/www.rememberme-forever.com\/it\/wp-json\/wp\/v2\/media?parent=25249"}],"wp:term":[{"taxonomy":"product_brand","embeddable":true,"href":"https:\/\/www.rememberme-forever.com\/it\/wp-json\/wp\/v2\/product_brand?post=25249"},{"taxonomy":"product_cat","embeddable":true,"href":"https:\/\/www.rememberme-forever.com\/it\/wp-json\/wp\/v2\/product_cat?post=25249"},{"taxonomy":"product_tag","embeddable":true,"href":"https:\/\/www.rememberme-forever.com\/it\/wp-json\/wp\/v2\/product_tag?post=25249"}],"curies":[{"name":"wp","href":"https:\/\/api.w.org\/{rel}","templated":true}]}}