{"id":25365,"date":"2023-04-11T13:01:48","date_gmt":"2023-04-11T11:01:48","guid":{"rendered":"https:\/\/www.rememberme-forever.com\/product\/urna-cineraria-funeraria-unica-a-forma-di-cofanetto-per-adulto\/"},"modified":"2026-02-19T13:32:00","modified_gmt":"2026-02-19T12:32:00","slug":"urna-cineraria-funeraria-unica-a-forma-di-cofanetto-per-adulto","status":"publish","type":"product","link":"https:\/\/www.rememberme-forever.com\/it\/prodotto\/urna-cineraria-funeraria-unica-a-forma-di-cofanetto-per-adulto\/","title":{"rendered":"Urna Cineraria Funeraria Unica a Forma di Cofanetto per Adulto"},"content":{"rendered":"<div style=\"width: 100%; margin-bottom: 30px; height: max-content; padding-bottom: 60%; position: relative;\"><iframe style=\"position: absolute; top: 0; left: 0; width: 100%; height: 100%;\" src=\"https:\/\/rememberme-urns.com\/composite-urn-for-adult\/\" frameborder=\"0\"><\/iframe><\/div>\n<div style=\"color: red; text-align: center; margin-bottom: 25px;\">\n<p>&gt;&gt; Foto rotante &#8211; tocca\/ingrandisci &lt;&lt;<\/p>\n<\/div>\n<h2 style=\"text-align: center;\">Urna Cineraria Funeraria Unica a Forma di Cofanetto per Adulto<\/h2>\n<div><\/div>\n<div style=\"text-align: center;\">Se stai cercando un&#8217;urna cineraria unica, non devi cercare oltre: su Remember Forever troverai sicuramente il design perfetto per le tue preferenze particolari. Questa \u00e8 una delle urne funerarie in composito pi\u00f9 popolari della nostra collezione. \u00c8 un&#8217;urna di grandi dimensioni, ideale per le ceneri di un adulto. Rifinita con cura e dal design molto suggestivo, quest&#8217;urna rappresenta il luogo di riposo perfetto per la persona amata.<\/div>\n<div style=\"text-align: center;\">Il coperchio ad apertura superiore pu\u00f2 essere sigillato con silicone o adesivo.<\/div>\n<div style=\"text-align: center;\">Le nostre urne sono fatte a mano, quindi la tonalit\u00e0 di colore pu\u00f2 variare.<\/div>\n<p>&nbsp;<\/p>\n<h3 style=\"text-align: center;\"><strong>PERSONALIZZAZIONE<\/strong><\/h3>\n<p style=\"text-align: center;\">La targa commemorativa personalizzata deve essere personalizzata al momento dell&#8217;ordine. (Non preoccuparti se non la trovi, puoi sempre inviarci un messaggio in seguito.)<\/p>\n<p style=\"text-align: center;\">Si prega di LEGGERE attentamente il testo per l&#8217;incisione prima di aggiungere l&#8217;articolo al carrello. Copiamo e incidiamo esattamente le informazioni che riceviamo con l&#8217;ordine e non apportiamo alcuna modifica.<\/p>\n<p style=\"text-align: center;\"><strong>Si prega di rivedere il testo per assicurarsi che l&#8217;ortografia sia corretta.<\/strong><\/p>\n<p><img loading=\"lazy\" decoding=\"async\" class=\" wp-image-698 aligncenter\" src=\"http:\/\/www.rememberme-forever.com\/wp-content\/uploads\/2023\/03\/gold-plaque-urn-295x300.jpg\" alt=\"urna con placca in oro\" width=\"193\" height=\"196\" srcset=\"https:\/\/www.rememberme-forever.com\/wp-content\/uploads\/2023\/03\/gold-plaque-urn-295x300.jpg 295w, https:\/\/www.rememberme-forever.com\/wp-content\/uploads\/2023\/03\/gold-plaque-urn-600x610.jpg 600w, https:\/\/www.rememberme-forever.com\/wp-content\/uploads\/2023\/03\/gold-plaque-urn-64x65.jpg 64w, https:\/\/www.rememberme-forever.com\/wp-content\/uploads\/2023\/03\/gold-plaque-urn.jpg 768w\" sizes=\"auto, (max-width: 193px) 100vw, 193px\" \/><\/p>\n<p style=\"text-align: center;\"><strong><em>La targa commemorativa verr\u00e0 aggiunta separatamente con il supporto come in foto.<\/em><\/strong><\/p>\n<p style=\"text-align: center;\"><strong><em>(Il supporto per la targa commemorativa \u00e8 in plexiglass trasparente.) <\/em><\/strong><\/p>\n","protected":false},"excerpt":{"rendered":"<p>Urna cineraria in pietra dalla forma perfetta.<\/p>\n<p><em><strong>Adatta a contenere le ceneri di una persona con peso corporeo fino a circa 138 kg. <\/strong><\/em><\/p>\n","protected":false},"featured_media":25364,"template":"","meta":{"_acf_changed":false},"product_brand":[],"product_cat":[2478],"product_tag":[3317],"class_list":{"0":"post-25365","1":"product","2":"type-product","3":"status-publish","4":"has-post-thumbnail","6":"product_cat-urne-composite","7":"product_tag-gpsr-composite-urns","8":"product_shipping_class-5-10kg-it","10":"first","11":"instock","12":"taxable","13":"shipping-taxable","14":"purchasable","15":"product-type-simple"},"yoast_head":"<!-- This site is optimized with the Yoast SEO plugin v27.4 - https:\/\/yoast.com\/product\/yoast-seo-wordpress\/ -->\n<title>Urna Cineraria Funeraria Unica a Forma di Cofanetto per Adulto<\/title>\n<meta name=\"description\" content=\"Se stai cercando un&#039;urna cineraria unica, non devi cercare oltre: su Remember Forever troverai sicuramente il design perfetto per le tue preferenze particolari.\" \/>\n<meta name=\"robots\" content=\"index, follow, max-snippet:-1, max-image-preview:large, max-video-preview:-1\" \/>\n<link rel=\"canonical\" href=\"https:\/\/www.rememberme-forever.com\/it\/prodotto\/urna-cineraria-funeraria-unica-a-forma-di-cofanetto-per-adulto\/\" \/>\n<meta property=\"og:locale\" content=\"it_IT\" \/>\n<meta property=\"og:type\" content=\"article\" \/>\n<meta property=\"og:title\" content=\"Urna Cineraria Funeraria Unica a Forma di Cofanetto per Adulto\" \/>\n<meta property=\"og:description\" content=\"Se stai cercando un&#039;urna cineraria unica, non devi cercare oltre: su Remember Forever troverai sicuramente il design perfetto per le tue preferenze particolari.\" \/>\n<meta property=\"og:url\" content=\"https:\/\/www.rememberme-forever.com\/it\/prodotto\/urna-cineraria-funeraria-unica-a-forma-di-cofanetto-per-adulto\/\" \/>\n<meta property=\"og:site_name\" content=\"Remember Forever\" \/>\n<meta property=\"article:modified_time\" content=\"2026-02-19T12:32:00+00:00\" \/>\n<meta property=\"og:image\" content=\"http:\/\/www.rememberme-forever.com\/wp-content\/uploads\/2023\/04\/composite-cremation-urn.jpg\" \/>\n\t<meta property=\"og:image:width\" content=\"1007\" \/>\n\t<meta property=\"og:image:height\" content=\"1024\" \/>\n\t<meta property=\"og:image:type\" content=\"image\/jpeg\" \/>\n<meta name=\"twitter:card\" content=\"summary_large_image\" \/>\n<meta name=\"twitter:label1\" content=\"Tempo di lettura stimato\" \/>\n\t<meta name=\"twitter:data1\" content=\"2 minuti\" \/>\n<script type=\"application\/ld+json\" class=\"yoast-schema-graph\">{\"@context\":\"https:\\\/\\\/schema.org\",\"@graph\":[{\"@type\":\"WebPage\",\"@id\":\"https:\\\/\\\/www.rememberme-forever.com\\\/it\\\/prodotto\\\/urna-cineraria-funeraria-unica-a-forma-di-cofanetto-per-adulto\\\/\",\"url\":\"https:\\\/\\\/www.rememberme-forever.com\\\/it\\\/prodotto\\\/urna-cineraria-funeraria-unica-a-forma-di-cofanetto-per-adulto\\\/\",\"name\":\"Urna Cineraria Funeraria Unica a Forma di Cofanetto per Adulto\",\"isPartOf\":{\"@id\":\"https:\\\/\\\/www.rememberme-forever.com\\\/it\\\/#website\"},\"primaryImageOfPage\":{\"@id\":\"https:\\\/\\\/www.rememberme-forever.com\\\/it\\\/prodotto\\\/urna-cineraria-funeraria-unica-a-forma-di-cofanetto-per-adulto\\\/#primaryimage\"},\"image\":{\"@id\":\"https:\\\/\\\/www.rememberme-forever.com\\\/it\\\/prodotto\\\/urna-cineraria-funeraria-unica-a-forma-di-cofanetto-per-adulto\\\/#primaryimage\"},\"thumbnailUrl\":\"https:\\\/\\\/www.rememberme-forever.com\\\/wp-content\\\/uploads\\\/2023\\\/04\\\/composite-cremation-urn.jpg\",\"datePublished\":\"2023-04-11T11:01:48+00:00\",\"dateModified\":\"2026-02-19T12:32:00+00:00\",\"description\":\"Se stai cercando un'urna cineraria unica, non devi cercare oltre: su Remember Forever troverai sicuramente il design perfetto per le tue preferenze particolari.\",\"breadcrumb\":{\"@id\":\"https:\\\/\\\/www.rememberme-forever.com\\\/it\\\/prodotto\\\/urna-cineraria-funeraria-unica-a-forma-di-cofanetto-per-adulto\\\/#breadcrumb\"},\"inLanguage\":\"it-IT\",\"potentialAction\":[{\"@type\":\"ReadAction\",\"target\":[\"https:\\\/\\\/www.rememberme-forever.com\\\/it\\\/prodotto\\\/urna-cineraria-funeraria-unica-a-forma-di-cofanetto-per-adulto\\\/\"]}]},{\"@type\":\"ImageObject\",\"inLanguage\":\"it-IT\",\"@id\":\"https:\\\/\\\/www.rememberme-forever.com\\\/it\\\/prodotto\\\/urna-cineraria-funeraria-unica-a-forma-di-cofanetto-per-adulto\\\/#primaryimage\",\"url\":\"https:\\\/\\\/www.rememberme-forever.com\\\/wp-content\\\/uploads\\\/2023\\\/04\\\/composite-cremation-urn.jpg\",\"contentUrl\":\"https:\\\/\\\/www.rememberme-forever.com\\\/wp-content\\\/uploads\\\/2023\\\/04\\\/composite-cremation-urn.jpg\",\"width\":1007,\"height\":1024,\"caption\":\"urna cineraria in composito\"},{\"@type\":\"BreadcrumbList\",\"@id\":\"https:\\\/\\\/www.rememberme-forever.com\\\/it\\\/prodotto\\\/urna-cineraria-funeraria-unica-a-forma-di-cofanetto-per-adulto\\\/#breadcrumb\",\"itemListElement\":[{\"@type\":\"ListItem\",\"position\":1,\"name\":\"Home\",\"item\":\"https:\\\/\\\/www.rememberme-forever.com\\\/it\\\/home\\\/\"},{\"@type\":\"ListItem\",\"position\":2,\"name\":\"Negozio\",\"item\":\"https:\\\/\\\/www.rememberme-forever.com\\\/it\\\/negozio\\\/\"},{\"@type\":\"ListItem\",\"position\":3,\"name\":\"Urna Cineraria Funeraria Unica a Forma di Cofanetto per Adulto\"}]},{\"@type\":\"WebSite\",\"@id\":\"https:\\\/\\\/www.rememberme-forever.com\\\/it\\\/#website\",\"url\":\"https:\\\/\\\/www.rememberme-forever.com\\\/it\\\/\",\"name\":\"Remember Forever\",\"description\":\"Cremation urns, funeral urns, urns for ashes\",\"publisher\":{\"@id\":\"https:\\\/\\\/www.rememberme-forever.com\\\/it\\\/#organization\"},\"potentialAction\":[{\"@type\":\"SearchAction\",\"target\":{\"@type\":\"EntryPoint\",\"urlTemplate\":\"https:\\\/\\\/www.rememberme-forever.com\\\/it\\\/?s={search_term_string}\"},\"query-input\":{\"@type\":\"PropertyValueSpecification\",\"valueRequired\":true,\"valueName\":\"search_term_string\"}}],\"inLanguage\":\"it-IT\"},{\"@type\":\"Organization\",\"@id\":\"https:\\\/\\\/www.rememberme-forever.com\\\/it\\\/#organization\",\"name\":\"Remember Forever\",\"url\":\"https:\\\/\\\/www.rememberme-forever.com\\\/it\\\/\",\"logo\":{\"@type\":\"ImageObject\",\"inLanguage\":\"it-IT\",\"@id\":\"https:\\\/\\\/www.rememberme-forever.com\\\/it\\\/#\\\/schema\\\/logo\\\/image\\\/\",\"url\":\"https:\\\/\\\/www.rememberme-forever.com\\\/wp-content\\\/uploads\\\/2023\\\/02\\\/logo.png\",\"contentUrl\":\"https:\\\/\\\/www.rememberme-forever.com\\\/wp-content\\\/uploads\\\/2023\\\/02\\\/logo.png\",\"width\":300,\"height\":56,\"caption\":\"Remember Forever\"},\"image\":{\"@id\":\"https:\\\/\\\/www.rememberme-forever.com\\\/it\\\/#\\\/schema\\\/logo\\\/image\\\/\"}}]}<\/script>\n<!-- \/ Yoast SEO plugin. -->","yoast_head_json":{"title":"Urna Cineraria Funeraria Unica a Forma di Cofanetto per Adulto","description":"Se stai cercando un'urna cineraria unica, non devi cercare oltre: su Remember Forever troverai sicuramente il design perfetto per le tue preferenze particolari.","robots":{"index":"index","follow":"follow","max-snippet":"max-snippet:-1","max-image-preview":"max-image-preview:large","max-video-preview":"max-video-preview:-1"},"canonical":"https:\/\/www.rememberme-forever.com\/it\/prodotto\/urna-cineraria-funeraria-unica-a-forma-di-cofanetto-per-adulto\/","og_locale":"it_IT","og_type":"article","og_title":"Urna Cineraria Funeraria Unica a Forma di Cofanetto per Adulto","og_description":"Se stai cercando un'urna cineraria unica, non devi cercare oltre: su Remember Forever troverai sicuramente il design perfetto per le tue preferenze particolari.","og_url":"https:\/\/www.rememberme-forever.com\/it\/prodotto\/urna-cineraria-funeraria-unica-a-forma-di-cofanetto-per-adulto\/","og_site_name":"Remember Forever","article_modified_time":"2026-02-19T12:32:00+00:00","og_image":[{"width":1007,"height":1024,"url":"http:\/\/www.rememberme-forever.com\/wp-content\/uploads\/2023\/04\/composite-cremation-urn.jpg","type":"image\/jpeg"}],"twitter_card":"summary_large_image","twitter_misc":{"Tempo di lettura stimato":"2 minuti"},"schema":{"@context":"https:\/\/schema.org","@graph":[{"@type":"WebPage","@id":"https:\/\/www.rememberme-forever.com\/it\/prodotto\/urna-cineraria-funeraria-unica-a-forma-di-cofanetto-per-adulto\/","url":"https:\/\/www.rememberme-forever.com\/it\/prodotto\/urna-cineraria-funeraria-unica-a-forma-di-cofanetto-per-adulto\/","name":"Urna Cineraria Funeraria Unica a Forma di Cofanetto per Adulto","isPartOf":{"@id":"https:\/\/www.rememberme-forever.com\/it\/#website"},"primaryImageOfPage":{"@id":"https:\/\/www.rememberme-forever.com\/it\/prodotto\/urna-cineraria-funeraria-unica-a-forma-di-cofanetto-per-adulto\/#primaryimage"},"image":{"@id":"https:\/\/www.rememberme-forever.com\/it\/prodotto\/urna-cineraria-funeraria-unica-a-forma-di-cofanetto-per-adulto\/#primaryimage"},"thumbnailUrl":"https:\/\/www.rememberme-forever.com\/wp-content\/uploads\/2023\/04\/composite-cremation-urn.jpg","datePublished":"2023-04-11T11:01:48+00:00","dateModified":"2026-02-19T12:32:00+00:00","description":"Se stai cercando un'urna cineraria unica, non devi cercare oltre: su Remember Forever troverai sicuramente il design perfetto per le tue preferenze particolari.","breadcrumb":{"@id":"https:\/\/www.rememberme-forever.com\/it\/prodotto\/urna-cineraria-funeraria-unica-a-forma-di-cofanetto-per-adulto\/#breadcrumb"},"inLanguage":"it-IT","potentialAction":[{"@type":"ReadAction","target":["https:\/\/www.rememberme-forever.com\/it\/prodotto\/urna-cineraria-funeraria-unica-a-forma-di-cofanetto-per-adulto\/"]}]},{"@type":"ImageObject","inLanguage":"it-IT","@id":"https:\/\/www.rememberme-forever.com\/it\/prodotto\/urna-cineraria-funeraria-unica-a-forma-di-cofanetto-per-adulto\/#primaryimage","url":"https:\/\/www.rememberme-forever.com\/wp-content\/uploads\/2023\/04\/composite-cremation-urn.jpg","contentUrl":"https:\/\/www.rememberme-forever.com\/wp-content\/uploads\/2023\/04\/composite-cremation-urn.jpg","width":1007,"height":1024,"caption":"urna cineraria in composito"},{"@type":"BreadcrumbList","@id":"https:\/\/www.rememberme-forever.com\/it\/prodotto\/urna-cineraria-funeraria-unica-a-forma-di-cofanetto-per-adulto\/#breadcrumb","itemListElement":[{"@type":"ListItem","position":1,"name":"Home","item":"https:\/\/www.rememberme-forever.com\/it\/home\/"},{"@type":"ListItem","position":2,"name":"Negozio","item":"https:\/\/www.rememberme-forever.com\/it\/negozio\/"},{"@type":"ListItem","position":3,"name":"Urna Cineraria Funeraria Unica a Forma di Cofanetto per Adulto"}]},{"@type":"WebSite","@id":"https:\/\/www.rememberme-forever.com\/it\/#website","url":"https:\/\/www.rememberme-forever.com\/it\/","name":"Remember Forever","description":"Cremation urns, funeral urns, urns for ashes","publisher":{"@id":"https:\/\/www.rememberme-forever.com\/it\/#organization"},"potentialAction":[{"@type":"SearchAction","target":{"@type":"EntryPoint","urlTemplate":"https:\/\/www.rememberme-forever.com\/it\/?s={search_term_string}"},"query-input":{"@type":"PropertyValueSpecification","valueRequired":true,"valueName":"search_term_string"}}],"inLanguage":"it-IT"},{"@type":"Organization","@id":"https:\/\/www.rememberme-forever.com\/it\/#organization","name":"Remember Forever","url":"https:\/\/www.rememberme-forever.com\/it\/","logo":{"@type":"ImageObject","inLanguage":"it-IT","@id":"https:\/\/www.rememberme-forever.com\/it\/#\/schema\/logo\/image\/","url":"https:\/\/www.rememberme-forever.com\/wp-content\/uploads\/2023\/02\/logo.png","contentUrl":"https:\/\/www.rememberme-forever.com\/wp-content\/uploads\/2023\/02\/logo.png","width":300,"height":56,"caption":"Remember Forever"},"image":{"@id":"https:\/\/www.rememberme-forever.com\/it\/#\/schema\/logo\/image\/"}}]}},"acf":[],"_links":{"self":[{"href":"https:\/\/www.rememberme-forever.com\/it\/wp-json\/wp\/v2\/product\/25365","targetHints":{"allow":["GET"]}}],"collection":[{"href":"https:\/\/www.rememberme-forever.com\/it\/wp-json\/wp\/v2\/product"}],"about":[{"href":"https:\/\/www.rememberme-forever.com\/it\/wp-json\/wp\/v2\/types\/product"}],"wp:featuredmedia":[{"embeddable":true,"href":"https:\/\/www.rememberme-forever.com\/it\/wp-json\/wp\/v2\/media\/25364"}],"wp:attachment":[{"href":"https:\/\/www.rememberme-forever.com\/it\/wp-json\/wp\/v2\/media?parent=25365"}],"wp:term":[{"taxonomy":"product_brand","embeddable":true,"href":"https:\/\/www.rememberme-forever.com\/it\/wp-json\/wp\/v2\/product_brand?post=25365"},{"taxonomy":"product_cat","embeddable":true,"href":"https:\/\/www.rememberme-forever.com\/it\/wp-json\/wp\/v2\/product_cat?post=25365"},{"taxonomy":"product_tag","embeddable":true,"href":"https:\/\/www.rememberme-forever.com\/it\/wp-json\/wp\/v2\/product_tag?post=25365"}],"curies":[{"name":"wp","href":"https:\/\/api.w.org\/{rel}","templated":true}]}}