{"id":25448,"date":"2023-04-12T09:44:22","date_gmt":"2023-04-12T07:44:22","guid":{"rendered":"https:\/\/www.rememberme-forever.com\/product\/urna-rustica-nera-effetto-craquele-urna-dipinta-a-decoupage\/"},"modified":"2026-02-19T14:29:32","modified_gmt":"2026-02-19T13:29:32","slug":"urna-rustica-nera-effetto-craquele-urna-dipinta-a-decoupage","status":"publish","type":"product","link":"https:\/\/www.rememberme-forever.com\/it\/prodotto\/urna-rustica-nera-effetto-craquele-urna-dipinta-a-decoupage\/","title":{"rendered":"Urna rustica nera effetto craquel\u00e9, urna dipinta a decoupage"},"content":{"rendered":"<div style=\"width: 100%; margin-bottom: 40px; height: max-content; padding-bottom: 60%; position: relative;\"><iframe style=\"position: absolute; top: 0; left: 0; width: 100%; height: 100%;\" src=\"https:\/\/rememberme-urns.com\/black-artistic-metal-urn\/\" frameborder=\"0\"><\/iframe><\/div>\n<div style=\"color: red; text-align: center; margin-bottom: 25px;\">\n<p>&gt;&gt; Foto rotante &#8211; tocca\/ingrandisci &lt;&lt;<\/p>\n<\/div>\n<h2 style=\"text-align: center;\">Urna rustica nera effetto craquel\u00e9<\/h2>\n<p style=\"text-align: center;\">Questa <strong>urna rustica nera<\/strong> cineraria \u00e8 un modo intramontabile ed elegante per onorare la memoria del tuo caro. Realizzata con eccezionale cura per i dettagli, l&#8217;effetto craquel\u00e9 naturale le conferisce un carattere unico e ne accresce il fascino rustico.<\/p>\n<p style=\"text-align: center;\">L&#8217;urna con design dipinto a decoupage \u00e8 un luogo di riposo eterno splendido. Ogni pezzo \u00e8 unico, rendendolo un tributo speciale quanto la persona che commemora.<\/p>\n<p style=\"text-align: center;\">L&#8217;apertura superiore permette un facile accesso alle ceneri, e la targa commemorativa sul coperchio \u00e8 il posto perfetto per un messaggio sentito o il nome del tuo caro. Il coperchio \u00e8 sicuro, garantendo protezione alle ceneri.<\/p>\n<p style=\"text-align: center;\">Tenendo questa urna, puoi sentire l&#8217;amore e la cura con cui \u00e8 stata creata. \u00c8 un tributo bellissimo ed emozionante a una vita ben vissuta, un ricordo che il tuo caro sar\u00e0 sempre con te nello spirito. Custodisci la sua memoria con questa splendida urna rustica nera e lascia che serva da ricordo duraturo del suo amore, della sua luce e della sua eredit\u00e0.<\/p>\n<p style=\"text-align: center;\"><em><strong>Questo \u00e8 un prodotto dipinto a mano, l&#8217;aspetto potrebbe essere leggermente diverso.<\/strong><\/em><\/p>\n<p>&nbsp;<\/p>\n<h3 style=\"text-align: center;\"><strong>PERSONALIZZAZIONE<\/strong><\/h3>\n<p style=\"text-align: center;\">Se scegli una targa personalizzata, inserisci il testo nel riquadro di personalizzazione del prodotto.<\/p>\n<p style=\"text-align: center;\">La targa commemorativa personalizzata deve essere personalizzata al momento dell&#8217;ordine. (Non preoccuparti se non la trovi, puoi sempre inviarci un messaggio in seguito.)<\/p>\n<p style=\"text-align: center;\">Si prega di LEGGERE attentamente il testo per l&#8217;incisione prima di aggiungere l&#8217;articolo al carrello. Copiamo e incidiamo esattamente le informazioni che riceviamo con l&#8217;ordine e non apportiamo alcuna modifica.<\/p>\n<p style=\"text-align: center;\"><strong>Si prega di rivedere il testo per assicurarsi che l&#8217;ortografia sia corretta.<\/strong><\/p>\n<p><img loading=\"lazy\" decoding=\"async\" class=\" wp-image-1609 aligncenter\" src=\"http:\/\/www.rememberme-forever.com\/wp-content\/uploads\/2023\/04\/personalized-black-ashes-urn-295x300.jpg\" alt=\"urna cineraria nera personalizzata\" width=\"187\" height=\"190\" srcset=\"https:\/\/www.rememberme-forever.com\/wp-content\/uploads\/2023\/04\/personalized-black-ashes-urn-295x300.jpg 295w, https:\/\/www.rememberme-forever.com\/wp-content\/uploads\/2023\/04\/personalized-black-ashes-urn-600x610.jpg 600w, https:\/\/www.rememberme-forever.com\/wp-content\/uploads\/2023\/04\/personalized-black-ashes-urn-64x65.jpg 64w, https:\/\/www.rememberme-forever.com\/wp-content\/uploads\/2023\/04\/personalized-black-ashes-urn.jpg 768w\" sizes=\"auto, (max-width: 187px) 100vw, 187px\" \/><\/p>\n","protected":false},"excerpt":{"rendered":"<p>Pittura effetto crepato &#8211; effetto visivo molto originale, con uno <strong>stile urna &#8220;antico&#8221;.<\/strong><\/p>\n<p><em><strong>Adatta per peso corporeo circa 118 kg <\/strong><\/em><\/p>\n","protected":false},"featured_media":25445,"template":"","meta":{"_acf_changed":false},"product_brand":[],"product_cat":[2473,2482],"product_tag":[3339],"class_list":{"0":"post-25448","1":"product","2":"type-product","3":"status-publish","4":"has-post-thumbnail","6":"product_cat-urne-artistiche","7":"product_cat-urne-di-metallo","8":"product_tag-gpsr-metal-urns","9":"product_shipping_class-1-2-kg-it","11":"first","12":"instock","13":"taxable","14":"shipping-taxable","15":"purchasable","16":"product-type-variable"},"yoast_head":"<!-- This site is optimized with the Yoast SEO plugin v27.4 - https:\/\/yoast.com\/product\/yoast-seo-wordpress\/ -->\n<title>Urna rustica nera effetto craquel\u00e9, urna dipinta a decoupage<\/title>\n<meta name=\"description\" content=\"Questa urna cineraria rustica nera \u00e8 un modo intramontabile ed elegante per onorare la memoria del tuo caro. Un&#039;urna per cremazione unica dipinta a decoupage.\" \/>\n<meta name=\"robots\" content=\"index, follow, max-snippet:-1, max-image-preview:large, max-video-preview:-1\" \/>\n<link rel=\"canonical\" href=\"https:\/\/www.rememberme-forever.com\/it\/prodotto\/urna-rustica-nera-effetto-craquele-urna-dipinta-a-decoupage\/\" \/>\n<meta property=\"og:locale\" content=\"it_IT\" \/>\n<meta property=\"og:type\" content=\"article\" \/>\n<meta property=\"og:title\" content=\"Urna rustica nera effetto craquel\u00e9, urna dipinta a decoupage\" \/>\n<meta property=\"og:description\" content=\"Questa urna cineraria rustica nera \u00e8 un modo intramontabile ed elegante per onorare la memoria del tuo caro. Un&#039;urna per cremazione unica dipinta a decoupage.\" \/>\n<meta property=\"og:url\" content=\"https:\/\/www.rememberme-forever.com\/it\/prodotto\/urna-rustica-nera-effetto-craquele-urna-dipinta-a-decoupage\/\" \/>\n<meta property=\"og:site_name\" content=\"Remember Forever\" \/>\n<meta property=\"article:modified_time\" content=\"2026-02-19T13:29:32+00:00\" \/>\n<meta property=\"og:image\" content=\"http:\/\/www.rememberme-forever.com\/wp-content\/uploads\/2023\/04\/black-rustic-urn-cracked.jpg\" \/>\n\t<meta property=\"og:image:width\" content=\"768\" \/>\n\t<meta property=\"og:image:height\" content=\"768\" \/>\n\t<meta property=\"og:image:type\" content=\"image\/jpeg\" \/>\n<meta name=\"twitter:card\" content=\"summary_large_image\" \/>\n<meta name=\"twitter:label1\" content=\"Tempo di lettura stimato\" \/>\n\t<meta name=\"twitter:data1\" content=\"2 minuti\" \/>\n<script type=\"application\/ld+json\" class=\"yoast-schema-graph\">{\"@context\":\"https:\\\/\\\/schema.org\",\"@graph\":[{\"@type\":\"WebPage\",\"@id\":\"https:\\\/\\\/www.rememberme-forever.com\\\/it\\\/prodotto\\\/urna-rustica-nera-effetto-craquele-urna-dipinta-a-decoupage\\\/\",\"url\":\"https:\\\/\\\/www.rememberme-forever.com\\\/it\\\/prodotto\\\/urna-rustica-nera-effetto-craquele-urna-dipinta-a-decoupage\\\/\",\"name\":\"Urna rustica nera effetto craquel\u00e9, urna dipinta a decoupage\",\"isPartOf\":{\"@id\":\"https:\\\/\\\/www.rememberme-forever.com\\\/it\\\/#website\"},\"primaryImageOfPage\":{\"@id\":\"https:\\\/\\\/www.rememberme-forever.com\\\/it\\\/prodotto\\\/urna-rustica-nera-effetto-craquele-urna-dipinta-a-decoupage\\\/#primaryimage\"},\"image\":{\"@id\":\"https:\\\/\\\/www.rememberme-forever.com\\\/it\\\/prodotto\\\/urna-rustica-nera-effetto-craquele-urna-dipinta-a-decoupage\\\/#primaryimage\"},\"thumbnailUrl\":\"https:\\\/\\\/www.rememberme-forever.com\\\/wp-content\\\/uploads\\\/2023\\\/04\\\/black-rustic-urn-cracked.jpg\",\"datePublished\":\"2023-04-12T07:44:22+00:00\",\"dateModified\":\"2026-02-19T13:29:32+00:00\",\"description\":\"Questa urna cineraria rustica nera \u00e8 un modo intramontabile ed elegante per onorare la memoria del tuo caro. Un'urna per cremazione unica dipinta a decoupage.\",\"breadcrumb\":{\"@id\":\"https:\\\/\\\/www.rememberme-forever.com\\\/it\\\/prodotto\\\/urna-rustica-nera-effetto-craquele-urna-dipinta-a-decoupage\\\/#breadcrumb\"},\"inLanguage\":\"it-IT\",\"potentialAction\":[{\"@type\":\"ReadAction\",\"target\":[\"https:\\\/\\\/www.rememberme-forever.com\\\/it\\\/prodotto\\\/urna-rustica-nera-effetto-craquele-urna-dipinta-a-decoupage\\\/\"]}]},{\"@type\":\"ImageObject\",\"inLanguage\":\"it-IT\",\"@id\":\"https:\\\/\\\/www.rememberme-forever.com\\\/it\\\/prodotto\\\/urna-rustica-nera-effetto-craquele-urna-dipinta-a-decoupage\\\/#primaryimage\",\"url\":\"https:\\\/\\\/www.rememberme-forever.com\\\/wp-content\\\/uploads\\\/2023\\\/04\\\/black-rustic-urn-cracked.jpg\",\"contentUrl\":\"https:\\\/\\\/www.rememberme-forever.com\\\/wp-content\\\/uploads\\\/2023\\\/04\\\/black-rustic-urn-cracked.jpg\",\"width\":768,\"height\":768,\"caption\":\"urna rustica nera effetto craquel\u00e9\"},{\"@type\":\"BreadcrumbList\",\"@id\":\"https:\\\/\\\/www.rememberme-forever.com\\\/it\\\/prodotto\\\/urna-rustica-nera-effetto-craquele-urna-dipinta-a-decoupage\\\/#breadcrumb\",\"itemListElement\":[{\"@type\":\"ListItem\",\"position\":1,\"name\":\"Home\",\"item\":\"https:\\\/\\\/www.rememberme-forever.com\\\/it\\\/home\\\/\"},{\"@type\":\"ListItem\",\"position\":2,\"name\":\"Negozio\",\"item\":\"https:\\\/\\\/www.rememberme-forever.com\\\/it\\\/negozio\\\/\"},{\"@type\":\"ListItem\",\"position\":3,\"name\":\"Urna rustica nera effetto craquel\u00e9, urna dipinta a decoupage\"}]},{\"@type\":\"WebSite\",\"@id\":\"https:\\\/\\\/www.rememberme-forever.com\\\/it\\\/#website\",\"url\":\"https:\\\/\\\/www.rememberme-forever.com\\\/it\\\/\",\"name\":\"Remember Forever\",\"description\":\"Cremation urns, funeral urns, urns for ashes\",\"publisher\":{\"@id\":\"https:\\\/\\\/www.rememberme-forever.com\\\/it\\\/#organization\"},\"potentialAction\":[{\"@type\":\"SearchAction\",\"target\":{\"@type\":\"EntryPoint\",\"urlTemplate\":\"https:\\\/\\\/www.rememberme-forever.com\\\/it\\\/?s={search_term_string}\"},\"query-input\":{\"@type\":\"PropertyValueSpecification\",\"valueRequired\":true,\"valueName\":\"search_term_string\"}}],\"inLanguage\":\"it-IT\"},{\"@type\":\"Organization\",\"@id\":\"https:\\\/\\\/www.rememberme-forever.com\\\/it\\\/#organization\",\"name\":\"Remember Forever\",\"url\":\"https:\\\/\\\/www.rememberme-forever.com\\\/it\\\/\",\"logo\":{\"@type\":\"ImageObject\",\"inLanguage\":\"it-IT\",\"@id\":\"https:\\\/\\\/www.rememberme-forever.com\\\/it\\\/#\\\/schema\\\/logo\\\/image\\\/\",\"url\":\"https:\\\/\\\/www.rememberme-forever.com\\\/wp-content\\\/uploads\\\/2023\\\/02\\\/logo.png\",\"contentUrl\":\"https:\\\/\\\/www.rememberme-forever.com\\\/wp-content\\\/uploads\\\/2023\\\/02\\\/logo.png\",\"width\":300,\"height\":56,\"caption\":\"Remember Forever\"},\"image\":{\"@id\":\"https:\\\/\\\/www.rememberme-forever.com\\\/it\\\/#\\\/schema\\\/logo\\\/image\\\/\"}}]}<\/script>\n<!-- \/ Yoast SEO plugin. -->","yoast_head_json":{"title":"Urna rustica nera effetto craquel\u00e9, urna dipinta a decoupage","description":"Questa urna cineraria rustica nera \u00e8 un modo intramontabile ed elegante per onorare la memoria del tuo caro. Un'urna per cremazione unica dipinta a decoupage.","robots":{"index":"index","follow":"follow","max-snippet":"max-snippet:-1","max-image-preview":"max-image-preview:large","max-video-preview":"max-video-preview:-1"},"canonical":"https:\/\/www.rememberme-forever.com\/it\/prodotto\/urna-rustica-nera-effetto-craquele-urna-dipinta-a-decoupage\/","og_locale":"it_IT","og_type":"article","og_title":"Urna rustica nera effetto craquel\u00e9, urna dipinta a decoupage","og_description":"Questa urna cineraria rustica nera \u00e8 un modo intramontabile ed elegante per onorare la memoria del tuo caro. Un'urna per cremazione unica dipinta a decoupage.","og_url":"https:\/\/www.rememberme-forever.com\/it\/prodotto\/urna-rustica-nera-effetto-craquele-urna-dipinta-a-decoupage\/","og_site_name":"Remember Forever","article_modified_time":"2026-02-19T13:29:32+00:00","og_image":[{"width":768,"height":768,"url":"http:\/\/www.rememberme-forever.com\/wp-content\/uploads\/2023\/04\/black-rustic-urn-cracked.jpg","type":"image\/jpeg"}],"twitter_card":"summary_large_image","twitter_misc":{"Tempo di lettura stimato":"2 minuti"},"schema":{"@context":"https:\/\/schema.org","@graph":[{"@type":"WebPage","@id":"https:\/\/www.rememberme-forever.com\/it\/prodotto\/urna-rustica-nera-effetto-craquele-urna-dipinta-a-decoupage\/","url":"https:\/\/www.rememberme-forever.com\/it\/prodotto\/urna-rustica-nera-effetto-craquele-urna-dipinta-a-decoupage\/","name":"Urna rustica nera effetto craquel\u00e9, urna dipinta a decoupage","isPartOf":{"@id":"https:\/\/www.rememberme-forever.com\/it\/#website"},"primaryImageOfPage":{"@id":"https:\/\/www.rememberme-forever.com\/it\/prodotto\/urna-rustica-nera-effetto-craquele-urna-dipinta-a-decoupage\/#primaryimage"},"image":{"@id":"https:\/\/www.rememberme-forever.com\/it\/prodotto\/urna-rustica-nera-effetto-craquele-urna-dipinta-a-decoupage\/#primaryimage"},"thumbnailUrl":"https:\/\/www.rememberme-forever.com\/wp-content\/uploads\/2023\/04\/black-rustic-urn-cracked.jpg","datePublished":"2023-04-12T07:44:22+00:00","dateModified":"2026-02-19T13:29:32+00:00","description":"Questa urna cineraria rustica nera \u00e8 un modo intramontabile ed elegante per onorare la memoria del tuo caro. Un'urna per cremazione unica dipinta a decoupage.","breadcrumb":{"@id":"https:\/\/www.rememberme-forever.com\/it\/prodotto\/urna-rustica-nera-effetto-craquele-urna-dipinta-a-decoupage\/#breadcrumb"},"inLanguage":"it-IT","potentialAction":[{"@type":"ReadAction","target":["https:\/\/www.rememberme-forever.com\/it\/prodotto\/urna-rustica-nera-effetto-craquele-urna-dipinta-a-decoupage\/"]}]},{"@type":"ImageObject","inLanguage":"it-IT","@id":"https:\/\/www.rememberme-forever.com\/it\/prodotto\/urna-rustica-nera-effetto-craquele-urna-dipinta-a-decoupage\/#primaryimage","url":"https:\/\/www.rememberme-forever.com\/wp-content\/uploads\/2023\/04\/black-rustic-urn-cracked.jpg","contentUrl":"https:\/\/www.rememberme-forever.com\/wp-content\/uploads\/2023\/04\/black-rustic-urn-cracked.jpg","width":768,"height":768,"caption":"urna rustica nera effetto craquel\u00e9"},{"@type":"BreadcrumbList","@id":"https:\/\/www.rememberme-forever.com\/it\/prodotto\/urna-rustica-nera-effetto-craquele-urna-dipinta-a-decoupage\/#breadcrumb","itemListElement":[{"@type":"ListItem","position":1,"name":"Home","item":"https:\/\/www.rememberme-forever.com\/it\/home\/"},{"@type":"ListItem","position":2,"name":"Negozio","item":"https:\/\/www.rememberme-forever.com\/it\/negozio\/"},{"@type":"ListItem","position":3,"name":"Urna rustica nera effetto craquel\u00e9, urna dipinta a decoupage"}]},{"@type":"WebSite","@id":"https:\/\/www.rememberme-forever.com\/it\/#website","url":"https:\/\/www.rememberme-forever.com\/it\/","name":"Remember Forever","description":"Cremation urns, funeral urns, urns for ashes","publisher":{"@id":"https:\/\/www.rememberme-forever.com\/it\/#organization"},"potentialAction":[{"@type":"SearchAction","target":{"@type":"EntryPoint","urlTemplate":"https:\/\/www.rememberme-forever.com\/it\/?s={search_term_string}"},"query-input":{"@type":"PropertyValueSpecification","valueRequired":true,"valueName":"search_term_string"}}],"inLanguage":"it-IT"},{"@type":"Organization","@id":"https:\/\/www.rememberme-forever.com\/it\/#organization","name":"Remember Forever","url":"https:\/\/www.rememberme-forever.com\/it\/","logo":{"@type":"ImageObject","inLanguage":"it-IT","@id":"https:\/\/www.rememberme-forever.com\/it\/#\/schema\/logo\/image\/","url":"https:\/\/www.rememberme-forever.com\/wp-content\/uploads\/2023\/02\/logo.png","contentUrl":"https:\/\/www.rememberme-forever.com\/wp-content\/uploads\/2023\/02\/logo.png","width":300,"height":56,"caption":"Remember Forever"},"image":{"@id":"https:\/\/www.rememberme-forever.com\/it\/#\/schema\/logo\/image\/"}}]}},"acf":[],"_links":{"self":[{"href":"https:\/\/www.rememberme-forever.com\/it\/wp-json\/wp\/v2\/product\/25448","targetHints":{"allow":["GET"]}}],"collection":[{"href":"https:\/\/www.rememberme-forever.com\/it\/wp-json\/wp\/v2\/product"}],"about":[{"href":"https:\/\/www.rememberme-forever.com\/it\/wp-json\/wp\/v2\/types\/product"}],"wp:featuredmedia":[{"embeddable":true,"href":"https:\/\/www.rememberme-forever.com\/it\/wp-json\/wp\/v2\/media\/25445"}],"wp:attachment":[{"href":"https:\/\/www.rememberme-forever.com\/it\/wp-json\/wp\/v2\/media?parent=25448"}],"wp:term":[{"taxonomy":"product_brand","embeddable":true,"href":"https:\/\/www.rememberme-forever.com\/it\/wp-json\/wp\/v2\/product_brand?post=25448"},{"taxonomy":"product_cat","embeddable":true,"href":"https:\/\/www.rememberme-forever.com\/it\/wp-json\/wp\/v2\/product_cat?post=25448"},{"taxonomy":"product_tag","embeddable":true,"href":"https:\/\/www.rememberme-forever.com\/it\/wp-json\/wp\/v2\/product_tag?post=25448"}],"curies":[{"name":"wp","href":"https:\/\/api.w.org\/{rel}","templated":true}]}}