{"id":25736,"date":"2023-04-13T09:30:22","date_gmt":"2023-04-13T07:30:22","guid":{"rendered":"https:\/\/www.rememberme-forever.com\/product\/urna-cineraria-doppia-baby-yoda\/"},"modified":"2026-02-20T09:47:51","modified_gmt":"2026-02-20T08:47:51","slug":"urna-cineraria-doppia-baby-yoda","status":"publish","type":"product","link":"https:\/\/www.rememberme-forever.com\/it\/prodotto\/urna-cineraria-doppia-baby-yoda\/","title":{"rendered":"Urna cineraria doppia Baby Yoda"},"content":{"rendered":"<h2 style=\"text-align: center;\">Urna cineraria doppia Baby Yoda.<\/h2>\n<p style=\"text-align: center;\">Ti presentiamo la nostra esclusiva <strong>Urna cineraria doppia Baby Yoda<\/strong>, una splendida sfera in acciaio inox che funge da dimora finale per le ceneri di due amati fan di Star Wars. Questa bellissima urna \u00e8 un degno tributo a due vite ben vissute e presenta una statuina di Baby Yoda che svetta fiera su una base di marmo levigato, completa di targa commemorativa personalizzata.<\/p>\n<p style=\"text-align: center;\">Realizzata con cura, questa urna resistente e antiruggine \u00e8 perfetta per custodire le ceneri di due persone care in totale sicurezza. La statuina di Baby Yoda \u00e8 rifinita nei minimi dettagli, catturando ogni ruga ed espressione dell&#8217;iconico personaggio. La base in marmo \u00e8 lucidata per una finitura liscia, aggiungendo un tocco elegante al design.<\/p>\n<p style=\"text-align: center;\">La targa personalizzata ti permette di commemorare i tuoi cari con un messaggio sincero o una citazione speciale, assicurando che il loro ricordo viva per sempre. Questa urna unica \u00e8 un degno tributo a due fan di Star Wars appassionati della saga e l&#8217;uno dell&#8217;altra, e servir\u00e0 come costante promemoria dell&#8217;amore e della gioia che hanno portato nel mondo.<\/p>\n<p style=\"text-align: center;\">Che sia esposta su una mensola o riposta in un luogo speciale, questa urna \u00e8 un ricordo bellissimo e senza tempo da custodire negli anni. L&#8217;Urna cineraria doppia Baby Yoda \u00e8 un modo unico e significativo per onorare la vita e l&#8217;eredit\u00e0 di due amati fan di Star Wars, un degno tributo alla Forza che hanno incarnato per tutta la vita.<\/p>\n<p style=\"text-align: center;\"><em><strong>Che la forza sia con voi!<\/strong><\/em><\/p>\n<p>&nbsp;<\/p>\n<p>&nbsp;<\/p>\n<h3 style=\"text-align: center;\"><strong>PERSONALIZZAZIONE<\/strong><\/h3>\n<p style=\"text-align: center;\">Invia il testo nel riquadro di personalizzazione del prodotto.<\/p>\n<p style=\"text-align: center;\">La targa commemorativa personalizzata deve essere personalizzata al momento dell&#8217;ordine. (Non preoccuparti se non la trovi, puoi sempre inviarci un messaggio in seguito.)<\/p>\n<p style=\"text-align: center;\">Si prega di LEGGERE attentamente il testo per l&#8217;incisione prima di aggiungere l&#8217;articolo al carrello. Copiamo e incidiamo esattamente le informazioni che riceviamo con l&#8217;ordine e non apportiamo alcuna modifica.<\/p>\n<p style=\"text-align: center;\"><strong>Si prega di rivedere il testo per assicurarsi che l&#8217;ortografia sia corretta.<\/strong><\/p>\n<p><img loading=\"lazy\" decoding=\"async\" class=\"wp-image-1449 aligncenter\" src=\"http:\/\/www.rememberme-forever.com\/wp-content\/uploads\/2023\/04\/memorial-plaque-cremation-urn-silver-300x153.jpg\" alt=\"Urna cineraria con targa commemorativa in argento\" width=\"245\" height=\"125\" srcset=\"https:\/\/www.rememberme-forever.com\/wp-content\/uploads\/2023\/04\/memorial-plaque-cremation-urn-silver-300x153.jpg 300w, https:\/\/www.rememberme-forever.com\/wp-content\/uploads\/2023\/04\/memorial-plaque-cremation-urn-silver-64x33.jpg 64w, https:\/\/www.rememberme-forever.com\/wp-content\/uploads\/2023\/04\/memorial-plaque-cremation-urn-silver.jpg 448w\" sizes=\"auto, (max-width: 245px) 100vw, 245px\" \/><\/p>\n","protected":false},"excerpt":{"rendered":"<p>Urna per ceneri unica per gli amanti di Star Wars.<\/p>\n<p>Questa urna in acciaio inox pu\u00f2 essere utilizzata per una persona adulta o per le ceneri di due persone.<\/p>\n<p>\u2705 Questa urna non \u00e8 adatta all&#8217;esterno. Scopri le nostre <a href=\"https:\/\/www.rememberme-forever.com\/it\/categoria-prodotto\/urne-da-esterno\/\" target=\"_blank\" rel=\"noopener\"><strong>urne per esterni. &gt;&gt;<\/strong><\/a><\/p>\n","protected":false},"featured_media":25731,"template":"","meta":{"_acf_changed":false},"product_brand":[],"product_cat":[2487,2486,2477,2482],"product_tag":[3346],"class_list":{"0":"post-25736","1":"product","2":"type-product","3":"status-publish","4":"has-post-thumbnail","6":"product_cat-tutte-le-altre-urne","7":"product_cat-urne-a-tema","8":"product_cat-urne-di-accompagnamento","9":"product_cat-urne-di-metallo","10":"product_tag-gpsr-metal_stonebase","11":"product_shipping_class-2-4kg-it","13":"first","14":"instock","15":"taxable","16":"shipping-taxable","17":"purchasable","18":"product-type-simple"},"yoast_head":"<!-- This site is optimized with the Yoast SEO plugin v27.4 - https:\/\/yoast.com\/product\/yoast-seo-wordpress\/ -->\n<title>Urna cineraria doppia Baby Yoda<\/title>\n<meta name=\"description\" content=\"Urna cineraria doppia Baby Yoda, una splendida sfera in acciaio inox che funge da dimora finale per le ceneri di due amati fan di Star Wars.\" \/>\n<meta name=\"robots\" content=\"index, follow, max-snippet:-1, max-image-preview:large, max-video-preview:-1\" \/>\n<link rel=\"canonical\" href=\"https:\/\/www.rememberme-forever.com\/it\/prodotto\/urna-cineraria-doppia-baby-yoda\/\" \/>\n<meta property=\"og:locale\" content=\"it_IT\" \/>\n<meta property=\"og:type\" content=\"article\" \/>\n<meta property=\"og:title\" content=\"Urna cineraria doppia Baby Yoda\" \/>\n<meta property=\"og:description\" content=\"Urna cineraria doppia Baby Yoda, una splendida sfera in acciaio inox che funge da dimora finale per le ceneri di due amati fan di Star Wars.\" \/>\n<meta property=\"og:url\" content=\"https:\/\/www.rememberme-forever.com\/it\/prodotto\/urna-cineraria-doppia-baby-yoda\/\" \/>\n<meta property=\"og:site_name\" content=\"Remember Forever\" \/>\n<meta property=\"article:modified_time\" content=\"2026-02-20T08:47:51+00:00\" \/>\n<meta property=\"og:image\" content=\"http:\/\/www.rememberme-forever.com\/wp-content\/uploads\/2023\/04\/baby-yoda-companion-urn-1.jpg\" \/>\n\t<meta property=\"og:image:width\" content=\"768\" \/>\n\t<meta property=\"og:image:height\" content=\"768\" \/>\n\t<meta property=\"og:image:type\" content=\"image\/jpeg\" \/>\n<meta name=\"twitter:card\" content=\"summary_large_image\" \/>\n<meta name=\"twitter:label1\" content=\"Tempo di lettura stimato\" \/>\n\t<meta name=\"twitter:data1\" content=\"2 minuti\" \/>\n<script type=\"application\/ld+json\" class=\"yoast-schema-graph\">{\"@context\":\"https:\\\/\\\/schema.org\",\"@graph\":[{\"@type\":\"WebPage\",\"@id\":\"https:\\\/\\\/www.rememberme-forever.com\\\/it\\\/prodotto\\\/urna-cineraria-doppia-baby-yoda\\\/\",\"url\":\"https:\\\/\\\/www.rememberme-forever.com\\\/it\\\/prodotto\\\/urna-cineraria-doppia-baby-yoda\\\/\",\"name\":\"Urna cineraria doppia Baby Yoda\",\"isPartOf\":{\"@id\":\"https:\\\/\\\/www.rememberme-forever.com\\\/it\\\/#website\"},\"primaryImageOfPage\":{\"@id\":\"https:\\\/\\\/www.rememberme-forever.com\\\/it\\\/prodotto\\\/urna-cineraria-doppia-baby-yoda\\\/#primaryimage\"},\"image\":{\"@id\":\"https:\\\/\\\/www.rememberme-forever.com\\\/it\\\/prodotto\\\/urna-cineraria-doppia-baby-yoda\\\/#primaryimage\"},\"thumbnailUrl\":\"https:\\\/\\\/www.rememberme-forever.com\\\/wp-content\\\/uploads\\\/2023\\\/04\\\/baby-yoda-companion-urn-1.jpg\",\"datePublished\":\"2023-04-13T07:30:22+00:00\",\"dateModified\":\"2026-02-20T08:47:51+00:00\",\"description\":\"Urna cineraria doppia Baby Yoda, una splendida sfera in acciaio inox che funge da dimora finale per le ceneri di due amati fan di Star Wars.\",\"breadcrumb\":{\"@id\":\"https:\\\/\\\/www.rememberme-forever.com\\\/it\\\/prodotto\\\/urna-cineraria-doppia-baby-yoda\\\/#breadcrumb\"},\"inLanguage\":\"it-IT\",\"potentialAction\":[{\"@type\":\"ReadAction\",\"target\":[\"https:\\\/\\\/www.rememberme-forever.com\\\/it\\\/prodotto\\\/urna-cineraria-doppia-baby-yoda\\\/\"]}]},{\"@type\":\"ImageObject\",\"inLanguage\":\"it-IT\",\"@id\":\"https:\\\/\\\/www.rememberme-forever.com\\\/it\\\/prodotto\\\/urna-cineraria-doppia-baby-yoda\\\/#primaryimage\",\"url\":\"https:\\\/\\\/www.rememberme-forever.com\\\/wp-content\\\/uploads\\\/2023\\\/04\\\/baby-yoda-companion-urn-1.jpg\",\"contentUrl\":\"https:\\\/\\\/www.rememberme-forever.com\\\/wp-content\\\/uploads\\\/2023\\\/04\\\/baby-yoda-companion-urn-1.jpg\",\"width\":768,\"height\":768,\"caption\":\"urna cineraria doppia baby yoda\"},{\"@type\":\"BreadcrumbList\",\"@id\":\"https:\\\/\\\/www.rememberme-forever.com\\\/it\\\/prodotto\\\/urna-cineraria-doppia-baby-yoda\\\/#breadcrumb\",\"itemListElement\":[{\"@type\":\"ListItem\",\"position\":1,\"name\":\"Home\",\"item\":\"https:\\\/\\\/www.rememberme-forever.com\\\/it\\\/home\\\/\"},{\"@type\":\"ListItem\",\"position\":2,\"name\":\"Negozio\",\"item\":\"https:\\\/\\\/www.rememberme-forever.com\\\/it\\\/negozio\\\/\"},{\"@type\":\"ListItem\",\"position\":3,\"name\":\"Urna cineraria doppia Baby Yoda\"}]},{\"@type\":\"WebSite\",\"@id\":\"https:\\\/\\\/www.rememberme-forever.com\\\/it\\\/#website\",\"url\":\"https:\\\/\\\/www.rememberme-forever.com\\\/it\\\/\",\"name\":\"Remember Forever\",\"description\":\"Cremation urns, funeral urns, urns for ashes\",\"publisher\":{\"@id\":\"https:\\\/\\\/www.rememberme-forever.com\\\/it\\\/#organization\"},\"potentialAction\":[{\"@type\":\"SearchAction\",\"target\":{\"@type\":\"EntryPoint\",\"urlTemplate\":\"https:\\\/\\\/www.rememberme-forever.com\\\/it\\\/?s={search_term_string}\"},\"query-input\":{\"@type\":\"PropertyValueSpecification\",\"valueRequired\":true,\"valueName\":\"search_term_string\"}}],\"inLanguage\":\"it-IT\"},{\"@type\":\"Organization\",\"@id\":\"https:\\\/\\\/www.rememberme-forever.com\\\/it\\\/#organization\",\"name\":\"Remember Forever\",\"url\":\"https:\\\/\\\/www.rememberme-forever.com\\\/it\\\/\",\"logo\":{\"@type\":\"ImageObject\",\"inLanguage\":\"it-IT\",\"@id\":\"https:\\\/\\\/www.rememberme-forever.com\\\/it\\\/#\\\/schema\\\/logo\\\/image\\\/\",\"url\":\"https:\\\/\\\/www.rememberme-forever.com\\\/wp-content\\\/uploads\\\/2023\\\/02\\\/logo.png\",\"contentUrl\":\"https:\\\/\\\/www.rememberme-forever.com\\\/wp-content\\\/uploads\\\/2023\\\/02\\\/logo.png\",\"width\":300,\"height\":56,\"caption\":\"Remember Forever\"},\"image\":{\"@id\":\"https:\\\/\\\/www.rememberme-forever.com\\\/it\\\/#\\\/schema\\\/logo\\\/image\\\/\"}}]}<\/script>\n<!-- \/ Yoast SEO plugin. -->","yoast_head_json":{"title":"Urna cineraria doppia Baby Yoda","description":"Urna cineraria doppia Baby Yoda, una splendida sfera in acciaio inox che funge da dimora finale per le ceneri di due amati fan di Star Wars.","robots":{"index":"index","follow":"follow","max-snippet":"max-snippet:-1","max-image-preview":"max-image-preview:large","max-video-preview":"max-video-preview:-1"},"canonical":"https:\/\/www.rememberme-forever.com\/it\/prodotto\/urna-cineraria-doppia-baby-yoda\/","og_locale":"it_IT","og_type":"article","og_title":"Urna cineraria doppia Baby Yoda","og_description":"Urna cineraria doppia Baby Yoda, una splendida sfera in acciaio inox che funge da dimora finale per le ceneri di due amati fan di Star Wars.","og_url":"https:\/\/www.rememberme-forever.com\/it\/prodotto\/urna-cineraria-doppia-baby-yoda\/","og_site_name":"Remember Forever","article_modified_time":"2026-02-20T08:47:51+00:00","og_image":[{"width":768,"height":768,"url":"http:\/\/www.rememberme-forever.com\/wp-content\/uploads\/2023\/04\/baby-yoda-companion-urn-1.jpg","type":"image\/jpeg"}],"twitter_card":"summary_large_image","twitter_misc":{"Tempo di lettura stimato":"2 minuti"},"schema":{"@context":"https:\/\/schema.org","@graph":[{"@type":"WebPage","@id":"https:\/\/www.rememberme-forever.com\/it\/prodotto\/urna-cineraria-doppia-baby-yoda\/","url":"https:\/\/www.rememberme-forever.com\/it\/prodotto\/urna-cineraria-doppia-baby-yoda\/","name":"Urna cineraria doppia Baby Yoda","isPartOf":{"@id":"https:\/\/www.rememberme-forever.com\/it\/#website"},"primaryImageOfPage":{"@id":"https:\/\/www.rememberme-forever.com\/it\/prodotto\/urna-cineraria-doppia-baby-yoda\/#primaryimage"},"image":{"@id":"https:\/\/www.rememberme-forever.com\/it\/prodotto\/urna-cineraria-doppia-baby-yoda\/#primaryimage"},"thumbnailUrl":"https:\/\/www.rememberme-forever.com\/wp-content\/uploads\/2023\/04\/baby-yoda-companion-urn-1.jpg","datePublished":"2023-04-13T07:30:22+00:00","dateModified":"2026-02-20T08:47:51+00:00","description":"Urna cineraria doppia Baby Yoda, una splendida sfera in acciaio inox che funge da dimora finale per le ceneri di due amati fan di Star Wars.","breadcrumb":{"@id":"https:\/\/www.rememberme-forever.com\/it\/prodotto\/urna-cineraria-doppia-baby-yoda\/#breadcrumb"},"inLanguage":"it-IT","potentialAction":[{"@type":"ReadAction","target":["https:\/\/www.rememberme-forever.com\/it\/prodotto\/urna-cineraria-doppia-baby-yoda\/"]}]},{"@type":"ImageObject","inLanguage":"it-IT","@id":"https:\/\/www.rememberme-forever.com\/it\/prodotto\/urna-cineraria-doppia-baby-yoda\/#primaryimage","url":"https:\/\/www.rememberme-forever.com\/wp-content\/uploads\/2023\/04\/baby-yoda-companion-urn-1.jpg","contentUrl":"https:\/\/www.rememberme-forever.com\/wp-content\/uploads\/2023\/04\/baby-yoda-companion-urn-1.jpg","width":768,"height":768,"caption":"urna cineraria doppia baby yoda"},{"@type":"BreadcrumbList","@id":"https:\/\/www.rememberme-forever.com\/it\/prodotto\/urna-cineraria-doppia-baby-yoda\/#breadcrumb","itemListElement":[{"@type":"ListItem","position":1,"name":"Home","item":"https:\/\/www.rememberme-forever.com\/it\/home\/"},{"@type":"ListItem","position":2,"name":"Negozio","item":"https:\/\/www.rememberme-forever.com\/it\/negozio\/"},{"@type":"ListItem","position":3,"name":"Urna cineraria doppia Baby Yoda"}]},{"@type":"WebSite","@id":"https:\/\/www.rememberme-forever.com\/it\/#website","url":"https:\/\/www.rememberme-forever.com\/it\/","name":"Remember Forever","description":"Cremation urns, funeral urns, urns for ashes","publisher":{"@id":"https:\/\/www.rememberme-forever.com\/it\/#organization"},"potentialAction":[{"@type":"SearchAction","target":{"@type":"EntryPoint","urlTemplate":"https:\/\/www.rememberme-forever.com\/it\/?s={search_term_string}"},"query-input":{"@type":"PropertyValueSpecification","valueRequired":true,"valueName":"search_term_string"}}],"inLanguage":"it-IT"},{"@type":"Organization","@id":"https:\/\/www.rememberme-forever.com\/it\/#organization","name":"Remember Forever","url":"https:\/\/www.rememberme-forever.com\/it\/","logo":{"@type":"ImageObject","inLanguage":"it-IT","@id":"https:\/\/www.rememberme-forever.com\/it\/#\/schema\/logo\/image\/","url":"https:\/\/www.rememberme-forever.com\/wp-content\/uploads\/2023\/02\/logo.png","contentUrl":"https:\/\/www.rememberme-forever.com\/wp-content\/uploads\/2023\/02\/logo.png","width":300,"height":56,"caption":"Remember Forever"},"image":{"@id":"https:\/\/www.rememberme-forever.com\/it\/#\/schema\/logo\/image\/"}}]}},"acf":[],"_links":{"self":[{"href":"https:\/\/www.rememberme-forever.com\/it\/wp-json\/wp\/v2\/product\/25736","targetHints":{"allow":["GET"]}}],"collection":[{"href":"https:\/\/www.rememberme-forever.com\/it\/wp-json\/wp\/v2\/product"}],"about":[{"href":"https:\/\/www.rememberme-forever.com\/it\/wp-json\/wp\/v2\/types\/product"}],"wp:featuredmedia":[{"embeddable":true,"href":"https:\/\/www.rememberme-forever.com\/it\/wp-json\/wp\/v2\/media\/25731"}],"wp:attachment":[{"href":"https:\/\/www.rememberme-forever.com\/it\/wp-json\/wp\/v2\/media?parent=25736"}],"wp:term":[{"taxonomy":"product_brand","embeddable":true,"href":"https:\/\/www.rememberme-forever.com\/it\/wp-json\/wp\/v2\/product_brand?post=25736"},{"taxonomy":"product_cat","embeddable":true,"href":"https:\/\/www.rememberme-forever.com\/it\/wp-json\/wp\/v2\/product_cat?post=25736"},{"taxonomy":"product_tag","embeddable":true,"href":"https:\/\/www.rememberme-forever.com\/it\/wp-json\/wp\/v2\/product_tag?post=25736"}],"curies":[{"name":"wp","href":"https:\/\/api.w.org\/{rel}","templated":true}]}}