{"id":25821,"date":"2023-04-13T10:52:05","date_gmt":"2023-04-13T08:52:05","guid":{"rendered":"https:\/\/www.rememberme-forever.com\/product\/moderna-urna-cineraria-in-legno\/"},"modified":"2026-02-20T10:56:51","modified_gmt":"2026-02-20T09:56:51","slug":"moderna-urna-cineraria-in-legno","status":"publish","type":"product","link":"https:\/\/www.rememberme-forever.com\/it\/prodotto\/moderna-urna-cineraria-in-legno\/","title":{"rendered":"Moderna urna cineraria in legno"},"content":{"rendered":"<div style=\"width: 100%; margin-bottom: 30px; height: max-content; padding-bottom: 60%; position: relative;\"><iframe style=\"position: absolute; top: 0; left: 0; width: 100%; height: 100%;\" src=\"https:\/\/rememberme-urns.com\/modern-casket-urn-with-rose\/\" frameborder=\"0\"><\/iframe><\/div>\n<div style=\"color: red; text-align: center; margin-bottom: 25px;\">\n<p>&gt;&gt; Foto rotante &#8211; tocca\/ingrandisci &lt;&lt;<\/p>\n<\/div>\n<h2 style=\"text-align: center;\">Moderna urna cineraria in legno<\/h2>\n<p style=\"text-align: center;\">Onora la vita della persona amata con questa <strong>moderna urna cineraria in legno<\/strong>. L&#8217;urna \u00e8 realizzata in legno di alta qualit\u00e0 e presenta un design elegante e minimalista che si adatta a qualsiasi arredamento. La sua forma rettangolare \u00e8 perfetta per essere esposta su un camino o una libreria. I toni caldi e le venature naturali del legno aggiungono un tocco di calore e serenit\u00e0 a ogni ambiente.<\/p>\n<p style=\"text-align: center;\">L&#8217;urna \u00e8 abbastanza capiente per contenere le ceneri di un adulto, permettendoti di tenere vicino a te la persona amata. Il coperchio con apertura inferiore si chiude saldamente per proteggere il contenuto ed \u00e8 facile da rimuovere. Una piccola rosa, simbolo di amore e ricordo, adorna la parte anteriore dell&#8217;urna aggiungendo un tocco delicato.<\/p>\n<p style=\"text-align: center;\">L&#8217;urna presenta anche una splendida targa commemorativa dorata che pu\u00f2 essere personalizzata con il nome, le date e un messaggio personale. La targa crea un contrasto sorprendente con il legno naturale e aggiunge un tocco di eleganza, rendendola una vera testimonianza della vita unica della persona amata.<\/p>\n<p style=\"text-align: center;\">Questa moderna urna cineraria in legno \u00e8 un modo bellissimo per onorare la memoria della persona amata. Il suo design semplice ed elegante, unito alla personalizzazione della targa dorata, la rende un tributo davvero unico e speciale a una vita ben vissuta.<\/p>\n<p>&nbsp;<\/p>\n<h3 style=\"text-align: center;\"><strong>PERSONALIZZAZIONE<\/strong><\/h3>\n<p style=\"text-align: center;\">Se scegli una targa personalizzata, inserisci il testo nel riquadro di personalizzazione del prodotto.<\/p>\n<p style=\"text-align: center;\">La targa commemorativa personalizzata deve essere personalizzata al momento dell&#8217;ordine. (Non preoccuparti se non la trovi, puoi sempre inviarci un messaggio in seguito.)<\/p>\n<p style=\"text-align: center;\">Si prega di LEGGERE attentamente il testo per l&#8217;incisione prima di aggiungere l&#8217;articolo al carrello. Copiamo e incidiamo esattamente le informazioni che riceviamo con l&#8217;ordine e non apportiamo alcuna modifica.<\/p>\n<p style=\"text-align: center;\"><strong>Si prega di rivedere il testo per assicurarsi che l&#8217;ortografia sia corretta.<\/strong><\/p>\n<p>&nbsp;<\/p>\n<p><img loading=\"lazy\" decoding=\"async\" class=\"wp-image-1447 aligncenter\" src=\"http:\/\/www.rememberme-forever.com\/wp-content\/uploads\/2023\/04\/memorial-plaque-cremation-urn-gold-300x150.jpg\" alt=\"targa commemorativa urna cineraria oro\" width=\"252\" height=\"126\" srcset=\"https:\/\/www.rememberme-forever.com\/wp-content\/uploads\/2023\/04\/memorial-plaque-cremation-urn-gold-300x150.jpg 300w, https:\/\/www.rememberme-forever.com\/wp-content\/uploads\/2023\/04\/memorial-plaque-cremation-urn-gold-64x32.jpg 64w, https:\/\/www.rememberme-forever.com\/wp-content\/uploads\/2023\/04\/memorial-plaque-cremation-urn-gold.jpg 448w\" sizes=\"auto, (max-width: 252px) 100vw, 252px\" \/><\/p>\n<p style=\"text-align: center;\">\n","protected":false},"excerpt":{"rendered":"<p>Moderna urna cineraria realizzata in legno di faggio.<\/p>\n<p><em><strong>Adatta a contenere le ceneri di una persona con un peso corporeo fino a circa 124 kg o 274 lbs. <\/strong><\/em><\/p>\n","protected":false},"featured_media":25803,"template":"","meta":{"_acf_changed":false},"product_brand":[],"product_cat":[2498],"product_tag":[3302],"class_list":{"0":"post-25821","1":"product","2":"type-product","3":"status-publish","4":"has-post-thumbnail","6":"product_cat-urne-di-legno","7":"product_tag-gpsr-all-wood-urns","8":"product_shipping_class-2-4kg-it","10":"first","11":"instock","12":"taxable","13":"shipping-taxable","14":"purchasable","15":"product-type-variable"},"yoast_head":"<!-- This site is optimized with the Yoast SEO plugin v27.4 - https:\/\/yoast.com\/product\/yoast-seo-wordpress\/ -->\n<title>Moderna urna cineraria in legno<\/title>\n<meta name=\"description\" content=\"Onora la vita della persona amata con questa moderna urna cineraria in legno. Urna con rosa e targa commemorativa personalizzabile.\" \/>\n<meta name=\"robots\" content=\"index, follow, max-snippet:-1, max-image-preview:large, max-video-preview:-1\" \/>\n<link rel=\"canonical\" href=\"https:\/\/www.rememberme-forever.com\/it\/prodotto\/moderna-urna-cineraria-in-legno\/\" \/>\n<meta property=\"og:locale\" content=\"it_IT\" \/>\n<meta property=\"og:type\" content=\"article\" \/>\n<meta property=\"og:title\" content=\"Moderna urna cineraria in legno\" \/>\n<meta property=\"og:description\" content=\"Onora la vita della persona amata con questa moderna urna cineraria in legno. Urna con rosa e targa commemorativa personalizzabile.\" \/>\n<meta property=\"og:url\" content=\"https:\/\/www.rememberme-forever.com\/it\/prodotto\/moderna-urna-cineraria-in-legno\/\" \/>\n<meta property=\"og:site_name\" content=\"Remember Forever\" \/>\n<meta property=\"article:modified_time\" content=\"2026-02-20T09:56:51+00:00\" \/>\n<meta property=\"og:image\" content=\"http:\/\/www.rememberme-forever.com\/wp-content\/uploads\/2023\/04\/modern-wooden-cremation-urn.jpg\" \/>\n\t<meta property=\"og:image:width\" content=\"768\" \/>\n\t<meta property=\"og:image:height\" content=\"781\" \/>\n\t<meta property=\"og:image:type\" content=\"image\/jpeg\" \/>\n<meta name=\"twitter:card\" content=\"summary_large_image\" \/>\n<meta name=\"twitter:label1\" content=\"Tempo di lettura stimato\" \/>\n\t<meta name=\"twitter:data1\" content=\"2 minuti\" \/>\n<script type=\"application\/ld+json\" class=\"yoast-schema-graph\">{\"@context\":\"https:\\\/\\\/schema.org\",\"@graph\":[{\"@type\":\"WebPage\",\"@id\":\"https:\\\/\\\/www.rememberme-forever.com\\\/it\\\/prodotto\\\/moderna-urna-cineraria-in-legno\\\/\",\"url\":\"https:\\\/\\\/www.rememberme-forever.com\\\/it\\\/prodotto\\\/moderna-urna-cineraria-in-legno\\\/\",\"name\":\"Moderna urna cineraria in legno\",\"isPartOf\":{\"@id\":\"https:\\\/\\\/www.rememberme-forever.com\\\/it\\\/#website\"},\"primaryImageOfPage\":{\"@id\":\"https:\\\/\\\/www.rememberme-forever.com\\\/it\\\/prodotto\\\/moderna-urna-cineraria-in-legno\\\/#primaryimage\"},\"image\":{\"@id\":\"https:\\\/\\\/www.rememberme-forever.com\\\/it\\\/prodotto\\\/moderna-urna-cineraria-in-legno\\\/#primaryimage\"},\"thumbnailUrl\":\"https:\\\/\\\/www.rememberme-forever.com\\\/wp-content\\\/uploads\\\/2023\\\/04\\\/modern-wooden-cremation-urn.jpg\",\"datePublished\":\"2023-04-13T08:52:05+00:00\",\"dateModified\":\"2026-02-20T09:56:51+00:00\",\"description\":\"Onora la vita della persona amata con questa moderna urna cineraria in legno. Urna con rosa e targa commemorativa personalizzabile.\",\"breadcrumb\":{\"@id\":\"https:\\\/\\\/www.rememberme-forever.com\\\/it\\\/prodotto\\\/moderna-urna-cineraria-in-legno\\\/#breadcrumb\"},\"inLanguage\":\"it-IT\",\"potentialAction\":[{\"@type\":\"ReadAction\",\"target\":[\"https:\\\/\\\/www.rememberme-forever.com\\\/it\\\/prodotto\\\/moderna-urna-cineraria-in-legno\\\/\"]}]},{\"@type\":\"ImageObject\",\"inLanguage\":\"it-IT\",\"@id\":\"https:\\\/\\\/www.rememberme-forever.com\\\/it\\\/prodotto\\\/moderna-urna-cineraria-in-legno\\\/#primaryimage\",\"url\":\"https:\\\/\\\/www.rememberme-forever.com\\\/wp-content\\\/uploads\\\/2023\\\/04\\\/modern-wooden-cremation-urn.jpg\",\"contentUrl\":\"https:\\\/\\\/www.rememberme-forever.com\\\/wp-content\\\/uploads\\\/2023\\\/04\\\/modern-wooden-cremation-urn.jpg\",\"width\":768,\"height\":781,\"caption\":\"moderna urna cineraria in legno\"},{\"@type\":\"BreadcrumbList\",\"@id\":\"https:\\\/\\\/www.rememberme-forever.com\\\/it\\\/prodotto\\\/moderna-urna-cineraria-in-legno\\\/#breadcrumb\",\"itemListElement\":[{\"@type\":\"ListItem\",\"position\":1,\"name\":\"Home\",\"item\":\"https:\\\/\\\/www.rememberme-forever.com\\\/it\\\/home\\\/\"},{\"@type\":\"ListItem\",\"position\":2,\"name\":\"Negozio\",\"item\":\"https:\\\/\\\/www.rememberme-forever.com\\\/it\\\/negozio\\\/\"},{\"@type\":\"ListItem\",\"position\":3,\"name\":\"Moderna urna cineraria in legno\"}]},{\"@type\":\"WebSite\",\"@id\":\"https:\\\/\\\/www.rememberme-forever.com\\\/it\\\/#website\",\"url\":\"https:\\\/\\\/www.rememberme-forever.com\\\/it\\\/\",\"name\":\"Remember Forever\",\"description\":\"Cremation urns, funeral urns, urns for ashes\",\"publisher\":{\"@id\":\"https:\\\/\\\/www.rememberme-forever.com\\\/it\\\/#organization\"},\"potentialAction\":[{\"@type\":\"SearchAction\",\"target\":{\"@type\":\"EntryPoint\",\"urlTemplate\":\"https:\\\/\\\/www.rememberme-forever.com\\\/it\\\/?s={search_term_string}\"},\"query-input\":{\"@type\":\"PropertyValueSpecification\",\"valueRequired\":true,\"valueName\":\"search_term_string\"}}],\"inLanguage\":\"it-IT\"},{\"@type\":\"Organization\",\"@id\":\"https:\\\/\\\/www.rememberme-forever.com\\\/it\\\/#organization\",\"name\":\"Remember Forever\",\"url\":\"https:\\\/\\\/www.rememberme-forever.com\\\/it\\\/\",\"logo\":{\"@type\":\"ImageObject\",\"inLanguage\":\"it-IT\",\"@id\":\"https:\\\/\\\/www.rememberme-forever.com\\\/it\\\/#\\\/schema\\\/logo\\\/image\\\/\",\"url\":\"https:\\\/\\\/www.rememberme-forever.com\\\/wp-content\\\/uploads\\\/2023\\\/02\\\/logo.png\",\"contentUrl\":\"https:\\\/\\\/www.rememberme-forever.com\\\/wp-content\\\/uploads\\\/2023\\\/02\\\/logo.png\",\"width\":300,\"height\":56,\"caption\":\"Remember Forever\"},\"image\":{\"@id\":\"https:\\\/\\\/www.rememberme-forever.com\\\/it\\\/#\\\/schema\\\/logo\\\/image\\\/\"}}]}<\/script>\n<!-- \/ Yoast SEO plugin. -->","yoast_head_json":{"title":"Moderna urna cineraria in legno","description":"Onora la vita della persona amata con questa moderna urna cineraria in legno. Urna con rosa e targa commemorativa personalizzabile.","robots":{"index":"index","follow":"follow","max-snippet":"max-snippet:-1","max-image-preview":"max-image-preview:large","max-video-preview":"max-video-preview:-1"},"canonical":"https:\/\/www.rememberme-forever.com\/it\/prodotto\/moderna-urna-cineraria-in-legno\/","og_locale":"it_IT","og_type":"article","og_title":"Moderna urna cineraria in legno","og_description":"Onora la vita della persona amata con questa moderna urna cineraria in legno. Urna con rosa e targa commemorativa personalizzabile.","og_url":"https:\/\/www.rememberme-forever.com\/it\/prodotto\/moderna-urna-cineraria-in-legno\/","og_site_name":"Remember Forever","article_modified_time":"2026-02-20T09:56:51+00:00","og_image":[{"width":768,"height":781,"url":"http:\/\/www.rememberme-forever.com\/wp-content\/uploads\/2023\/04\/modern-wooden-cremation-urn.jpg","type":"image\/jpeg"}],"twitter_card":"summary_large_image","twitter_misc":{"Tempo di lettura stimato":"2 minuti"},"schema":{"@context":"https:\/\/schema.org","@graph":[{"@type":"WebPage","@id":"https:\/\/www.rememberme-forever.com\/it\/prodotto\/moderna-urna-cineraria-in-legno\/","url":"https:\/\/www.rememberme-forever.com\/it\/prodotto\/moderna-urna-cineraria-in-legno\/","name":"Moderna urna cineraria in legno","isPartOf":{"@id":"https:\/\/www.rememberme-forever.com\/it\/#website"},"primaryImageOfPage":{"@id":"https:\/\/www.rememberme-forever.com\/it\/prodotto\/moderna-urna-cineraria-in-legno\/#primaryimage"},"image":{"@id":"https:\/\/www.rememberme-forever.com\/it\/prodotto\/moderna-urna-cineraria-in-legno\/#primaryimage"},"thumbnailUrl":"https:\/\/www.rememberme-forever.com\/wp-content\/uploads\/2023\/04\/modern-wooden-cremation-urn.jpg","datePublished":"2023-04-13T08:52:05+00:00","dateModified":"2026-02-20T09:56:51+00:00","description":"Onora la vita della persona amata con questa moderna urna cineraria in legno. Urna con rosa e targa commemorativa personalizzabile.","breadcrumb":{"@id":"https:\/\/www.rememberme-forever.com\/it\/prodotto\/moderna-urna-cineraria-in-legno\/#breadcrumb"},"inLanguage":"it-IT","potentialAction":[{"@type":"ReadAction","target":["https:\/\/www.rememberme-forever.com\/it\/prodotto\/moderna-urna-cineraria-in-legno\/"]}]},{"@type":"ImageObject","inLanguage":"it-IT","@id":"https:\/\/www.rememberme-forever.com\/it\/prodotto\/moderna-urna-cineraria-in-legno\/#primaryimage","url":"https:\/\/www.rememberme-forever.com\/wp-content\/uploads\/2023\/04\/modern-wooden-cremation-urn.jpg","contentUrl":"https:\/\/www.rememberme-forever.com\/wp-content\/uploads\/2023\/04\/modern-wooden-cremation-urn.jpg","width":768,"height":781,"caption":"moderna urna cineraria in legno"},{"@type":"BreadcrumbList","@id":"https:\/\/www.rememberme-forever.com\/it\/prodotto\/moderna-urna-cineraria-in-legno\/#breadcrumb","itemListElement":[{"@type":"ListItem","position":1,"name":"Home","item":"https:\/\/www.rememberme-forever.com\/it\/home\/"},{"@type":"ListItem","position":2,"name":"Negozio","item":"https:\/\/www.rememberme-forever.com\/it\/negozio\/"},{"@type":"ListItem","position":3,"name":"Moderna urna cineraria in legno"}]},{"@type":"WebSite","@id":"https:\/\/www.rememberme-forever.com\/it\/#website","url":"https:\/\/www.rememberme-forever.com\/it\/","name":"Remember Forever","description":"Cremation urns, funeral urns, urns for ashes","publisher":{"@id":"https:\/\/www.rememberme-forever.com\/it\/#organization"},"potentialAction":[{"@type":"SearchAction","target":{"@type":"EntryPoint","urlTemplate":"https:\/\/www.rememberme-forever.com\/it\/?s={search_term_string}"},"query-input":{"@type":"PropertyValueSpecification","valueRequired":true,"valueName":"search_term_string"}}],"inLanguage":"it-IT"},{"@type":"Organization","@id":"https:\/\/www.rememberme-forever.com\/it\/#organization","name":"Remember Forever","url":"https:\/\/www.rememberme-forever.com\/it\/","logo":{"@type":"ImageObject","inLanguage":"it-IT","@id":"https:\/\/www.rememberme-forever.com\/it\/#\/schema\/logo\/image\/","url":"https:\/\/www.rememberme-forever.com\/wp-content\/uploads\/2023\/02\/logo.png","contentUrl":"https:\/\/www.rememberme-forever.com\/wp-content\/uploads\/2023\/02\/logo.png","width":300,"height":56,"caption":"Remember Forever"},"image":{"@id":"https:\/\/www.rememberme-forever.com\/it\/#\/schema\/logo\/image\/"}}]}},"acf":[],"_links":{"self":[{"href":"https:\/\/www.rememberme-forever.com\/it\/wp-json\/wp\/v2\/product\/25821","targetHints":{"allow":["GET"]}}],"collection":[{"href":"https:\/\/www.rememberme-forever.com\/it\/wp-json\/wp\/v2\/product"}],"about":[{"href":"https:\/\/www.rememberme-forever.com\/it\/wp-json\/wp\/v2\/types\/product"}],"wp:featuredmedia":[{"embeddable":true,"href":"https:\/\/www.rememberme-forever.com\/it\/wp-json\/wp\/v2\/media\/25803"}],"wp:attachment":[{"href":"https:\/\/www.rememberme-forever.com\/it\/wp-json\/wp\/v2\/media?parent=25821"}],"wp:term":[{"taxonomy":"product_brand","embeddable":true,"href":"https:\/\/www.rememberme-forever.com\/it\/wp-json\/wp\/v2\/product_brand?post=25821"},{"taxonomy":"product_cat","embeddable":true,"href":"https:\/\/www.rememberme-forever.com\/it\/wp-json\/wp\/v2\/product_cat?post=25821"},{"taxonomy":"product_tag","embeddable":true,"href":"https:\/\/www.rememberme-forever.com\/it\/wp-json\/wp\/v2\/product_tag?post=25821"}],"curies":[{"name":"wp","href":"https:\/\/api.w.org\/{rel}","templated":true}]}}