{"id":26019,"date":"2023-04-17T12:35:13","date_gmt":"2023-04-17T10:35:13","guid":{"rendered":"https:\/\/www.rememberme-forever.com\/product\/urna-per-ceneri-con-calla\/"},"modified":"2026-02-20T14:28:13","modified_gmt":"2026-02-20T13:28:13","slug":"urna-per-ceneri-con-calla","status":"publish","type":"product","link":"https:\/\/www.rememberme-forever.com\/it\/prodotto\/urna-per-ceneri-con-calla\/","title":{"rendered":"Urna per ceneri con calla"},"content":{"rendered":"<h2 style=\"text-align: center;\">Urna per ceneri con calla<\/h2>\n<p style=\"text-align: center;\">Ti presentiamo un tributo davvero eccezionale e significativo per onorare la memoria della persona amata: la nostra <strong>urna per ceneri con calla<\/strong>. Questa raffinata urna cineraria in legno presenta uno splendido emblema a forma di calla dorata, che simboleggia purezza, innocenza e la risurrezione dell&#8217;anima.<\/p>\n<p style=\"text-align: center;\">Realizzata con la massima cura e attenzione ai dettagli, questa urna cineraria \u00e8 un pezzo intramontabile che offrir\u00e0 conforto e sollievo per le generazioni a venire. La tonalit\u00e0 ricca e calda del legno e le linee eleganti e moderne la rendono perfetta per ogni ambiente, mentre il raffinato design con calla aggiunge un tocco di grazia e sofisticatezza.<\/p>\n<p style=\"text-align: center;\">Ma non \u00e8 tutto: la nostra urna include anche una targa commemorativa dorata che puoi personalizzare con il tuo testo. Questo ti permette di creare un tributo davvero unico e significativo che rifletta la vita e l&#8217;eredit\u00e0 della persona amata.<\/p>\n<p style=\"text-align: center;\">Sia che venga conservata in casa o collocata in un giardino commemorativo, la nostra urna per ceneri con calla \u00e8 un modo splendido e duraturo per onorare la memoria di una persona cara.<\/p>\n<p>&nbsp;<\/p>\n<h3 style=\"text-align: center;\"><strong>PERSONALIZZAZIONE<\/strong><\/h3>\n<p style=\"text-align: center;\">Se scegli una targa personalizzata, inserisci il testo nel riquadro di personalizzazione del prodotto.<\/p>\n<p style=\"text-align: center;\">La targa commemorativa personalizzata deve essere personalizzata al momento dell&#8217;ordine. (Non preoccuparti se non la trovi, puoi sempre inviarci un messaggio in seguito.)<\/p>\n<p style=\"text-align: center;\">Si prega di LEGGERE attentamente il testo per l&#8217;incisione prima di aggiungere l&#8217;articolo al carrello. Copiamo e incidiamo esattamente le informazioni che riceviamo con l&#8217;ordine e non apportiamo alcuna modifica.<\/p>\n<p style=\"text-align: center;\"><strong>Si prega di rivedere il testo per assicurarsi che l&#8217;ortografia sia corretta.<\/strong><\/p>\n<p style=\"text-align: center;\"><img loading=\"lazy\" decoding=\"async\" class=\"alignnone size-medium wp-image-1447\" src=\"http:\/\/www.rememberme-forever.com\/wp-content\/uploads\/2023\/04\/memorial-plaque-cremation-urn-gold-300x150.jpg\" alt=\"targa commemorativa urna cineraria oro\" width=\"300\" height=\"150\" srcset=\"https:\/\/www.rememberme-forever.com\/wp-content\/uploads\/2023\/04\/memorial-plaque-cremation-urn-gold-300x150.jpg 300w, https:\/\/www.rememberme-forever.com\/wp-content\/uploads\/2023\/04\/memorial-plaque-cremation-urn-gold-64x32.jpg 64w, https:\/\/www.rememberme-forever.com\/wp-content\/uploads\/2023\/04\/memorial-plaque-cremation-urn-gold.jpg 448w\" sizes=\"auto, (max-width: 300px) 100vw, 300px\" \/><\/p>\n","protected":false},"excerpt":{"rendered":"<p>Un meraviglioso e sereno luogo di riposo finale per una persona profondamente amata.<\/p>\n<p><strong>Adatta a contenere le ceneri di una persona di peso corporeo fino a circa 305 libbre o 138 kg <\/strong><\/p>\n","protected":false},"featured_media":25998,"template":"","meta":{"_acf_changed":false},"product_brand":[],"product_cat":[2498],"product_tag":[3302],"class_list":{"0":"post-26019","1":"product","2":"type-product","3":"status-publish","4":"has-post-thumbnail","6":"product_cat-urne-di-legno","7":"product_tag-gpsr-all-wood-urns","8":"product_shipping_class-2-4kg-it","10":"first","11":"instock","12":"taxable","13":"shipping-taxable","14":"purchasable","15":"product-type-simple"},"yoast_head":"<!-- This site is optimized with the Yoast SEO plugin v27.4 - https:\/\/yoast.com\/product\/yoast-seo-wordpress\/ -->\n<title>Urna per ceneri con calla<\/title>\n<meta name=\"description\" content=\"Ti presentiamo un tributo davvero eccezionale e significativo per onorare la memoria della persona amata: la nostra urna per ceneri con calla\" \/>\n<meta name=\"robots\" content=\"index, follow, max-snippet:-1, max-image-preview:large, max-video-preview:-1\" \/>\n<link rel=\"canonical\" href=\"https:\/\/www.rememberme-forever.com\/it\/prodotto\/urna-per-ceneri-con-calla\/\" \/>\n<meta property=\"og:locale\" content=\"it_IT\" \/>\n<meta property=\"og:type\" content=\"article\" \/>\n<meta property=\"og:title\" content=\"Urna per ceneri con calla\" \/>\n<meta property=\"og:description\" content=\"Ti presentiamo un tributo davvero eccezionale e significativo per onorare la memoria della persona amata: la nostra urna per ceneri con calla\" \/>\n<meta property=\"og:url\" content=\"https:\/\/www.rememberme-forever.com\/it\/prodotto\/urna-per-ceneri-con-calla\/\" \/>\n<meta property=\"og:site_name\" content=\"Remember Forever\" \/>\n<meta property=\"article:modified_time\" content=\"2026-02-20T13:28:13+00:00\" \/>\n<meta property=\"og:image\" content=\"http:\/\/www.rememberme-forever.com\/wp-content\/uploads\/2023\/04\/ashes-box-with-calla-lily-and-plaque.jpg\" \/>\n\t<meta property=\"og:image:width\" content=\"768\" \/>\n\t<meta property=\"og:image:height\" content=\"781\" \/>\n\t<meta property=\"og:image:type\" content=\"image\/jpeg\" \/>\n<meta name=\"twitter:card\" content=\"summary_large_image\" \/>\n<meta name=\"twitter:label1\" content=\"Tempo di lettura stimato\" \/>\n\t<meta name=\"twitter:data1\" content=\"2 minuti\" \/>\n<script type=\"application\/ld+json\" class=\"yoast-schema-graph\">{\"@context\":\"https:\\\/\\\/schema.org\",\"@graph\":[{\"@type\":\"WebPage\",\"@id\":\"https:\\\/\\\/www.rememberme-forever.com\\\/it\\\/prodotto\\\/urna-per-ceneri-con-calla\\\/\",\"url\":\"https:\\\/\\\/www.rememberme-forever.com\\\/it\\\/prodotto\\\/urna-per-ceneri-con-calla\\\/\",\"name\":\"Urna per ceneri con calla\",\"isPartOf\":{\"@id\":\"https:\\\/\\\/www.rememberme-forever.com\\\/it\\\/#website\"},\"primaryImageOfPage\":{\"@id\":\"https:\\\/\\\/www.rememberme-forever.com\\\/it\\\/prodotto\\\/urna-per-ceneri-con-calla\\\/#primaryimage\"},\"image\":{\"@id\":\"https:\\\/\\\/www.rememberme-forever.com\\\/it\\\/prodotto\\\/urna-per-ceneri-con-calla\\\/#primaryimage\"},\"thumbnailUrl\":\"https:\\\/\\\/www.rememberme-forever.com\\\/wp-content\\\/uploads\\\/2023\\\/04\\\/ashes-box-with-calla-lily-and-plaque.jpg\",\"datePublished\":\"2023-04-17T10:35:13+00:00\",\"dateModified\":\"2026-02-20T13:28:13+00:00\",\"description\":\"Ti presentiamo un tributo davvero eccezionale e significativo per onorare la memoria della persona amata: la nostra urna per ceneri con calla\",\"breadcrumb\":{\"@id\":\"https:\\\/\\\/www.rememberme-forever.com\\\/it\\\/prodotto\\\/urna-per-ceneri-con-calla\\\/#breadcrumb\"},\"inLanguage\":\"it-IT\",\"potentialAction\":[{\"@type\":\"ReadAction\",\"target\":[\"https:\\\/\\\/www.rememberme-forever.com\\\/it\\\/prodotto\\\/urna-per-ceneri-con-calla\\\/\"]}]},{\"@type\":\"ImageObject\",\"inLanguage\":\"it-IT\",\"@id\":\"https:\\\/\\\/www.rememberme-forever.com\\\/it\\\/prodotto\\\/urna-per-ceneri-con-calla\\\/#primaryimage\",\"url\":\"https:\\\/\\\/www.rememberme-forever.com\\\/wp-content\\\/uploads\\\/2023\\\/04\\\/ashes-box-with-calla-lily-and-plaque.jpg\",\"contentUrl\":\"https:\\\/\\\/www.rememberme-forever.com\\\/wp-content\\\/uploads\\\/2023\\\/04\\\/ashes-box-with-calla-lily-and-plaque.jpg\",\"width\":768,\"height\":781,\"caption\":\"urna per ceneri con calla e targa\"},{\"@type\":\"BreadcrumbList\",\"@id\":\"https:\\\/\\\/www.rememberme-forever.com\\\/it\\\/prodotto\\\/urna-per-ceneri-con-calla\\\/#breadcrumb\",\"itemListElement\":[{\"@type\":\"ListItem\",\"position\":1,\"name\":\"Home\",\"item\":\"https:\\\/\\\/www.rememberme-forever.com\\\/it\\\/home\\\/\"},{\"@type\":\"ListItem\",\"position\":2,\"name\":\"Negozio\",\"item\":\"https:\\\/\\\/www.rememberme-forever.com\\\/it\\\/negozio\\\/\"},{\"@type\":\"ListItem\",\"position\":3,\"name\":\"Urna per ceneri con calla\"}]},{\"@type\":\"WebSite\",\"@id\":\"https:\\\/\\\/www.rememberme-forever.com\\\/it\\\/#website\",\"url\":\"https:\\\/\\\/www.rememberme-forever.com\\\/it\\\/\",\"name\":\"Remember Forever\",\"description\":\"Cremation urns, funeral urns, urns for ashes\",\"publisher\":{\"@id\":\"https:\\\/\\\/www.rememberme-forever.com\\\/it\\\/#organization\"},\"potentialAction\":[{\"@type\":\"SearchAction\",\"target\":{\"@type\":\"EntryPoint\",\"urlTemplate\":\"https:\\\/\\\/www.rememberme-forever.com\\\/it\\\/?s={search_term_string}\"},\"query-input\":{\"@type\":\"PropertyValueSpecification\",\"valueRequired\":true,\"valueName\":\"search_term_string\"}}],\"inLanguage\":\"it-IT\"},{\"@type\":\"Organization\",\"@id\":\"https:\\\/\\\/www.rememberme-forever.com\\\/it\\\/#organization\",\"name\":\"Remember Forever\",\"url\":\"https:\\\/\\\/www.rememberme-forever.com\\\/it\\\/\",\"logo\":{\"@type\":\"ImageObject\",\"inLanguage\":\"it-IT\",\"@id\":\"https:\\\/\\\/www.rememberme-forever.com\\\/it\\\/#\\\/schema\\\/logo\\\/image\\\/\",\"url\":\"https:\\\/\\\/www.rememberme-forever.com\\\/wp-content\\\/uploads\\\/2023\\\/02\\\/logo.png\",\"contentUrl\":\"https:\\\/\\\/www.rememberme-forever.com\\\/wp-content\\\/uploads\\\/2023\\\/02\\\/logo.png\",\"width\":300,\"height\":56,\"caption\":\"Remember Forever\"},\"image\":{\"@id\":\"https:\\\/\\\/www.rememberme-forever.com\\\/it\\\/#\\\/schema\\\/logo\\\/image\\\/\"}}]}<\/script>\n<!-- \/ Yoast SEO plugin. -->","yoast_head_json":{"title":"Urna per ceneri con calla","description":"Ti presentiamo un tributo davvero eccezionale e significativo per onorare la memoria della persona amata: la nostra urna per ceneri con calla","robots":{"index":"index","follow":"follow","max-snippet":"max-snippet:-1","max-image-preview":"max-image-preview:large","max-video-preview":"max-video-preview:-1"},"canonical":"https:\/\/www.rememberme-forever.com\/it\/prodotto\/urna-per-ceneri-con-calla\/","og_locale":"it_IT","og_type":"article","og_title":"Urna per ceneri con calla","og_description":"Ti presentiamo un tributo davvero eccezionale e significativo per onorare la memoria della persona amata: la nostra urna per ceneri con calla","og_url":"https:\/\/www.rememberme-forever.com\/it\/prodotto\/urna-per-ceneri-con-calla\/","og_site_name":"Remember Forever","article_modified_time":"2026-02-20T13:28:13+00:00","og_image":[{"width":768,"height":781,"url":"http:\/\/www.rememberme-forever.com\/wp-content\/uploads\/2023\/04\/ashes-box-with-calla-lily-and-plaque.jpg","type":"image\/jpeg"}],"twitter_card":"summary_large_image","twitter_misc":{"Tempo di lettura stimato":"2 minuti"},"schema":{"@context":"https:\/\/schema.org","@graph":[{"@type":"WebPage","@id":"https:\/\/www.rememberme-forever.com\/it\/prodotto\/urna-per-ceneri-con-calla\/","url":"https:\/\/www.rememberme-forever.com\/it\/prodotto\/urna-per-ceneri-con-calla\/","name":"Urna per ceneri con calla","isPartOf":{"@id":"https:\/\/www.rememberme-forever.com\/it\/#website"},"primaryImageOfPage":{"@id":"https:\/\/www.rememberme-forever.com\/it\/prodotto\/urna-per-ceneri-con-calla\/#primaryimage"},"image":{"@id":"https:\/\/www.rememberme-forever.com\/it\/prodotto\/urna-per-ceneri-con-calla\/#primaryimage"},"thumbnailUrl":"https:\/\/www.rememberme-forever.com\/wp-content\/uploads\/2023\/04\/ashes-box-with-calla-lily-and-plaque.jpg","datePublished":"2023-04-17T10:35:13+00:00","dateModified":"2026-02-20T13:28:13+00:00","description":"Ti presentiamo un tributo davvero eccezionale e significativo per onorare la memoria della persona amata: la nostra urna per ceneri con calla","breadcrumb":{"@id":"https:\/\/www.rememberme-forever.com\/it\/prodotto\/urna-per-ceneri-con-calla\/#breadcrumb"},"inLanguage":"it-IT","potentialAction":[{"@type":"ReadAction","target":["https:\/\/www.rememberme-forever.com\/it\/prodotto\/urna-per-ceneri-con-calla\/"]}]},{"@type":"ImageObject","inLanguage":"it-IT","@id":"https:\/\/www.rememberme-forever.com\/it\/prodotto\/urna-per-ceneri-con-calla\/#primaryimage","url":"https:\/\/www.rememberme-forever.com\/wp-content\/uploads\/2023\/04\/ashes-box-with-calla-lily-and-plaque.jpg","contentUrl":"https:\/\/www.rememberme-forever.com\/wp-content\/uploads\/2023\/04\/ashes-box-with-calla-lily-and-plaque.jpg","width":768,"height":781,"caption":"urna per ceneri con calla e targa"},{"@type":"BreadcrumbList","@id":"https:\/\/www.rememberme-forever.com\/it\/prodotto\/urna-per-ceneri-con-calla\/#breadcrumb","itemListElement":[{"@type":"ListItem","position":1,"name":"Home","item":"https:\/\/www.rememberme-forever.com\/it\/home\/"},{"@type":"ListItem","position":2,"name":"Negozio","item":"https:\/\/www.rememberme-forever.com\/it\/negozio\/"},{"@type":"ListItem","position":3,"name":"Urna per ceneri con calla"}]},{"@type":"WebSite","@id":"https:\/\/www.rememberme-forever.com\/it\/#website","url":"https:\/\/www.rememberme-forever.com\/it\/","name":"Remember Forever","description":"Cremation urns, funeral urns, urns for ashes","publisher":{"@id":"https:\/\/www.rememberme-forever.com\/it\/#organization"},"potentialAction":[{"@type":"SearchAction","target":{"@type":"EntryPoint","urlTemplate":"https:\/\/www.rememberme-forever.com\/it\/?s={search_term_string}"},"query-input":{"@type":"PropertyValueSpecification","valueRequired":true,"valueName":"search_term_string"}}],"inLanguage":"it-IT"},{"@type":"Organization","@id":"https:\/\/www.rememberme-forever.com\/it\/#organization","name":"Remember Forever","url":"https:\/\/www.rememberme-forever.com\/it\/","logo":{"@type":"ImageObject","inLanguage":"it-IT","@id":"https:\/\/www.rememberme-forever.com\/it\/#\/schema\/logo\/image\/","url":"https:\/\/www.rememberme-forever.com\/wp-content\/uploads\/2023\/02\/logo.png","contentUrl":"https:\/\/www.rememberme-forever.com\/wp-content\/uploads\/2023\/02\/logo.png","width":300,"height":56,"caption":"Remember Forever"},"image":{"@id":"https:\/\/www.rememberme-forever.com\/it\/#\/schema\/logo\/image\/"}}]}},"acf":[],"_links":{"self":[{"href":"https:\/\/www.rememberme-forever.com\/it\/wp-json\/wp\/v2\/product\/26019","targetHints":{"allow":["GET"]}}],"collection":[{"href":"https:\/\/www.rememberme-forever.com\/it\/wp-json\/wp\/v2\/product"}],"about":[{"href":"https:\/\/www.rememberme-forever.com\/it\/wp-json\/wp\/v2\/types\/product"}],"wp:featuredmedia":[{"embeddable":true,"href":"https:\/\/www.rememberme-forever.com\/it\/wp-json\/wp\/v2\/media\/25998"}],"wp:attachment":[{"href":"https:\/\/www.rememberme-forever.com\/it\/wp-json\/wp\/v2\/media?parent=26019"}],"wp:term":[{"taxonomy":"product_brand","embeddable":true,"href":"https:\/\/www.rememberme-forever.com\/it\/wp-json\/wp\/v2\/product_brand?post=26019"},{"taxonomy":"product_cat","embeddable":true,"href":"https:\/\/www.rememberme-forever.com\/it\/wp-json\/wp\/v2\/product_cat?post=26019"},{"taxonomy":"product_tag","embeddable":true,"href":"https:\/\/www.rememberme-forever.com\/it\/wp-json\/wp\/v2\/product_tag?post=26019"}],"curies":[{"name":"wp","href":"https:\/\/api.w.org\/{rel}","templated":true}]}}