{"id":26153,"date":"2023-04-18T08:37:38","date_gmt":"2023-04-18T06:37:38","guid":{"rendered":"https:\/\/www.rememberme-forever.com\/product\/urna-cineraria-taxi-nero-urna-con-replica-di-auto\/"},"modified":"2026-02-23T12:12:16","modified_gmt":"2026-02-23T11:12:16","slug":"urna-cineraria-taxi-nero-urna-con-replica-di-auto","status":"publish","type":"product","link":"https:\/\/www.rememberme-forever.com\/it\/prodotto\/urna-cineraria-taxi-nero-urna-con-replica-di-auto\/","title":{"rendered":"Urna cineraria taxi nero, urna con replica di auto"},"content":{"rendered":"<div style=\"width: 100%; margin-bottom: 30px; height: max-content; padding-bottom: 60%; position: relative;\"><iframe style=\"position: absolute; top: 0; left: 0; width: 100%; height: 100%;\" src=\"https:\/\/rememberme-urns.com\/taxi-urn\/\" frameborder=\"0\"><\/iframe><\/div>\n<div style=\"color: red; text-align: center; margin-bottom: 25px;\">\n<p>&gt;&gt; Foto rotante &#8211; tocca\/ingrandisci &lt;&lt;<\/p>\n<\/div>\n<h2 style=\"text-align: center;\">Urna cineraria taxi nero<\/h2>\n<p style=\"text-align: center;\">Ti presentiamo la nostra <strong>urna cineraria Taxi Nero<\/strong>: un modo unico e speciale per ricordare la persona amata che aveva una passione per i taxi o ha lavorato a lungo come tassista. Questa splendida urna \u00e8 sapientemente realizzata in legno nero di alta qualit\u00e0, con una piccola replica di un taxi nero fissata sulla parte superiore. \u00c8 un tributo perfetto ai ricordi e alla passione della persona amata che ha dedicato la sua vita al settore dei taxi.<\/p>\n<p style=\"text-align: center;\">L&#8217;urna presenta una comoda apertura inferiore che consente un inserimento facile e discreto delle ceneri. La struttura robusta assicura che i resti della persona amata siano custoditi in modo sicuro, offrendoti tranquillit\u00e0 e conforto in questo momento difficile.<\/p>\n<p><iframe loading=\"lazy\" title=\"Wooden Urns Part 3: Black Box For Ashes\" width=\"640\" height=\"360\" src=\"https:\/\/www.youtube.com\/embed\/QPZvx9YIDxE?feature=oembed\" frameborder=\"0\" allow=\"accelerometer; autoplay; clipboard-write; encrypted-media; gyroscope; picture-in-picture; web-share\" referrerpolicy=\"strict-origin-when-cross-origin\" allowfullscreen><\/iframe><\/p>\n<p style=\"text-align: center;\">Per chi desidera aggiungere un tocco personalizzato, \u00e8 possibile includere una targa commemorativa sulla parte anteriore dell&#8217;urna. Incideremo con cura le parole da te scelte sulla targa, creando un tributo bellissimo e duraturo alla memoria della persona amata.<\/p>\n<p style=\"text-align: center;\">Questa urna cineraria Taxi Nero \u00e8 un modo davvero unico e speciale per onorare la vita e i ricordi della persona amata che aveva una passione per i taxi o una carriera nel settore. Il suo design elegante e moderno, con la piccola replica del taxi fissata in alto, servir\u00e0 come splendido ricordo della passione e della dedizione del tuo caro.<\/p>\n<p style=\"text-align: center;\">Tenendo tra le mani questa splendida urna, proverai un senso di conforto e sollievo, sapendo che la memoria della persona amata viene onorata nel modo pi\u00f9 dignitoso e unico. \u00c8 un giusto tributo a una vita piena di passione e dedizione, e una testimonianza duratura dei ricordi speciali che hai condiviso con lei.<\/p>\n<p>&nbsp;<\/p>\n<h3 style=\"text-align: center;\"><strong>PERSONALIZZAZIONE<\/strong><\/h3>\n<p style=\"text-align: center;\">Se scegli una targa personalizzata, inserisci il testo nel riquadro di personalizzazione del prodotto.<\/p>\n<p style=\"text-align: center;\">La targa commemorativa personalizzata deve essere personalizzata al momento dell&#8217;ordine. (Non preoccuparti se non la trovi, puoi sempre inviarci un messaggio in seguito.)<\/p>\n<p style=\"text-align: center;\">Si prega di LEGGERE attentamente il testo per l&#8217;incisione prima di aggiungere l&#8217;articolo al carrello. Copiamo e incidiamo esattamente le informazioni che riceviamo con l&#8217;ordine e non apportiamo alcuna modifica.<\/p>\n<p style=\"text-align: center;\"><strong>Si prega di rivedere il testo per assicurarsi che l&#8217;ortografia sia corretta.<\/strong><\/p>\n<p>&nbsp;<\/p>\n<p><img loading=\"lazy\" decoding=\"async\" class=\" wp-image-1449 aligncenter\" src=\"http:\/\/www.rememberme-forever.com\/wp-content\/uploads\/2023\/04\/memorial-plaque-cremation-urn-silver-300x153.jpg\" alt=\"Urna cineraria con targa commemorativa in argento\" width=\"249\" height=\"127\" srcset=\"https:\/\/www.rememberme-forever.com\/wp-content\/uploads\/2023\/04\/memorial-plaque-cremation-urn-silver-300x153.jpg 300w, https:\/\/www.rememberme-forever.com\/wp-content\/uploads\/2023\/04\/memorial-plaque-cremation-urn-silver-64x33.jpg 64w, https:\/\/www.rememberme-forever.com\/wp-content\/uploads\/2023\/04\/memorial-plaque-cremation-urn-silver.jpg 448w\" sizes=\"auto, (max-width: 249px) 100vw, 249px\" \/><\/p>\n<p style=\"text-align: center;\"><strong>\u25ba DETTAGLI AUTO \u25c4<\/strong><br \/>\n\u2705 Dimensioni approssimative: 11,5 cm (L) x 4,5 cm (A) x 5 cm (P)<br \/>\n\u2705 Dimensioni approssimative 4,5&#8243; x 1,7&#8243; x 2&#8243;<\/p>\n<p><strong><img loading=\"lazy\" decoding=\"async\" class=\" wp-image-2306 aligncenter\" src=\"http:\/\/www.rememberme-forever.com\/wp-content\/uploads\/2023\/04\/theme-urn-taxi-car-295x300.jpg\" alt=\"urna a tema taxi auto\" width=\"246\" height=\"250\" srcset=\"https:\/\/www.rememberme-forever.com\/wp-content\/uploads\/2023\/04\/theme-urn-taxi-car-295x300.jpg 295w, https:\/\/www.rememberme-forever.com\/wp-content\/uploads\/2023\/04\/theme-urn-taxi-car-600x610.jpg 600w, https:\/\/www.rememberme-forever.com\/wp-content\/uploads\/2023\/04\/theme-urn-taxi-car-64x65.jpg 64w, https:\/\/www.rememberme-forever.com\/wp-content\/uploads\/2023\/04\/theme-urn-taxi-car.jpg 768w\" sizes=\"auto, (max-width: 246px) 100vw, 246px\" \/><\/strong><\/p>\n<p>&nbsp;<\/p>\n<p style=\"text-align: center;\"><em><strong>La scatola nera \u00e8 la base per posizionarvi qualsiasi ornamento. Se hai bisogno di un&#8217;auto diversa o di un&#8217;altra decorazione, per favore <a href=\"https:\/\/www.rememberme-forever.com\/it\/contatto\/\" target=\"_blank\" rel=\"noopener\">contattaci.<\/a> <\/strong><\/em><\/p>\n","protected":false},"excerpt":{"rendered":"<p>Per molte persone \u00e8 importante mettere in risalto le proprie caratteristiche individuali, gli hobby, gli interessi, l&#8217;appartenenza a un particolare gruppo o le caratteristiche della professione svolta dopo la morte. Un ottimo modo per farlo \u00e8 scegliere un&#8217;<strong>urna cineraria unica e personalizzata.<\/strong><\/p>\n","protected":false},"featured_media":26140,"template":"","meta":{"_acf_changed":false},"product_brand":[],"product_cat":[2488,2486,2494],"product_tag":[3302],"class_list":{"0":"post-26153","1":"product","2":"type-product","3":"status-publish","4":"has-post-thumbnail","6":"product_cat-automobili","7":"product_cat-urne-a-tema","8":"product_cat-urne-professionali","9":"product_tag-gpsr-all-wood-urns","10":"product_shipping_class-2-4kg-it","12":"first","13":"instock","14":"taxable","15":"shipping-taxable","16":"purchasable","17":"product-type-variable"},"yoast_head":"<!-- This site is optimized with the Yoast SEO plugin v27.4 - https:\/\/yoast.com\/product\/yoast-seo-wordpress\/ -->\n<title>Urna cineraria taxi nero, urna con replica di auto<\/title>\n<meta name=\"description\" content=\"Ti presentiamo la nostra urna cineraria Taxi Nero, un modo unico e speciale per ricordare la persona amata che aveva una passione per i taxi o ha lavorato a lungo come tassista.\" \/>\n<meta name=\"robots\" content=\"index, follow, max-snippet:-1, max-image-preview:large, max-video-preview:-1\" \/>\n<link rel=\"canonical\" href=\"https:\/\/www.rememberme-forever.com\/it\/prodotto\/urna-cineraria-taxi-nero-urna-con-replica-di-auto\/\" \/>\n<meta property=\"og:locale\" content=\"it_IT\" \/>\n<meta property=\"og:type\" content=\"article\" \/>\n<meta property=\"og:title\" content=\"Urna cineraria taxi nero, urna con replica di auto\" \/>\n<meta property=\"og:description\" content=\"Ti presentiamo la nostra urna cineraria Taxi Nero, un modo unico e speciale per ricordare la persona amata che aveva una passione per i taxi o ha lavorato a lungo come tassista.\" \/>\n<meta property=\"og:url\" content=\"https:\/\/www.rememberme-forever.com\/it\/prodotto\/urna-cineraria-taxi-nero-urna-con-replica-di-auto\/\" \/>\n<meta property=\"og:site_name\" content=\"Remember Forever\" \/>\n<meta property=\"article:modified_time\" content=\"2026-02-23T11:12:16+00:00\" \/>\n<meta property=\"og:image\" content=\"http:\/\/www.rememberme-forever.com\/wp-content\/uploads\/2023\/04\/Black-taxi-cremation-urn.jpg\" \/>\n\t<meta property=\"og:image:width\" content=\"768\" \/>\n\t<meta property=\"og:image:height\" content=\"781\" \/>\n\t<meta property=\"og:image:type\" content=\"image\/jpeg\" \/>\n<meta name=\"twitter:card\" content=\"summary_large_image\" \/>\n<meta name=\"twitter:label1\" content=\"Tempo di lettura stimato\" \/>\n\t<meta name=\"twitter:data1\" content=\"4 minuti\" \/>\n<script type=\"application\/ld+json\" class=\"yoast-schema-graph\">{\"@context\":\"https:\\\/\\\/schema.org\",\"@graph\":[{\"@type\":\"WebPage\",\"@id\":\"https:\\\/\\\/www.rememberme-forever.com\\\/it\\\/prodotto\\\/urna-cineraria-taxi-nero-urna-con-replica-di-auto\\\/\",\"url\":\"https:\\\/\\\/www.rememberme-forever.com\\\/it\\\/prodotto\\\/urna-cineraria-taxi-nero-urna-con-replica-di-auto\\\/\",\"name\":\"Urna cineraria taxi nero, urna con replica di auto\",\"isPartOf\":{\"@id\":\"https:\\\/\\\/www.rememberme-forever.com\\\/it\\\/#website\"},\"primaryImageOfPage\":{\"@id\":\"https:\\\/\\\/www.rememberme-forever.com\\\/it\\\/prodotto\\\/urna-cineraria-taxi-nero-urna-con-replica-di-auto\\\/#primaryimage\"},\"image\":{\"@id\":\"https:\\\/\\\/www.rememberme-forever.com\\\/it\\\/prodotto\\\/urna-cineraria-taxi-nero-urna-con-replica-di-auto\\\/#primaryimage\"},\"thumbnailUrl\":\"https:\\\/\\\/www.rememberme-forever.com\\\/wp-content\\\/uploads\\\/2023\\\/04\\\/Black-taxi-cremation-urn.jpg\",\"datePublished\":\"2023-04-18T06:37:38+00:00\",\"dateModified\":\"2026-02-23T11:12:16+00:00\",\"description\":\"Ti presentiamo la nostra urna cineraria Taxi Nero, un modo unico e speciale per ricordare la persona amata che aveva una passione per i taxi o ha lavorato a lungo come tassista.\",\"breadcrumb\":{\"@id\":\"https:\\\/\\\/www.rememberme-forever.com\\\/it\\\/prodotto\\\/urna-cineraria-taxi-nero-urna-con-replica-di-auto\\\/#breadcrumb\"},\"inLanguage\":\"it-IT\",\"potentialAction\":[{\"@type\":\"ReadAction\",\"target\":[\"https:\\\/\\\/www.rememberme-forever.com\\\/it\\\/prodotto\\\/urna-cineraria-taxi-nero-urna-con-replica-di-auto\\\/\"]}]},{\"@type\":\"ImageObject\",\"inLanguage\":\"it-IT\",\"@id\":\"https:\\\/\\\/www.rememberme-forever.com\\\/it\\\/prodotto\\\/urna-cineraria-taxi-nero-urna-con-replica-di-auto\\\/#primaryimage\",\"url\":\"https:\\\/\\\/www.rememberme-forever.com\\\/wp-content\\\/uploads\\\/2023\\\/04\\\/Black-taxi-cremation-urn.jpg\",\"contentUrl\":\"https:\\\/\\\/www.rememberme-forever.com\\\/wp-content\\\/uploads\\\/2023\\\/04\\\/Black-taxi-cremation-urn.jpg\",\"width\":768,\"height\":781,\"caption\":\"Urna cineraria taxi nero, scatole per ceneri personalizzate\"},{\"@type\":\"BreadcrumbList\",\"@id\":\"https:\\\/\\\/www.rememberme-forever.com\\\/it\\\/prodotto\\\/urna-cineraria-taxi-nero-urna-con-replica-di-auto\\\/#breadcrumb\",\"itemListElement\":[{\"@type\":\"ListItem\",\"position\":1,\"name\":\"Home\",\"item\":\"https:\\\/\\\/www.rememberme-forever.com\\\/it\\\/home\\\/\"},{\"@type\":\"ListItem\",\"position\":2,\"name\":\"Negozio\",\"item\":\"https:\\\/\\\/www.rememberme-forever.com\\\/it\\\/negozio\\\/\"},{\"@type\":\"ListItem\",\"position\":3,\"name\":\"Urna cineraria taxi nero, urna con replica di auto\"}]},{\"@type\":\"WebSite\",\"@id\":\"https:\\\/\\\/www.rememberme-forever.com\\\/it\\\/#website\",\"url\":\"https:\\\/\\\/www.rememberme-forever.com\\\/it\\\/\",\"name\":\"Remember Forever\",\"description\":\"Cremation urns, funeral urns, urns for ashes\",\"publisher\":{\"@id\":\"https:\\\/\\\/www.rememberme-forever.com\\\/it\\\/#organization\"},\"potentialAction\":[{\"@type\":\"SearchAction\",\"target\":{\"@type\":\"EntryPoint\",\"urlTemplate\":\"https:\\\/\\\/www.rememberme-forever.com\\\/it\\\/?s={search_term_string}\"},\"query-input\":{\"@type\":\"PropertyValueSpecification\",\"valueRequired\":true,\"valueName\":\"search_term_string\"}}],\"inLanguage\":\"it-IT\"},{\"@type\":\"Organization\",\"@id\":\"https:\\\/\\\/www.rememberme-forever.com\\\/it\\\/#organization\",\"name\":\"Remember Forever\",\"url\":\"https:\\\/\\\/www.rememberme-forever.com\\\/it\\\/\",\"logo\":{\"@type\":\"ImageObject\",\"inLanguage\":\"it-IT\",\"@id\":\"https:\\\/\\\/www.rememberme-forever.com\\\/it\\\/#\\\/schema\\\/logo\\\/image\\\/\",\"url\":\"https:\\\/\\\/www.rememberme-forever.com\\\/wp-content\\\/uploads\\\/2023\\\/02\\\/logo.png\",\"contentUrl\":\"https:\\\/\\\/www.rememberme-forever.com\\\/wp-content\\\/uploads\\\/2023\\\/02\\\/logo.png\",\"width\":300,\"height\":56,\"caption\":\"Remember Forever\"},\"image\":{\"@id\":\"https:\\\/\\\/www.rememberme-forever.com\\\/it\\\/#\\\/schema\\\/logo\\\/image\\\/\"}}]}<\/script>\n<!-- \/ Yoast SEO plugin. -->","yoast_head_json":{"title":"Urna cineraria taxi nero, urna con replica di auto","description":"Ti presentiamo la nostra urna cineraria Taxi Nero, un modo unico e speciale per ricordare la persona amata che aveva una passione per i taxi o ha lavorato a lungo come tassista.","robots":{"index":"index","follow":"follow","max-snippet":"max-snippet:-1","max-image-preview":"max-image-preview:large","max-video-preview":"max-video-preview:-1"},"canonical":"https:\/\/www.rememberme-forever.com\/it\/prodotto\/urna-cineraria-taxi-nero-urna-con-replica-di-auto\/","og_locale":"it_IT","og_type":"article","og_title":"Urna cineraria taxi nero, urna con replica di auto","og_description":"Ti presentiamo la nostra urna cineraria Taxi Nero, un modo unico e speciale per ricordare la persona amata che aveva una passione per i taxi o ha lavorato a lungo come tassista.","og_url":"https:\/\/www.rememberme-forever.com\/it\/prodotto\/urna-cineraria-taxi-nero-urna-con-replica-di-auto\/","og_site_name":"Remember Forever","article_modified_time":"2026-02-23T11:12:16+00:00","og_image":[{"width":768,"height":781,"url":"http:\/\/www.rememberme-forever.com\/wp-content\/uploads\/2023\/04\/Black-taxi-cremation-urn.jpg","type":"image\/jpeg"}],"twitter_card":"summary_large_image","twitter_misc":{"Tempo di lettura stimato":"4 minuti"},"schema":{"@context":"https:\/\/schema.org","@graph":[{"@type":"WebPage","@id":"https:\/\/www.rememberme-forever.com\/it\/prodotto\/urna-cineraria-taxi-nero-urna-con-replica-di-auto\/","url":"https:\/\/www.rememberme-forever.com\/it\/prodotto\/urna-cineraria-taxi-nero-urna-con-replica-di-auto\/","name":"Urna cineraria taxi nero, urna con replica di auto","isPartOf":{"@id":"https:\/\/www.rememberme-forever.com\/it\/#website"},"primaryImageOfPage":{"@id":"https:\/\/www.rememberme-forever.com\/it\/prodotto\/urna-cineraria-taxi-nero-urna-con-replica-di-auto\/#primaryimage"},"image":{"@id":"https:\/\/www.rememberme-forever.com\/it\/prodotto\/urna-cineraria-taxi-nero-urna-con-replica-di-auto\/#primaryimage"},"thumbnailUrl":"https:\/\/www.rememberme-forever.com\/wp-content\/uploads\/2023\/04\/Black-taxi-cremation-urn.jpg","datePublished":"2023-04-18T06:37:38+00:00","dateModified":"2026-02-23T11:12:16+00:00","description":"Ti presentiamo la nostra urna cineraria Taxi Nero, un modo unico e speciale per ricordare la persona amata che aveva una passione per i taxi o ha lavorato a lungo come tassista.","breadcrumb":{"@id":"https:\/\/www.rememberme-forever.com\/it\/prodotto\/urna-cineraria-taxi-nero-urna-con-replica-di-auto\/#breadcrumb"},"inLanguage":"it-IT","potentialAction":[{"@type":"ReadAction","target":["https:\/\/www.rememberme-forever.com\/it\/prodotto\/urna-cineraria-taxi-nero-urna-con-replica-di-auto\/"]}]},{"@type":"ImageObject","inLanguage":"it-IT","@id":"https:\/\/www.rememberme-forever.com\/it\/prodotto\/urna-cineraria-taxi-nero-urna-con-replica-di-auto\/#primaryimage","url":"https:\/\/www.rememberme-forever.com\/wp-content\/uploads\/2023\/04\/Black-taxi-cremation-urn.jpg","contentUrl":"https:\/\/www.rememberme-forever.com\/wp-content\/uploads\/2023\/04\/Black-taxi-cremation-urn.jpg","width":768,"height":781,"caption":"Urna cineraria taxi nero, scatole per ceneri personalizzate"},{"@type":"BreadcrumbList","@id":"https:\/\/www.rememberme-forever.com\/it\/prodotto\/urna-cineraria-taxi-nero-urna-con-replica-di-auto\/#breadcrumb","itemListElement":[{"@type":"ListItem","position":1,"name":"Home","item":"https:\/\/www.rememberme-forever.com\/it\/home\/"},{"@type":"ListItem","position":2,"name":"Negozio","item":"https:\/\/www.rememberme-forever.com\/it\/negozio\/"},{"@type":"ListItem","position":3,"name":"Urna cineraria taxi nero, urna con replica di auto"}]},{"@type":"WebSite","@id":"https:\/\/www.rememberme-forever.com\/it\/#website","url":"https:\/\/www.rememberme-forever.com\/it\/","name":"Remember Forever","description":"Cremation urns, funeral urns, urns for ashes","publisher":{"@id":"https:\/\/www.rememberme-forever.com\/it\/#organization"},"potentialAction":[{"@type":"SearchAction","target":{"@type":"EntryPoint","urlTemplate":"https:\/\/www.rememberme-forever.com\/it\/?s={search_term_string}"},"query-input":{"@type":"PropertyValueSpecification","valueRequired":true,"valueName":"search_term_string"}}],"inLanguage":"it-IT"},{"@type":"Organization","@id":"https:\/\/www.rememberme-forever.com\/it\/#organization","name":"Remember Forever","url":"https:\/\/www.rememberme-forever.com\/it\/","logo":{"@type":"ImageObject","inLanguage":"it-IT","@id":"https:\/\/www.rememberme-forever.com\/it\/#\/schema\/logo\/image\/","url":"https:\/\/www.rememberme-forever.com\/wp-content\/uploads\/2023\/02\/logo.png","contentUrl":"https:\/\/www.rememberme-forever.com\/wp-content\/uploads\/2023\/02\/logo.png","width":300,"height":56,"caption":"Remember Forever"},"image":{"@id":"https:\/\/www.rememberme-forever.com\/it\/#\/schema\/logo\/image\/"}}]}},"acf":[],"_links":{"self":[{"href":"https:\/\/www.rememberme-forever.com\/it\/wp-json\/wp\/v2\/product\/26153","targetHints":{"allow":["GET"]}}],"collection":[{"href":"https:\/\/www.rememberme-forever.com\/it\/wp-json\/wp\/v2\/product"}],"about":[{"href":"https:\/\/www.rememberme-forever.com\/it\/wp-json\/wp\/v2\/types\/product"}],"wp:featuredmedia":[{"embeddable":true,"href":"https:\/\/www.rememberme-forever.com\/it\/wp-json\/wp\/v2\/media\/26140"}],"wp:attachment":[{"href":"https:\/\/www.rememberme-forever.com\/it\/wp-json\/wp\/v2\/media?parent=26153"}],"wp:term":[{"taxonomy":"product_brand","embeddable":true,"href":"https:\/\/www.rememberme-forever.com\/it\/wp-json\/wp\/v2\/product_brand?post=26153"},{"taxonomy":"product_cat","embeddable":true,"href":"https:\/\/www.rememberme-forever.com\/it\/wp-json\/wp\/v2\/product_cat?post=26153"},{"taxonomy":"product_tag","embeddable":true,"href":"https:\/\/www.rememberme-forever.com\/it\/wp-json\/wp\/v2\/product_tag?post=26153"}],"curies":[{"name":"wp","href":"https:\/\/api.w.org\/{rel}","templated":true}]}}