{"id":26305,"date":"2023-04-18T12:06:59","date_gmt":"2023-04-18T10:06:59","guid":{"rendered":"https:\/\/www.rememberme-forever.com\/product\/urna-cineraria-in-legno-a-forma-di-cofanetto\/"},"modified":"2026-02-23T13:24:07","modified_gmt":"2026-02-23T12:24:07","slug":"urna-cineraria-in-legno-a-forma-di-cofanetto","status":"publish","type":"product","link":"https:\/\/www.rememberme-forever.com\/it\/prodotto\/urna-cineraria-in-legno-a-forma-di-cofanetto\/","title":{"rendered":"Urna Cineraria in Legno a Forma di Cofanetto"},"content":{"rendered":"<h2 style=\"text-align: center;\">Urna Cineraria in Legno a Forma di Cofanetto<\/h2>\n<p style=\"text-align: center;\">La nostra <strong>Urna Cineraria in Legno a Forma di Cofanetto<\/strong> \u00e8 un tributo straordinario alla vita e all&#8217;eredit\u00e0 della persona amata. Realizzata con cura e attenzione ai dettagli, questa urna \u00e8 un bellissimo luogo di riposo finale per le ceneri del tuo caro.<\/p>\n<p style=\"text-align: center;\">La forma unica dell&#8217;urna la distingue, conferendole un aspetto distintivo e indimenticabile. Il design a cofanetto in legno \u00e8 al tempo stesso senza tempo ed elegante, con dettagli intricati e un fascino classico che onorer\u00e0 la memoria della persona amata nel modo pi\u00f9 bello possibile.<\/p>\n<p style=\"text-align: center;\">L&#8217;urna pu\u00f2 essere decorata con una croce, una rosa o una calla. Inoltre, pu\u00f2 essere aggiunta all&#8217;urna una targa commemorativa incisa, assicurando che il nome e l&#8217;eredit\u00e0 della persona amata siano ricordati per sempre.<\/p>\n<p style=\"text-align: center;\">Realizzata con materiali della migliore qualit\u00e0, questa urna \u00e8 progettata per durare per generazioni. La sua costruzione robusta garantisce che le ceneri della persona amata siano contenute in modo sicuro e rispettoso, dandoti la tranquillit\u00e0 che saranno sempre onorate e custodite.<\/p>\n<p style=\"text-align: center;\">Che sia esposta in un luogo di rilievo o collocata in un luogo di riposo finale, la nostra Urna Cineraria in Legno a Forma di Cofanetto \u00e8 un tributo bello e appropriato alla vita e all&#8217;eredit\u00e0 della persona amata. Il suo design unico e i tocchi personalizzati la rendono un modo perfetto per onorare la loro memoria e assicurare che siano ricordati per sempre con amore e rispetto.<\/p>\n<p style=\"text-align: center;\">In onore della persona amata, scegli la nostra Urna Cineraria in Legno a Forma di Cofanetto. \u00c8 un modo bello e significativo per rendere omaggio alla loro vita e alla loro eredit\u00e0, e un luogo di riposo finale perfetto per le loro ceneri.<\/p>\n<p>&nbsp;<\/p>\n<h3 style=\"text-align: center;\"><strong>PERSONALIZZAZIONE<\/strong><\/h3>\n<p style=\"text-align: center;\">Se scegli una targa personalizzata, inserisci il testo nel riquadro di personalizzazione del prodotto.<\/p>\n<p style=\"text-align: center;\">La targa commemorativa personalizzata deve essere personalizzata al momento dell&#8217;ordine. (Non preoccuparti se non la trovi, puoi sempre inviarci un messaggio in seguito.)<\/p>\n<p style=\"text-align: center;\">Si prega di LEGGERE attentamente il testo per l&#8217;incisione prima di aggiungere l&#8217;articolo al carrello. Copiamo e incidiamo esattamente le informazioni che riceviamo con l&#8217;ordine e non apportiamo alcuna modifica.<\/p>\n<p style=\"text-align: center;\"><strong>Si prega di rivedere il testo per assicurarsi che l&#8217;ortografia sia corretta.<\/strong><\/p>\n<p><img loading=\"lazy\" decoding=\"async\" class=\" wp-image-1447 aligncenter\" src=\"http:\/\/www.rememberme-forever.com\/wp-content\/uploads\/2023\/04\/memorial-plaque-cremation-urn-gold-300x150.jpg\" alt=\"targa commemorativa urna cineraria oro\" width=\"260\" height=\"130\" srcset=\"https:\/\/www.rememberme-forever.com\/wp-content\/uploads\/2023\/04\/memorial-plaque-cremation-urn-gold-300x150.jpg 300w, https:\/\/www.rememberme-forever.com\/wp-content\/uploads\/2023\/04\/memorial-plaque-cremation-urn-gold-64x32.jpg 64w, https:\/\/www.rememberme-forever.com\/wp-content\/uploads\/2023\/04\/memorial-plaque-cremation-urn-gold.jpg 448w\" sizes=\"auto, (max-width: 260px) 100vw, 260px\" \/><\/p>\n","protected":false},"excerpt":{"rendered":"<p><strong><em>Adatta a contenere le ceneri di una persona di peso corporeo fino a circa 305 libbre o 138 kg <\/em><\/strong><\/p>\n","protected":false},"featured_media":26287,"template":"","meta":{"_acf_changed":false},"product_brand":[],"product_cat":[2498],"product_tag":[3302],"class_list":{"0":"post-26305","1":"product","2":"type-product","3":"status-publish","4":"has-post-thumbnail","6":"product_cat-urne-di-legno","7":"product_tag-gpsr-all-wood-urns","8":"product_shipping_class-2-4kg-it","10":"first","11":"instock","12":"taxable","13":"shipping-taxable","14":"purchasable","15":"product-type-variable"},"yoast_head":"<!-- This site is optimized with the Yoast SEO plugin v27.4 - https:\/\/yoast.com\/product\/yoast-seo-wordpress\/ -->\n<title>Urna Cineraria in Legno a Forma di Cofanetto<\/title>\n<meta name=\"description\" content=\"La nostra Urna Cineraria in Legno a Forma di Cofanetto \u00e8 un tributo straordinario alla vita e all&#039;eredit\u00e0 della persona amata. Realizzata con cura e attenzione ai dettagli,\" \/>\n<meta name=\"robots\" content=\"index, follow, max-snippet:-1, max-image-preview:large, max-video-preview:-1\" \/>\n<link rel=\"canonical\" href=\"https:\/\/www.rememberme-forever.com\/it\/prodotto\/urna-cineraria-in-legno-a-forma-di-cofanetto\/\" \/>\n<meta property=\"og:locale\" content=\"it_IT\" \/>\n<meta property=\"og:type\" content=\"article\" \/>\n<meta property=\"og:title\" content=\"Urna Cineraria in Legno a Forma di Cofanetto\" \/>\n<meta property=\"og:description\" content=\"La nostra Urna Cineraria in Legno a Forma di Cofanetto \u00e8 un tributo straordinario alla vita e all&#039;eredit\u00e0 della persona amata. Realizzata con cura e attenzione ai dettagli,\" \/>\n<meta property=\"og:url\" content=\"https:\/\/www.rememberme-forever.com\/it\/prodotto\/urna-cineraria-in-legno-a-forma-di-cofanetto\/\" \/>\n<meta property=\"og:site_name\" content=\"Remember Forever\" \/>\n<meta property=\"article:modified_time\" content=\"2026-02-23T12:24:07+00:00\" \/>\n<meta property=\"og:image\" content=\"http:\/\/www.rememberme-forever.com\/wp-content\/uploads\/2023\/04\/Wooden-Cremation-Casket-Urn.jpg\" \/>\n\t<meta property=\"og:image:width\" content=\"768\" \/>\n\t<meta property=\"og:image:height\" content=\"781\" \/>\n\t<meta property=\"og:image:type\" content=\"image\/jpeg\" \/>\n<meta name=\"twitter:card\" content=\"summary_large_image\" \/>\n<meta name=\"twitter:label1\" content=\"Tempo di lettura stimato\" \/>\n\t<meta name=\"twitter:data1\" content=\"3 minuti\" \/>\n<script type=\"application\/ld+json\" class=\"yoast-schema-graph\">{\"@context\":\"https:\\\/\\\/schema.org\",\"@graph\":[{\"@type\":\"WebPage\",\"@id\":\"https:\\\/\\\/www.rememberme-forever.com\\\/it\\\/prodotto\\\/urna-cineraria-in-legno-a-forma-di-cofanetto\\\/\",\"url\":\"https:\\\/\\\/www.rememberme-forever.com\\\/it\\\/prodotto\\\/urna-cineraria-in-legno-a-forma-di-cofanetto\\\/\",\"name\":\"Urna Cineraria in Legno a Forma di Cofanetto\",\"isPartOf\":{\"@id\":\"https:\\\/\\\/www.rememberme-forever.com\\\/it\\\/#website\"},\"primaryImageOfPage\":{\"@id\":\"https:\\\/\\\/www.rememberme-forever.com\\\/it\\\/prodotto\\\/urna-cineraria-in-legno-a-forma-di-cofanetto\\\/#primaryimage\"},\"image\":{\"@id\":\"https:\\\/\\\/www.rememberme-forever.com\\\/it\\\/prodotto\\\/urna-cineraria-in-legno-a-forma-di-cofanetto\\\/#primaryimage\"},\"thumbnailUrl\":\"https:\\\/\\\/www.rememberme-forever.com\\\/wp-content\\\/uploads\\\/2023\\\/04\\\/Wooden-Cremation-Casket-Urn.jpg\",\"datePublished\":\"2023-04-18T10:06:59+00:00\",\"dateModified\":\"2026-02-23T12:24:07+00:00\",\"description\":\"La nostra Urna Cineraria in Legno a Forma di Cofanetto \u00e8 un tributo straordinario alla vita e all'eredit\u00e0 della persona amata. Realizzata con cura e attenzione ai dettagli,\",\"breadcrumb\":{\"@id\":\"https:\\\/\\\/www.rememberme-forever.com\\\/it\\\/prodotto\\\/urna-cineraria-in-legno-a-forma-di-cofanetto\\\/#breadcrumb\"},\"inLanguage\":\"it-IT\",\"potentialAction\":[{\"@type\":\"ReadAction\",\"target\":[\"https:\\\/\\\/www.rememberme-forever.com\\\/it\\\/prodotto\\\/urna-cineraria-in-legno-a-forma-di-cofanetto\\\/\"]}]},{\"@type\":\"ImageObject\",\"inLanguage\":\"it-IT\",\"@id\":\"https:\\\/\\\/www.rememberme-forever.com\\\/it\\\/prodotto\\\/urna-cineraria-in-legno-a-forma-di-cofanetto\\\/#primaryimage\",\"url\":\"https:\\\/\\\/www.rememberme-forever.com\\\/wp-content\\\/uploads\\\/2023\\\/04\\\/Wooden-Cremation-Casket-Urn.jpg\",\"contentUrl\":\"https:\\\/\\\/www.rememberme-forever.com\\\/wp-content\\\/uploads\\\/2023\\\/04\\\/Wooden-Cremation-Casket-Urn.jpg\",\"width\":768,\"height\":781,\"caption\":\"Urna Cineraria in Legno a Forma di Cofanetto\"},{\"@type\":\"BreadcrumbList\",\"@id\":\"https:\\\/\\\/www.rememberme-forever.com\\\/it\\\/prodotto\\\/urna-cineraria-in-legno-a-forma-di-cofanetto\\\/#breadcrumb\",\"itemListElement\":[{\"@type\":\"ListItem\",\"position\":1,\"name\":\"Home\",\"item\":\"https:\\\/\\\/www.rememberme-forever.com\\\/it\\\/home\\\/\"},{\"@type\":\"ListItem\",\"position\":2,\"name\":\"Negozio\",\"item\":\"https:\\\/\\\/www.rememberme-forever.com\\\/it\\\/negozio\\\/\"},{\"@type\":\"ListItem\",\"position\":3,\"name\":\"Urna Cineraria in Legno a Forma di Cofanetto\"}]},{\"@type\":\"WebSite\",\"@id\":\"https:\\\/\\\/www.rememberme-forever.com\\\/it\\\/#website\",\"url\":\"https:\\\/\\\/www.rememberme-forever.com\\\/it\\\/\",\"name\":\"Remember Forever\",\"description\":\"Cremation urns, funeral urns, urns for ashes\",\"publisher\":{\"@id\":\"https:\\\/\\\/www.rememberme-forever.com\\\/it\\\/#organization\"},\"potentialAction\":[{\"@type\":\"SearchAction\",\"target\":{\"@type\":\"EntryPoint\",\"urlTemplate\":\"https:\\\/\\\/www.rememberme-forever.com\\\/it\\\/?s={search_term_string}\"},\"query-input\":{\"@type\":\"PropertyValueSpecification\",\"valueRequired\":true,\"valueName\":\"search_term_string\"}}],\"inLanguage\":\"it-IT\"},{\"@type\":\"Organization\",\"@id\":\"https:\\\/\\\/www.rememberme-forever.com\\\/it\\\/#organization\",\"name\":\"Remember Forever\",\"url\":\"https:\\\/\\\/www.rememberme-forever.com\\\/it\\\/\",\"logo\":{\"@type\":\"ImageObject\",\"inLanguage\":\"it-IT\",\"@id\":\"https:\\\/\\\/www.rememberme-forever.com\\\/it\\\/#\\\/schema\\\/logo\\\/image\\\/\",\"url\":\"https:\\\/\\\/www.rememberme-forever.com\\\/wp-content\\\/uploads\\\/2023\\\/02\\\/logo.png\",\"contentUrl\":\"https:\\\/\\\/www.rememberme-forever.com\\\/wp-content\\\/uploads\\\/2023\\\/02\\\/logo.png\",\"width\":300,\"height\":56,\"caption\":\"Remember Forever\"},\"image\":{\"@id\":\"https:\\\/\\\/www.rememberme-forever.com\\\/it\\\/#\\\/schema\\\/logo\\\/image\\\/\"}}]}<\/script>\n<!-- \/ Yoast SEO plugin. -->","yoast_head_json":{"title":"Urna Cineraria in Legno a Forma di Cofanetto","description":"La nostra Urna Cineraria in Legno a Forma di Cofanetto \u00e8 un tributo straordinario alla vita e all'eredit\u00e0 della persona amata. Realizzata con cura e attenzione ai dettagli,","robots":{"index":"index","follow":"follow","max-snippet":"max-snippet:-1","max-image-preview":"max-image-preview:large","max-video-preview":"max-video-preview:-1"},"canonical":"https:\/\/www.rememberme-forever.com\/it\/prodotto\/urna-cineraria-in-legno-a-forma-di-cofanetto\/","og_locale":"it_IT","og_type":"article","og_title":"Urna Cineraria in Legno a Forma di Cofanetto","og_description":"La nostra Urna Cineraria in Legno a Forma di Cofanetto \u00e8 un tributo straordinario alla vita e all'eredit\u00e0 della persona amata. Realizzata con cura e attenzione ai dettagli,","og_url":"https:\/\/www.rememberme-forever.com\/it\/prodotto\/urna-cineraria-in-legno-a-forma-di-cofanetto\/","og_site_name":"Remember Forever","article_modified_time":"2026-02-23T12:24:07+00:00","og_image":[{"width":768,"height":781,"url":"http:\/\/www.rememberme-forever.com\/wp-content\/uploads\/2023\/04\/Wooden-Cremation-Casket-Urn.jpg","type":"image\/jpeg"}],"twitter_card":"summary_large_image","twitter_misc":{"Tempo di lettura stimato":"3 minuti"},"schema":{"@context":"https:\/\/schema.org","@graph":[{"@type":"WebPage","@id":"https:\/\/www.rememberme-forever.com\/it\/prodotto\/urna-cineraria-in-legno-a-forma-di-cofanetto\/","url":"https:\/\/www.rememberme-forever.com\/it\/prodotto\/urna-cineraria-in-legno-a-forma-di-cofanetto\/","name":"Urna Cineraria in Legno a Forma di Cofanetto","isPartOf":{"@id":"https:\/\/www.rememberme-forever.com\/it\/#website"},"primaryImageOfPage":{"@id":"https:\/\/www.rememberme-forever.com\/it\/prodotto\/urna-cineraria-in-legno-a-forma-di-cofanetto\/#primaryimage"},"image":{"@id":"https:\/\/www.rememberme-forever.com\/it\/prodotto\/urna-cineraria-in-legno-a-forma-di-cofanetto\/#primaryimage"},"thumbnailUrl":"https:\/\/www.rememberme-forever.com\/wp-content\/uploads\/2023\/04\/Wooden-Cremation-Casket-Urn.jpg","datePublished":"2023-04-18T10:06:59+00:00","dateModified":"2026-02-23T12:24:07+00:00","description":"La nostra Urna Cineraria in Legno a Forma di Cofanetto \u00e8 un tributo straordinario alla vita e all'eredit\u00e0 della persona amata. Realizzata con cura e attenzione ai dettagli,","breadcrumb":{"@id":"https:\/\/www.rememberme-forever.com\/it\/prodotto\/urna-cineraria-in-legno-a-forma-di-cofanetto\/#breadcrumb"},"inLanguage":"it-IT","potentialAction":[{"@type":"ReadAction","target":["https:\/\/www.rememberme-forever.com\/it\/prodotto\/urna-cineraria-in-legno-a-forma-di-cofanetto\/"]}]},{"@type":"ImageObject","inLanguage":"it-IT","@id":"https:\/\/www.rememberme-forever.com\/it\/prodotto\/urna-cineraria-in-legno-a-forma-di-cofanetto\/#primaryimage","url":"https:\/\/www.rememberme-forever.com\/wp-content\/uploads\/2023\/04\/Wooden-Cremation-Casket-Urn.jpg","contentUrl":"https:\/\/www.rememberme-forever.com\/wp-content\/uploads\/2023\/04\/Wooden-Cremation-Casket-Urn.jpg","width":768,"height":781,"caption":"Urna Cineraria in Legno a Forma di Cofanetto"},{"@type":"BreadcrumbList","@id":"https:\/\/www.rememberme-forever.com\/it\/prodotto\/urna-cineraria-in-legno-a-forma-di-cofanetto\/#breadcrumb","itemListElement":[{"@type":"ListItem","position":1,"name":"Home","item":"https:\/\/www.rememberme-forever.com\/it\/home\/"},{"@type":"ListItem","position":2,"name":"Negozio","item":"https:\/\/www.rememberme-forever.com\/it\/negozio\/"},{"@type":"ListItem","position":3,"name":"Urna Cineraria in Legno a Forma di Cofanetto"}]},{"@type":"WebSite","@id":"https:\/\/www.rememberme-forever.com\/it\/#website","url":"https:\/\/www.rememberme-forever.com\/it\/","name":"Remember Forever","description":"Cremation urns, funeral urns, urns for ashes","publisher":{"@id":"https:\/\/www.rememberme-forever.com\/it\/#organization"},"potentialAction":[{"@type":"SearchAction","target":{"@type":"EntryPoint","urlTemplate":"https:\/\/www.rememberme-forever.com\/it\/?s={search_term_string}"},"query-input":{"@type":"PropertyValueSpecification","valueRequired":true,"valueName":"search_term_string"}}],"inLanguage":"it-IT"},{"@type":"Organization","@id":"https:\/\/www.rememberme-forever.com\/it\/#organization","name":"Remember Forever","url":"https:\/\/www.rememberme-forever.com\/it\/","logo":{"@type":"ImageObject","inLanguage":"it-IT","@id":"https:\/\/www.rememberme-forever.com\/it\/#\/schema\/logo\/image\/","url":"https:\/\/www.rememberme-forever.com\/wp-content\/uploads\/2023\/02\/logo.png","contentUrl":"https:\/\/www.rememberme-forever.com\/wp-content\/uploads\/2023\/02\/logo.png","width":300,"height":56,"caption":"Remember Forever"},"image":{"@id":"https:\/\/www.rememberme-forever.com\/it\/#\/schema\/logo\/image\/"}}]}},"acf":[],"_links":{"self":[{"href":"https:\/\/www.rememberme-forever.com\/it\/wp-json\/wp\/v2\/product\/26305","targetHints":{"allow":["GET"]}}],"collection":[{"href":"https:\/\/www.rememberme-forever.com\/it\/wp-json\/wp\/v2\/product"}],"about":[{"href":"https:\/\/www.rememberme-forever.com\/it\/wp-json\/wp\/v2\/types\/product"}],"wp:featuredmedia":[{"embeddable":true,"href":"https:\/\/www.rememberme-forever.com\/it\/wp-json\/wp\/v2\/media\/26287"}],"wp:attachment":[{"href":"https:\/\/www.rememberme-forever.com\/it\/wp-json\/wp\/v2\/media?parent=26305"}],"wp:term":[{"taxonomy":"product_brand","embeddable":true,"href":"https:\/\/www.rememberme-forever.com\/it\/wp-json\/wp\/v2\/product_brand?post=26305"},{"taxonomy":"product_cat","embeddable":true,"href":"https:\/\/www.rememberme-forever.com\/it\/wp-json\/wp\/v2\/product_cat?post=26305"},{"taxonomy":"product_tag","embeddable":true,"href":"https:\/\/www.rememberme-forever.com\/it\/wp-json\/wp\/v2\/product_tag?post=26305"}],"curies":[{"name":"wp","href":"https:\/\/api.w.org\/{rel}","templated":true}]}}