{"id":26997,"date":"2026-03-04T08:41:19","date_gmt":"2026-03-04T07:41:19","guid":{"rendered":"https:\/\/www.rememberme-forever.com\/product\/urna-cineraria-in-legno-di-faggio-per-adulti-urna-in-legno-massello-per-ceneri-umane\/"},"modified":"2026-03-04T08:41:19","modified_gmt":"2026-03-04T07:41:19","slug":"urna-cineraria-in-legno-di-faggio-per-adulti-urna-in-legno-massello-per-ceneri-umane","status":"publish","type":"product","link":"https:\/\/www.rememberme-forever.com\/it\/prodotto\/urna-cineraria-in-legno-di-faggio-per-adulti-urna-in-legno-massello-per-ceneri-umane\/","title":{"rendered":"Urna Cineraria in Legno di Faggio per Adulti \u2013 Urna in Legno Massello per Ceneri Umane"},"content":{"rendered":"<section class=\"section\">\n<div class=\"item item-12\">\n<section class=\"text-item\">\n<p style=\"text-align: center;\" data-start=\"390\" data-end=\"702\"><span style=\"font-size: 14px; font-weight: normal; color: #000000;\">Onora la persona amata con questa <span data-start=\"421\" data-end=\"479\">urna cineraria per adulti realizzata in legno massello di faggio<\/span>, progettata per offrire un luogo di riposo eterno e dignitoso. Questa <span data-start=\"570\" data-end=\"604\">urna in legno massello per ceneri umane<\/span> splendidamente artigianale mette in risalto le venature naturali e i toni caldi del pregiato legno di faggio, rendendo ogni pezzo davvero unico. <\/span><\/p>\n<p style=\"text-align: center;\" data-start=\"704\" data-end=\"950\"><span style=\"font-size: 14px; font-weight: normal; color: #000000;\">L&#8217;urna presenta una silhouette elegante e levigata con un coperchio perfettamente aderente, garantendo che le ceneri siano custodite in modo sicuro e rispettoso. Il suo design minimalista ma raffinato la rende adatta all&#8217;esposizione domestica, alle cerimonie commemorative o al collocamento in colombario. <\/span><\/p>\n<h3 style=\"text-align: center;\" data-start=\"952\" data-end=\"969\"><span style=\"color: #000000;\"><span style=\"font-family: inherit; font-size: 14px; font-weight: normal;\">Questa <\/span><span style=\"font-family: inherit; font-size: 14px; font-weight: normal;\" data-start=\"1231\" data-end=\"1266\">urna cineraria in legno per adulti<\/span><span style=\"font-family: inherit; font-size: 14px; font-weight: normal;\">  unisce robustezza, semplicit\u00e0 e bellezza naturale. Il legno di faggio \u00e8 noto per la sua durabilit\u00e0 e texture fine, simboleggiando resistenza e ricordo \u2014 rendendolo una scelta significativa per onorare una vita ben vissuta. <\/span><\/span><\/h3>\n<p style=\"text-align: center;\" data-start=\"1478\" data-end=\"1594\"><span style=\"font-size: 14px; font-weight: normal; color: #000000;\">Perfetta per chi cerca un&#8217;<span data-start=\"1506\" data-end=\"1536\">urna in legno naturale per ceneri<\/span>, un pezzo commemorativo moderno o un regalo artigianale di condoglianze.<\/span><\/p>\n<\/section>\n<\/div>\n<\/section>\n","protected":false},"excerpt":{"rendered":"<p>Onora la persona amata con questa urna cineraria per adulti realizzata in legno massello di faggio, progettata per offrire un luogo di riposo eterno e&#8230;<\/p>\n","protected":false},"featured_media":26977,"template":"","meta":{"_acf_changed":false},"product_brand":[],"product_cat":[2498],"product_tag":[3302],"class_list":{"0":"post-26997","1":"product","2":"type-product","3":"status-publish","4":"has-post-thumbnail","6":"product_cat-urne-di-legno","7":"product_tag-gpsr-all-wood-urns","8":"product_shipping_class-2-4kg-it","10":"first","11":"instock","12":"taxable","13":"shipping-taxable","14":"purchasable","15":"product-type-simple"},"yoast_head":"<!-- This site is optimized with the Yoast SEO plugin v27.4 - https:\/\/yoast.com\/product\/yoast-seo-wordpress\/ -->\n<title>Urna Cineraria in Legno di Faggio per Adulti \u2013 Urna in Legno Massello per Ceneri Umane - Remember Forever<\/title>\n<meta name=\"robots\" content=\"index, follow, max-snippet:-1, max-image-preview:large, max-video-preview:-1\" \/>\n<link rel=\"canonical\" href=\"https:\/\/www.rememberme-forever.com\/it\/prodotto\/urna-cineraria-in-legno-di-faggio-per-adulti-urna-in-legno-massello-per-ceneri-umane\/\" \/>\n<meta property=\"og:locale\" content=\"it_IT\" \/>\n<meta property=\"og:type\" content=\"article\" \/>\n<meta property=\"og:title\" content=\"Urna Cineraria in Legno di Faggio per Adulti \u2013 Urna in Legno Massello per Ceneri Umane - Remember Forever\" \/>\n<meta property=\"og:description\" content=\"Onora la persona amata con questa urna cineraria per adulti realizzata in legno massello di faggio, progettata per offrire un luogo di riposo eterno e...\" \/>\n<meta property=\"og:url\" content=\"https:\/\/www.rememberme-forever.com\/it\/prodotto\/urna-cineraria-in-legno-di-faggio-per-adulti-urna-in-legno-massello-per-ceneri-umane\/\" \/>\n<meta property=\"og:site_name\" content=\"Remember Forever\" \/>\n<meta property=\"og:image\" content=\"https:\/\/www.rememberme-forever.com\/wp-content\/uploads\/2026\/03\/solid-wood-urn-for-human-ashes_0001.jpg\" \/>\n\t<meta property=\"og:image:width\" content=\"1007\" \/>\n\t<meta property=\"og:image:height\" content=\"1024\" \/>\n\t<meta property=\"og:image:type\" content=\"image\/jpeg\" \/>\n<meta name=\"twitter:card\" content=\"summary_large_image\" \/>\n<meta name=\"twitter:label1\" content=\"Tempo di lettura stimato\" \/>\n\t<meta name=\"twitter:data1\" content=\"1 minuto\" \/>\n<script type=\"application\/ld+json\" class=\"yoast-schema-graph\">{\"@context\":\"https:\\\/\\\/schema.org\",\"@graph\":[{\"@type\":\"WebPage\",\"@id\":\"https:\\\/\\\/www.rememberme-forever.com\\\/it\\\/prodotto\\\/urna-cineraria-in-legno-di-faggio-per-adulti-urna-in-legno-massello-per-ceneri-umane\\\/\",\"url\":\"https:\\\/\\\/www.rememberme-forever.com\\\/it\\\/prodotto\\\/urna-cineraria-in-legno-di-faggio-per-adulti-urna-in-legno-massello-per-ceneri-umane\\\/\",\"name\":\"Urna Cineraria in Legno di Faggio per Adulti \u2013 Urna in Legno Massello per Ceneri Umane - Remember Forever\",\"isPartOf\":{\"@id\":\"https:\\\/\\\/www.rememberme-forever.com\\\/it\\\/#website\"},\"primaryImageOfPage\":{\"@id\":\"https:\\\/\\\/www.rememberme-forever.com\\\/it\\\/prodotto\\\/urna-cineraria-in-legno-di-faggio-per-adulti-urna-in-legno-massello-per-ceneri-umane\\\/#primaryimage\"},\"image\":{\"@id\":\"https:\\\/\\\/www.rememberme-forever.com\\\/it\\\/prodotto\\\/urna-cineraria-in-legno-di-faggio-per-adulti-urna-in-legno-massello-per-ceneri-umane\\\/#primaryimage\"},\"thumbnailUrl\":\"https:\\\/\\\/www.rememberme-forever.com\\\/wp-content\\\/uploads\\\/2026\\\/03\\\/solid-wood-urn-for-human-ashes_0001.jpg\",\"datePublished\":\"2026-03-04T07:41:19+00:00\",\"breadcrumb\":{\"@id\":\"https:\\\/\\\/www.rememberme-forever.com\\\/it\\\/prodotto\\\/urna-cineraria-in-legno-di-faggio-per-adulti-urna-in-legno-massello-per-ceneri-umane\\\/#breadcrumb\"},\"inLanguage\":\"it-IT\",\"potentialAction\":[{\"@type\":\"ReadAction\",\"target\":[\"https:\\\/\\\/www.rememberme-forever.com\\\/it\\\/prodotto\\\/urna-cineraria-in-legno-di-faggio-per-adulti-urna-in-legno-massello-per-ceneri-umane\\\/\"]}]},{\"@type\":\"ImageObject\",\"inLanguage\":\"it-IT\",\"@id\":\"https:\\\/\\\/www.rememberme-forever.com\\\/it\\\/prodotto\\\/urna-cineraria-in-legno-di-faggio-per-adulti-urna-in-legno-massello-per-ceneri-umane\\\/#primaryimage\",\"url\":\"https:\\\/\\\/www.rememberme-forever.com\\\/wp-content\\\/uploads\\\/2026\\\/03\\\/solid-wood-urn-for-human-ashes_0001.jpg\",\"contentUrl\":\"https:\\\/\\\/www.rememberme-forever.com\\\/wp-content\\\/uploads\\\/2026\\\/03\\\/solid-wood-urn-for-human-ashes_0001.jpg\",\"width\":1007,\"height\":1024,\"caption\":\"Urna Cineraria in Legno di Faggio per Adulti \u2013 Urna in Legno Massello per Ceneri Umane Vista Frontale\"},{\"@type\":\"BreadcrumbList\",\"@id\":\"https:\\\/\\\/www.rememberme-forever.com\\\/it\\\/prodotto\\\/urna-cineraria-in-legno-di-faggio-per-adulti-urna-in-legno-massello-per-ceneri-umane\\\/#breadcrumb\",\"itemListElement\":[{\"@type\":\"ListItem\",\"position\":1,\"name\":\"Home\",\"item\":\"https:\\\/\\\/www.rememberme-forever.com\\\/it\\\/home\\\/\"},{\"@type\":\"ListItem\",\"position\":2,\"name\":\"Negozio\",\"item\":\"https:\\\/\\\/www.rememberme-forever.com\\\/it\\\/negozio\\\/\"},{\"@type\":\"ListItem\",\"position\":3,\"name\":\"Urna Cineraria in Legno di Faggio per Adulti \u2013 Urna in Legno Massello per Ceneri Umane\"}]},{\"@type\":\"WebSite\",\"@id\":\"https:\\\/\\\/www.rememberme-forever.com\\\/it\\\/#website\",\"url\":\"https:\\\/\\\/www.rememberme-forever.com\\\/it\\\/\",\"name\":\"Remember Forever\",\"description\":\"Cremation urns, funeral urns, urns for ashes\",\"publisher\":{\"@id\":\"https:\\\/\\\/www.rememberme-forever.com\\\/it\\\/#organization\"},\"potentialAction\":[{\"@type\":\"SearchAction\",\"target\":{\"@type\":\"EntryPoint\",\"urlTemplate\":\"https:\\\/\\\/www.rememberme-forever.com\\\/it\\\/?s={search_term_string}\"},\"query-input\":{\"@type\":\"PropertyValueSpecification\",\"valueRequired\":true,\"valueName\":\"search_term_string\"}}],\"inLanguage\":\"it-IT\"},{\"@type\":\"Organization\",\"@id\":\"https:\\\/\\\/www.rememberme-forever.com\\\/it\\\/#organization\",\"name\":\"Remember Forever\",\"url\":\"https:\\\/\\\/www.rememberme-forever.com\\\/it\\\/\",\"logo\":{\"@type\":\"ImageObject\",\"inLanguage\":\"it-IT\",\"@id\":\"https:\\\/\\\/www.rememberme-forever.com\\\/it\\\/#\\\/schema\\\/logo\\\/image\\\/\",\"url\":\"https:\\\/\\\/www.rememberme-forever.com\\\/wp-content\\\/uploads\\\/2023\\\/02\\\/logo.png\",\"contentUrl\":\"https:\\\/\\\/www.rememberme-forever.com\\\/wp-content\\\/uploads\\\/2023\\\/02\\\/logo.png\",\"width\":300,\"height\":56,\"caption\":\"Remember Forever\"},\"image\":{\"@id\":\"https:\\\/\\\/www.rememberme-forever.com\\\/it\\\/#\\\/schema\\\/logo\\\/image\\\/\"}}]}<\/script>\n<!-- \/ Yoast SEO plugin. -->","yoast_head_json":{"title":"Urna Cineraria in Legno di Faggio per Adulti \u2013 Urna in Legno Massello per Ceneri Umane - Remember Forever","robots":{"index":"index","follow":"follow","max-snippet":"max-snippet:-1","max-image-preview":"max-image-preview:large","max-video-preview":"max-video-preview:-1"},"canonical":"https:\/\/www.rememberme-forever.com\/it\/prodotto\/urna-cineraria-in-legno-di-faggio-per-adulti-urna-in-legno-massello-per-ceneri-umane\/","og_locale":"it_IT","og_type":"article","og_title":"Urna Cineraria in Legno di Faggio per Adulti \u2013 Urna in Legno Massello per Ceneri Umane - Remember Forever","og_description":"Onora la persona amata con questa urna cineraria per adulti realizzata in legno massello di faggio, progettata per offrire un luogo di riposo eterno e...","og_url":"https:\/\/www.rememberme-forever.com\/it\/prodotto\/urna-cineraria-in-legno-di-faggio-per-adulti-urna-in-legno-massello-per-ceneri-umane\/","og_site_name":"Remember Forever","og_image":[{"width":1007,"height":1024,"url":"https:\/\/www.rememberme-forever.com\/wp-content\/uploads\/2026\/03\/solid-wood-urn-for-human-ashes_0001.jpg","type":"image\/jpeg"}],"twitter_card":"summary_large_image","twitter_misc":{"Tempo di lettura stimato":"1 minuto"},"schema":{"@context":"https:\/\/schema.org","@graph":[{"@type":"WebPage","@id":"https:\/\/www.rememberme-forever.com\/it\/prodotto\/urna-cineraria-in-legno-di-faggio-per-adulti-urna-in-legno-massello-per-ceneri-umane\/","url":"https:\/\/www.rememberme-forever.com\/it\/prodotto\/urna-cineraria-in-legno-di-faggio-per-adulti-urna-in-legno-massello-per-ceneri-umane\/","name":"Urna Cineraria in Legno di Faggio per Adulti \u2013 Urna in Legno Massello per Ceneri Umane - Remember Forever","isPartOf":{"@id":"https:\/\/www.rememberme-forever.com\/it\/#website"},"primaryImageOfPage":{"@id":"https:\/\/www.rememberme-forever.com\/it\/prodotto\/urna-cineraria-in-legno-di-faggio-per-adulti-urna-in-legno-massello-per-ceneri-umane\/#primaryimage"},"image":{"@id":"https:\/\/www.rememberme-forever.com\/it\/prodotto\/urna-cineraria-in-legno-di-faggio-per-adulti-urna-in-legno-massello-per-ceneri-umane\/#primaryimage"},"thumbnailUrl":"https:\/\/www.rememberme-forever.com\/wp-content\/uploads\/2026\/03\/solid-wood-urn-for-human-ashes_0001.jpg","datePublished":"2026-03-04T07:41:19+00:00","breadcrumb":{"@id":"https:\/\/www.rememberme-forever.com\/it\/prodotto\/urna-cineraria-in-legno-di-faggio-per-adulti-urna-in-legno-massello-per-ceneri-umane\/#breadcrumb"},"inLanguage":"it-IT","potentialAction":[{"@type":"ReadAction","target":["https:\/\/www.rememberme-forever.com\/it\/prodotto\/urna-cineraria-in-legno-di-faggio-per-adulti-urna-in-legno-massello-per-ceneri-umane\/"]}]},{"@type":"ImageObject","inLanguage":"it-IT","@id":"https:\/\/www.rememberme-forever.com\/it\/prodotto\/urna-cineraria-in-legno-di-faggio-per-adulti-urna-in-legno-massello-per-ceneri-umane\/#primaryimage","url":"https:\/\/www.rememberme-forever.com\/wp-content\/uploads\/2026\/03\/solid-wood-urn-for-human-ashes_0001.jpg","contentUrl":"https:\/\/www.rememberme-forever.com\/wp-content\/uploads\/2026\/03\/solid-wood-urn-for-human-ashes_0001.jpg","width":1007,"height":1024,"caption":"Urna Cineraria in Legno di Faggio per Adulti \u2013 Urna in Legno Massello per Ceneri Umane Vista Frontale"},{"@type":"BreadcrumbList","@id":"https:\/\/www.rememberme-forever.com\/it\/prodotto\/urna-cineraria-in-legno-di-faggio-per-adulti-urna-in-legno-massello-per-ceneri-umane\/#breadcrumb","itemListElement":[{"@type":"ListItem","position":1,"name":"Home","item":"https:\/\/www.rememberme-forever.com\/it\/home\/"},{"@type":"ListItem","position":2,"name":"Negozio","item":"https:\/\/www.rememberme-forever.com\/it\/negozio\/"},{"@type":"ListItem","position":3,"name":"Urna Cineraria in Legno di Faggio per Adulti \u2013 Urna in Legno Massello per Ceneri Umane"}]},{"@type":"WebSite","@id":"https:\/\/www.rememberme-forever.com\/it\/#website","url":"https:\/\/www.rememberme-forever.com\/it\/","name":"Remember Forever","description":"Cremation urns, funeral urns, urns for ashes","publisher":{"@id":"https:\/\/www.rememberme-forever.com\/it\/#organization"},"potentialAction":[{"@type":"SearchAction","target":{"@type":"EntryPoint","urlTemplate":"https:\/\/www.rememberme-forever.com\/it\/?s={search_term_string}"},"query-input":{"@type":"PropertyValueSpecification","valueRequired":true,"valueName":"search_term_string"}}],"inLanguage":"it-IT"},{"@type":"Organization","@id":"https:\/\/www.rememberme-forever.com\/it\/#organization","name":"Remember Forever","url":"https:\/\/www.rememberme-forever.com\/it\/","logo":{"@type":"ImageObject","inLanguage":"it-IT","@id":"https:\/\/www.rememberme-forever.com\/it\/#\/schema\/logo\/image\/","url":"https:\/\/www.rememberme-forever.com\/wp-content\/uploads\/2023\/02\/logo.png","contentUrl":"https:\/\/www.rememberme-forever.com\/wp-content\/uploads\/2023\/02\/logo.png","width":300,"height":56,"caption":"Remember Forever"},"image":{"@id":"https:\/\/www.rememberme-forever.com\/it\/#\/schema\/logo\/image\/"}}]}},"acf":[],"_links":{"self":[{"href":"https:\/\/www.rememberme-forever.com\/it\/wp-json\/wp\/v2\/product\/26997","targetHints":{"allow":["GET"]}}],"collection":[{"href":"https:\/\/www.rememberme-forever.com\/it\/wp-json\/wp\/v2\/product"}],"about":[{"href":"https:\/\/www.rememberme-forever.com\/it\/wp-json\/wp\/v2\/types\/product"}],"wp:featuredmedia":[{"embeddable":true,"href":"https:\/\/www.rememberme-forever.com\/it\/wp-json\/wp\/v2\/media\/26977"}],"wp:attachment":[{"href":"https:\/\/www.rememberme-forever.com\/it\/wp-json\/wp\/v2\/media?parent=26997"}],"wp:term":[{"taxonomy":"product_brand","embeddable":true,"href":"https:\/\/www.rememberme-forever.com\/it\/wp-json\/wp\/v2\/product_brand?post=26997"},{"taxonomy":"product_cat","embeddable":true,"href":"https:\/\/www.rememberme-forever.com\/it\/wp-json\/wp\/v2\/product_cat?post=26997"},{"taxonomy":"product_tag","embeddable":true,"href":"https:\/\/www.rememberme-forever.com\/it\/wp-json\/wp\/v2\/product_tag?post=26997"}],"curies":[{"name":"wp","href":"https:\/\/api.w.org\/{rel}","templated":true}]}}