{"id":27523,"date":"2023-04-20T13:17:14","date_gmt":"2023-04-20T11:17:14","guid":{"rendered":"https:\/\/www.rememberme-forever.com\/product\/urna-per-ceneri-di-cane-design-geometrico-tutte-le-razze\/"},"modified":"2023-04-20T13:17:14","modified_gmt":"2023-04-20T11:17:14","slug":"urna-per-ceneri-di-cane-design-geometrico-tutte-le-razze","status":"publish","type":"product","link":"https:\/\/www.rememberme-forever.com\/it\/prodotto\/urna-per-ceneri-di-cane-design-geometrico-tutte-le-razze\/","title":{"rendered":"Urna per ceneri di cane &#8211; design geometrico &#8211; tutte le razze"},"content":{"rendered":"<h2 style=\"text-align: center;\">Urna per ceneri di cane &#8211; design geometrico &#8211; tutte le razze<\/h2>\n<p style=\"text-align: center;\">Questa<strong> splendida urna in legno per le ceneri del cane<\/strong> \u00e8 il modo perfetto per rendere omaggio a un amato amico a quattro zampe. I nostri esperti artigiani hanno creato un design geometrico unico che aggiunge un tocco di moderna eleganza a questa tradizionale urna in legno. <\/p>\n<p style=\"text-align: center;\">L&#8217;urna presenta una bellissima raffigurazione della razza del tuo cane, cos\u00ec puoi avere la certezza che la sua memoria sia onorata in modo fedele alla sua personalit\u00e0 unica. Il nome e le date del tuo amico a quattro zampe possono essere aggiunti sul davanti dell&#8217;urna, rendendola un memoriale davvero personale. <\/p>\n<p style=\"text-align: center;\">Sappiamo che gli animali domestici sono membri della famiglia e abbiamo prestato grande cura nel creare un&#8217;urna di alta qualit\u00e0 che resister\u00e0 alla prova del tempo. Il coperchio superiore dell&#8217;urna si apre per un facile accesso e il design sicuro garantisce che le ceneri del tuo animale siano conservate in modo protetto. <\/p>\n<p style=\"text-align: center;\">Questa urna per cani \u00e8 adatta a tutte le razze e la finitura in legno naturale rende ogni pezzo unico nel suo genere. Il design geometrico aggiunge un tocco contemporaneo a questo memoriale tradizionale, rendendolo un bellissimo complemento per ogni casa. <\/p>\n<p style=\"text-align: center;\">Il nostro obiettivo \u00e8 fornire un luogo di riposo dignitoso per il tuo amico a quattro zampe, e questa urna in legno \u00e8 il modo perfetto per onorare la sua memoria. \u00c8 un tributo doveroso a un amato animale domestico che sar\u00e0 custodito per gli anni a venire. <\/p>\n<p style=\"text-align: center;\">Urna fatta a mano: realizzata da professionisti qualificati. Disponibile con un&#8217;ampia gamma di statue di qualsiasi razza: <\/p>\n<p style=\"text-align: center;\">Le nostre urne sono fatte a mano, quindi la tonalit\u00e0 di colore pu\u00f2 variare.<\/p>\n<p style=\"text-align: center;\"><strong><em>Si prega di notare che questa urna \u00e8 realizzata su ordinazione. Si prega di attendere circa 4-8 giorni lavorativi per la spedizione. <\/em><\/strong><\/p>\n","protected":false},"excerpt":{"rendered":"<p><em><strong>A cremation urn for a dog with the likeness of a pet of a selected breed.<\/strong><\/em><\/p>\n","protected":false},"featured_media":27162,"template":"","meta":{"_acf_changed":false},"product_brand":[],"product_cat":[2484],"product_tag":[3354],"class_list":{"0":"post-27523","1":"product","2":"type-product","3":"status-publish","4":"has-post-thumbnail","6":"product_cat-urne-per-animali-domestici","7":"product_tag-gpsr-pet-urns","8":"product_shipping_class-4-5-kg-it","10":"first","11":"instock","12":"taxable","13":"shipping-taxable","14":"purchasable","15":"product-type-variable"},"yoast_head":"<!-- This site is optimized with the Yoast SEO plugin v27.4 - https:\/\/yoast.com\/product\/yoast-seo-wordpress\/ -->\n<title>Urna per ceneri di cane - design geometrico - tutte le razze<\/title>\n<meta name=\"description\" content=\"Questa splendida urna in legno per le ceneri del cane \u00e8 il modo perfetto per rendere omaggio a un amato amico a quattro zampe. I nostri esperti artigiani hanno creato un design geometrico unico\" \/>\n<meta name=\"robots\" content=\"index, follow, max-snippet:-1, max-image-preview:large, max-video-preview:-1\" \/>\n<link rel=\"canonical\" href=\"https:\/\/www.rememberme-forever.com\/it\/prodotto\/urna-per-ceneri-di-cane-design-geometrico-tutte-le-razze\/\" \/>\n<meta property=\"og:locale\" content=\"it_IT\" \/>\n<meta property=\"og:type\" content=\"article\" \/>\n<meta property=\"og:title\" content=\"Urna per ceneri di cane - design geometrico - tutte le razze\" \/>\n<meta property=\"og:description\" content=\"Questa splendida urna in legno per le ceneri del cane \u00e8 il modo perfetto per rendere omaggio a un amato amico a quattro zampe. I nostri esperti artigiani hanno creato un design geometrico unico\" \/>\n<meta property=\"og:url\" content=\"https:\/\/www.rememberme-forever.com\/it\/prodotto\/urna-per-ceneri-di-cane-design-geometrico-tutte-le-razze\/\" \/>\n<meta property=\"og:site_name\" content=\"Remember Forever\" \/>\n<meta property=\"og:image\" content=\"https:\/\/www.rememberme-forever.com\/wp-content\/uploads\/2023\/04\/urn-for-dog-ashes.jpg\" \/>\n\t<meta property=\"og:image:width\" content=\"768\" \/>\n\t<meta property=\"og:image:height\" content=\"768\" \/>\n\t<meta property=\"og:image:type\" content=\"image\/jpeg\" \/>\n<meta name=\"twitter:card\" content=\"summary_large_image\" \/>\n<meta name=\"twitter:label1\" content=\"Tempo di lettura stimato\" \/>\n\t<meta name=\"twitter:data1\" content=\"1 minuto\" \/>\n<script type=\"application\/ld+json\" class=\"yoast-schema-graph\">{\"@context\":\"https:\\\/\\\/schema.org\",\"@graph\":[{\"@type\":\"WebPage\",\"@id\":\"https:\\\/\\\/www.rememberme-forever.com\\\/it\\\/prodotto\\\/urna-per-ceneri-di-cane-design-geometrico-tutte-le-razze\\\/\",\"url\":\"https:\\\/\\\/www.rememberme-forever.com\\\/it\\\/prodotto\\\/urna-per-ceneri-di-cane-design-geometrico-tutte-le-razze\\\/\",\"name\":\"Urna per ceneri di cane - design geometrico - tutte le razze\",\"isPartOf\":{\"@id\":\"https:\\\/\\\/www.rememberme-forever.com\\\/it\\\/#website\"},\"primaryImageOfPage\":{\"@id\":\"https:\\\/\\\/www.rememberme-forever.com\\\/it\\\/prodotto\\\/urna-per-ceneri-di-cane-design-geometrico-tutte-le-razze\\\/#primaryimage\"},\"image\":{\"@id\":\"https:\\\/\\\/www.rememberme-forever.com\\\/it\\\/prodotto\\\/urna-per-ceneri-di-cane-design-geometrico-tutte-le-razze\\\/#primaryimage\"},\"thumbnailUrl\":\"https:\\\/\\\/www.rememberme-forever.com\\\/wp-content\\\/uploads\\\/2023\\\/04\\\/urn-for-dog-ashes.jpg\",\"datePublished\":\"2023-04-20T11:17:14+00:00\",\"description\":\"Questa splendida urna in legno per le ceneri del cane \u00e8 il modo perfetto per rendere omaggio a un amato amico a quattro zampe. I nostri esperti artigiani hanno creato un design geometrico unico\",\"breadcrumb\":{\"@id\":\"https:\\\/\\\/www.rememberme-forever.com\\\/it\\\/prodotto\\\/urna-per-ceneri-di-cane-design-geometrico-tutte-le-razze\\\/#breadcrumb\"},\"inLanguage\":\"it-IT\",\"potentialAction\":[{\"@type\":\"ReadAction\",\"target\":[\"https:\\\/\\\/www.rememberme-forever.com\\\/it\\\/prodotto\\\/urna-per-ceneri-di-cane-design-geometrico-tutte-le-razze\\\/\"]}]},{\"@type\":\"ImageObject\",\"inLanguage\":\"it-IT\",\"@id\":\"https:\\\/\\\/www.rememberme-forever.com\\\/it\\\/prodotto\\\/urna-per-ceneri-di-cane-design-geometrico-tutte-le-razze\\\/#primaryimage\",\"url\":\"https:\\\/\\\/www.rememberme-forever.com\\\/wp-content\\\/uploads\\\/2023\\\/04\\\/urn-for-dog-ashes.jpg\",\"contentUrl\":\"https:\\\/\\\/www.rememberme-forever.com\\\/wp-content\\\/uploads\\\/2023\\\/04\\\/urn-for-dog-ashes.jpg\",\"width\":768,\"height\":768,\"caption\":\"urna per ceneri di cane\"},{\"@type\":\"BreadcrumbList\",\"@id\":\"https:\\\/\\\/www.rememberme-forever.com\\\/it\\\/prodotto\\\/urna-per-ceneri-di-cane-design-geometrico-tutte-le-razze\\\/#breadcrumb\",\"itemListElement\":[{\"@type\":\"ListItem\",\"position\":1,\"name\":\"Home\",\"item\":\"https:\\\/\\\/www.rememberme-forever.com\\\/it\\\/home\\\/\"},{\"@type\":\"ListItem\",\"position\":2,\"name\":\"Negozio\",\"item\":\"https:\\\/\\\/www.rememberme-forever.com\\\/it\\\/negozio\\\/\"},{\"@type\":\"ListItem\",\"position\":3,\"name\":\"Urna per ceneri di cane &#8211; design geometrico &#8211; tutte le razze\"}]},{\"@type\":\"WebSite\",\"@id\":\"https:\\\/\\\/www.rememberme-forever.com\\\/it\\\/#website\",\"url\":\"https:\\\/\\\/www.rememberme-forever.com\\\/it\\\/\",\"name\":\"Remember Forever\",\"description\":\"Cremation urns, funeral urns, urns for ashes\",\"publisher\":{\"@id\":\"https:\\\/\\\/www.rememberme-forever.com\\\/it\\\/#organization\"},\"potentialAction\":[{\"@type\":\"SearchAction\",\"target\":{\"@type\":\"EntryPoint\",\"urlTemplate\":\"https:\\\/\\\/www.rememberme-forever.com\\\/it\\\/?s={search_term_string}\"},\"query-input\":{\"@type\":\"PropertyValueSpecification\",\"valueRequired\":true,\"valueName\":\"search_term_string\"}}],\"inLanguage\":\"it-IT\"},{\"@type\":\"Organization\",\"@id\":\"https:\\\/\\\/www.rememberme-forever.com\\\/it\\\/#organization\",\"name\":\"Remember Forever\",\"url\":\"https:\\\/\\\/www.rememberme-forever.com\\\/it\\\/\",\"logo\":{\"@type\":\"ImageObject\",\"inLanguage\":\"it-IT\",\"@id\":\"https:\\\/\\\/www.rememberme-forever.com\\\/it\\\/#\\\/schema\\\/logo\\\/image\\\/\",\"url\":\"https:\\\/\\\/www.rememberme-forever.com\\\/wp-content\\\/uploads\\\/2023\\\/02\\\/logo.png\",\"contentUrl\":\"https:\\\/\\\/www.rememberme-forever.com\\\/wp-content\\\/uploads\\\/2023\\\/02\\\/logo.png\",\"width\":300,\"height\":56,\"caption\":\"Remember Forever\"},\"image\":{\"@id\":\"https:\\\/\\\/www.rememberme-forever.com\\\/it\\\/#\\\/schema\\\/logo\\\/image\\\/\"}}]}<\/script>\n<!-- \/ Yoast SEO plugin. -->","yoast_head_json":{"title":"Urna per ceneri di cane - design geometrico - tutte le razze","description":"Questa splendida urna in legno per le ceneri del cane \u00e8 il modo perfetto per rendere omaggio a un amato amico a quattro zampe. I nostri esperti artigiani hanno creato un design geometrico unico","robots":{"index":"index","follow":"follow","max-snippet":"max-snippet:-1","max-image-preview":"max-image-preview:large","max-video-preview":"max-video-preview:-1"},"canonical":"https:\/\/www.rememberme-forever.com\/it\/prodotto\/urna-per-ceneri-di-cane-design-geometrico-tutte-le-razze\/","og_locale":"it_IT","og_type":"article","og_title":"Urna per ceneri di cane - design geometrico - tutte le razze","og_description":"Questa splendida urna in legno per le ceneri del cane \u00e8 il modo perfetto per rendere omaggio a un amato amico a quattro zampe. I nostri esperti artigiani hanno creato un design geometrico unico","og_url":"https:\/\/www.rememberme-forever.com\/it\/prodotto\/urna-per-ceneri-di-cane-design-geometrico-tutte-le-razze\/","og_site_name":"Remember Forever","og_image":[{"width":768,"height":768,"url":"https:\/\/www.rememberme-forever.com\/wp-content\/uploads\/2023\/04\/urn-for-dog-ashes.jpg","type":"image\/jpeg"}],"twitter_card":"summary_large_image","twitter_misc":{"Tempo di lettura stimato":"1 minuto"},"schema":{"@context":"https:\/\/schema.org","@graph":[{"@type":"WebPage","@id":"https:\/\/www.rememberme-forever.com\/it\/prodotto\/urna-per-ceneri-di-cane-design-geometrico-tutte-le-razze\/","url":"https:\/\/www.rememberme-forever.com\/it\/prodotto\/urna-per-ceneri-di-cane-design-geometrico-tutte-le-razze\/","name":"Urna per ceneri di cane - design geometrico - tutte le razze","isPartOf":{"@id":"https:\/\/www.rememberme-forever.com\/it\/#website"},"primaryImageOfPage":{"@id":"https:\/\/www.rememberme-forever.com\/it\/prodotto\/urna-per-ceneri-di-cane-design-geometrico-tutte-le-razze\/#primaryimage"},"image":{"@id":"https:\/\/www.rememberme-forever.com\/it\/prodotto\/urna-per-ceneri-di-cane-design-geometrico-tutte-le-razze\/#primaryimage"},"thumbnailUrl":"https:\/\/www.rememberme-forever.com\/wp-content\/uploads\/2023\/04\/urn-for-dog-ashes.jpg","datePublished":"2023-04-20T11:17:14+00:00","description":"Questa splendida urna in legno per le ceneri del cane \u00e8 il modo perfetto per rendere omaggio a un amato amico a quattro zampe. I nostri esperti artigiani hanno creato un design geometrico unico","breadcrumb":{"@id":"https:\/\/www.rememberme-forever.com\/it\/prodotto\/urna-per-ceneri-di-cane-design-geometrico-tutte-le-razze\/#breadcrumb"},"inLanguage":"it-IT","potentialAction":[{"@type":"ReadAction","target":["https:\/\/www.rememberme-forever.com\/it\/prodotto\/urna-per-ceneri-di-cane-design-geometrico-tutte-le-razze\/"]}]},{"@type":"ImageObject","inLanguage":"it-IT","@id":"https:\/\/www.rememberme-forever.com\/it\/prodotto\/urna-per-ceneri-di-cane-design-geometrico-tutte-le-razze\/#primaryimage","url":"https:\/\/www.rememberme-forever.com\/wp-content\/uploads\/2023\/04\/urn-for-dog-ashes.jpg","contentUrl":"https:\/\/www.rememberme-forever.com\/wp-content\/uploads\/2023\/04\/urn-for-dog-ashes.jpg","width":768,"height":768,"caption":"urna per ceneri di cane"},{"@type":"BreadcrumbList","@id":"https:\/\/www.rememberme-forever.com\/it\/prodotto\/urna-per-ceneri-di-cane-design-geometrico-tutte-le-razze\/#breadcrumb","itemListElement":[{"@type":"ListItem","position":1,"name":"Home","item":"https:\/\/www.rememberme-forever.com\/it\/home\/"},{"@type":"ListItem","position":2,"name":"Negozio","item":"https:\/\/www.rememberme-forever.com\/it\/negozio\/"},{"@type":"ListItem","position":3,"name":"Urna per ceneri di cane &#8211; design geometrico &#8211; tutte le razze"}]},{"@type":"WebSite","@id":"https:\/\/www.rememberme-forever.com\/it\/#website","url":"https:\/\/www.rememberme-forever.com\/it\/","name":"Remember Forever","description":"Cremation urns, funeral urns, urns for ashes","publisher":{"@id":"https:\/\/www.rememberme-forever.com\/it\/#organization"},"potentialAction":[{"@type":"SearchAction","target":{"@type":"EntryPoint","urlTemplate":"https:\/\/www.rememberme-forever.com\/it\/?s={search_term_string}"},"query-input":{"@type":"PropertyValueSpecification","valueRequired":true,"valueName":"search_term_string"}}],"inLanguage":"it-IT"},{"@type":"Organization","@id":"https:\/\/www.rememberme-forever.com\/it\/#organization","name":"Remember Forever","url":"https:\/\/www.rememberme-forever.com\/it\/","logo":{"@type":"ImageObject","inLanguage":"it-IT","@id":"https:\/\/www.rememberme-forever.com\/it\/#\/schema\/logo\/image\/","url":"https:\/\/www.rememberme-forever.com\/wp-content\/uploads\/2023\/02\/logo.png","contentUrl":"https:\/\/www.rememberme-forever.com\/wp-content\/uploads\/2023\/02\/logo.png","width":300,"height":56,"caption":"Remember Forever"},"image":{"@id":"https:\/\/www.rememberme-forever.com\/it\/#\/schema\/logo\/image\/"}}]}},"acf":[],"_links":{"self":[{"href":"https:\/\/www.rememberme-forever.com\/it\/wp-json\/wp\/v2\/product\/27523","targetHints":{"allow":["GET"]}}],"collection":[{"href":"https:\/\/www.rememberme-forever.com\/it\/wp-json\/wp\/v2\/product"}],"about":[{"href":"https:\/\/www.rememberme-forever.com\/it\/wp-json\/wp\/v2\/types\/product"}],"wp:featuredmedia":[{"embeddable":true,"href":"https:\/\/www.rememberme-forever.com\/it\/wp-json\/wp\/v2\/media\/27162"}],"wp:attachment":[{"href":"https:\/\/www.rememberme-forever.com\/it\/wp-json\/wp\/v2\/media?parent=27523"}],"wp:term":[{"taxonomy":"product_brand","embeddable":true,"href":"https:\/\/www.rememberme-forever.com\/it\/wp-json\/wp\/v2\/product_brand?post=27523"},{"taxonomy":"product_cat","embeddable":true,"href":"https:\/\/www.rememberme-forever.com\/it\/wp-json\/wp\/v2\/product_cat?post=27523"},{"taxonomy":"product_tag","embeddable":true,"href":"https:\/\/www.rememberme-forever.com\/it\/wp-json\/wp\/v2\/product_tag?post=27523"}],"curies":[{"name":"wp","href":"https:\/\/api.w.org\/{rel}","templated":true}]}}