{"id":28303,"date":"2023-04-25T10:36:47","date_gmt":"2023-04-25T08:36:47","guid":{"rendered":"https:\/\/www.rememberme-forever.com\/product\/targa-commemorativa-adesiva-con-testo-personalizzato\/"},"modified":"2026-03-17T12:37:47","modified_gmt":"2026-03-17T11:37:47","slug":"targa-commemorativa-adesiva-con-testo-personalizzato","status":"publish","type":"product","link":"https:\/\/www.rememberme-forever.com\/it\/prodotto\/targa-commemorativa-adesiva-con-testo-personalizzato\/","title":{"rendered":"Targa commemorativa adesiva con testo personalizzato."},"content":{"rendered":"<h2 style=\"text-align: center;\">Targa commemorativa con testo personalizzato<\/h2>\n<p style=\"text-align: center;\">Targhetta\/targa commemorativa incisa in oro o argento &#8211; angoli squadrati &#8211; 81 mm x 45 mm (3,18&#8243; x 1,77&#8243;) \u00e8 perfetta per la tua urna cineraria o memoriale.<\/p>\n<p style=\"text-align: center;\">Si abbina a quasi ogni urna in legno o metallo o a qualsiasi altro articolo commemorativo.<br \/>\nIl materiale acrilico imita l&#8217;aspetto metallico: questo materiale sintetico non metallico offre una definizione di lettere e bordi incredibilmente nitida (leggermente flessibile ma non destinato a superfici curve).<\/p>\n<p style=\"text-align: center;\">Ogni targa \u00e8 dotata di nastro biadesivo 3M, che ne facilita il montaggio su quasi tutte le superfici piane, lisce e pulite (legno, metallo, plastica, marmo, marmo sintetico, ecc.).<br \/>\nL&#8217;incisione personalizzata \u00e8 inclusa fino a <strong>5 righe di testo con 28 caratteri per riga (spazi inclusi).<\/strong> Se hai bisogno di pi\u00f9 testo di quello consentito o se hai domande, contatta tramite il modulo di contatto.<\/p>\n<p style=\"text-align: center;\"><strong>Specifiche<\/strong><br \/>\n\u2022 Materiale: acrilico con effetto metallico<br \/>\n\u2022 Il retro adesivo 3M facilita il montaggio su quasi tutte le superfici piane, lisce e pulite<br \/>\n(legno, metallo, plastica, marmo, marmo sintetico, ecc.).<br \/>\n\u2022 Dimensioni: 81 mm x 45 mm (3,18&#8243; x 1,77&#8243;) (se hai bisogno di dimensioni diverse, faccelo sapere)<br \/>\n\u2022 Spedizione tramite Fedex o TNT<\/p>\n<p style=\"text-align: center;\"><em>I dettagli dell&#8217;incisione possono essere inseriti nel riquadro &#8220;Testo della targa commemorativa&#8221;<\/em><\/p>\n<p style=\"text-align: center;\"><strong>IMPORTANTE<\/strong><\/p>\n<p style=\"text-align: center;\">Assicurati che l&#8217;ortografia, la grammatica e la punteggiatura siano corrette al momento dell&#8217;ordine, poich\u00e9 la targa verr\u00e0 incisa esattamente cos\u00ec.<br \/>\nTutte le targhe saranno incise con il carattere Standard Arial, a meno di richieste specifiche. Tutto il testo sulle targhe sar\u00e0 centrato per adattarsi al meglio all&#8217;equilibrio della piastra. Se desideri un layout speciale, ti preghiamo di richiederlo.<\/p>\n<p style=\"text-align: center;\">Se viene ordinato un altro articolo insieme a una targhetta (ad esempio un&#8217;urna), la targhetta pu\u00f2 essere imballata con l&#8217;urna per risparmiare sui costi di spedizione o spedita separatamente a seconda dell&#8217;articolo.<br \/>\nSpedito solitamente in 1 giorno lavorativo.<\/p>\n","protected":false},"excerpt":{"rendered":"<p><em><strong>Targa commemorativa per urna cineraria.<\/strong><\/em><\/p>\n","protected":false},"featured_media":25202,"template":"","meta":{"_acf_changed":false},"product_brand":[],"product_cat":[2472],"product_tag":[3297],"class_list":{"0":"post-28303","1":"product","2":"type-product","3":"status-publish","4":"has-post-thumbnail","6":"product_cat-accessori","7":"product_tag-gpsr-all-urns-accesories","8":"product_shipping_class-0-1-kg","10":"first","11":"instock","12":"taxable","13":"shipping-taxable","14":"purchasable","15":"product-type-variable"},"yoast_head":"<!-- This site is optimized with the Yoast SEO plugin v27.4 - https:\/\/yoast.com\/product\/yoast-seo-wordpress\/ -->\n<title>Targa commemorativa adesiva con testo personalizzato.<\/title>\n<meta name=\"description\" content=\"Targhetta\/targa commemorativa incisa in oro o argento - angoli squadrati: 81 mm x 45 mm (3,18&quot; x 1,77&quot;) \u00e8 perfetta per la tua urna cineraria o memoriale. Adesiva\" \/>\n<meta name=\"robots\" content=\"index, follow, max-snippet:-1, max-image-preview:large, max-video-preview:-1\" \/>\n<link rel=\"canonical\" href=\"https:\/\/www.rememberme-forever.com\/it\/prodotto\/targa-commemorativa-adesiva-con-testo-personalizzato\/\" \/>\n<meta property=\"og:locale\" content=\"it_IT\" \/>\n<meta property=\"og:type\" content=\"article\" \/>\n<meta property=\"og:title\" content=\"Targa commemorativa adesiva con testo personalizzato.\" \/>\n<meta property=\"og:description\" content=\"Targhetta\/targa commemorativa incisa in oro o argento - angoli squadrati: 81 mm x 45 mm (3,18&quot; x 1,77&quot;) \u00e8 perfetta per la tua urna cineraria o memoriale. Adesiva\" \/>\n<meta property=\"og:url\" content=\"https:\/\/www.rememberme-forever.com\/it\/prodotto\/targa-commemorativa-adesiva-con-testo-personalizzato\/\" \/>\n<meta property=\"og:site_name\" content=\"Remember Forever\" \/>\n<meta property=\"article:modified_time\" content=\"2026-03-17T11:37:47+00:00\" \/>\n<meta property=\"og:image\" content=\"http:\/\/www.rememberme-forever.com\/wp-content\/uploads\/2023\/04\/memorial-plaque-cremation-urn-gold.jpg\" \/>\n\t<meta property=\"og:image:width\" content=\"448\" \/>\n\t<meta property=\"og:image:height\" content=\"224\" \/>\n\t<meta property=\"og:image:type\" content=\"image\/jpeg\" \/>\n<meta name=\"twitter:card\" content=\"summary_large_image\" \/>\n<meta name=\"twitter:label1\" content=\"Tempo di lettura stimato\" \/>\n\t<meta name=\"twitter:data1\" content=\"2 minuti\" \/>\n<script type=\"application\/ld+json\" class=\"yoast-schema-graph\">{\"@context\":\"https:\\\/\\\/schema.org\",\"@graph\":[{\"@type\":\"WebPage\",\"@id\":\"https:\\\/\\\/www.rememberme-forever.com\\\/it\\\/prodotto\\\/targa-commemorativa-adesiva-con-testo-personalizzato\\\/\",\"url\":\"https:\\\/\\\/www.rememberme-forever.com\\\/it\\\/prodotto\\\/targa-commemorativa-adesiva-con-testo-personalizzato\\\/\",\"name\":\"Targa commemorativa adesiva con testo personalizzato.\",\"isPartOf\":{\"@id\":\"https:\\\/\\\/www.rememberme-forever.com\\\/it\\\/#website\"},\"primaryImageOfPage\":{\"@id\":\"https:\\\/\\\/www.rememberme-forever.com\\\/it\\\/prodotto\\\/targa-commemorativa-adesiva-con-testo-personalizzato\\\/#primaryimage\"},\"image\":{\"@id\":\"https:\\\/\\\/www.rememberme-forever.com\\\/it\\\/prodotto\\\/targa-commemorativa-adesiva-con-testo-personalizzato\\\/#primaryimage\"},\"thumbnailUrl\":\"https:\\\/\\\/www.rememberme-forever.com\\\/wp-content\\\/uploads\\\/2023\\\/04\\\/memorial-plaque-cremation-urn-gold.jpg\",\"datePublished\":\"2023-04-25T08:36:47+00:00\",\"dateModified\":\"2026-03-17T11:37:47+00:00\",\"description\":\"Targhetta\\\/targa commemorativa incisa in oro o argento - angoli squadrati: 81 mm x 45 mm (3,18\\\" x 1,77\\\") \u00e8 perfetta per la tua urna cineraria o memoriale. Adesiva\",\"breadcrumb\":{\"@id\":\"https:\\\/\\\/www.rememberme-forever.com\\\/it\\\/prodotto\\\/targa-commemorativa-adesiva-con-testo-personalizzato\\\/#breadcrumb\"},\"inLanguage\":\"it-IT\",\"potentialAction\":[{\"@type\":\"ReadAction\",\"target\":[\"https:\\\/\\\/www.rememberme-forever.com\\\/it\\\/prodotto\\\/targa-commemorativa-adesiva-con-testo-personalizzato\\\/\"]}]},{\"@type\":\"ImageObject\",\"inLanguage\":\"it-IT\",\"@id\":\"https:\\\/\\\/www.rememberme-forever.com\\\/it\\\/prodotto\\\/targa-commemorativa-adesiva-con-testo-personalizzato\\\/#primaryimage\",\"url\":\"https:\\\/\\\/www.rememberme-forever.com\\\/wp-content\\\/uploads\\\/2023\\\/04\\\/memorial-plaque-cremation-urn-gold.jpg\",\"contentUrl\":\"https:\\\/\\\/www.rememberme-forever.com\\\/wp-content\\\/uploads\\\/2023\\\/04\\\/memorial-plaque-cremation-urn-gold.jpg\",\"width\":448,\"height\":224,\"caption\":\"targa commemorativa urna cineraria oro\"},{\"@type\":\"BreadcrumbList\",\"@id\":\"https:\\\/\\\/www.rememberme-forever.com\\\/it\\\/prodotto\\\/targa-commemorativa-adesiva-con-testo-personalizzato\\\/#breadcrumb\",\"itemListElement\":[{\"@type\":\"ListItem\",\"position\":1,\"name\":\"Home\",\"item\":\"https:\\\/\\\/www.rememberme-forever.com\\\/it\\\/home\\\/\"},{\"@type\":\"ListItem\",\"position\":2,\"name\":\"Negozio\",\"item\":\"https:\\\/\\\/www.rememberme-forever.com\\\/it\\\/negozio\\\/\"},{\"@type\":\"ListItem\",\"position\":3,\"name\":\"Targa commemorativa adesiva con testo personalizzato.\"}]},{\"@type\":\"WebSite\",\"@id\":\"https:\\\/\\\/www.rememberme-forever.com\\\/it\\\/#website\",\"url\":\"https:\\\/\\\/www.rememberme-forever.com\\\/it\\\/\",\"name\":\"Remember Forever\",\"description\":\"Cremation urns, funeral urns, urns for ashes\",\"publisher\":{\"@id\":\"https:\\\/\\\/www.rememberme-forever.com\\\/it\\\/#organization\"},\"potentialAction\":[{\"@type\":\"SearchAction\",\"target\":{\"@type\":\"EntryPoint\",\"urlTemplate\":\"https:\\\/\\\/www.rememberme-forever.com\\\/it\\\/?s={search_term_string}\"},\"query-input\":{\"@type\":\"PropertyValueSpecification\",\"valueRequired\":true,\"valueName\":\"search_term_string\"}}],\"inLanguage\":\"it-IT\"},{\"@type\":\"Organization\",\"@id\":\"https:\\\/\\\/www.rememberme-forever.com\\\/it\\\/#organization\",\"name\":\"Remember Forever\",\"url\":\"https:\\\/\\\/www.rememberme-forever.com\\\/it\\\/\",\"logo\":{\"@type\":\"ImageObject\",\"inLanguage\":\"it-IT\",\"@id\":\"https:\\\/\\\/www.rememberme-forever.com\\\/it\\\/#\\\/schema\\\/logo\\\/image\\\/\",\"url\":\"https:\\\/\\\/www.rememberme-forever.com\\\/wp-content\\\/uploads\\\/2023\\\/02\\\/logo.png\",\"contentUrl\":\"https:\\\/\\\/www.rememberme-forever.com\\\/wp-content\\\/uploads\\\/2023\\\/02\\\/logo.png\",\"width\":300,\"height\":56,\"caption\":\"Remember Forever\"},\"image\":{\"@id\":\"https:\\\/\\\/www.rememberme-forever.com\\\/it\\\/#\\\/schema\\\/logo\\\/image\\\/\"}}]}<\/script>\n<!-- \/ Yoast SEO plugin. -->","yoast_head_json":{"title":"Targa commemorativa adesiva con testo personalizzato.","description":"Targhetta\/targa commemorativa incisa in oro o argento - angoli squadrati: 81 mm x 45 mm (3,18\" x 1,77\") \u00e8 perfetta per la tua urna cineraria o memoriale. Adesiva","robots":{"index":"index","follow":"follow","max-snippet":"max-snippet:-1","max-image-preview":"max-image-preview:large","max-video-preview":"max-video-preview:-1"},"canonical":"https:\/\/www.rememberme-forever.com\/it\/prodotto\/targa-commemorativa-adesiva-con-testo-personalizzato\/","og_locale":"it_IT","og_type":"article","og_title":"Targa commemorativa adesiva con testo personalizzato.","og_description":"Targhetta\/targa commemorativa incisa in oro o argento - angoli squadrati: 81 mm x 45 mm (3,18\" x 1,77\") \u00e8 perfetta per la tua urna cineraria o memoriale. Adesiva","og_url":"https:\/\/www.rememberme-forever.com\/it\/prodotto\/targa-commemorativa-adesiva-con-testo-personalizzato\/","og_site_name":"Remember Forever","article_modified_time":"2026-03-17T11:37:47+00:00","og_image":[{"width":448,"height":224,"url":"http:\/\/www.rememberme-forever.com\/wp-content\/uploads\/2023\/04\/memorial-plaque-cremation-urn-gold.jpg","type":"image\/jpeg"}],"twitter_card":"summary_large_image","twitter_misc":{"Tempo di lettura stimato":"2 minuti"},"schema":{"@context":"https:\/\/schema.org","@graph":[{"@type":"WebPage","@id":"https:\/\/www.rememberme-forever.com\/it\/prodotto\/targa-commemorativa-adesiva-con-testo-personalizzato\/","url":"https:\/\/www.rememberme-forever.com\/it\/prodotto\/targa-commemorativa-adesiva-con-testo-personalizzato\/","name":"Targa commemorativa adesiva con testo personalizzato.","isPartOf":{"@id":"https:\/\/www.rememberme-forever.com\/it\/#website"},"primaryImageOfPage":{"@id":"https:\/\/www.rememberme-forever.com\/it\/prodotto\/targa-commemorativa-adesiva-con-testo-personalizzato\/#primaryimage"},"image":{"@id":"https:\/\/www.rememberme-forever.com\/it\/prodotto\/targa-commemorativa-adesiva-con-testo-personalizzato\/#primaryimage"},"thumbnailUrl":"https:\/\/www.rememberme-forever.com\/wp-content\/uploads\/2023\/04\/memorial-plaque-cremation-urn-gold.jpg","datePublished":"2023-04-25T08:36:47+00:00","dateModified":"2026-03-17T11:37:47+00:00","description":"Targhetta\/targa commemorativa incisa in oro o argento - angoli squadrati: 81 mm x 45 mm (3,18\" x 1,77\") \u00e8 perfetta per la tua urna cineraria o memoriale. Adesiva","breadcrumb":{"@id":"https:\/\/www.rememberme-forever.com\/it\/prodotto\/targa-commemorativa-adesiva-con-testo-personalizzato\/#breadcrumb"},"inLanguage":"it-IT","potentialAction":[{"@type":"ReadAction","target":["https:\/\/www.rememberme-forever.com\/it\/prodotto\/targa-commemorativa-adesiva-con-testo-personalizzato\/"]}]},{"@type":"ImageObject","inLanguage":"it-IT","@id":"https:\/\/www.rememberme-forever.com\/it\/prodotto\/targa-commemorativa-adesiva-con-testo-personalizzato\/#primaryimage","url":"https:\/\/www.rememberme-forever.com\/wp-content\/uploads\/2023\/04\/memorial-plaque-cremation-urn-gold.jpg","contentUrl":"https:\/\/www.rememberme-forever.com\/wp-content\/uploads\/2023\/04\/memorial-plaque-cremation-urn-gold.jpg","width":448,"height":224,"caption":"targa commemorativa urna cineraria oro"},{"@type":"BreadcrumbList","@id":"https:\/\/www.rememberme-forever.com\/it\/prodotto\/targa-commemorativa-adesiva-con-testo-personalizzato\/#breadcrumb","itemListElement":[{"@type":"ListItem","position":1,"name":"Home","item":"https:\/\/www.rememberme-forever.com\/it\/home\/"},{"@type":"ListItem","position":2,"name":"Negozio","item":"https:\/\/www.rememberme-forever.com\/it\/negozio\/"},{"@type":"ListItem","position":3,"name":"Targa commemorativa adesiva con testo personalizzato."}]},{"@type":"WebSite","@id":"https:\/\/www.rememberme-forever.com\/it\/#website","url":"https:\/\/www.rememberme-forever.com\/it\/","name":"Remember Forever","description":"Cremation urns, funeral urns, urns for ashes","publisher":{"@id":"https:\/\/www.rememberme-forever.com\/it\/#organization"},"potentialAction":[{"@type":"SearchAction","target":{"@type":"EntryPoint","urlTemplate":"https:\/\/www.rememberme-forever.com\/it\/?s={search_term_string}"},"query-input":{"@type":"PropertyValueSpecification","valueRequired":true,"valueName":"search_term_string"}}],"inLanguage":"it-IT"},{"@type":"Organization","@id":"https:\/\/www.rememberme-forever.com\/it\/#organization","name":"Remember Forever","url":"https:\/\/www.rememberme-forever.com\/it\/","logo":{"@type":"ImageObject","inLanguage":"it-IT","@id":"https:\/\/www.rememberme-forever.com\/it\/#\/schema\/logo\/image\/","url":"https:\/\/www.rememberme-forever.com\/wp-content\/uploads\/2023\/02\/logo.png","contentUrl":"https:\/\/www.rememberme-forever.com\/wp-content\/uploads\/2023\/02\/logo.png","width":300,"height":56,"caption":"Remember Forever"},"image":{"@id":"https:\/\/www.rememberme-forever.com\/it\/#\/schema\/logo\/image\/"}}]}},"acf":[],"_links":{"self":[{"href":"https:\/\/www.rememberme-forever.com\/it\/wp-json\/wp\/v2\/product\/28303","targetHints":{"allow":["GET"]}}],"collection":[{"href":"https:\/\/www.rememberme-forever.com\/it\/wp-json\/wp\/v2\/product"}],"about":[{"href":"https:\/\/www.rememberme-forever.com\/it\/wp-json\/wp\/v2\/types\/product"}],"wp:featuredmedia":[{"embeddable":true,"href":"https:\/\/www.rememberme-forever.com\/it\/wp-json\/wp\/v2\/media\/25202"}],"wp:attachment":[{"href":"https:\/\/www.rememberme-forever.com\/it\/wp-json\/wp\/v2\/media?parent=28303"}],"wp:term":[{"taxonomy":"product_brand","embeddable":true,"href":"https:\/\/www.rememberme-forever.com\/it\/wp-json\/wp\/v2\/product_brand?post=28303"},{"taxonomy":"product_cat","embeddable":true,"href":"https:\/\/www.rememberme-forever.com\/it\/wp-json\/wp\/v2\/product_cat?post=28303"},{"taxonomy":"product_tag","embeddable":true,"href":"https:\/\/www.rememberme-forever.com\/it\/wp-json\/wp\/v2\/product_tag?post=28303"}],"curies":[{"name":"wp","href":"https:\/\/api.w.org\/{rel}","templated":true}]}}