{"id":7052,"date":"2023-02-01T12:21:42","date_gmt":"2023-02-01T11:21:42","guid":{"rendered":"http:\/\/www.rememberme-forever.com\/polityka-prywatnosci\/"},"modified":"2023-06-05T16:14:41","modified_gmt":"2023-06-05T14:14:41","slug":"polityka-prywatnosci","status":"publish","type":"page","link":"https:\/\/www.rememberme-forever.com\/pl\/polityka-prywatnosci\/","title":{"rendered":"Polityka prywatno\u015bci"},"content":{"rendered":"\n<h1 class=\"wp-block-heading\">POLITYKA PRYWATNO\u015aCI<\/h1>\n\n\n\n<p><strong>POLITYKA PRYWATNO\u015aCI<\/strong><\/p>\n\n\n\n<p><strong>SKLEPU INTERNETOWEGO<\/strong><\/p>\n\n\n\n<p><a><strong><u>REMEMBER FOREVER<\/u><\/strong><\/a><\/p>\n\n\n\n<figure class=\"wp-block-embed is-type-wp-embed is-provider-remember-forever wp-block-embed-remember-forever\"><div class=\"wp-block-embed__wrapper\">\n<blockquote class=\"wp-embedded-content\" data-secret=\"91CvOaHgOK\"><a href=\"https:\/\/www.rememberme-forever.com\/\">Home<\/a><\/blockquote><iframe loading=\"lazy\" class=\"wp-embedded-content\" sandbox=\"allow-scripts\" security=\"restricted\" style=\"position: absolute; clip: rect(1px, 1px, 1px, 1px);\" title=\"&#8220;Home&#8221; &#8212; Remember Forever\" src=\"https:\/\/www.rememberme-forever.com\/embed\/#?secret=GTdUXfONS1#?secret=91CvOaHgOK\" data-secret=\"91CvOaHgOK\" width=\"600\" height=\"338\" frameborder=\"0\" marginwidth=\"0\" marginheight=\"0\" scrolling=\"no\"><\/iframe>\n<\/div><\/figure>\n\n\n\n<ol class=\"wp-block-list\">\n<li><strong>Informacje og\u00f3lne<\/strong><\/li>\n<\/ol>\n\n\n\n<p>Niniejszy dokument okre\u015bla zasady prywatno\u015bci w Sklepie internetowym <a href=\"https:\/\/rememberme-forever.com\/\">https:\/\/rememberme-forever.com\/<\/a> (dalej jako \u201eSklep Internetowy\u201d). Administratorem danych w Sklepie Internetowym jest REMEMBER FOREVER Jolanta Szewczyk, Pu\u0142anki 107 , 38-130 Frysztak, NIP:8191525142, REGON:369742767, +48 515 351 884, info@rememberme-forever.com .<\/p>\n\n\n\n<ol class=\"wp-block-list\" start=\"2\">\n<li><strong>Dane osobowe<\/strong><\/li>\n<\/ol>\n\n\n\n<ol class=\"wp-block-list\">\n<li>Dane osobowe zbierane przez Administratora s\u0105 przetwarzane na podstawie Rozporz\u0105dzenia Parlamentu Europejskiego i Rady (UE) 2016\/679 z dnia 27 kwietnia 2016 roku w sprawie ochrony os\u00f3b fizycznych w zwi\u0105zku z przetwarzaniem danych osobowych i w sprawie swobodnego przep\u0142ywu takich danych oraz uchylenia dyrektywy 95\/46\/WE (dalej RODO), aktualnej ustawy o ochronie danych osobowych oraz ustawy z dnia 18 lipca 2002 r. o \u015bwiadczeniu us\u0142ug drog\u0105 elektroniczn\u0105 (Dz.U. 2002 nr 144 poz. 1204 z p\u00f3\u017an. zm.).<\/li>\n\n\n\n<li>Administrator zbiera informacje podane dobrowolnie, przez Klient\u00f3w Sklepu Internetowego. Jednak\u017ce podanie oznaczonych danych osobowych jest warunkiem z\u0142o\u017cenia zam\u00f3wienia, natomiast konsekwencj\u0105 ich niepodania b\u0119dzie brak mo\u017cliwo\u015bci zam\u00f3wienia produkt\u00f3w w sklepie.<\/li>\n\n\n\n<li>Ponadto Administrator mo\u017ce zapisa\u0107 informacje o parametrach po\u0142\u0105czenia jak adresy IP w celach technicznych, zwi\u0105zanych z administracj\u0105 serwerami oraz do zbierania og\u00f3lnych, statystycznych informacji demograficznych (np. o regionie, z kt\u00f3rego nast\u0119puje po\u0142\u0105czenie), jak r\u00f3wnie\u017c w celach bezpiecze\u0144stwa.<\/li>\n\n\n\n<li>Administrator dok\u0142ada szczeg\u00f3lnych stara\u0144 w celu ochrony prywatno\u015bci i informacji mu przekazanych, a dotycz\u0105cych Klient\u00f3w Sklepu Internetowego. Administrator z nale\u017cyt\u0105 staranno\u015bci\u0105 dobiera i stosuje odpowiednie \u015brodki techniczne, w tym o charakterze programistycznym i organizacyjnym, zapewniaj\u0105ce ochron\u0119 przetwarzanych danych, w szczeg\u00f3lno\u015bci zabezpiecza dane przed ich udost\u0119pnieniem osobom nieupowa\u017cnionym, ujawnieniem, utraceniem i zniszczeniem, nieuprawnion\u0105 modyfikacj\u0105, jak r\u00f3wnie\u017c przed ich przetwarzaniem z naruszeniem obowi\u0105zuj\u0105cych przepis\u00f3w prawa.<\/li>\n\n\n\n<li>Dane osobowe b\u0119d\u0105 przetwarzane zgodnie z zasadami z art. 5 (RODO) :<\/li>\n<\/ol>\n\n\n\n<p>Dane osobowe b\u0119d\u0105:<\/p>\n\n\n\n<ol class=\"wp-block-list\">\n<li>przetwarzane zgodnie z prawem, rzetelnie i w spos\u00f3b przejrzysty dla osoby, kt\u00f3rej dane dotycz\u0105 (\u201ezgodno\u015b\u0107 z prawem, rzetelno\u015b\u0107 i przejrzysto\u015b\u0107\u201d);<\/li>\n\n\n\n<li>zbierane w konkretnych, wyra\u017anych i prawnie uzasadnionych celach i nieprzetwarzane dalej w spos\u00f3b niezgodny z tymi celami; dalsze przetwarzanie do cel\u00f3w archiwalnych w interesie publicznym, do cel\u00f3w bada\u0144 naukowych lub historycznych lub do cel\u00f3w statystycznych nie jest uznawane w my\u015bl art. 89 ust. 1 RODO za niezgodne z pierwotnymi celami (\u201eograniczenie celu\u201d);<\/li>\n\n\n\n<li>adekwatne, stosowne oraz ograniczone do tego, co niezb\u0119dne do cel\u00f3w, w kt\u00f3rych s\u0105 przetwarzane (\u201eminimalizacja danych\u201d);<\/li>\n\n\n\n<li>prawid\u0142owe i w razie potrzeby uaktualniane (\u201eprawid\u0142owo\u015b\u0107\u201d);<\/li>\n\n\n\n<li>przechowywane w formie umo\u017cliwiaj\u0105cej identyfikacj\u0119 osoby, kt\u00f3rej dane dotycz\u0105, przez okres nie d\u0142u\u017cszy, ni\u017c jest to niezb\u0119dne do cel\u00f3w, w kt\u00f3rych dane te s\u0105 przetwarzane; dane osobowe mo\u017cna przechowywa\u0107 przez okres d\u0142u\u017cszy, o ile b\u0119d\u0105 one przetwarzane wy\u0142\u0105cznie do cel\u00f3w archiwalnych w interesie publicznym, do cel\u00f3w bada\u0144 naukowych lub historycznych lub do cel\u00f3w statystycznych na mocy art. 89 ust. 1 RODO, z zastrze\u017ceniem \u017ce wdro\u017cone zostan\u0105 odpowiednie \u015brodki techniczne i organizacyjne wymagane na mocy niniejszego rozporz\u0105dzenia w celu ochrony praw i wolno\u015bci os\u00f3b, kt\u00f3rych dane dotycz\u0105 (\u201eograniczenie przechowywania\u201d);<\/li>\n\n\n\n<li>przetwarzane w spos\u00f3b zapewniaj\u0105cy odpowiednie bezpiecze\u0144stwo danych osobowych, w tym ochron\u0119 przed niedozwolonym lub niezgodnym z prawem przetwarzaniem oraz przypadkow\u0105 utrat\u0105, zniszczeniem lub uszkodzeniem, za pomoc\u0105 odpowiednich \u015brodk\u00f3w technicznych lub organizacyjnych (\u201eintegralno\u015b\u0107 i poufno\u015b\u0107\u201d).<\/li>\n\n\n\n<li>W ramach korzystania przez Administratora z narz\u0119dzi wspieraj\u0105cych jego bie\u017c\u0105c\u0105 dzia\u0142alno\u015b\u0107 udost\u0119pnianych np. przez firm\u0119 Google, Dane Osobowe Klienta mog\u0105 by\u0107 przekazywane do pa\u0144stwa spoza Europejskiego Obszaru Gospodarczego, w szczeg\u00f3lno\u015bci do Stan\u00f3w Zjednoczonych Ameryki (USA) lub innego pa\u0144stwa, w kt\u00f3rym podmiot z ni\u0105 wsp\u00f3\u0142pracuj\u0105cy utrzymuje narz\u0119dzia s\u0142u\u017c\u0105ce do przetwarzania Danych Osobowych przy wsp\u00f3\u0142pracy z Administratorem.<\/li>\n<\/ol>\n\n\n\n<ol class=\"wp-block-list\" start=\"3\">\n<li><strong>Podstawy prawne<\/strong><\/li>\n<\/ol>\n\n\n\n<ol class=\"wp-block-list\">\n<li>Podstaw\u0105 przetwarzania danych osobowych Klienta jest przede wszystkim konieczno\u015b\u0107 wykonania umowy, kt\u00f3rej jest stron\u0105 lub konieczno\u015b\u0107 podj\u0119cia na jego \u017c\u0105danie dzia\u0142a\u0144 przed jej zawarciem (art. 6 ust. 1 lit. b) RODO).<\/li>\n\n\n\n<li>Po wyra\u017ceniu odr\u0119bnej zgody, na podstawie art. 6 ust. 1 lit. a) RODO dane mog\u0105 by\u0107 przetwarzane r\u00f3wnie\u017c w celu przesy\u0142ania informacji handlowych drog\u0105 elektroniczn\u0105 lub wykonywania telefonicznych po\u0142\u0105cze\u0144 w celu marketingu bezpo\u015bredniego \u2013 odpowiednio w zwi\u0105zku z art. 10 ust. . 2 Ustawy z dnia 18 lipca 2002 roku o \u015bwiadczeniu us\u0142ug drog\u0105 elektroniczn\u0105 lub art. 172 ust. 1 Ustawy z dnia 16 lipca 2004 roku \u2013 Prawo Telekomunikacyjne<\/li>\n\n\n\n<li>Dane osobowe mog\u0105 by\u0107 przetwarzane tak\u017ce w spos\u00f3b zautomatyzowany w formie profilowania, o ile u\u017cytkownik wyrazi na to zgod\u0119 na podstawie art. 6 ust. 1 lit. a) RODO. Konsekwencj\u0105 profilowania b\u0119dzie przypisanie danej osobie profilu w celu podejmowania dotycz\u0105cych jej decyzji b\u0105d\u017a analizy lub przewidywania jej preferencji, zachowa\u0144 i postaw.<\/li>\n\n\n\n<li>W pozosta\u0142ych celach dane osobowe Klienta mog\u0105 by\u0107 przetwarzane na podstawie:<\/li>\n<\/ol>\n\n\n\n<ol class=\"wp-block-list\">\n<li>obowi\u0105zuj\u0105cych przepis\u00f3w prawa \u2013 gdy przetwarzanie jest niezb\u0119dne do wype\u0142nienia obowi\u0105zku prawnego ci\u0105\u017c\u0105cego na Administratorze, np. gdy na bazie przepis\u00f3w podatkowych lub rachunkowych Administrator rozlicza zawarte umowy sprzeda\u017cy (art. 6 ust. 1 lit. c) RODO);<\/li>\n\n\n\n<li>niezb\u0119dno\u015bci do innych ni\u017c wymienione powy\u017cej cel\u00f3w wynikaj\u0105cych z prawnie uzasadnionych interes\u00f3w realizowanych przez Administratora lub przez stron\u0119 trzeci\u0105, w szczeg\u00f3lno\u015bci do ustalenia, dochodzenia lub obrony roszcze\u0144, prowadzenia korespondencji z Klientami, tak\u017ce za po\u015brednictwem formularzy kontaktowych (w tym udzielania odpowiedzi na wiadomo\u015bci Klient\u00f3w), analiz rynkowych oraz statystycznych (art. 6 ust. 1 lit. f) RODO).<\/li>\n<\/ol>\n\n\n\n<ol class=\"wp-block-list\" start=\"5\">\n<li>Dane osobowe przetwarzane w celach zwi\u0105zanych z realizacj\u0105 zakup\u00f3w b\u0119d\u0105 przetwarzane przez okres niezb\u0119dny do realizacji zakup\u00f3w i zam\u00f3wienia, po czym dane podlegaj\u0105ce archiwizacji b\u0119d\u0105 przechowywane przez okres w\u0142a\u015bciwy dla przedawnienia roszcze\u0144 . Dane osobowe przetwarzane w celach marketingowych obj\u0119tych o\u015bwiadczeniem zgody b\u0119d\u0105 przetwarzane do czasu odwo\u0142ania zgody.<\/li>\n<\/ol>\n\n\n\n<ol class=\"wp-block-list\" start=\"4\">\n<li><strong>Odbiorcy danych osobowych<\/strong><\/li>\n<\/ol>\n\n\n\n<ol class=\"wp-block-list\">\n<li>Odbiorcami danych Kupuj\u0105cego mog\u0105 by\u0107 podmioty realizuj\u0105ce na zlecenie Sprzedaj\u0105cego zam\u00f3wienie i zajmuj\u0105ce si\u0119 jego obs\u0142ug\u0105: firmy wysy\u0142kowe, firmy ksi\u0119gowe, dostawcy towar\u00f3w, dostawcy rozwi\u0105za\u0144 informatycznych, firmy obs\u0142uguj\u0105ce p\u0142atno\u015bci, banki, firmy \u015bwiadcz\u0105ce us\u0142ugi marketingowe, dostawcy us\u0142ug telekomunikacyjnych, kancelarie prawne , uprawnione organy pa\u0144stwowe.<\/li>\n<\/ol>\n\n\n\n<ol class=\"wp-block-list\" start=\"5\">\n<li><strong>Twoje prawa w ochronie danych osobowych<\/strong><\/li>\n<\/ol>\n\n\n\n<ol class=\"wp-block-list\">\n<li>Z uwagi na dobrowolny charakter podania przez Klienta swoich danych osobowych, maj\u0105 oni prawo dost\u0119pu do swoich danych osobowych, prawo ich poprawiania, prawo ograniczenia przetwarzania, prawo do przenoszenia danych, prawo usuni\u0119cia, wniesienia sprzeciwu, prawo do cofni\u0119cia zgody w dowolnym momencie.<\/li>\n\n\n\n<li>W przypadku stwierdzenia, \u017ce przetwarzanie danych osobowych narusza przepisy RODO, osoba, kt\u00f3rej dane dotycz\u0105, ma prawo wnie\u015b\u0107 skarg\u0119 do Prezesa Urz\u0119du Ochrony Danych Osobowych.<\/li>\n\n\n\n<li>Szczeg\u00f3\u0142owe warunki powy\u017cej opisanych praw wskazane s\u0105 w art. 15-22 RODO.<\/li>\n<\/ol>\n\n\n\n<p><strong>COOKIES<\/strong><\/p>\n\n\n\n<ol class=\"wp-block-list\">\n<li>U\u017cywamy plik\u00f3w cookies na naszych stronach. (Podstawa prawna art. 6 ust. 1 lit. f) RODO).<\/li>\n\n\n\n<li>Podczas przegl\u0105dania stron internetowych Sklepu Internetowego s\u0105 u\u017cywane pliki \u201ecookies\u201d, czyli niewielkie informacje tekstowe, kt\u00f3re s\u0105 zapisywane w urz\u0105dzeniu ko\u0144cowym Klienta w zwi\u0105zku korzystaniem ze Sklepu Internetowego. Ich stosowanie ma na celu poprawne dzia\u0142anie stron internetowych Sklepu Internetowego.<\/li>\n\n\n\n<li>Stosowane przez Administratora pliki \u201ecookies\u201d s\u0105 bezpieczne dla urz\u0105dze\u0144 Klienta. W szczeg\u00f3lno\u015bci t\u0105 drog\u0105 nie jest mo\u017cliwe przedostanie si\u0119 do urz\u0105dze\u0144 Klient\u00f3w wirus\u00f3w lub innego niechcianego oprogramowania lub oprogramowania z\u0142o\u015bliwego. Pliki te pozwalaj\u0105 zidentyfikowa\u0107 oprogramowanie wykorzystywane przez Klienta i dostosowa\u0107 Sklep Internetowy indywidualnie ka\u017cdemu Klientowi. Pliki \u201ecookies\u201d zazwyczaj zawieraj\u0105 nazw\u0119 domeny, z kt\u00f3rej pochodz\u0105, czas przechowywania ich na urz\u0105dzeniu oraz przypisan\u0105 warto\u015b\u0107.<\/li>\n\n\n\n<li>Administrator stosuje trzy rodzaje plik\u00f3w \u201ecookies\u201d:<\/li>\n<\/ol>\n\n\n\n<ol class=\"wp-block-list\">\n<li>Cookies sesyjne: s\u0105 przechowywane na urz\u0105dzeniu Klienta Sklepu Internetowego i pozostaj\u0105 tam do momentu zako\u0144czenia sesji danej przegl\u0105darki. Zapisane informacje s\u0105 w\u00f3wczas trwale usuwane z pami\u0119ci urz\u0105dzenia Klienta Sklepu Internetowego. Mechanizm cookies sesyjnych nie pozwala na pobieranie jakichkolwiek danych osobowych ani \u017cadnych informacji poufnych z urz\u0105dzenia Klienta Sklepu Internetowego.<\/li>\n\n\n\n<li>Cookies trwa\u0142e: s\u0105 przechowywane na urz\u0105dzeniu Klienta Sklepu Internetowego i pozostaj\u0105 tam do momentu ich skasowania. Zako\u0144czenie sesji danej przegl\u0105darki lub wy\u0142\u0105czenie urz\u0105dzenia nie powoduje ich usuni\u0119cia z urz\u0105dzenia Klienta Sklepu Internetowego. Mechanizm cookies trwa\u0142ych nie pozwala na pobieranie jakichkolwiek danych osobowych ani \u017cadnych informacji poufnych z urz\u0105dzenia Klienta Sklepu Internetowego.<\/li>\n\n\n\n<li>Cookies\u201d \u201eanalityczne\u201d umo\u017cliwiaj\u0105 lepsze poznanie sposobu interakcji Us\u0142ugobiorcy w zakresie zawarto\u015bci Sklepu, lepiej zorganizowa\u0107 jego uk\u0142ad. \u201cAnalityczne\u201d \u201ecookies\u201d gromadz\u0105 informacje o sposobie korzystania ze Sklepu przez Us\u0142ugobiorc\u0119, typie strony, z jakiej Us\u0142ugobiorca zosta\u0142 przekierowany, oraz liczbie odwiedzin i czasie wizyty Us\u0142ugobiorcy na stronie Sklepu. Informacje te nie rejestruj\u0105 konkretnych danych osobowych Us\u0142ugobiorcy, lecz s\u0142u\u017c\u0105 do opracowania statystyk korzystania ze Sklepu.<\/li>\n<\/ol>\n\n\n\n<ol class=\"wp-block-list\" start=\"5\">\n<li>Pliki \u201ecookies\u201d mog\u0105 by\u0107 wykorzystane przez sieci reklamowe, w szczeg\u00f3lno\u015bci sie\u0107 Google, do wy\u015bwietlenia reklam dopasowanych do sposobu, w jaki Klient korzysta ze Sklepu Internetowego . W tym celu mog\u0105 zosta\u0107 zachowane informacje o \u015bcie\u017cce nawigacji Klienta lub czasie pozostawania na danej stronie.<\/li>\n\n\n\n<li>W zakresie informacji o preferencjach Klienta gromadzonych przez sie\u0107 reklamow\u0105 Google Klient mo\u017ce przegl\u0105da\u0107 i edytowa\u0107 informacje wynikaj\u0105ce z plik\u00f3w \u201ecookies\u201d przy pomocy narz\u0119dzia: <a href=\"https:\/\/www.google.com\/ads\/preferences\/\">https:\/\/www.google.com\/ads\/preferences\/.<\/a><\/li>\n\n\n\n<li>Klient mo\u017ce samodzielnie i w ka\u017cdym czasie zmieni\u0107 ustawienia dotycz\u0105ce plik\u00f3w \u201ecookies\u201d, okre\u015blaj\u0105c warunki ich przechowywania i uzyskiwania dost\u0119pu przez pliki \u201ecookies\u201d do urz\u0105dzenia Klienta. Zmiany ustawie\u0144, o kt\u00f3rych mowa w zdaniu poprzednim, Klient mo\u017ce dokona\u0107 za pomoc\u0105 ustawie\u0144 przegl\u0105darki internetowej lub za pomoc\u0105 konfiguracji us\u0142ugi. Ustawienia te mog\u0105 zosta\u0107 zmienione w szczeg\u00f3lno\u015bci w taki spos\u00f3b, aby blokowa\u0107 automatyczn\u0105 obs\u0142ug\u0119 plik\u00f3w \u201ecookies\u201d w ustawieniach przegl\u0105darki internetowej b\u0105d\u017a informowa\u0107 o ich ka\u017cdorazowym zamieszczeniu na urz\u0105dzeniu Klienta. Szczeg\u00f3\u0142owe informacje o mo\u017cliwo\u015bci i sposobach obs\u0142ugi plik\u00f3w \u201ecookies\u201d dost\u0119pne s\u0105 w ustawieniach oprogramowania (przegl\u0105darki internetowej).<\/li>\n\n\n\n<li>Aby dowiedzie\u0107 si\u0119, jak zarz\u0105dza\u0107 plikami cookies, w tym jak wy\u0142\u0105czy\u0107 ich obs\u0142ug\u0119 w Twojej przegl\u0105darce, mo\u017cesz skorzysta\u0107 z pliku pomocy Twojej przegl\u0105darki. Z informacjami na ten temat mo\u017cesz zapozna\u0107 si\u0119 wciskaj\u0105c klawisz F1 w przegl\u0105darce. Ponadto odpowiednie wskaz\u00f3wki znajdziesz na nast\u0119puj\u0105cych podstronach, w zale\u017cno\u015bci od przegl\u0105darki, kt\u00f3rej u\u017cywasz:<\/li>\n<\/ol>\n\n\n\n<p>Firefox<\/p>\n\n\n\n<p>Chrome<\/p>\n\n\n\n<p>Safari<\/p>\n\n\n\n<p>Internet Explorer \/ Microsoft Edge<\/p>\n\n\n\n<ol class=\"wp-block-list\" start=\"9\">\n<li>Klient mo\u017ce w ka\u017cdej chwili usun\u0105\u0107 pliki \u201ecookies\u201d korzystaj\u0105c z dost\u0119pnych funkcji w przegl\u0105darce internetowej, kt\u00f3rej u\u017cywa:<\/li>\n\n\n\n<li>Ograniczenie stosowania plik\u00f3w \u201ecookies\u201d, mo\u017ce wp\u0142yn\u0105\u0107 na niekt\u00f3re funkcjonalno\u015bci dost\u0119pne na stronie internetowej Sklepu Internetowego.<\/li>\n<\/ol>\n\n\n\n<p>31.12.2023<\/p>\n","protected":false},"excerpt":{"rendered":"<p>POLITYKA PRYWATNO\u015aCI POLITYKA PRYWATNO\u015aCI SKLEPU INTERNETOWEGO REMEMBER FOREVER Niniejszy dokument okre\u015bla zasady prywatno\u015bci w Sklepie internetowym https:\/\/rememberme-forever.com\/ (dalej jako \u201eSklep Internetowy\u201d). Administratorem danych w Sklepie&#8230;<\/p>\n","protected":false},"author":1,"featured_media":0,"parent":0,"menu_order":0,"comment_status":"closed","ping_status":"open","template":"","meta":{"_acf_changed":false,"footnotes":""},"class_list":["post-7052","page","type-page","status-publish","hentry"],"yoast_head":"<!-- This site is optimized with the Yoast SEO plugin v27.4 - https:\/\/yoast.com\/product\/yoast-seo-wordpress\/ -->\n<title>Polityka prywatno\u015bci - Remember Forever<\/title>\n<meta name=\"robots\" content=\"index, follow, max-snippet:-1, max-image-preview:large, max-video-preview:-1\" \/>\n<link rel=\"canonical\" href=\"https:\/\/www.rememberme-forever.com\/pl\/polityka-prywatnosci\/\" \/>\n<meta property=\"og:locale\" content=\"pl_PL\" \/>\n<meta property=\"og:type\" content=\"article\" \/>\n<meta property=\"og:title\" content=\"Polityka prywatno\u015bci - Remember Forever\" \/>\n<meta property=\"og:description\" content=\"POLITYKA PRYWATNO\u015aCI POLITYKA PRYWATNO\u015aCI SKLEPU INTERNETOWEGO REMEMBER FOREVER Niniejszy dokument okre\u015bla zasady prywatno\u015bci w Sklepie internetowym https:\/\/rememberme-forever.com\/ (dalej jako \u201eSklep Internetowy\u201d). Administratorem danych w Sklepie...\" \/>\n<meta property=\"og:url\" content=\"https:\/\/www.rememberme-forever.com\/pl\/polityka-prywatnosci\/\" \/>\n<meta property=\"og:site_name\" content=\"Remember Forever\" \/>\n<meta property=\"article:modified_time\" content=\"2023-06-05T14:14:41+00:00\" \/>\n<meta name=\"twitter:card\" content=\"summary_large_image\" \/>\n<meta name=\"twitter:label1\" content=\"Szacowany czas czytania\" \/>\n\t<meta name=\"twitter:data1\" content=\"7 minuta\" \/>\n<script type=\"application\/ld+json\" class=\"yoast-schema-graph\">{\"@context\":\"https:\\\/\\\/schema.org\",\"@graph\":[{\"@type\":\"WebPage\",\"@id\":\"https:\\\/\\\/www.rememberme-forever.com\\\/pl\\\/polityka-prywatnosci\\\/\",\"url\":\"https:\\\/\\\/www.rememberme-forever.com\\\/pl\\\/polityka-prywatnosci\\\/\",\"name\":\"Polityka prywatno\u015bci - Remember Forever\",\"isPartOf\":{\"@id\":\"https:\\\/\\\/www.rememberme-forever.com\\\/pl\\\/#website\"},\"datePublished\":\"2023-02-01T11:21:42+00:00\",\"dateModified\":\"2023-06-05T14:14:41+00:00\",\"breadcrumb\":{\"@id\":\"https:\\\/\\\/www.rememberme-forever.com\\\/pl\\\/polityka-prywatnosci\\\/#breadcrumb\"},\"inLanguage\":\"pl-PL\",\"potentialAction\":[{\"@type\":\"ReadAction\",\"target\":[\"https:\\\/\\\/www.rememberme-forever.com\\\/pl\\\/polityka-prywatnosci\\\/\"]}]},{\"@type\":\"BreadcrumbList\",\"@id\":\"https:\\\/\\\/www.rememberme-forever.com\\\/pl\\\/polityka-prywatnosci\\\/#breadcrumb\",\"itemListElement\":[{\"@type\":\"ListItem\",\"position\":1,\"name\":\"Home\",\"item\":\"https:\\\/\\\/www.rememberme-forever.com\\\/pl\\\/strona-glowna\\\/\"},{\"@type\":\"ListItem\",\"position\":2,\"name\":\"Polityka prywatno\u015bci\"}]},{\"@type\":\"WebSite\",\"@id\":\"https:\\\/\\\/www.rememberme-forever.com\\\/pl\\\/#website\",\"url\":\"https:\\\/\\\/www.rememberme-forever.com\\\/pl\\\/\",\"name\":\"Remember Forever\",\"description\":\"Cremation urns, funeral urns, urns for ashes\",\"publisher\":{\"@id\":\"https:\\\/\\\/www.rememberme-forever.com\\\/pl\\\/#organization\"},\"potentialAction\":[{\"@type\":\"SearchAction\",\"target\":{\"@type\":\"EntryPoint\",\"urlTemplate\":\"https:\\\/\\\/www.rememberme-forever.com\\\/pl\\\/?s={search_term_string}\"},\"query-input\":{\"@type\":\"PropertyValueSpecification\",\"valueRequired\":true,\"valueName\":\"search_term_string\"}}],\"inLanguage\":\"pl-PL\"},{\"@type\":\"Organization\",\"@id\":\"https:\\\/\\\/www.rememberme-forever.com\\\/pl\\\/#organization\",\"name\":\"Remember Forever\",\"url\":\"https:\\\/\\\/www.rememberme-forever.com\\\/pl\\\/\",\"logo\":{\"@type\":\"ImageObject\",\"inLanguage\":\"pl-PL\",\"@id\":\"https:\\\/\\\/www.rememberme-forever.com\\\/pl\\\/#\\\/schema\\\/logo\\\/image\\\/\",\"url\":\"https:\\\/\\\/www.rememberme-forever.com\\\/wp-content\\\/uploads\\\/2023\\\/02\\\/logo.png\",\"contentUrl\":\"https:\\\/\\\/www.rememberme-forever.com\\\/wp-content\\\/uploads\\\/2023\\\/02\\\/logo.png\",\"width\":300,\"height\":56,\"caption\":\"Remember Forever\"},\"image\":{\"@id\":\"https:\\\/\\\/www.rememberme-forever.com\\\/pl\\\/#\\\/schema\\\/logo\\\/image\\\/\"}}]}<\/script>\n<!-- \/ Yoast SEO plugin. -->","yoast_head_json":{"title":"Polityka prywatno\u015bci - Remember Forever","robots":{"index":"index","follow":"follow","max-snippet":"max-snippet:-1","max-image-preview":"max-image-preview:large","max-video-preview":"max-video-preview:-1"},"canonical":"https:\/\/www.rememberme-forever.com\/pl\/polityka-prywatnosci\/","og_locale":"pl_PL","og_type":"article","og_title":"Polityka prywatno\u015bci - Remember Forever","og_description":"POLITYKA PRYWATNO\u015aCI POLITYKA PRYWATNO\u015aCI SKLEPU INTERNETOWEGO REMEMBER FOREVER Niniejszy dokument okre\u015bla zasady prywatno\u015bci w Sklepie internetowym https:\/\/rememberme-forever.com\/ (dalej jako \u201eSklep Internetowy\u201d). Administratorem danych w Sklepie...","og_url":"https:\/\/www.rememberme-forever.com\/pl\/polityka-prywatnosci\/","og_site_name":"Remember Forever","article_modified_time":"2023-06-05T14:14:41+00:00","twitter_card":"summary_large_image","twitter_misc":{"Szacowany czas czytania":"7 minuta"},"schema":{"@context":"https:\/\/schema.org","@graph":[{"@type":"WebPage","@id":"https:\/\/www.rememberme-forever.com\/pl\/polityka-prywatnosci\/","url":"https:\/\/www.rememberme-forever.com\/pl\/polityka-prywatnosci\/","name":"Polityka prywatno\u015bci - Remember Forever","isPartOf":{"@id":"https:\/\/www.rememberme-forever.com\/pl\/#website"},"datePublished":"2023-02-01T11:21:42+00:00","dateModified":"2023-06-05T14:14:41+00:00","breadcrumb":{"@id":"https:\/\/www.rememberme-forever.com\/pl\/polityka-prywatnosci\/#breadcrumb"},"inLanguage":"pl-PL","potentialAction":[{"@type":"ReadAction","target":["https:\/\/www.rememberme-forever.com\/pl\/polityka-prywatnosci\/"]}]},{"@type":"BreadcrumbList","@id":"https:\/\/www.rememberme-forever.com\/pl\/polityka-prywatnosci\/#breadcrumb","itemListElement":[{"@type":"ListItem","position":1,"name":"Home","item":"https:\/\/www.rememberme-forever.com\/pl\/strona-glowna\/"},{"@type":"ListItem","position":2,"name":"Polityka prywatno\u015bci"}]},{"@type":"WebSite","@id":"https:\/\/www.rememberme-forever.com\/pl\/#website","url":"https:\/\/www.rememberme-forever.com\/pl\/","name":"Remember Forever","description":"Cremation urns, funeral urns, urns for ashes","publisher":{"@id":"https:\/\/www.rememberme-forever.com\/pl\/#organization"},"potentialAction":[{"@type":"SearchAction","target":{"@type":"EntryPoint","urlTemplate":"https:\/\/www.rememberme-forever.com\/pl\/?s={search_term_string}"},"query-input":{"@type":"PropertyValueSpecification","valueRequired":true,"valueName":"search_term_string"}}],"inLanguage":"pl-PL"},{"@type":"Organization","@id":"https:\/\/www.rememberme-forever.com\/pl\/#organization","name":"Remember Forever","url":"https:\/\/www.rememberme-forever.com\/pl\/","logo":{"@type":"ImageObject","inLanguage":"pl-PL","@id":"https:\/\/www.rememberme-forever.com\/pl\/#\/schema\/logo\/image\/","url":"https:\/\/www.rememberme-forever.com\/wp-content\/uploads\/2023\/02\/logo.png","contentUrl":"https:\/\/www.rememberme-forever.com\/wp-content\/uploads\/2023\/02\/logo.png","width":300,"height":56,"caption":"Remember Forever"},"image":{"@id":"https:\/\/www.rememberme-forever.com\/pl\/#\/schema\/logo\/image\/"}}]}},"acf":[],"_links":{"self":[{"href":"https:\/\/www.rememberme-forever.com\/pl\/wp-json\/wp\/v2\/pages\/7052","targetHints":{"allow":["GET"]}}],"collection":[{"href":"https:\/\/www.rememberme-forever.com\/pl\/wp-json\/wp\/v2\/pages"}],"about":[{"href":"https:\/\/www.rememberme-forever.com\/pl\/wp-json\/wp\/v2\/types\/page"}],"author":[{"embeddable":true,"href":"https:\/\/www.rememberme-forever.com\/pl\/wp-json\/wp\/v2\/users\/1"}],"replies":[{"embeddable":true,"href":"https:\/\/www.rememberme-forever.com\/pl\/wp-json\/wp\/v2\/comments?post=7052"}],"version-history":[{"count":0,"href":"https:\/\/www.rememberme-forever.com\/pl\/wp-json\/wp\/v2\/pages\/7052\/revisions"}],"wp:attachment":[{"href":"https:\/\/www.rememberme-forever.com\/pl\/wp-json\/wp\/v2\/media?parent=7052"}],"curies":[{"name":"wp","href":"https:\/\/api.w.org\/{rel}","templated":true}]}}