{"id":7058,"date":"2023-05-04T10:27:27","date_gmt":"2023-05-04T08:27:27","guid":{"rendered":"http:\/\/www.rememberme-forever.com\/zasady-wysylki\/"},"modified":"2023-05-26T14:30:38","modified_gmt":"2023-05-26T12:30:38","slug":"zasady-wysylki","status":"publish","type":"page","link":"https:\/\/www.rememberme-forever.com\/pl\/zasady-wysylki\/","title":{"rendered":"Zasady wysy\u0142ki"},"content":{"rendered":"\n<h2 class=\"wp-block-heading\"><strong>Dostawa towar\u00f3w<\/strong><\/h2>\n\n<p>Towar zam\u00f3wiony do godziny 12.00 jest wysy\u0142any tego samego dnia. Dostawa na terenie Polski w nast\u0119pny dzie\u0144 roboczy. Towar zam\u00f3wiony po 12.00 wysy\u0142amy w nast\u0119pny dzie\u0144 roboczy. Wysy\u0142amy nasze urny do ka\u017cdego zak\u0105tka na ziemi <br\/><br\/>UK Express postage : <strong>2-4<\/strong> dni robocze<br\/>UK Standard postage :<strong> 5-9<\/strong> dni robocze<br\/><br\/>USA, Canada Express postage : <strong>3-5<\/strong> dni robocze<br\/>USA, Canada Standard postage : <strong>6-9<\/strong> dni robocze<br\/><br\/>Australia Express postage : <strong>6-8<\/strong> dni robocze<br\/>Australia Standard postage : <strong>8-11<\/strong> dni robocze<br\/><br\/>Europe Express postage :<strong> 2-3<\/strong> dni robocze<br\/>Europe Standard postage :<strong> 3-6<\/strong> dni robocze<\/p>\n\n<ol class=\"wp-block-list\">\n<li>Dostawa Towar\u00f3w odbywa si\u0119 do kraj\u00f3w Unii Europejskiej oraz USA \/Kanady Australii na adres wskazany przez Klienta w trakcie sk\u0142adania Zam\u00f3wienia.<\/li>\n\n\n\n<li>Dostawa Towar\u00f3w realizowana jest za po\u015brednictwem operatora pocztowego lub firmy kurierskiej. DPD\/TNT\/FedEx<\/li>\n\n\n\n<li>Sprzedawca na stronach internetowych Sklepu w opisie Towaru informuje Klienta o liczbie dni roboczych potrzebnych do realizacji Zam\u00f3wienia i jego dostawy, a tak\u017ce o wysoko\u015bci op\u0142at za dostaw\u0119 Towaru.<\/li>\n\n\n\n<li>Termin dostawy i realizacji Zam\u00f3wienia liczony jest w Dniach roboczych. (czas dostawy ok. 1 dnia w Polsce, ok. 5 dni w UE i ok. 3-9 dni w USA\/Kanadzie w zale\u017cno\u015bci od wybranej metody wysy\u0142ki, Australia ok. 8-11 dni roboczych.)<\/li>\n\n\n\n<li>W przypadku towar\u00f3w na indywidualne zam\u00f3wienie Sprzedawca informuje o innych terminach realizacji i dostawy.<\/li>\n\n\n\n<li>Je\u017celi dla Towar\u00f3w obj\u0119tych Zam\u00f3wieniem przewidziano r\u00f3\u017cny okres realizacji, dla ca\u0142ego Zam\u00f3wienia obowi\u0105zuje okres najd\u0142u\u017cszy spo\u015br\u00f3d przewidzianych.<\/li>\n\n\n\n<li>Dostawa realizowana do okre\u015blonych kraj\u00f3w spoza UE mo\u017ce wi\u0105za\u0107 z dodatkowymi op\u0142atami, w tym nale\u017cno\u015bciami celnymi, do kt\u00f3rych uiszczenia zobowi\u0105zany jest Klient.<\/li>\n<\/ol>\n","protected":false},"excerpt":{"rendered":"<p>Dostawa towar\u00f3w Towar zam\u00f3wiony do godziny 12.00 jest wysy\u0142any tego samego dnia. Dostawa na terenie Polski w nast\u0119pny dzie\u0144 roboczy. Towar zam\u00f3wiony po 12.00 wysy\u0142amy&#8230;<\/p>\n","protected":false},"author":3,"featured_media":0,"parent":0,"menu_order":0,"comment_status":"closed","ping_status":"closed","template":"","meta":{"_acf_changed":false,"footnotes":""},"class_list":["post-7058","page","type-page","status-publish","hentry"],"yoast_head":"<!-- This site is optimized with the Yoast SEO plugin v27.4 - https:\/\/yoast.com\/product\/yoast-seo-wordpress\/ -->\n<title>Zasady wysy\u0142ki - Remember Forever<\/title>\n<meta name=\"robots\" content=\"index, follow, max-snippet:-1, max-image-preview:large, max-video-preview:-1\" \/>\n<link rel=\"canonical\" href=\"https:\/\/www.rememberme-forever.com\/pl\/zasady-wysylki\/\" \/>\n<meta property=\"og:locale\" content=\"pl_PL\" \/>\n<meta property=\"og:type\" content=\"article\" \/>\n<meta property=\"og:title\" content=\"Zasady wysy\u0142ki - Remember Forever\" \/>\n<meta property=\"og:description\" content=\"Dostawa towar\u00f3w Towar zam\u00f3wiony do godziny 12.00 jest wysy\u0142any tego samego dnia. Dostawa na terenie Polski w nast\u0119pny dzie\u0144 roboczy. Towar zam\u00f3wiony po 12.00 wysy\u0142amy...\" \/>\n<meta property=\"og:url\" content=\"https:\/\/www.rememberme-forever.com\/pl\/zasady-wysylki\/\" \/>\n<meta property=\"og:site_name\" content=\"Remember Forever\" \/>\n<meta property=\"article:modified_time\" content=\"2023-05-26T12:30:38+00:00\" \/>\n<meta name=\"twitter:card\" content=\"summary_large_image\" \/>\n<meta name=\"twitter:label1\" content=\"Szacowany czas czytania\" \/>\n\t<meta name=\"twitter:data1\" content=\"1 minuta\" \/>\n<script type=\"application\/ld+json\" class=\"yoast-schema-graph\">{\"@context\":\"https:\\\/\\\/schema.org\",\"@graph\":[{\"@type\":\"WebPage\",\"@id\":\"https:\\\/\\\/www.rememberme-forever.com\\\/pl\\\/zasady-wysylki\\\/\",\"url\":\"https:\\\/\\\/www.rememberme-forever.com\\\/pl\\\/zasady-wysylki\\\/\",\"name\":\"Zasady wysy\u0142ki - Remember Forever\",\"isPartOf\":{\"@id\":\"https:\\\/\\\/www.rememberme-forever.com\\\/pl\\\/#website\"},\"datePublished\":\"2023-05-04T08:27:27+00:00\",\"dateModified\":\"2023-05-26T12:30:38+00:00\",\"breadcrumb\":{\"@id\":\"https:\\\/\\\/www.rememberme-forever.com\\\/pl\\\/zasady-wysylki\\\/#breadcrumb\"},\"inLanguage\":\"pl-PL\",\"potentialAction\":[{\"@type\":\"ReadAction\",\"target\":[\"https:\\\/\\\/www.rememberme-forever.com\\\/pl\\\/zasady-wysylki\\\/\"]}]},{\"@type\":\"BreadcrumbList\",\"@id\":\"https:\\\/\\\/www.rememberme-forever.com\\\/pl\\\/zasady-wysylki\\\/#breadcrumb\",\"itemListElement\":[{\"@type\":\"ListItem\",\"position\":1,\"name\":\"Home\",\"item\":\"https:\\\/\\\/www.rememberme-forever.com\\\/pl\\\/strona-glowna\\\/\"},{\"@type\":\"ListItem\",\"position\":2,\"name\":\"Zasady wysy\u0142ki\"}]},{\"@type\":\"WebSite\",\"@id\":\"https:\\\/\\\/www.rememberme-forever.com\\\/pl\\\/#website\",\"url\":\"https:\\\/\\\/www.rememberme-forever.com\\\/pl\\\/\",\"name\":\"Remember Forever\",\"description\":\"Cremation urns, funeral urns, urns for ashes\",\"publisher\":{\"@id\":\"https:\\\/\\\/www.rememberme-forever.com\\\/pl\\\/#organization\"},\"potentialAction\":[{\"@type\":\"SearchAction\",\"target\":{\"@type\":\"EntryPoint\",\"urlTemplate\":\"https:\\\/\\\/www.rememberme-forever.com\\\/pl\\\/?s={search_term_string}\"},\"query-input\":{\"@type\":\"PropertyValueSpecification\",\"valueRequired\":true,\"valueName\":\"search_term_string\"}}],\"inLanguage\":\"pl-PL\"},{\"@type\":\"Organization\",\"@id\":\"https:\\\/\\\/www.rememberme-forever.com\\\/pl\\\/#organization\",\"name\":\"Remember Forever\",\"url\":\"https:\\\/\\\/www.rememberme-forever.com\\\/pl\\\/\",\"logo\":{\"@type\":\"ImageObject\",\"inLanguage\":\"pl-PL\",\"@id\":\"https:\\\/\\\/www.rememberme-forever.com\\\/pl\\\/#\\\/schema\\\/logo\\\/image\\\/\",\"url\":\"https:\\\/\\\/www.rememberme-forever.com\\\/wp-content\\\/uploads\\\/2023\\\/02\\\/logo.png\",\"contentUrl\":\"https:\\\/\\\/www.rememberme-forever.com\\\/wp-content\\\/uploads\\\/2023\\\/02\\\/logo.png\",\"width\":300,\"height\":56,\"caption\":\"Remember Forever\"},\"image\":{\"@id\":\"https:\\\/\\\/www.rememberme-forever.com\\\/pl\\\/#\\\/schema\\\/logo\\\/image\\\/\"}}]}<\/script>\n<!-- \/ Yoast SEO plugin. -->","yoast_head_json":{"title":"Zasady wysy\u0142ki - Remember Forever","robots":{"index":"index","follow":"follow","max-snippet":"max-snippet:-1","max-image-preview":"max-image-preview:large","max-video-preview":"max-video-preview:-1"},"canonical":"https:\/\/www.rememberme-forever.com\/pl\/zasady-wysylki\/","og_locale":"pl_PL","og_type":"article","og_title":"Zasady wysy\u0142ki - Remember Forever","og_description":"Dostawa towar\u00f3w Towar zam\u00f3wiony do godziny 12.00 jest wysy\u0142any tego samego dnia. Dostawa na terenie Polski w nast\u0119pny dzie\u0144 roboczy. Towar zam\u00f3wiony po 12.00 wysy\u0142amy...","og_url":"https:\/\/www.rememberme-forever.com\/pl\/zasady-wysylki\/","og_site_name":"Remember Forever","article_modified_time":"2023-05-26T12:30:38+00:00","twitter_card":"summary_large_image","twitter_misc":{"Szacowany czas czytania":"1 minuta"},"schema":{"@context":"https:\/\/schema.org","@graph":[{"@type":"WebPage","@id":"https:\/\/www.rememberme-forever.com\/pl\/zasady-wysylki\/","url":"https:\/\/www.rememberme-forever.com\/pl\/zasady-wysylki\/","name":"Zasady wysy\u0142ki - Remember Forever","isPartOf":{"@id":"https:\/\/www.rememberme-forever.com\/pl\/#website"},"datePublished":"2023-05-04T08:27:27+00:00","dateModified":"2023-05-26T12:30:38+00:00","breadcrumb":{"@id":"https:\/\/www.rememberme-forever.com\/pl\/zasady-wysylki\/#breadcrumb"},"inLanguage":"pl-PL","potentialAction":[{"@type":"ReadAction","target":["https:\/\/www.rememberme-forever.com\/pl\/zasady-wysylki\/"]}]},{"@type":"BreadcrumbList","@id":"https:\/\/www.rememberme-forever.com\/pl\/zasady-wysylki\/#breadcrumb","itemListElement":[{"@type":"ListItem","position":1,"name":"Home","item":"https:\/\/www.rememberme-forever.com\/pl\/strona-glowna\/"},{"@type":"ListItem","position":2,"name":"Zasady wysy\u0142ki"}]},{"@type":"WebSite","@id":"https:\/\/www.rememberme-forever.com\/pl\/#website","url":"https:\/\/www.rememberme-forever.com\/pl\/","name":"Remember Forever","description":"Cremation urns, funeral urns, urns for ashes","publisher":{"@id":"https:\/\/www.rememberme-forever.com\/pl\/#organization"},"potentialAction":[{"@type":"SearchAction","target":{"@type":"EntryPoint","urlTemplate":"https:\/\/www.rememberme-forever.com\/pl\/?s={search_term_string}"},"query-input":{"@type":"PropertyValueSpecification","valueRequired":true,"valueName":"search_term_string"}}],"inLanguage":"pl-PL"},{"@type":"Organization","@id":"https:\/\/www.rememberme-forever.com\/pl\/#organization","name":"Remember Forever","url":"https:\/\/www.rememberme-forever.com\/pl\/","logo":{"@type":"ImageObject","inLanguage":"pl-PL","@id":"https:\/\/www.rememberme-forever.com\/pl\/#\/schema\/logo\/image\/","url":"https:\/\/www.rememberme-forever.com\/wp-content\/uploads\/2023\/02\/logo.png","contentUrl":"https:\/\/www.rememberme-forever.com\/wp-content\/uploads\/2023\/02\/logo.png","width":300,"height":56,"caption":"Remember Forever"},"image":{"@id":"https:\/\/www.rememberme-forever.com\/pl\/#\/schema\/logo\/image\/"}}]}},"acf":[],"_links":{"self":[{"href":"https:\/\/www.rememberme-forever.com\/pl\/wp-json\/wp\/v2\/pages\/7058","targetHints":{"allow":["GET"]}}],"collection":[{"href":"https:\/\/www.rememberme-forever.com\/pl\/wp-json\/wp\/v2\/pages"}],"about":[{"href":"https:\/\/www.rememberme-forever.com\/pl\/wp-json\/wp\/v2\/types\/page"}],"author":[{"embeddable":true,"href":"https:\/\/www.rememberme-forever.com\/pl\/wp-json\/wp\/v2\/users\/3"}],"replies":[{"embeddable":true,"href":"https:\/\/www.rememberme-forever.com\/pl\/wp-json\/wp\/v2\/comments?post=7058"}],"version-history":[{"count":0,"href":"https:\/\/www.rememberme-forever.com\/pl\/wp-json\/wp\/v2\/pages\/7058\/revisions"}],"wp:attachment":[{"href":"https:\/\/www.rememberme-forever.com\/pl\/wp-json\/wp\/v2\/media?parent=7058"}],"curies":[{"name":"wp","href":"https:\/\/api.w.org\/{rel}","templated":true}]}}