{"id":7314,"date":"2023-06-13T14:27:56","date_gmt":"2023-06-13T12:27:56","guid":{"rendered":"https:\/\/www.rememberme-forever.com\/rekomendacje\/"},"modified":"2024-03-26T15:48:10","modified_gmt":"2024-03-26T14:48:10","slug":"rekomendacje","status":"publish","type":"page","link":"https:\/\/www.rememberme-forever.com\/pl\/rekomendacje\/","title":{"rendered":"Rekomendacje"},"content":{"rendered":"\n<p>Je\u015bli jeste\u015b zadowolony z zakupu, zostaw swoj\u0105 opini\u0119. U\u0142atwi to kolejnym klientom podj\u0119cie w\u0142a\u015bciwej decyzji. Nie cz\u0119sto si\u0119 zdarza kupowa\u0107 urn\u0119 pogrzebow\u0105, wi\u0119c wiele os\u00f3b zda si\u0119 na Twoj\u0105 opini\u0119.<\/p>\n\n<div style=\"height:17px\" aria-hidden=\"true\" class=\"wp-block-spacer\"><\/div>\n\n<div class=\"wp-block-contact-form-7-contact-form-selector\">\n<div class=\"wpcf7 no-js\" id=\"wpcf7-f7316-o1\" lang=\"pl-PL\" dir=\"ltr\" data-wpcf7-id=\"7316\">\n<div class=\"screen-reader-response\"><p role=\"status\" aria-live=\"polite\" aria-atomic=\"true\"><\/p> <ul><\/ul><\/div>\n<form action=\"\/pl\/wp-json\/wp\/v2\/pages\/7314#wpcf7-f7316-o1\" method=\"post\" class=\"wpcf7-form init\" aria-label=\"Formularz kontaktowy\" enctype=\"multipart\/form-data\" novalidate=\"novalidate\" data-status=\"init\">\n<fieldset class=\"hidden-fields-container\"><input type=\"hidden\" name=\"_wpcf7\" value=\"7316\" \/><input type=\"hidden\" name=\"_wpcf7_version\" value=\"6.1.5\" \/><input type=\"hidden\" name=\"_wpcf7_locale\" value=\"pl_PL\" \/><input type=\"hidden\" name=\"_wpcf7_unit_tag\" value=\"wpcf7-f7316-o1\" \/><input type=\"hidden\" name=\"_wpcf7_container_post\" value=\"0\" \/><input type=\"hidden\" name=\"_wpcf7_posted_data_hash\" value=\"\" \/><input type=\"hidden\" name=\"_wpcf7dtx_version\" value=\"5.0.5\" \/>\n<\/fieldset>\n<div class=\"form-item\">\n\t<p><label> Imi\u0119<br \/>\n<span class=\"wpcf7-form-control-wrap\" data-name=\"your-name\"><input size=\"40\" maxlength=\"400\" class=\"wpcf7-form-control wpcf7-text wpcf7-validates-as-required\" aria-required=\"true\" aria-invalid=\"false\" value=\"\" type=\"text\" name=\"your-name\" \/><\/span> <\/label>\n\t<\/p>\n<\/div>\n<p><label>Dodaj zdj\u0119cie <\/label><br \/>\n<span class=\"wpcf7-form-control-wrap\" data-name=\"file-779\"><input size=\"40\" class=\"wpcf7-form-control wpcf7-file\" accept=\".jpg,.png\" aria-invalid=\"false\" type=\"file\" name=\"file-779\" \/><\/span>\n<\/p>\n<div class=\"form-item\">\n\t<p><label> Rekomendacja<br \/>\n<span class=\"wpcf7-form-control-wrap\" data-name=\"your-message\"><textarea cols=\"40\" rows=\"10\" maxlength=\"2000\" class=\"wpcf7-form-control wpcf7-textarea\" aria-invalid=\"false\" name=\"your-message\"><\/textarea><\/span> <\/label>\n\t<\/p>\n<\/div>\n<div class=\"form-item\">\n\t<p><div class=\"cf7-cf-turnstile\" style=\"margin-top: 0px; margin-bottom: -15px;\"> <div id=\"cf-turnstile-cf7-1113967704\" class=\"cf-turnstile\" data-sitekey=\"0x4AAAAAAAMltMUoyQdUoVa3\" data-theme=\"dark\" data-language=\"auto\" data-size=\"\" data-retry=\"auto\" data-retry-interval=\"1000\" data-refresh-expired=\"auto\" data-refresh-timeout=\"auto\" data-action=\"contact-form-7\" data-callback=\"turnstileCF7Callback\" data-appearance=\"always\"><\/div> <script>document.addEventListener(\"DOMContentLoaded\", function() { setTimeout(function(){ var e=document.getElementById(\"cf-turnstile-cf7-1113967704\"); if(e&&!e.innerHTML.trim()){turnstile.render(e, {sitekey:\"0x4AAAAAAAMltMUoyQdUoVa3\"});} }, 200); });<\/script> <br class=\"cf-turnstile-br cf-turnstile-br-cf7-1113967704\"> <style>#cf-turnstile-cf7-1113967704 { margin-left: -15px; }<\/style> <script>document.addEventListener(\"DOMContentLoaded\",function(){document.querySelectorAll('.wpcf7-form').forEach(function(e){e.addEventListener('submit',function(){if(document.getElementById('cf-turnstile-cf7-1113967704')){setTimeout(function(){turnstile.reset('#cf-turnstile-cf7-1113967704');},1000)}})})});<\/script> <\/div><br\/><input class=\"wpcf7-form-control wpcf7-submit has-spinner\" type=\"submit\" value=\"Send\" \/>\n\t<\/p>\n<\/div><div class=\"wpcf7-response-output\" aria-hidden=\"true\"><\/div>\n<\/form>\n<\/div>\n<\/div>\n\n<div style=\"height:17px\" aria-hidden=\"true\" class=\"wp-block-spacer\"><\/div>\n\n<div class=\"wp-block-media-text has-media-on-the-right is-stacked-on-mobile\" style=\"grid-template-columns:auto 35%\"><div class=\"wp-block-media-text__content\">\n<p><em>25 marca 2024<\/em>r.<\/p>\n\n\n\n<p>Absolutnie pi\u0119kne i pasuj\u0105ce do mojego taty. Dzi\u0119kujemy za szybk\u0105 obs\u0142ug\u0119 i jako\u015b\u0107<\/p>\n<\/div><figure class=\"wp-block-media-text__media\"><img loading=\"lazy\" decoding=\"async\" width=\"703\" height=\"702\" src=\"https:\/\/www.rememberme-forever.com\/wp-content\/uploads\/2024\/03\/IMG_12.jpg\" alt=\"\" class=\"wp-image-12146 size-full\" srcset=\"https:\/\/www.rememberme-forever.com\/wp-content\/uploads\/2024\/03\/IMG_12.jpg 703w, https:\/\/www.rememberme-forever.com\/wp-content\/uploads\/2024\/03\/IMG_12-300x300.jpg 300w, https:\/\/www.rememberme-forever.com\/wp-content\/uploads\/2024\/03\/IMG_12-150x150.jpg 150w, https:\/\/www.rememberme-forever.com\/wp-content\/uploads\/2024\/03\/IMG_12-600x599.jpg 600w, https:\/\/www.rememberme-forever.com\/wp-content\/uploads\/2024\/03\/IMG_12-100x100.jpg 100w, https:\/\/www.rememberme-forever.com\/wp-content\/uploads\/2024\/03\/IMG_12-64x64.jpg 64w\" sizes=\"auto, (max-width: 703px) 100vw, 703px\" \/><\/figure><\/div>\n\n<div class=\"wp-block-media-text alignwide is-stacked-on-mobile\" style=\"grid-template-columns:32% auto\"><figure class=\"wp-block-media-text__media\"><img loading=\"lazy\" decoding=\"async\" width=\"640\" height=\"640\" src=\"https:\/\/www.rememberme-forever.com\/wp-content\/uploads\/2023\/07\/iap_640x640.5135070747_dyc1m9py.jpg\" alt=\"\" class=\"wp-image-7977 size-full\" srcset=\"https:\/\/www.rememberme-forever.com\/wp-content\/uploads\/2023\/07\/iap_640x640.5135070747_dyc1m9py.jpg 640w, https:\/\/www.rememberme-forever.com\/wp-content\/uploads\/2023\/07\/iap_640x640.5135070747_dyc1m9py-300x300.jpg 300w, https:\/\/www.rememberme-forever.com\/wp-content\/uploads\/2023\/07\/iap_640x640.5135070747_dyc1m9py-150x150.jpg 150w, https:\/\/www.rememberme-forever.com\/wp-content\/uploads\/2023\/07\/iap_640x640.5135070747_dyc1m9py-600x600.jpg 600w, https:\/\/www.rememberme-forever.com\/wp-content\/uploads\/2023\/07\/iap_640x640.5135070747_dyc1m9py-100x100.jpg 100w, https:\/\/www.rememberme-forever.com\/wp-content\/uploads\/2023\/07\/iap_640x640.5135070747_dyc1m9py-64x64.jpg 64w\" sizes=\"auto, (max-width: 640px) 100vw, 640px\" \/><\/figure><div class=\"wp-block-media-text__content\">\n<p><em>19 czerwca 2023<\/em><\/p>\n\n\n\n<p><strong>lcoughlin1104<\/strong><\/p>\n\n\n\n<p>To by\u0142o wi\u0119cej ni\u017c si\u0119 spodziewa\u0142am. Absolutnie pi\u0119kna, a jako\u015b\u0107 jest naprawd\u0119 niesamowita. Bardzo dzi\u0119kuj\u0119.<\/p>\n<\/div><\/div>\n\n<div style=\"height:100px\" aria-hidden=\"true\" class=\"wp-block-spacer\"><\/div>\n\n<div class=\"wp-block-media-text alignwide has-media-on-the-right is-stacked-on-mobile\" style=\"grid-template-columns:auto 32%\"><div class=\"wp-block-media-text__content\">\n<p><em>11 Maja 2023<\/em><\/p>\n\n\n\n<p><strong>Elaine<\/strong><\/p>\n\n\n\n<p>Absolutnie pi\u0119kna. Szuka\u0142am czego\u015b wyj\u0105tkowego, poniewa\u017c m\u00f3j ukochany m\u0105\u017c zmar\u0142 we wrze\u015bniu. Gdy tylko to zobaczy\u0142am, wiedzia\u0142am, \u017ce to jest to, czego chc\u0119. Bardzo dobrze wykonane. Zam\u00f3wione w czwartek i dotar\u0142o z Polski w poniedzia\u0142ek, wcze\u015bniej ni\u017c przewidywany termin dostawy w \u015brod\u0119. Przesy\u0142ka \u0142atwa do \u015bledzenia, dobrze aktualizowana. Solidnie zapakowana. Rozpakowanie zaj\u0119\u0142o oko\u0142o 20 minut, poniewa\u017c by\u0142o tak bezpiecznie zapakowane. Jestem bardzo zadowolona z zakupu. Mia\u0142am kilka pyta\u0144, a Jolanta by\u0142a bardzo pomocna i szybko odpowiedzia\u0142a. Nie zniech\u0119caj si\u0119 kosztami wysy\u0142ki, jest to bardzo ci\u0119\u017cki przedmiot, oko\u0142o 4 kg, podstawa to czysty marmur. Gor\u0105co polecam sprzedawc\u0119.<\/p>\n<\/div><figure class=\"wp-block-media-text__media\"><img loading=\"lazy\" decoding=\"async\" width=\"640\" height=\"640\" src=\"https:\/\/www.rememberme-forever.com\/wp-content\/uploads\/2023\/07\/iap_640x640.4750352836_jjhh35tc.jpg\" alt=\"\" class=\"wp-image-7973 size-full\" srcset=\"https:\/\/www.rememberme-forever.com\/wp-content\/uploads\/2023\/07\/iap_640x640.4750352836_jjhh35tc.jpg 640w, https:\/\/www.rememberme-forever.com\/wp-content\/uploads\/2023\/07\/iap_640x640.4750352836_jjhh35tc-300x300.jpg 300w, https:\/\/www.rememberme-forever.com\/wp-content\/uploads\/2023\/07\/iap_640x640.4750352836_jjhh35tc-150x150.jpg 150w, https:\/\/www.rememberme-forever.com\/wp-content\/uploads\/2023\/07\/iap_640x640.4750352836_jjhh35tc-600x600.jpg 600w, https:\/\/www.rememberme-forever.com\/wp-content\/uploads\/2023\/07\/iap_640x640.4750352836_jjhh35tc-100x100.jpg 100w, https:\/\/www.rememberme-forever.com\/wp-content\/uploads\/2023\/07\/iap_640x640.4750352836_jjhh35tc-64x64.jpg 64w\" sizes=\"auto, (max-width: 640px) 100vw, 640px\" \/><\/figure><\/div>\n\n<div style=\"height:100px\" aria-hidden=\"true\" class=\"wp-block-spacer\"><\/div>\n\n<div class=\"wp-block-media-text alignwide is-stacked-on-mobile\" style=\"grid-template-columns:32% auto\"><figure class=\"wp-block-media-text__media\"><img loading=\"lazy\" decoding=\"async\" width=\"721\" height=\"722\" src=\"https:\/\/www.rememberme-forever.com\/wp-content\/uploads\/2023\/06\/sleep-baby.png\" alt=\"\" class=\"wp-image-7706 size-full\" srcset=\"https:\/\/www.rememberme-forever.com\/wp-content\/uploads\/2023\/06\/sleep-baby.png 721w, https:\/\/www.rememberme-forever.com\/wp-content\/uploads\/2023\/06\/sleep-baby-300x300.png 300w, https:\/\/www.rememberme-forever.com\/wp-content\/uploads\/2023\/06\/sleep-baby-150x150.png 150w, https:\/\/www.rememberme-forever.com\/wp-content\/uploads\/2023\/06\/sleep-baby-600x601.png 600w, https:\/\/www.rememberme-forever.com\/wp-content\/uploads\/2023\/06\/sleep-baby-100x100.png 100w, https:\/\/www.rememberme-forever.com\/wp-content\/uploads\/2023\/06\/sleep-baby-64x64.png 64w\" sizes=\"auto, (max-width: 721px) 100vw, 721px\" \/><\/figure><div class=\"wp-block-media-text__content\">\n<p><em>25 kwietnia 2023<\/em><\/p>\n\n\n\n<p><strong>Bec<\/strong><\/p>\n\n\n\n<p>Szuka\u0142am, aby znale\u017a\u0107 urn\u0119, kt\u00f3ra by mi si\u0119 podoba\u0142a dla mojego kochanego dziecka, przez jaki\u015b czas przygl\u0105da\u0142am si\u0119 tej urnie, w ko\u0144cu to zrobi\u0142am i zam\u00f3wi\u0142am i bardzo si\u0119 ciesz\u0119, \u017ce to zrobi\u0142am. Jest absolutnie wspania\u0142a. Jestem z Australii. Przedmiot zosta\u0142 odebrany w ci\u0105gu 6 dni roboczych. Gor\u0105co polecam, absolutnie wspania\u0142a urna<\/p>\n<\/div><\/div>\n\n<div style=\"height:100px\" aria-hidden=\"true\" class=\"wp-block-spacer\"><\/div>\n\n<div class=\"wp-block-media-text alignwide has-media-on-the-right is-stacked-on-mobile\" style=\"grid-template-columns:auto 33%\"><div class=\"wp-block-media-text__content\">\n<p><em>20 lutego 2023<\/em><\/p>\n\n\n\n<p><strong>Peterr<\/strong><\/p>\n\n\n\n<p>Teraz moc b\u0119dzie ze mn\u0105. Absolutnie fantastyczna pami\u0105tka, kt\u00f3r\u0105 mog\u0119 zabra\u0107 ze sob\u0105 wsz\u0119dzie i nikt nie podejrzewa, \u017ce w \u015brodku s\u0105 prochy mojego ojca. Dzi\u0119kuj\u0119 za ten wspania\u0142y przedmiot. Dzi\u0119ki niemu mog\u0119 mie\u0107 cz\u0105stk\u0119 mego ojca zawsze blisko siebie.<\/p>\n<\/div><figure class=\"wp-block-media-text__media\"><img loading=\"lazy\" decoding=\"async\" width=\"875\" height=\"768\" src=\"https:\/\/www.rememberme-forever.com\/wp-content\/uploads\/2023\/06\/IMG_20230613_122915.jpg\" alt=\"\" class=\"wp-image-7281 size-full\" srcset=\"https:\/\/www.rememberme-forever.com\/wp-content\/uploads\/2023\/06\/IMG_20230613_122915.jpg 875w, https:\/\/www.rememberme-forever.com\/wp-content\/uploads\/2023\/06\/IMG_20230613_122915-300x263.jpg 300w, https:\/\/www.rememberme-forever.com\/wp-content\/uploads\/2023\/06\/IMG_20230613_122915-768x674.jpg 768w, https:\/\/www.rememberme-forever.com\/wp-content\/uploads\/2023\/06\/IMG_20230613_122915-600x527.jpg 600w, https:\/\/www.rememberme-forever.com\/wp-content\/uploads\/2023\/06\/IMG_20230613_122915-64x56.jpg 64w\" sizes=\"auto, (max-width: 875px) 100vw, 875px\" \/><\/figure><\/div>\n\n<div style=\"height:100px\" aria-hidden=\"true\" class=\"wp-block-spacer\"><\/div>\n\n<div class=\"wp-block-media-text alignwide is-stacked-on-mobile\" style=\"grid-template-columns:33% auto\"><figure class=\"wp-block-media-text__media\"><img loading=\"lazy\" decoding=\"async\" width=\"640\" height=\"640\" src=\"https:\/\/www.rememberme-forever.com\/wp-content\/uploads\/2023\/06\/iap_640x640.4894601969_q80refyb.webp\" alt=\"\" class=\"wp-image-7276 size-full\" srcset=\"https:\/\/www.rememberme-forever.com\/wp-content\/uploads\/2023\/06\/iap_640x640.4894601969_q80refyb.webp 640w, https:\/\/www.rememberme-forever.com\/wp-content\/uploads\/2023\/06\/iap_640x640.4894601969_q80refyb-300x300.webp 300w, https:\/\/www.rememberme-forever.com\/wp-content\/uploads\/2023\/06\/iap_640x640.4894601969_q80refyb-150x150.webp 150w, https:\/\/www.rememberme-forever.com\/wp-content\/uploads\/2023\/06\/iap_640x640.4894601969_q80refyb-600x600.webp 600w, https:\/\/www.rememberme-forever.com\/wp-content\/uploads\/2023\/06\/iap_640x640.4894601969_q80refyb-100x100.webp 100w, https:\/\/www.rememberme-forever.com\/wp-content\/uploads\/2023\/06\/iap_640x640.4894601969_q80refyb-64x64.webp 64w\" sizes=\"auto, (max-width: 640px) 100vw, 640px\" \/><\/figure><div class=\"wp-block-media-text__content\">\n<p><em>29 stycznia 2023<\/em><\/p>\n\n\n\n<p><strong>Betty<\/strong><\/p>\n\n\n\n<p>Absolutnie pi\u0119kna!! Wiedzia\u0142am, \u017ce to ten, kiedy to zobaczy\u0142am!! Idealne miejsce spoczynku dla mojego m\u0119\u017ca. Zawsze b\u0119d\u0119 j\u0105 podziwia\u0107. Grawerowanie zosta\u0142o wykonane dok\u0142adnie tak, jak napisa\u0142am, nawet odst\u0119py!! Jestem bardzo zadowolona!!<\/p>\n<\/div><\/div>\n\n<div style=\"height:100px\" aria-hidden=\"true\" class=\"wp-block-spacer\"><\/div>\n\n<div class=\"wp-block-media-text alignwide has-media-on-the-right is-stacked-on-mobile\" style=\"grid-template-columns:auto 33%\"><div class=\"wp-block-media-text__content\">\n<p><em>4 stycznia 2023<\/em><\/p>\n\n\n\n<p><strong>Cassandra<\/strong><\/p>\n\n\n\n<p>Moje serce jest teraz spokojne. W ko\u0144cu znalaz\u0142am idealne miejsce spoczynku dla mojego syna. Dzi\u0119kuj\u0119 za tak pi\u0119kny, przemy\u015blany przedmiot.<\/p>\n<\/div><figure class=\"wp-block-media-text__media\"><img loading=\"lazy\" decoding=\"async\" width=\"640\" height=\"640\" src=\"https:\/\/www.rememberme-forever.com\/wp-content\/uploads\/2023\/06\/iap_640x640.5000829521_dhdasttt.jpg\" alt=\"\" class=\"wp-image-7279 size-full\" srcset=\"https:\/\/www.rememberme-forever.com\/wp-content\/uploads\/2023\/06\/iap_640x640.5000829521_dhdasttt.jpg 640w, https:\/\/www.rememberme-forever.com\/wp-content\/uploads\/2023\/06\/iap_640x640.5000829521_dhdasttt-300x300.jpg 300w, https:\/\/www.rememberme-forever.com\/wp-content\/uploads\/2023\/06\/iap_640x640.5000829521_dhdasttt-150x150.jpg 150w, https:\/\/www.rememberme-forever.com\/wp-content\/uploads\/2023\/06\/iap_640x640.5000829521_dhdasttt-600x600.jpg 600w, https:\/\/www.rememberme-forever.com\/wp-content\/uploads\/2023\/06\/iap_640x640.5000829521_dhdasttt-100x100.jpg 100w, https:\/\/www.rememberme-forever.com\/wp-content\/uploads\/2023\/06\/iap_640x640.5000829521_dhdasttt-64x64.jpg 64w\" sizes=\"auto, (max-width: 640px) 100vw, 640px\" \/><\/figure><\/div>\n","protected":false},"excerpt":{"rendered":"<p>Je\u015bli jeste\u015b zadowolony z zakupu, zostaw swoj\u0105 opini\u0119. U\u0142atwi to kolejnym klientom podj\u0119cie w\u0142a\u015bciwej decyzji. Nie cz\u0119sto si\u0119 zdarza kupowa\u0107 urn\u0119 pogrzebow\u0105, wi\u0119c wiele os\u00f3b&#8230;<\/p>\n","protected":false},"author":3,"featured_media":0,"parent":0,"menu_order":0,"comment_status":"closed","ping_status":"closed","template":"","meta":{"_acf_changed":false,"footnotes":""},"class_list":["post-7314","page","type-page","status-publish","hentry"],"yoast_head":"<!-- This site is optimized with the Yoast SEO plugin v27.4 - https:\/\/yoast.com\/product\/yoast-seo-wordpress\/ -->\n<title>Rekomendacje - Remember Forever<\/title>\n<meta name=\"robots\" content=\"index, follow, max-snippet:-1, max-image-preview:large, max-video-preview:-1\" \/>\n<link rel=\"canonical\" href=\"https:\/\/www.rememberme-forever.com\/pl\/rekomendacje\/\" \/>\n<meta property=\"og:locale\" content=\"pl_PL\" \/>\n<meta property=\"og:type\" content=\"article\" \/>\n<meta property=\"og:title\" content=\"Rekomendacje - Remember Forever\" \/>\n<meta property=\"og:description\" content=\"Je\u015bli jeste\u015b zadowolony z zakupu, zostaw swoj\u0105 opini\u0119. U\u0142atwi to kolejnym klientom podj\u0119cie w\u0142a\u015bciwej decyzji. Nie cz\u0119sto si\u0119 zdarza kupowa\u0107 urn\u0119 pogrzebow\u0105, wi\u0119c wiele os\u00f3b...\" \/>\n<meta property=\"og:url\" content=\"https:\/\/www.rememberme-forever.com\/pl\/rekomendacje\/\" \/>\n<meta property=\"og:site_name\" content=\"Remember Forever\" \/>\n<meta property=\"article:modified_time\" content=\"2024-03-26T14:48:10+00:00\" \/>\n<meta property=\"og:image\" content=\"https:\/\/www.rememberme-forever.com\/wp-content\/uploads\/2024\/03\/IMG_12.jpg\" \/>\n<meta name=\"twitter:card\" content=\"summary_large_image\" \/>\n<meta name=\"twitter:label1\" content=\"Szacowany czas czytania\" \/>\n\t<meta name=\"twitter:data1\" content=\"2 minuta\" \/>\n<script type=\"application\/ld+json\" class=\"yoast-schema-graph\">{\"@context\":\"https:\\\/\\\/schema.org\",\"@graph\":[{\"@type\":\"WebPage\",\"@id\":\"https:\\\/\\\/www.rememberme-forever.com\\\/pl\\\/rekomendacje\\\/\",\"url\":\"https:\\\/\\\/www.rememberme-forever.com\\\/pl\\\/rekomendacje\\\/\",\"name\":\"Rekomendacje - Remember Forever\",\"isPartOf\":{\"@id\":\"https:\\\/\\\/www.rememberme-forever.com\\\/pl\\\/#website\"},\"primaryImageOfPage\":{\"@id\":\"https:\\\/\\\/www.rememberme-forever.com\\\/pl\\\/rekomendacje\\\/#primaryimage\"},\"image\":{\"@id\":\"https:\\\/\\\/www.rememberme-forever.com\\\/pl\\\/rekomendacje\\\/#primaryimage\"},\"thumbnailUrl\":\"https:\\\/\\\/www.rememberme-forever.com\\\/wp-content\\\/uploads\\\/2024\\\/03\\\/IMG_12.jpg\",\"datePublished\":\"2023-06-13T12:27:56+00:00\",\"dateModified\":\"2024-03-26T14:48:10+00:00\",\"breadcrumb\":{\"@id\":\"https:\\\/\\\/www.rememberme-forever.com\\\/pl\\\/rekomendacje\\\/#breadcrumb\"},\"inLanguage\":\"pl-PL\",\"potentialAction\":[{\"@type\":\"ReadAction\",\"target\":[\"https:\\\/\\\/www.rememberme-forever.com\\\/pl\\\/rekomendacje\\\/\"]}]},{\"@type\":\"ImageObject\",\"inLanguage\":\"pl-PL\",\"@id\":\"https:\\\/\\\/www.rememberme-forever.com\\\/pl\\\/rekomendacje\\\/#primaryimage\",\"url\":\"https:\\\/\\\/www.rememberme-forever.com\\\/wp-content\\\/uploads\\\/2024\\\/03\\\/IMG_12.jpg\",\"contentUrl\":\"https:\\\/\\\/www.rememberme-forever.com\\\/wp-content\\\/uploads\\\/2024\\\/03\\\/IMG_12.jpg\"},{\"@type\":\"BreadcrumbList\",\"@id\":\"https:\\\/\\\/www.rememberme-forever.com\\\/pl\\\/rekomendacje\\\/#breadcrumb\",\"itemListElement\":[{\"@type\":\"ListItem\",\"position\":1,\"name\":\"Home\",\"item\":\"https:\\\/\\\/www.rememberme-forever.com\\\/pl\\\/strona-glowna\\\/\"},{\"@type\":\"ListItem\",\"position\":2,\"name\":\"Rekomendacje\"}]},{\"@type\":\"WebSite\",\"@id\":\"https:\\\/\\\/www.rememberme-forever.com\\\/pl\\\/#website\",\"url\":\"https:\\\/\\\/www.rememberme-forever.com\\\/pl\\\/\",\"name\":\"Remember Forever\",\"description\":\"Cremation urns, funeral urns, urns for ashes\",\"publisher\":{\"@id\":\"https:\\\/\\\/www.rememberme-forever.com\\\/pl\\\/#organization\"},\"potentialAction\":[{\"@type\":\"SearchAction\",\"target\":{\"@type\":\"EntryPoint\",\"urlTemplate\":\"https:\\\/\\\/www.rememberme-forever.com\\\/pl\\\/?s={search_term_string}\"},\"query-input\":{\"@type\":\"PropertyValueSpecification\",\"valueRequired\":true,\"valueName\":\"search_term_string\"}}],\"inLanguage\":\"pl-PL\"},{\"@type\":\"Organization\",\"@id\":\"https:\\\/\\\/www.rememberme-forever.com\\\/pl\\\/#organization\",\"name\":\"Remember Forever\",\"url\":\"https:\\\/\\\/www.rememberme-forever.com\\\/pl\\\/\",\"logo\":{\"@type\":\"ImageObject\",\"inLanguage\":\"pl-PL\",\"@id\":\"https:\\\/\\\/www.rememberme-forever.com\\\/pl\\\/#\\\/schema\\\/logo\\\/image\\\/\",\"url\":\"https:\\\/\\\/www.rememberme-forever.com\\\/wp-content\\\/uploads\\\/2023\\\/02\\\/logo.png\",\"contentUrl\":\"https:\\\/\\\/www.rememberme-forever.com\\\/wp-content\\\/uploads\\\/2023\\\/02\\\/logo.png\",\"width\":300,\"height\":56,\"caption\":\"Remember Forever\"},\"image\":{\"@id\":\"https:\\\/\\\/www.rememberme-forever.com\\\/pl\\\/#\\\/schema\\\/logo\\\/image\\\/\"}}]}<\/script>\n<!-- \/ Yoast SEO plugin. -->","yoast_head_json":{"title":"Rekomendacje - Remember Forever","robots":{"index":"index","follow":"follow","max-snippet":"max-snippet:-1","max-image-preview":"max-image-preview:large","max-video-preview":"max-video-preview:-1"},"canonical":"https:\/\/www.rememberme-forever.com\/pl\/rekomendacje\/","og_locale":"pl_PL","og_type":"article","og_title":"Rekomendacje - Remember Forever","og_description":"Je\u015bli jeste\u015b zadowolony z zakupu, zostaw swoj\u0105 opini\u0119. U\u0142atwi to kolejnym klientom podj\u0119cie w\u0142a\u015bciwej decyzji. Nie cz\u0119sto si\u0119 zdarza kupowa\u0107 urn\u0119 pogrzebow\u0105, wi\u0119c wiele os\u00f3b...","og_url":"https:\/\/www.rememberme-forever.com\/pl\/rekomendacje\/","og_site_name":"Remember Forever","article_modified_time":"2024-03-26T14:48:10+00:00","og_image":[{"url":"https:\/\/www.rememberme-forever.com\/wp-content\/uploads\/2024\/03\/IMG_12.jpg","type":"","width":"","height":""}],"twitter_card":"summary_large_image","twitter_misc":{"Szacowany czas czytania":"2 minuta"},"schema":{"@context":"https:\/\/schema.org","@graph":[{"@type":"WebPage","@id":"https:\/\/www.rememberme-forever.com\/pl\/rekomendacje\/","url":"https:\/\/www.rememberme-forever.com\/pl\/rekomendacje\/","name":"Rekomendacje - Remember Forever","isPartOf":{"@id":"https:\/\/www.rememberme-forever.com\/pl\/#website"},"primaryImageOfPage":{"@id":"https:\/\/www.rememberme-forever.com\/pl\/rekomendacje\/#primaryimage"},"image":{"@id":"https:\/\/www.rememberme-forever.com\/pl\/rekomendacje\/#primaryimage"},"thumbnailUrl":"https:\/\/www.rememberme-forever.com\/wp-content\/uploads\/2024\/03\/IMG_12.jpg","datePublished":"2023-06-13T12:27:56+00:00","dateModified":"2024-03-26T14:48:10+00:00","breadcrumb":{"@id":"https:\/\/www.rememberme-forever.com\/pl\/rekomendacje\/#breadcrumb"},"inLanguage":"pl-PL","potentialAction":[{"@type":"ReadAction","target":["https:\/\/www.rememberme-forever.com\/pl\/rekomendacje\/"]}]},{"@type":"ImageObject","inLanguage":"pl-PL","@id":"https:\/\/www.rememberme-forever.com\/pl\/rekomendacje\/#primaryimage","url":"https:\/\/www.rememberme-forever.com\/wp-content\/uploads\/2024\/03\/IMG_12.jpg","contentUrl":"https:\/\/www.rememberme-forever.com\/wp-content\/uploads\/2024\/03\/IMG_12.jpg"},{"@type":"BreadcrumbList","@id":"https:\/\/www.rememberme-forever.com\/pl\/rekomendacje\/#breadcrumb","itemListElement":[{"@type":"ListItem","position":1,"name":"Home","item":"https:\/\/www.rememberme-forever.com\/pl\/strona-glowna\/"},{"@type":"ListItem","position":2,"name":"Rekomendacje"}]},{"@type":"WebSite","@id":"https:\/\/www.rememberme-forever.com\/pl\/#website","url":"https:\/\/www.rememberme-forever.com\/pl\/","name":"Remember Forever","description":"Cremation urns, funeral urns, urns for ashes","publisher":{"@id":"https:\/\/www.rememberme-forever.com\/pl\/#organization"},"potentialAction":[{"@type":"SearchAction","target":{"@type":"EntryPoint","urlTemplate":"https:\/\/www.rememberme-forever.com\/pl\/?s={search_term_string}"},"query-input":{"@type":"PropertyValueSpecification","valueRequired":true,"valueName":"search_term_string"}}],"inLanguage":"pl-PL"},{"@type":"Organization","@id":"https:\/\/www.rememberme-forever.com\/pl\/#organization","name":"Remember Forever","url":"https:\/\/www.rememberme-forever.com\/pl\/","logo":{"@type":"ImageObject","inLanguage":"pl-PL","@id":"https:\/\/www.rememberme-forever.com\/pl\/#\/schema\/logo\/image\/","url":"https:\/\/www.rememberme-forever.com\/wp-content\/uploads\/2023\/02\/logo.png","contentUrl":"https:\/\/www.rememberme-forever.com\/wp-content\/uploads\/2023\/02\/logo.png","width":300,"height":56,"caption":"Remember Forever"},"image":{"@id":"https:\/\/www.rememberme-forever.com\/pl\/#\/schema\/logo\/image\/"}}]}},"acf":[],"_links":{"self":[{"href":"https:\/\/www.rememberme-forever.com\/pl\/wp-json\/wp\/v2\/pages\/7314","targetHints":{"allow":["GET"]}}],"collection":[{"href":"https:\/\/www.rememberme-forever.com\/pl\/wp-json\/wp\/v2\/pages"}],"about":[{"href":"https:\/\/www.rememberme-forever.com\/pl\/wp-json\/wp\/v2\/types\/page"}],"author":[{"embeddable":true,"href":"https:\/\/www.rememberme-forever.com\/pl\/wp-json\/wp\/v2\/users\/3"}],"replies":[{"embeddable":true,"href":"https:\/\/www.rememberme-forever.com\/pl\/wp-json\/wp\/v2\/comments?post=7314"}],"version-history":[{"count":0,"href":"https:\/\/www.rememberme-forever.com\/pl\/wp-json\/wp\/v2\/pages\/7314\/revisions"}],"wp:attachment":[{"href":"https:\/\/www.rememberme-forever.com\/pl\/wp-json\/wp\/v2\/media?parent=7314"}],"curies":[{"name":"wp","href":"https:\/\/api.w.org\/{rel}","templated":true}]}}