{"id":7597,"date":"2023-06-27T12:51:33","date_gmt":"2023-06-27T10:51:33","guid":{"rendered":"https:\/\/www.rememberme-forever.com\/faq\/"},"modified":"2025-08-07T12:34:25","modified_gmt":"2025-08-07T10:34:25","slug":"faq","status":"publish","type":"page","link":"https:\/\/www.rememberme-forever.com\/pl\/faq\/","title":{"rendered":"FAQ"},"content":{"rendered":"\n<p>Oto odpowiedzi na kilka najcz\u0119\u015bciej zadawanych pyta\u0144, kt\u00f3re otrzymujemy. Je\u015bli nie znalaz\u0142e\u015b tutaj pytania, kt\u00f3re wymieni\u0142e\u015b, skontaktuj si\u0119 z nami. <\/p>\n\n<p><strong>P: Czy prochy du\u017cego doros\u0142ego mieszcz\u0105 si\u0119 w urnie?<\/strong> <\/p>\n\n<p>O: W wi\u0119kszo\u015bci przypadk\u00f3w tak. \u015arednia obj\u0119to\u015b\u0107 skremowanych szcz\u0105tk\u00f3w wynosi od 140 do 180 cali sze\u015bciennych. Je\u015bli martwisz si\u0119, czy b\u0119d\u0105 pasowa\u0107, mo\u017cesz zmierzy\u0107 ich przemieszczenie przed zakupem. Dyrektor zak\u0142adu pogrzebowego lub krematorium mo\u017ce udzieli\u0107 wskaz\u00f3wek dotycz\u0105cych rozmiaru urny, kt\u00f3rej b\u0119dziesz potrzebowa\u0107. Nasza strona internetowa oferuje r\u00f3\u017cne rozmiary urn kremacyjnych, w tym urny anielskie, trumny na prochy i urny dla zwierz\u0105t domowych na prochy.    <\/p>\n\n<p><strong>P: Co to jest urna pami\u0105tkowa?<\/strong><\/p>\n\n<p> Odp.: Urny pami\u0105tkowe na prochy to ma\u0142e urny, kt\u00f3re zawieraj\u0105 niewielk\u0105 ilo\u015b\u0107 proch\u00f3w kremacyjnych. S\u0105 cz\u0119sto u\u017cywane jako dodatek do pe\u0142nowymiarowej urny, gdy prochy s\u0105 dzielone mi\u0119dzy przyjaci\u00f3\u0142 i rodzin\u0119. <\/p>\n\n<p> <strong>Q:<\/strong> <strong> Czy urna ze stali nierdzewnej b\u0119dzie z czasem rdzewie\u0107?<\/strong><\/p>\n\n<p>O: Urny ze stali nierdzewnej s\u0105 odporne na rdz\u0119 i korozj\u0119. Nale\u017cy jednak pami\u0119ta\u0107, \u017ce \u017caden materia\u0142 nie jest ca\u0142kowicie odporny na dzia\u0142anie czasu i czynnik\u00f3w \u015brodowiskowych. Podczas gdy stal nierdzewna jest wysoce odporna na rdz\u0119, d\u0142ugotrwa\u0142e nara\u017cenie na trudne warunki lub zaniedbanie mo\u017ce potencjalnie prowadzi\u0107 do korozji powierzchni. Aby zapewni\u0107 d\u0142ugowieczno\u015b\u0107 urny ze stali nierdzewnej, zaleca si\u0119 jej regularne czyszczenie i konserwacj\u0119 zgodnie z instrukcjami producenta.   <\/p>\n\n<p><strong>P: Czy wszystkie urny kuliste nadaj\u0105 si\u0119 do u\u017cytku na zewn\u0105trz?<\/strong><\/p>\n\n<p>O: Nie wszystkie nasze urny nadaj\u0105 si\u0119 do umieszczenia na zewn\u0105trz. Je\u015bli urna jest przeznaczona do u\u017cytku na zewn\u0105trz, informacja ta zostanie podana w opisie produktu. Urny zewn\u0119trzne musz\u0105 by\u0107 odpowiednio przygotowane i wykonane ze starannie dobranych materia\u0142\u00f3w, kt\u00f3re s\u0105 odporne na wszelkie warunki pogodowe. W kategorii<a href=\"https:\/\/www.rememberme-forever.com\/product-category\/outdoor-urns\/\" target=\"_blank\" rel=\"noreferrer noopener\">&#8222;Urny zewn\u0119trzne<\/a>&#8221; znajdziesz wszystkie urny, kt\u00f3re s\u0105 odporne na warunki atmosferyczne i zbudowane tak, aby wytrzyma\u0107 pr\u00f3b\u0119 czasu.   <\/p>\n\n<p><strong>P: Czy moja metalowa urna zardzewieje lub zmatowieje?<\/strong> <\/p>\n\n<p>O: Je\u015bli przechowywana jest w metalowej urnie, takiej jak mosi\u0119\u017cna, stalowa, br\u0105zowa, cynowa lub platerowana urna, mo\u017ce z czasem zmatowie\u0107. Jest to powszechne w przypadku produkt\u00f3w metalowych. Je\u015bli wyst\u0105pi matowienie, dost\u0119pne s\u0105 \u015brodki czyszcz\u0105ce do metalu, kt\u00f3re mog\u0105 przywr\u00f3ci\u0107 oryginalne wyko\u0144czenie. W przypadku przechowywania na zewn\u0105trz w grobowcu lub w niszy kolumbarium efekt mo\u017ce nast\u0105pi\u0107 znacznie szybciej.<\/p>\n\n<p><strong>P: Czy powinienem zapiecz\u0119towa\u0107 moj\u0105 urn\u0119 i jak to zrobi\u0107?<\/strong> <\/p>\n\n<p>Odp .: Nie ma potrzeby uszczelniania urny, ale je\u015bli chcesz, mo\u017cesz u\u017cy\u0107 uszczelniacza silikonowego zakupionego w sklepie z narz\u0119dziami. Przed zamkni\u0119ciem urny na\u0142\u00f3\u017c niewielk\u0105 ilo\u015b\u0107 wok\u00f3\u0142 otworu. Przed zamkni\u0119ciem urny na\u0142\u00f3\u017c niewielk\u0105 ilo\u015b\u0107 wok\u00f3\u0142 otworu.  <\/p>\n\n<p><strong>P: Kto w\u0142o\u017cy prochy do urny?<\/strong> <\/p>\n\n<p>O: Wi\u0119kszo\u015b\u0107 rodzin jest w stanie samodzielnie wype\u0142ni\u0107 urn\u0119, poniewa\u017c jest to prosty i cz\u0119sto terapeutyczny proces. Rozumiemy jednak, \u017ce dla niekt\u00f3rych zadanie to mo\u017ce by\u0107 przyt\u0142aczaj\u0105ce emocjonalnie i mog\u0105 wymaga\u0107 pomocy lub wsparcia z zewn\u0105trz. Zak\u0142ad pogrzebowy zazwyczaj dostarcza prochy w tymczasowym plastikowym pojemniku, w kt\u00f3rym znajduje si\u0119 worek zawieraj\u0105cy prochy. Worek ten mo\u017cna przenie\u015b\u0107 bezpo\u015brednio do nowej urny lub dowolnego innego wybranego pojemnika bez konieczno\u015bci dotykania proch\u00f3w. Alternatywnie mo\u017cesz poprosi\u0107 eksperta pogrzebowego o nape\u0142nienie urny.    <\/p>\n\n<p><strong>P: Jak czy\u015bci\u0107 urn\u0119?<\/strong> <\/p>\n\n<p>O: Jednym z najlepszych sposob\u00f3w czyszczenia urny jest po prostu wytarcie jej mi\u0119kk\u0105 \u015bciereczk\u0105.<\/p>\n\n<p><strong>P: Czy mog\u0119 umie\u015bci\u0107 inne przedmioty w urnie z prochami? <\/strong><\/p>\n\n<p>O: Tak, do urny mo\u017cna dodawa\u0107 pojedyncze przedmioty, takie jak portfele, pier\u015bcionki, karty, listy, zdj\u0119cia i inne. Nie ma z\u0142ego ani w\u0142a\u015bciwego sposobu uczestniczenia w kremacji. Wiele os\u00f3b wybiera kremacj\u0119 ze wzgl\u0119du na oferowane przez ni\u0105 swobody, a my wierzymy, \u017ce je\u015bli chodzi o upami\u0119tnienie ukochanej osoby, nale\u017cy zrobi\u0107 wszystko, co sprawi, \u017ce poczujesz si\u0119 lepiej.  <\/p>\n\n<p><strong>P: Jakie typy urn s\u0105 dopuszczone do podr\u00f3\u017cy?<\/strong> <\/p>\n\n<p>O: Podr\u00f3\u017cowanie z urn\u0105 wymaga przestrzegania kilku wytycznych TSA. Wszystkie przedmioty podr\u0119czne musz\u0105 przej\u015b\u0107 przez aparat rentgenowski. Dost\u0119pnych jest kilka urn kompatybilnych z promieniowaniem rentgenowskim, takich jak drewniane urny, plastikowe pojemniki na prochy lub urny rozsypuj\u0105ce. Je\u015bli wybierzesz grubsz\u0105 i ci\u0119\u017csz\u0105 urn\u0119, na przyk\u0142ad mosi\u0119\u017cn\u0105 lub marmurow\u0105, najlepiej b\u0119dzie kupi\u0107 urn\u0119 tymczasow\u0105 do przenoszenia proch\u00f3w i zapakowa\u0107 sta\u0142\u0105 urn\u0119 do baga\u017cu rejestrowanego.   <\/p>\n\n<p><strong>P: Czy mog\u0119 rozproszy\u0107 si\u0119 w parku narodowym?<\/strong> <\/p>\n\n<p>Odp.: Skremowane szcz\u0105tki mo\u017cna rozrzuci\u0107 w wi\u0119kszo\u015bci park\u00f3w narodowych. Nale\u017cy jednak pami\u0119ta\u0107, \u017ce ka\u017cda lokalizacja ma swoj\u0105 w\u0142asn\u0105. <\/p>\n\n<p><strong>P: Czy mog\u0119 spersonalizowa\u0107 urn\u0119?<\/strong><\/p>\n\n<p> O: Absolutnie! Personalizacja urny mo\u017ce by\u0107 pi\u0119knym sposobem na uhonorowanie i zapami\u0119tanie ukochanej osoby. Wiele urn ma opcje personalizacji, takie jak wygrawerowanie imienia, daty lub osobistej wiadomo\u015bci. Mo\u017cesz tak\u017ce wybra\u0107 urny z unikalnymi wzorami, motywami lub materia\u0142ami, kt\u00f3re odzwierciedlaj\u0105 ich osobowo\u015b\u0107 lub zainteresowania. Dodatkowo mo\u017cesz rozwa\u017cy\u0107 dodanie osobistych akcent\u00f3w, takich jak zdj\u0119cia, plakietki lub symbole, aby jeszcze bardziej spersonalizowa\u0107 urn\u0119.    <\/p>\n\n<p><strong>P: Jak wybra\u0107 odpowiedni\u0105 urn\u0119 dla ukochanej osoby?<\/strong> <\/p>\n\n<p>O: Wyb\u00f3r odpowiedniej urny to osobista decyzja, kt\u00f3ra zale\u017cy od wielu czynnik\u00f3w. We\u017a pod uwag\u0119 rozmiar urny, upewniaj\u0105c si\u0119, \u017ce ma ona wystarczaj\u0105c\u0105 pojemno\u015b\u0107, aby pomie\u015bci\u0107 skremowane szcz\u0105tki. Pomy\u015bl o materiale i projekcie, kt\u00f3ry rezonuje ze stylem lub preferencjami ukochanej osoby. Mo\u017cesz r\u00f3wnie\u017c rozwa\u017cy\u0107 przeznaczenie urny, np. czy b\u0119dzie eksponowana w domu, umieszczona w kolumbarium lub wykorzystana do rozsypania. Nie spiesz si\u0119, zbadaj r\u00f3\u017cne opcje i skonsultuj si\u0119 z cz\u0142onkami rodziny lub pracownikiem firmy pogrzebowej, aby dokona\u0107 przemy\u015blanego wyboru.    <\/p>\n\n<p><strong>P: Czy mog\u0119 kupi\u0107 urn\u0119 online?<\/strong> <\/p>\n\n<p>Odp.: Tak, zakup urny przez Internet jest wygodn\u0105 opcj\u0105. Istnieje wielu renomowanych sprzedawc\u00f3w internetowych, kt\u00f3rzy oferuj\u0105 szeroki wyb\u00f3r urn do wyboru. Kupuj\u0105c przez Internet, przeczytaj opisy produkt\u00f3w, wymiary i opinie klient\u00f3w, aby upewni\u0107 si\u0119, \u017ce wybierasz urn\u0119 wysokiej jako\u015bci. Wa\u017cne jest r\u00f3wnie\u017c, aby wzi\u0105\u0107 pod uwag\u0119 czas wysy\u0142ki, zasady zwrot\u00f3w oraz wszelkie dodatkowe us\u0142ugi dostosowywania lub grawerowania oferowane przez sprzedawc\u0119 internetowego.   <\/p>\n\n<p><strong>P: Czy dost\u0119pne s\u0105 ekologiczne opcje urn?<\/strong> <\/p>\n\n<p>Odp .: Tak, dost\u0119pne s\u0105 przyjazne dla \u015brodowiska opcje urn dla tych, dla kt\u00f3rych priorytetem jest zr\u00f3wnowa\u017cony rozw\u00f3j i \u015bwiadomo\u015b\u0107 ekologiczna. Biodegradowalne urny wykonane z materia\u0142\u00f3w takich jak papier z recyklingu, s\u00f3l, piasek lub w\u0142\u00f3kna ro\u015blinne s\u0105 zaprojektowane tak, aby rozk\u0142ada\u0142y si\u0119 naturalnie po zakopaniu lub umieszczeniu w wodzie. Biodegradowalne urny wykonane z materia\u0142\u00f3w takich jak papier z recyklingu, s\u00f3l, piasek lub w\u0142\u00f3kna ro\u015blinne s\u0105 zaprojektowane tak, aby rozk\u0142ada\u0142y si\u0119 naturalnie po zakopaniu lub umieszczeniu w wodzie. Dodatkowo istniej\u0105 urny przeznaczone specjalnie do poch\u00f3wk\u00f3w wodnych, kt\u00f3re pozwalaj\u0105 uwalnia\u0107 prochy i stopniowo rozpuszcza\u0107 si\u0119 w wodzie, minimalizuj\u0105c ich wp\u0142yw na \u015brodowisko.   <\/p>\n\n<p><strong>P: Czy mog\u0119 kupi\u0107 urn\u0119, zanim zajdzie taka potrzeba? <\/strong><\/p>\n\n<p>Odp.: Tak, zakup urny przed zaistnieniem takiej potrzeby jest ca\u0142kowicie akceptowalny. W rzeczywisto\u015bci planowanie z wyprzedzeniem mo\u017ce z\u0142agodzi\u0107 stres i z\u0142agodzi\u0107 podejmowanie decyzji w trudnych czasach. Zakup urny z wyprzedzeniem pozwala zbada\u0107 r\u00f3\u017cne opcje, po\u015bwi\u0119ci\u0107 troch\u0119 czasu na dokonanie wyboru i upewni\u0107 si\u0119, \u017ce masz odpowiednie naczynie do uhonorowania szcz\u0105tk\u00f3w ukochanej osoby. Je\u015bli zdecydujesz si\u0119 na zakup urny z wyprzedzeniem, wskazane jest poinformowanie o tym cz\u0142onk\u00f3w rodziny lub uwzgl\u0119dnienie \u017cycze\u0144 w planach na koniec \u017cycia.   <\/p>\n","protected":false},"excerpt":{"rendered":"<p>Oto odpowiedzi na kilka najcz\u0119\u015bciej zadawanych pyta\u0144, kt\u00f3re otrzymujemy. Je\u015bli nie znalaz\u0142e\u015b tutaj pytania, kt\u00f3re wymieni\u0142e\u015b, skontaktuj si\u0119 z nami. P: Czy prochy du\u017cego doros\u0142ego&#8230;<\/p>\n","protected":false},"author":3,"featured_media":0,"parent":0,"menu_order":0,"comment_status":"closed","ping_status":"closed","template":"","meta":{"_acf_changed":false,"footnotes":""},"class_list":["post-7597","page","type-page","status-publish","hentry"],"yoast_head":"<!-- This site is optimized with the Yoast SEO plugin v27.4 - https:\/\/yoast.com\/product\/yoast-seo-wordpress\/ -->\n<title>FAQ - Remember Forever<\/title>\n<meta name=\"robots\" content=\"index, follow, max-snippet:-1, max-image-preview:large, max-video-preview:-1\" \/>\n<link rel=\"canonical\" href=\"https:\/\/www.rememberme-forever.com\/pl\/faq\/\" \/>\n<meta property=\"og:locale\" content=\"pl_PL\" \/>\n<meta property=\"og:type\" content=\"article\" \/>\n<meta property=\"og:title\" content=\"FAQ - Remember Forever\" \/>\n<meta property=\"og:description\" content=\"Oto odpowiedzi na kilka najcz\u0119\u015bciej zadawanych pyta\u0144, kt\u00f3re otrzymujemy. Je\u015bli nie znalaz\u0142e\u015b tutaj pytania, kt\u00f3re wymieni\u0142e\u015b, skontaktuj si\u0119 z nami. P: Czy prochy du\u017cego doros\u0142ego...\" \/>\n<meta property=\"og:url\" content=\"https:\/\/www.rememberme-forever.com\/pl\/faq\/\" \/>\n<meta property=\"og:site_name\" content=\"Remember Forever\" \/>\n<meta property=\"article:modified_time\" content=\"2025-08-07T10:34:25+00:00\" \/>\n<meta name=\"twitter:card\" content=\"summary_large_image\" \/>\n<meta name=\"twitter:label1\" content=\"Szacowany czas czytania\" \/>\n\t<meta name=\"twitter:data1\" content=\"6 minuta\" \/>\n<script type=\"application\/ld+json\" class=\"yoast-schema-graph\">{\"@context\":\"https:\\\/\\\/schema.org\",\"@graph\":[{\"@type\":\"WebPage\",\"@id\":\"https:\\\/\\\/www.rememberme-forever.com\\\/pl\\\/faq\\\/\",\"url\":\"https:\\\/\\\/www.rememberme-forever.com\\\/pl\\\/faq\\\/\",\"name\":\"FAQ - Remember Forever\",\"isPartOf\":{\"@id\":\"https:\\\/\\\/www.rememberme-forever.com\\\/pl\\\/#website\"},\"datePublished\":\"2023-06-27T10:51:33+00:00\",\"dateModified\":\"2025-08-07T10:34:25+00:00\",\"breadcrumb\":{\"@id\":\"https:\\\/\\\/www.rememberme-forever.com\\\/pl\\\/faq\\\/#breadcrumb\"},\"inLanguage\":\"pl-PL\",\"potentialAction\":[{\"@type\":\"ReadAction\",\"target\":[\"https:\\\/\\\/www.rememberme-forever.com\\\/pl\\\/faq\\\/\"]}]},{\"@type\":\"BreadcrumbList\",\"@id\":\"https:\\\/\\\/www.rememberme-forever.com\\\/pl\\\/faq\\\/#breadcrumb\",\"itemListElement\":[{\"@type\":\"ListItem\",\"position\":1,\"name\":\"Home\",\"item\":\"https:\\\/\\\/www.rememberme-forever.com\\\/pl\\\/strona-glowna\\\/\"},{\"@type\":\"ListItem\",\"position\":2,\"name\":\"FAQ\"}]},{\"@type\":\"WebSite\",\"@id\":\"https:\\\/\\\/www.rememberme-forever.com\\\/pl\\\/#website\",\"url\":\"https:\\\/\\\/www.rememberme-forever.com\\\/pl\\\/\",\"name\":\"Remember Forever\",\"description\":\"Cremation urns, funeral urns, urns for ashes\",\"publisher\":{\"@id\":\"https:\\\/\\\/www.rememberme-forever.com\\\/pl\\\/#organization\"},\"potentialAction\":[{\"@type\":\"SearchAction\",\"target\":{\"@type\":\"EntryPoint\",\"urlTemplate\":\"https:\\\/\\\/www.rememberme-forever.com\\\/pl\\\/?s={search_term_string}\"},\"query-input\":{\"@type\":\"PropertyValueSpecification\",\"valueRequired\":true,\"valueName\":\"search_term_string\"}}],\"inLanguage\":\"pl-PL\"},{\"@type\":\"Organization\",\"@id\":\"https:\\\/\\\/www.rememberme-forever.com\\\/pl\\\/#organization\",\"name\":\"Remember Forever\",\"url\":\"https:\\\/\\\/www.rememberme-forever.com\\\/pl\\\/\",\"logo\":{\"@type\":\"ImageObject\",\"inLanguage\":\"pl-PL\",\"@id\":\"https:\\\/\\\/www.rememberme-forever.com\\\/pl\\\/#\\\/schema\\\/logo\\\/image\\\/\",\"url\":\"https:\\\/\\\/www.rememberme-forever.com\\\/wp-content\\\/uploads\\\/2023\\\/02\\\/logo.png\",\"contentUrl\":\"https:\\\/\\\/www.rememberme-forever.com\\\/wp-content\\\/uploads\\\/2023\\\/02\\\/logo.png\",\"width\":300,\"height\":56,\"caption\":\"Remember Forever\"},\"image\":{\"@id\":\"https:\\\/\\\/www.rememberme-forever.com\\\/pl\\\/#\\\/schema\\\/logo\\\/image\\\/\"}}]}<\/script>\n<!-- \/ Yoast SEO plugin. -->","yoast_head_json":{"title":"FAQ - Remember Forever","robots":{"index":"index","follow":"follow","max-snippet":"max-snippet:-1","max-image-preview":"max-image-preview:large","max-video-preview":"max-video-preview:-1"},"canonical":"https:\/\/www.rememberme-forever.com\/pl\/faq\/","og_locale":"pl_PL","og_type":"article","og_title":"FAQ - Remember Forever","og_description":"Oto odpowiedzi na kilka najcz\u0119\u015bciej zadawanych pyta\u0144, kt\u00f3re otrzymujemy. Je\u015bli nie znalaz\u0142e\u015b tutaj pytania, kt\u00f3re wymieni\u0142e\u015b, skontaktuj si\u0119 z nami. P: Czy prochy du\u017cego doros\u0142ego...","og_url":"https:\/\/www.rememberme-forever.com\/pl\/faq\/","og_site_name":"Remember Forever","article_modified_time":"2025-08-07T10:34:25+00:00","twitter_card":"summary_large_image","twitter_misc":{"Szacowany czas czytania":"6 minuta"},"schema":{"@context":"https:\/\/schema.org","@graph":[{"@type":"WebPage","@id":"https:\/\/www.rememberme-forever.com\/pl\/faq\/","url":"https:\/\/www.rememberme-forever.com\/pl\/faq\/","name":"FAQ - Remember Forever","isPartOf":{"@id":"https:\/\/www.rememberme-forever.com\/pl\/#website"},"datePublished":"2023-06-27T10:51:33+00:00","dateModified":"2025-08-07T10:34:25+00:00","breadcrumb":{"@id":"https:\/\/www.rememberme-forever.com\/pl\/faq\/#breadcrumb"},"inLanguage":"pl-PL","potentialAction":[{"@type":"ReadAction","target":["https:\/\/www.rememberme-forever.com\/pl\/faq\/"]}]},{"@type":"BreadcrumbList","@id":"https:\/\/www.rememberme-forever.com\/pl\/faq\/#breadcrumb","itemListElement":[{"@type":"ListItem","position":1,"name":"Home","item":"https:\/\/www.rememberme-forever.com\/pl\/strona-glowna\/"},{"@type":"ListItem","position":2,"name":"FAQ"}]},{"@type":"WebSite","@id":"https:\/\/www.rememberme-forever.com\/pl\/#website","url":"https:\/\/www.rememberme-forever.com\/pl\/","name":"Remember Forever","description":"Cremation urns, funeral urns, urns for ashes","publisher":{"@id":"https:\/\/www.rememberme-forever.com\/pl\/#organization"},"potentialAction":[{"@type":"SearchAction","target":{"@type":"EntryPoint","urlTemplate":"https:\/\/www.rememberme-forever.com\/pl\/?s={search_term_string}"},"query-input":{"@type":"PropertyValueSpecification","valueRequired":true,"valueName":"search_term_string"}}],"inLanguage":"pl-PL"},{"@type":"Organization","@id":"https:\/\/www.rememberme-forever.com\/pl\/#organization","name":"Remember Forever","url":"https:\/\/www.rememberme-forever.com\/pl\/","logo":{"@type":"ImageObject","inLanguage":"pl-PL","@id":"https:\/\/www.rememberme-forever.com\/pl\/#\/schema\/logo\/image\/","url":"https:\/\/www.rememberme-forever.com\/wp-content\/uploads\/2023\/02\/logo.png","contentUrl":"https:\/\/www.rememberme-forever.com\/wp-content\/uploads\/2023\/02\/logo.png","width":300,"height":56,"caption":"Remember Forever"},"image":{"@id":"https:\/\/www.rememberme-forever.com\/pl\/#\/schema\/logo\/image\/"}}]}},"acf":[],"_links":{"self":[{"href":"https:\/\/www.rememberme-forever.com\/pl\/wp-json\/wp\/v2\/pages\/7597","targetHints":{"allow":["GET"]}}],"collection":[{"href":"https:\/\/www.rememberme-forever.com\/pl\/wp-json\/wp\/v2\/pages"}],"about":[{"href":"https:\/\/www.rememberme-forever.com\/pl\/wp-json\/wp\/v2\/types\/page"}],"author":[{"embeddable":true,"href":"https:\/\/www.rememberme-forever.com\/pl\/wp-json\/wp\/v2\/users\/3"}],"replies":[{"embeddable":true,"href":"https:\/\/www.rememberme-forever.com\/pl\/wp-json\/wp\/v2\/comments?post=7597"}],"version-history":[{"count":2,"href":"https:\/\/www.rememberme-forever.com\/pl\/wp-json\/wp\/v2\/pages\/7597\/revisions"}],"predecessor-version":[{"id":17956,"href":"https:\/\/www.rememberme-forever.com\/pl\/wp-json\/wp\/v2\/pages\/7597\/revisions\/17956"}],"wp:attachment":[{"href":"https:\/\/www.rememberme-forever.com\/pl\/wp-json\/wp\/v2\/media?parent=7597"}],"curies":[{"name":"wp","href":"https:\/\/api.w.org\/{rel}","templated":true}]}}