{"id":10955,"date":"2023-11-20T10:55:46","date_gmt":"2023-11-20T09:55:46","guid":{"rendered":"https:\/\/www.rememberme-forever.com\/?post_type=product&#038;p=10955"},"modified":"2026-02-02T14:04:02","modified_gmt":"2026-02-02T13:04:02","slug":"urna-z-wieloma-sercami-dla-ukochanej-osoby","status":"publish","type":"product","link":"https:\/\/www.rememberme-forever.com\/pl\/produkt\/urna-z-wieloma-sercami-dla-ukochanej-osoby\/","title":{"rendered":"Urna z wieloma sercami dla ukochanej osoby"},"content":{"rendered":"<p style=\"text-align: center;\">Urna w kszta\u0142cie kuli z wieloma srebrnymi sercami to wyj\u0105tkowy spos\u00f3b na uczczenie pami\u0119ci ukochanej osoby, kt\u00f3ra opu\u015bci\u0142a nasz\u0105 codzienn\u0105 rzeczywisto\u015b\u0107. Ta pi\u0119kna urna nie tylko zachwyca swoim designem, ale r\u00f3wnie\u017c kryje w sobie g\u0142\u0119bok\u0105 symbolik\u0119. Zosta\u0142a starannie wykonana, aby zapewni\u0107 nie tylko estetyczny wygl\u0105d, ale tak\u017ce trwa\u0142o\u015b\u0107. Wn\u0119trze urny zawiera wk\u0142adk\u0119 ze stali nierdzewnej, kt\u00f3ra s\u0142u\u017cy do bezpiecznego przechowywania proch\u00f3w zmar\u0142ego.<\/p>\n<h2 style=\"text-align: center;\">Urna z wieloma sercami dla ukochanej osoby<\/h2>\n<p style=\"text-align: center;\">To niezwyk\u0142e dzie\u0142o mo\u017ce by\u0107 dodatkowo spersonalizowane poprzez dodanie grawerowanej plakietki z w\u0142asnym tekstem. Ta mo\u017cliwo\u015b\u0107 pozwala uczci\u0107 pami\u0119\u0107 bliskiej osoby w spos\u00f3b bardzo osobisty. Urna z sercami nie tylko reprezentuje mi\u0142o\u015b\u0107 i wi\u0119\u017a, ale tak\u017ce stanowi trwa\u0142\u0105 pami\u0105tk\u0119, kt\u00f3ra przetrwa przez lata. To nie tylko pojemnik na prochy, lecz tak\u017ce pi\u0119kny symbol, kt\u00f3ry po\u0142\u0105czy nas z tymi, kt\u00f3rych ju\u017c nie ma.<\/p>\n<p style=\"text-align: center;\"><em><strong>Produkt r\u0119cznie malowany, odcie\u0144 kolor\u00f3w mo\u017ce si\u0119 nieznacznie r\u00f3\u017cni\u0107.<\/strong><\/em><\/p>\n<p>&nbsp;<\/p>\n<p style=\"text-align: center;\"><strong>Kula ze stali nierdzewnej wewn\u0105trz:<\/strong><\/p>\n<p><img loading=\"lazy\" decoding=\"async\" class=\" wp-image-1080 aligncenter\" src=\"http:\/\/www.rememberme-forever.com\/wp-content\/uploads\/2023\/04\/planet-urn-inside-stainless-steel-insert-300x300.jpg\" alt=\"planet urn inside stainless steel insert\" width=\"218\" height=\"218\" srcset=\"https:\/\/www.rememberme-forever.com\/wp-content\/uploads\/2023\/04\/planet-urn-inside-stainless-steel-insert-300x300.jpg 300w, https:\/\/www.rememberme-forever.com\/wp-content\/uploads\/2023\/04\/planet-urn-inside-stainless-steel-insert-150x150.jpg 150w, https:\/\/www.rememberme-forever.com\/wp-content\/uploads\/2023\/04\/planet-urn-inside-stainless-steel-insert-600x600.jpg 600w, https:\/\/www.rememberme-forever.com\/wp-content\/uploads\/2023\/04\/planet-urn-inside-stainless-steel-insert-100x100.jpg 100w, https:\/\/www.rememberme-forever.com\/wp-content\/uploads\/2023\/04\/planet-urn-inside-stainless-steel-insert-64x64.jpg 64w, https:\/\/www.rememberme-forever.com\/wp-content\/uploads\/2023\/04\/planet-urn-inside-stainless-steel-insert.jpg 768w\" sizes=\"auto, (max-width: 218px) 100vw, 218px\" \/><\/p>\n<p>&nbsp;<\/p>\n<h3 style=\"text-align: center;\"><strong>PERSONALIZACJA<\/strong><\/h3>\n<p style=\"text-align: center;\">Je\u015bli wybierzesz grawerowan\u0105 plakietk\u0119 w zestawie z urn\u0105, prze\u015blij tekst w ramce \u201cGrawerowana plakietka\u201d.<\/p>\n<p style=\"text-align: center;\">Tekst do grawerowanej plakietki powinien by\u0107 dostarczony podczas sk\u0142adania zam\u00f3wienia. (Prosz\u0119 nie panikowa\u0107, je\u015bli to przegapisz, poniewa\u017c zawsze mo\u017cesz wys\u0142a\u0107 nam wiadomo\u015b\u0107 p\u00f3\u017aniej.)<\/p>\n<p><img loading=\"lazy\" decoding=\"async\" class=\" wp-image-7910 aligncenter\" src=\"http:\/\/www.rememberme-forever.com\/wp-content\/uploads\/2023\/04\/memorial-plaque-cremation-urn-silver-1-300x153.jpg\" alt=\"\" width=\"222\" height=\"113\" srcset=\"https:\/\/www.rememberme-forever.com\/wp-content\/uploads\/2023\/04\/memorial-plaque-cremation-urn-silver-1-300x153.jpg 300w, https:\/\/www.rememberme-forever.com\/wp-content\/uploads\/2023\/04\/memorial-plaque-cremation-urn-silver-1-64x33.jpg 64w, https:\/\/www.rememberme-forever.com\/wp-content\/uploads\/2023\/04\/memorial-plaque-cremation-urn-silver-1.jpg 448w\" sizes=\"auto, (max-width: 222px) 100vw, 222px\" \/><\/p>\n<p style=\"text-align: center;\"><em><a name=\"_Hlk108616021\"><\/a><strong>Przed dodaniem produktu do koszyka dok\u0142adnie SPRAWD\u0179 tekst przes\u0142any do grawerowania. Do\u00a0 tekstu kt\u00f3ry otrzymujemy wraz z zam\u00f3wieniem\u00a0 nie wprowadzamy \u017cadnych zmian z naszej strony. Tekst jest grawerowany dok\u0142adnie taki, jaki otrzymujemy od pa\u0144stwa. <\/strong><\/em><\/p>\n<p style=\"text-align: center;\"><em><strong>Sprawd\u017a tekst, aby upewni\u0107 si\u0119, \u017ce pisownia jest poprawna.<\/strong><\/em><\/p>\n","protected":false},"excerpt":{"rendered":"<p><em><strong>Urna odpowiednia na prochy zmar\u0142ej osoby o masie cia\u0142a 102kg lub mniej.<\/strong><\/em><\/p>\n<p><b>\u2611\ufe0f <em style=\"color: red;\">Jeste\u015bmy \u015bwiadomi kr\u00f3tkiego czasu na dostarczenie urny. Urn\u0119 zam\u00f3wion\u0105 do godz. 12.00 w dzie\u0144 roboczy wysy\u0142amy natychmiast.\u00a0<\/em><\/b><\/p>\n","protected":false},"featured_media":10952,"template":"","meta":{"_acf_changed":false},"product_brand":[],"product_cat":[78,136],"product_tag":[3334,1024,996,1011,962],"class_list":{"0":"post-10955","1":"product","2":"type-product","3":"status-publish","4":"has-post-thumbnail","6":"product_cat-urny-artystyczne","7":"product_cat-urny-tematyczne","8":"product_tag-gpsr-metal-insert-abs_outside","9":"product_tag-kula","10":"product_tag-serca","11":"product_tag-stal-nierdzewna","12":"product_tag-urna","13":"product_shipping_class-wood-urns-pl","15":"first","16":"instock","17":"taxable","18":"shipping-taxable","19":"purchasable","20":"product-type-simple"},"yoast_head":"<!-- This site is optimized with the Yoast SEO plugin v27.4 - https:\/\/yoast.com\/product\/yoast-seo-wordpress\/ -->\n<title>Urna z wieloma sercami dla ukochanej osoby<\/title>\n<meta name=\"description\" content=\"Urna z wieloma sercami dla ukochanej osoby. Urna w kszta\u0142cie kuli z wieloma srebrnymi sercami to wyj\u0105tkowy spos\u00f3b na uczczenie pami\u0119ci ukochanej osoby...\" \/>\n<meta name=\"robots\" content=\"index, follow, max-snippet:-1, max-image-preview:large, max-video-preview:-1\" \/>\n<link rel=\"canonical\" href=\"https:\/\/www.rememberme-forever.com\/pl\/produkt\/urna-z-wieloma-sercami-dla-ukochanej-osoby\/\" \/>\n<meta property=\"og:locale\" content=\"pl_PL\" \/>\n<meta property=\"og:type\" content=\"article\" \/>\n<meta property=\"og:title\" content=\"Urna z wieloma sercami dla ukochanej osoby\" \/>\n<meta property=\"og:description\" content=\"Urna z wieloma sercami dla ukochanej osoby. Urna w kszta\u0142cie kuli z wieloma srebrnymi sercami to wyj\u0105tkowy spos\u00f3b na uczczenie pami\u0119ci ukochanej osoby...\" \/>\n<meta property=\"og:url\" content=\"https:\/\/www.rememberme-forever.com\/pl\/produkt\/urna-z-wieloma-sercami-dla-ukochanej-osoby\/\" \/>\n<meta property=\"og:site_name\" content=\"Remember Forever\" \/>\n<meta property=\"article:modified_time\" content=\"2026-02-02T13:04:02+00:00\" \/>\n<meta property=\"og:image\" content=\"http:\/\/www.rememberme-forever.com\/wp-content\/uploads\/2023\/11\/sphere-urn-with-hearts-plaque.jpg\" \/>\n\t<meta property=\"og:image:width\" content=\"1007\" \/>\n\t<meta property=\"og:image:height\" content=\"1024\" \/>\n\t<meta property=\"og:image:type\" content=\"image\/jpeg\" \/>\n<meta name=\"twitter:card\" content=\"summary_large_image\" \/>\n<meta name=\"twitter:label1\" content=\"Szacowany czas czytania\" \/>\n\t<meta name=\"twitter:data1\" content=\"2 minuta\" \/>\n<script type=\"application\/ld+json\" class=\"yoast-schema-graph\">{\"@context\":\"https:\\\/\\\/schema.org\",\"@graph\":[{\"@type\":\"WebPage\",\"@id\":\"https:\\\/\\\/www.rememberme-forever.com\\\/pl\\\/produkt\\\/urna-z-wieloma-sercami-dla-ukochanej-osoby\\\/\",\"url\":\"https:\\\/\\\/www.rememberme-forever.com\\\/pl\\\/produkt\\\/urna-z-wieloma-sercami-dla-ukochanej-osoby\\\/\",\"name\":\"Urna z wieloma sercami dla ukochanej osoby\",\"isPartOf\":{\"@id\":\"https:\\\/\\\/www.rememberme-forever.com\\\/pl\\\/#website\"},\"primaryImageOfPage\":{\"@id\":\"https:\\\/\\\/www.rememberme-forever.com\\\/pl\\\/produkt\\\/urna-z-wieloma-sercami-dla-ukochanej-osoby\\\/#primaryimage\"},\"image\":{\"@id\":\"https:\\\/\\\/www.rememberme-forever.com\\\/pl\\\/produkt\\\/urna-z-wieloma-sercami-dla-ukochanej-osoby\\\/#primaryimage\"},\"thumbnailUrl\":\"https:\\\/\\\/www.rememberme-forever.com\\\/wp-content\\\/uploads\\\/2023\\\/11\\\/sphere-urn-with-hearts-plaque.jpg\",\"datePublished\":\"2023-11-20T09:55:46+00:00\",\"dateModified\":\"2026-02-02T13:04:02+00:00\",\"description\":\"Urna z wieloma sercami dla ukochanej osoby. Urna w kszta\u0142cie kuli z wieloma srebrnymi sercami to wyj\u0105tkowy spos\u00f3b na uczczenie pami\u0119ci ukochanej osoby...\",\"breadcrumb\":{\"@id\":\"https:\\\/\\\/www.rememberme-forever.com\\\/pl\\\/produkt\\\/urna-z-wieloma-sercami-dla-ukochanej-osoby\\\/#breadcrumb\"},\"inLanguage\":\"pl-PL\",\"potentialAction\":[{\"@type\":\"ReadAction\",\"target\":[\"https:\\\/\\\/www.rememberme-forever.com\\\/pl\\\/produkt\\\/urna-z-wieloma-sercami-dla-ukochanej-osoby\\\/\"]}]},{\"@type\":\"ImageObject\",\"inLanguage\":\"pl-PL\",\"@id\":\"https:\\\/\\\/www.rememberme-forever.com\\\/pl\\\/produkt\\\/urna-z-wieloma-sercami-dla-ukochanej-osoby\\\/#primaryimage\",\"url\":\"https:\\\/\\\/www.rememberme-forever.com\\\/wp-content\\\/uploads\\\/2023\\\/11\\\/sphere-urn-with-hearts-plaque.jpg\",\"contentUrl\":\"https:\\\/\\\/www.rememberme-forever.com\\\/wp-content\\\/uploads\\\/2023\\\/11\\\/sphere-urn-with-hearts-plaque.jpg\",\"width\":1007,\"height\":1024,\"caption\":\"Adult sphere urn with hearts, urna w kszta\u0142cie kuli z wieloma sercami\"},{\"@type\":\"BreadcrumbList\",\"@id\":\"https:\\\/\\\/www.rememberme-forever.com\\\/pl\\\/produkt\\\/urna-z-wieloma-sercami-dla-ukochanej-osoby\\\/#breadcrumb\",\"itemListElement\":[{\"@type\":\"ListItem\",\"position\":1,\"name\":\"Home\",\"item\":\"https:\\\/\\\/www.rememberme-forever.com\\\/pl\\\/strona-glowna\\\/\"},{\"@type\":\"ListItem\",\"position\":2,\"name\":\"Sklep\",\"item\":\"https:\\\/\\\/www.rememberme-forever.com\\\/pl\\\/sklep-2\\\/\"},{\"@type\":\"ListItem\",\"position\":3,\"name\":\"Urna z wieloma sercami dla ukochanej osoby\"}]},{\"@type\":\"WebSite\",\"@id\":\"https:\\\/\\\/www.rememberme-forever.com\\\/pl\\\/#website\",\"url\":\"https:\\\/\\\/www.rememberme-forever.com\\\/pl\\\/\",\"name\":\"Remember Forever\",\"description\":\"Cremation urns, funeral urns, urns for ashes\",\"publisher\":{\"@id\":\"https:\\\/\\\/www.rememberme-forever.com\\\/pl\\\/#organization\"},\"potentialAction\":[{\"@type\":\"SearchAction\",\"target\":{\"@type\":\"EntryPoint\",\"urlTemplate\":\"https:\\\/\\\/www.rememberme-forever.com\\\/pl\\\/?s={search_term_string}\"},\"query-input\":{\"@type\":\"PropertyValueSpecification\",\"valueRequired\":true,\"valueName\":\"search_term_string\"}}],\"inLanguage\":\"pl-PL\"},{\"@type\":\"Organization\",\"@id\":\"https:\\\/\\\/www.rememberme-forever.com\\\/pl\\\/#organization\",\"name\":\"Remember Forever\",\"url\":\"https:\\\/\\\/www.rememberme-forever.com\\\/pl\\\/\",\"logo\":{\"@type\":\"ImageObject\",\"inLanguage\":\"pl-PL\",\"@id\":\"https:\\\/\\\/www.rememberme-forever.com\\\/pl\\\/#\\\/schema\\\/logo\\\/image\\\/\",\"url\":\"https:\\\/\\\/www.rememberme-forever.com\\\/wp-content\\\/uploads\\\/2023\\\/02\\\/logo.png\",\"contentUrl\":\"https:\\\/\\\/www.rememberme-forever.com\\\/wp-content\\\/uploads\\\/2023\\\/02\\\/logo.png\",\"width\":300,\"height\":56,\"caption\":\"Remember Forever\"},\"image\":{\"@id\":\"https:\\\/\\\/www.rememberme-forever.com\\\/pl\\\/#\\\/schema\\\/logo\\\/image\\\/\"}}]}<\/script>\n<!-- \/ Yoast SEO plugin. -->","yoast_head_json":{"title":"Urna z wieloma sercami dla ukochanej osoby","description":"Urna z wieloma sercami dla ukochanej osoby. Urna w kszta\u0142cie kuli z wieloma srebrnymi sercami to wyj\u0105tkowy spos\u00f3b na uczczenie pami\u0119ci ukochanej osoby...","robots":{"index":"index","follow":"follow","max-snippet":"max-snippet:-1","max-image-preview":"max-image-preview:large","max-video-preview":"max-video-preview:-1"},"canonical":"https:\/\/www.rememberme-forever.com\/pl\/produkt\/urna-z-wieloma-sercami-dla-ukochanej-osoby\/","og_locale":"pl_PL","og_type":"article","og_title":"Urna z wieloma sercami dla ukochanej osoby","og_description":"Urna z wieloma sercami dla ukochanej osoby. Urna w kszta\u0142cie kuli z wieloma srebrnymi sercami to wyj\u0105tkowy spos\u00f3b na uczczenie pami\u0119ci ukochanej osoby...","og_url":"https:\/\/www.rememberme-forever.com\/pl\/produkt\/urna-z-wieloma-sercami-dla-ukochanej-osoby\/","og_site_name":"Remember Forever","article_modified_time":"2026-02-02T13:04:02+00:00","og_image":[{"width":1007,"height":1024,"url":"http:\/\/www.rememberme-forever.com\/wp-content\/uploads\/2023\/11\/sphere-urn-with-hearts-plaque.jpg","type":"image\/jpeg"}],"twitter_card":"summary_large_image","twitter_misc":{"Szacowany czas czytania":"2 minuta"},"schema":{"@context":"https:\/\/schema.org","@graph":[{"@type":"WebPage","@id":"https:\/\/www.rememberme-forever.com\/pl\/produkt\/urna-z-wieloma-sercami-dla-ukochanej-osoby\/","url":"https:\/\/www.rememberme-forever.com\/pl\/produkt\/urna-z-wieloma-sercami-dla-ukochanej-osoby\/","name":"Urna z wieloma sercami dla ukochanej osoby","isPartOf":{"@id":"https:\/\/www.rememberme-forever.com\/pl\/#website"},"primaryImageOfPage":{"@id":"https:\/\/www.rememberme-forever.com\/pl\/produkt\/urna-z-wieloma-sercami-dla-ukochanej-osoby\/#primaryimage"},"image":{"@id":"https:\/\/www.rememberme-forever.com\/pl\/produkt\/urna-z-wieloma-sercami-dla-ukochanej-osoby\/#primaryimage"},"thumbnailUrl":"https:\/\/www.rememberme-forever.com\/wp-content\/uploads\/2023\/11\/sphere-urn-with-hearts-plaque.jpg","datePublished":"2023-11-20T09:55:46+00:00","dateModified":"2026-02-02T13:04:02+00:00","description":"Urna z wieloma sercami dla ukochanej osoby. Urna w kszta\u0142cie kuli z wieloma srebrnymi sercami to wyj\u0105tkowy spos\u00f3b na uczczenie pami\u0119ci ukochanej osoby...","breadcrumb":{"@id":"https:\/\/www.rememberme-forever.com\/pl\/produkt\/urna-z-wieloma-sercami-dla-ukochanej-osoby\/#breadcrumb"},"inLanguage":"pl-PL","potentialAction":[{"@type":"ReadAction","target":["https:\/\/www.rememberme-forever.com\/pl\/produkt\/urna-z-wieloma-sercami-dla-ukochanej-osoby\/"]}]},{"@type":"ImageObject","inLanguage":"pl-PL","@id":"https:\/\/www.rememberme-forever.com\/pl\/produkt\/urna-z-wieloma-sercami-dla-ukochanej-osoby\/#primaryimage","url":"https:\/\/www.rememberme-forever.com\/wp-content\/uploads\/2023\/11\/sphere-urn-with-hearts-plaque.jpg","contentUrl":"https:\/\/www.rememberme-forever.com\/wp-content\/uploads\/2023\/11\/sphere-urn-with-hearts-plaque.jpg","width":1007,"height":1024,"caption":"Adult sphere urn with hearts, urna w kszta\u0142cie kuli z wieloma sercami"},{"@type":"BreadcrumbList","@id":"https:\/\/www.rememberme-forever.com\/pl\/produkt\/urna-z-wieloma-sercami-dla-ukochanej-osoby\/#breadcrumb","itemListElement":[{"@type":"ListItem","position":1,"name":"Home","item":"https:\/\/www.rememberme-forever.com\/pl\/strona-glowna\/"},{"@type":"ListItem","position":2,"name":"Sklep","item":"https:\/\/www.rememberme-forever.com\/pl\/sklep-2\/"},{"@type":"ListItem","position":3,"name":"Urna z wieloma sercami dla ukochanej osoby"}]},{"@type":"WebSite","@id":"https:\/\/www.rememberme-forever.com\/pl\/#website","url":"https:\/\/www.rememberme-forever.com\/pl\/","name":"Remember Forever","description":"Cremation urns, funeral urns, urns for ashes","publisher":{"@id":"https:\/\/www.rememberme-forever.com\/pl\/#organization"},"potentialAction":[{"@type":"SearchAction","target":{"@type":"EntryPoint","urlTemplate":"https:\/\/www.rememberme-forever.com\/pl\/?s={search_term_string}"},"query-input":{"@type":"PropertyValueSpecification","valueRequired":true,"valueName":"search_term_string"}}],"inLanguage":"pl-PL"},{"@type":"Organization","@id":"https:\/\/www.rememberme-forever.com\/pl\/#organization","name":"Remember Forever","url":"https:\/\/www.rememberme-forever.com\/pl\/","logo":{"@type":"ImageObject","inLanguage":"pl-PL","@id":"https:\/\/www.rememberme-forever.com\/pl\/#\/schema\/logo\/image\/","url":"https:\/\/www.rememberme-forever.com\/wp-content\/uploads\/2023\/02\/logo.png","contentUrl":"https:\/\/www.rememberme-forever.com\/wp-content\/uploads\/2023\/02\/logo.png","width":300,"height":56,"caption":"Remember Forever"},"image":{"@id":"https:\/\/www.rememberme-forever.com\/pl\/#\/schema\/logo\/image\/"}}]}},"acf":[],"_links":{"self":[{"href":"https:\/\/www.rememberme-forever.com\/pl\/wp-json\/wp\/v2\/product\/10955","targetHints":{"allow":["GET"]}}],"collection":[{"href":"https:\/\/www.rememberme-forever.com\/pl\/wp-json\/wp\/v2\/product"}],"about":[{"href":"https:\/\/www.rememberme-forever.com\/pl\/wp-json\/wp\/v2\/types\/product"}],"wp:featuredmedia":[{"embeddable":true,"href":"https:\/\/www.rememberme-forever.com\/pl\/wp-json\/wp\/v2\/media\/10952"}],"wp:attachment":[{"href":"https:\/\/www.rememberme-forever.com\/pl\/wp-json\/wp\/v2\/media?parent=10955"}],"wp:term":[{"taxonomy":"product_brand","embeddable":true,"href":"https:\/\/www.rememberme-forever.com\/pl\/wp-json\/wp\/v2\/product_brand?post=10955"},{"taxonomy":"product_cat","embeddable":true,"href":"https:\/\/www.rememberme-forever.com\/pl\/wp-json\/wp\/v2\/product_cat?post=10955"},{"taxonomy":"product_tag","embeddable":true,"href":"https:\/\/www.rememberme-forever.com\/pl\/wp-json\/wp\/v2\/product_tag?post=10955"}],"curies":[{"name":"wp","href":"https:\/\/api.w.org\/{rel}","templated":true}]}}