{"id":11587,"date":"2024-01-10T11:48:06","date_gmt":"2024-01-10T10:48:06","guid":{"rendered":"https:\/\/www.rememberme-forever.com\/?post_type=product&#038;p=11587"},"modified":"2026-02-02T14:01:14","modified_gmt":"2026-02-02T13:01:14","slug":"urna-kremacyjna-kula-ze-stali-nierdzewnej","status":"publish","type":"product","link":"https:\/\/www.rememberme-forever.com\/pl\/produkt\/urna-kremacyjna-kula-ze-stali-nierdzewnej\/","title":{"rendered":"Urna kremacyjna kula ze stali nierdzewnej"},"content":{"rendered":"<div style=\"width: 100%; margin-bottom: 30px; height: max-content; padding-bottom: 60%; position: relative;\"><iframe style=\"position: absolute; top: 0; left: 0; width: 100%; height: 100%;\" src=\"https:\/\/rememberme-urns.com\/adult-size-stainless-steel-urn\/\" frameborder=\"0\"><\/iframe><\/div>\n<div style=\"color: red; text-align: center; margin-bottom: 25px;\">\n<p>&gt;&gt; Obrotowe zdj\u0119cie &#8211; dotknij\/zbli\u017c &lt;&lt;<\/p>\n<\/div>\n<h2 style=\"text-align: center;\">Urna kremacyjna kula ze stali nierdzewnej<\/h2>\n<p style=\"text-align: center;\">\u00a0W naszej urnie ze stali nierdzewnej elegancja spotyka wytrzyma\u0142o\u015b\u0107 Urna w kszta\u0142cie kuli , kt\u00f3r\u0105 wdzi\u0119cznie podtrzymuje stabilna kamienna podstawa.<\/p>\n<p style=\"text-align: center;\">Wytworzona z precyzj\u0105 oferuje wieczne i godne miejsce spoczynku dla proch\u00f3w twojej ukochanej osoby. G\u0142adki design ze stali nierdzewnej emanuje wyrafinowaniem, podczas gdy kamienna podstawa zapewnia stabilno\u015b\u0107.<\/p>\n<p style=\"text-align: center;\">Prochy wsypywane s\u0105 do urny poprzez zakr\u0119cany otw\u00f3r od spodu.<\/p>\n<p>&nbsp;<\/p>\n<h3 style=\"text-align: center;\"><strong>PERSONALIZACJA<\/strong><\/h3>\n<p style=\"text-align: center;\">Je\u015bli wybierzesz grawerowan\u0105 plakietk\u0119 w zestawie z urn\u0105, prze\u015blij tekst w ramce \u201cGrawerowana plakietka\u201d.<\/p>\n<p style=\"text-align: center;\">Tekst do grawerowanej plakietki powinien by\u0107 dostarczony podczas sk\u0142adania zam\u00f3wienia. (Prosz\u0119 nie panikowa\u0107, je\u015bli to przegapisz, poniewa\u017c zawsze mo\u017cesz wys\u0142a\u0107 nam wiadomo\u015b\u0107 p\u00f3\u017aniej.)<\/p>\n<p style=\"text-align: center;\"><em><strong>Przed dodaniem produktu do koszyka dok\u0142adnie SPRAWD\u0179 tekst przes\u0142any do grawerowania. Do\u00a0 tekstu kt\u00f3ry otrzymujemy wraz z zam\u00f3wieniem\u00a0 nie wprowadzamy \u017cadnych zmian z naszej strony. Tekst jest grawerowany dok\u0142adnie taki, jaki otrzymujemy od pa\u0144stwa.<\/strong><\/em><\/p>\n<p style=\"text-align: center;\"><em><strong>Sprawd\u017a tekst, aby upewni\u0107 si\u0119, \u017ce pisownia jest poprawna.<\/strong><\/em><\/p>\n<p style=\"text-align: center;\"><img loading=\"lazy\" decoding=\"async\" class=\"wp-image-1453 aligncenter\" src=\"http:\/\/www.rememberme-forever.com\/wp-content\/uploads\/2023\/04\/silver-plaque-urn-295x300.jpg\" sizes=\"auto, (max-width: 200px) 100vw, 200px\" srcset=\"https:\/\/www.rememberme-forever.com\/wp-content\/uploads\/2023\/04\/silver-plaque-urn-295x300.jpg 295w, https:\/\/www.rememberme-forever.com\/wp-content\/uploads\/2023\/04\/silver-plaque-urn-600x610.jpg 600w, https:\/\/www.rememberme-forever.com\/wp-content\/uploads\/2023\/04\/silver-plaque-urn-64x65.jpg 64w, https:\/\/www.rememberme-forever.com\/wp-content\/uploads\/2023\/04\/silver-plaque-urn.jpg 768w\" alt=\"silver plaque urn\" width=\"200\" height=\"203\" \/><\/p>\n<p style=\"text-align: center;\"><b><i>Grawerowana plakietka zostanie dodana osobno z podstawk\u0105 jak na zdj\u0119ciu.<\/i><\/b><br \/>\n<b><i>(Podstawka na grawerowan\u0105 plakietk\u0119 wykonana jest z przezroczystej pleksy.)<\/i><\/b><\/p>\n","protected":false},"excerpt":{"rendered":"<p>Urna ze stali nierdzewnej na prochy doros\u0142ej osoby<\/p>\n<p><em><strong>Urna odpowiednia dla osoby o masie cia\u0142a 102 kg lub mniej.<\/strong><\/em><\/p>\n<p><b>\u2611\ufe0f <em style=\"color: red;\">Jeste\u015bmy \u015bwiadomi kr\u00f3tkiego czasu na dostarczenie urny. Urn\u0119 zam\u00f3wion\u0105 do godz. 12.00 w dzie\u0144 roboczy wysy\u0142amy natychmiast.\u00a0<\/em><\/b><\/p>\n","protected":false},"featured_media":12308,"template":"","meta":{"_acf_changed":false},"product_brand":[],"product_cat":[139],"product_tag":[3347],"class_list":{"0":"post-11587","1":"product","2":"type-product","3":"status-publish","4":"has-post-thumbnail","6":"product_cat-urny-metalowe","7":"product_tag-gpsr-metal_stonebase","8":"product_shipping_class-art-urns-kule-do20cm-pl","10":"first","11":"instock","12":"taxable","13":"shipping-taxable","14":"purchasable","15":"product-type-simple"},"yoast_head":"<!-- This site is optimized with the Yoast SEO plugin v27.4 - https:\/\/yoast.com\/product\/yoast-seo-wordpress\/ -->\n<title>Urna kremacyjna kula ze stali nierdzewnej<\/title>\n<meta name=\"description\" content=\"\u00a0W naszej urnie ze stali nierdzewnej elegancja spotyka wytrzyma\u0142o\u015b\u0107 Urna w kszta\u0142cie kuli , kt\u00f3r\u0105 wdzi\u0119cznie podtrzymuje stabilna kamienna podstawa.\" \/>\n<meta name=\"robots\" content=\"index, follow, max-snippet:-1, max-image-preview:large, max-video-preview:-1\" \/>\n<link rel=\"canonical\" href=\"https:\/\/www.rememberme-forever.com\/pl\/produkt\/urna-kremacyjna-kula-ze-stali-nierdzewnej\/\" \/>\n<meta property=\"og:locale\" content=\"pl_PL\" \/>\n<meta property=\"og:type\" content=\"article\" \/>\n<meta property=\"og:title\" content=\"Urna kremacyjna kula ze stali nierdzewnej\" \/>\n<meta property=\"og:description\" content=\"\u00a0W naszej urnie ze stali nierdzewnej elegancja spotyka wytrzyma\u0142o\u015b\u0107 Urna w kszta\u0142cie kuli , kt\u00f3r\u0105 wdzi\u0119cznie podtrzymuje stabilna kamienna podstawa.\" \/>\n<meta property=\"og:url\" content=\"https:\/\/www.rememberme-forever.com\/pl\/produkt\/urna-kremacyjna-kula-ze-stali-nierdzewnej\/\" \/>\n<meta property=\"og:site_name\" content=\"Remember Forever\" \/>\n<meta property=\"article:modified_time\" content=\"2026-02-02T13:01:14+00:00\" \/>\n<meta property=\"og:image\" content=\"http:\/\/www.rememberme-forever.com\/wp-content\/uploads\/2024\/04\/sphere-urn-kopia1.jpg\" \/>\n\t<meta property=\"og:image:width\" content=\"1007\" \/>\n\t<meta property=\"og:image:height\" content=\"1024\" \/>\n\t<meta property=\"og:image:type\" content=\"image\/jpeg\" \/>\n<meta name=\"twitter:card\" content=\"summary_large_image\" \/>\n<meta name=\"twitter:label1\" content=\"Szacowany czas czytania\" \/>\n\t<meta name=\"twitter:data1\" content=\"2 minuta\" \/>\n<script type=\"application\/ld+json\" class=\"yoast-schema-graph\">{\"@context\":\"https:\\\/\\\/schema.org\",\"@graph\":[{\"@type\":\"WebPage\",\"@id\":\"https:\\\/\\\/www.rememberme-forever.com\\\/pl\\\/produkt\\\/urna-kremacyjna-kula-ze-stali-nierdzewnej\\\/\",\"url\":\"https:\\\/\\\/www.rememberme-forever.com\\\/pl\\\/produkt\\\/urna-kremacyjna-kula-ze-stali-nierdzewnej\\\/\",\"name\":\"Urna kremacyjna kula ze stali nierdzewnej\",\"isPartOf\":{\"@id\":\"https:\\\/\\\/www.rememberme-forever.com\\\/pl\\\/#website\"},\"primaryImageOfPage\":{\"@id\":\"https:\\\/\\\/www.rememberme-forever.com\\\/pl\\\/produkt\\\/urna-kremacyjna-kula-ze-stali-nierdzewnej\\\/#primaryimage\"},\"image\":{\"@id\":\"https:\\\/\\\/www.rememberme-forever.com\\\/pl\\\/produkt\\\/urna-kremacyjna-kula-ze-stali-nierdzewnej\\\/#primaryimage\"},\"thumbnailUrl\":\"https:\\\/\\\/www.rememberme-forever.com\\\/wp-content\\\/uploads\\\/2024\\\/04\\\/sphere-urn-kopia1.jpg\",\"datePublished\":\"2024-01-10T10:48:06+00:00\",\"dateModified\":\"2026-02-02T13:01:14+00:00\",\"description\":\"\u00a0W naszej urnie ze stali nierdzewnej elegancja spotyka wytrzyma\u0142o\u015b\u0107 Urna w kszta\u0142cie kuli , kt\u00f3r\u0105 wdzi\u0119cznie podtrzymuje stabilna kamienna podstawa.\",\"breadcrumb\":{\"@id\":\"https:\\\/\\\/www.rememberme-forever.com\\\/pl\\\/produkt\\\/urna-kremacyjna-kula-ze-stali-nierdzewnej\\\/#breadcrumb\"},\"inLanguage\":\"pl-PL\",\"potentialAction\":[{\"@type\":\"ReadAction\",\"target\":[\"https:\\\/\\\/www.rememberme-forever.com\\\/pl\\\/produkt\\\/urna-kremacyjna-kula-ze-stali-nierdzewnej\\\/\"]}]},{\"@type\":\"ImageObject\",\"inLanguage\":\"pl-PL\",\"@id\":\"https:\\\/\\\/www.rememberme-forever.com\\\/pl\\\/produkt\\\/urna-kremacyjna-kula-ze-stali-nierdzewnej\\\/#primaryimage\",\"url\":\"https:\\\/\\\/www.rememberme-forever.com\\\/wp-content\\\/uploads\\\/2024\\\/04\\\/sphere-urn-kopia1.jpg\",\"contentUrl\":\"https:\\\/\\\/www.rememberme-forever.com\\\/wp-content\\\/uploads\\\/2024\\\/04\\\/sphere-urn-kopia1.jpg\",\"width\":1007,\"height\":1024},{\"@type\":\"BreadcrumbList\",\"@id\":\"https:\\\/\\\/www.rememberme-forever.com\\\/pl\\\/produkt\\\/urna-kremacyjna-kula-ze-stali-nierdzewnej\\\/#breadcrumb\",\"itemListElement\":[{\"@type\":\"ListItem\",\"position\":1,\"name\":\"Home\",\"item\":\"https:\\\/\\\/www.rememberme-forever.com\\\/pl\\\/strona-glowna\\\/\"},{\"@type\":\"ListItem\",\"position\":2,\"name\":\"Sklep\",\"item\":\"https:\\\/\\\/www.rememberme-forever.com\\\/pl\\\/sklep-2\\\/\"},{\"@type\":\"ListItem\",\"position\":3,\"name\":\"Urna kremacyjna kula ze stali nierdzewnej\"}]},{\"@type\":\"WebSite\",\"@id\":\"https:\\\/\\\/www.rememberme-forever.com\\\/pl\\\/#website\",\"url\":\"https:\\\/\\\/www.rememberme-forever.com\\\/pl\\\/\",\"name\":\"Remember Forever\",\"description\":\"Cremation urns, funeral urns, urns for ashes\",\"publisher\":{\"@id\":\"https:\\\/\\\/www.rememberme-forever.com\\\/pl\\\/#organization\"},\"potentialAction\":[{\"@type\":\"SearchAction\",\"target\":{\"@type\":\"EntryPoint\",\"urlTemplate\":\"https:\\\/\\\/www.rememberme-forever.com\\\/pl\\\/?s={search_term_string}\"},\"query-input\":{\"@type\":\"PropertyValueSpecification\",\"valueRequired\":true,\"valueName\":\"search_term_string\"}}],\"inLanguage\":\"pl-PL\"},{\"@type\":\"Organization\",\"@id\":\"https:\\\/\\\/www.rememberme-forever.com\\\/pl\\\/#organization\",\"name\":\"Remember Forever\",\"url\":\"https:\\\/\\\/www.rememberme-forever.com\\\/pl\\\/\",\"logo\":{\"@type\":\"ImageObject\",\"inLanguage\":\"pl-PL\",\"@id\":\"https:\\\/\\\/www.rememberme-forever.com\\\/pl\\\/#\\\/schema\\\/logo\\\/image\\\/\",\"url\":\"https:\\\/\\\/www.rememberme-forever.com\\\/wp-content\\\/uploads\\\/2023\\\/02\\\/logo.png\",\"contentUrl\":\"https:\\\/\\\/www.rememberme-forever.com\\\/wp-content\\\/uploads\\\/2023\\\/02\\\/logo.png\",\"width\":300,\"height\":56,\"caption\":\"Remember Forever\"},\"image\":{\"@id\":\"https:\\\/\\\/www.rememberme-forever.com\\\/pl\\\/#\\\/schema\\\/logo\\\/image\\\/\"}}]}<\/script>\n<!-- \/ Yoast SEO plugin. -->","yoast_head_json":{"title":"Urna kremacyjna kula ze stali nierdzewnej","description":"\u00a0W naszej urnie ze stali nierdzewnej elegancja spotyka wytrzyma\u0142o\u015b\u0107 Urna w kszta\u0142cie kuli , kt\u00f3r\u0105 wdzi\u0119cznie podtrzymuje stabilna kamienna podstawa.","robots":{"index":"index","follow":"follow","max-snippet":"max-snippet:-1","max-image-preview":"max-image-preview:large","max-video-preview":"max-video-preview:-1"},"canonical":"https:\/\/www.rememberme-forever.com\/pl\/produkt\/urna-kremacyjna-kula-ze-stali-nierdzewnej\/","og_locale":"pl_PL","og_type":"article","og_title":"Urna kremacyjna kula ze stali nierdzewnej","og_description":"\u00a0W naszej urnie ze stali nierdzewnej elegancja spotyka wytrzyma\u0142o\u015b\u0107 Urna w kszta\u0142cie kuli , kt\u00f3r\u0105 wdzi\u0119cznie podtrzymuje stabilna kamienna podstawa.","og_url":"https:\/\/www.rememberme-forever.com\/pl\/produkt\/urna-kremacyjna-kula-ze-stali-nierdzewnej\/","og_site_name":"Remember Forever","article_modified_time":"2026-02-02T13:01:14+00:00","og_image":[{"width":1007,"height":1024,"url":"http:\/\/www.rememberme-forever.com\/wp-content\/uploads\/2024\/04\/sphere-urn-kopia1.jpg","type":"image\/jpeg"}],"twitter_card":"summary_large_image","twitter_misc":{"Szacowany czas czytania":"2 minuta"},"schema":{"@context":"https:\/\/schema.org","@graph":[{"@type":"WebPage","@id":"https:\/\/www.rememberme-forever.com\/pl\/produkt\/urna-kremacyjna-kula-ze-stali-nierdzewnej\/","url":"https:\/\/www.rememberme-forever.com\/pl\/produkt\/urna-kremacyjna-kula-ze-stali-nierdzewnej\/","name":"Urna kremacyjna kula ze stali nierdzewnej","isPartOf":{"@id":"https:\/\/www.rememberme-forever.com\/pl\/#website"},"primaryImageOfPage":{"@id":"https:\/\/www.rememberme-forever.com\/pl\/produkt\/urna-kremacyjna-kula-ze-stali-nierdzewnej\/#primaryimage"},"image":{"@id":"https:\/\/www.rememberme-forever.com\/pl\/produkt\/urna-kremacyjna-kula-ze-stali-nierdzewnej\/#primaryimage"},"thumbnailUrl":"https:\/\/www.rememberme-forever.com\/wp-content\/uploads\/2024\/04\/sphere-urn-kopia1.jpg","datePublished":"2024-01-10T10:48:06+00:00","dateModified":"2026-02-02T13:01:14+00:00","description":"\u00a0W naszej urnie ze stali nierdzewnej elegancja spotyka wytrzyma\u0142o\u015b\u0107 Urna w kszta\u0142cie kuli , kt\u00f3r\u0105 wdzi\u0119cznie podtrzymuje stabilna kamienna podstawa.","breadcrumb":{"@id":"https:\/\/www.rememberme-forever.com\/pl\/produkt\/urna-kremacyjna-kula-ze-stali-nierdzewnej\/#breadcrumb"},"inLanguage":"pl-PL","potentialAction":[{"@type":"ReadAction","target":["https:\/\/www.rememberme-forever.com\/pl\/produkt\/urna-kremacyjna-kula-ze-stali-nierdzewnej\/"]}]},{"@type":"ImageObject","inLanguage":"pl-PL","@id":"https:\/\/www.rememberme-forever.com\/pl\/produkt\/urna-kremacyjna-kula-ze-stali-nierdzewnej\/#primaryimage","url":"https:\/\/www.rememberme-forever.com\/wp-content\/uploads\/2024\/04\/sphere-urn-kopia1.jpg","contentUrl":"https:\/\/www.rememberme-forever.com\/wp-content\/uploads\/2024\/04\/sphere-urn-kopia1.jpg","width":1007,"height":1024},{"@type":"BreadcrumbList","@id":"https:\/\/www.rememberme-forever.com\/pl\/produkt\/urna-kremacyjna-kula-ze-stali-nierdzewnej\/#breadcrumb","itemListElement":[{"@type":"ListItem","position":1,"name":"Home","item":"https:\/\/www.rememberme-forever.com\/pl\/strona-glowna\/"},{"@type":"ListItem","position":2,"name":"Sklep","item":"https:\/\/www.rememberme-forever.com\/pl\/sklep-2\/"},{"@type":"ListItem","position":3,"name":"Urna kremacyjna kula ze stali nierdzewnej"}]},{"@type":"WebSite","@id":"https:\/\/www.rememberme-forever.com\/pl\/#website","url":"https:\/\/www.rememberme-forever.com\/pl\/","name":"Remember Forever","description":"Cremation urns, funeral urns, urns for ashes","publisher":{"@id":"https:\/\/www.rememberme-forever.com\/pl\/#organization"},"potentialAction":[{"@type":"SearchAction","target":{"@type":"EntryPoint","urlTemplate":"https:\/\/www.rememberme-forever.com\/pl\/?s={search_term_string}"},"query-input":{"@type":"PropertyValueSpecification","valueRequired":true,"valueName":"search_term_string"}}],"inLanguage":"pl-PL"},{"@type":"Organization","@id":"https:\/\/www.rememberme-forever.com\/pl\/#organization","name":"Remember Forever","url":"https:\/\/www.rememberme-forever.com\/pl\/","logo":{"@type":"ImageObject","inLanguage":"pl-PL","@id":"https:\/\/www.rememberme-forever.com\/pl\/#\/schema\/logo\/image\/","url":"https:\/\/www.rememberme-forever.com\/wp-content\/uploads\/2023\/02\/logo.png","contentUrl":"https:\/\/www.rememberme-forever.com\/wp-content\/uploads\/2023\/02\/logo.png","width":300,"height":56,"caption":"Remember Forever"},"image":{"@id":"https:\/\/www.rememberme-forever.com\/pl\/#\/schema\/logo\/image\/"}}]}},"acf":[],"_links":{"self":[{"href":"https:\/\/www.rememberme-forever.com\/pl\/wp-json\/wp\/v2\/product\/11587","targetHints":{"allow":["GET"]}}],"collection":[{"href":"https:\/\/www.rememberme-forever.com\/pl\/wp-json\/wp\/v2\/product"}],"about":[{"href":"https:\/\/www.rememberme-forever.com\/pl\/wp-json\/wp\/v2\/types\/product"}],"wp:featuredmedia":[{"embeddable":true,"href":"https:\/\/www.rememberme-forever.com\/pl\/wp-json\/wp\/v2\/media\/12308"}],"wp:attachment":[{"href":"https:\/\/www.rememberme-forever.com\/pl\/wp-json\/wp\/v2\/media?parent=11587"}],"wp:term":[{"taxonomy":"product_brand","embeddable":true,"href":"https:\/\/www.rememberme-forever.com\/pl\/wp-json\/wp\/v2\/product_brand?post=11587"},{"taxonomy":"product_cat","embeddable":true,"href":"https:\/\/www.rememberme-forever.com\/pl\/wp-json\/wp\/v2\/product_cat?post=11587"},{"taxonomy":"product_tag","embeddable":true,"href":"https:\/\/www.rememberme-forever.com\/pl\/wp-json\/wp\/v2\/product_tag?post=11587"}],"curies":[{"name":"wp","href":"https:\/\/api.w.org\/{rel}","templated":true}]}}