{"id":11588,"date":"2024-01-10T12:02:31","date_gmt":"2024-01-10T11:02:31","guid":{"rendered":"https:\/\/www.rememberme-forever.com\/?post_type=product&#038;p=11588"},"modified":"2026-02-02T13:59:53","modified_gmt":"2026-02-02T12:59:53","slug":"czarna-urna-pudelko-na-prochy-z-motylami","status":"publish","type":"product","link":"https:\/\/www.rememberme-forever.com\/pl\/produkt\/czarna-urna-pudelko-na-prochy-z-motylami\/","title":{"rendered":"Czarna urna pude\u0142ko na prochy z motylami"},"content":{"rendered":"<div style=\"width: 100%; margin-bottom: 30px; height: max-content; padding-bottom: 60%; position: relative;\"><iframe style=\"position: absolute; top: 0; left: 0; width: 100%; height: 100%;\" src=\"https:\/\/rememberme-urns.com\/butterflies-box-for-ashes\/\" frameborder=\"0\"><\/iframe><\/div>\n<div style=\"color: red; text-align: center; margin-bottom: 25px;\">\n<p>&gt;&gt; Obrotowe zdj\u0119cie &#8211; dotknij\/zbli\u017c &lt;&lt;<\/p>\n<\/div>\n<h2 style=\"text-align: center;\">Czarna urna pude\u0142ko na prochy z motylami<\/h2>\n<p style=\"text-align: center;\">Symbol przemiany, Pude\u0142ko na Prochy z Motylami &#8211; pi\u0119kna czarna urna w kszta\u0142cie pude\u0142ka, ozdobiona delikatnymi motylami, tworz\u0105ca wzruszaj\u0105cy ho\u0142d dla podr\u00f3\u017cy Twojej ukochanej osoby. Ta urna przekracza granice zwyk\u0142ego pojemnika, staje si\u0119 wyj\u0105tkowym symbolem zmiany i trwa\u0142ego pi\u0119kna wspomnie\u0144.<\/p>\n<p style=\"text-align: center;\">Czarny wygl\u0105d pude\u0142ka, wzbogacony symbolik\u0105 motyli, oznacza g\u0142\u0119bok\u0105 przemian\u0119 i przej\u015bcie duszy. Te motyle, swoj\u0105 wdzi\u0119czn\u0105 obecno\u015bci\u0105, pe\u0142ni\u0105 rol\u0119 poruszaj\u0105cego przypomnienia o istocie zmiany &#8211; przeobra\u017cenia si\u0119 ludzkiej duszy.<\/p>\n<p style=\"text-align: center;\">Plakietka pami\u0105tkowa, do\u0142\u0105czona do urny, umo\u017cliwia dodanie w\u0142asnego tekstu lub wiadomo\u015bci.<\/p>\n<p>&nbsp;<\/p>\n<h3 style=\"text-align: center;\"><strong>PERSONALIZACJA<\/strong><\/h3>\n<p style=\"text-align: center;\">Je\u015bli wybierzesz grawerowan\u0105 plakietk\u0119 w zestawie z urn\u0105, prze\u015blij tekst w ramce \u201cGrawerowana plakietka\u201d.<\/p>\n<p style=\"text-align: center;\">Tekst do grawerowanej plakietki powinien by\u0107 dostarczony podczas sk\u0142adania zam\u00f3wienia. (Prosz\u0119 nie panikowa\u0107, je\u015bli to przegapisz, poniewa\u017c zawsze mo\u017cesz wys\u0142a\u0107 nam wiadomo\u015b\u0107 p\u00f3\u017aniej.)<\/p>\n<p style=\"text-align: center;\"><em><a name=\"_Hlk108616021\"><\/a><strong>Przed dodaniem produktu do koszyka dok\u0142adnie SPRAWD\u0179 tekst przes\u0142any do grawerowania. Do\u00a0 tekstu kt\u00f3ry otrzymujemy wraz z zam\u00f3wieniem\u00a0 nie wprowadzamy \u017cadnych zmian z naszej strony. Tekst jest grawerowany dok\u0142adnie taki, jaki otrzymujemy od pa\u0144stwa.<\/strong><\/em><\/p>\n<p style=\"text-align: center;\"><em><strong>Sprawd\u017a tekst, aby upewni\u0107 si\u0119, \u017ce pisownia jest poprawna.<\/strong><\/em><\/p>\n","protected":false},"excerpt":{"rendered":"<p><em><strong>Urna pomie\u015bci prochy osoby o wadze cia\u0142a <span class=\"body-weight-kg\">123<\/span>kg lub mniej.<\/strong><\/em><\/p>\n<p><b>\u2611\ufe0f <em style=\"color: red;\">Jeste\u015bmy \u015bwiadomi kr\u00f3tkiego czasu na dostarczenie urny. Urn\u0119 zam\u00f3wion\u0105 do godz. 12.00 w dzie\u0144 roboczy wysy\u0142amy natychmiast.\u00a0<\/em><\/b><\/p>\n","protected":false},"featured_media":11571,"template":"","meta":{"_acf_changed":false},"product_brand":[],"product_cat":[78,93,136],"product_tag":[3308],"class_list":{"0":"post-11588","1":"product","2":"type-product","3":"status-publish","4":"has-post-thumbnail","6":"product_cat-urny-artystyczne","7":"product_cat-urny-drewniane","8":"product_cat-urny-tematyczne","9":"product_tag-gpsr-all-wood-urns","10":"product_shipping_class-wood-urns-pl","12":"first","13":"instock","14":"taxable","15":"shipping-taxable","16":"purchasable","17":"product-type-variable"},"yoast_head":"<!-- This site is optimized with the Yoast SEO plugin v27.4 - https:\/\/yoast.com\/product\/yoast-seo-wordpress\/ -->\n<title>Czarna urna pude\u0142ko na prochy z motylami<\/title>\n<meta name=\"description\" content=\"Symbol przemiany, Pude\u0142ko na Prochy z Motylami - pi\u0119kna czarna urna w kszta\u0142cie pude\u0142ka, ozdobiona delikatnymi motylami...\" \/>\n<meta name=\"robots\" content=\"index, follow, max-snippet:-1, max-image-preview:large, max-video-preview:-1\" \/>\n<link rel=\"canonical\" href=\"https:\/\/www.rememberme-forever.com\/pl\/produkt\/czarna-urna-pudelko-na-prochy-z-motylami\/\" \/>\n<meta property=\"og:locale\" content=\"pl_PL\" \/>\n<meta property=\"og:type\" content=\"article\" \/>\n<meta property=\"og:title\" content=\"Czarna urna pude\u0142ko na prochy z motylami\" \/>\n<meta property=\"og:description\" content=\"Symbol przemiany, Pude\u0142ko na Prochy z Motylami - pi\u0119kna czarna urna w kszta\u0142cie pude\u0142ka, ozdobiona delikatnymi motylami...\" \/>\n<meta property=\"og:url\" content=\"https:\/\/www.rememberme-forever.com\/pl\/produkt\/czarna-urna-pudelko-na-prochy-z-motylami\/\" \/>\n<meta property=\"og:site_name\" content=\"Remember Forever\" \/>\n<meta property=\"article:modified_time\" content=\"2026-02-02T12:59:53+00:00\" \/>\n<meta property=\"og:image\" content=\"http:\/\/www.rememberme-forever.com\/wp-content\/uploads\/2024\/01\/img_2D_0003-2.jpg\" \/>\n\t<meta property=\"og:image:width\" content=\"1007\" \/>\n\t<meta property=\"og:image:height\" content=\"1024\" \/>\n\t<meta property=\"og:image:type\" content=\"image\/jpeg\" \/>\n<meta name=\"twitter:card\" content=\"summary_large_image\" \/>\n<meta name=\"twitter:label1\" content=\"Szacowany czas czytania\" \/>\n\t<meta name=\"twitter:data1\" content=\"1 minuta\" \/>\n<script type=\"application\/ld+json\" class=\"yoast-schema-graph\">{\"@context\":\"https:\\\/\\\/schema.org\",\"@graph\":[{\"@type\":\"WebPage\",\"@id\":\"https:\\\/\\\/www.rememberme-forever.com\\\/pl\\\/produkt\\\/czarna-urna-pudelko-na-prochy-z-motylami\\\/\",\"url\":\"https:\\\/\\\/www.rememberme-forever.com\\\/pl\\\/produkt\\\/czarna-urna-pudelko-na-prochy-z-motylami\\\/\",\"name\":\"Czarna urna pude\u0142ko na prochy z motylami\",\"isPartOf\":{\"@id\":\"https:\\\/\\\/www.rememberme-forever.com\\\/pl\\\/#website\"},\"primaryImageOfPage\":{\"@id\":\"https:\\\/\\\/www.rememberme-forever.com\\\/pl\\\/produkt\\\/czarna-urna-pudelko-na-prochy-z-motylami\\\/#primaryimage\"},\"image\":{\"@id\":\"https:\\\/\\\/www.rememberme-forever.com\\\/pl\\\/produkt\\\/czarna-urna-pudelko-na-prochy-z-motylami\\\/#primaryimage\"},\"thumbnailUrl\":\"https:\\\/\\\/www.rememberme-forever.com\\\/wp-content\\\/uploads\\\/2024\\\/01\\\/img_2D_0003-2.jpg\",\"datePublished\":\"2024-01-10T11:02:31+00:00\",\"dateModified\":\"2026-02-02T12:59:53+00:00\",\"description\":\"Symbol przemiany, Pude\u0142ko na Prochy z Motylami - pi\u0119kna czarna urna w kszta\u0142cie pude\u0142ka, ozdobiona delikatnymi motylami...\",\"breadcrumb\":{\"@id\":\"https:\\\/\\\/www.rememberme-forever.com\\\/pl\\\/produkt\\\/czarna-urna-pudelko-na-prochy-z-motylami\\\/#breadcrumb\"},\"inLanguage\":\"pl-PL\",\"potentialAction\":[{\"@type\":\"ReadAction\",\"target\":[\"https:\\\/\\\/www.rememberme-forever.com\\\/pl\\\/produkt\\\/czarna-urna-pudelko-na-prochy-z-motylami\\\/\"]}]},{\"@type\":\"ImageObject\",\"inLanguage\":\"pl-PL\",\"@id\":\"https:\\\/\\\/www.rememberme-forever.com\\\/pl\\\/produkt\\\/czarna-urna-pudelko-na-prochy-z-motylami\\\/#primaryimage\",\"url\":\"https:\\\/\\\/www.rememberme-forever.com\\\/wp-content\\\/uploads\\\/2024\\\/01\\\/img_2D_0003-2.jpg\",\"contentUrl\":\"https:\\\/\\\/www.rememberme-forever.com\\\/wp-content\\\/uploads\\\/2024\\\/01\\\/img_2D_0003-2.jpg\",\"width\":1007,\"height\":1024,\"caption\":\"Box for ashes with butterflies, Czarna urna pude\u0142ko na prochy z motylami\"},{\"@type\":\"BreadcrumbList\",\"@id\":\"https:\\\/\\\/www.rememberme-forever.com\\\/pl\\\/produkt\\\/czarna-urna-pudelko-na-prochy-z-motylami\\\/#breadcrumb\",\"itemListElement\":[{\"@type\":\"ListItem\",\"position\":1,\"name\":\"Home\",\"item\":\"https:\\\/\\\/www.rememberme-forever.com\\\/pl\\\/strona-glowna\\\/\"},{\"@type\":\"ListItem\",\"position\":2,\"name\":\"Sklep\",\"item\":\"https:\\\/\\\/www.rememberme-forever.com\\\/pl\\\/sklep-2\\\/\"},{\"@type\":\"ListItem\",\"position\":3,\"name\":\"Czarna urna pude\u0142ko na prochy z motylami\"}]},{\"@type\":\"WebSite\",\"@id\":\"https:\\\/\\\/www.rememberme-forever.com\\\/pl\\\/#website\",\"url\":\"https:\\\/\\\/www.rememberme-forever.com\\\/pl\\\/\",\"name\":\"Remember Forever\",\"description\":\"Cremation urns, funeral urns, urns for ashes\",\"publisher\":{\"@id\":\"https:\\\/\\\/www.rememberme-forever.com\\\/pl\\\/#organization\"},\"potentialAction\":[{\"@type\":\"SearchAction\",\"target\":{\"@type\":\"EntryPoint\",\"urlTemplate\":\"https:\\\/\\\/www.rememberme-forever.com\\\/pl\\\/?s={search_term_string}\"},\"query-input\":{\"@type\":\"PropertyValueSpecification\",\"valueRequired\":true,\"valueName\":\"search_term_string\"}}],\"inLanguage\":\"pl-PL\"},{\"@type\":\"Organization\",\"@id\":\"https:\\\/\\\/www.rememberme-forever.com\\\/pl\\\/#organization\",\"name\":\"Remember Forever\",\"url\":\"https:\\\/\\\/www.rememberme-forever.com\\\/pl\\\/\",\"logo\":{\"@type\":\"ImageObject\",\"inLanguage\":\"pl-PL\",\"@id\":\"https:\\\/\\\/www.rememberme-forever.com\\\/pl\\\/#\\\/schema\\\/logo\\\/image\\\/\",\"url\":\"https:\\\/\\\/www.rememberme-forever.com\\\/wp-content\\\/uploads\\\/2023\\\/02\\\/logo.png\",\"contentUrl\":\"https:\\\/\\\/www.rememberme-forever.com\\\/wp-content\\\/uploads\\\/2023\\\/02\\\/logo.png\",\"width\":300,\"height\":56,\"caption\":\"Remember Forever\"},\"image\":{\"@id\":\"https:\\\/\\\/www.rememberme-forever.com\\\/pl\\\/#\\\/schema\\\/logo\\\/image\\\/\"}}]}<\/script>\n<!-- \/ Yoast SEO plugin. -->","yoast_head_json":{"title":"Czarna urna pude\u0142ko na prochy z motylami","description":"Symbol przemiany, Pude\u0142ko na Prochy z Motylami - pi\u0119kna czarna urna w kszta\u0142cie pude\u0142ka, ozdobiona delikatnymi motylami...","robots":{"index":"index","follow":"follow","max-snippet":"max-snippet:-1","max-image-preview":"max-image-preview:large","max-video-preview":"max-video-preview:-1"},"canonical":"https:\/\/www.rememberme-forever.com\/pl\/produkt\/czarna-urna-pudelko-na-prochy-z-motylami\/","og_locale":"pl_PL","og_type":"article","og_title":"Czarna urna pude\u0142ko na prochy z motylami","og_description":"Symbol przemiany, Pude\u0142ko na Prochy z Motylami - pi\u0119kna czarna urna w kszta\u0142cie pude\u0142ka, ozdobiona delikatnymi motylami...","og_url":"https:\/\/www.rememberme-forever.com\/pl\/produkt\/czarna-urna-pudelko-na-prochy-z-motylami\/","og_site_name":"Remember Forever","article_modified_time":"2026-02-02T12:59:53+00:00","og_image":[{"width":1007,"height":1024,"url":"http:\/\/www.rememberme-forever.com\/wp-content\/uploads\/2024\/01\/img_2D_0003-2.jpg","type":"image\/jpeg"}],"twitter_card":"summary_large_image","twitter_misc":{"Szacowany czas czytania":"1 minuta"},"schema":{"@context":"https:\/\/schema.org","@graph":[{"@type":"WebPage","@id":"https:\/\/www.rememberme-forever.com\/pl\/produkt\/czarna-urna-pudelko-na-prochy-z-motylami\/","url":"https:\/\/www.rememberme-forever.com\/pl\/produkt\/czarna-urna-pudelko-na-prochy-z-motylami\/","name":"Czarna urna pude\u0142ko na prochy z motylami","isPartOf":{"@id":"https:\/\/www.rememberme-forever.com\/pl\/#website"},"primaryImageOfPage":{"@id":"https:\/\/www.rememberme-forever.com\/pl\/produkt\/czarna-urna-pudelko-na-prochy-z-motylami\/#primaryimage"},"image":{"@id":"https:\/\/www.rememberme-forever.com\/pl\/produkt\/czarna-urna-pudelko-na-prochy-z-motylami\/#primaryimage"},"thumbnailUrl":"https:\/\/www.rememberme-forever.com\/wp-content\/uploads\/2024\/01\/img_2D_0003-2.jpg","datePublished":"2024-01-10T11:02:31+00:00","dateModified":"2026-02-02T12:59:53+00:00","description":"Symbol przemiany, Pude\u0142ko na Prochy z Motylami - pi\u0119kna czarna urna w kszta\u0142cie pude\u0142ka, ozdobiona delikatnymi motylami...","breadcrumb":{"@id":"https:\/\/www.rememberme-forever.com\/pl\/produkt\/czarna-urna-pudelko-na-prochy-z-motylami\/#breadcrumb"},"inLanguage":"pl-PL","potentialAction":[{"@type":"ReadAction","target":["https:\/\/www.rememberme-forever.com\/pl\/produkt\/czarna-urna-pudelko-na-prochy-z-motylami\/"]}]},{"@type":"ImageObject","inLanguage":"pl-PL","@id":"https:\/\/www.rememberme-forever.com\/pl\/produkt\/czarna-urna-pudelko-na-prochy-z-motylami\/#primaryimage","url":"https:\/\/www.rememberme-forever.com\/wp-content\/uploads\/2024\/01\/img_2D_0003-2.jpg","contentUrl":"https:\/\/www.rememberme-forever.com\/wp-content\/uploads\/2024\/01\/img_2D_0003-2.jpg","width":1007,"height":1024,"caption":"Box for ashes with butterflies, Czarna urna pude\u0142ko na prochy z motylami"},{"@type":"BreadcrumbList","@id":"https:\/\/www.rememberme-forever.com\/pl\/produkt\/czarna-urna-pudelko-na-prochy-z-motylami\/#breadcrumb","itemListElement":[{"@type":"ListItem","position":1,"name":"Home","item":"https:\/\/www.rememberme-forever.com\/pl\/strona-glowna\/"},{"@type":"ListItem","position":2,"name":"Sklep","item":"https:\/\/www.rememberme-forever.com\/pl\/sklep-2\/"},{"@type":"ListItem","position":3,"name":"Czarna urna pude\u0142ko na prochy z motylami"}]},{"@type":"WebSite","@id":"https:\/\/www.rememberme-forever.com\/pl\/#website","url":"https:\/\/www.rememberme-forever.com\/pl\/","name":"Remember Forever","description":"Cremation urns, funeral urns, urns for ashes","publisher":{"@id":"https:\/\/www.rememberme-forever.com\/pl\/#organization"},"potentialAction":[{"@type":"SearchAction","target":{"@type":"EntryPoint","urlTemplate":"https:\/\/www.rememberme-forever.com\/pl\/?s={search_term_string}"},"query-input":{"@type":"PropertyValueSpecification","valueRequired":true,"valueName":"search_term_string"}}],"inLanguage":"pl-PL"},{"@type":"Organization","@id":"https:\/\/www.rememberme-forever.com\/pl\/#organization","name":"Remember Forever","url":"https:\/\/www.rememberme-forever.com\/pl\/","logo":{"@type":"ImageObject","inLanguage":"pl-PL","@id":"https:\/\/www.rememberme-forever.com\/pl\/#\/schema\/logo\/image\/","url":"https:\/\/www.rememberme-forever.com\/wp-content\/uploads\/2023\/02\/logo.png","contentUrl":"https:\/\/www.rememberme-forever.com\/wp-content\/uploads\/2023\/02\/logo.png","width":300,"height":56,"caption":"Remember Forever"},"image":{"@id":"https:\/\/www.rememberme-forever.com\/pl\/#\/schema\/logo\/image\/"}}]}},"acf":[],"_links":{"self":[{"href":"https:\/\/www.rememberme-forever.com\/pl\/wp-json\/wp\/v2\/product\/11588","targetHints":{"allow":["GET"]}}],"collection":[{"href":"https:\/\/www.rememberme-forever.com\/pl\/wp-json\/wp\/v2\/product"}],"about":[{"href":"https:\/\/www.rememberme-forever.com\/pl\/wp-json\/wp\/v2\/types\/product"}],"wp:featuredmedia":[{"embeddable":true,"href":"https:\/\/www.rememberme-forever.com\/pl\/wp-json\/wp\/v2\/media\/11571"}],"wp:attachment":[{"href":"https:\/\/www.rememberme-forever.com\/pl\/wp-json\/wp\/v2\/media?parent=11588"}],"wp:term":[{"taxonomy":"product_brand","embeddable":true,"href":"https:\/\/www.rememberme-forever.com\/pl\/wp-json\/wp\/v2\/product_brand?post=11588"},{"taxonomy":"product_cat","embeddable":true,"href":"https:\/\/www.rememberme-forever.com\/pl\/wp-json\/wp\/v2\/product_cat?post=11588"},{"taxonomy":"product_tag","embeddable":true,"href":"https:\/\/www.rememberme-forever.com\/pl\/wp-json\/wp\/v2\/product_tag?post=11588"}],"curies":[{"name":"wp","href":"https:\/\/api.w.org\/{rel}","templated":true}]}}