{"id":11931,"date":"2024-02-26T14:57:11","date_gmt":"2024-02-26T13:57:11","guid":{"rendered":"https:\/\/www.rememberme-forever.com\/?post_type=product&#038;p=11931"},"modified":"2026-02-02T13:56:41","modified_gmt":"2026-02-02T12:56:41","slug":"toczona-drewniana-urna-z-mango-klasa-ii-wu51-d-01","status":"publish","type":"product","link":"https:\/\/www.rememberme-forever.com\/pl\/produkt\/toczona-drewniana-urna-z-mango-klasa-ii-wu51-d-01\/","title":{"rendered":"Toczona drewniana urna z mango, Klasa II (WU51 D-01)"},"content":{"rendered":"<div style=\"width: 100%; margin-bottom: 30px; height: max-content; padding-bottom: 60%; position: relative;\"><iframe style=\"position: absolute; top: 0; left: 0; width: 100%; height: 100%;\" src=\"https:\/\/rememberme-urns.com\/wood-urn-made-of-mango-wood\/\" frameborder=\"0\"><\/iframe><\/div>\n<div style=\"color: red; text-align: center; margin-bottom: 25px;\">\n<p>&gt;&gt; Obrotowe zdj\u0119cie &#8211; dotknij\/zbli\u017c &lt;&lt;<\/p>\n<\/div>\n<h2 style=\"text-align: center;\">Toczona drewniana urna z mango, Klasa II<\/h2>\n<p style=\"text-align: center;\">Urna z drobnymi niedoskona\u0142o\u015bciami wizualnymi w obni\u017conej cenie.<\/p>\n<p style=\"text-align: center;\">Por\u00f3wnaj z produktem pe\u0142nowarto\u015bciowym: <a href=\"https:\/\/www.rememberme-forever.com\/pl\/produkt\/urna-z-drewna-mango\/\" target=\"_blank\" rel=\"noopener\"><strong>&gt;&gt;\u00a0 Urna z drewna mango, KLASA I\u00a0 &lt;&lt;<\/strong><\/a><\/p>\n<p style=\"text-align: center;\">Aukcja dotyczy egzemplarza widocznego na zdj\u0119ciach.<\/p>\n<p style=\"text-align: center;\"><strong>\u00a0<\/strong><\/p>\n<p style=\"text-align: center;\"><strong>UWAGA!<\/strong><br \/>\nUrny przecenione to urny z nieznacznymi wadami wizualnymi spowodowanymi procesem produkcyjnym. Przywi\u0105zujemy du\u017c\u0105 wag\u0119 do wysokiej jako\u015bci naszych produkt\u00f3w, dlatego urny z tak drobnymi wadami oferujemy Pa\u0144stwu w odpowiednio obni\u017conej cenie. Drobne wady wizualne maj\u0105 jedynie charakter estetyczny i nie wp\u0142ywaj\u0105 na szczelno\u015b\u0107, stabilno\u015b\u0107 czy prawid\u0142owe u\u017cytkowanie urny.<\/p>\n<p style=\"text-align: center;\">Aby mie\u0107 pewno\u015b\u0107 decyzji o zakupie, prosimy o zapoznanie si\u0119 ze szczeg\u00f3\u0142owym opisem oraz dokumentacj\u0105 fotograficzn\u0105, kt\u00f3ra szczeg\u00f3\u0142owo przedstawia uszkodzenia.<br \/>\nJe\u015bli masz dodatkowe pytania dotycz\u0105ce stanu Twojej urny, nie wahaj si\u0119 z nami skontaktowa\u0107.<\/p>\n<p style=\"text-align: center;\"><strong>Opis uszkodze\u0144<\/strong><br \/>\n<strong>Ten egzemplarz posiada p\u0119kni\u0119cie przy gwincie<\/strong>. Jest to wy\u0142\u0105cznie defekt wizualny. Urna jest szczelna i sprawna. Urna pozwala na umieszczenie proch\u00f3w w plastikowej torbie, aby dodatkowo je zabezpieczy\u0107. <strong>Prosz\u0119 zapozna\u0107 si\u0119 ze szczeg\u00f3\u0142ow\u0105 dokumentacj\u0105 fotograficzn\u0105.<\/strong><\/p>\n<p style=\"text-align: center;\"><strong>PERSONALIZACJA<\/strong><\/p>\n<p style=\"text-align: center;\">Je\u015bli wybierzesz grawerowan\u0105 plakietk\u0119 w zestawie z urn\u0105, prze\u015blij tekst w ramce \u201cGrawerowana plakietka\u201d.<\/p>\n<p style=\"text-align: center;\">Tekst do grawerowanej plakietki powinien by\u0107 dostarczony podczas sk\u0142adania zam\u00f3wienia. (Prosz\u0119 nie panikowa\u0107, je\u015bli to przegapisz, poniewa\u017c zawsze mo\u017cesz wys\u0142a\u0107 nam wiadomo\u015b\u0107 p\u00f3\u017aniej.)<\/p>\n<p style=\"text-align: center;\"><em><strong>Przed dodaniem produktu do koszyka dok\u0142adnie SPRAWD\u0179 tekst przes\u0142any do grawerowania. Do\u00a0 tekstu kt\u00f3ry otrzymujemy wraz z zam\u00f3wieniem\u00a0 nie wprowadzamy \u017cadnych zmian z naszej strony. Tekst jest grawerowany dok\u0142adnie taki, jaki otrzymujemy od pa\u0144stwa.<\/strong><\/em><\/p>\n<p style=\"text-align: center;\"><em><strong>Sprawd\u017a tekst, aby upewni\u0107 si\u0119, \u017ce pisownia jest poprawna.<\/strong><\/em><\/p>\n<p><img loading=\"lazy\" decoding=\"async\" class=\" wp-image-3692 aligncenter\" src=\"https:\/\/www.rememberme-forever.com\/wp-content\/uploads\/2023\/04\/mango-funeral-urn-memorial-plaque-295x300.jpg\" alt=\"mango funeral urn memorial plaque\" width=\"181\" height=\"184\" srcset=\"https:\/\/www.rememberme-forever.com\/wp-content\/uploads\/2023\/04\/mango-funeral-urn-memorial-plaque-295x300.jpg 295w, https:\/\/www.rememberme-forever.com\/wp-content\/uploads\/2023\/04\/mango-funeral-urn-memorial-plaque-600x610.jpg 600w, https:\/\/www.rememberme-forever.com\/wp-content\/uploads\/2023\/04\/mango-funeral-urn-memorial-plaque-64x65.jpg 64w, https:\/\/www.rememberme-forever.com\/wp-content\/uploads\/2023\/04\/mango-funeral-urn-memorial-plaque.jpg 768w\" sizes=\"auto, (max-width: 181px) 100vw, 181px\" \/><\/p>\n","protected":false},"excerpt":{"rendered":"<p><em><strong>Urna pomie\u015bci prochy osoby o wadze cia\u0142a 50Kg lub mniej.<\/strong><\/em><\/p>\n<p><b>\u2611\ufe0f <em style=\"color: red;\">Jeste\u015bmy \u015bwiadomi kr\u00f3tkiego czasu na dostarczenie urny. Urn\u0119 zam\u00f3wion\u0105 do godz. 12.00 w dzie\u0144 roboczy wysy\u0142amy natychmiast.\u00a0<\/em><\/b><\/p>\n","protected":false},"featured_media":11804,"template":"","meta":{"_acf_changed":false},"product_brand":[],"product_cat":[140],"product_tag":[3308,965,1861,1862],"class_list":{"0":"post-11931","1":"product","2":"type-product","3":"status-publish","4":"has-post-thumbnail","6":"product_cat-urny-przecenione","7":"product_tag-gpsr-all-wood-urns","8":"product_tag-mango-pl","9":"product_tag-urn-pl","10":"product_tag-wood-pl","11":"product_shipping_class-wood-urns-pl","13":"first","14":"instock","15":"sale","16":"taxable","17":"shipping-taxable","18":"purchasable","19":"product-type-simple"},"yoast_head":"<!-- This site is optimized with the Yoast SEO plugin v27.4 - https:\/\/yoast.com\/product\/yoast-seo-wordpress\/ -->\n<title>Toczona drewniana urna z mango, Klasa II (WU51 D-01)<\/title>\n<meta name=\"robots\" content=\"index, follow, max-snippet:-1, max-image-preview:large, max-video-preview:-1\" \/>\n<link rel=\"canonical\" href=\"https:\/\/www.rememberme-forever.com\/pl\/produkt\/toczona-drewniana-urna-z-mango-klasa-ii-wu51-d-01\/\" \/>\n<meta property=\"og:locale\" content=\"pl_PL\" \/>\n<meta property=\"og:type\" content=\"article\" \/>\n<meta property=\"og:title\" content=\"Toczona drewniana urna z mango, Klasa II (WU51 D-01)\" \/>\n<meta property=\"og:description\" content=\"Urna pomie\u015bci prochy osoby o wadze cia\u0142a 50Kg lub mniej.  \u2611\ufe0f Jeste\u015bmy \u015bwiadomi kr\u00f3tkiego czasu na dostarczenie urny. Urn\u0119 zam\u00f3wion\u0105 do godz. 12.00 w dzie\u0144 roboczy wysy\u0142amy natychmiast.\u00a0\" \/>\n<meta property=\"og:url\" content=\"https:\/\/www.rememberme-forever.com\/pl\/produkt\/toczona-drewniana-urna-z-mango-klasa-ii-wu51-d-01\/\" \/>\n<meta property=\"og:site_name\" content=\"Remember Forever\" \/>\n<meta property=\"article:modified_time\" content=\"2026-02-02T12:56:41+00:00\" \/>\n<meta property=\"og:image\" content=\"http:\/\/www.rememberme-forever.com\/wp-content\/uploads\/2023\/04\/WU51-D-01-1.jpg\" \/>\n\t<meta property=\"og:image:width\" content=\"1007\" \/>\n\t<meta property=\"og:image:height\" content=\"1024\" \/>\n\t<meta property=\"og:image:type\" content=\"image\/jpeg\" \/>\n<meta name=\"twitter:card\" content=\"summary_large_image\" \/>\n<meta name=\"twitter:label1\" content=\"Szacowany czas czytania\" \/>\n\t<meta name=\"twitter:data1\" content=\"2 minuta\" \/>\n<script type=\"application\/ld+json\" class=\"yoast-schema-graph\">{\"@context\":\"https:\\\/\\\/schema.org\",\"@graph\":[{\"@type\":\"WebPage\",\"@id\":\"https:\\\/\\\/www.rememberme-forever.com\\\/pl\\\/produkt\\\/toczona-drewniana-urna-z-mango-klasa-ii-wu51-d-01\\\/\",\"url\":\"https:\\\/\\\/www.rememberme-forever.com\\\/pl\\\/produkt\\\/toczona-drewniana-urna-z-mango-klasa-ii-wu51-d-01\\\/\",\"name\":\"Toczona drewniana urna z mango, Klasa II (WU51 D-01)\",\"isPartOf\":{\"@id\":\"https:\\\/\\\/www.rememberme-forever.com\\\/pl\\\/#website\"},\"primaryImageOfPage\":{\"@id\":\"https:\\\/\\\/www.rememberme-forever.com\\\/pl\\\/produkt\\\/toczona-drewniana-urna-z-mango-klasa-ii-wu51-d-01\\\/#primaryimage\"},\"image\":{\"@id\":\"https:\\\/\\\/www.rememberme-forever.com\\\/pl\\\/produkt\\\/toczona-drewniana-urna-z-mango-klasa-ii-wu51-d-01\\\/#primaryimage\"},\"thumbnailUrl\":\"https:\\\/\\\/www.rememberme-forever.com\\\/wp-content\\\/uploads\\\/2023\\\/04\\\/WU51-D-01-1.jpg\",\"datePublished\":\"2024-02-26T13:57:11+00:00\",\"dateModified\":\"2026-02-02T12:56:41+00:00\",\"breadcrumb\":{\"@id\":\"https:\\\/\\\/www.rememberme-forever.com\\\/pl\\\/produkt\\\/toczona-drewniana-urna-z-mango-klasa-ii-wu51-d-01\\\/#breadcrumb\"},\"inLanguage\":\"pl-PL\",\"potentialAction\":[{\"@type\":\"ReadAction\",\"target\":[\"https:\\\/\\\/www.rememberme-forever.com\\\/pl\\\/produkt\\\/toczona-drewniana-urna-z-mango-klasa-ii-wu51-d-01\\\/\"]}]},{\"@type\":\"ImageObject\",\"inLanguage\":\"pl-PL\",\"@id\":\"https:\\\/\\\/www.rememberme-forever.com\\\/pl\\\/produkt\\\/toczona-drewniana-urna-z-mango-klasa-ii-wu51-d-01\\\/#primaryimage\",\"url\":\"https:\\\/\\\/www.rememberme-forever.com\\\/wp-content\\\/uploads\\\/2023\\\/04\\\/WU51-D-01-1.jpg\",\"contentUrl\":\"https:\\\/\\\/www.rememberme-forever.com\\\/wp-content\\\/uploads\\\/2023\\\/04\\\/WU51-D-01-1.jpg\",\"width\":1007,\"height\":1024},{\"@type\":\"BreadcrumbList\",\"@id\":\"https:\\\/\\\/www.rememberme-forever.com\\\/pl\\\/produkt\\\/toczona-drewniana-urna-z-mango-klasa-ii-wu51-d-01\\\/#breadcrumb\",\"itemListElement\":[{\"@type\":\"ListItem\",\"position\":1,\"name\":\"Home\",\"item\":\"https:\\\/\\\/www.rememberme-forever.com\\\/pl\\\/strona-glowna\\\/\"},{\"@type\":\"ListItem\",\"position\":2,\"name\":\"Sklep\",\"item\":\"https:\\\/\\\/www.rememberme-forever.com\\\/pl\\\/sklep-2\\\/\"},{\"@type\":\"ListItem\",\"position\":3,\"name\":\"Toczona drewniana urna z mango, Klasa II (WU51 D-01)\"}]},{\"@type\":\"WebSite\",\"@id\":\"https:\\\/\\\/www.rememberme-forever.com\\\/pl\\\/#website\",\"url\":\"https:\\\/\\\/www.rememberme-forever.com\\\/pl\\\/\",\"name\":\"Remember Forever\",\"description\":\"Cremation urns, funeral urns, urns for ashes\",\"publisher\":{\"@id\":\"https:\\\/\\\/www.rememberme-forever.com\\\/pl\\\/#organization\"},\"potentialAction\":[{\"@type\":\"SearchAction\",\"target\":{\"@type\":\"EntryPoint\",\"urlTemplate\":\"https:\\\/\\\/www.rememberme-forever.com\\\/pl\\\/?s={search_term_string}\"},\"query-input\":{\"@type\":\"PropertyValueSpecification\",\"valueRequired\":true,\"valueName\":\"search_term_string\"}}],\"inLanguage\":\"pl-PL\"},{\"@type\":\"Organization\",\"@id\":\"https:\\\/\\\/www.rememberme-forever.com\\\/pl\\\/#organization\",\"name\":\"Remember Forever\",\"url\":\"https:\\\/\\\/www.rememberme-forever.com\\\/pl\\\/\",\"logo\":{\"@type\":\"ImageObject\",\"inLanguage\":\"pl-PL\",\"@id\":\"https:\\\/\\\/www.rememberme-forever.com\\\/pl\\\/#\\\/schema\\\/logo\\\/image\\\/\",\"url\":\"https:\\\/\\\/www.rememberme-forever.com\\\/wp-content\\\/uploads\\\/2023\\\/02\\\/logo.png\",\"contentUrl\":\"https:\\\/\\\/www.rememberme-forever.com\\\/wp-content\\\/uploads\\\/2023\\\/02\\\/logo.png\",\"width\":300,\"height\":56,\"caption\":\"Remember Forever\"},\"image\":{\"@id\":\"https:\\\/\\\/www.rememberme-forever.com\\\/pl\\\/#\\\/schema\\\/logo\\\/image\\\/\"}}]}<\/script>\n<!-- \/ Yoast SEO plugin. -->","yoast_head_json":{"title":"Toczona drewniana urna z mango, Klasa II (WU51 D-01)","robots":{"index":"index","follow":"follow","max-snippet":"max-snippet:-1","max-image-preview":"max-image-preview:large","max-video-preview":"max-video-preview:-1"},"canonical":"https:\/\/www.rememberme-forever.com\/pl\/produkt\/toczona-drewniana-urna-z-mango-klasa-ii-wu51-d-01\/","og_locale":"pl_PL","og_type":"article","og_title":"Toczona drewniana urna z mango, Klasa II (WU51 D-01)","og_description":"Urna pomie\u015bci prochy osoby o wadze cia\u0142a 50Kg lub mniej.  \u2611\ufe0f Jeste\u015bmy \u015bwiadomi kr\u00f3tkiego czasu na dostarczenie urny. Urn\u0119 zam\u00f3wion\u0105 do godz. 12.00 w dzie\u0144 roboczy wysy\u0142amy natychmiast.\u00a0","og_url":"https:\/\/www.rememberme-forever.com\/pl\/produkt\/toczona-drewniana-urna-z-mango-klasa-ii-wu51-d-01\/","og_site_name":"Remember Forever","article_modified_time":"2026-02-02T12:56:41+00:00","og_image":[{"width":1007,"height":1024,"url":"http:\/\/www.rememberme-forever.com\/wp-content\/uploads\/2023\/04\/WU51-D-01-1.jpg","type":"image\/jpeg"}],"twitter_card":"summary_large_image","twitter_misc":{"Szacowany czas czytania":"2 minuta"},"schema":{"@context":"https:\/\/schema.org","@graph":[{"@type":"WebPage","@id":"https:\/\/www.rememberme-forever.com\/pl\/produkt\/toczona-drewniana-urna-z-mango-klasa-ii-wu51-d-01\/","url":"https:\/\/www.rememberme-forever.com\/pl\/produkt\/toczona-drewniana-urna-z-mango-klasa-ii-wu51-d-01\/","name":"Toczona drewniana urna z mango, Klasa II (WU51 D-01)","isPartOf":{"@id":"https:\/\/www.rememberme-forever.com\/pl\/#website"},"primaryImageOfPage":{"@id":"https:\/\/www.rememberme-forever.com\/pl\/produkt\/toczona-drewniana-urna-z-mango-klasa-ii-wu51-d-01\/#primaryimage"},"image":{"@id":"https:\/\/www.rememberme-forever.com\/pl\/produkt\/toczona-drewniana-urna-z-mango-klasa-ii-wu51-d-01\/#primaryimage"},"thumbnailUrl":"https:\/\/www.rememberme-forever.com\/wp-content\/uploads\/2023\/04\/WU51-D-01-1.jpg","datePublished":"2024-02-26T13:57:11+00:00","dateModified":"2026-02-02T12:56:41+00:00","breadcrumb":{"@id":"https:\/\/www.rememberme-forever.com\/pl\/produkt\/toczona-drewniana-urna-z-mango-klasa-ii-wu51-d-01\/#breadcrumb"},"inLanguage":"pl-PL","potentialAction":[{"@type":"ReadAction","target":["https:\/\/www.rememberme-forever.com\/pl\/produkt\/toczona-drewniana-urna-z-mango-klasa-ii-wu51-d-01\/"]}]},{"@type":"ImageObject","inLanguage":"pl-PL","@id":"https:\/\/www.rememberme-forever.com\/pl\/produkt\/toczona-drewniana-urna-z-mango-klasa-ii-wu51-d-01\/#primaryimage","url":"https:\/\/www.rememberme-forever.com\/wp-content\/uploads\/2023\/04\/WU51-D-01-1.jpg","contentUrl":"https:\/\/www.rememberme-forever.com\/wp-content\/uploads\/2023\/04\/WU51-D-01-1.jpg","width":1007,"height":1024},{"@type":"BreadcrumbList","@id":"https:\/\/www.rememberme-forever.com\/pl\/produkt\/toczona-drewniana-urna-z-mango-klasa-ii-wu51-d-01\/#breadcrumb","itemListElement":[{"@type":"ListItem","position":1,"name":"Home","item":"https:\/\/www.rememberme-forever.com\/pl\/strona-glowna\/"},{"@type":"ListItem","position":2,"name":"Sklep","item":"https:\/\/www.rememberme-forever.com\/pl\/sklep-2\/"},{"@type":"ListItem","position":3,"name":"Toczona drewniana urna z mango, Klasa II (WU51 D-01)"}]},{"@type":"WebSite","@id":"https:\/\/www.rememberme-forever.com\/pl\/#website","url":"https:\/\/www.rememberme-forever.com\/pl\/","name":"Remember Forever","description":"Cremation urns, funeral urns, urns for ashes","publisher":{"@id":"https:\/\/www.rememberme-forever.com\/pl\/#organization"},"potentialAction":[{"@type":"SearchAction","target":{"@type":"EntryPoint","urlTemplate":"https:\/\/www.rememberme-forever.com\/pl\/?s={search_term_string}"},"query-input":{"@type":"PropertyValueSpecification","valueRequired":true,"valueName":"search_term_string"}}],"inLanguage":"pl-PL"},{"@type":"Organization","@id":"https:\/\/www.rememberme-forever.com\/pl\/#organization","name":"Remember Forever","url":"https:\/\/www.rememberme-forever.com\/pl\/","logo":{"@type":"ImageObject","inLanguage":"pl-PL","@id":"https:\/\/www.rememberme-forever.com\/pl\/#\/schema\/logo\/image\/","url":"https:\/\/www.rememberme-forever.com\/wp-content\/uploads\/2023\/02\/logo.png","contentUrl":"https:\/\/www.rememberme-forever.com\/wp-content\/uploads\/2023\/02\/logo.png","width":300,"height":56,"caption":"Remember Forever"},"image":{"@id":"https:\/\/www.rememberme-forever.com\/pl\/#\/schema\/logo\/image\/"}}]}},"acf":[],"_links":{"self":[{"href":"https:\/\/www.rememberme-forever.com\/pl\/wp-json\/wp\/v2\/product\/11931","targetHints":{"allow":["GET"]}}],"collection":[{"href":"https:\/\/www.rememberme-forever.com\/pl\/wp-json\/wp\/v2\/product"}],"about":[{"href":"https:\/\/www.rememberme-forever.com\/pl\/wp-json\/wp\/v2\/types\/product"}],"wp:featuredmedia":[{"embeddable":true,"href":"https:\/\/www.rememberme-forever.com\/pl\/wp-json\/wp\/v2\/media\/11804"}],"wp:attachment":[{"href":"https:\/\/www.rememberme-forever.com\/pl\/wp-json\/wp\/v2\/media?parent=11931"}],"wp:term":[{"taxonomy":"product_brand","embeddable":true,"href":"https:\/\/www.rememberme-forever.com\/pl\/wp-json\/wp\/v2\/product_brand?post=11931"},{"taxonomy":"product_cat","embeddable":true,"href":"https:\/\/www.rememberme-forever.com\/pl\/wp-json\/wp\/v2\/product_cat?post=11931"},{"taxonomy":"product_tag","embeddable":true,"href":"https:\/\/www.rememberme-forever.com\/pl\/wp-json\/wp\/v2\/product_tag?post=11931"}],"curies":[{"name":"wp","href":"https:\/\/api.w.org\/{rel}","templated":true}]}}