{"id":11971,"date":"2024-02-29T14:44:07","date_gmt":"2024-02-29T13:44:07","guid":{"rendered":"https:\/\/www.rememberme-forever.com\/?post_type=product&#038;p=11971"},"modified":"2026-02-02T13:55:45","modified_gmt":"2026-02-02T12:55:45","slug":"urna-z-peknietymi-sercami-urna-artystyczna","status":"publish","type":"product","link":"https:\/\/www.rememberme-forever.com\/pl\/produkt\/urna-z-peknietymi-sercami-urna-artystyczna\/","title":{"rendered":"Urna z p\u0119kni\u0119tymi sercami, urna artystyczna"},"content":{"rendered":"<div style=\"width: 100%; margin-bottom: 30px; height: max-content; padding-bottom: 60%; position: relative;\"><iframe style=\"position: absolute; top: 0; left: 0; width: 100%; height: 100%;\" src=\"https:\/\/rememberme-urns.com\/stainless-steel-urn-with-black-hearts\/\" frameborder=\"0\"><\/iframe><\/div>\n<div style=\"color: red; text-align: center; margin-bottom: 25px;\">\n<p>&gt;&gt; Obrotowe zdj\u0119cie &#8211; dotknij\/zbli\u017c &lt;&lt;<\/p>\n<\/div>\n<h2 style=\"text-align: center;\">Urna z p\u0119kni\u0119tymi sercami, urna artystyczna<\/h2>\n<p style=\"text-align: center;\">Stworzenie godnego ho\u0142du dla pami\u0119ci bliskiej osoby to \u015bwi\u0119ta podr\u00f3\u017c, a nasza urna dla doros\u0142ych oferuje godny ho\u0142d, kt\u00f3ry rezonuje z wieczn\u0105 elegancj\u0105 i spersonalizowanym wspomnieniem.<\/p>\n<p style=\"text-align: center;\">Urna posiada solidn\u0105 kul\u0119 ze stali nierdzewnej spoczywaj\u0105c\u0105 wdzi\u0119cznie na marmurowej podstawie, zapewniaj\u0105c zar\u00f3wno trwa\u0142o\u015b\u0107, jak i wyrafinowanie.<strong> Po\u0142\u0105czenie tych materia\u0142\u00f3w nie tylko zapewnia bezpieczny pojemnik na prochy ukochanej osoby, ale dodaje tak\u017ce nut\u0119 wytwornego pi\u0119kna do ka\u017cdego miejsca pami\u0119ci.<\/strong><\/p>\n<p style=\"text-align: center;\"><strong>To, co wyr\u00f3\u017cnia t\u0119 urn\u0119, to jej wykwintna dekoracja: dwa serca, starannie pomalowane na czarno technik\u0105<\/strong> decoupage. Te serca symbolizuj\u0105 wieczn\u0105 mi\u0142o\u015b\u0107 i stanowi\u0105 serdeczne przypomnienie o ukochanych wspomnieniach dzielonych z zmar\u0142ym. Charakterystyczny efekt p\u0119kni\u0119\u0107 dodaje g\u0142\u0119bi i niepowtarzalno\u015bci projektu, uchwytnej esencji trwa\u0142ego oddania.<\/p>\n<p style=\"text-align: center;\">Opr\u00f3cz swojego estetycznego uroku, nasza urna oferuje praktyczno\u015b\u0107 i \u0142atwo\u015b\u0107 u\u017cycia. Konstrukcja otwierana od spodu umo\u017cliwia bezproblemowe wsypywanie proch\u00f3w, zapewniaj\u0105c komfort i wygod\u0119 w trudnym czasie.<\/p>\n<p style=\"text-align: center;\"><strong>Ale by\u0107 mo\u017ce najwa\u017cniejsz\u0105 cech\u0105 tej urny jest mo\u017cliwo\u015b\u0107 spersonalizowania<\/strong>. Dzi\u0119ki grawerowanej tabliczce pami\u0105tkowej mo\u017cesz uwieczni\u0107 dziedzictwo Twojej ukochanej osoby w\u0142asnym serdecznym tekstem. Czy to b\u0119dzie pocieszaj\u0105cy cytat, mi\u0142e wspomnienie, czy po prostu imi\u0119 i daty, ten spersonalizowany akcent dodaje g\u0142\u0119bokiego poczucia zwi\u0105zku i pami\u0119ci.<\/p>\n<p>&nbsp;<\/p>\n<p style=\"text-align: center;\" align=\"center\"><strong>PERSONALIZACJA<\/strong><\/p>\n<p style=\"text-align: center;\" align=\"center\">Je\u015bli wybierzesz grawerowan\u0105 plakietk\u0119 w zestawie z urn\u0105, prze\u015blij tekst w ramce \u201cGrawerowana plakietka\u201d.<\/p>\n<p style=\"text-align: center;\" align=\"center\">Tekst do grawerowanej plakietki powinien by\u0107 dostarczony podczas sk\u0142adania zam\u00f3wienia. (Prosz\u0119 nie panikowa\u0107, je\u015bli to przegapisz, poniewa\u017c zawsze mo\u017cesz wys\u0142a\u0107 nam wiadomo\u015b\u0107 p\u00f3\u017aniej.)<\/p>\n<p style=\"text-align: center;\" align=\"center\"><em><b>Przed dodaniem produktu do koszyka dok\u0142adnie SPRAWD\u0179 tekst przes\u0142any do grawerowania. Do\u00a0 tekstu kt\u00f3ry otrzymujemy wraz z zam\u00f3wieniem\u00a0 nie wprowadzamy \u017cadnych zmian z naszej strony. Tekst jest grawerowany dok\u0142adnie taki, jaki otrzymujemy od pa\u0144stwa.<\/b><\/em><\/p>\n<p style=\"text-align: center;\" align=\"center\"><em><b>Sprawd\u017a tekst, aby upewni\u0107 si\u0119, \u017ce pisownia jest poprawna.<\/b><\/em><\/p>\n<p><img loading=\"lazy\" decoding=\"async\" class=\" wp-image-8282 aligncenter\" src=\"https:\/\/www.rememberme-forever.com\/wp-content\/uploads\/2023\/04\/memorial-plaque-cremation-urn-silver-1-300x153.jpg\" alt=\"\" width=\"202\" height=\"103\" srcset=\"https:\/\/www.rememberme-forever.com\/wp-content\/uploads\/2023\/04\/memorial-plaque-cremation-urn-silver-1-300x153.jpg 300w, https:\/\/www.rememberme-forever.com\/wp-content\/uploads\/2023\/04\/memorial-plaque-cremation-urn-silver-1-64x33.jpg 64w, https:\/\/www.rememberme-forever.com\/wp-content\/uploads\/2023\/04\/memorial-plaque-cremation-urn-silver-1.jpg 448w\" sizes=\"auto, (max-width: 202px) 100vw, 202px\" \/><\/p>\n<p style=\"text-align: center;\">\n","protected":false},"excerpt":{"rendered":"<p><strong>Urna pomie\u015bci prochy osoby o wadze cia\u0142a 102Kg lub mniej.<\/strong><\/p>\n<p><strong>\u2705 Urna nie nadaje si\u0119 do przechowywania na zewn\u0105trz.<\/strong><\/p>\n<p><b>\u2611\ufe0f <em style=\"color: red;\">Jeste\u015bmy \u015bwiadomi kr\u00f3tkiego czasu na dostarczenie urny. Urn\u0119 zam\u00f3wion\u0105 do godz. 12.00 w dzie\u0144 roboczy wysy\u0142amy natychmiast.\u00a0<\/em><\/b><\/p>\n","protected":false},"featured_media":12310,"template":"","meta":{"_acf_changed":false},"product_brand":[],"product_cat":[78,139],"product_tag":[3347,1861],"class_list":{"0":"post-11971","1":"product","2":"type-product","3":"status-publish","4":"has-post-thumbnail","6":"product_cat-urny-artystyczne","7":"product_cat-urny-metalowe","8":"product_tag-gpsr-metal_stonebase","9":"product_tag-urn-pl","10":"product_shipping_class-art-urns-kule-do20cm-pl","12":"first","13":"instock","14":"taxable","15":"shipping-taxable","16":"purchasable","17":"product-type-variable"},"yoast_head":"<!-- This site is optimized with the Yoast SEO plugin v27.4 - https:\/\/yoast.com\/product\/yoast-seo-wordpress\/ -->\n<title>Urna z p\u0119kni\u0119tymi sercami, urna artystyczna<\/title>\n<meta name=\"robots\" content=\"index, follow, max-snippet:-1, max-image-preview:large, max-video-preview:-1\" \/>\n<link rel=\"canonical\" href=\"https:\/\/www.rememberme-forever.com\/pl\/produkt\/urna-z-peknietymi-sercami-urna-artystyczna\/\" \/>\n<meta property=\"og:locale\" content=\"pl_PL\" \/>\n<meta property=\"og:type\" content=\"article\" \/>\n<meta property=\"og:title\" content=\"Urna z p\u0119kni\u0119tymi sercami, urna artystyczna\" \/>\n<meta property=\"og:description\" content=\"Urna pomie\u015bci prochy osoby o wadze cia\u0142a 102Kg lub mniej.  \u2705 Urna nie nadaje si\u0119 do przechowywania na zewn\u0105trz.  \u2611\ufe0f Jeste\u015bmy \u015bwiadomi kr\u00f3tkiego czasu na dostarczenie urny. Urn\u0119 zam\u00f3wion\u0105 do godz. 12.00 w dzie\u0144 roboczy wysy\u0142amy natychmiast.\u00a0\" \/>\n<meta property=\"og:url\" content=\"https:\/\/www.rememberme-forever.com\/pl\/produkt\/urna-z-peknietymi-sercami-urna-artystyczna\/\" \/>\n<meta property=\"og:site_name\" content=\"Remember Forever\" \/>\n<meta property=\"article:modified_time\" content=\"2026-02-02T12:55:45+00:00\" \/>\n<meta property=\"og:image\" content=\"http:\/\/www.rememberme-forever.com\/wp-content\/uploads\/2024\/04\/Adult-size-stainless-steel-urn-for-ashes-kopia1.jpg\" \/>\n\t<meta property=\"og:image:width\" content=\"1007\" \/>\n\t<meta property=\"og:image:height\" content=\"1024\" \/>\n\t<meta property=\"og:image:type\" content=\"image\/jpeg\" \/>\n<meta name=\"twitter:card\" content=\"summary_large_image\" \/>\n<meta name=\"twitter:label1\" content=\"Szacowany czas czytania\" \/>\n\t<meta name=\"twitter:data1\" content=\"2 minuta\" \/>\n<script type=\"application\/ld+json\" class=\"yoast-schema-graph\">{\"@context\":\"https:\\\/\\\/schema.org\",\"@graph\":[{\"@type\":\"WebPage\",\"@id\":\"https:\\\/\\\/www.rememberme-forever.com\\\/pl\\\/produkt\\\/urna-z-peknietymi-sercami-urna-artystyczna\\\/\",\"url\":\"https:\\\/\\\/www.rememberme-forever.com\\\/pl\\\/produkt\\\/urna-z-peknietymi-sercami-urna-artystyczna\\\/\",\"name\":\"Urna z p\u0119kni\u0119tymi sercami, urna artystyczna\",\"isPartOf\":{\"@id\":\"https:\\\/\\\/www.rememberme-forever.com\\\/pl\\\/#website\"},\"primaryImageOfPage\":{\"@id\":\"https:\\\/\\\/www.rememberme-forever.com\\\/pl\\\/produkt\\\/urna-z-peknietymi-sercami-urna-artystyczna\\\/#primaryimage\"},\"image\":{\"@id\":\"https:\\\/\\\/www.rememberme-forever.com\\\/pl\\\/produkt\\\/urna-z-peknietymi-sercami-urna-artystyczna\\\/#primaryimage\"},\"thumbnailUrl\":\"https:\\\/\\\/www.rememberme-forever.com\\\/wp-content\\\/uploads\\\/2024\\\/04\\\/Adult-size-stainless-steel-urn-for-ashes-kopia1.jpg\",\"datePublished\":\"2024-02-29T13:44:07+00:00\",\"dateModified\":\"2026-02-02T12:55:45+00:00\",\"breadcrumb\":{\"@id\":\"https:\\\/\\\/www.rememberme-forever.com\\\/pl\\\/produkt\\\/urna-z-peknietymi-sercami-urna-artystyczna\\\/#breadcrumb\"},\"inLanguage\":\"pl-PL\",\"potentialAction\":[{\"@type\":\"ReadAction\",\"target\":[\"https:\\\/\\\/www.rememberme-forever.com\\\/pl\\\/produkt\\\/urna-z-peknietymi-sercami-urna-artystyczna\\\/\"]}]},{\"@type\":\"ImageObject\",\"inLanguage\":\"pl-PL\",\"@id\":\"https:\\\/\\\/www.rememberme-forever.com\\\/pl\\\/produkt\\\/urna-z-peknietymi-sercami-urna-artystyczna\\\/#primaryimage\",\"url\":\"https:\\\/\\\/www.rememberme-forever.com\\\/wp-content\\\/uploads\\\/2024\\\/04\\\/Adult-size-stainless-steel-urn-for-ashes-kopia1.jpg\",\"contentUrl\":\"https:\\\/\\\/www.rememberme-forever.com\\\/wp-content\\\/uploads\\\/2024\\\/04\\\/Adult-size-stainless-steel-urn-for-ashes-kopia1.jpg\",\"width\":1007,\"height\":1024,\"caption\":\"Adult size stainless steel urn for ashes\"},{\"@type\":\"BreadcrumbList\",\"@id\":\"https:\\\/\\\/www.rememberme-forever.com\\\/pl\\\/produkt\\\/urna-z-peknietymi-sercami-urna-artystyczna\\\/#breadcrumb\",\"itemListElement\":[{\"@type\":\"ListItem\",\"position\":1,\"name\":\"Home\",\"item\":\"https:\\\/\\\/www.rememberme-forever.com\\\/pl\\\/strona-glowna\\\/\"},{\"@type\":\"ListItem\",\"position\":2,\"name\":\"Sklep\",\"item\":\"https:\\\/\\\/www.rememberme-forever.com\\\/pl\\\/sklep-2\\\/\"},{\"@type\":\"ListItem\",\"position\":3,\"name\":\"Urna z p\u0119kni\u0119tymi sercami, urna artystyczna\"}]},{\"@type\":\"WebSite\",\"@id\":\"https:\\\/\\\/www.rememberme-forever.com\\\/pl\\\/#website\",\"url\":\"https:\\\/\\\/www.rememberme-forever.com\\\/pl\\\/\",\"name\":\"Remember Forever\",\"description\":\"Cremation urns, funeral urns, urns for ashes\",\"publisher\":{\"@id\":\"https:\\\/\\\/www.rememberme-forever.com\\\/pl\\\/#organization\"},\"potentialAction\":[{\"@type\":\"SearchAction\",\"target\":{\"@type\":\"EntryPoint\",\"urlTemplate\":\"https:\\\/\\\/www.rememberme-forever.com\\\/pl\\\/?s={search_term_string}\"},\"query-input\":{\"@type\":\"PropertyValueSpecification\",\"valueRequired\":true,\"valueName\":\"search_term_string\"}}],\"inLanguage\":\"pl-PL\"},{\"@type\":\"Organization\",\"@id\":\"https:\\\/\\\/www.rememberme-forever.com\\\/pl\\\/#organization\",\"name\":\"Remember Forever\",\"url\":\"https:\\\/\\\/www.rememberme-forever.com\\\/pl\\\/\",\"logo\":{\"@type\":\"ImageObject\",\"inLanguage\":\"pl-PL\",\"@id\":\"https:\\\/\\\/www.rememberme-forever.com\\\/pl\\\/#\\\/schema\\\/logo\\\/image\\\/\",\"url\":\"https:\\\/\\\/www.rememberme-forever.com\\\/wp-content\\\/uploads\\\/2023\\\/02\\\/logo.png\",\"contentUrl\":\"https:\\\/\\\/www.rememberme-forever.com\\\/wp-content\\\/uploads\\\/2023\\\/02\\\/logo.png\",\"width\":300,\"height\":56,\"caption\":\"Remember Forever\"},\"image\":{\"@id\":\"https:\\\/\\\/www.rememberme-forever.com\\\/pl\\\/#\\\/schema\\\/logo\\\/image\\\/\"}}]}<\/script>\n<!-- \/ Yoast SEO plugin. -->","yoast_head_json":{"title":"Urna z p\u0119kni\u0119tymi sercami, urna artystyczna","robots":{"index":"index","follow":"follow","max-snippet":"max-snippet:-1","max-image-preview":"max-image-preview:large","max-video-preview":"max-video-preview:-1"},"canonical":"https:\/\/www.rememberme-forever.com\/pl\/produkt\/urna-z-peknietymi-sercami-urna-artystyczna\/","og_locale":"pl_PL","og_type":"article","og_title":"Urna z p\u0119kni\u0119tymi sercami, urna artystyczna","og_description":"Urna pomie\u015bci prochy osoby o wadze cia\u0142a 102Kg lub mniej.  \u2705 Urna nie nadaje si\u0119 do przechowywania na zewn\u0105trz.  \u2611\ufe0f Jeste\u015bmy \u015bwiadomi kr\u00f3tkiego czasu na dostarczenie urny. Urn\u0119 zam\u00f3wion\u0105 do godz. 12.00 w dzie\u0144 roboczy wysy\u0142amy natychmiast.\u00a0","og_url":"https:\/\/www.rememberme-forever.com\/pl\/produkt\/urna-z-peknietymi-sercami-urna-artystyczna\/","og_site_name":"Remember Forever","article_modified_time":"2026-02-02T12:55:45+00:00","og_image":[{"width":1007,"height":1024,"url":"http:\/\/www.rememberme-forever.com\/wp-content\/uploads\/2024\/04\/Adult-size-stainless-steel-urn-for-ashes-kopia1.jpg","type":"image\/jpeg"}],"twitter_card":"summary_large_image","twitter_misc":{"Szacowany czas czytania":"2 minuta"},"schema":{"@context":"https:\/\/schema.org","@graph":[{"@type":"WebPage","@id":"https:\/\/www.rememberme-forever.com\/pl\/produkt\/urna-z-peknietymi-sercami-urna-artystyczna\/","url":"https:\/\/www.rememberme-forever.com\/pl\/produkt\/urna-z-peknietymi-sercami-urna-artystyczna\/","name":"Urna z p\u0119kni\u0119tymi sercami, urna artystyczna","isPartOf":{"@id":"https:\/\/www.rememberme-forever.com\/pl\/#website"},"primaryImageOfPage":{"@id":"https:\/\/www.rememberme-forever.com\/pl\/produkt\/urna-z-peknietymi-sercami-urna-artystyczna\/#primaryimage"},"image":{"@id":"https:\/\/www.rememberme-forever.com\/pl\/produkt\/urna-z-peknietymi-sercami-urna-artystyczna\/#primaryimage"},"thumbnailUrl":"https:\/\/www.rememberme-forever.com\/wp-content\/uploads\/2024\/04\/Adult-size-stainless-steel-urn-for-ashes-kopia1.jpg","datePublished":"2024-02-29T13:44:07+00:00","dateModified":"2026-02-02T12:55:45+00:00","breadcrumb":{"@id":"https:\/\/www.rememberme-forever.com\/pl\/produkt\/urna-z-peknietymi-sercami-urna-artystyczna\/#breadcrumb"},"inLanguage":"pl-PL","potentialAction":[{"@type":"ReadAction","target":["https:\/\/www.rememberme-forever.com\/pl\/produkt\/urna-z-peknietymi-sercami-urna-artystyczna\/"]}]},{"@type":"ImageObject","inLanguage":"pl-PL","@id":"https:\/\/www.rememberme-forever.com\/pl\/produkt\/urna-z-peknietymi-sercami-urna-artystyczna\/#primaryimage","url":"https:\/\/www.rememberme-forever.com\/wp-content\/uploads\/2024\/04\/Adult-size-stainless-steel-urn-for-ashes-kopia1.jpg","contentUrl":"https:\/\/www.rememberme-forever.com\/wp-content\/uploads\/2024\/04\/Adult-size-stainless-steel-urn-for-ashes-kopia1.jpg","width":1007,"height":1024,"caption":"Adult size stainless steel urn for ashes"},{"@type":"BreadcrumbList","@id":"https:\/\/www.rememberme-forever.com\/pl\/produkt\/urna-z-peknietymi-sercami-urna-artystyczna\/#breadcrumb","itemListElement":[{"@type":"ListItem","position":1,"name":"Home","item":"https:\/\/www.rememberme-forever.com\/pl\/strona-glowna\/"},{"@type":"ListItem","position":2,"name":"Sklep","item":"https:\/\/www.rememberme-forever.com\/pl\/sklep-2\/"},{"@type":"ListItem","position":3,"name":"Urna z p\u0119kni\u0119tymi sercami, urna artystyczna"}]},{"@type":"WebSite","@id":"https:\/\/www.rememberme-forever.com\/pl\/#website","url":"https:\/\/www.rememberme-forever.com\/pl\/","name":"Remember Forever","description":"Cremation urns, funeral urns, urns for ashes","publisher":{"@id":"https:\/\/www.rememberme-forever.com\/pl\/#organization"},"potentialAction":[{"@type":"SearchAction","target":{"@type":"EntryPoint","urlTemplate":"https:\/\/www.rememberme-forever.com\/pl\/?s={search_term_string}"},"query-input":{"@type":"PropertyValueSpecification","valueRequired":true,"valueName":"search_term_string"}}],"inLanguage":"pl-PL"},{"@type":"Organization","@id":"https:\/\/www.rememberme-forever.com\/pl\/#organization","name":"Remember Forever","url":"https:\/\/www.rememberme-forever.com\/pl\/","logo":{"@type":"ImageObject","inLanguage":"pl-PL","@id":"https:\/\/www.rememberme-forever.com\/pl\/#\/schema\/logo\/image\/","url":"https:\/\/www.rememberme-forever.com\/wp-content\/uploads\/2023\/02\/logo.png","contentUrl":"https:\/\/www.rememberme-forever.com\/wp-content\/uploads\/2023\/02\/logo.png","width":300,"height":56,"caption":"Remember Forever"},"image":{"@id":"https:\/\/www.rememberme-forever.com\/pl\/#\/schema\/logo\/image\/"}}]}},"acf":[],"_links":{"self":[{"href":"https:\/\/www.rememberme-forever.com\/pl\/wp-json\/wp\/v2\/product\/11971","targetHints":{"allow":["GET"]}}],"collection":[{"href":"https:\/\/www.rememberme-forever.com\/pl\/wp-json\/wp\/v2\/product"}],"about":[{"href":"https:\/\/www.rememberme-forever.com\/pl\/wp-json\/wp\/v2\/types\/product"}],"wp:featuredmedia":[{"embeddable":true,"href":"https:\/\/www.rememberme-forever.com\/pl\/wp-json\/wp\/v2\/media\/12310"}],"wp:attachment":[{"href":"https:\/\/www.rememberme-forever.com\/pl\/wp-json\/wp\/v2\/media?parent=11971"}],"wp:term":[{"taxonomy":"product_brand","embeddable":true,"href":"https:\/\/www.rememberme-forever.com\/pl\/wp-json\/wp\/v2\/product_brand?post=11971"},{"taxonomy":"product_cat","embeddable":true,"href":"https:\/\/www.rememberme-forever.com\/pl\/wp-json\/wp\/v2\/product_cat?post=11971"},{"taxonomy":"product_tag","embeddable":true,"href":"https:\/\/www.rememberme-forever.com\/pl\/wp-json\/wp\/v2\/product_tag?post=11971"}],"curies":[{"name":"wp","href":"https:\/\/api.w.org\/{rel}","templated":true}]}}