{"id":12290,"date":"2024-04-12T13:46:23","date_gmt":"2024-04-12T11:46:23","guid":{"rendered":"https:\/\/www.rememberme-forever.com\/?post_type=product&#038;p=12290"},"modified":"2026-02-02T13:50:59","modified_gmt":"2026-02-02T12:50:59","slug":"geometryczna-urna-na-prochy-drewniana-urna-pogrzebowa","status":"publish","type":"product","link":"https:\/\/www.rememberme-forever.com\/pl\/produkt\/geometryczna-urna-na-prochy-drewniana-urna-pogrzebowa\/","title":{"rendered":"Geometryczna urna na prochy Drewniana urna pogrzebowa"},"content":{"rendered":"<div style=\"width: 100%; margin-bottom: 30px; height: max-content; padding-bottom: 60%; position: relative;\"><iframe style=\"position: absolute; top: 0; left: 0; width: 100%; height: 100%;\" src=\"https:\/\/rememberme-urns.com\/solid-wood-modern-urn-adult-size\/\" frameborder=\"0\"><\/iframe><\/div>\n<div style=\"color: red; text-align: center; margin-bottom: 25px;\">\n<p>&gt;&gt; Obrotowe zdj\u0119cie &#8211; dotknij\/zbli\u017c &lt;&lt;<\/p>\n<\/div>\n<p style=\"text-align: center;\">Nasza urna z litego drewna w rozmiarze dla doros\u0142ych oferuje nowoczesne podej\u015bcie do tradycyjnych pomnik\u00f3w. Wykonana z precyzj\u0105 i staranno\u015bci\u0105, urna ta posiada unikalny \u015bci\u0119ty k\u0105t, kt\u00f3ry s\u0142u\u017cy jako jej podstawa, nadaj\u0105c jej charakterystyczny i nowoczesny wygl\u0105d. Ten innowacyjny projekt nie tylko dodaje atrakcyjno\u015bci wizualnej, ale tak\u017ce zapewnia praktyczno\u015b\u0107, pozwalaj\u0105c urnie wyr\u00f3\u017cnia\u0107 si\u0119 w ka\u017cdym otoczeniu.<\/p>\n<p style=\"text-align: center;\">Wykonana z grubego i wytrzyma\u0142ego drewna, urna ta jest idealna do przechowywania proch\u00f3w doros\u0142ej ukochanej osoby. Jej solidna konstrukcja zapewnia trwa\u0142o\u015b\u0107 i d\u0142ugowieczno\u015b\u0107, zapewniaj\u0105c bezpieczne i godne miejsce spoczynku dla cennych wspomnie\u0144. Dodatkowo, masz mo\u017cliwo\u015b\u0107 dostosowania tej urny do swoich preferencji. Wybierz jedn\u0105 z dost\u0119pnych dekoracji i spersonalizuj j\u0105 za pomoc\u0105 plakietki z w\u0142asnym tekstem, dodaj\u0105c osobisty akcent, kt\u00f3ry uhonoruje indywidualno\u015b\u0107 ukochanej osoby.<\/p>\n<p style=\"text-align: center;\"><strong><em>Jest to produkt wykonany z naturalnych materia\u0142\u00f3w, wygl\u0105d mo\u017ce si\u0119 nieznacznie r\u00f3\u017cni\u0107.<\/em><\/strong><\/p>\n<p>&nbsp;<\/p>\n<p>&nbsp;<\/p>\n<p style=\"font-weight: 400; text-align: center;\"><strong style=\"font-weight: 600;\">\u25ba PERSONALIZACJA \u25c4<\/strong><\/p>\n<ul style=\"font-weight: 400; text-align: center;\">\n<li>Je\u015bli wybierzesz spersonalizowan\u0105 tabliczk\u0119, wpisz tekst w odpowiednim miejscu lub wy\u015blij nam wiadomo\u015b\u0107.<\/li>\n<li>Spersonalizowana tabliczka pami\u0105tkowa musi zosta\u0107 dostosowana podczas procesu zamawiania. (Nie martw si\u0119, je\u015bli zapomnisz, zawsze mo\u017cesz wys\u0142a\u0107 nam wiadomo\u015b\u0107 p\u00f3\u017aniej).<\/li>\n<\/ul>\n<p style=\"font-weight: 400; text-align: center;\"><strong style=\"font-weight: 600;\">Ograniczenia tekstowe s\u0105 nast\u0119puj\u0105ce:<\/strong><\/p>\n<ul style=\"font-weight: 400; text-align: center;\">\n<li>Imi\u0119 (imiona) do 24 znak\u00f3w<\/li>\n<li>Data urodzenia i \u015bmierci do 24 znak\u00f3w<\/li>\n<li>Trzecia linia do 24 znak\u00f3w<\/li>\n<li>Czwarty wiersz do 24 znak\u00f3w<\/li>\n<li>Pi\u0105ty wiersz do 24 znak\u00f3w<\/li>\n<li>Sz\u00f3sty wiersz do 24 znak\u00f3w<\/li>\n<\/ul>\n<p style=\"font-weight: 400; text-align: center;\"><strong style=\"font-weight: 600;\">Prosimy o DOK\u0141ADNE SPRAWDZENIE tekstu grawerunku przed dodaniem produktu do koszyka. Kopiujemy i grawerujemy dok\u0142adnie te informacje, kt\u00f3re otrzymujemy wraz z zam\u00f3wieniem i nie wprowadzamy \u017cadnych zmian po naszej stronie.<\/strong><\/p>\n<ul style=\"font-weight: 400;\">\n<li style=\"text-align: center;\">Sprawd\u017a tekst, aby upewni\u0107 si\u0119, \u017ce pisownia jest poprawna.<\/li>\n<li style=\"text-align: center;\"><strong style=\"font-weight: 600;\">NIE<\/strong>\u00a0wprowadzaj informacji o grawerowaniu, je\u015bli kupujesz opcj\u0119 &#8222;Urna bez tabliczki&#8221;.<\/li>\n<\/ul>\n<p><img loading=\"lazy\" decoding=\"async\" class=\" wp-image-12165 aligncenter\" src=\"http:\/\/www.rememberme-forever.com\/wp-content\/uploads\/2024\/03\/gold-1-300x150.jpg\" alt=\"plaque\" width=\"226\" height=\"113\" srcset=\"https:\/\/www.rememberme-forever.com\/wp-content\/uploads\/2024\/03\/gold-1-300x150.jpg 300w, https:\/\/www.rememberme-forever.com\/wp-content\/uploads\/2024\/03\/gold-1-768x384.jpg 768w, https:\/\/www.rememberme-forever.com\/wp-content\/uploads\/2024\/03\/gold-1-600x300.jpg 600w, https:\/\/www.rememberme-forever.com\/wp-content\/uploads\/2024\/03\/gold-1-64x32.jpg 64w, https:\/\/www.rememberme-forever.com\/wp-content\/uploads\/2024\/03\/gold-1.jpg 945w\" sizes=\"auto, (max-width: 226px) 100vw, 226px\" \/><\/p>\n<p>&nbsp;<\/p>\n","protected":false},"excerpt":{"rendered":"<p><b>\u2611\ufe0f <em style=\"color: red;\">Jeste\u015bmy \u015bwiadomi kr\u00f3tkiego czasu na dostarczenie urny. Urn\u0119 zam\u00f3wion\u0105 do godz. 12.00 w dzie\u0144 roboczy wysy\u0142amy natychmiast.\u00a0<\/em><\/b><\/p>\n","protected":false},"featured_media":14889,"template":"","meta":{"_acf_changed":false},"product_brand":[],"product_cat":[78,93],"product_tag":[3308],"class_list":{"0":"post-12290","1":"product","2":"type-product","3":"status-publish","4":"has-post-thumbnail","6":"product_cat-urny-artystyczne","7":"product_cat-urny-drewniane","8":"product_tag-gpsr-all-wood-urns","9":"product_shipping_class-wood-urns-pl","11":"first","12":"instock","13":"taxable","14":"shipping-taxable","15":"purchasable","16":"product-type-variable"},"yoast_head":"<!-- This site is optimized with the Yoast SEO plugin v27.4 - https:\/\/yoast.com\/product\/yoast-seo-wordpress\/ -->\n<title>Geometryczna urna na prochy Drewniana urna pogrzebowa<\/title>\n<meta name=\"robots\" content=\"index, follow, max-snippet:-1, max-image-preview:large, max-video-preview:-1\" \/>\n<link rel=\"canonical\" href=\"https:\/\/www.rememberme-forever.com\/pl\/produkt\/geometryczna-urna-na-prochy-drewniana-urna-pogrzebowa\/\" \/>\n<meta property=\"og:locale\" content=\"pl_PL\" \/>\n<meta property=\"og:type\" content=\"article\" \/>\n<meta property=\"og:title\" content=\"Geometryczna urna na prochy Drewniana urna pogrzebowa\" \/>\n<meta property=\"og:description\" content=\"\u2611\ufe0f Jeste\u015bmy \u015bwiadomi kr\u00f3tkiego czasu na dostarczenie urny. Urn\u0119 zam\u00f3wion\u0105 do godz. 12.00 w dzie\u0144 roboczy wysy\u0142amy natychmiast.\u00a0\" \/>\n<meta property=\"og:url\" content=\"https:\/\/www.rememberme-forever.com\/pl\/produkt\/geometryczna-urna-na-prochy-drewniana-urna-pogrzebowa\/\" \/>\n<meta property=\"og:site_name\" content=\"Remember Forever\" \/>\n<meta property=\"article:modified_time\" content=\"2026-02-02T12:50:59+00:00\" \/>\n<meta property=\"og:image\" content=\"http:\/\/www.rememberme-forever.com\/wp-content\/uploads\/2024\/11\/WU31-wooden-urn_0006.jpg\" \/>\n\t<meta property=\"og:image:width\" content=\"1007\" \/>\n\t<meta property=\"og:image:height\" content=\"1024\" \/>\n\t<meta property=\"og:image:type\" content=\"image\/jpeg\" \/>\n<meta name=\"twitter:card\" content=\"summary_large_image\" \/>\n<meta name=\"twitter:label1\" content=\"Szacowany czas czytania\" \/>\n\t<meta name=\"twitter:data1\" content=\"2 minuta\" \/>\n<script type=\"application\/ld+json\" class=\"yoast-schema-graph\">{\"@context\":\"https:\\\/\\\/schema.org\",\"@graph\":[{\"@type\":\"WebPage\",\"@id\":\"https:\\\/\\\/www.rememberme-forever.com\\\/pl\\\/produkt\\\/geometryczna-urna-na-prochy-drewniana-urna-pogrzebowa\\\/\",\"url\":\"https:\\\/\\\/www.rememberme-forever.com\\\/pl\\\/produkt\\\/geometryczna-urna-na-prochy-drewniana-urna-pogrzebowa\\\/\",\"name\":\"Geometryczna urna na prochy Drewniana urna pogrzebowa\",\"isPartOf\":{\"@id\":\"https:\\\/\\\/www.rememberme-forever.com\\\/pl\\\/#website\"},\"primaryImageOfPage\":{\"@id\":\"https:\\\/\\\/www.rememberme-forever.com\\\/pl\\\/produkt\\\/geometryczna-urna-na-prochy-drewniana-urna-pogrzebowa\\\/#primaryimage\"},\"image\":{\"@id\":\"https:\\\/\\\/www.rememberme-forever.com\\\/pl\\\/produkt\\\/geometryczna-urna-na-prochy-drewniana-urna-pogrzebowa\\\/#primaryimage\"},\"thumbnailUrl\":\"https:\\\/\\\/www.rememberme-forever.com\\\/wp-content\\\/uploads\\\/2024\\\/11\\\/WU31-wooden-urn_0006.jpg\",\"datePublished\":\"2024-04-12T11:46:23+00:00\",\"dateModified\":\"2026-02-02T12:50:59+00:00\",\"breadcrumb\":{\"@id\":\"https:\\\/\\\/www.rememberme-forever.com\\\/pl\\\/produkt\\\/geometryczna-urna-na-prochy-drewniana-urna-pogrzebowa\\\/#breadcrumb\"},\"inLanguage\":\"pl-PL\",\"potentialAction\":[{\"@type\":\"ReadAction\",\"target\":[\"https:\\\/\\\/www.rememberme-forever.com\\\/pl\\\/produkt\\\/geometryczna-urna-na-prochy-drewniana-urna-pogrzebowa\\\/\"]}]},{\"@type\":\"ImageObject\",\"inLanguage\":\"pl-PL\",\"@id\":\"https:\\\/\\\/www.rememberme-forever.com\\\/pl\\\/produkt\\\/geometryczna-urna-na-prochy-drewniana-urna-pogrzebowa\\\/#primaryimage\",\"url\":\"https:\\\/\\\/www.rememberme-forever.com\\\/wp-content\\\/uploads\\\/2024\\\/11\\\/WU31-wooden-urn_0006.jpg\",\"contentUrl\":\"https:\\\/\\\/www.rememberme-forever.com\\\/wp-content\\\/uploads\\\/2024\\\/11\\\/WU31-wooden-urn_0006.jpg\",\"width\":1007,\"height\":1024,\"caption\":\"minimalist wood urn\"},{\"@type\":\"BreadcrumbList\",\"@id\":\"https:\\\/\\\/www.rememberme-forever.com\\\/pl\\\/produkt\\\/geometryczna-urna-na-prochy-drewniana-urna-pogrzebowa\\\/#breadcrumb\",\"itemListElement\":[{\"@type\":\"ListItem\",\"position\":1,\"name\":\"Home\",\"item\":\"https:\\\/\\\/www.rememberme-forever.com\\\/pl\\\/strona-glowna\\\/\"},{\"@type\":\"ListItem\",\"position\":2,\"name\":\"Sklep\",\"item\":\"https:\\\/\\\/www.rememberme-forever.com\\\/pl\\\/sklep-2\\\/\"},{\"@type\":\"ListItem\",\"position\":3,\"name\":\"Geometryczna urna na prochy Drewniana urna pogrzebowa\"}]},{\"@type\":\"WebSite\",\"@id\":\"https:\\\/\\\/www.rememberme-forever.com\\\/pl\\\/#website\",\"url\":\"https:\\\/\\\/www.rememberme-forever.com\\\/pl\\\/\",\"name\":\"Remember Forever\",\"description\":\"Cremation urns, funeral urns, urns for ashes\",\"publisher\":{\"@id\":\"https:\\\/\\\/www.rememberme-forever.com\\\/pl\\\/#organization\"},\"potentialAction\":[{\"@type\":\"SearchAction\",\"target\":{\"@type\":\"EntryPoint\",\"urlTemplate\":\"https:\\\/\\\/www.rememberme-forever.com\\\/pl\\\/?s={search_term_string}\"},\"query-input\":{\"@type\":\"PropertyValueSpecification\",\"valueRequired\":true,\"valueName\":\"search_term_string\"}}],\"inLanguage\":\"pl-PL\"},{\"@type\":\"Organization\",\"@id\":\"https:\\\/\\\/www.rememberme-forever.com\\\/pl\\\/#organization\",\"name\":\"Remember Forever\",\"url\":\"https:\\\/\\\/www.rememberme-forever.com\\\/pl\\\/\",\"logo\":{\"@type\":\"ImageObject\",\"inLanguage\":\"pl-PL\",\"@id\":\"https:\\\/\\\/www.rememberme-forever.com\\\/pl\\\/#\\\/schema\\\/logo\\\/image\\\/\",\"url\":\"https:\\\/\\\/www.rememberme-forever.com\\\/wp-content\\\/uploads\\\/2023\\\/02\\\/logo.png\",\"contentUrl\":\"https:\\\/\\\/www.rememberme-forever.com\\\/wp-content\\\/uploads\\\/2023\\\/02\\\/logo.png\",\"width\":300,\"height\":56,\"caption\":\"Remember Forever\"},\"image\":{\"@id\":\"https:\\\/\\\/www.rememberme-forever.com\\\/pl\\\/#\\\/schema\\\/logo\\\/image\\\/\"}}]}<\/script>\n<!-- \/ Yoast SEO plugin. -->","yoast_head_json":{"title":"Geometryczna urna na prochy Drewniana urna pogrzebowa","robots":{"index":"index","follow":"follow","max-snippet":"max-snippet:-1","max-image-preview":"max-image-preview:large","max-video-preview":"max-video-preview:-1"},"canonical":"https:\/\/www.rememberme-forever.com\/pl\/produkt\/geometryczna-urna-na-prochy-drewniana-urna-pogrzebowa\/","og_locale":"pl_PL","og_type":"article","og_title":"Geometryczna urna na prochy Drewniana urna pogrzebowa","og_description":"\u2611\ufe0f Jeste\u015bmy \u015bwiadomi kr\u00f3tkiego czasu na dostarczenie urny. Urn\u0119 zam\u00f3wion\u0105 do godz. 12.00 w dzie\u0144 roboczy wysy\u0142amy natychmiast.\u00a0","og_url":"https:\/\/www.rememberme-forever.com\/pl\/produkt\/geometryczna-urna-na-prochy-drewniana-urna-pogrzebowa\/","og_site_name":"Remember Forever","article_modified_time":"2026-02-02T12:50:59+00:00","og_image":[{"width":1007,"height":1024,"url":"http:\/\/www.rememberme-forever.com\/wp-content\/uploads\/2024\/11\/WU31-wooden-urn_0006.jpg","type":"image\/jpeg"}],"twitter_card":"summary_large_image","twitter_misc":{"Szacowany czas czytania":"2 minuta"},"schema":{"@context":"https:\/\/schema.org","@graph":[{"@type":"WebPage","@id":"https:\/\/www.rememberme-forever.com\/pl\/produkt\/geometryczna-urna-na-prochy-drewniana-urna-pogrzebowa\/","url":"https:\/\/www.rememberme-forever.com\/pl\/produkt\/geometryczna-urna-na-prochy-drewniana-urna-pogrzebowa\/","name":"Geometryczna urna na prochy Drewniana urna pogrzebowa","isPartOf":{"@id":"https:\/\/www.rememberme-forever.com\/pl\/#website"},"primaryImageOfPage":{"@id":"https:\/\/www.rememberme-forever.com\/pl\/produkt\/geometryczna-urna-na-prochy-drewniana-urna-pogrzebowa\/#primaryimage"},"image":{"@id":"https:\/\/www.rememberme-forever.com\/pl\/produkt\/geometryczna-urna-na-prochy-drewniana-urna-pogrzebowa\/#primaryimage"},"thumbnailUrl":"https:\/\/www.rememberme-forever.com\/wp-content\/uploads\/2024\/11\/WU31-wooden-urn_0006.jpg","datePublished":"2024-04-12T11:46:23+00:00","dateModified":"2026-02-02T12:50:59+00:00","breadcrumb":{"@id":"https:\/\/www.rememberme-forever.com\/pl\/produkt\/geometryczna-urna-na-prochy-drewniana-urna-pogrzebowa\/#breadcrumb"},"inLanguage":"pl-PL","potentialAction":[{"@type":"ReadAction","target":["https:\/\/www.rememberme-forever.com\/pl\/produkt\/geometryczna-urna-na-prochy-drewniana-urna-pogrzebowa\/"]}]},{"@type":"ImageObject","inLanguage":"pl-PL","@id":"https:\/\/www.rememberme-forever.com\/pl\/produkt\/geometryczna-urna-na-prochy-drewniana-urna-pogrzebowa\/#primaryimage","url":"https:\/\/www.rememberme-forever.com\/wp-content\/uploads\/2024\/11\/WU31-wooden-urn_0006.jpg","contentUrl":"https:\/\/www.rememberme-forever.com\/wp-content\/uploads\/2024\/11\/WU31-wooden-urn_0006.jpg","width":1007,"height":1024,"caption":"minimalist wood urn"},{"@type":"BreadcrumbList","@id":"https:\/\/www.rememberme-forever.com\/pl\/produkt\/geometryczna-urna-na-prochy-drewniana-urna-pogrzebowa\/#breadcrumb","itemListElement":[{"@type":"ListItem","position":1,"name":"Home","item":"https:\/\/www.rememberme-forever.com\/pl\/strona-glowna\/"},{"@type":"ListItem","position":2,"name":"Sklep","item":"https:\/\/www.rememberme-forever.com\/pl\/sklep-2\/"},{"@type":"ListItem","position":3,"name":"Geometryczna urna na prochy Drewniana urna pogrzebowa"}]},{"@type":"WebSite","@id":"https:\/\/www.rememberme-forever.com\/pl\/#website","url":"https:\/\/www.rememberme-forever.com\/pl\/","name":"Remember Forever","description":"Cremation urns, funeral urns, urns for ashes","publisher":{"@id":"https:\/\/www.rememberme-forever.com\/pl\/#organization"},"potentialAction":[{"@type":"SearchAction","target":{"@type":"EntryPoint","urlTemplate":"https:\/\/www.rememberme-forever.com\/pl\/?s={search_term_string}"},"query-input":{"@type":"PropertyValueSpecification","valueRequired":true,"valueName":"search_term_string"}}],"inLanguage":"pl-PL"},{"@type":"Organization","@id":"https:\/\/www.rememberme-forever.com\/pl\/#organization","name":"Remember Forever","url":"https:\/\/www.rememberme-forever.com\/pl\/","logo":{"@type":"ImageObject","inLanguage":"pl-PL","@id":"https:\/\/www.rememberme-forever.com\/pl\/#\/schema\/logo\/image\/","url":"https:\/\/www.rememberme-forever.com\/wp-content\/uploads\/2023\/02\/logo.png","contentUrl":"https:\/\/www.rememberme-forever.com\/wp-content\/uploads\/2023\/02\/logo.png","width":300,"height":56,"caption":"Remember Forever"},"image":{"@id":"https:\/\/www.rememberme-forever.com\/pl\/#\/schema\/logo\/image\/"}}]}},"acf":[],"_links":{"self":[{"href":"https:\/\/www.rememberme-forever.com\/pl\/wp-json\/wp\/v2\/product\/12290","targetHints":{"allow":["GET"]}}],"collection":[{"href":"https:\/\/www.rememberme-forever.com\/pl\/wp-json\/wp\/v2\/product"}],"about":[{"href":"https:\/\/www.rememberme-forever.com\/pl\/wp-json\/wp\/v2\/types\/product"}],"wp:featuredmedia":[{"embeddable":true,"href":"https:\/\/www.rememberme-forever.com\/pl\/wp-json\/wp\/v2\/media\/14889"}],"wp:attachment":[{"href":"https:\/\/www.rememberme-forever.com\/pl\/wp-json\/wp\/v2\/media?parent=12290"}],"wp:term":[{"taxonomy":"product_brand","embeddable":true,"href":"https:\/\/www.rememberme-forever.com\/pl\/wp-json\/wp\/v2\/product_brand?post=12290"},{"taxonomy":"product_cat","embeddable":true,"href":"https:\/\/www.rememberme-forever.com\/pl\/wp-json\/wp\/v2\/product_cat?post=12290"},{"taxonomy":"product_tag","embeddable":true,"href":"https:\/\/www.rememberme-forever.com\/pl\/wp-json\/wp\/v2\/product_tag?post=12290"}],"curies":[{"name":"wp","href":"https:\/\/api.w.org\/{rel}","templated":true}]}}