{"id":12429,"date":"2024-05-08T12:26:26","date_gmt":"2024-05-08T10:26:26","guid":{"rendered":"https:\/\/www.rememberme-forever.com\/?post_type=product&#038;p=12429"},"modified":"2026-02-18T15:06:57","modified_gmt":"2026-02-18T14:06:57","slug":"urna-w-ksztalcie-pilki-tenisowej-dla-doroslej-osoby","status":"publish","type":"product","link":"https:\/\/www.rememberme-forever.com\/pl\/produkt\/urna-w-ksztalcie-pilki-tenisowej-dla-doroslej-osoby\/","title":{"rendered":"Urna w kszta\u0142cie pi\u0142ki tenisowej dla doros\u0142ej osoby"},"content":{"rendered":"<div style=\"width: 100%; margin-bottom: 30px; height: max-content; padding-bottom: 60%; position: relative;\"><iframe style=\"position: absolute; top: 0; left: 0; width: 100%; height: 100%;\" src=\"https:\/\/rememberme-urns.com\/tennis-ball-cremation-urn\/\" frameborder=\"0\"><\/iframe><\/div>\n<div style=\"color: red; text-align: center; margin-bottom: 25px;\">\n<p>&gt;&gt; Obrotowe zdj\u0119cie &#8211; dotknij\/zbli\u017c &lt;&lt;<\/p>\n<\/div>\n<h2 style=\"text-align: center;\">Urna pi\u0142ka tenisowa ze stali nierdzewnej.<\/h2>\n<div class=\"flex-1 overflow-hidden\">\n<div class=\"react-scroll-to-bottom--css-itowe-79elbk h-full\">\n<div class=\"react-scroll-to-bottom--css-itowe-1n7m0yu\">\n<div>\n<div class=\"flex flex-col text-sm pb-9\">\n<div class=\"w-full text-token-text-primary\" dir=\"auto\" data-testid=\"conversation-turn-349\" data-scroll-anchor=\"true\">\n<div class=\"py-2 px-3 text-base md:px-4 m-auto md:px-5 lg:px-1 xl:px-5\">\n<div class=\"mx-auto flex flex-1 gap-3 text-base juice:gap-4 juice:md:gap-6 md:max-w-3xl lg:max-w-[40rem] xl:max-w-[48rem]\">\n<div class=\"relative flex w-full min-w-0 flex-col agent-turn\">\n<div class=\"flex-col gap-1 md:gap-3\">\n<div class=\"flex flex-grow flex-col max-w-full\">\n<div class=\"min-h-[20px] text-message flex flex-col items-start whitespace-pre-wrap break-words [.text-message+&amp;]:mt-5 overflow-x-auto gap-3\" dir=\"auto\" data-message-author-role=\"assistant\" data-message-id=\"68ce2d77-9c07-4132-a5a1-e98ea50c8168\">\n<div class=\"markdown prose w-full break-words dark:prose-invert dark\">\n<p style=\"text-align: center;\">R\u0119cznie malowana urna ze stali nierdzewnej, ozdobiona starannie wykonanym wzorem pi\u0142ki tenisowej. Idealny spos\u00f3b upami\u0119tnienia dla ka\u017cdego mi\u0142o\u015bnika tenisa. Dzi\u0119ki trwa\u0142ej podstawie z ABS \u0142\u0105czy w sobie elegancj\u0119 i wytrzyma\u0142o\u015b\u0107. Zakr\u0119cane dolne otwarcie zapewnia bezpieczne zamkni\u0119cie i jednocze\u015bnie umo\u017cliwia \u0142atwe umieszczenie proch\u00f3w wewn\u0105trz.<\/p>\n<p style=\"text-align: center;\"><strong>Ta urna w kszta\u0142cie pi\u0142ki tenisowej stanowi odpowiedni\u0105 pami\u0105tk\u0119, honoruj\u0105c\u0105 mi\u0142o\u015b\u0107 i zaanga\u017cowanie zmar\u0142ej osoby w t\u0119 dyscyplin\u0119 sportu.<\/strong><\/p>\n<\/div>\n<\/div>\n<\/div>\n<\/div>\n<\/div>\n<\/div>\n<\/div>\n<\/div>\n<\/div>\n<\/div>\n<\/div>\n<\/div>\n<\/div>\n<p style=\"text-align: center;\">Stalowa konstrukcja tej urny zapewnia, \u017ce pozostanie ona w doskona\u0142ym stanie przez bardzo d\u0142ugi czas. Dodatkowo, mo\u017cesz wybra\u0107 opcj\u0119 grawerowanej plakietki z w\u0142asnym tekstem. Pozwoli Ci to na stworzenie prawdziwie osobistej urny z wygrawerowanymi kilkoma osobistymi s\u0142owami, kt\u00f3re b\u0119d\u0105 towarzyszy\u0107 doczesnym szcz\u0105tkom zmar\u0142ego.<\/p>\n<p>&nbsp;<\/p>\n<h3 style=\"text-align: center;\"><strong>PERSONALIZACJA<\/strong><\/h3>\n<p style=\"text-align: center;\">Je\u015bli wybierzesz grawerowan\u0105 plakietk\u0119 w zestawie z urn\u0105, prze\u015blij tekst w ramce \u201cGrawerowana plakietka\u201d.<\/p>\n<p style=\"text-align: center;\">Tekst do grawerowanej plakietki powinien by\u0107 dostarczony podczas sk\u0142adania zam\u00f3wienia. (Prosz\u0119 nie panikowa\u0107, je\u015bli to przegapisz, poniewa\u017c zawsze mo\u017cesz wys\u0142a\u0107 nam wiadomo\u015b\u0107 p\u00f3\u017aniej.)<\/p>\n<p><img loading=\"lazy\" decoding=\"async\" class=\"wp-image-12165 aligncenter\" src=\"http:\/\/www.rememberme-forever.com\/wp-content\/uploads\/2024\/03\/gold-1-300x150.jpg\" alt=\"plaque\" width=\"164\" height=\"82\" srcset=\"https:\/\/www.rememberme-forever.com\/wp-content\/uploads\/2024\/03\/gold-1-300x150.jpg 300w, https:\/\/www.rememberme-forever.com\/wp-content\/uploads\/2024\/03\/gold-1-768x384.jpg 768w, https:\/\/www.rememberme-forever.com\/wp-content\/uploads\/2024\/03\/gold-1-600x300.jpg 600w, https:\/\/www.rememberme-forever.com\/wp-content\/uploads\/2024\/03\/gold-1-64x32.jpg 64w, https:\/\/www.rememberme-forever.com\/wp-content\/uploads\/2024\/03\/gold-1.jpg 945w\" sizes=\"auto, (max-width: 164px) 100vw, 164px\" \/><\/p>\n<p>&nbsp;<\/p>\n<p style=\"text-align: center;\"><em><strong>Przed dodaniem produktu do koszyka dok\u0142adnie SPRAWD\u0179 tekst przes\u0142any do grawerowania. Do\u00a0 tekstu kt\u00f3ry otrzymujemy wraz z zam\u00f3wieniem\u00a0 nie wprowadzamy \u017cadnych zmian z naszej strony. Tekst jest grawerowany dok\u0142adnie taki, jaki otrzymujemy od pa\u0144stwa. <\/strong><\/em><\/p>\n<p style=\"text-align: center;\"><em><strong>Sprawd\u017a tekst, aby upewni\u0107 si\u0119, \u017ce pisownia jest poprawna.<\/strong><\/em><\/p>\n<p>&nbsp;<\/p>\n<p style=\"text-align: center;\"><em>(Grawerowana plakietka zostanie dodana na osobnej podstawce jak na zdj\u0119ciu.)<\/em><\/p>\n<p>&nbsp;<\/p>\n","protected":false},"excerpt":{"rendered":"<p><em><strong>Urna pomie\u015bci prochy zmar\u0142ej osoby o wadze cia\u0142a 102Kg lub mniej.<\/strong><\/em><\/p>\n<p><b>\u2611\ufe0f <em style=\"color: red;\">Jeste\u015bmy \u015bwiadomi kr\u00f3tkiego czasu na dostarczenie urny. Urn\u0119 zam\u00f3wion\u0105 do godz. 12.00 w dzie\u0144 roboczy wysy\u0142amy natychmiast.\u00a0<\/em><\/b><\/p>\n","protected":false},"featured_media":13447,"template":"","meta":{"_acf_changed":false},"product_brand":[],"product_cat":[3408,136],"product_tag":[3344],"class_list":{"0":"post-12429","1":"product","2":"type-product","3":"status-publish","4":"has-post-thumbnail","6":"product_cat-sport","7":"product_cat-urny-tematyczne","8":"product_tag-gpsr-metal_ss_abs_base","9":"product_shipping_class-wood-urns-pl","11":"first","12":"instock","13":"taxable","14":"shipping-taxable","15":"purchasable","16":"product-type-simple"},"yoast_head":"<!-- This site is optimized with the Yoast SEO plugin v27.4 - https:\/\/yoast.com\/product\/yoast-seo-wordpress\/ -->\n<title>Urna w kszta\u0142cie pi\u0142ki tenisowej dla doros\u0142ej osoby<\/title>\n<meta name=\"description\" content=\"Ta urna w kszta\u0142cie pi\u0142ki tenisowej stanowi odpowiedni\u0105 pami\u0105tk\u0119, honoruj\u0105c\u0105 mi\u0142o\u015b\u0107 i zaanga\u017cowanie zmar\u0142ej osoby w t\u0119 dyscyplin\u0119 sportu.\" \/>\n<meta name=\"robots\" content=\"index, follow, max-snippet:-1, max-image-preview:large, max-video-preview:-1\" \/>\n<link rel=\"canonical\" href=\"https:\/\/www.rememberme-forever.com\/pl\/produkt\/urna-w-ksztalcie-pilki-tenisowej-dla-doroslej-osoby\/\" \/>\n<meta property=\"og:locale\" content=\"pl_PL\" \/>\n<meta property=\"og:type\" content=\"article\" \/>\n<meta property=\"og:title\" content=\"Urna w kszta\u0142cie pi\u0142ki tenisowej dla doros\u0142ej osoby\" \/>\n<meta property=\"og:description\" content=\"Ta urna w kszta\u0142cie pi\u0142ki tenisowej stanowi odpowiedni\u0105 pami\u0105tk\u0119, honoruj\u0105c\u0105 mi\u0142o\u015b\u0107 i zaanga\u017cowanie zmar\u0142ej osoby w t\u0119 dyscyplin\u0119 sportu.\" \/>\n<meta property=\"og:url\" content=\"https:\/\/www.rememberme-forever.com\/pl\/produkt\/urna-w-ksztalcie-pilki-tenisowej-dla-doroslej-osoby\/\" \/>\n<meta property=\"og:site_name\" content=\"Remember Forever\" \/>\n<meta property=\"article:modified_time\" content=\"2026-02-18T14:06:57+00:00\" \/>\n<meta property=\"og:image\" content=\"http:\/\/www.rememberme-forever.com\/wp-content\/uploads\/2024\/05\/tennis-ball-urn-001.jpg\" \/>\n\t<meta property=\"og:image:width\" content=\"1007\" \/>\n\t<meta property=\"og:image:height\" content=\"1024\" \/>\n\t<meta property=\"og:image:type\" content=\"image\/jpeg\" \/>\n<meta name=\"twitter:card\" content=\"summary_large_image\" \/>\n<meta name=\"twitter:label1\" content=\"Szacowany czas czytania\" \/>\n\t<meta name=\"twitter:data1\" content=\"2 minuta\" \/>\n<script type=\"application\/ld+json\" class=\"yoast-schema-graph\">{\"@context\":\"https:\\\/\\\/schema.org\",\"@graph\":[{\"@type\":\"WebPage\",\"@id\":\"https:\\\/\\\/www.rememberme-forever.com\\\/pl\\\/produkt\\\/urna-w-ksztalcie-pilki-tenisowej-dla-doroslej-osoby\\\/\",\"url\":\"https:\\\/\\\/www.rememberme-forever.com\\\/pl\\\/produkt\\\/urna-w-ksztalcie-pilki-tenisowej-dla-doroslej-osoby\\\/\",\"name\":\"Urna w kszta\u0142cie pi\u0142ki tenisowej dla doros\u0142ej osoby\",\"isPartOf\":{\"@id\":\"https:\\\/\\\/www.rememberme-forever.com\\\/pl\\\/#website\"},\"primaryImageOfPage\":{\"@id\":\"https:\\\/\\\/www.rememberme-forever.com\\\/pl\\\/produkt\\\/urna-w-ksztalcie-pilki-tenisowej-dla-doroslej-osoby\\\/#primaryimage\"},\"image\":{\"@id\":\"https:\\\/\\\/www.rememberme-forever.com\\\/pl\\\/produkt\\\/urna-w-ksztalcie-pilki-tenisowej-dla-doroslej-osoby\\\/#primaryimage\"},\"thumbnailUrl\":\"https:\\\/\\\/www.rememberme-forever.com\\\/wp-content\\\/uploads\\\/2024\\\/05\\\/tennis-ball-urn-001.jpg\",\"datePublished\":\"2024-05-08T10:26:26+00:00\",\"dateModified\":\"2026-02-18T14:06:57+00:00\",\"description\":\"Ta urna w kszta\u0142cie pi\u0142ki tenisowej stanowi odpowiedni\u0105 pami\u0105tk\u0119, honoruj\u0105c\u0105 mi\u0142o\u015b\u0107 i zaanga\u017cowanie zmar\u0142ej osoby w t\u0119 dyscyplin\u0119 sportu.\",\"breadcrumb\":{\"@id\":\"https:\\\/\\\/www.rememberme-forever.com\\\/pl\\\/produkt\\\/urna-w-ksztalcie-pilki-tenisowej-dla-doroslej-osoby\\\/#breadcrumb\"},\"inLanguage\":\"pl-PL\",\"potentialAction\":[{\"@type\":\"ReadAction\",\"target\":[\"https:\\\/\\\/www.rememberme-forever.com\\\/pl\\\/produkt\\\/urna-w-ksztalcie-pilki-tenisowej-dla-doroslej-osoby\\\/\"]}]},{\"@type\":\"ImageObject\",\"inLanguage\":\"pl-PL\",\"@id\":\"https:\\\/\\\/www.rememberme-forever.com\\\/pl\\\/produkt\\\/urna-w-ksztalcie-pilki-tenisowej-dla-doroslej-osoby\\\/#primaryimage\",\"url\":\"https:\\\/\\\/www.rememberme-forever.com\\\/wp-content\\\/uploads\\\/2024\\\/05\\\/tennis-ball-urn-001.jpg\",\"contentUrl\":\"https:\\\/\\\/www.rememberme-forever.com\\\/wp-content\\\/uploads\\\/2024\\\/05\\\/tennis-ball-urn-001.jpg\",\"width\":1007,\"height\":1024,\"caption\":\"tennis ball urn\"},{\"@type\":\"BreadcrumbList\",\"@id\":\"https:\\\/\\\/www.rememberme-forever.com\\\/pl\\\/produkt\\\/urna-w-ksztalcie-pilki-tenisowej-dla-doroslej-osoby\\\/#breadcrumb\",\"itemListElement\":[{\"@type\":\"ListItem\",\"position\":1,\"name\":\"Home\",\"item\":\"https:\\\/\\\/www.rememberme-forever.com\\\/pl\\\/strona-glowna\\\/\"},{\"@type\":\"ListItem\",\"position\":2,\"name\":\"Sklep\",\"item\":\"https:\\\/\\\/www.rememberme-forever.com\\\/pl\\\/sklep-2\\\/\"},{\"@type\":\"ListItem\",\"position\":3,\"name\":\"Urna w kszta\u0142cie pi\u0142ki tenisowej dla doros\u0142ej osoby\"}]},{\"@type\":\"WebSite\",\"@id\":\"https:\\\/\\\/www.rememberme-forever.com\\\/pl\\\/#website\",\"url\":\"https:\\\/\\\/www.rememberme-forever.com\\\/pl\\\/\",\"name\":\"Remember Forever\",\"description\":\"Cremation urns, funeral urns, urns for ashes\",\"publisher\":{\"@id\":\"https:\\\/\\\/www.rememberme-forever.com\\\/pl\\\/#organization\"},\"potentialAction\":[{\"@type\":\"SearchAction\",\"target\":{\"@type\":\"EntryPoint\",\"urlTemplate\":\"https:\\\/\\\/www.rememberme-forever.com\\\/pl\\\/?s={search_term_string}\"},\"query-input\":{\"@type\":\"PropertyValueSpecification\",\"valueRequired\":true,\"valueName\":\"search_term_string\"}}],\"inLanguage\":\"pl-PL\"},{\"@type\":\"Organization\",\"@id\":\"https:\\\/\\\/www.rememberme-forever.com\\\/pl\\\/#organization\",\"name\":\"Remember Forever\",\"url\":\"https:\\\/\\\/www.rememberme-forever.com\\\/pl\\\/\",\"logo\":{\"@type\":\"ImageObject\",\"inLanguage\":\"pl-PL\",\"@id\":\"https:\\\/\\\/www.rememberme-forever.com\\\/pl\\\/#\\\/schema\\\/logo\\\/image\\\/\",\"url\":\"https:\\\/\\\/www.rememberme-forever.com\\\/wp-content\\\/uploads\\\/2023\\\/02\\\/logo.png\",\"contentUrl\":\"https:\\\/\\\/www.rememberme-forever.com\\\/wp-content\\\/uploads\\\/2023\\\/02\\\/logo.png\",\"width\":300,\"height\":56,\"caption\":\"Remember Forever\"},\"image\":{\"@id\":\"https:\\\/\\\/www.rememberme-forever.com\\\/pl\\\/#\\\/schema\\\/logo\\\/image\\\/\"}}]}<\/script>\n<!-- \/ Yoast SEO plugin. -->","yoast_head_json":{"title":"Urna w kszta\u0142cie pi\u0142ki tenisowej dla doros\u0142ej osoby","description":"Ta urna w kszta\u0142cie pi\u0142ki tenisowej stanowi odpowiedni\u0105 pami\u0105tk\u0119, honoruj\u0105c\u0105 mi\u0142o\u015b\u0107 i zaanga\u017cowanie zmar\u0142ej osoby w t\u0119 dyscyplin\u0119 sportu.","robots":{"index":"index","follow":"follow","max-snippet":"max-snippet:-1","max-image-preview":"max-image-preview:large","max-video-preview":"max-video-preview:-1"},"canonical":"https:\/\/www.rememberme-forever.com\/pl\/produkt\/urna-w-ksztalcie-pilki-tenisowej-dla-doroslej-osoby\/","og_locale":"pl_PL","og_type":"article","og_title":"Urna w kszta\u0142cie pi\u0142ki tenisowej dla doros\u0142ej osoby","og_description":"Ta urna w kszta\u0142cie pi\u0142ki tenisowej stanowi odpowiedni\u0105 pami\u0105tk\u0119, honoruj\u0105c\u0105 mi\u0142o\u015b\u0107 i zaanga\u017cowanie zmar\u0142ej osoby w t\u0119 dyscyplin\u0119 sportu.","og_url":"https:\/\/www.rememberme-forever.com\/pl\/produkt\/urna-w-ksztalcie-pilki-tenisowej-dla-doroslej-osoby\/","og_site_name":"Remember Forever","article_modified_time":"2026-02-18T14:06:57+00:00","og_image":[{"width":1007,"height":1024,"url":"http:\/\/www.rememberme-forever.com\/wp-content\/uploads\/2024\/05\/tennis-ball-urn-001.jpg","type":"image\/jpeg"}],"twitter_card":"summary_large_image","twitter_misc":{"Szacowany czas czytania":"2 minuta"},"schema":{"@context":"https:\/\/schema.org","@graph":[{"@type":"WebPage","@id":"https:\/\/www.rememberme-forever.com\/pl\/produkt\/urna-w-ksztalcie-pilki-tenisowej-dla-doroslej-osoby\/","url":"https:\/\/www.rememberme-forever.com\/pl\/produkt\/urna-w-ksztalcie-pilki-tenisowej-dla-doroslej-osoby\/","name":"Urna w kszta\u0142cie pi\u0142ki tenisowej dla doros\u0142ej osoby","isPartOf":{"@id":"https:\/\/www.rememberme-forever.com\/pl\/#website"},"primaryImageOfPage":{"@id":"https:\/\/www.rememberme-forever.com\/pl\/produkt\/urna-w-ksztalcie-pilki-tenisowej-dla-doroslej-osoby\/#primaryimage"},"image":{"@id":"https:\/\/www.rememberme-forever.com\/pl\/produkt\/urna-w-ksztalcie-pilki-tenisowej-dla-doroslej-osoby\/#primaryimage"},"thumbnailUrl":"https:\/\/www.rememberme-forever.com\/wp-content\/uploads\/2024\/05\/tennis-ball-urn-001.jpg","datePublished":"2024-05-08T10:26:26+00:00","dateModified":"2026-02-18T14:06:57+00:00","description":"Ta urna w kszta\u0142cie pi\u0142ki tenisowej stanowi odpowiedni\u0105 pami\u0105tk\u0119, honoruj\u0105c\u0105 mi\u0142o\u015b\u0107 i zaanga\u017cowanie zmar\u0142ej osoby w t\u0119 dyscyplin\u0119 sportu.","breadcrumb":{"@id":"https:\/\/www.rememberme-forever.com\/pl\/produkt\/urna-w-ksztalcie-pilki-tenisowej-dla-doroslej-osoby\/#breadcrumb"},"inLanguage":"pl-PL","potentialAction":[{"@type":"ReadAction","target":["https:\/\/www.rememberme-forever.com\/pl\/produkt\/urna-w-ksztalcie-pilki-tenisowej-dla-doroslej-osoby\/"]}]},{"@type":"ImageObject","inLanguage":"pl-PL","@id":"https:\/\/www.rememberme-forever.com\/pl\/produkt\/urna-w-ksztalcie-pilki-tenisowej-dla-doroslej-osoby\/#primaryimage","url":"https:\/\/www.rememberme-forever.com\/wp-content\/uploads\/2024\/05\/tennis-ball-urn-001.jpg","contentUrl":"https:\/\/www.rememberme-forever.com\/wp-content\/uploads\/2024\/05\/tennis-ball-urn-001.jpg","width":1007,"height":1024,"caption":"tennis ball urn"},{"@type":"BreadcrumbList","@id":"https:\/\/www.rememberme-forever.com\/pl\/produkt\/urna-w-ksztalcie-pilki-tenisowej-dla-doroslej-osoby\/#breadcrumb","itemListElement":[{"@type":"ListItem","position":1,"name":"Home","item":"https:\/\/www.rememberme-forever.com\/pl\/strona-glowna\/"},{"@type":"ListItem","position":2,"name":"Sklep","item":"https:\/\/www.rememberme-forever.com\/pl\/sklep-2\/"},{"@type":"ListItem","position":3,"name":"Urna w kszta\u0142cie pi\u0142ki tenisowej dla doros\u0142ej osoby"}]},{"@type":"WebSite","@id":"https:\/\/www.rememberme-forever.com\/pl\/#website","url":"https:\/\/www.rememberme-forever.com\/pl\/","name":"Remember Forever","description":"Cremation urns, funeral urns, urns for ashes","publisher":{"@id":"https:\/\/www.rememberme-forever.com\/pl\/#organization"},"potentialAction":[{"@type":"SearchAction","target":{"@type":"EntryPoint","urlTemplate":"https:\/\/www.rememberme-forever.com\/pl\/?s={search_term_string}"},"query-input":{"@type":"PropertyValueSpecification","valueRequired":true,"valueName":"search_term_string"}}],"inLanguage":"pl-PL"},{"@type":"Organization","@id":"https:\/\/www.rememberme-forever.com\/pl\/#organization","name":"Remember Forever","url":"https:\/\/www.rememberme-forever.com\/pl\/","logo":{"@type":"ImageObject","inLanguage":"pl-PL","@id":"https:\/\/www.rememberme-forever.com\/pl\/#\/schema\/logo\/image\/","url":"https:\/\/www.rememberme-forever.com\/wp-content\/uploads\/2023\/02\/logo.png","contentUrl":"https:\/\/www.rememberme-forever.com\/wp-content\/uploads\/2023\/02\/logo.png","width":300,"height":56,"caption":"Remember Forever"},"image":{"@id":"https:\/\/www.rememberme-forever.com\/pl\/#\/schema\/logo\/image\/"}}]}},"acf":[],"_links":{"self":[{"href":"https:\/\/www.rememberme-forever.com\/pl\/wp-json\/wp\/v2\/product\/12429","targetHints":{"allow":["GET"]}}],"collection":[{"href":"https:\/\/www.rememberme-forever.com\/pl\/wp-json\/wp\/v2\/product"}],"about":[{"href":"https:\/\/www.rememberme-forever.com\/pl\/wp-json\/wp\/v2\/types\/product"}],"wp:featuredmedia":[{"embeddable":true,"href":"https:\/\/www.rememberme-forever.com\/pl\/wp-json\/wp\/v2\/media\/13447"}],"wp:attachment":[{"href":"https:\/\/www.rememberme-forever.com\/pl\/wp-json\/wp\/v2\/media?parent=12429"}],"wp:term":[{"taxonomy":"product_brand","embeddable":true,"href":"https:\/\/www.rememberme-forever.com\/pl\/wp-json\/wp\/v2\/product_brand?post=12429"},{"taxonomy":"product_cat","embeddable":true,"href":"https:\/\/www.rememberme-forever.com\/pl\/wp-json\/wp\/v2\/product_cat?post=12429"},{"taxonomy":"product_tag","embeddable":true,"href":"https:\/\/www.rememberme-forever.com\/pl\/wp-json\/wp\/v2\/product_tag?post=12429"}],"curies":[{"name":"wp","href":"https:\/\/api.w.org\/{rel}","templated":true}]}}