{"id":12465,"date":"2024-05-21T14:12:26","date_gmt":"2024-05-21T12:12:26","guid":{"rendered":"https:\/\/www.rememberme-forever.com\/?post_type=product&#038;p=12465"},"modified":"2026-02-02T13:50:58","modified_gmt":"2026-02-02T12:50:58","slug":"drewniana-urna-z-grawerowanymi-kwiatami","status":"publish","type":"product","link":"https:\/\/www.rememberme-forever.com\/pl\/produkt\/drewniana-urna-z-grawerowanymi-kwiatami\/","title":{"rendered":"Drewniana urna z grawerowanymi kwiatami"},"content":{"rendered":"<div style=\"width: 100%; margin-bottom: 30px; height: max-content; padding-bottom: 60%; position: relative;\"><iframe style=\"position: absolute; top: 0; left: 0; width: 100%; height: 100%;\" src=\"https:\/\/rememberme-urns.com\/wooden-urn-with-engraved-flowers\/\" frameborder=\"0\"><\/iframe><\/div>\n<div style=\"color: red; text-align: center; margin-bottom: 25px;\">\n<p>&gt;&gt; Obrotowe zdj\u0119cie &#8211; dotknij\/zbli\u017c &lt;&lt;<\/p>\n<\/div>\n<h2 style=\"text-align: center;\">Drewniana urna z grawerowanymi kwiatami<\/h2>\n<p>&nbsp;<\/p>\n<p style=\"text-align: center;\" data-sourcepos=\"3:1-3:29\">Przepi\u0119kna urna wykonana z wysokiej jako\u015bci drewna. Oferuje ciep\u0142\u0105 i naturaln\u0105 estetyk\u0119, aby uczci\u0107 pami\u0119\u0107 Twojej bliskiej osoby. Design zdobi delikatny grawer przedstawiaj\u0105cy kwiaty.<\/p>\n<p style=\"text-align: center;\" data-sourcepos=\"5:1-5:20\"><strong>Wi\u0119cej ni\u017c Urna:<\/strong><\/p>\n<p style=\"text-align: center;\" data-sourcepos=\"7:1-7:71\">Ta urna wykracza poza standardowy pojemnik na prochy kremacyjne. Umo\u017cliwia personalizacj\u0119 za pomoc\u0105 grawerowanej tabliczki, na kt\u00f3rej mo\u017cesz umie\u015bci\u0107 w\u0142asn\u0105 serdeczn\u0105 wiadomo\u015b\u0107. Dobierz wyj\u0105tkowe s\u0142owa, aby stworzy\u0107 trwa\u0142y ho\u0142d, kt\u00f3ry odzwierciedla wyj\u0105tkowe \u017cycie Twojej bliskiej osoby.<\/p>\n<p>&nbsp;<\/p>\n<h3 style=\"text-align: center;\"><strong>PERSONALIZACJA<\/strong><\/h3>\n<p style=\"text-align: center;\">Je\u015bli wybierzesz grawerowan\u0105 plakietk\u0119 w zestawie z urn\u0105, prze\u015blij tekst w ramce \u201cGrawerowana plakietka\u201d.<\/p>\n<p style=\"text-align: center;\">Tekst do grawerowanej plakietki powinien by\u0107 dostarczony podczas sk\u0142adania zam\u00f3wienia. (Prosz\u0119 nie panikowa\u0107, je\u015bli to przegapisz, poniewa\u017c zawsze mo\u017cesz wys\u0142a\u0107 nam wiadomo\u015b\u0107 p\u00f3\u017aniej.)<\/p>\n<p><img loading=\"lazy\" decoding=\"async\" class=\" wp-image-12165 aligncenter\" src=\"http:\/\/www.rememberme-forever.com\/wp-content\/uploads\/2024\/03\/gold-1-300x150.jpg\" alt=\"plaque\" width=\"234\" height=\"117\" srcset=\"https:\/\/www.rememberme-forever.com\/wp-content\/uploads\/2024\/03\/gold-1-300x150.jpg 300w, https:\/\/www.rememberme-forever.com\/wp-content\/uploads\/2024\/03\/gold-1-768x384.jpg 768w, https:\/\/www.rememberme-forever.com\/wp-content\/uploads\/2024\/03\/gold-1-600x300.jpg 600w, https:\/\/www.rememberme-forever.com\/wp-content\/uploads\/2024\/03\/gold-1-64x32.jpg 64w, https:\/\/www.rememberme-forever.com\/wp-content\/uploads\/2024\/03\/gold-1.jpg 945w\" sizes=\"auto, (max-width: 234px) 100vw, 234px\" \/><\/p>\n<p>&nbsp;<\/p>\n<p style=\"text-align: center;\"><em><strong>Przed dodaniem produktu do koszyka dok\u0142adnie SPRAWD\u0179 tekst przes\u0142any do grawerowania. Do\u00a0 tekstu kt\u00f3ry otrzymujemy wraz z zam\u00f3wieniem\u00a0 nie wprowadzamy \u017cadnych zmian z naszej strony. Tekst jest grawerowany dok\u0142adnie taki, jaki otrzymujemy od pa\u0144stwa. <\/strong><\/em><\/p>\n<p style=\"text-align: center;\"><em><strong>Sprawd\u017a tekst, aby upewni\u0107 si\u0119, \u017ce pisownia jest poprawna.<\/strong><\/em><\/p>\n","protected":false},"excerpt":{"rendered":"<p><em><strong>wUrna pomie\u015bci prochy zmar\u0142ej osoby o wadze cia\u0142a 107kg lub mniej.<\/strong><\/em><\/p>\n<p><b>\u2611\ufe0f <em style=\"color: red;\">Jeste\u015bmy \u015bwiadomi kr\u00f3tkiego czasu na dostarczenie urny. Urn\u0119 zam\u00f3wion\u0105 do godz. 12.00 w dzie\u0144 roboczy wysy\u0142amy natychmiast.\u00a0<\/em><\/b><\/p>\n","protected":false},"featured_media":12462,"template":"","meta":{"_acf_changed":false},"product_brand":[],"product_cat":[93],"product_tag":[3308],"class_list":{"0":"post-12465","1":"product","2":"type-product","3":"status-publish","4":"has-post-thumbnail","6":"product_cat-urny-drewniane","7":"product_tag-gpsr-all-wood-urns","8":"product_shipping_class-wood-urns-pl","10":"first","11":"instock","12":"taxable","13":"shipping-taxable","14":"purchasable","15":"product-type-simple"},"yoast_head":"<!-- This site is optimized with the Yoast SEO plugin v27.4 - https:\/\/yoast.com\/product\/yoast-seo-wordpress\/ -->\n<title>Drewniana urna z grawerowanymi kwiatami<\/title>\n<meta name=\"robots\" content=\"index, follow, max-snippet:-1, max-image-preview:large, max-video-preview:-1\" \/>\n<link rel=\"canonical\" href=\"https:\/\/www.rememberme-forever.com\/pl\/produkt\/drewniana-urna-z-grawerowanymi-kwiatami\/\" \/>\n<meta property=\"og:locale\" content=\"pl_PL\" \/>\n<meta property=\"og:type\" content=\"article\" \/>\n<meta property=\"og:title\" content=\"Drewniana urna z grawerowanymi kwiatami\" \/>\n<meta property=\"og:description\" content=\"wUrna pomie\u015bci prochy zmar\u0142ej osoby o wadze cia\u0142a 107kg lub mniej.  \u2611\ufe0f Jeste\u015bmy \u015bwiadomi kr\u00f3tkiego czasu na dostarczenie urny. Urn\u0119 zam\u00f3wion\u0105 do godz. 12.00 w dzie\u0144 roboczy wysy\u0142amy natychmiast.\u00a0\" \/>\n<meta property=\"og:url\" content=\"https:\/\/www.rememberme-forever.com\/pl\/produkt\/drewniana-urna-z-grawerowanymi-kwiatami\/\" \/>\n<meta property=\"og:site_name\" content=\"Remember Forever\" \/>\n<meta property=\"article:modified_time\" content=\"2026-02-02T12:50:58+00:00\" \/>\n<meta property=\"og:image\" content=\"http:\/\/www.rememberme-forever.com\/wp-content\/uploads\/2024\/05\/img_2D_0002.jpg\" \/>\n\t<meta property=\"og:image:width\" content=\"1007\" \/>\n\t<meta property=\"og:image:height\" content=\"1024\" \/>\n\t<meta property=\"og:image:type\" content=\"image\/jpeg\" \/>\n<meta name=\"twitter:card\" content=\"summary_large_image\" \/>\n<meta name=\"twitter:label1\" content=\"Szacowany czas czytania\" \/>\n\t<meta name=\"twitter:data1\" content=\"2 minuta\" \/>\n<script type=\"application\/ld+json\" class=\"yoast-schema-graph\">{\"@context\":\"https:\\\/\\\/schema.org\",\"@graph\":[{\"@type\":\"WebPage\",\"@id\":\"https:\\\/\\\/www.rememberme-forever.com\\\/pl\\\/produkt\\\/drewniana-urna-z-grawerowanymi-kwiatami\\\/\",\"url\":\"https:\\\/\\\/www.rememberme-forever.com\\\/pl\\\/produkt\\\/drewniana-urna-z-grawerowanymi-kwiatami\\\/\",\"name\":\"Drewniana urna z grawerowanymi kwiatami\",\"isPartOf\":{\"@id\":\"https:\\\/\\\/www.rememberme-forever.com\\\/pl\\\/#website\"},\"primaryImageOfPage\":{\"@id\":\"https:\\\/\\\/www.rememberme-forever.com\\\/pl\\\/produkt\\\/drewniana-urna-z-grawerowanymi-kwiatami\\\/#primaryimage\"},\"image\":{\"@id\":\"https:\\\/\\\/www.rememberme-forever.com\\\/pl\\\/produkt\\\/drewniana-urna-z-grawerowanymi-kwiatami\\\/#primaryimage\"},\"thumbnailUrl\":\"https:\\\/\\\/www.rememberme-forever.com\\\/wp-content\\\/uploads\\\/2024\\\/05\\\/img_2D_0002.jpg\",\"datePublished\":\"2024-05-21T12:12:26+00:00\",\"dateModified\":\"2026-02-02T12:50:58+00:00\",\"breadcrumb\":{\"@id\":\"https:\\\/\\\/www.rememberme-forever.com\\\/pl\\\/produkt\\\/drewniana-urna-z-grawerowanymi-kwiatami\\\/#breadcrumb\"},\"inLanguage\":\"pl-PL\",\"potentialAction\":[{\"@type\":\"ReadAction\",\"target\":[\"https:\\\/\\\/www.rememberme-forever.com\\\/pl\\\/produkt\\\/drewniana-urna-z-grawerowanymi-kwiatami\\\/\"]}]},{\"@type\":\"ImageObject\",\"inLanguage\":\"pl-PL\",\"@id\":\"https:\\\/\\\/www.rememberme-forever.com\\\/pl\\\/produkt\\\/drewniana-urna-z-grawerowanymi-kwiatami\\\/#primaryimage\",\"url\":\"https:\\\/\\\/www.rememberme-forever.com\\\/wp-content\\\/uploads\\\/2024\\\/05\\\/img_2D_0002.jpg\",\"contentUrl\":\"https:\\\/\\\/www.rememberme-forever.com\\\/wp-content\\\/uploads\\\/2024\\\/05\\\/img_2D_0002.jpg\",\"width\":1007,\"height\":1024,\"caption\":\"Wood urn with flowers, Drewniana urna z grawerowanymi kwiatami\"},{\"@type\":\"BreadcrumbList\",\"@id\":\"https:\\\/\\\/www.rememberme-forever.com\\\/pl\\\/produkt\\\/drewniana-urna-z-grawerowanymi-kwiatami\\\/#breadcrumb\",\"itemListElement\":[{\"@type\":\"ListItem\",\"position\":1,\"name\":\"Home\",\"item\":\"https:\\\/\\\/www.rememberme-forever.com\\\/pl\\\/strona-glowna\\\/\"},{\"@type\":\"ListItem\",\"position\":2,\"name\":\"Sklep\",\"item\":\"https:\\\/\\\/www.rememberme-forever.com\\\/pl\\\/sklep-2\\\/\"},{\"@type\":\"ListItem\",\"position\":3,\"name\":\"Drewniana urna z grawerowanymi kwiatami\"}]},{\"@type\":\"WebSite\",\"@id\":\"https:\\\/\\\/www.rememberme-forever.com\\\/pl\\\/#website\",\"url\":\"https:\\\/\\\/www.rememberme-forever.com\\\/pl\\\/\",\"name\":\"Remember Forever\",\"description\":\"Cremation urns, funeral urns, urns for ashes\",\"publisher\":{\"@id\":\"https:\\\/\\\/www.rememberme-forever.com\\\/pl\\\/#organization\"},\"potentialAction\":[{\"@type\":\"SearchAction\",\"target\":{\"@type\":\"EntryPoint\",\"urlTemplate\":\"https:\\\/\\\/www.rememberme-forever.com\\\/pl\\\/?s={search_term_string}\"},\"query-input\":{\"@type\":\"PropertyValueSpecification\",\"valueRequired\":true,\"valueName\":\"search_term_string\"}}],\"inLanguage\":\"pl-PL\"},{\"@type\":\"Organization\",\"@id\":\"https:\\\/\\\/www.rememberme-forever.com\\\/pl\\\/#organization\",\"name\":\"Remember Forever\",\"url\":\"https:\\\/\\\/www.rememberme-forever.com\\\/pl\\\/\",\"logo\":{\"@type\":\"ImageObject\",\"inLanguage\":\"pl-PL\",\"@id\":\"https:\\\/\\\/www.rememberme-forever.com\\\/pl\\\/#\\\/schema\\\/logo\\\/image\\\/\",\"url\":\"https:\\\/\\\/www.rememberme-forever.com\\\/wp-content\\\/uploads\\\/2023\\\/02\\\/logo.png\",\"contentUrl\":\"https:\\\/\\\/www.rememberme-forever.com\\\/wp-content\\\/uploads\\\/2023\\\/02\\\/logo.png\",\"width\":300,\"height\":56,\"caption\":\"Remember Forever\"},\"image\":{\"@id\":\"https:\\\/\\\/www.rememberme-forever.com\\\/pl\\\/#\\\/schema\\\/logo\\\/image\\\/\"}}]}<\/script>\n<!-- \/ Yoast SEO plugin. -->","yoast_head_json":{"title":"Drewniana urna z grawerowanymi kwiatami","robots":{"index":"index","follow":"follow","max-snippet":"max-snippet:-1","max-image-preview":"max-image-preview:large","max-video-preview":"max-video-preview:-1"},"canonical":"https:\/\/www.rememberme-forever.com\/pl\/produkt\/drewniana-urna-z-grawerowanymi-kwiatami\/","og_locale":"pl_PL","og_type":"article","og_title":"Drewniana urna z grawerowanymi kwiatami","og_description":"wUrna pomie\u015bci prochy zmar\u0142ej osoby o wadze cia\u0142a 107kg lub mniej.  \u2611\ufe0f Jeste\u015bmy \u015bwiadomi kr\u00f3tkiego czasu na dostarczenie urny. Urn\u0119 zam\u00f3wion\u0105 do godz. 12.00 w dzie\u0144 roboczy wysy\u0142amy natychmiast.\u00a0","og_url":"https:\/\/www.rememberme-forever.com\/pl\/produkt\/drewniana-urna-z-grawerowanymi-kwiatami\/","og_site_name":"Remember Forever","article_modified_time":"2026-02-02T12:50:58+00:00","og_image":[{"width":1007,"height":1024,"url":"http:\/\/www.rememberme-forever.com\/wp-content\/uploads\/2024\/05\/img_2D_0002.jpg","type":"image\/jpeg"}],"twitter_card":"summary_large_image","twitter_misc":{"Szacowany czas czytania":"2 minuta"},"schema":{"@context":"https:\/\/schema.org","@graph":[{"@type":"WebPage","@id":"https:\/\/www.rememberme-forever.com\/pl\/produkt\/drewniana-urna-z-grawerowanymi-kwiatami\/","url":"https:\/\/www.rememberme-forever.com\/pl\/produkt\/drewniana-urna-z-grawerowanymi-kwiatami\/","name":"Drewniana urna z grawerowanymi kwiatami","isPartOf":{"@id":"https:\/\/www.rememberme-forever.com\/pl\/#website"},"primaryImageOfPage":{"@id":"https:\/\/www.rememberme-forever.com\/pl\/produkt\/drewniana-urna-z-grawerowanymi-kwiatami\/#primaryimage"},"image":{"@id":"https:\/\/www.rememberme-forever.com\/pl\/produkt\/drewniana-urna-z-grawerowanymi-kwiatami\/#primaryimage"},"thumbnailUrl":"https:\/\/www.rememberme-forever.com\/wp-content\/uploads\/2024\/05\/img_2D_0002.jpg","datePublished":"2024-05-21T12:12:26+00:00","dateModified":"2026-02-02T12:50:58+00:00","breadcrumb":{"@id":"https:\/\/www.rememberme-forever.com\/pl\/produkt\/drewniana-urna-z-grawerowanymi-kwiatami\/#breadcrumb"},"inLanguage":"pl-PL","potentialAction":[{"@type":"ReadAction","target":["https:\/\/www.rememberme-forever.com\/pl\/produkt\/drewniana-urna-z-grawerowanymi-kwiatami\/"]}]},{"@type":"ImageObject","inLanguage":"pl-PL","@id":"https:\/\/www.rememberme-forever.com\/pl\/produkt\/drewniana-urna-z-grawerowanymi-kwiatami\/#primaryimage","url":"https:\/\/www.rememberme-forever.com\/wp-content\/uploads\/2024\/05\/img_2D_0002.jpg","contentUrl":"https:\/\/www.rememberme-forever.com\/wp-content\/uploads\/2024\/05\/img_2D_0002.jpg","width":1007,"height":1024,"caption":"Wood urn with flowers, Drewniana urna z grawerowanymi kwiatami"},{"@type":"BreadcrumbList","@id":"https:\/\/www.rememberme-forever.com\/pl\/produkt\/drewniana-urna-z-grawerowanymi-kwiatami\/#breadcrumb","itemListElement":[{"@type":"ListItem","position":1,"name":"Home","item":"https:\/\/www.rememberme-forever.com\/pl\/strona-glowna\/"},{"@type":"ListItem","position":2,"name":"Sklep","item":"https:\/\/www.rememberme-forever.com\/pl\/sklep-2\/"},{"@type":"ListItem","position":3,"name":"Drewniana urna z grawerowanymi kwiatami"}]},{"@type":"WebSite","@id":"https:\/\/www.rememberme-forever.com\/pl\/#website","url":"https:\/\/www.rememberme-forever.com\/pl\/","name":"Remember Forever","description":"Cremation urns, funeral urns, urns for ashes","publisher":{"@id":"https:\/\/www.rememberme-forever.com\/pl\/#organization"},"potentialAction":[{"@type":"SearchAction","target":{"@type":"EntryPoint","urlTemplate":"https:\/\/www.rememberme-forever.com\/pl\/?s={search_term_string}"},"query-input":{"@type":"PropertyValueSpecification","valueRequired":true,"valueName":"search_term_string"}}],"inLanguage":"pl-PL"},{"@type":"Organization","@id":"https:\/\/www.rememberme-forever.com\/pl\/#organization","name":"Remember Forever","url":"https:\/\/www.rememberme-forever.com\/pl\/","logo":{"@type":"ImageObject","inLanguage":"pl-PL","@id":"https:\/\/www.rememberme-forever.com\/pl\/#\/schema\/logo\/image\/","url":"https:\/\/www.rememberme-forever.com\/wp-content\/uploads\/2023\/02\/logo.png","contentUrl":"https:\/\/www.rememberme-forever.com\/wp-content\/uploads\/2023\/02\/logo.png","width":300,"height":56,"caption":"Remember Forever"},"image":{"@id":"https:\/\/www.rememberme-forever.com\/pl\/#\/schema\/logo\/image\/"}}]}},"acf":[],"_links":{"self":[{"href":"https:\/\/www.rememberme-forever.com\/pl\/wp-json\/wp\/v2\/product\/12465","targetHints":{"allow":["GET"]}}],"collection":[{"href":"https:\/\/www.rememberme-forever.com\/pl\/wp-json\/wp\/v2\/product"}],"about":[{"href":"https:\/\/www.rememberme-forever.com\/pl\/wp-json\/wp\/v2\/types\/product"}],"wp:featuredmedia":[{"embeddable":true,"href":"https:\/\/www.rememberme-forever.com\/pl\/wp-json\/wp\/v2\/media\/12462"}],"wp:attachment":[{"href":"https:\/\/www.rememberme-forever.com\/pl\/wp-json\/wp\/v2\/media?parent=12465"}],"wp:term":[{"taxonomy":"product_brand","embeddable":true,"href":"https:\/\/www.rememberme-forever.com\/pl\/wp-json\/wp\/v2\/product_brand?post=12465"},{"taxonomy":"product_cat","embeddable":true,"href":"https:\/\/www.rememberme-forever.com\/pl\/wp-json\/wp\/v2\/product_cat?post=12465"},{"taxonomy":"product_tag","embeddable":true,"href":"https:\/\/www.rememberme-forever.com\/pl\/wp-json\/wp\/v2\/product_tag?post=12465"}],"curies":[{"name":"wp","href":"https:\/\/api.w.org\/{rel}","templated":true}]}}