{"id":12497,"date":"2024-05-23T12:28:26","date_gmt":"2024-05-23T10:28:26","guid":{"rendered":"https:\/\/www.rememberme-forever.com\/?post_type=product&#038;p=12497"},"modified":"2026-02-02T13:50:58","modified_gmt":"2026-02-02T12:50:58","slug":"mahoniowa-urna-pogrzebowa-z-krzyzem","status":"publish","type":"product","link":"https:\/\/www.rememberme-forever.com\/pl\/produkt\/mahoniowa-urna-pogrzebowa-z-krzyzem\/","title":{"rendered":"Mahoniowa urna pogrzebowa z krzy\u017cem"},"content":{"rendered":"<div style=\"width: 100%; margin-bottom: 30px; height: max-content; padding-bottom: 60%; position: relative;\"><iframe style=\"position: absolute; top: 0; left: 0; width: 100%; height: 100%;\" src=\"https:\/\/rememberme-urns.com\/mahogany-wooden-urn-with-cross\/\" frameborder=\"0\"><\/iframe><\/div>\n<div style=\"color: red; text-align: center; margin-bottom: 25px;\">\n<p>&gt;&gt; Rotating photo &#8211; tap\/zoom &lt;&lt;<\/p>\n<\/div>\n<h2 style=\"text-align: center;\">Mahoniowa urna pogrzebowa z krzy\u017cem<\/h2>\n<div class=\"flex-1 overflow-hidden\">\n<div class=\"react-scroll-to-bottom--css-crleh-79elbk h-full\">\n<div class=\"react-scroll-to-bottom--css-crleh-1n7m0yu\">\n<div class=\"flex flex-col text-sm pb-9\">\n<div class=\"w-full text-token-text-primary\" dir=\"auto\" data-testid=\"conversation-turn-5\" data-scroll-anchor=\"true\">\n<div class=\"py-2 juice:py-[18px] px-3 text-base md:px-4 m-auto md:px-5 lg:px-1 xl:px-5\">\n<div class=\"mx-auto flex flex-1 gap-3 text-base juice:gap-4 juice:md:gap-6 md:max-w-3xl lg:max-w-[40rem] xl:max-w-[48rem]\">\n<div class=\"group\/conversation-turn relative flex w-full min-w-0 flex-col agent-turn\">\n<div class=\"flex-col gap-1 md:gap-3\">\n<div class=\"flex flex-grow flex-col max-w-full\">\n<div class=\"min-h-[20px] text-message flex flex-col items-start whitespace-pre-wrap break-words [.text-message+&amp;]:mt-5 juice:w-full juice:items-end overflow-x-auto gap-2\" dir=\"auto\" data-message-author-role=\"assistant\" data-message-id=\"f6a2a93a-5dda-46f6-b77f-cef82dc9d4ec\">\n<div class=\"flex w-full flex-col gap-1 juice:empty:hidden juice:first:pt-[3px]\">\n<div class=\"markdown prose w-full break-words dark:prose-invert dark\">\n<p style=\"text-align: center;\">Katolicka mahoniowa drewniana urna ze z\u0142otym krzy\u017cem to dostojne miejsce spoczynku proch\u00f3w zmar\u0142ej bliskiej osoby. Zaprojektowane, aby z najwy\u017cszym szacunkiem i wdzi\u0119kiem uczci\u0107 pami\u0119\u0107 ukochanej osoby. Wykonana z najwy\u017cszej jako\u015bci drewna mahoniowego. Urna ukazuje naturalne pi\u0119kno i si\u0142\u0119 tego materia\u0142u, symbolizuj\u0105c trwa\u0142e dziedzictwo tych, kt\u00f3rych cenimy.<\/p>\n<p style=\"text-align: center;\">Ka\u017cda urna jest starannie wykonana r\u0119cznie, co pozwala podkre\u015bli\u0107 bogate, g\u0142\u0119bokie odcienie oraz misterne wzory s\u0142oj\u00f3w charakterystyczne dla mahoniu. G\u0142adkie, polerowane wyko\u0144czenie uwydatnia naturaln\u0105 elegancj\u0119 drewna, czyni\u0105c urn\u0119 ponadczasowym elementem, kt\u00f3ry mo\u017cna z dum\u0105 prezentowa\u0107 w ka\u017cdym otoczeniu.<\/p>\n<p style=\"text-align: center;\"><strong>Sercem projektu tej urny jest pi\u0119knie wykonany z\u0142oty krzy\u017c, symbol wiary i \u017cycia wiecznego w tradycji katolickiej. Krzy\u017c jest\u00a0 umieszczony na przodzie urny w centralnym punkcie projektu.<\/strong><\/p>\n<p style=\"text-align: center;\">Katolicka mahoniowa drewniana urna ze z\u0142otym krzy\u017cem to wi\u0119cej ni\u017c tylko naczynie; jest to g\u0142\u0119boki ho\u0142d dla pami\u0119ci ukochanej osoby. Uosabia zasady wiary, mi\u0142o\u015bci i wiecznego wspomnienia, oferuj\u0105c pi\u0119kny i znacz\u0105cy spos\u00f3b na uczczenie tych, kt\u00f3rzy odeszli.<\/p>\n<\/div>\n<\/div>\n<\/div>\n<\/div>\n<\/div>\n<\/div>\n<\/div>\n<\/div>\n<\/div>\n<\/div>\n<\/div>\n<\/div>\n<\/div>\n<p>&nbsp;<\/p>\n<h3 style=\"text-align: center;\"><strong>PERSONALIZACJA<\/strong><\/h3>\n<p style=\"text-align: center;\">Je\u015bli wybierzesz grawerowan\u0105 plakietk\u0119 w zestawie z urn\u0105, prze\u015blij tekst w ramce \u201cGrawerowana plakietka\u201d.<\/p>\n<p style=\"text-align: center;\">Tekst do grawerowanej plakietki powinien by\u0107 dostarczony podczas sk\u0142adania zam\u00f3wienia. (Prosz\u0119 nie panikowa\u0107, je\u015bli to przegapisz, poniewa\u017c zawsze mo\u017cesz wys\u0142a\u0107 nam wiadomo\u015b\u0107 p\u00f3\u017aniej.)<\/p>\n<p><img loading=\"lazy\" decoding=\"async\" class=\" wp-image-12165 aligncenter\" src=\"http:\/\/www.rememberme-forever.com\/wp-content\/uploads\/2024\/03\/gold-1-300x150.jpg\" alt=\"plaque\" width=\"202\" height=\"101\" srcset=\"https:\/\/www.rememberme-forever.com\/wp-content\/uploads\/2024\/03\/gold-1-300x150.jpg 300w, https:\/\/www.rememberme-forever.com\/wp-content\/uploads\/2024\/03\/gold-1-768x384.jpg 768w, https:\/\/www.rememberme-forever.com\/wp-content\/uploads\/2024\/03\/gold-1-600x300.jpg 600w, https:\/\/www.rememberme-forever.com\/wp-content\/uploads\/2024\/03\/gold-1-64x32.jpg 64w, https:\/\/www.rememberme-forever.com\/wp-content\/uploads\/2024\/03\/gold-1.jpg 945w\" sizes=\"auto, (max-width: 202px) 100vw, 202px\" \/><\/p>\n<p style=\"text-align: center;\"><em><strong>Przed dodaniem produktu do koszyka dok\u0142adnie SPRAWD\u0179 tekst przes\u0142any do grawerowania. Do\u00a0 tekstu kt\u00f3ry otrzymujemy wraz z zam\u00f3wieniem\u00a0 nie wprowadzamy \u017cadnych zmian z naszej strony. Tekst jest grawerowany dok\u0142adnie taki, jaki otrzymujemy od pa\u0144stwa. <\/strong><\/em><\/p>\n<p style=\"text-align: center;\"><em><strong>Sprawd\u017a tekst, aby upewni\u0107 si\u0119, \u017ce pisownia jest poprawna.<\/strong><\/em><\/p>\n","protected":false},"excerpt":{"rendered":"<p><em><strong>Urna pomie\u015bci prochy zmar\u0142ej osoby o wadze cia\u0142a 138kg lub mniej.<\/strong><\/em><\/p>\n<p><b>\u2611\ufe0f <em style=\"color: red;\">Jeste\u015bmy \u015bwiadomi kr\u00f3tkiego czasu na dostarczenie urny. Urn\u0119 zam\u00f3wion\u0105 do godz. 12.00 w dzie\u0144 roboczy wysy\u0142amy natychmiast.\u00a0<\/em><\/b><\/p>\n","protected":false},"featured_media":12494,"template":"","meta":{"_acf_changed":false},"product_brand":[],"product_cat":[93],"product_tag":[3308],"class_list":{"0":"post-12497","1":"product","2":"type-product","3":"status-publish","4":"has-post-thumbnail","6":"product_cat-urny-drewniane","7":"product_tag-gpsr-all-wood-urns","8":"product_shipping_class-wood-urns-pl","10":"first","11":"instock","12":"taxable","13":"shipping-taxable","14":"purchasable","15":"product-type-simple"},"yoast_head":"<!-- This site is optimized with the Yoast SEO plugin v27.4 - https:\/\/yoast.com\/product\/yoast-seo-wordpress\/ -->\n<title>Mahoniowa urna pogrzebowa z krzy\u017cem<\/title>\n<meta name=\"description\" content=\"Katolicka mahoniowa drewniana urna ze z\u0142otym krzy\u017cem to dostojne miejsce spoczynku proch\u00f3w zmar\u0142ej bliskiej osoby.\" \/>\n<meta name=\"robots\" content=\"index, follow, max-snippet:-1, max-image-preview:large, max-video-preview:-1\" \/>\n<link rel=\"canonical\" href=\"https:\/\/www.rememberme-forever.com\/pl\/produkt\/mahoniowa-urna-pogrzebowa-z-krzyzem\/\" \/>\n<meta property=\"og:locale\" content=\"pl_PL\" \/>\n<meta property=\"og:type\" content=\"article\" \/>\n<meta property=\"og:title\" content=\"Mahoniowa urna pogrzebowa z krzy\u017cem\" \/>\n<meta property=\"og:description\" content=\"Katolicka mahoniowa drewniana urna ze z\u0142otym krzy\u017cem to dostojne miejsce spoczynku proch\u00f3w zmar\u0142ej bliskiej osoby.\" \/>\n<meta property=\"og:url\" content=\"https:\/\/www.rememberme-forever.com\/pl\/produkt\/mahoniowa-urna-pogrzebowa-z-krzyzem\/\" \/>\n<meta property=\"og:site_name\" content=\"Remember Forever\" \/>\n<meta property=\"article:modified_time\" content=\"2026-02-02T12:50:58+00:00\" \/>\n<meta property=\"og:image\" content=\"http:\/\/www.rememberme-forever.com\/wp-content\/uploads\/2024\/05\/img_2D_0001-2.jpg\" \/>\n\t<meta property=\"og:image:width\" content=\"1007\" \/>\n\t<meta property=\"og:image:height\" content=\"1024\" \/>\n\t<meta property=\"og:image:type\" content=\"image\/jpeg\" \/>\n<meta name=\"twitter:card\" content=\"summary_large_image\" \/>\n<meta name=\"twitter:label1\" content=\"Szacowany czas czytania\" \/>\n\t<meta name=\"twitter:data1\" content=\"2 minuta\" \/>\n<script type=\"application\/ld+json\" class=\"yoast-schema-graph\">{\"@context\":\"https:\\\/\\\/schema.org\",\"@graph\":[{\"@type\":\"WebPage\",\"@id\":\"https:\\\/\\\/www.rememberme-forever.com\\\/pl\\\/produkt\\\/mahoniowa-urna-pogrzebowa-z-krzyzem\\\/\",\"url\":\"https:\\\/\\\/www.rememberme-forever.com\\\/pl\\\/produkt\\\/mahoniowa-urna-pogrzebowa-z-krzyzem\\\/\",\"name\":\"Mahoniowa urna pogrzebowa z krzy\u017cem\",\"isPartOf\":{\"@id\":\"https:\\\/\\\/www.rememberme-forever.com\\\/pl\\\/#website\"},\"primaryImageOfPage\":{\"@id\":\"https:\\\/\\\/www.rememberme-forever.com\\\/pl\\\/produkt\\\/mahoniowa-urna-pogrzebowa-z-krzyzem\\\/#primaryimage\"},\"image\":{\"@id\":\"https:\\\/\\\/www.rememberme-forever.com\\\/pl\\\/produkt\\\/mahoniowa-urna-pogrzebowa-z-krzyzem\\\/#primaryimage\"},\"thumbnailUrl\":\"https:\\\/\\\/www.rememberme-forever.com\\\/wp-content\\\/uploads\\\/2024\\\/05\\\/img_2D_0001-2.jpg\",\"datePublished\":\"2024-05-23T10:28:26+00:00\",\"dateModified\":\"2026-02-02T12:50:58+00:00\",\"description\":\"Katolicka mahoniowa drewniana urna ze z\u0142otym krzy\u017cem to dostojne miejsce spoczynku proch\u00f3w zmar\u0142ej bliskiej osoby.\",\"breadcrumb\":{\"@id\":\"https:\\\/\\\/www.rememberme-forever.com\\\/pl\\\/produkt\\\/mahoniowa-urna-pogrzebowa-z-krzyzem\\\/#breadcrumb\"},\"inLanguage\":\"pl-PL\",\"potentialAction\":[{\"@type\":\"ReadAction\",\"target\":[\"https:\\\/\\\/www.rememberme-forever.com\\\/pl\\\/produkt\\\/mahoniowa-urna-pogrzebowa-z-krzyzem\\\/\"]}]},{\"@type\":\"ImageObject\",\"inLanguage\":\"pl-PL\",\"@id\":\"https:\\\/\\\/www.rememberme-forever.com\\\/pl\\\/produkt\\\/mahoniowa-urna-pogrzebowa-z-krzyzem\\\/#primaryimage\",\"url\":\"https:\\\/\\\/www.rememberme-forever.com\\\/wp-content\\\/uploads\\\/2024\\\/05\\\/img_2D_0001-2.jpg\",\"contentUrl\":\"https:\\\/\\\/www.rememberme-forever.com\\\/wp-content\\\/uploads\\\/2024\\\/05\\\/img_2D_0001-2.jpg\",\"width\":1007,\"height\":1024,\"caption\":\"Mahoniowa urna pogrzebowa z krzy\u017cem\"},{\"@type\":\"BreadcrumbList\",\"@id\":\"https:\\\/\\\/www.rememberme-forever.com\\\/pl\\\/produkt\\\/mahoniowa-urna-pogrzebowa-z-krzyzem\\\/#breadcrumb\",\"itemListElement\":[{\"@type\":\"ListItem\",\"position\":1,\"name\":\"Home\",\"item\":\"https:\\\/\\\/www.rememberme-forever.com\\\/pl\\\/strona-glowna\\\/\"},{\"@type\":\"ListItem\",\"position\":2,\"name\":\"Sklep\",\"item\":\"https:\\\/\\\/www.rememberme-forever.com\\\/pl\\\/sklep-2\\\/\"},{\"@type\":\"ListItem\",\"position\":3,\"name\":\"Mahoniowa urna pogrzebowa z krzy\u017cem\"}]},{\"@type\":\"WebSite\",\"@id\":\"https:\\\/\\\/www.rememberme-forever.com\\\/pl\\\/#website\",\"url\":\"https:\\\/\\\/www.rememberme-forever.com\\\/pl\\\/\",\"name\":\"Remember Forever\",\"description\":\"Cremation urns, funeral urns, urns for ashes\",\"publisher\":{\"@id\":\"https:\\\/\\\/www.rememberme-forever.com\\\/pl\\\/#organization\"},\"potentialAction\":[{\"@type\":\"SearchAction\",\"target\":{\"@type\":\"EntryPoint\",\"urlTemplate\":\"https:\\\/\\\/www.rememberme-forever.com\\\/pl\\\/?s={search_term_string}\"},\"query-input\":{\"@type\":\"PropertyValueSpecification\",\"valueRequired\":true,\"valueName\":\"search_term_string\"}}],\"inLanguage\":\"pl-PL\"},{\"@type\":\"Organization\",\"@id\":\"https:\\\/\\\/www.rememberme-forever.com\\\/pl\\\/#organization\",\"name\":\"Remember Forever\",\"url\":\"https:\\\/\\\/www.rememberme-forever.com\\\/pl\\\/\",\"logo\":{\"@type\":\"ImageObject\",\"inLanguage\":\"pl-PL\",\"@id\":\"https:\\\/\\\/www.rememberme-forever.com\\\/pl\\\/#\\\/schema\\\/logo\\\/image\\\/\",\"url\":\"https:\\\/\\\/www.rememberme-forever.com\\\/wp-content\\\/uploads\\\/2023\\\/02\\\/logo.png\",\"contentUrl\":\"https:\\\/\\\/www.rememberme-forever.com\\\/wp-content\\\/uploads\\\/2023\\\/02\\\/logo.png\",\"width\":300,\"height\":56,\"caption\":\"Remember Forever\"},\"image\":{\"@id\":\"https:\\\/\\\/www.rememberme-forever.com\\\/pl\\\/#\\\/schema\\\/logo\\\/image\\\/\"}}]}<\/script>\n<!-- \/ Yoast SEO plugin. -->","yoast_head_json":{"title":"Mahoniowa urna pogrzebowa z krzy\u017cem","description":"Katolicka mahoniowa drewniana urna ze z\u0142otym krzy\u017cem to dostojne miejsce spoczynku proch\u00f3w zmar\u0142ej bliskiej osoby.","robots":{"index":"index","follow":"follow","max-snippet":"max-snippet:-1","max-image-preview":"max-image-preview:large","max-video-preview":"max-video-preview:-1"},"canonical":"https:\/\/www.rememberme-forever.com\/pl\/produkt\/mahoniowa-urna-pogrzebowa-z-krzyzem\/","og_locale":"pl_PL","og_type":"article","og_title":"Mahoniowa urna pogrzebowa z krzy\u017cem","og_description":"Katolicka mahoniowa drewniana urna ze z\u0142otym krzy\u017cem to dostojne miejsce spoczynku proch\u00f3w zmar\u0142ej bliskiej osoby.","og_url":"https:\/\/www.rememberme-forever.com\/pl\/produkt\/mahoniowa-urna-pogrzebowa-z-krzyzem\/","og_site_name":"Remember Forever","article_modified_time":"2026-02-02T12:50:58+00:00","og_image":[{"width":1007,"height":1024,"url":"http:\/\/www.rememberme-forever.com\/wp-content\/uploads\/2024\/05\/img_2D_0001-2.jpg","type":"image\/jpeg"}],"twitter_card":"summary_large_image","twitter_misc":{"Szacowany czas czytania":"2 minuta"},"schema":{"@context":"https:\/\/schema.org","@graph":[{"@type":"WebPage","@id":"https:\/\/www.rememberme-forever.com\/pl\/produkt\/mahoniowa-urna-pogrzebowa-z-krzyzem\/","url":"https:\/\/www.rememberme-forever.com\/pl\/produkt\/mahoniowa-urna-pogrzebowa-z-krzyzem\/","name":"Mahoniowa urna pogrzebowa z krzy\u017cem","isPartOf":{"@id":"https:\/\/www.rememberme-forever.com\/pl\/#website"},"primaryImageOfPage":{"@id":"https:\/\/www.rememberme-forever.com\/pl\/produkt\/mahoniowa-urna-pogrzebowa-z-krzyzem\/#primaryimage"},"image":{"@id":"https:\/\/www.rememberme-forever.com\/pl\/produkt\/mahoniowa-urna-pogrzebowa-z-krzyzem\/#primaryimage"},"thumbnailUrl":"https:\/\/www.rememberme-forever.com\/wp-content\/uploads\/2024\/05\/img_2D_0001-2.jpg","datePublished":"2024-05-23T10:28:26+00:00","dateModified":"2026-02-02T12:50:58+00:00","description":"Katolicka mahoniowa drewniana urna ze z\u0142otym krzy\u017cem to dostojne miejsce spoczynku proch\u00f3w zmar\u0142ej bliskiej osoby.","breadcrumb":{"@id":"https:\/\/www.rememberme-forever.com\/pl\/produkt\/mahoniowa-urna-pogrzebowa-z-krzyzem\/#breadcrumb"},"inLanguage":"pl-PL","potentialAction":[{"@type":"ReadAction","target":["https:\/\/www.rememberme-forever.com\/pl\/produkt\/mahoniowa-urna-pogrzebowa-z-krzyzem\/"]}]},{"@type":"ImageObject","inLanguage":"pl-PL","@id":"https:\/\/www.rememberme-forever.com\/pl\/produkt\/mahoniowa-urna-pogrzebowa-z-krzyzem\/#primaryimage","url":"https:\/\/www.rememberme-forever.com\/wp-content\/uploads\/2024\/05\/img_2D_0001-2.jpg","contentUrl":"https:\/\/www.rememberme-forever.com\/wp-content\/uploads\/2024\/05\/img_2D_0001-2.jpg","width":1007,"height":1024,"caption":"Mahoniowa urna pogrzebowa z krzy\u017cem"},{"@type":"BreadcrumbList","@id":"https:\/\/www.rememberme-forever.com\/pl\/produkt\/mahoniowa-urna-pogrzebowa-z-krzyzem\/#breadcrumb","itemListElement":[{"@type":"ListItem","position":1,"name":"Home","item":"https:\/\/www.rememberme-forever.com\/pl\/strona-glowna\/"},{"@type":"ListItem","position":2,"name":"Sklep","item":"https:\/\/www.rememberme-forever.com\/pl\/sklep-2\/"},{"@type":"ListItem","position":3,"name":"Mahoniowa urna pogrzebowa z krzy\u017cem"}]},{"@type":"WebSite","@id":"https:\/\/www.rememberme-forever.com\/pl\/#website","url":"https:\/\/www.rememberme-forever.com\/pl\/","name":"Remember Forever","description":"Cremation urns, funeral urns, urns for ashes","publisher":{"@id":"https:\/\/www.rememberme-forever.com\/pl\/#organization"},"potentialAction":[{"@type":"SearchAction","target":{"@type":"EntryPoint","urlTemplate":"https:\/\/www.rememberme-forever.com\/pl\/?s={search_term_string}"},"query-input":{"@type":"PropertyValueSpecification","valueRequired":true,"valueName":"search_term_string"}}],"inLanguage":"pl-PL"},{"@type":"Organization","@id":"https:\/\/www.rememberme-forever.com\/pl\/#organization","name":"Remember Forever","url":"https:\/\/www.rememberme-forever.com\/pl\/","logo":{"@type":"ImageObject","inLanguage":"pl-PL","@id":"https:\/\/www.rememberme-forever.com\/pl\/#\/schema\/logo\/image\/","url":"https:\/\/www.rememberme-forever.com\/wp-content\/uploads\/2023\/02\/logo.png","contentUrl":"https:\/\/www.rememberme-forever.com\/wp-content\/uploads\/2023\/02\/logo.png","width":300,"height":56,"caption":"Remember Forever"},"image":{"@id":"https:\/\/www.rememberme-forever.com\/pl\/#\/schema\/logo\/image\/"}}]}},"acf":[],"_links":{"self":[{"href":"https:\/\/www.rememberme-forever.com\/pl\/wp-json\/wp\/v2\/product\/12497","targetHints":{"allow":["GET"]}}],"collection":[{"href":"https:\/\/www.rememberme-forever.com\/pl\/wp-json\/wp\/v2\/product"}],"about":[{"href":"https:\/\/www.rememberme-forever.com\/pl\/wp-json\/wp\/v2\/types\/product"}],"wp:featuredmedia":[{"embeddable":true,"href":"https:\/\/www.rememberme-forever.com\/pl\/wp-json\/wp\/v2\/media\/12494"}],"wp:attachment":[{"href":"https:\/\/www.rememberme-forever.com\/pl\/wp-json\/wp\/v2\/media?parent=12497"}],"wp:term":[{"taxonomy":"product_brand","embeddable":true,"href":"https:\/\/www.rememberme-forever.com\/pl\/wp-json\/wp\/v2\/product_brand?post=12497"},{"taxonomy":"product_cat","embeddable":true,"href":"https:\/\/www.rememberme-forever.com\/pl\/wp-json\/wp\/v2\/product_cat?post=12497"},{"taxonomy":"product_tag","embeddable":true,"href":"https:\/\/www.rememberme-forever.com\/pl\/wp-json\/wp\/v2\/product_tag?post=12497"}],"curies":[{"name":"wp","href":"https:\/\/api.w.org\/{rel}","templated":true}]}}