{"id":12761,"date":"2024-06-19T10:55:48","date_gmt":"2024-06-19T08:55:48","guid":{"rendered":"https:\/\/www.rememberme-forever.com\/?post_type=product&#038;p=12761"},"modified":"2026-02-18T15:05:35","modified_gmt":"2026-02-18T14:05:35","slug":"drewniana-urna-pogrzebowa-z-wizerunkiem-placzacej-kobiety-nostalgia","status":"publish","type":"product","link":"https:\/\/www.rememberme-forever.com\/pl\/produkt\/drewniana-urna-pogrzebowa-z-wizerunkiem-placzacej-kobiety-nostalgia\/","title":{"rendered":"Drewniana urna pogrzebowa z wizerunkiem p\u0142acz\u0105cej kobiety, nostalgia"},"content":{"rendered":"<div style=\"width: 100%; margin-bottom: 30px; height: max-content; padding-bottom: 60%; position: relative;\"><iframe style=\"position: absolute; top: 0; left: 0; width: 100%; height: 100%;\" src=\"https:\/\/rememberme-urns.com\/crying-women-wooden-emotional-urn\/\" frameborder=\"0\"><\/iframe><\/div>\n<div style=\"color: red; text-align: center; margin-bottom: 25px;\">\n<p>&gt;&gt; Obrotowe zdj\u0119cie &#8211; dotknij\/zbli\u017c &lt;&lt;<\/p>\n<\/div>\n<h2 style=\"text-align: center;\">Drewniana urna pogrzebowa z wizerunkiem p\u0142acz\u0105cej kobiety, nostalgia<\/h2>\n<p style=\"text-align: center;\">W przypadku radzenia sobie z g\u0142\u0119bokimi emocjami zwi\u0105zanymi ze strat\u0105 bliskiej osoby, wyb\u00f3r urny, kt\u00f3ra odzwierciedla te uczucia, mo\u017ce by\u0107 znacz\u0105cym ho\u0142dem. Nasza mahoniowa urna z grawerem p\u0142acz\u0105cej kobiety oferuje wyj\u0105tkow\u0105 i symboliczn\u0105 reprezentacj\u0119 \u017calu i pami\u0119ci.<\/p>\n<h3 style=\"text-align: center;\">Pi\u0119kny grawer i personalizacja<\/h3>\n<p style=\"text-align: center;\">Na przodzie tej eleganckiej, drewnianej urny znajduje si\u0119 misternie wygrawerowany wizerunek p\u0142acz\u0105cej kobiety, oddaj\u0105cy g\u0142\u0119boki smutek i szczere emocje towarzysz\u0105ce odej\u015bciu ukochanej osoby. Ten przejmuj\u0105cy projekt jest pot\u0119\u017cnym symbolem \u017ca\u0142oby i pami\u0119ci.<\/p>\n<p style=\"text-align: center;\">Opr\u00f3cz emocjonalnego graweru urna zawiera na g\u00f3rze spersonalizowan\u0105 tabliczk\u0119, na kt\u00f3rej mo\u017cna umie\u015bci\u0107 niestandardow\u0105 wiadomo\u015b\u0107. Mo\u017ce to obejmowa\u0107 imi\u0119 ukochanej osoby, wa\u017cne daty lub osobisty ho\u0142d, co sprawia, \u017ce urna staje si\u0119 wyj\u0105tkow\u0105 i spersonalizowan\u0105 pami\u0105tk\u0105.<\/p>\n<h3 style=\"text-align: center;\">Wysokiej jako\u015bci materia\u0142y i rzemios\u0142o<\/h3>\n<p style=\"text-align: center;\">Wykonana z wysokiej jako\u015bci drewna mahoniowego urna \u0142\u0105czy trwa\u0142o\u015b\u0107 z ponadczasowym pi\u0119knem. Bogate, ciemne odcienie mahoniu zapewniaj\u0105 dostojny i elegancki wygl\u0105d, a dekoracyjne rze\u017aby dodaj\u0105 dodatkowego akcentu wyrafinowania. Dba\u0142o\u015b\u0107 o szczeg\u00f3\u0142y wykonania gwarantuje, \u017ce ta urna b\u0119dzie trwa\u0142ym ho\u0142dem dla ukochanej osoby.<\/p>\n<h3 style=\"text-align: center;\">Symbolika i znaczenie emocjonalne<\/h3>\n<p style=\"text-align: center;\">Wygrawerowany wizerunek p\u0142acz\u0105cej kobiety z przodu urny jest pot\u0119\u017cnym symbolem \u017calu i straty do\u015bwiadczanej podczas \u017ca\u0142oby. Ten element projektu pomaga odda\u0107 g\u0142\u0119bi\u0119 odczuwanych emocji i s\u0142u\u017cy jako pocieszaj\u0105ce przypomnienie, \u017ce \u017ca\u0142oba jest czym\u015b naturalnym.<strong> Symbolika zawarta w projekcie sprawia, \u017ce urna ta nie jest tylko pojemnikiem na prochy, ale znacz\u0105cym dzie\u0142em sztuki, kt\u00f3re honoruje pami\u0119\u0107 zmar\u0142ego.<\/strong><\/p>\n<p style=\"text-align: center;\">Wyb\u00f3r w\u0142a\u015bciwej urny jest wa\u017cn\u0105 cz\u0119\u015bci\u0105 procesu \u017ca\u0142oby, a nasza mahoniowa urna z grawerem p\u0142acz\u0105cej kobiety oferuje idealne po\u0142\u0105czenie pi\u0119kna, kunsztu i znaczenia emocjonalnego. Unikalny design i mo\u017cliwo\u015bci personalizacji sprawiaj\u0105, \u017ce b\u0119dzie to odpowiedni ho\u0142d dla ukochanej osoby, odzwierciedlaj\u0105cy g\u0142\u0119bokie emocje towarzysz\u0105ce stracie, a jednocze\u015bnie zapewniaj\u0105cy trwa\u0142\u0105 pami\u0105tk\u0119.<\/p>\n<p>&nbsp;<\/p>\n<h3 style=\"text-align: center;\"><strong>PERSONALIZACJA<\/strong><\/h3>\n<p style=\"text-align: center;\">Je\u015bli wybierzesz grawerowan\u0105 plakietk\u0119 w zestawie z urn\u0105, prze\u015blij tekst w ramce \u201cGrawerowana plakietka\u201d.<\/p>\n<p style=\"text-align: center;\">Tekst do grawerowanej plakietki powinien by\u0107 dostarczony podczas sk\u0142adania zam\u00f3wienia. (Prosz\u0119 nie panikowa\u0107, je\u015bli to przegapisz, poniewa\u017c zawsze mo\u017cesz wys\u0142a\u0107 nam wiadomo\u015b\u0107 p\u00f3\u017aniej.)<\/p>\n<p><img loading=\"lazy\" decoding=\"async\" class=\" wp-image-12173 aligncenter\" src=\"http:\/\/www.rememberme-forever.com\/wp-content\/uploads\/2024\/03\/Silver-1-300x150.jpg\" alt=\"plaque\" width=\"206\" height=\"103\" srcset=\"https:\/\/www.rememberme-forever.com\/wp-content\/uploads\/2024\/03\/Silver-1-300x150.jpg 300w, https:\/\/www.rememberme-forever.com\/wp-content\/uploads\/2024\/03\/Silver-1-768x384.jpg 768w, https:\/\/www.rememberme-forever.com\/wp-content\/uploads\/2024\/03\/Silver-1-600x300.jpg 600w, https:\/\/www.rememberme-forever.com\/wp-content\/uploads\/2024\/03\/Silver-1-64x32.jpg 64w, https:\/\/www.rememberme-forever.com\/wp-content\/uploads\/2024\/03\/Silver-1.jpg 945w\" sizes=\"auto, (max-width: 206px) 100vw, 206px\" \/><\/p>\n<p>&nbsp;<\/p>\n<p style=\"text-align: center;\"><em><strong>Przed dodaniem produktu do koszyka dok\u0142adnie SPRAWD\u0179 tekst przes\u0142any do grawerowania. Do\u00a0 tekstu kt\u00f3ry otrzymujemy wraz z zam\u00f3wieniem\u00a0 nie wprowadzamy \u017cadnych zmian z naszej strony. Tekst jest grawerowany dok\u0142adnie taki, jaki otrzymujemy od pa\u0144stwa. <\/strong><\/em><\/p>\n<p style=\"text-align: center;\"><em><strong>Sprawd\u017a tekst, aby upewni\u0107 si\u0119, \u017ce pisownia jest poprawna.<\/strong><\/em><\/p>\n","protected":false},"excerpt":{"rendered":"<p><em><strong>Urna pomie\u015bci prochy zmar\u0142ej osoby o wadze cia\u0142a 110kg lub mniej.<\/strong><\/em><\/p>\n<p><b>\u2611\ufe0f <em style=\"color: red;\">Jeste\u015bmy \u015bwiadomi kr\u00f3tkiego czasu na dostarczenie urny. Urn\u0119 zam\u00f3wion\u0105 do godz. 12.00 w dzie\u0144 roboczy wysy\u0142amy natychmiast.\u00a0<\/em><\/b><\/p>\n","protected":false},"featured_media":12748,"template":"","meta":{"_acf_changed":false},"product_brand":[],"product_cat":[3402,136],"product_tag":[3308],"class_list":{"0":"post-12761","1":"product","2":"type-product","3":"status-publish","4":"has-post-thumbnail","6":"product_cat-rodzina","7":"product_cat-urny-tematyczne","8":"product_tag-gpsr-all-wood-urns","9":"product_shipping_class-art-urns-kule-do20cm-pl","11":"first","12":"instock","13":"taxable","14":"shipping-taxable","15":"purchasable","16":"product-type-variable"},"yoast_head":"<!-- This site is optimized with the Yoast SEO plugin v27.4 - https:\/\/yoast.com\/product\/yoast-seo-wordpress\/ -->\n<title>Drewniana urna pogrzebowa z wizerunkiem p\u0142acz\u0105cej kobiety, nostalgia<\/title>\n<meta name=\"robots\" content=\"index, follow, max-snippet:-1, max-image-preview:large, max-video-preview:-1\" \/>\n<link rel=\"canonical\" href=\"https:\/\/www.rememberme-forever.com\/pl\/produkt\/drewniana-urna-pogrzebowa-z-wizerunkiem-placzacej-kobiety-nostalgia\/\" \/>\n<meta property=\"og:locale\" content=\"pl_PL\" \/>\n<meta property=\"og:type\" content=\"article\" \/>\n<meta property=\"og:title\" content=\"Drewniana urna pogrzebowa z wizerunkiem p\u0142acz\u0105cej kobiety, nostalgia\" \/>\n<meta property=\"og:description\" content=\"Urna pomie\u015bci prochy zmar\u0142ej osoby o wadze cia\u0142a 110kg lub mniej.  \u2611\ufe0f Jeste\u015bmy \u015bwiadomi kr\u00f3tkiego czasu na dostarczenie urny. Urn\u0119 zam\u00f3wion\u0105 do godz. 12.00 w dzie\u0144 roboczy wysy\u0142amy natychmiast.\u00a0\" \/>\n<meta property=\"og:url\" content=\"https:\/\/www.rememberme-forever.com\/pl\/produkt\/drewniana-urna-pogrzebowa-z-wizerunkiem-placzacej-kobiety-nostalgia\/\" \/>\n<meta property=\"og:site_name\" content=\"Remember Forever\" \/>\n<meta property=\"article:modified_time\" content=\"2026-02-18T14:05:35+00:00\" \/>\n<meta property=\"og:image\" content=\"http:\/\/www.rememberme-forever.com\/wp-content\/uploads\/2024\/06\/wu58-crying-women-design-1-1.jpg\" \/>\n\t<meta property=\"og:image:width\" content=\"1007\" \/>\n\t<meta property=\"og:image:height\" content=\"1024\" \/>\n\t<meta property=\"og:image:type\" content=\"image\/jpeg\" \/>\n<meta name=\"twitter:card\" content=\"summary_large_image\" \/>\n<meta name=\"twitter:label1\" content=\"Szacowany czas czytania\" \/>\n\t<meta name=\"twitter:data1\" content=\"2 minuta\" \/>\n<script type=\"application\/ld+json\" class=\"yoast-schema-graph\">{\"@context\":\"https:\\\/\\\/schema.org\",\"@graph\":[{\"@type\":\"WebPage\",\"@id\":\"https:\\\/\\\/www.rememberme-forever.com\\\/pl\\\/produkt\\\/drewniana-urna-pogrzebowa-z-wizerunkiem-placzacej-kobiety-nostalgia\\\/\",\"url\":\"https:\\\/\\\/www.rememberme-forever.com\\\/pl\\\/produkt\\\/drewniana-urna-pogrzebowa-z-wizerunkiem-placzacej-kobiety-nostalgia\\\/\",\"name\":\"Drewniana urna pogrzebowa z wizerunkiem p\u0142acz\u0105cej kobiety, nostalgia\",\"isPartOf\":{\"@id\":\"https:\\\/\\\/www.rememberme-forever.com\\\/pl\\\/#website\"},\"primaryImageOfPage\":{\"@id\":\"https:\\\/\\\/www.rememberme-forever.com\\\/pl\\\/produkt\\\/drewniana-urna-pogrzebowa-z-wizerunkiem-placzacej-kobiety-nostalgia\\\/#primaryimage\"},\"image\":{\"@id\":\"https:\\\/\\\/www.rememberme-forever.com\\\/pl\\\/produkt\\\/drewniana-urna-pogrzebowa-z-wizerunkiem-placzacej-kobiety-nostalgia\\\/#primaryimage\"},\"thumbnailUrl\":\"https:\\\/\\\/www.rememberme-forever.com\\\/wp-content\\\/uploads\\\/2024\\\/06\\\/wu58-crying-women-design-1-1.jpg\",\"datePublished\":\"2024-06-19T08:55:48+00:00\",\"dateModified\":\"2026-02-18T14:05:35+00:00\",\"breadcrumb\":{\"@id\":\"https:\\\/\\\/www.rememberme-forever.com\\\/pl\\\/produkt\\\/drewniana-urna-pogrzebowa-z-wizerunkiem-placzacej-kobiety-nostalgia\\\/#breadcrumb\"},\"inLanguage\":\"pl-PL\",\"potentialAction\":[{\"@type\":\"ReadAction\",\"target\":[\"https:\\\/\\\/www.rememberme-forever.com\\\/pl\\\/produkt\\\/drewniana-urna-pogrzebowa-z-wizerunkiem-placzacej-kobiety-nostalgia\\\/\"]}]},{\"@type\":\"ImageObject\",\"inLanguage\":\"pl-PL\",\"@id\":\"https:\\\/\\\/www.rememberme-forever.com\\\/pl\\\/produkt\\\/drewniana-urna-pogrzebowa-z-wizerunkiem-placzacej-kobiety-nostalgia\\\/#primaryimage\",\"url\":\"https:\\\/\\\/www.rememberme-forever.com\\\/wp-content\\\/uploads\\\/2024\\\/06\\\/wu58-crying-women-design-1-1.jpg\",\"contentUrl\":\"https:\\\/\\\/www.rememberme-forever.com\\\/wp-content\\\/uploads\\\/2024\\\/06\\\/wu58-crying-women-design-1-1.jpg\",\"width\":1007,\"height\":1024,\"caption\":\"Urn with crying women\"},{\"@type\":\"BreadcrumbList\",\"@id\":\"https:\\\/\\\/www.rememberme-forever.com\\\/pl\\\/produkt\\\/drewniana-urna-pogrzebowa-z-wizerunkiem-placzacej-kobiety-nostalgia\\\/#breadcrumb\",\"itemListElement\":[{\"@type\":\"ListItem\",\"position\":1,\"name\":\"Home\",\"item\":\"https:\\\/\\\/www.rememberme-forever.com\\\/pl\\\/strona-glowna\\\/\"},{\"@type\":\"ListItem\",\"position\":2,\"name\":\"Sklep\",\"item\":\"https:\\\/\\\/www.rememberme-forever.com\\\/pl\\\/sklep-2\\\/\"},{\"@type\":\"ListItem\",\"position\":3,\"name\":\"Drewniana urna pogrzebowa z wizerunkiem p\u0142acz\u0105cej kobiety, nostalgia\"}]},{\"@type\":\"WebSite\",\"@id\":\"https:\\\/\\\/www.rememberme-forever.com\\\/pl\\\/#website\",\"url\":\"https:\\\/\\\/www.rememberme-forever.com\\\/pl\\\/\",\"name\":\"Remember Forever\",\"description\":\"Cremation urns, funeral urns, urns for ashes\",\"publisher\":{\"@id\":\"https:\\\/\\\/www.rememberme-forever.com\\\/pl\\\/#organization\"},\"potentialAction\":[{\"@type\":\"SearchAction\",\"target\":{\"@type\":\"EntryPoint\",\"urlTemplate\":\"https:\\\/\\\/www.rememberme-forever.com\\\/pl\\\/?s={search_term_string}\"},\"query-input\":{\"@type\":\"PropertyValueSpecification\",\"valueRequired\":true,\"valueName\":\"search_term_string\"}}],\"inLanguage\":\"pl-PL\"},{\"@type\":\"Organization\",\"@id\":\"https:\\\/\\\/www.rememberme-forever.com\\\/pl\\\/#organization\",\"name\":\"Remember Forever\",\"url\":\"https:\\\/\\\/www.rememberme-forever.com\\\/pl\\\/\",\"logo\":{\"@type\":\"ImageObject\",\"inLanguage\":\"pl-PL\",\"@id\":\"https:\\\/\\\/www.rememberme-forever.com\\\/pl\\\/#\\\/schema\\\/logo\\\/image\\\/\",\"url\":\"https:\\\/\\\/www.rememberme-forever.com\\\/wp-content\\\/uploads\\\/2023\\\/02\\\/logo.png\",\"contentUrl\":\"https:\\\/\\\/www.rememberme-forever.com\\\/wp-content\\\/uploads\\\/2023\\\/02\\\/logo.png\",\"width\":300,\"height\":56,\"caption\":\"Remember Forever\"},\"image\":{\"@id\":\"https:\\\/\\\/www.rememberme-forever.com\\\/pl\\\/#\\\/schema\\\/logo\\\/image\\\/\"}}]}<\/script>\n<!-- \/ Yoast SEO plugin. -->","yoast_head_json":{"title":"Drewniana urna pogrzebowa z wizerunkiem p\u0142acz\u0105cej kobiety, nostalgia","robots":{"index":"index","follow":"follow","max-snippet":"max-snippet:-1","max-image-preview":"max-image-preview:large","max-video-preview":"max-video-preview:-1"},"canonical":"https:\/\/www.rememberme-forever.com\/pl\/produkt\/drewniana-urna-pogrzebowa-z-wizerunkiem-placzacej-kobiety-nostalgia\/","og_locale":"pl_PL","og_type":"article","og_title":"Drewniana urna pogrzebowa z wizerunkiem p\u0142acz\u0105cej kobiety, nostalgia","og_description":"Urna pomie\u015bci prochy zmar\u0142ej osoby o wadze cia\u0142a 110kg lub mniej.  \u2611\ufe0f Jeste\u015bmy \u015bwiadomi kr\u00f3tkiego czasu na dostarczenie urny. Urn\u0119 zam\u00f3wion\u0105 do godz. 12.00 w dzie\u0144 roboczy wysy\u0142amy natychmiast.\u00a0","og_url":"https:\/\/www.rememberme-forever.com\/pl\/produkt\/drewniana-urna-pogrzebowa-z-wizerunkiem-placzacej-kobiety-nostalgia\/","og_site_name":"Remember Forever","article_modified_time":"2026-02-18T14:05:35+00:00","og_image":[{"width":1007,"height":1024,"url":"http:\/\/www.rememberme-forever.com\/wp-content\/uploads\/2024\/06\/wu58-crying-women-design-1-1.jpg","type":"image\/jpeg"}],"twitter_card":"summary_large_image","twitter_misc":{"Szacowany czas czytania":"2 minuta"},"schema":{"@context":"https:\/\/schema.org","@graph":[{"@type":"WebPage","@id":"https:\/\/www.rememberme-forever.com\/pl\/produkt\/drewniana-urna-pogrzebowa-z-wizerunkiem-placzacej-kobiety-nostalgia\/","url":"https:\/\/www.rememberme-forever.com\/pl\/produkt\/drewniana-urna-pogrzebowa-z-wizerunkiem-placzacej-kobiety-nostalgia\/","name":"Drewniana urna pogrzebowa z wizerunkiem p\u0142acz\u0105cej kobiety, nostalgia","isPartOf":{"@id":"https:\/\/www.rememberme-forever.com\/pl\/#website"},"primaryImageOfPage":{"@id":"https:\/\/www.rememberme-forever.com\/pl\/produkt\/drewniana-urna-pogrzebowa-z-wizerunkiem-placzacej-kobiety-nostalgia\/#primaryimage"},"image":{"@id":"https:\/\/www.rememberme-forever.com\/pl\/produkt\/drewniana-urna-pogrzebowa-z-wizerunkiem-placzacej-kobiety-nostalgia\/#primaryimage"},"thumbnailUrl":"https:\/\/www.rememberme-forever.com\/wp-content\/uploads\/2024\/06\/wu58-crying-women-design-1-1.jpg","datePublished":"2024-06-19T08:55:48+00:00","dateModified":"2026-02-18T14:05:35+00:00","breadcrumb":{"@id":"https:\/\/www.rememberme-forever.com\/pl\/produkt\/drewniana-urna-pogrzebowa-z-wizerunkiem-placzacej-kobiety-nostalgia\/#breadcrumb"},"inLanguage":"pl-PL","potentialAction":[{"@type":"ReadAction","target":["https:\/\/www.rememberme-forever.com\/pl\/produkt\/drewniana-urna-pogrzebowa-z-wizerunkiem-placzacej-kobiety-nostalgia\/"]}]},{"@type":"ImageObject","inLanguage":"pl-PL","@id":"https:\/\/www.rememberme-forever.com\/pl\/produkt\/drewniana-urna-pogrzebowa-z-wizerunkiem-placzacej-kobiety-nostalgia\/#primaryimage","url":"https:\/\/www.rememberme-forever.com\/wp-content\/uploads\/2024\/06\/wu58-crying-women-design-1-1.jpg","contentUrl":"https:\/\/www.rememberme-forever.com\/wp-content\/uploads\/2024\/06\/wu58-crying-women-design-1-1.jpg","width":1007,"height":1024,"caption":"Urn with crying women"},{"@type":"BreadcrumbList","@id":"https:\/\/www.rememberme-forever.com\/pl\/produkt\/drewniana-urna-pogrzebowa-z-wizerunkiem-placzacej-kobiety-nostalgia\/#breadcrumb","itemListElement":[{"@type":"ListItem","position":1,"name":"Home","item":"https:\/\/www.rememberme-forever.com\/pl\/strona-glowna\/"},{"@type":"ListItem","position":2,"name":"Sklep","item":"https:\/\/www.rememberme-forever.com\/pl\/sklep-2\/"},{"@type":"ListItem","position":3,"name":"Drewniana urna pogrzebowa z wizerunkiem p\u0142acz\u0105cej kobiety, nostalgia"}]},{"@type":"WebSite","@id":"https:\/\/www.rememberme-forever.com\/pl\/#website","url":"https:\/\/www.rememberme-forever.com\/pl\/","name":"Remember Forever","description":"Cremation urns, funeral urns, urns for ashes","publisher":{"@id":"https:\/\/www.rememberme-forever.com\/pl\/#organization"},"potentialAction":[{"@type":"SearchAction","target":{"@type":"EntryPoint","urlTemplate":"https:\/\/www.rememberme-forever.com\/pl\/?s={search_term_string}"},"query-input":{"@type":"PropertyValueSpecification","valueRequired":true,"valueName":"search_term_string"}}],"inLanguage":"pl-PL"},{"@type":"Organization","@id":"https:\/\/www.rememberme-forever.com\/pl\/#organization","name":"Remember Forever","url":"https:\/\/www.rememberme-forever.com\/pl\/","logo":{"@type":"ImageObject","inLanguage":"pl-PL","@id":"https:\/\/www.rememberme-forever.com\/pl\/#\/schema\/logo\/image\/","url":"https:\/\/www.rememberme-forever.com\/wp-content\/uploads\/2023\/02\/logo.png","contentUrl":"https:\/\/www.rememberme-forever.com\/wp-content\/uploads\/2023\/02\/logo.png","width":300,"height":56,"caption":"Remember Forever"},"image":{"@id":"https:\/\/www.rememberme-forever.com\/pl\/#\/schema\/logo\/image\/"}}]}},"acf":[],"_links":{"self":[{"href":"https:\/\/www.rememberme-forever.com\/pl\/wp-json\/wp\/v2\/product\/12761","targetHints":{"allow":["GET"]}}],"collection":[{"href":"https:\/\/www.rememberme-forever.com\/pl\/wp-json\/wp\/v2\/product"}],"about":[{"href":"https:\/\/www.rememberme-forever.com\/pl\/wp-json\/wp\/v2\/types\/product"}],"wp:featuredmedia":[{"embeddable":true,"href":"https:\/\/www.rememberme-forever.com\/pl\/wp-json\/wp\/v2\/media\/12748"}],"wp:attachment":[{"href":"https:\/\/www.rememberme-forever.com\/pl\/wp-json\/wp\/v2\/media?parent=12761"}],"wp:term":[{"taxonomy":"product_brand","embeddable":true,"href":"https:\/\/www.rememberme-forever.com\/pl\/wp-json\/wp\/v2\/product_brand?post=12761"},{"taxonomy":"product_cat","embeddable":true,"href":"https:\/\/www.rememberme-forever.com\/pl\/wp-json\/wp\/v2\/product_cat?post=12761"},{"taxonomy":"product_tag","embeddable":true,"href":"https:\/\/www.rememberme-forever.com\/pl\/wp-json\/wp\/v2\/product_tag?post=12761"}],"curies":[{"name":"wp","href":"https:\/\/api.w.org\/{rel}","templated":true}]}}