{"id":12795,"date":"2024-06-21T14:51:07","date_gmt":"2024-06-21T12:51:07","guid":{"rendered":"https:\/\/www.rememberme-forever.com\/?post_type=product&#038;p=12795"},"modified":"2026-02-18T15:05:01","modified_gmt":"2026-02-18T14:05:01","slug":"urna-yin-yang-symbo-rownowagi-i-harmonii","status":"publish","type":"product","link":"https:\/\/www.rememberme-forever.com\/pl\/produkt\/urna-yin-yang-symbo-rownowagi-i-harmonii\/","title":{"rendered":"Urna Yin Yang: Symbol r\u00f3wnowagi i harmonii"},"content":{"rendered":"<h2 style=\"text-align: center;\">Yin Yang urna na prochy<\/h2>\n<p style=\"text-align: center;\">Uhonorowanie pami\u0119ci ukochanej osoby symbolem reprezentuj\u0105cym r\u00f3wnowag\u0119 i harmoni\u0119 mo\u017ce mie\u0107 g\u0142\u0119bokie znaczenie. Nasza urna Yin Yang jest wykonana z wysokiej jako\u015bci drewna i posiada kultowy symbol Yin Yang, co czyni j\u0105 wyj\u0105tkowym i symbolicznym ho\u0142dem.<\/p>\n<h3 style=\"text-align: center;\">Pi\u0119kny Design i Personalizacja<\/h3>\n<p style=\"text-align: center;\">Prz\u00f3d tej eleganckiej drewnianej urny przedstawia starannie wygrawerowany symbol Yin Yang, reprezentuj\u0105cy dwoisto\u015b\u0107 i wzajemne powi\u0105zania \u017cycia. Dodatkowo, spersonalizowana tablica pami\u0105tkowa na przodzie umo\u017cliwia dodanie niestandardowego tekstu, takiego jak imi\u0119 i nazwisko, daty lub osobista wiadomo\u015b\u0107, tworz\u0105c wyj\u0105tkowy i szczery ho\u0142d.<\/p>\n<h3 style=\"text-align: center;\">Wysokiej Jako\u015bci Materia\u0142y i Rzemios\u0142o<\/h3>\n<p style=\"text-align: center;\">Urna ta wykonana jest z trwa\u0142ego, wysokiej jako\u015bci drewna, co zapewnia zar\u00f3wno trwa\u0142o\u015b\u0107, jak i estetyk\u0119. Bogate odcienie drewna nadaj\u0105 dostojny wygl\u0105d, a kunszt wykonania gwarantuje pi\u0119kny i trwa\u0142y pomnik. Grawer Yin Yang dodaje urnie odrobin\u0119 artyzmu i duchowo\u015bci.<\/p>\n<h3 style=\"text-align: center;\">Symbolika i Znaczenie Emocjonalne<\/h3>\n<p style=\"text-align: center;\">Symbol Yin Yang uciele\u015bnia koncepcj\u0119 dualno\u015bci, r\u00f3wnowagi i harmonii, co czyni go pot\u0119\u017cn\u0105 reprezentacj\u0105 cykli \u017cycia. Ten element projektu s\u0142u\u017cy jako pocieszaj\u0105ce przypomnienie r\u00f3wnowagi mi\u0119dzy \u017cyciem a \u015bmierci\u0105 oraz ci\u0105g\u0142ej wi\u0119zi z ukochan\u0105 osob\u0105. Przekszta\u0142ca urn\u0119 z prostego pojemnika w znacz\u0105ce dzie\u0142o sztuki, kt\u00f3re honoruje ich pami\u0119\u0107.<\/p>\n<p style=\"text-align: center;\" align=\"center\"><strong>PERSONALIZACJA<\/strong><\/p>\n<p style=\"text-align: center;\" align=\"center\">Je\u015bli wybierzesz grawerowan\u0105 plakietk\u0119 w zestawie z urn\u0105, prze\u015blij tekst w ramce \u201cGrawerowana plakietka\u201d.<\/p>\n<p style=\"text-align: center;\" align=\"center\">Tekst do grawerowanej plakietki powinien by\u0107 dostarczony podczas sk\u0142adania zam\u00f3wienia. (Prosz\u0119 nie panikowa\u0107, je\u015bli to przegapisz, poniewa\u017c zawsze mo\u017cesz wys\u0142a\u0107 nam wiadomo\u015b\u0107 p\u00f3\u017aniej.)<\/p>\n<p align=\"center\"><img loading=\"lazy\" decoding=\"async\" class=\"alignnone wp-image-12173 \" src=\"http:\/\/www.rememberme-forever.com\/wp-content\/uploads\/2024\/03\/Silver-1-300x150.jpg\" alt=\"plaque\" width=\"190\" height=\"95\" srcset=\"https:\/\/www.rememberme-forever.com\/wp-content\/uploads\/2024\/03\/Silver-1-300x150.jpg 300w, https:\/\/www.rememberme-forever.com\/wp-content\/uploads\/2024\/03\/Silver-1-768x384.jpg 768w, https:\/\/www.rememberme-forever.com\/wp-content\/uploads\/2024\/03\/Silver-1-600x300.jpg 600w, https:\/\/www.rememberme-forever.com\/wp-content\/uploads\/2024\/03\/Silver-1-64x32.jpg 64w, https:\/\/www.rememberme-forever.com\/wp-content\/uploads\/2024\/03\/Silver-1.jpg 945w\" sizes=\"auto, (max-width: 190px) 100vw, 190px\" \/><\/p>\n<p style=\"text-align: center;\" align=\"center\"><em><b>Przed dodaniem produktu do koszyka dok\u0142adnie SPRAWD\u0179 tekst przes\u0142any do grawerowania. Do\u00a0 tekstu kt\u00f3ry otrzymujemy wraz z zam\u00f3wieniem\u00a0 nie wprowadzamy \u017cadnych zmian z naszej strony. Tekst jest grawerowany dok\u0142adnie taki, jaki otrzymujemy od pa\u0144stwa.<\/b><\/em><\/p>\n<p style=\"text-align: center;\" align=\"center\"><em><b>Sprawd\u017a tekst, aby upewni\u0107 si\u0119, \u017ce pisownia jest poprawna.<\/b><\/em><\/p>\n<p>&nbsp;<\/p>\n<p>&nbsp;<\/p>\n","protected":false},"excerpt":{"rendered":"<p><em><strong>Urna pomie\u015bci prochy doros\u0142ej osoby o wadze cia\u0142a 110kg lub mniej.<\/strong><\/em><\/p>\n<p><b>\u2611\ufe0f <em style=\"color: red;\">Jeste\u015bmy \u015bwiadomi kr\u00f3tkiego czasu na dostarczenie urny. Urn\u0119 zam\u00f3wion\u0105 do godz. 12.00 w dzie\u0144 roboczy wysy\u0142amy natychmiast.\u00a0<\/em><\/b><\/p>\n","protected":false},"featured_media":12792,"template":"","meta":{"_acf_changed":false},"product_brand":[],"product_cat":[3399,136],"product_tag":[3308],"class_list":{"0":"post-12795","1":"product","2":"type-product","3":"status-publish","4":"has-post-thumbnail","6":"product_cat-pozostale-urny","7":"product_cat-urny-tematyczne","8":"product_tag-gpsr-all-wood-urns","9":"product_shipping_class-wood-urns-pl","11":"first","12":"instock","13":"taxable","14":"shipping-taxable","15":"purchasable","16":"product-type-variable"},"yoast_head":"<!-- This site is optimized with the Yoast SEO plugin v27.4 - https:\/\/yoast.com\/product\/yoast-seo-wordpress\/ -->\n<title>Urna Yin Yang: Symbol r\u00f3wnowagi i harmonii<\/title>\n<meta name=\"robots\" content=\"index, follow, max-snippet:-1, max-image-preview:large, max-video-preview:-1\" \/>\n<link rel=\"canonical\" href=\"https:\/\/www.rememberme-forever.com\/pl\/produkt\/urna-yin-yang-symbo-rownowagi-i-harmonii\/\" \/>\n<meta property=\"og:locale\" content=\"pl_PL\" \/>\n<meta property=\"og:type\" content=\"article\" \/>\n<meta property=\"og:title\" content=\"Urna Yin Yang: Symbol r\u00f3wnowagi i harmonii\" \/>\n<meta property=\"og:description\" content=\"Urna pomie\u015bci prochy doros\u0142ej osoby o wadze cia\u0142a 110kg lub mniej.  \u2611\ufe0f Jeste\u015bmy \u015bwiadomi kr\u00f3tkiego czasu na dostarczenie urny. Urn\u0119 zam\u00f3wion\u0105 do godz. 12.00 w dzie\u0144 roboczy wysy\u0142amy natychmiast.\u00a0\" \/>\n<meta property=\"og:url\" content=\"https:\/\/www.rememberme-forever.com\/pl\/produkt\/urna-yin-yang-symbo-rownowagi-i-harmonii\/\" \/>\n<meta property=\"og:site_name\" content=\"Remember Forever\" \/>\n<meta property=\"article:modified_time\" content=\"2026-02-18T14:05:01+00:00\" \/>\n<meta property=\"og:image\" content=\"http:\/\/www.rememberme-forever.com\/wp-content\/uploads\/2024\/06\/Yin-Yang-urn-1.jpg\" \/>\n\t<meta property=\"og:image:width\" content=\"1007\" \/>\n\t<meta property=\"og:image:height\" content=\"1024\" \/>\n\t<meta property=\"og:image:type\" content=\"image\/jpeg\" \/>\n<meta name=\"twitter:card\" content=\"summary_large_image\" \/>\n<meta name=\"twitter:label1\" content=\"Szacowany czas czytania\" \/>\n\t<meta name=\"twitter:data1\" content=\"2 minuta\" \/>\n<script type=\"application\/ld+json\" class=\"yoast-schema-graph\">{\"@context\":\"https:\\\/\\\/schema.org\",\"@graph\":[{\"@type\":\"WebPage\",\"@id\":\"https:\\\/\\\/www.rememberme-forever.com\\\/pl\\\/produkt\\\/urna-yin-yang-symbo-rownowagi-i-harmonii\\\/\",\"url\":\"https:\\\/\\\/www.rememberme-forever.com\\\/pl\\\/produkt\\\/urna-yin-yang-symbo-rownowagi-i-harmonii\\\/\",\"name\":\"Urna Yin Yang: Symbol r\u00f3wnowagi i harmonii\",\"isPartOf\":{\"@id\":\"https:\\\/\\\/www.rememberme-forever.com\\\/pl\\\/#website\"},\"primaryImageOfPage\":{\"@id\":\"https:\\\/\\\/www.rememberme-forever.com\\\/pl\\\/produkt\\\/urna-yin-yang-symbo-rownowagi-i-harmonii\\\/#primaryimage\"},\"image\":{\"@id\":\"https:\\\/\\\/www.rememberme-forever.com\\\/pl\\\/produkt\\\/urna-yin-yang-symbo-rownowagi-i-harmonii\\\/#primaryimage\"},\"thumbnailUrl\":\"https:\\\/\\\/www.rememberme-forever.com\\\/wp-content\\\/uploads\\\/2024\\\/06\\\/Yin-Yang-urn-1.jpg\",\"datePublished\":\"2024-06-21T12:51:07+00:00\",\"dateModified\":\"2026-02-18T14:05:01+00:00\",\"breadcrumb\":{\"@id\":\"https:\\\/\\\/www.rememberme-forever.com\\\/pl\\\/produkt\\\/urna-yin-yang-symbo-rownowagi-i-harmonii\\\/#breadcrumb\"},\"inLanguage\":\"pl-PL\",\"potentialAction\":[{\"@type\":\"ReadAction\",\"target\":[\"https:\\\/\\\/www.rememberme-forever.com\\\/pl\\\/produkt\\\/urna-yin-yang-symbo-rownowagi-i-harmonii\\\/\"]}]},{\"@type\":\"ImageObject\",\"inLanguage\":\"pl-PL\",\"@id\":\"https:\\\/\\\/www.rememberme-forever.com\\\/pl\\\/produkt\\\/urna-yin-yang-symbo-rownowagi-i-harmonii\\\/#primaryimage\",\"url\":\"https:\\\/\\\/www.rememberme-forever.com\\\/wp-content\\\/uploads\\\/2024\\\/06\\\/Yin-Yang-urn-1.jpg\",\"contentUrl\":\"https:\\\/\\\/www.rememberme-forever.com\\\/wp-content\\\/uploads\\\/2024\\\/06\\\/Yin-Yang-urn-1.jpg\",\"width\":1007,\"height\":1024,\"caption\":\"Yin Yang urn\"},{\"@type\":\"BreadcrumbList\",\"@id\":\"https:\\\/\\\/www.rememberme-forever.com\\\/pl\\\/produkt\\\/urna-yin-yang-symbo-rownowagi-i-harmonii\\\/#breadcrumb\",\"itemListElement\":[{\"@type\":\"ListItem\",\"position\":1,\"name\":\"Home\",\"item\":\"https:\\\/\\\/www.rememberme-forever.com\\\/pl\\\/strona-glowna\\\/\"},{\"@type\":\"ListItem\",\"position\":2,\"name\":\"Sklep\",\"item\":\"https:\\\/\\\/www.rememberme-forever.com\\\/pl\\\/sklep-2\\\/\"},{\"@type\":\"ListItem\",\"position\":3,\"name\":\"Urna Yin Yang: Symbol r\u00f3wnowagi i harmonii\"}]},{\"@type\":\"WebSite\",\"@id\":\"https:\\\/\\\/www.rememberme-forever.com\\\/pl\\\/#website\",\"url\":\"https:\\\/\\\/www.rememberme-forever.com\\\/pl\\\/\",\"name\":\"Remember Forever\",\"description\":\"Cremation urns, funeral urns, urns for ashes\",\"publisher\":{\"@id\":\"https:\\\/\\\/www.rememberme-forever.com\\\/pl\\\/#organization\"},\"potentialAction\":[{\"@type\":\"SearchAction\",\"target\":{\"@type\":\"EntryPoint\",\"urlTemplate\":\"https:\\\/\\\/www.rememberme-forever.com\\\/pl\\\/?s={search_term_string}\"},\"query-input\":{\"@type\":\"PropertyValueSpecification\",\"valueRequired\":true,\"valueName\":\"search_term_string\"}}],\"inLanguage\":\"pl-PL\"},{\"@type\":\"Organization\",\"@id\":\"https:\\\/\\\/www.rememberme-forever.com\\\/pl\\\/#organization\",\"name\":\"Remember Forever\",\"url\":\"https:\\\/\\\/www.rememberme-forever.com\\\/pl\\\/\",\"logo\":{\"@type\":\"ImageObject\",\"inLanguage\":\"pl-PL\",\"@id\":\"https:\\\/\\\/www.rememberme-forever.com\\\/pl\\\/#\\\/schema\\\/logo\\\/image\\\/\",\"url\":\"https:\\\/\\\/www.rememberme-forever.com\\\/wp-content\\\/uploads\\\/2023\\\/02\\\/logo.png\",\"contentUrl\":\"https:\\\/\\\/www.rememberme-forever.com\\\/wp-content\\\/uploads\\\/2023\\\/02\\\/logo.png\",\"width\":300,\"height\":56,\"caption\":\"Remember Forever\"},\"image\":{\"@id\":\"https:\\\/\\\/www.rememberme-forever.com\\\/pl\\\/#\\\/schema\\\/logo\\\/image\\\/\"}}]}<\/script>\n<!-- \/ Yoast SEO plugin. -->","yoast_head_json":{"title":"Urna Yin Yang: Symbol r\u00f3wnowagi i harmonii","robots":{"index":"index","follow":"follow","max-snippet":"max-snippet:-1","max-image-preview":"max-image-preview:large","max-video-preview":"max-video-preview:-1"},"canonical":"https:\/\/www.rememberme-forever.com\/pl\/produkt\/urna-yin-yang-symbo-rownowagi-i-harmonii\/","og_locale":"pl_PL","og_type":"article","og_title":"Urna Yin Yang: Symbol r\u00f3wnowagi i harmonii","og_description":"Urna pomie\u015bci prochy doros\u0142ej osoby o wadze cia\u0142a 110kg lub mniej.  \u2611\ufe0f Jeste\u015bmy \u015bwiadomi kr\u00f3tkiego czasu na dostarczenie urny. Urn\u0119 zam\u00f3wion\u0105 do godz. 12.00 w dzie\u0144 roboczy wysy\u0142amy natychmiast.\u00a0","og_url":"https:\/\/www.rememberme-forever.com\/pl\/produkt\/urna-yin-yang-symbo-rownowagi-i-harmonii\/","og_site_name":"Remember Forever","article_modified_time":"2026-02-18T14:05:01+00:00","og_image":[{"width":1007,"height":1024,"url":"http:\/\/www.rememberme-forever.com\/wp-content\/uploads\/2024\/06\/Yin-Yang-urn-1.jpg","type":"image\/jpeg"}],"twitter_card":"summary_large_image","twitter_misc":{"Szacowany czas czytania":"2 minuta"},"schema":{"@context":"https:\/\/schema.org","@graph":[{"@type":"WebPage","@id":"https:\/\/www.rememberme-forever.com\/pl\/produkt\/urna-yin-yang-symbo-rownowagi-i-harmonii\/","url":"https:\/\/www.rememberme-forever.com\/pl\/produkt\/urna-yin-yang-symbo-rownowagi-i-harmonii\/","name":"Urna Yin Yang: Symbol r\u00f3wnowagi i harmonii","isPartOf":{"@id":"https:\/\/www.rememberme-forever.com\/pl\/#website"},"primaryImageOfPage":{"@id":"https:\/\/www.rememberme-forever.com\/pl\/produkt\/urna-yin-yang-symbo-rownowagi-i-harmonii\/#primaryimage"},"image":{"@id":"https:\/\/www.rememberme-forever.com\/pl\/produkt\/urna-yin-yang-symbo-rownowagi-i-harmonii\/#primaryimage"},"thumbnailUrl":"https:\/\/www.rememberme-forever.com\/wp-content\/uploads\/2024\/06\/Yin-Yang-urn-1.jpg","datePublished":"2024-06-21T12:51:07+00:00","dateModified":"2026-02-18T14:05:01+00:00","breadcrumb":{"@id":"https:\/\/www.rememberme-forever.com\/pl\/produkt\/urna-yin-yang-symbo-rownowagi-i-harmonii\/#breadcrumb"},"inLanguage":"pl-PL","potentialAction":[{"@type":"ReadAction","target":["https:\/\/www.rememberme-forever.com\/pl\/produkt\/urna-yin-yang-symbo-rownowagi-i-harmonii\/"]}]},{"@type":"ImageObject","inLanguage":"pl-PL","@id":"https:\/\/www.rememberme-forever.com\/pl\/produkt\/urna-yin-yang-symbo-rownowagi-i-harmonii\/#primaryimage","url":"https:\/\/www.rememberme-forever.com\/wp-content\/uploads\/2024\/06\/Yin-Yang-urn-1.jpg","contentUrl":"https:\/\/www.rememberme-forever.com\/wp-content\/uploads\/2024\/06\/Yin-Yang-urn-1.jpg","width":1007,"height":1024,"caption":"Yin Yang urn"},{"@type":"BreadcrumbList","@id":"https:\/\/www.rememberme-forever.com\/pl\/produkt\/urna-yin-yang-symbo-rownowagi-i-harmonii\/#breadcrumb","itemListElement":[{"@type":"ListItem","position":1,"name":"Home","item":"https:\/\/www.rememberme-forever.com\/pl\/strona-glowna\/"},{"@type":"ListItem","position":2,"name":"Sklep","item":"https:\/\/www.rememberme-forever.com\/pl\/sklep-2\/"},{"@type":"ListItem","position":3,"name":"Urna Yin Yang: Symbol r\u00f3wnowagi i harmonii"}]},{"@type":"WebSite","@id":"https:\/\/www.rememberme-forever.com\/pl\/#website","url":"https:\/\/www.rememberme-forever.com\/pl\/","name":"Remember Forever","description":"Cremation urns, funeral urns, urns for ashes","publisher":{"@id":"https:\/\/www.rememberme-forever.com\/pl\/#organization"},"potentialAction":[{"@type":"SearchAction","target":{"@type":"EntryPoint","urlTemplate":"https:\/\/www.rememberme-forever.com\/pl\/?s={search_term_string}"},"query-input":{"@type":"PropertyValueSpecification","valueRequired":true,"valueName":"search_term_string"}}],"inLanguage":"pl-PL"},{"@type":"Organization","@id":"https:\/\/www.rememberme-forever.com\/pl\/#organization","name":"Remember Forever","url":"https:\/\/www.rememberme-forever.com\/pl\/","logo":{"@type":"ImageObject","inLanguage":"pl-PL","@id":"https:\/\/www.rememberme-forever.com\/pl\/#\/schema\/logo\/image\/","url":"https:\/\/www.rememberme-forever.com\/wp-content\/uploads\/2023\/02\/logo.png","contentUrl":"https:\/\/www.rememberme-forever.com\/wp-content\/uploads\/2023\/02\/logo.png","width":300,"height":56,"caption":"Remember Forever"},"image":{"@id":"https:\/\/www.rememberme-forever.com\/pl\/#\/schema\/logo\/image\/"}}]}},"acf":[],"_links":{"self":[{"href":"https:\/\/www.rememberme-forever.com\/pl\/wp-json\/wp\/v2\/product\/12795","targetHints":{"allow":["GET"]}}],"collection":[{"href":"https:\/\/www.rememberme-forever.com\/pl\/wp-json\/wp\/v2\/product"}],"about":[{"href":"https:\/\/www.rememberme-forever.com\/pl\/wp-json\/wp\/v2\/types\/product"}],"wp:featuredmedia":[{"embeddable":true,"href":"https:\/\/www.rememberme-forever.com\/pl\/wp-json\/wp\/v2\/media\/12792"}],"wp:attachment":[{"href":"https:\/\/www.rememberme-forever.com\/pl\/wp-json\/wp\/v2\/media?parent=12795"}],"wp:term":[{"taxonomy":"product_brand","embeddable":true,"href":"https:\/\/www.rememberme-forever.com\/pl\/wp-json\/wp\/v2\/product_brand?post=12795"},{"taxonomy":"product_cat","embeddable":true,"href":"https:\/\/www.rememberme-forever.com\/pl\/wp-json\/wp\/v2\/product_cat?post=12795"},{"taxonomy":"product_tag","embeddable":true,"href":"https:\/\/www.rememberme-forever.com\/pl\/wp-json\/wp\/v2\/product_tag?post=12795"}],"curies":[{"name":"wp","href":"https:\/\/api.w.org\/{rel}","templated":true}]}}