{"id":12947,"date":"2024-07-12T11:16:55","date_gmt":"2024-07-12T09:16:55","guid":{"rendered":"https:\/\/www.rememberme-forever.com\/?post_type=product&#038;p=12947"},"modified":"2026-02-18T15:04:01","modified_gmt":"2026-02-18T14:04:01","slug":"urna-z-celtyckim-krzyzem","status":"publish","type":"product","link":"https:\/\/www.rememberme-forever.com\/pl\/produkt\/urna-z-celtyckim-krzyzem\/","title":{"rendered":"Urna z celtyckim krzy\u017cem"},"content":{"rendered":"<p style=\"text-align: center;\">Uhonorowanie pami\u0119ci bliskiej osoby pi\u0119knie wykonan\u0105 urn\u0105 to szczery spos\u00f3b uczczenia jej \u017cycia i dziedzictwa. Nasza drewniana urna z celtyckim krzy\u017cem zosta\u0142a starannie zaprojektowana, aby zapewni\u0107 zar\u00f3wno elegancj\u0119, jak i trwa\u0142o\u015b\u0107.<\/p>\n<h2 style=\"text-align: center;\">Elegancki Design i Personalizacja<\/h2>\n<p style=\"text-align: center;\">Ta nowoczesna urna ma kszta\u0142t przypominaj\u0105cy pude\u0142ko z lekko zaokr\u0105glonymi kraw\u0119dziami, co nadaje jej elegancki i ponadczasowy wygl\u0105d. Bogate mahoniowe wyko\u0144czenie dodaje wyrafinowania, a wygrawerowany celtycki krzy\u017c z przodu symbolizuje wiar\u0119 i wieczno\u015b\u0107. Dodatkowo, spersonalizowana grawerowana plakietka umo\u017cliwia dodanie niestandardowego tekstu, takiego jak imi\u0119 i nazwisko, wa\u017cne daty lub osobista wiadomo\u015b\u0107, dzi\u0119ki czemu jest to wyj\u0105tkowy i znacz\u0105cy ho\u0142d.<\/p>\n<div style=\"width: 100%; margin-bottom: 30px; height: max-content; padding-bottom: 60%; position: relative;\"><iframe style=\"position: absolute; top: 0; left: 0; width: 100%; height: 100%;\" src=\"https:\/\/rememberme-urns.com\/urn-with-celtic-cross\/\" frameborder=\"0\"><\/iframe><\/div>\n<div style=\"color: red; text-align: center; margin-bottom: 25px;\">\n<p>&gt;&gt; Obrotowe zdj\u0119cie &#8211; dotknij\/zbli\u017c &lt;&lt;<\/p>\n<\/div>\n<h2 style=\"text-align: center;\">Wysoka Jako\u015b\u0107 Wykonania<\/h2>\n<p style=\"text-align: center;\">Urna wykonana z litego drewna \u0142\u0105czy trwa\u0142o\u015b\u0107 z estetycznym pi\u0119knem. G\u0142\u0119bokie odcienie mahoniu podkre\u015blaj\u0105 jej dostojny wygl\u0105d, a dba\u0142o\u015b\u0107 o szczeg\u00f3\u0142y w grawerowaniu zapewnia wysok\u0105 jako\u015b\u0107 wyko\u0144czenia. G\u0142adkie, zaokr\u0105glone kraw\u0119dzie i polerowana powierzchnia podkre\u015blaj\u0105 fachowe rzemios\u0142o, dzi\u0119ki czemu ta urna jest pi\u0119knym i trwa\u0142ym pomnikiem.<\/p>\n<h2 style=\"text-align: center;\">Symbolika i Znaczenie Emocjonalne<\/h2>\n<p style=\"text-align: center;\">Krzy\u017c celtycki wygrawerowany na urnie przedstawia splot wiary i wieczno\u015bci, s\u0142u\u017c\u0105c jako pocieszaj\u0105ce przypomnienie trwa\u0142ej wi\u0119zi z ukochan\u0105 osob\u0105. Ten element projektu przekszta\u0142ca urn\u0119 z prostego pojemnika w znacz\u0105ce dzie\u0142o sztuki, kt\u00f3re honoruje ich pami\u0119\u0107 i dziedzictwo.<\/p>\n<p style=\"text-align: center;\">Wyb\u00f3r w\u0142a\u015bciwej urny jest wa\u017cn\u0105 cz\u0119\u015bci\u0105 procesu \u017ca\u0142oby. Nasza drewniana urna z celtyckim krzy\u017cem oferuje idealne po\u0142\u0105czenie pi\u0119kna, kunsztu i emocjonalnego znaczenia. Unikalny design i mo\u017cliwo\u015bci personalizacji sprawiaj\u0105, \u017ce b\u0119dzie to odpowiedni ho\u0142d dla ukochanej osoby, odzwierciedlaj\u0105cy g\u0142\u0119bokie emocje zwi\u0105zane ze strat\u0105, a jednocze\u015bnie zapewniaj\u0105cy trwa\u0142y i znacz\u0105cy pomnik.<\/p>\n<p>&nbsp;<\/p>\n<h3 style=\"text-align: center;\"><strong>PERSONALIZACJA<\/strong><\/h3>\n<p style=\"text-align: center;\">Je\u015bli wybierzesz grawerowan\u0105 plakietk\u0119 w zestawie z urn\u0105, prze\u015blij tekst w ramce \u201cGrawerowana plakietka\u201d.<\/p>\n<p style=\"text-align: center;\">Tekst do grawerowanej plakietki powinien by\u0107 dostarczony podczas sk\u0142adania zam\u00f3wienia. (Prosz\u0119 nie panikowa\u0107, je\u015bli to przegapisz, poniewa\u017c zawsze mo\u017cesz wys\u0142a\u0107 nam wiadomo\u015b\u0107 p\u00f3\u017aniej.)<\/p>\n<p>&nbsp;<\/p>\n<p style=\"text-align: center;\"><em><strong>Przed dodaniem produktu do koszyka dok\u0142adnie SPRAWD\u0179 tekst przes\u0142any do grawerowania. Do\u00a0 tekstu kt\u00f3ry otrzymujemy wraz z zam\u00f3wieniem\u00a0 nie wprowadzamy \u017cadnych zmian z naszej strony. Tekst jest grawerowany dok\u0142adnie taki, jaki otrzymujemy od pa\u0144stwa. <\/strong><\/em><\/p>\n<p style=\"text-align: center;\"><em><strong>Sprawd\u017a tekst, aby upewni\u0107 si\u0119, \u017ce pisownia jest poprawna.<\/strong><\/em><\/p>\n","protected":false},"excerpt":{"rendered":"<p><em><strong>Urna pomie\u015bci prochy zmar\u0142ej osoby o wadze cia\u0142a 138kg lub mniej.<\/strong><\/em><\/p>\n<p><b>\u2611\ufe0f <em style=\"color: red;\">Jeste\u015bmy \u015bwiadomi kr\u00f3tkiego czasu na dostarczenie urny. Urn\u0119 zam\u00f3wion\u0105 do godz. 12.00 w dzie\u0144 roboczy wysy\u0142amy natychmiast.\u00a0<\/em><\/b><\/p>\n","protected":false},"featured_media":12940,"template":"","meta":{"_acf_changed":false},"product_brand":[],"product_cat":[3399,136],"product_tag":[3308],"class_list":{"0":"post-12947","1":"product","2":"type-product","3":"status-publish","4":"has-post-thumbnail","6":"product_cat-pozostale-urny","7":"product_cat-urny-tematyczne","8":"product_tag-gpsr-all-wood-urns","9":"product_shipping_class-wood-urns-pl","11":"first","12":"instock","13":"taxable","14":"shipping-taxable","15":"purchasable","16":"product-type-variable"},"yoast_head":"<!-- This site is optimized with the Yoast SEO plugin v27.4 - https:\/\/yoast.com\/product\/yoast-seo-wordpress\/ -->\n<title>Urna z celtyckim krzy\u017cem<\/title>\n<meta name=\"description\" content=\"Nasza drewniana urna z celtyckim krzy\u017cem zosta\u0142a starannie zaprojektowana, aby zapewni\u0107 zar\u00f3wno elegancj\u0119, jak i trwa\u0142o\u015b\u0107.\" \/>\n<meta name=\"robots\" content=\"index, follow, max-snippet:-1, max-image-preview:large, max-video-preview:-1\" \/>\n<link rel=\"canonical\" href=\"https:\/\/www.rememberme-forever.com\/pl\/produkt\/urna-z-celtyckim-krzyzem\/\" \/>\n<meta property=\"og:locale\" content=\"pl_PL\" \/>\n<meta property=\"og:type\" content=\"article\" \/>\n<meta property=\"og:title\" content=\"Urna z celtyckim krzy\u017cem\" \/>\n<meta property=\"og:description\" content=\"Nasza drewniana urna z celtyckim krzy\u017cem zosta\u0142a starannie zaprojektowana, aby zapewni\u0107 zar\u00f3wno elegancj\u0119, jak i trwa\u0142o\u015b\u0107.\" \/>\n<meta property=\"og:url\" content=\"https:\/\/www.rememberme-forever.com\/pl\/produkt\/urna-z-celtyckim-krzyzem\/\" \/>\n<meta property=\"og:site_name\" content=\"Remember Forever\" \/>\n<meta property=\"article:modified_time\" content=\"2026-02-18T14:04:01+00:00\" \/>\n<meta property=\"og:image\" content=\"http:\/\/www.rememberme-forever.com\/wp-content\/uploads\/2024\/07\/celtic_cross_urn_0001.jpg\" \/>\n\t<meta property=\"og:image:width\" content=\"1007\" \/>\n\t<meta property=\"og:image:height\" content=\"1024\" \/>\n\t<meta property=\"og:image:type\" content=\"image\/jpeg\" \/>\n<meta name=\"twitter:card\" content=\"summary_large_image\" \/>\n<meta name=\"twitter:label1\" content=\"Szacowany czas czytania\" \/>\n\t<meta name=\"twitter:data1\" content=\"2 minuta\" \/>\n<script type=\"application\/ld+json\" class=\"yoast-schema-graph\">{\"@context\":\"https:\\\/\\\/schema.org\",\"@graph\":[{\"@type\":\"WebPage\",\"@id\":\"https:\\\/\\\/www.rememberme-forever.com\\\/pl\\\/produkt\\\/urna-z-celtyckim-krzyzem\\\/\",\"url\":\"https:\\\/\\\/www.rememberme-forever.com\\\/pl\\\/produkt\\\/urna-z-celtyckim-krzyzem\\\/\",\"name\":\"Urna z celtyckim krzy\u017cem\",\"isPartOf\":{\"@id\":\"https:\\\/\\\/www.rememberme-forever.com\\\/pl\\\/#website\"},\"primaryImageOfPage\":{\"@id\":\"https:\\\/\\\/www.rememberme-forever.com\\\/pl\\\/produkt\\\/urna-z-celtyckim-krzyzem\\\/#primaryimage\"},\"image\":{\"@id\":\"https:\\\/\\\/www.rememberme-forever.com\\\/pl\\\/produkt\\\/urna-z-celtyckim-krzyzem\\\/#primaryimage\"},\"thumbnailUrl\":\"https:\\\/\\\/www.rememberme-forever.com\\\/wp-content\\\/uploads\\\/2024\\\/07\\\/celtic_cross_urn_0001.jpg\",\"datePublished\":\"2024-07-12T09:16:55+00:00\",\"dateModified\":\"2026-02-18T14:04:01+00:00\",\"description\":\"Nasza drewniana urna z celtyckim krzy\u017cem zosta\u0142a starannie zaprojektowana, aby zapewni\u0107 zar\u00f3wno elegancj\u0119, jak i trwa\u0142o\u015b\u0107.\",\"breadcrumb\":{\"@id\":\"https:\\\/\\\/www.rememberme-forever.com\\\/pl\\\/produkt\\\/urna-z-celtyckim-krzyzem\\\/#breadcrumb\"},\"inLanguage\":\"pl-PL\",\"potentialAction\":[{\"@type\":\"ReadAction\",\"target\":[\"https:\\\/\\\/www.rememberme-forever.com\\\/pl\\\/produkt\\\/urna-z-celtyckim-krzyzem\\\/\"]}]},{\"@type\":\"ImageObject\",\"inLanguage\":\"pl-PL\",\"@id\":\"https:\\\/\\\/www.rememberme-forever.com\\\/pl\\\/produkt\\\/urna-z-celtyckim-krzyzem\\\/#primaryimage\",\"url\":\"https:\\\/\\\/www.rememberme-forever.com\\\/wp-content\\\/uploads\\\/2024\\\/07\\\/celtic_cross_urn_0001.jpg\",\"contentUrl\":\"https:\\\/\\\/www.rememberme-forever.com\\\/wp-content\\\/uploads\\\/2024\\\/07\\\/celtic_cross_urn_0001.jpg\",\"width\":1007,\"height\":1024,\"caption\":\"Urn with celtic cross, Urna z celtyckim krzy\u017cem\"},{\"@type\":\"BreadcrumbList\",\"@id\":\"https:\\\/\\\/www.rememberme-forever.com\\\/pl\\\/produkt\\\/urna-z-celtyckim-krzyzem\\\/#breadcrumb\",\"itemListElement\":[{\"@type\":\"ListItem\",\"position\":1,\"name\":\"Home\",\"item\":\"https:\\\/\\\/www.rememberme-forever.com\\\/pl\\\/strona-glowna\\\/\"},{\"@type\":\"ListItem\",\"position\":2,\"name\":\"Sklep\",\"item\":\"https:\\\/\\\/www.rememberme-forever.com\\\/pl\\\/sklep-2\\\/\"},{\"@type\":\"ListItem\",\"position\":3,\"name\":\"Urna z celtyckim krzy\u017cem\"}]},{\"@type\":\"WebSite\",\"@id\":\"https:\\\/\\\/www.rememberme-forever.com\\\/pl\\\/#website\",\"url\":\"https:\\\/\\\/www.rememberme-forever.com\\\/pl\\\/\",\"name\":\"Remember Forever\",\"description\":\"Cremation urns, funeral urns, urns for ashes\",\"publisher\":{\"@id\":\"https:\\\/\\\/www.rememberme-forever.com\\\/pl\\\/#organization\"},\"potentialAction\":[{\"@type\":\"SearchAction\",\"target\":{\"@type\":\"EntryPoint\",\"urlTemplate\":\"https:\\\/\\\/www.rememberme-forever.com\\\/pl\\\/?s={search_term_string}\"},\"query-input\":{\"@type\":\"PropertyValueSpecification\",\"valueRequired\":true,\"valueName\":\"search_term_string\"}}],\"inLanguage\":\"pl-PL\"},{\"@type\":\"Organization\",\"@id\":\"https:\\\/\\\/www.rememberme-forever.com\\\/pl\\\/#organization\",\"name\":\"Remember Forever\",\"url\":\"https:\\\/\\\/www.rememberme-forever.com\\\/pl\\\/\",\"logo\":{\"@type\":\"ImageObject\",\"inLanguage\":\"pl-PL\",\"@id\":\"https:\\\/\\\/www.rememberme-forever.com\\\/pl\\\/#\\\/schema\\\/logo\\\/image\\\/\",\"url\":\"https:\\\/\\\/www.rememberme-forever.com\\\/wp-content\\\/uploads\\\/2023\\\/02\\\/logo.png\",\"contentUrl\":\"https:\\\/\\\/www.rememberme-forever.com\\\/wp-content\\\/uploads\\\/2023\\\/02\\\/logo.png\",\"width\":300,\"height\":56,\"caption\":\"Remember Forever\"},\"image\":{\"@id\":\"https:\\\/\\\/www.rememberme-forever.com\\\/pl\\\/#\\\/schema\\\/logo\\\/image\\\/\"}}]}<\/script>\n<!-- \/ Yoast SEO plugin. -->","yoast_head_json":{"title":"Urna z celtyckim krzy\u017cem","description":"Nasza drewniana urna z celtyckim krzy\u017cem zosta\u0142a starannie zaprojektowana, aby zapewni\u0107 zar\u00f3wno elegancj\u0119, jak i trwa\u0142o\u015b\u0107.","robots":{"index":"index","follow":"follow","max-snippet":"max-snippet:-1","max-image-preview":"max-image-preview:large","max-video-preview":"max-video-preview:-1"},"canonical":"https:\/\/www.rememberme-forever.com\/pl\/produkt\/urna-z-celtyckim-krzyzem\/","og_locale":"pl_PL","og_type":"article","og_title":"Urna z celtyckim krzy\u017cem","og_description":"Nasza drewniana urna z celtyckim krzy\u017cem zosta\u0142a starannie zaprojektowana, aby zapewni\u0107 zar\u00f3wno elegancj\u0119, jak i trwa\u0142o\u015b\u0107.","og_url":"https:\/\/www.rememberme-forever.com\/pl\/produkt\/urna-z-celtyckim-krzyzem\/","og_site_name":"Remember Forever","article_modified_time":"2026-02-18T14:04:01+00:00","og_image":[{"width":1007,"height":1024,"url":"http:\/\/www.rememberme-forever.com\/wp-content\/uploads\/2024\/07\/celtic_cross_urn_0001.jpg","type":"image\/jpeg"}],"twitter_card":"summary_large_image","twitter_misc":{"Szacowany czas czytania":"2 minuta"},"schema":{"@context":"https:\/\/schema.org","@graph":[{"@type":"WebPage","@id":"https:\/\/www.rememberme-forever.com\/pl\/produkt\/urna-z-celtyckim-krzyzem\/","url":"https:\/\/www.rememberme-forever.com\/pl\/produkt\/urna-z-celtyckim-krzyzem\/","name":"Urna z celtyckim krzy\u017cem","isPartOf":{"@id":"https:\/\/www.rememberme-forever.com\/pl\/#website"},"primaryImageOfPage":{"@id":"https:\/\/www.rememberme-forever.com\/pl\/produkt\/urna-z-celtyckim-krzyzem\/#primaryimage"},"image":{"@id":"https:\/\/www.rememberme-forever.com\/pl\/produkt\/urna-z-celtyckim-krzyzem\/#primaryimage"},"thumbnailUrl":"https:\/\/www.rememberme-forever.com\/wp-content\/uploads\/2024\/07\/celtic_cross_urn_0001.jpg","datePublished":"2024-07-12T09:16:55+00:00","dateModified":"2026-02-18T14:04:01+00:00","description":"Nasza drewniana urna z celtyckim krzy\u017cem zosta\u0142a starannie zaprojektowana, aby zapewni\u0107 zar\u00f3wno elegancj\u0119, jak i trwa\u0142o\u015b\u0107.","breadcrumb":{"@id":"https:\/\/www.rememberme-forever.com\/pl\/produkt\/urna-z-celtyckim-krzyzem\/#breadcrumb"},"inLanguage":"pl-PL","potentialAction":[{"@type":"ReadAction","target":["https:\/\/www.rememberme-forever.com\/pl\/produkt\/urna-z-celtyckim-krzyzem\/"]}]},{"@type":"ImageObject","inLanguage":"pl-PL","@id":"https:\/\/www.rememberme-forever.com\/pl\/produkt\/urna-z-celtyckim-krzyzem\/#primaryimage","url":"https:\/\/www.rememberme-forever.com\/wp-content\/uploads\/2024\/07\/celtic_cross_urn_0001.jpg","contentUrl":"https:\/\/www.rememberme-forever.com\/wp-content\/uploads\/2024\/07\/celtic_cross_urn_0001.jpg","width":1007,"height":1024,"caption":"Urn with celtic cross, Urna z celtyckim krzy\u017cem"},{"@type":"BreadcrumbList","@id":"https:\/\/www.rememberme-forever.com\/pl\/produkt\/urna-z-celtyckim-krzyzem\/#breadcrumb","itemListElement":[{"@type":"ListItem","position":1,"name":"Home","item":"https:\/\/www.rememberme-forever.com\/pl\/strona-glowna\/"},{"@type":"ListItem","position":2,"name":"Sklep","item":"https:\/\/www.rememberme-forever.com\/pl\/sklep-2\/"},{"@type":"ListItem","position":3,"name":"Urna z celtyckim krzy\u017cem"}]},{"@type":"WebSite","@id":"https:\/\/www.rememberme-forever.com\/pl\/#website","url":"https:\/\/www.rememberme-forever.com\/pl\/","name":"Remember Forever","description":"Cremation urns, funeral urns, urns for ashes","publisher":{"@id":"https:\/\/www.rememberme-forever.com\/pl\/#organization"},"potentialAction":[{"@type":"SearchAction","target":{"@type":"EntryPoint","urlTemplate":"https:\/\/www.rememberme-forever.com\/pl\/?s={search_term_string}"},"query-input":{"@type":"PropertyValueSpecification","valueRequired":true,"valueName":"search_term_string"}}],"inLanguage":"pl-PL"},{"@type":"Organization","@id":"https:\/\/www.rememberme-forever.com\/pl\/#organization","name":"Remember Forever","url":"https:\/\/www.rememberme-forever.com\/pl\/","logo":{"@type":"ImageObject","inLanguage":"pl-PL","@id":"https:\/\/www.rememberme-forever.com\/pl\/#\/schema\/logo\/image\/","url":"https:\/\/www.rememberme-forever.com\/wp-content\/uploads\/2023\/02\/logo.png","contentUrl":"https:\/\/www.rememberme-forever.com\/wp-content\/uploads\/2023\/02\/logo.png","width":300,"height":56,"caption":"Remember Forever"},"image":{"@id":"https:\/\/www.rememberme-forever.com\/pl\/#\/schema\/logo\/image\/"}}]}},"acf":[],"_links":{"self":[{"href":"https:\/\/www.rememberme-forever.com\/pl\/wp-json\/wp\/v2\/product\/12947","targetHints":{"allow":["GET"]}}],"collection":[{"href":"https:\/\/www.rememberme-forever.com\/pl\/wp-json\/wp\/v2\/product"}],"about":[{"href":"https:\/\/www.rememberme-forever.com\/pl\/wp-json\/wp\/v2\/types\/product"}],"wp:featuredmedia":[{"embeddable":true,"href":"https:\/\/www.rememberme-forever.com\/pl\/wp-json\/wp\/v2\/media\/12940"}],"wp:attachment":[{"href":"https:\/\/www.rememberme-forever.com\/pl\/wp-json\/wp\/v2\/media?parent=12947"}],"wp:term":[{"taxonomy":"product_brand","embeddable":true,"href":"https:\/\/www.rememberme-forever.com\/pl\/wp-json\/wp\/v2\/product_brand?post=12947"},{"taxonomy":"product_cat","embeddable":true,"href":"https:\/\/www.rememberme-forever.com\/pl\/wp-json\/wp\/v2\/product_cat?post=12947"},{"taxonomy":"product_tag","embeddable":true,"href":"https:\/\/www.rememberme-forever.com\/pl\/wp-json\/wp\/v2\/product_tag?post=12947"}],"curies":[{"name":"wp","href":"https:\/\/api.w.org\/{rel}","templated":true}]}}