{"id":13088,"date":"2024-08-02T12:44:49","date_gmt":"2024-08-02T10:44:49","guid":{"rendered":"https:\/\/www.rememberme-forever.com\/?post_type=product&#038;p=13088"},"modified":"2026-02-18T15:03:10","modified_gmt":"2026-02-18T14:03:10","slug":"tematyczna-urna-dla-policjanta","status":"publish","type":"product","link":"https:\/\/www.rememberme-forever.com\/pl\/produkt\/tematyczna-urna-dla-policjanta\/","title":{"rendered":"Tematyczna urna dla policjanta"},"content":{"rendered":"<p style=\"text-align: center;\">Wyb\u00f3r odpowiedniej urny, aby uhonorowa\u0107 pami\u0119\u0107 oddanego policjanta, to wa\u017cna decyzja. Nasza <strong>Urna dla Policjanta<\/strong> zosta\u0142a zaprojektowana z najwy\u017cszym szacunkiem i trosk\u0105, odzwierciedlaj\u0105c odwag\u0119 i oddanie tych, kt\u00f3rzy s\u0142u\u017c\u0105 spo\u0142ecze\u0144stwu.<\/p>\n<div style=\"width: 100%; margin-bottom: 30px; height: max-content; padding-bottom: 60%; position: relative;\"><iframe style=\"position: absolute; top: 0; left: 0; width: 100%; height: 100%;\" src=\"https:\/\/rememberme-urns.com\/urn-for-a-policeman\/\" frameborder=\"0\"><\/iframe><\/div>\n<div style=\"color: red; text-align: center; margin-bottom: 25px;\">\n<p>&gt;&gt; Obrotowe zdj\u0119cie &#8211; dotknij\/zbli\u017c &lt;&lt;<\/p>\n<\/div>\n<h3 style=\"text-align: center;\">Elegancki Design i Personalizacja<\/h3>\n<p style=\"text-align: center;\">Ta urna posiada polerowane mahoniowe wyko\u0144czenie, nadaj\u0105ce jej ponadczasowy i dostojny wygl\u0105d. Lekko zaokr\u0105glone kraw\u0119dzie dodaj\u0105 nowoczesnej elegancji. Na przodzie urny znajduje si\u0119 szczeg\u00f3\u0142owy grawer z emblematem policji, symbolizuj\u0105cym honor i s\u0142u\u017cb\u0119. Dodatkowo, spersonalizowana tabliczka pami\u0105tkowa umo\u017cliwia dodanie w\u0142asnego tekstu, takiego jak imi\u0119, daty s\u0142u\u017cby czy osobiste przes\u0142anie, czyni\u0105c t\u0119 urn\u0119 unikalnym i wzruszaj\u0105cym ho\u0142dem.<\/p>\n<h3 style=\"text-align: center;\">Wysokiej Jako\u015bci Rzemios\u0142o<\/h3>\n<p style=\"text-align: center;\">Wykonana z litego drewna. Urna \u0142\u0105czy trwa\u0142o\u015b\u0107 z estetycznym wygl\u0105dem. Bogaty mahoniowy kolor podkre\u015bla naturalne pi\u0119kno drewna, nadaj\u0105c ciep\u0142y i dostojny wygl\u0105d. Precyzyjne rzemios\u0142o zapewnia, \u017ce urna b\u0119dzie trwa\u0142ym pomnikiem, zachowuj\u0105c pami\u0119\u0107 o Twoim ukochanym z wdzi\u0119kiem i godno\u015bci\u0105.<\/p>\n<h3 style=\"text-align: center;\">Symbolika i Znaczenie Emocjonalne<\/h3>\n<p style=\"text-align: center;\">Grawerowany emblemat policji na urnie symbolizuje odwag\u0119, oddanie i bezinteresown\u0105 s\u0142u\u017cb\u0119 policjanta. Ten element designu s\u0142u\u017cy jako pocieszaj\u0105ce przypomnienie o heroizmie i zaanga\u017cowaniu Twojej ukochanej osoby. Urna jest nie tylko pojemnikiem na prochy, ale r\u00f3wnie\u017c cenionym dzie\u0142em sztuki, kt\u00f3re honoruje ich dziedzictwo i s\u0142u\u017cb\u0119.<\/p>\n<h3 style=\"text-align: center;\">Przemy\u015blany Ho\u0142d dla Bohatera<\/h3>\n<p style=\"text-align: center;\">Wyb\u00f3r odpowiedniej urny jest kluczowym elementem procesu \u017ca\u0142oby. Nasza <strong>Urna dla Policjanta<\/strong> oferuje doskona\u0142e po\u0142\u0105czenie pi\u0119kna, rzemios\u0142a i emocjonalnego znaczenia. Jej unikalny design i opcje personalizacji sprawiaj\u0105, \u017ce b\u0119dzie to godny ho\u0142d dla Twojego ukochanego, odzwierciedlaj\u0105cy g\u0142\u0119bokie uczucia podziwu i wdzi\u0119czno\u015bci ze strony spo\u0142eczno\u015bci, zapewniaj\u0105c jednocze\u015bnie trwa\u0142\u0105 i znacz\u0105c\u0105 pami\u0105tk\u0119.<\/p>\n<h3 style=\"text-align: center;\"><strong>PERSONALIZACJA<\/strong><\/h3>\n<p style=\"text-align: center;\">Je\u015bli wybierzesz grawerowan\u0105 plakietk\u0119 w zestawie z urn\u0105, prze\u015blij tekst w ramce \u201cGrawerowana plakietka\u201d.<\/p>\n<p style=\"text-align: center;\">Tekst do grawerowanej plakietki powinien by\u0107 dostarczony podczas sk\u0142adania zam\u00f3wienia. (Prosz\u0119 nie panikowa\u0107, je\u015bli to przegapisz, poniewa\u017c zawsze mo\u017cesz wys\u0142a\u0107 nam wiadomo\u015b\u0107 p\u00f3\u017aniej.)<\/p>\n<p>&nbsp;<\/p>\n<p style=\"text-align: center;\"><em><strong>Przed dodaniem produktu do koszyka dok\u0142adnie SPRAWD\u0179 tekst przes\u0142any do grawerowania. Do\u00a0 tekstu kt\u00f3ry otrzymujemy wraz z zam\u00f3wieniem\u00a0 nie wprowadzamy \u017cadnych zmian z naszej strony. Tekst jest grawerowany dok\u0142adnie taki, jaki otrzymujemy od pa\u0144stwa. <\/strong><\/em><\/p>\n<p style=\"text-align: center;\"><em><strong>Sprawd\u017a tekst, aby upewni\u0107 si\u0119, \u017ce pisownia jest poprawna.<\/strong><\/em><\/p>\n","protected":false},"excerpt":{"rendered":"<p><em><strong>Urna pomie\u015bci prochy zmar\u0142ej osoby o wadze cia\u0142a 138kg lub mniej.<\/strong><\/em><\/p>\n<p><b>\u2611\ufe0f <em style=\"color: red;\">Jeste\u015bmy \u015bwiadomi kr\u00f3tkiego czasu na dostarczenie urny. Urn\u0119 zam\u00f3wion\u0105 do godz. 12.00 w dzie\u0144 roboczy wysy\u0142amy natychmiast.\u00a0<\/em><\/b><\/p>\n","protected":false},"featured_media":13075,"template":"","meta":{"_acf_changed":false},"product_brand":[],"product_cat":[136,3406],"product_tag":[3308],"class_list":{"0":"post-13088","1":"product","2":"type-product","3":"status-publish","4":"has-post-thumbnail","6":"product_cat-urny-tematyczne","7":"product_cat-zawody","8":"product_tag-gpsr-all-wood-urns","9":"product_shipping_class-wood-urns-pl","11":"first","12":"instock","13":"taxable","14":"shipping-taxable","15":"purchasable","16":"product-type-variable"},"yoast_head":"<!-- This site is optimized with the Yoast SEO plugin v27.4 - https:\/\/yoast.com\/product\/yoast-seo-wordpress\/ -->\n<title>Tematyczna urna dla policjanta<\/title>\n<meta name=\"description\" content=\"Nasza Urna dla Policjanta zosta\u0142a zaprojektowana z najwy\u017cszym szacunkiem i trosk\u0105, odzwierciedlaj\u0105c odwag\u0119 i oddanie tych, kt\u00f3rzy s\u0142u\u017c\u0105 spo\u0142ecze\u0144stwu.\" \/>\n<meta name=\"robots\" content=\"index, follow, max-snippet:-1, max-image-preview:large, max-video-preview:-1\" \/>\n<link rel=\"canonical\" href=\"https:\/\/www.rememberme-forever.com\/pl\/produkt\/tematyczna-urna-dla-policjanta\/\" \/>\n<meta property=\"og:locale\" content=\"pl_PL\" \/>\n<meta property=\"og:type\" content=\"article\" \/>\n<meta property=\"og:title\" content=\"Tematyczna urna dla policjanta\" \/>\n<meta property=\"og:description\" content=\"Nasza Urna dla Policjanta zosta\u0142a zaprojektowana z najwy\u017cszym szacunkiem i trosk\u0105, odzwierciedlaj\u0105c odwag\u0119 i oddanie tych, kt\u00f3rzy s\u0142u\u017c\u0105 spo\u0142ecze\u0144stwu.\" \/>\n<meta property=\"og:url\" content=\"https:\/\/www.rememberme-forever.com\/pl\/produkt\/tematyczna-urna-dla-policjanta\/\" \/>\n<meta property=\"og:site_name\" content=\"Remember Forever\" \/>\n<meta property=\"article:modified_time\" content=\"2026-02-18T14:03:10+00:00\" \/>\n<meta property=\"og:image\" content=\"http:\/\/www.rememberme-forever.com\/wp-content\/uploads\/2024\/08\/dn21_policeman_1.jpg\" \/>\n\t<meta property=\"og:image:width\" content=\"1007\" \/>\n\t<meta property=\"og:image:height\" content=\"1024\" \/>\n\t<meta property=\"og:image:type\" content=\"image\/jpeg\" \/>\n<meta name=\"twitter:card\" content=\"summary_large_image\" \/>\n<meta name=\"twitter:label1\" content=\"Szacowany czas czytania\" \/>\n\t<meta name=\"twitter:data1\" content=\"2 minuta\" \/>\n<script type=\"application\/ld+json\" class=\"yoast-schema-graph\">{\"@context\":\"https:\\\/\\\/schema.org\",\"@graph\":[{\"@type\":\"WebPage\",\"@id\":\"https:\\\/\\\/www.rememberme-forever.com\\\/pl\\\/produkt\\\/tematyczna-urna-dla-policjanta\\\/\",\"url\":\"https:\\\/\\\/www.rememberme-forever.com\\\/pl\\\/produkt\\\/tematyczna-urna-dla-policjanta\\\/\",\"name\":\"Tematyczna urna dla policjanta\",\"isPartOf\":{\"@id\":\"https:\\\/\\\/www.rememberme-forever.com\\\/pl\\\/#website\"},\"primaryImageOfPage\":{\"@id\":\"https:\\\/\\\/www.rememberme-forever.com\\\/pl\\\/produkt\\\/tematyczna-urna-dla-policjanta\\\/#primaryimage\"},\"image\":{\"@id\":\"https:\\\/\\\/www.rememberme-forever.com\\\/pl\\\/produkt\\\/tematyczna-urna-dla-policjanta\\\/#primaryimage\"},\"thumbnailUrl\":\"https:\\\/\\\/www.rememberme-forever.com\\\/wp-content\\\/uploads\\\/2024\\\/08\\\/dn21_policeman_1.jpg\",\"datePublished\":\"2024-08-02T10:44:49+00:00\",\"dateModified\":\"2026-02-18T14:03:10+00:00\",\"description\":\"Nasza Urna dla Policjanta zosta\u0142a zaprojektowana z najwy\u017cszym szacunkiem i trosk\u0105, odzwierciedlaj\u0105c odwag\u0119 i oddanie tych, kt\u00f3rzy s\u0142u\u017c\u0105 spo\u0142ecze\u0144stwu.\",\"breadcrumb\":{\"@id\":\"https:\\\/\\\/www.rememberme-forever.com\\\/pl\\\/produkt\\\/tematyczna-urna-dla-policjanta\\\/#breadcrumb\"},\"inLanguage\":\"pl-PL\",\"potentialAction\":[{\"@type\":\"ReadAction\",\"target\":[\"https:\\\/\\\/www.rememberme-forever.com\\\/pl\\\/produkt\\\/tematyczna-urna-dla-policjanta\\\/\"]}]},{\"@type\":\"ImageObject\",\"inLanguage\":\"pl-PL\",\"@id\":\"https:\\\/\\\/www.rememberme-forever.com\\\/pl\\\/produkt\\\/tematyczna-urna-dla-policjanta\\\/#primaryimage\",\"url\":\"https:\\\/\\\/www.rememberme-forever.com\\\/wp-content\\\/uploads\\\/2024\\\/08\\\/dn21_policeman_1.jpg\",\"contentUrl\":\"https:\\\/\\\/www.rememberme-forever.com\\\/wp-content\\\/uploads\\\/2024\\\/08\\\/dn21_policeman_1.jpg\",\"width\":1007,\"height\":1024,\"caption\":\"Urn for a Policeman, urna dla policjanta\"},{\"@type\":\"BreadcrumbList\",\"@id\":\"https:\\\/\\\/www.rememberme-forever.com\\\/pl\\\/produkt\\\/tematyczna-urna-dla-policjanta\\\/#breadcrumb\",\"itemListElement\":[{\"@type\":\"ListItem\",\"position\":1,\"name\":\"Home\",\"item\":\"https:\\\/\\\/www.rememberme-forever.com\\\/pl\\\/strona-glowna\\\/\"},{\"@type\":\"ListItem\",\"position\":2,\"name\":\"Sklep\",\"item\":\"https:\\\/\\\/www.rememberme-forever.com\\\/pl\\\/sklep-2\\\/\"},{\"@type\":\"ListItem\",\"position\":3,\"name\":\"Tematyczna urna dla policjanta\"}]},{\"@type\":\"WebSite\",\"@id\":\"https:\\\/\\\/www.rememberme-forever.com\\\/pl\\\/#website\",\"url\":\"https:\\\/\\\/www.rememberme-forever.com\\\/pl\\\/\",\"name\":\"Remember Forever\",\"description\":\"Cremation urns, funeral urns, urns for ashes\",\"publisher\":{\"@id\":\"https:\\\/\\\/www.rememberme-forever.com\\\/pl\\\/#organization\"},\"potentialAction\":[{\"@type\":\"SearchAction\",\"target\":{\"@type\":\"EntryPoint\",\"urlTemplate\":\"https:\\\/\\\/www.rememberme-forever.com\\\/pl\\\/?s={search_term_string}\"},\"query-input\":{\"@type\":\"PropertyValueSpecification\",\"valueRequired\":true,\"valueName\":\"search_term_string\"}}],\"inLanguage\":\"pl-PL\"},{\"@type\":\"Organization\",\"@id\":\"https:\\\/\\\/www.rememberme-forever.com\\\/pl\\\/#organization\",\"name\":\"Remember Forever\",\"url\":\"https:\\\/\\\/www.rememberme-forever.com\\\/pl\\\/\",\"logo\":{\"@type\":\"ImageObject\",\"inLanguage\":\"pl-PL\",\"@id\":\"https:\\\/\\\/www.rememberme-forever.com\\\/pl\\\/#\\\/schema\\\/logo\\\/image\\\/\",\"url\":\"https:\\\/\\\/www.rememberme-forever.com\\\/wp-content\\\/uploads\\\/2023\\\/02\\\/logo.png\",\"contentUrl\":\"https:\\\/\\\/www.rememberme-forever.com\\\/wp-content\\\/uploads\\\/2023\\\/02\\\/logo.png\",\"width\":300,\"height\":56,\"caption\":\"Remember Forever\"},\"image\":{\"@id\":\"https:\\\/\\\/www.rememberme-forever.com\\\/pl\\\/#\\\/schema\\\/logo\\\/image\\\/\"}}]}<\/script>\n<!-- \/ Yoast SEO plugin. -->","yoast_head_json":{"title":"Tematyczna urna dla policjanta","description":"Nasza Urna dla Policjanta zosta\u0142a zaprojektowana z najwy\u017cszym szacunkiem i trosk\u0105, odzwierciedlaj\u0105c odwag\u0119 i oddanie tych, kt\u00f3rzy s\u0142u\u017c\u0105 spo\u0142ecze\u0144stwu.","robots":{"index":"index","follow":"follow","max-snippet":"max-snippet:-1","max-image-preview":"max-image-preview:large","max-video-preview":"max-video-preview:-1"},"canonical":"https:\/\/www.rememberme-forever.com\/pl\/produkt\/tematyczna-urna-dla-policjanta\/","og_locale":"pl_PL","og_type":"article","og_title":"Tematyczna urna dla policjanta","og_description":"Nasza Urna dla Policjanta zosta\u0142a zaprojektowana z najwy\u017cszym szacunkiem i trosk\u0105, odzwierciedlaj\u0105c odwag\u0119 i oddanie tych, kt\u00f3rzy s\u0142u\u017c\u0105 spo\u0142ecze\u0144stwu.","og_url":"https:\/\/www.rememberme-forever.com\/pl\/produkt\/tematyczna-urna-dla-policjanta\/","og_site_name":"Remember Forever","article_modified_time":"2026-02-18T14:03:10+00:00","og_image":[{"width":1007,"height":1024,"url":"http:\/\/www.rememberme-forever.com\/wp-content\/uploads\/2024\/08\/dn21_policeman_1.jpg","type":"image\/jpeg"}],"twitter_card":"summary_large_image","twitter_misc":{"Szacowany czas czytania":"2 minuta"},"schema":{"@context":"https:\/\/schema.org","@graph":[{"@type":"WebPage","@id":"https:\/\/www.rememberme-forever.com\/pl\/produkt\/tematyczna-urna-dla-policjanta\/","url":"https:\/\/www.rememberme-forever.com\/pl\/produkt\/tematyczna-urna-dla-policjanta\/","name":"Tematyczna urna dla policjanta","isPartOf":{"@id":"https:\/\/www.rememberme-forever.com\/pl\/#website"},"primaryImageOfPage":{"@id":"https:\/\/www.rememberme-forever.com\/pl\/produkt\/tematyczna-urna-dla-policjanta\/#primaryimage"},"image":{"@id":"https:\/\/www.rememberme-forever.com\/pl\/produkt\/tematyczna-urna-dla-policjanta\/#primaryimage"},"thumbnailUrl":"https:\/\/www.rememberme-forever.com\/wp-content\/uploads\/2024\/08\/dn21_policeman_1.jpg","datePublished":"2024-08-02T10:44:49+00:00","dateModified":"2026-02-18T14:03:10+00:00","description":"Nasza Urna dla Policjanta zosta\u0142a zaprojektowana z najwy\u017cszym szacunkiem i trosk\u0105, odzwierciedlaj\u0105c odwag\u0119 i oddanie tych, kt\u00f3rzy s\u0142u\u017c\u0105 spo\u0142ecze\u0144stwu.","breadcrumb":{"@id":"https:\/\/www.rememberme-forever.com\/pl\/produkt\/tematyczna-urna-dla-policjanta\/#breadcrumb"},"inLanguage":"pl-PL","potentialAction":[{"@type":"ReadAction","target":["https:\/\/www.rememberme-forever.com\/pl\/produkt\/tematyczna-urna-dla-policjanta\/"]}]},{"@type":"ImageObject","inLanguage":"pl-PL","@id":"https:\/\/www.rememberme-forever.com\/pl\/produkt\/tematyczna-urna-dla-policjanta\/#primaryimage","url":"https:\/\/www.rememberme-forever.com\/wp-content\/uploads\/2024\/08\/dn21_policeman_1.jpg","contentUrl":"https:\/\/www.rememberme-forever.com\/wp-content\/uploads\/2024\/08\/dn21_policeman_1.jpg","width":1007,"height":1024,"caption":"Urn for a Policeman, urna dla policjanta"},{"@type":"BreadcrumbList","@id":"https:\/\/www.rememberme-forever.com\/pl\/produkt\/tematyczna-urna-dla-policjanta\/#breadcrumb","itemListElement":[{"@type":"ListItem","position":1,"name":"Home","item":"https:\/\/www.rememberme-forever.com\/pl\/strona-glowna\/"},{"@type":"ListItem","position":2,"name":"Sklep","item":"https:\/\/www.rememberme-forever.com\/pl\/sklep-2\/"},{"@type":"ListItem","position":3,"name":"Tematyczna urna dla policjanta"}]},{"@type":"WebSite","@id":"https:\/\/www.rememberme-forever.com\/pl\/#website","url":"https:\/\/www.rememberme-forever.com\/pl\/","name":"Remember Forever","description":"Cremation urns, funeral urns, urns for ashes","publisher":{"@id":"https:\/\/www.rememberme-forever.com\/pl\/#organization"},"potentialAction":[{"@type":"SearchAction","target":{"@type":"EntryPoint","urlTemplate":"https:\/\/www.rememberme-forever.com\/pl\/?s={search_term_string}"},"query-input":{"@type":"PropertyValueSpecification","valueRequired":true,"valueName":"search_term_string"}}],"inLanguage":"pl-PL"},{"@type":"Organization","@id":"https:\/\/www.rememberme-forever.com\/pl\/#organization","name":"Remember Forever","url":"https:\/\/www.rememberme-forever.com\/pl\/","logo":{"@type":"ImageObject","inLanguage":"pl-PL","@id":"https:\/\/www.rememberme-forever.com\/pl\/#\/schema\/logo\/image\/","url":"https:\/\/www.rememberme-forever.com\/wp-content\/uploads\/2023\/02\/logo.png","contentUrl":"https:\/\/www.rememberme-forever.com\/wp-content\/uploads\/2023\/02\/logo.png","width":300,"height":56,"caption":"Remember Forever"},"image":{"@id":"https:\/\/www.rememberme-forever.com\/pl\/#\/schema\/logo\/image\/"}}]}},"acf":[],"_links":{"self":[{"href":"https:\/\/www.rememberme-forever.com\/pl\/wp-json\/wp\/v2\/product\/13088","targetHints":{"allow":["GET"]}}],"collection":[{"href":"https:\/\/www.rememberme-forever.com\/pl\/wp-json\/wp\/v2\/product"}],"about":[{"href":"https:\/\/www.rememberme-forever.com\/pl\/wp-json\/wp\/v2\/types\/product"}],"wp:featuredmedia":[{"embeddable":true,"href":"https:\/\/www.rememberme-forever.com\/pl\/wp-json\/wp\/v2\/media\/13075"}],"wp:attachment":[{"href":"https:\/\/www.rememberme-forever.com\/pl\/wp-json\/wp\/v2\/media?parent=13088"}],"wp:term":[{"taxonomy":"product_brand","embeddable":true,"href":"https:\/\/www.rememberme-forever.com\/pl\/wp-json\/wp\/v2\/product_brand?post=13088"},{"taxonomy":"product_cat","embeddable":true,"href":"https:\/\/www.rememberme-forever.com\/pl\/wp-json\/wp\/v2\/product_cat?post=13088"},{"taxonomy":"product_tag","embeddable":true,"href":"https:\/\/www.rememberme-forever.com\/pl\/wp-json\/wp\/v2\/product_tag?post=13088"}],"curies":[{"name":"wp","href":"https:\/\/api.w.org\/{rel}","templated":true}]}}