{"id":13529,"date":"2024-10-16T11:42:21","date_gmt":"2024-10-16T09:42:21","guid":{"rendered":"https:\/\/www.rememberme-forever.com\/product\/urna-pogrzebowa-dla-lekarza-tematyczna-urna-kremacyjna\/"},"modified":"2026-02-18T15:02:40","modified_gmt":"2026-02-18T14:02:40","slug":"urna-pogrzebowa-dla-lekarza-tematyczna-urna-kremacyjna","status":"publish","type":"product","link":"https:\/\/www.rememberme-forever.com\/pl\/produkt\/urna-pogrzebowa-dla-lekarza-tematyczna-urna-kremacyjna\/","title":{"rendered":"Urna pogrzebowa dla lekarza, Tematyczna urna kremacyjna."},"content":{"rendered":"<p>Uczczenie pami\u0119ci bliskiej osoby, kt\u00f3ra po\u015bwi\u0119ci\u0142a swoje \u017cycie pomaganiu innym. Nasza urna dla lekarza to pi\u0119knie wykonana urna kremacyjna, symbolizuj\u0105ca \u017cycie sp\u0119dzone na s\u0142u\u017cbie ludzko\u015bci.<\/p>\n<p><b>Elegancki design i personalizacja<\/b><\/p>\n<p>Ta urna charakteryzuje si\u0119 wypolerowanym wyko\u0144czeniem w kolorze mahoniu oraz lekko zaokr\u0105glonymi kraw\u0119dziami, nadaj\u0105c jej ponadczasowy i nowoczesny wygl\u0105d. Na froncie znajduje si\u0119 szczeg\u00f3\u0142owa grawerowana posta\u0107 lekarza, oddaj\u0105ca istot\u0119 jego szlachetnego zawodu. Dodatkowo, personalizowana tabliczka pami\u0105tkowa umo\u017cliwia dodanie w\u0142asnego tekstu, takiego jak imi\u0119 lekarza, lata pracy lub osobista wiadomo\u015b\u0107, czyni\u0105c t\u0119 urn\u0119 wyj\u0105tkowym i znacz\u0105cym ho\u0142dem.<\/p>\n<div style=\"width: 100%; margin-bottom: 30px; height: max-content; padding-bottom: 60%; position: relative;\"><iframe style=\"position: absolute; top: 0; left: 0; width: 100%; height: 100%;\" src=\"https:\/\/rememberme-urns.com\/theme-urn-for-a-doctor\/\" frameborder=\"0\"><\/iframe><\/div>\n<div style=\"color: red; text-align: center; margin-bottom: 25px;\">\n<p>&gt;&gt; Obrotowe zdj\u0119cie &#8211; dotknij\/zbli\u017c &lt;&lt;<\/p>\n<\/div>\n<p><b>Wysokiej jako\u015bci wykonanie<\/b><\/p>\n<p>Wykonana z litego drewna, urna dla lekarza \u0142\u0105czy w sobie trwa\u0142o\u015b\u0107 z estetycznym wygl\u0105dem. G\u0142\u0119boki kolor mahoniu podkre\u015bla naturalne pi\u0119kno drewna, nadaj\u0105c urnie ciep\u0142y i dostojny wygl\u0105d. Mistrzowskie wykonanie gwarantuje, \u017ce urna b\u0119dzie trwa\u0142ym ho\u0142dem, zachowuj\u0105c pami\u0119\u0107 o bliskiej osobie z wdzi\u0119kiem i godno\u015bci\u0105.<\/p>\n<p><b>Symbolika i emocjonalne znaczenie<\/b><\/p>\n<p>Grawerowana posta\u0107 lekarza symbolizuje oddanie, opiek\u0119 i wsp\u00f3\u0142czucie, kt\u00f3re definiowa\u0142y \u017cycie Twojej bliskiej osoby. Ta urna nie jest tylko pojemnikiem na prochy; to cenny element sztuki, kt\u00f3ry oddaje ho\u0142d dziedzictwu osoby, kt\u00f3ra po\u015bwi\u0119ci\u0142a swoje \u017cycie pomaganiu innym.<\/p>\n<p><b>Przemy\u015blany ho\u0142d dla uzdrowiciela<\/b><\/p>\n<p>Wyb\u00f3r odpowiedniej urny jest wa\u017cnym elementem procesu \u017ca\u0142oby. Nasza urna dla lekarza oferuje idealne po\u0142\u0105czenie pi\u0119kna, kunsztu i emocjonalnej warto\u015bci. Jej unikalny design oraz opcje personalizacji zapewniaj\u0105, \u017ce b\u0119dzie ona godnym ho\u0142dem dla Twojej bliskiej osoby, odzwierciedlaj\u0105cym g\u0142\u0119boki szacunek i podziw, na kt\u00f3re zas\u0142u\u017cy\u0142a przez ca\u0142e swoje \u017cycie.<\/p>\n<p>&nbsp;<\/p>\n<p>\u25ba\u00a0<span style=\"font-weight: 600;\">PERSONALIZACJA<\/span>\u00a0\u25c4<\/p>\n<p>\u2714\ufe0f Je\u015bli wybierasz personalizowan\u0105 plakietk\u0119, wpisz tekst w odpowiednie miejsce.<\/p>\n<p>\u2714\ufe0f Personalizowan\u0105 plakietk\u0119 pami\u0105tkow\u0105 nale\u017cy dostosowa\u0107 podczas sk\u0142adania zam\u00f3wienia. (Nie martw si\u0119, je\u015bli zapomnisz, zawsze mo\u017cesz przes\u0142a\u0107 nam wiadomo\u015b\u0107 p\u00f3\u017aniej.)<\/p>\n<p>Ograniczenia tekstu s\u0105 nast\u0119puj\u0105ce:<\/p>\n<ul>\n<li>Imi\u0119 (imiona) do 35 znak\u00f3w<\/li>\n<li>Data urodzenia i \u015bmierci do 35 znak\u00f3w<\/li>\n<li>Trzecia linia do 35 znak\u00f3w<\/li>\n<\/ul>\n<p>\u2714\ufe0f Prosimy o DOK\u0141ADNE sprawdzenie tekstu do grawerowania przed dodaniem produktu do koszyka. Kopiujemy i grawerujemy dok\u0142adnie takie informacje, jakie otrzymujemy z zam\u00f3wieniem i nie wprowadzamy \u017cadnych zmian z naszej strony.<\/p>\n<p>\u2714\ufe0f Sprawd\u017a tekst aby upewni\u0107 si\u0119 \u017ce pisownia jest poprawna<\/p>\n<p>&nbsp;<\/p>\n<div><\/div>\n","protected":false},"excerpt":{"rendered":"<p><b>\u2611\ufe0f <em style=\"color: red;\">Jeste\u015bmy \u015bwiadomi kr\u00f3tkiego czasu na dostarczenie urny. Urn\u0119 zam\u00f3wion\u0105 do godz. 12.00 w dzie\u0144 roboczy wysy\u0142amy natychmiast.\u00a0<\/em><\/b><\/p>\n","protected":false},"featured_media":13210,"template":"","meta":{"_acf_changed":false},"product_brand":[],"product_cat":[136,3406],"product_tag":[3308],"class_list":{"0":"post-13529","1":"product","2":"type-product","3":"status-publish","4":"has-post-thumbnail","6":"product_cat-urny-tematyczne","7":"product_cat-zawody","8":"product_tag-gpsr-all-wood-urns","9":"product_shipping_class-art-urns-kule-do20cm-pl","11":"first","12":"instock","13":"taxable","14":"shipping-taxable","15":"purchasable","16":"product-type-variable"},"yoast_head":"<!-- This site is optimized with the Yoast SEO plugin v27.4 - https:\/\/yoast.com\/product\/yoast-seo-wordpress\/ -->\n<title>Urna pogrzebowa dla lekarza, Tematyczna urna kremacyjna. - Remember Forever<\/title>\n<meta name=\"description\" content=\"Uczczenie pami\u0119ci bliskiej osoby, kt\u00f3ra po\u015bwi\u0119ci\u0142a swoje \u017cycie pomaganiu innym. Nasza urna dla lekarza to pi\u0119knie wykonana urna kremacyjna...\" \/>\n<meta name=\"robots\" content=\"index, follow, max-snippet:-1, max-image-preview:large, max-video-preview:-1\" \/>\n<link rel=\"canonical\" href=\"https:\/\/www.rememberme-forever.com\/pl\/produkt\/urna-pogrzebowa-dla-lekarza-tematyczna-urna-kremacyjna\/\" \/>\n<meta property=\"og:locale\" content=\"pl_PL\" \/>\n<meta property=\"og:type\" content=\"article\" \/>\n<meta property=\"og:title\" content=\"Urna pogrzebowa dla lekarza, Tematyczna urna kremacyjna. - Remember Forever\" \/>\n<meta property=\"og:description\" content=\"Uczczenie pami\u0119ci bliskiej osoby, kt\u00f3ra po\u015bwi\u0119ci\u0142a swoje \u017cycie pomaganiu innym. Nasza urna dla lekarza to pi\u0119knie wykonana urna kremacyjna...\" \/>\n<meta property=\"og:url\" content=\"https:\/\/www.rememberme-forever.com\/pl\/produkt\/urna-pogrzebowa-dla-lekarza-tematyczna-urna-kremacyjna\/\" \/>\n<meta property=\"og:site_name\" content=\"Remember Forever\" \/>\n<meta property=\"article:modified_time\" content=\"2026-02-18T14:02:40+00:00\" \/>\n<meta property=\"og:image\" content=\"http:\/\/www.rememberme-forever.com\/wp-content\/uploads\/2024\/08\/doctor_urn_0001.jpg\" \/>\n\t<meta property=\"og:image:width\" content=\"1007\" \/>\n\t<meta property=\"og:image:height\" content=\"1024\" \/>\n\t<meta property=\"og:image:type\" content=\"image\/jpeg\" \/>\n<meta name=\"twitter:card\" content=\"summary_large_image\" \/>\n<meta name=\"twitter:label1\" content=\"Szacowany czas czytania\" \/>\n\t<meta name=\"twitter:data1\" content=\"2 minuta\" \/>\n<script type=\"application\/ld+json\" class=\"yoast-schema-graph\">{\"@context\":\"https:\\\/\\\/schema.org\",\"@graph\":[{\"@type\":\"WebPage\",\"@id\":\"https:\\\/\\\/www.rememberme-forever.com\\\/pl\\\/produkt\\\/urna-pogrzebowa-dla-lekarza-tematyczna-urna-kremacyjna\\\/\",\"url\":\"https:\\\/\\\/www.rememberme-forever.com\\\/pl\\\/produkt\\\/urna-pogrzebowa-dla-lekarza-tematyczna-urna-kremacyjna\\\/\",\"name\":\"Urna pogrzebowa dla lekarza, Tematyczna urna kremacyjna. - Remember Forever\",\"isPartOf\":{\"@id\":\"https:\\\/\\\/www.rememberme-forever.com\\\/pl\\\/#website\"},\"primaryImageOfPage\":{\"@id\":\"https:\\\/\\\/www.rememberme-forever.com\\\/pl\\\/produkt\\\/urna-pogrzebowa-dla-lekarza-tematyczna-urna-kremacyjna\\\/#primaryimage\"},\"image\":{\"@id\":\"https:\\\/\\\/www.rememberme-forever.com\\\/pl\\\/produkt\\\/urna-pogrzebowa-dla-lekarza-tematyczna-urna-kremacyjna\\\/#primaryimage\"},\"thumbnailUrl\":\"https:\\\/\\\/www.rememberme-forever.com\\\/wp-content\\\/uploads\\\/2024\\\/08\\\/doctor_urn_0001.jpg\",\"datePublished\":\"2024-10-16T09:42:21+00:00\",\"dateModified\":\"2026-02-18T14:02:40+00:00\",\"description\":\"Uczczenie pami\u0119ci bliskiej osoby, kt\u00f3ra po\u015bwi\u0119ci\u0142a swoje \u017cycie pomaganiu innym. Nasza urna dla lekarza to pi\u0119knie wykonana urna kremacyjna...\",\"breadcrumb\":{\"@id\":\"https:\\\/\\\/www.rememberme-forever.com\\\/pl\\\/produkt\\\/urna-pogrzebowa-dla-lekarza-tematyczna-urna-kremacyjna\\\/#breadcrumb\"},\"inLanguage\":\"pl-PL\",\"potentialAction\":[{\"@type\":\"ReadAction\",\"target\":[\"https:\\\/\\\/www.rememberme-forever.com\\\/pl\\\/produkt\\\/urna-pogrzebowa-dla-lekarza-tematyczna-urna-kremacyjna\\\/\"]}]},{\"@type\":\"ImageObject\",\"inLanguage\":\"pl-PL\",\"@id\":\"https:\\\/\\\/www.rememberme-forever.com\\\/pl\\\/produkt\\\/urna-pogrzebowa-dla-lekarza-tematyczna-urna-kremacyjna\\\/#primaryimage\",\"url\":\"https:\\\/\\\/www.rememberme-forever.com\\\/wp-content\\\/uploads\\\/2024\\\/08\\\/doctor_urn_0001.jpg\",\"contentUrl\":\"https:\\\/\\\/www.rememberme-forever.com\\\/wp-content\\\/uploads\\\/2024\\\/08\\\/doctor_urn_0001.jpg\",\"width\":1007,\"height\":1024,\"caption\":\"doctor urn, urna dla lekarza\"},{\"@type\":\"BreadcrumbList\",\"@id\":\"https:\\\/\\\/www.rememberme-forever.com\\\/pl\\\/produkt\\\/urna-pogrzebowa-dla-lekarza-tematyczna-urna-kremacyjna\\\/#breadcrumb\",\"itemListElement\":[{\"@type\":\"ListItem\",\"position\":1,\"name\":\"Home\",\"item\":\"https:\\\/\\\/www.rememberme-forever.com\\\/pl\\\/strona-glowna\\\/\"},{\"@type\":\"ListItem\",\"position\":2,\"name\":\"Sklep\",\"item\":\"https:\\\/\\\/www.rememberme-forever.com\\\/pl\\\/sklep-2\\\/\"},{\"@type\":\"ListItem\",\"position\":3,\"name\":\"Urna pogrzebowa dla lekarza, Tematyczna urna kremacyjna.\"}]},{\"@type\":\"WebSite\",\"@id\":\"https:\\\/\\\/www.rememberme-forever.com\\\/pl\\\/#website\",\"url\":\"https:\\\/\\\/www.rememberme-forever.com\\\/pl\\\/\",\"name\":\"Remember Forever\",\"description\":\"Cremation urns, funeral urns, urns for ashes\",\"publisher\":{\"@id\":\"https:\\\/\\\/www.rememberme-forever.com\\\/pl\\\/#organization\"},\"potentialAction\":[{\"@type\":\"SearchAction\",\"target\":{\"@type\":\"EntryPoint\",\"urlTemplate\":\"https:\\\/\\\/www.rememberme-forever.com\\\/pl\\\/?s={search_term_string}\"},\"query-input\":{\"@type\":\"PropertyValueSpecification\",\"valueRequired\":true,\"valueName\":\"search_term_string\"}}],\"inLanguage\":\"pl-PL\"},{\"@type\":\"Organization\",\"@id\":\"https:\\\/\\\/www.rememberme-forever.com\\\/pl\\\/#organization\",\"name\":\"Remember Forever\",\"url\":\"https:\\\/\\\/www.rememberme-forever.com\\\/pl\\\/\",\"logo\":{\"@type\":\"ImageObject\",\"inLanguage\":\"pl-PL\",\"@id\":\"https:\\\/\\\/www.rememberme-forever.com\\\/pl\\\/#\\\/schema\\\/logo\\\/image\\\/\",\"url\":\"https:\\\/\\\/www.rememberme-forever.com\\\/wp-content\\\/uploads\\\/2023\\\/02\\\/logo.png\",\"contentUrl\":\"https:\\\/\\\/www.rememberme-forever.com\\\/wp-content\\\/uploads\\\/2023\\\/02\\\/logo.png\",\"width\":300,\"height\":56,\"caption\":\"Remember Forever\"},\"image\":{\"@id\":\"https:\\\/\\\/www.rememberme-forever.com\\\/pl\\\/#\\\/schema\\\/logo\\\/image\\\/\"}}]}<\/script>\n<!-- \/ Yoast SEO plugin. -->","yoast_head_json":{"title":"Urna pogrzebowa dla lekarza, Tematyczna urna kremacyjna. - Remember Forever","description":"Uczczenie pami\u0119ci bliskiej osoby, kt\u00f3ra po\u015bwi\u0119ci\u0142a swoje \u017cycie pomaganiu innym. Nasza urna dla lekarza to pi\u0119knie wykonana urna kremacyjna...","robots":{"index":"index","follow":"follow","max-snippet":"max-snippet:-1","max-image-preview":"max-image-preview:large","max-video-preview":"max-video-preview:-1"},"canonical":"https:\/\/www.rememberme-forever.com\/pl\/produkt\/urna-pogrzebowa-dla-lekarza-tematyczna-urna-kremacyjna\/","og_locale":"pl_PL","og_type":"article","og_title":"Urna pogrzebowa dla lekarza, Tematyczna urna kremacyjna. - Remember Forever","og_description":"Uczczenie pami\u0119ci bliskiej osoby, kt\u00f3ra po\u015bwi\u0119ci\u0142a swoje \u017cycie pomaganiu innym. Nasza urna dla lekarza to pi\u0119knie wykonana urna kremacyjna...","og_url":"https:\/\/www.rememberme-forever.com\/pl\/produkt\/urna-pogrzebowa-dla-lekarza-tematyczna-urna-kremacyjna\/","og_site_name":"Remember Forever","article_modified_time":"2026-02-18T14:02:40+00:00","og_image":[{"width":1007,"height":1024,"url":"http:\/\/www.rememberme-forever.com\/wp-content\/uploads\/2024\/08\/doctor_urn_0001.jpg","type":"image\/jpeg"}],"twitter_card":"summary_large_image","twitter_misc":{"Szacowany czas czytania":"2 minuta"},"schema":{"@context":"https:\/\/schema.org","@graph":[{"@type":"WebPage","@id":"https:\/\/www.rememberme-forever.com\/pl\/produkt\/urna-pogrzebowa-dla-lekarza-tematyczna-urna-kremacyjna\/","url":"https:\/\/www.rememberme-forever.com\/pl\/produkt\/urna-pogrzebowa-dla-lekarza-tematyczna-urna-kremacyjna\/","name":"Urna pogrzebowa dla lekarza, Tematyczna urna kremacyjna. - Remember Forever","isPartOf":{"@id":"https:\/\/www.rememberme-forever.com\/pl\/#website"},"primaryImageOfPage":{"@id":"https:\/\/www.rememberme-forever.com\/pl\/produkt\/urna-pogrzebowa-dla-lekarza-tematyczna-urna-kremacyjna\/#primaryimage"},"image":{"@id":"https:\/\/www.rememberme-forever.com\/pl\/produkt\/urna-pogrzebowa-dla-lekarza-tematyczna-urna-kremacyjna\/#primaryimage"},"thumbnailUrl":"https:\/\/www.rememberme-forever.com\/wp-content\/uploads\/2024\/08\/doctor_urn_0001.jpg","datePublished":"2024-10-16T09:42:21+00:00","dateModified":"2026-02-18T14:02:40+00:00","description":"Uczczenie pami\u0119ci bliskiej osoby, kt\u00f3ra po\u015bwi\u0119ci\u0142a swoje \u017cycie pomaganiu innym. Nasza urna dla lekarza to pi\u0119knie wykonana urna kremacyjna...","breadcrumb":{"@id":"https:\/\/www.rememberme-forever.com\/pl\/produkt\/urna-pogrzebowa-dla-lekarza-tematyczna-urna-kremacyjna\/#breadcrumb"},"inLanguage":"pl-PL","potentialAction":[{"@type":"ReadAction","target":["https:\/\/www.rememberme-forever.com\/pl\/produkt\/urna-pogrzebowa-dla-lekarza-tematyczna-urna-kremacyjna\/"]}]},{"@type":"ImageObject","inLanguage":"pl-PL","@id":"https:\/\/www.rememberme-forever.com\/pl\/produkt\/urna-pogrzebowa-dla-lekarza-tematyczna-urna-kremacyjna\/#primaryimage","url":"https:\/\/www.rememberme-forever.com\/wp-content\/uploads\/2024\/08\/doctor_urn_0001.jpg","contentUrl":"https:\/\/www.rememberme-forever.com\/wp-content\/uploads\/2024\/08\/doctor_urn_0001.jpg","width":1007,"height":1024,"caption":"doctor urn, urna dla lekarza"},{"@type":"BreadcrumbList","@id":"https:\/\/www.rememberme-forever.com\/pl\/produkt\/urna-pogrzebowa-dla-lekarza-tematyczna-urna-kremacyjna\/#breadcrumb","itemListElement":[{"@type":"ListItem","position":1,"name":"Home","item":"https:\/\/www.rememberme-forever.com\/pl\/strona-glowna\/"},{"@type":"ListItem","position":2,"name":"Sklep","item":"https:\/\/www.rememberme-forever.com\/pl\/sklep-2\/"},{"@type":"ListItem","position":3,"name":"Urna pogrzebowa dla lekarza, Tematyczna urna kremacyjna."}]},{"@type":"WebSite","@id":"https:\/\/www.rememberme-forever.com\/pl\/#website","url":"https:\/\/www.rememberme-forever.com\/pl\/","name":"Remember Forever","description":"Cremation urns, funeral urns, urns for ashes","publisher":{"@id":"https:\/\/www.rememberme-forever.com\/pl\/#organization"},"potentialAction":[{"@type":"SearchAction","target":{"@type":"EntryPoint","urlTemplate":"https:\/\/www.rememberme-forever.com\/pl\/?s={search_term_string}"},"query-input":{"@type":"PropertyValueSpecification","valueRequired":true,"valueName":"search_term_string"}}],"inLanguage":"pl-PL"},{"@type":"Organization","@id":"https:\/\/www.rememberme-forever.com\/pl\/#organization","name":"Remember Forever","url":"https:\/\/www.rememberme-forever.com\/pl\/","logo":{"@type":"ImageObject","inLanguage":"pl-PL","@id":"https:\/\/www.rememberme-forever.com\/pl\/#\/schema\/logo\/image\/","url":"https:\/\/www.rememberme-forever.com\/wp-content\/uploads\/2023\/02\/logo.png","contentUrl":"https:\/\/www.rememberme-forever.com\/wp-content\/uploads\/2023\/02\/logo.png","width":300,"height":56,"caption":"Remember Forever"},"image":{"@id":"https:\/\/www.rememberme-forever.com\/pl\/#\/schema\/logo\/image\/"}}]}},"acf":[],"_links":{"self":[{"href":"https:\/\/www.rememberme-forever.com\/pl\/wp-json\/wp\/v2\/product\/13529","targetHints":{"allow":["GET"]}}],"collection":[{"href":"https:\/\/www.rememberme-forever.com\/pl\/wp-json\/wp\/v2\/product"}],"about":[{"href":"https:\/\/www.rememberme-forever.com\/pl\/wp-json\/wp\/v2\/types\/product"}],"wp:featuredmedia":[{"embeddable":true,"href":"https:\/\/www.rememberme-forever.com\/pl\/wp-json\/wp\/v2\/media\/13210"}],"wp:attachment":[{"href":"https:\/\/www.rememberme-forever.com\/pl\/wp-json\/wp\/v2\/media?parent=13529"}],"wp:term":[{"taxonomy":"product_brand","embeddable":true,"href":"https:\/\/www.rememberme-forever.com\/pl\/wp-json\/wp\/v2\/product_brand?post=13529"},{"taxonomy":"product_cat","embeddable":true,"href":"https:\/\/www.rememberme-forever.com\/pl\/wp-json\/wp\/v2\/product_cat?post=13529"},{"taxonomy":"product_tag","embeddable":true,"href":"https:\/\/www.rememberme-forever.com\/pl\/wp-json\/wp\/v2\/product_tag?post=13529"}],"curies":[{"name":"wp","href":"https:\/\/api.w.org\/{rel}","templated":true}]}}