{"id":13841,"date":"2024-10-25T09:55:55","date_gmt":"2024-10-25T07:55:55","guid":{"rendered":"https:\/\/www.rememberme-forever.com\/product\/tematyczna-urna-pogrzebowa-z-podobizna-wedkarza-urna-dla-wedkarza\/"},"modified":"2026-02-18T15:02:02","modified_gmt":"2026-02-18T14:02:02","slug":"tematyczna-urna-pogrzebowa-z-podobizna-wedkarza-urna-dla-wedkarza","status":"publish","type":"product","link":"https:\/\/www.rememberme-forever.com\/pl\/produkt\/tematyczna-urna-pogrzebowa-z-podobizna-wedkarza-urna-dla-wedkarza\/","title":{"rendered":"Tematyczna urna pogrzebowa z podobizn\u0105 w\u0119dkarza, urna dla w\u0119dkarza"},"content":{"rendered":"<p>&nbsp;<\/p>\n<p>Spersonalizowana urna z motywem w\u0119dkarza to wyj\u0105tkowy spos\u00f3b na uhonorowanie pami\u0119ci bliskiej osoby, kt\u00f3ra pasjonowa\u0142a si\u0119 w\u0119dkarstwem. Ta drewniana urna, wykonana w nowoczesnym stylu z delikatnie zaokr\u0105glonymi kraw\u0119dziami, stanowi elegancki i niepowtarzalny ho\u0142d. Jej g\u0142adki, wsp\u00f3\u0142czesny design doskonale komponuje si\u0119 z ka\u017cdym wn\u0119trzem, a mo\u017cliwo\u015b\u0107 personalizacji czyni j\u0105 wyj\u0105tkow\u0105 pami\u0105tk\u0105.<\/p>\n<div style=\"width: 100%; margin-bottom: 30px; height: max-content; padding-bottom: 60%; position: relative;\"><iframe style=\"position: absolute; top: 0; left: 0; width: 100%; height: 100%;\" src=\"https:\/\/rememberme-urns.com\/theme-urn-for-a-fisherman\/\" frameborder=\"0\"><\/iframe><\/div>\n<div style=\"color: red; text-align: center; margin-bottom: 25px;\">\n<p>&gt;&gt; Obrotowe zdj\u0119cie &#8211; dotknij\/zbli\u017c &lt;&lt;<\/p>\n<\/div>\n<p>G\u0142\u00f3wne cechy tej urny:<\/p>\n<ul>\n<li><strong>Grawerunek w\u0119dkarza<\/strong>: Szczeg\u00f3\u0142owy, artystyczny grawer przedstawiaj\u0105cy w\u0119dkarza, oddaj\u0105cy spok\u00f3j i rado\u015b\u0107 p\u0142yn\u0105c\u0105 z w\u0119dkowania.<\/li>\n<li><strong>Personalizacja<\/strong>: Urna mo\u017ce by\u0107 dodatkowo spersonalizowana poprzez dodanie imienia, dat czy specjalnego przes\u0142ania upami\u0119tniaj\u0105cego zmar\u0142ego. Ten indywidualny akcent sprawia, \u017ce urna staje si\u0119 pe\u0142n\u0105 emocji i unikaln\u0105 pami\u0105tk\u0105.<\/li>\n<li><strong>Nowoczesny design<\/strong>: Z delikatnie zaokr\u0105glonymi kraw\u0119dziami, urna charakteryzuje si\u0119 nowoczesnym, minimalistycznym stylem, kt\u00f3ry doskonale wpasuje si\u0119 w ka\u017cde otoczenie. G\u0142adkie wyko\u0144czenie drewniane nadaje jej ciep\u0142a i ponadczasowej elegancji.<\/li>\n<li><strong>Wysokiej jako\u015bci rzemios\u0142o<\/strong>: Urna jest starannie wykonana z wysokiej jako\u015bci drewna, co gwarantuje jej trwa\u0142o\u015b\u0107 i godny wygl\u0105d, idealny do przechowywania proch\u00f3w bliskiej osoby.<\/li>\n<\/ul>\n<p>Urna z motywem w\u0119dkarza to doskona\u0142y wyb\u00f3r dla rodzin, kt\u00f3re pragn\u0105 upami\u0119tni\u0107 ulubione hobby zmar\u0142ego i zachowa\u0107 jego wspomnienie w pi\u0119knie wykonanej, spersonalizowanej pami\u0105tce.<\/p>\n<p>\u25ba\u00a0<span style=\"font-weight: 600;\">PERSONALIZACJA<\/span>\u00a0\u25c4<\/p>\n<p>\u2714\ufe0f Je\u015bli wybierasz personalizowan\u0105 plakietk\u0119, wpisz tekst w odpowiednie miejsce lub wy\u015blij wiadomo\u015b\u0107 do<\/p>\n<p>\u2714\ufe0f Personalizowan\u0105 plakietk\u0119 pami\u0105tkow\u0105 nale\u017cy dostosowa\u0107 podczas sk\u0142adania zam\u00f3wienia. (Nie martw si\u0119, je\u015bli zapomnisz, zawsze mo\u017cesz przes\u0142a\u0107 nam wiadomo\u015b\u0107 p\u00f3\u017aniej.)<\/p>\n<p>Ograniczenia tekstu s\u0105 nast\u0119puj\u0105ce:<\/p>\n<ul>\n<li>Imi\u0119 (imiona) do 35 znak\u00f3w<\/li>\n<li>Data urodzenia i \u015bmierci do 35 znak\u00f3w<\/li>\n<li>Trzecia linia do 35 znak\u00f3w<\/li>\n<\/ul>\n<p>\u2714\ufe0f Prosimy o DOK\u0141ADNE sprawdzenie tekstu do grawerowania przed dodaniem produktu do koszyka. Kopiujemy i grawerujemy dok\u0142adnie takie informacje, jakie otrzymujemy z zam\u00f3wieniem i nie wprowadzamy \u017cadnych zmian z naszej strony.<\/p>\n<p>\u2714\ufe0f Sprawd\u017a tekst aby upewni\u0107 si\u0119 \u017ce pisownia jest poprawna<\/p>\n<p>\u2714\ufe0f NIE wprowadzaj danych do grawerowania, je\u015bli kupujesz opcj\u0119 'Urna bez plakietki&#8217;.<\/p>\n<div><\/div>\n","protected":false},"excerpt":{"rendered":"<p>&nbsp; Spersonalizowana urna z motywem w\u0119dkarza to wyj\u0105tkowy spos\u00f3b na uhonorowanie pami\u0119ci bliskiej osoby, kt\u00f3ra pasjonowa\u0142a si\u0119 w\u0119dkarstwem. Ta drewniana urna, wykonana w nowoczesnym stylu&#8230;<\/p>\n","protected":false},"featured_media":13778,"template":"","meta":{"_acf_changed":false},"product_brand":[],"product_cat":[3403,136],"product_tag":[3308],"class_list":{"0":"post-13841","1":"product","2":"type-product","3":"status-publish","4":"has-post-thumbnail","6":"product_cat-hobby","7":"product_cat-urny-tematyczne","8":"product_tag-gpsr-all-wood-urns","9":"product_shipping_class-art-urns-kule-do20cm-pl","11":"first","12":"instock","13":"taxable","14":"shipping-taxable","15":"purchasable","16":"product-type-variable"},"yoast_head":"<!-- This site is optimized with the Yoast SEO plugin v27.4 - https:\/\/yoast.com\/product\/yoast-seo-wordpress\/ -->\n<title>Tematyczna urna pogrzebowa z podobizn\u0105 w\u0119dkarza, urna dla w\u0119dkarza - Remember Forever<\/title>\n<meta name=\"description\" content=\"Spersonalizowana urna z motywem w\u0119dkarza to wyj\u0105tkowy spos\u00f3b na uhonorowanie pami\u0119ci bliskiej osoby, kt\u00f3ra pasjonowa\u0142a si\u0119 w\u0119dkarstwem.\" \/>\n<meta name=\"robots\" content=\"index, follow, max-snippet:-1, max-image-preview:large, max-video-preview:-1\" \/>\n<link rel=\"canonical\" href=\"https:\/\/www.rememberme-forever.com\/pl\/produkt\/tematyczna-urna-pogrzebowa-z-podobizna-wedkarza-urna-dla-wedkarza\/\" \/>\n<meta property=\"og:locale\" content=\"pl_PL\" \/>\n<meta property=\"og:type\" content=\"article\" \/>\n<meta property=\"og:title\" content=\"Tematyczna urna pogrzebowa z podobizn\u0105 w\u0119dkarza, urna dla w\u0119dkarza - Remember Forever\" \/>\n<meta property=\"og:description\" content=\"Spersonalizowana urna z motywem w\u0119dkarza to wyj\u0105tkowy spos\u00f3b na uhonorowanie pami\u0119ci bliskiej osoby, kt\u00f3ra pasjonowa\u0142a si\u0119 w\u0119dkarstwem.\" \/>\n<meta property=\"og:url\" content=\"https:\/\/www.rememberme-forever.com\/pl\/produkt\/tematyczna-urna-pogrzebowa-z-podobizna-wedkarza-urna-dla-wedkarza\/\" \/>\n<meta property=\"og:site_name\" content=\"Remember Forever\" \/>\n<meta property=\"article:modified_time\" content=\"2026-02-18T14:02:02+00:00\" \/>\n<meta property=\"og:image\" content=\"http:\/\/www.rememberme-forever.com\/wp-content\/uploads\/2024\/10\/fisherman_urn_0001.jpg\" \/>\n\t<meta property=\"og:image:width\" content=\"1007\" \/>\n\t<meta property=\"og:image:height\" content=\"1024\" \/>\n\t<meta property=\"og:image:type\" content=\"image\/jpeg\" \/>\n<meta name=\"twitter:card\" content=\"summary_large_image\" \/>\n<meta name=\"twitter:label1\" content=\"Szacowany czas czytania\" \/>\n\t<meta name=\"twitter:data1\" content=\"2 minuta\" \/>\n<script type=\"application\/ld+json\" class=\"yoast-schema-graph\">{\"@context\":\"https:\\\/\\\/schema.org\",\"@graph\":[{\"@type\":\"WebPage\",\"@id\":\"https:\\\/\\\/www.rememberme-forever.com\\\/pl\\\/produkt\\\/tematyczna-urna-pogrzebowa-z-podobizna-wedkarza-urna-dla-wedkarza\\\/\",\"url\":\"https:\\\/\\\/www.rememberme-forever.com\\\/pl\\\/produkt\\\/tematyczna-urna-pogrzebowa-z-podobizna-wedkarza-urna-dla-wedkarza\\\/\",\"name\":\"Tematyczna urna pogrzebowa z podobizn\u0105 w\u0119dkarza, urna dla w\u0119dkarza - Remember Forever\",\"isPartOf\":{\"@id\":\"https:\\\/\\\/www.rememberme-forever.com\\\/pl\\\/#website\"},\"primaryImageOfPage\":{\"@id\":\"https:\\\/\\\/www.rememberme-forever.com\\\/pl\\\/produkt\\\/tematyczna-urna-pogrzebowa-z-podobizna-wedkarza-urna-dla-wedkarza\\\/#primaryimage\"},\"image\":{\"@id\":\"https:\\\/\\\/www.rememberme-forever.com\\\/pl\\\/produkt\\\/tematyczna-urna-pogrzebowa-z-podobizna-wedkarza-urna-dla-wedkarza\\\/#primaryimage\"},\"thumbnailUrl\":\"https:\\\/\\\/www.rememberme-forever.com\\\/wp-content\\\/uploads\\\/2024\\\/10\\\/fisherman_urn_0001.jpg\",\"datePublished\":\"2024-10-25T07:55:55+00:00\",\"dateModified\":\"2026-02-18T14:02:02+00:00\",\"description\":\"Spersonalizowana urna z motywem w\u0119dkarza to wyj\u0105tkowy spos\u00f3b na uhonorowanie pami\u0119ci bliskiej osoby, kt\u00f3ra pasjonowa\u0142a si\u0119 w\u0119dkarstwem.\",\"breadcrumb\":{\"@id\":\"https:\\\/\\\/www.rememberme-forever.com\\\/pl\\\/produkt\\\/tematyczna-urna-pogrzebowa-z-podobizna-wedkarza-urna-dla-wedkarza\\\/#breadcrumb\"},\"inLanguage\":\"pl-PL\",\"potentialAction\":[{\"@type\":\"ReadAction\",\"target\":[\"https:\\\/\\\/www.rememberme-forever.com\\\/pl\\\/produkt\\\/tematyczna-urna-pogrzebowa-z-podobizna-wedkarza-urna-dla-wedkarza\\\/\"]}]},{\"@type\":\"ImageObject\",\"inLanguage\":\"pl-PL\",\"@id\":\"https:\\\/\\\/www.rememberme-forever.com\\\/pl\\\/produkt\\\/tematyczna-urna-pogrzebowa-z-podobizna-wedkarza-urna-dla-wedkarza\\\/#primaryimage\",\"url\":\"https:\\\/\\\/www.rememberme-forever.com\\\/wp-content\\\/uploads\\\/2024\\\/10\\\/fisherman_urn_0001.jpg\",\"contentUrl\":\"https:\\\/\\\/www.rememberme-forever.com\\\/wp-content\\\/uploads\\\/2024\\\/10\\\/fisherman_urn_0001.jpg\",\"width\":1007,\"height\":1024,\"caption\":\"fisherman urn for ashes, urna dla w\u0119dkarza\"},{\"@type\":\"BreadcrumbList\",\"@id\":\"https:\\\/\\\/www.rememberme-forever.com\\\/pl\\\/produkt\\\/tematyczna-urna-pogrzebowa-z-podobizna-wedkarza-urna-dla-wedkarza\\\/#breadcrumb\",\"itemListElement\":[{\"@type\":\"ListItem\",\"position\":1,\"name\":\"Home\",\"item\":\"https:\\\/\\\/www.rememberme-forever.com\\\/pl\\\/strona-glowna\\\/\"},{\"@type\":\"ListItem\",\"position\":2,\"name\":\"Sklep\",\"item\":\"https:\\\/\\\/www.rememberme-forever.com\\\/pl\\\/sklep-2\\\/\"},{\"@type\":\"ListItem\",\"position\":3,\"name\":\"Tematyczna urna pogrzebowa z podobizn\u0105 w\u0119dkarza, urna dla w\u0119dkarza\"}]},{\"@type\":\"WebSite\",\"@id\":\"https:\\\/\\\/www.rememberme-forever.com\\\/pl\\\/#website\",\"url\":\"https:\\\/\\\/www.rememberme-forever.com\\\/pl\\\/\",\"name\":\"Remember Forever\",\"description\":\"Cremation urns, funeral urns, urns for ashes\",\"publisher\":{\"@id\":\"https:\\\/\\\/www.rememberme-forever.com\\\/pl\\\/#organization\"},\"potentialAction\":[{\"@type\":\"SearchAction\",\"target\":{\"@type\":\"EntryPoint\",\"urlTemplate\":\"https:\\\/\\\/www.rememberme-forever.com\\\/pl\\\/?s={search_term_string}\"},\"query-input\":{\"@type\":\"PropertyValueSpecification\",\"valueRequired\":true,\"valueName\":\"search_term_string\"}}],\"inLanguage\":\"pl-PL\"},{\"@type\":\"Organization\",\"@id\":\"https:\\\/\\\/www.rememberme-forever.com\\\/pl\\\/#organization\",\"name\":\"Remember Forever\",\"url\":\"https:\\\/\\\/www.rememberme-forever.com\\\/pl\\\/\",\"logo\":{\"@type\":\"ImageObject\",\"inLanguage\":\"pl-PL\",\"@id\":\"https:\\\/\\\/www.rememberme-forever.com\\\/pl\\\/#\\\/schema\\\/logo\\\/image\\\/\",\"url\":\"https:\\\/\\\/www.rememberme-forever.com\\\/wp-content\\\/uploads\\\/2023\\\/02\\\/logo.png\",\"contentUrl\":\"https:\\\/\\\/www.rememberme-forever.com\\\/wp-content\\\/uploads\\\/2023\\\/02\\\/logo.png\",\"width\":300,\"height\":56,\"caption\":\"Remember Forever\"},\"image\":{\"@id\":\"https:\\\/\\\/www.rememberme-forever.com\\\/pl\\\/#\\\/schema\\\/logo\\\/image\\\/\"}}]}<\/script>\n<!-- \/ Yoast SEO plugin. -->","yoast_head_json":{"title":"Tematyczna urna pogrzebowa z podobizn\u0105 w\u0119dkarza, urna dla w\u0119dkarza - Remember Forever","description":"Spersonalizowana urna z motywem w\u0119dkarza to wyj\u0105tkowy spos\u00f3b na uhonorowanie pami\u0119ci bliskiej osoby, kt\u00f3ra pasjonowa\u0142a si\u0119 w\u0119dkarstwem.","robots":{"index":"index","follow":"follow","max-snippet":"max-snippet:-1","max-image-preview":"max-image-preview:large","max-video-preview":"max-video-preview:-1"},"canonical":"https:\/\/www.rememberme-forever.com\/pl\/produkt\/tematyczna-urna-pogrzebowa-z-podobizna-wedkarza-urna-dla-wedkarza\/","og_locale":"pl_PL","og_type":"article","og_title":"Tematyczna urna pogrzebowa z podobizn\u0105 w\u0119dkarza, urna dla w\u0119dkarza - Remember Forever","og_description":"Spersonalizowana urna z motywem w\u0119dkarza to wyj\u0105tkowy spos\u00f3b na uhonorowanie pami\u0119ci bliskiej osoby, kt\u00f3ra pasjonowa\u0142a si\u0119 w\u0119dkarstwem.","og_url":"https:\/\/www.rememberme-forever.com\/pl\/produkt\/tematyczna-urna-pogrzebowa-z-podobizna-wedkarza-urna-dla-wedkarza\/","og_site_name":"Remember Forever","article_modified_time":"2026-02-18T14:02:02+00:00","og_image":[{"width":1007,"height":1024,"url":"http:\/\/www.rememberme-forever.com\/wp-content\/uploads\/2024\/10\/fisherman_urn_0001.jpg","type":"image\/jpeg"}],"twitter_card":"summary_large_image","twitter_misc":{"Szacowany czas czytania":"2 minuta"},"schema":{"@context":"https:\/\/schema.org","@graph":[{"@type":"WebPage","@id":"https:\/\/www.rememberme-forever.com\/pl\/produkt\/tematyczna-urna-pogrzebowa-z-podobizna-wedkarza-urna-dla-wedkarza\/","url":"https:\/\/www.rememberme-forever.com\/pl\/produkt\/tematyczna-urna-pogrzebowa-z-podobizna-wedkarza-urna-dla-wedkarza\/","name":"Tematyczna urna pogrzebowa z podobizn\u0105 w\u0119dkarza, urna dla w\u0119dkarza - Remember Forever","isPartOf":{"@id":"https:\/\/www.rememberme-forever.com\/pl\/#website"},"primaryImageOfPage":{"@id":"https:\/\/www.rememberme-forever.com\/pl\/produkt\/tematyczna-urna-pogrzebowa-z-podobizna-wedkarza-urna-dla-wedkarza\/#primaryimage"},"image":{"@id":"https:\/\/www.rememberme-forever.com\/pl\/produkt\/tematyczna-urna-pogrzebowa-z-podobizna-wedkarza-urna-dla-wedkarza\/#primaryimage"},"thumbnailUrl":"https:\/\/www.rememberme-forever.com\/wp-content\/uploads\/2024\/10\/fisherman_urn_0001.jpg","datePublished":"2024-10-25T07:55:55+00:00","dateModified":"2026-02-18T14:02:02+00:00","description":"Spersonalizowana urna z motywem w\u0119dkarza to wyj\u0105tkowy spos\u00f3b na uhonorowanie pami\u0119ci bliskiej osoby, kt\u00f3ra pasjonowa\u0142a si\u0119 w\u0119dkarstwem.","breadcrumb":{"@id":"https:\/\/www.rememberme-forever.com\/pl\/produkt\/tematyczna-urna-pogrzebowa-z-podobizna-wedkarza-urna-dla-wedkarza\/#breadcrumb"},"inLanguage":"pl-PL","potentialAction":[{"@type":"ReadAction","target":["https:\/\/www.rememberme-forever.com\/pl\/produkt\/tematyczna-urna-pogrzebowa-z-podobizna-wedkarza-urna-dla-wedkarza\/"]}]},{"@type":"ImageObject","inLanguage":"pl-PL","@id":"https:\/\/www.rememberme-forever.com\/pl\/produkt\/tematyczna-urna-pogrzebowa-z-podobizna-wedkarza-urna-dla-wedkarza\/#primaryimage","url":"https:\/\/www.rememberme-forever.com\/wp-content\/uploads\/2024\/10\/fisherman_urn_0001.jpg","contentUrl":"https:\/\/www.rememberme-forever.com\/wp-content\/uploads\/2024\/10\/fisherman_urn_0001.jpg","width":1007,"height":1024,"caption":"fisherman urn for ashes, urna dla w\u0119dkarza"},{"@type":"BreadcrumbList","@id":"https:\/\/www.rememberme-forever.com\/pl\/produkt\/tematyczna-urna-pogrzebowa-z-podobizna-wedkarza-urna-dla-wedkarza\/#breadcrumb","itemListElement":[{"@type":"ListItem","position":1,"name":"Home","item":"https:\/\/www.rememberme-forever.com\/pl\/strona-glowna\/"},{"@type":"ListItem","position":2,"name":"Sklep","item":"https:\/\/www.rememberme-forever.com\/pl\/sklep-2\/"},{"@type":"ListItem","position":3,"name":"Tematyczna urna pogrzebowa z podobizn\u0105 w\u0119dkarza, urna dla w\u0119dkarza"}]},{"@type":"WebSite","@id":"https:\/\/www.rememberme-forever.com\/pl\/#website","url":"https:\/\/www.rememberme-forever.com\/pl\/","name":"Remember Forever","description":"Cremation urns, funeral urns, urns for ashes","publisher":{"@id":"https:\/\/www.rememberme-forever.com\/pl\/#organization"},"potentialAction":[{"@type":"SearchAction","target":{"@type":"EntryPoint","urlTemplate":"https:\/\/www.rememberme-forever.com\/pl\/?s={search_term_string}"},"query-input":{"@type":"PropertyValueSpecification","valueRequired":true,"valueName":"search_term_string"}}],"inLanguage":"pl-PL"},{"@type":"Organization","@id":"https:\/\/www.rememberme-forever.com\/pl\/#organization","name":"Remember Forever","url":"https:\/\/www.rememberme-forever.com\/pl\/","logo":{"@type":"ImageObject","inLanguage":"pl-PL","@id":"https:\/\/www.rememberme-forever.com\/pl\/#\/schema\/logo\/image\/","url":"https:\/\/www.rememberme-forever.com\/wp-content\/uploads\/2023\/02\/logo.png","contentUrl":"https:\/\/www.rememberme-forever.com\/wp-content\/uploads\/2023\/02\/logo.png","width":300,"height":56,"caption":"Remember Forever"},"image":{"@id":"https:\/\/www.rememberme-forever.com\/pl\/#\/schema\/logo\/image\/"}}]}},"acf":[],"_links":{"self":[{"href":"https:\/\/www.rememberme-forever.com\/pl\/wp-json\/wp\/v2\/product\/13841","targetHints":{"allow":["GET"]}}],"collection":[{"href":"https:\/\/www.rememberme-forever.com\/pl\/wp-json\/wp\/v2\/product"}],"about":[{"href":"https:\/\/www.rememberme-forever.com\/pl\/wp-json\/wp\/v2\/types\/product"}],"wp:featuredmedia":[{"embeddable":true,"href":"https:\/\/www.rememberme-forever.com\/pl\/wp-json\/wp\/v2\/media\/13778"}],"wp:attachment":[{"href":"https:\/\/www.rememberme-forever.com\/pl\/wp-json\/wp\/v2\/media?parent=13841"}],"wp:term":[{"taxonomy":"product_brand","embeddable":true,"href":"https:\/\/www.rememberme-forever.com\/pl\/wp-json\/wp\/v2\/product_brand?post=13841"},{"taxonomy":"product_cat","embeddable":true,"href":"https:\/\/www.rememberme-forever.com\/pl\/wp-json\/wp\/v2\/product_cat?post=13841"},{"taxonomy":"product_tag","embeddable":true,"href":"https:\/\/www.rememberme-forever.com\/pl\/wp-json\/wp\/v2\/product_tag?post=13841"}],"curies":[{"name":"wp","href":"https:\/\/api.w.org\/{rel}","templated":true}]}}