{"id":13876,"date":"2024-10-28T13:22:40","date_gmt":"2024-10-28T12:22:40","guid":{"rendered":"https:\/\/www.rememberme-forever.com\/product\/cremation-urn-for-ashes-made-of-beech-wood-new-empty-urna-kremacyjna-wykonana-z-drewna-bukowego-nowa-pusta\/"},"modified":"2026-02-18T15:01:36","modified_gmt":"2026-02-18T14:01:36","slug":"tematyczna-urna-z-motywem-plazy-i-morza","status":"publish","type":"product","link":"https:\/\/www.rememberme-forever.com\/pl\/produkt\/tematyczna-urna-z-motywem-plazy-i-morza\/","title":{"rendered":"Tematyczna urna z motywem pla\u017cy i morza"},"content":{"rendered":"<div style=\"width: 100%; margin-bottom: 30px; height: max-content; padding-bottom: 60%; position: relative;\"><iframe style=\"position: absolute; top: 0; left: 0; width: 100%; height: 100%;\" src=\"https:\/\/rememberme-urns.com\/beach-urn\/\" frameborder=\"0\"><\/iframe><\/div>\n<div style=\"color: red; text-align: center; margin-bottom: 25px;\">\n<p>&gt;&gt; Obrotowe zdj\u0119cie &#8211; dotknij\/zbli\u017c &lt;&lt;<\/p>\n<\/div>\n<p>Dla tych, kt\u00f3rych ulubionym miejscem by\u0142a pla\u017ca. Nasza urna pla\u017cowa oferuje pi\u0119kny i znacz\u0105cy spos\u00f3b na uczczenie ich pami\u0119ci. Ta urna kremacyjna zosta\u0142a zaprojektowana z pogodn\u0105 scen\u0105 pla\u017cow\u0105, oddaj\u0105c\u0105 spok\u00f3j oceanu i ciep\u0142o piasku.<\/p>\n<p><strong>Elegancki wygl\u0105d i personalizacja<\/strong><br \/>\nWykonana z wysokiej jako\u015bci drewna urna posiada szczeg\u00f3\u0142owy grawerunek pla\u017cy i morza. Urna zawiera r\u00f3wnie\u017c opcjonaln\u0105, spersonalizowan\u0105 tabliczk\u0119 pami\u0105tkow\u0105, umo\u017cliwiaj\u0105c\u0105 dodanie niestandardowego tekstu, takiego jak imi\u0119, daty lub szczera wiadomo\u015b\u0107, dzi\u0119ki czemu jest to wyj\u0105tkowy i osobisty ho\u0142d.<\/p>\n<p><strong>Wysokiej jako\u015bci wykonanie<\/strong><br \/>\nUrna jest wyko\u0144czona polerowanym mahoniowym lakierem, kt\u00f3ry podkre\u015bla naturalne pi\u0119kno drewna, zapewniaj\u0105c jednocze\u015bnie trwa\u0142o\u015b\u0107. Lekko zaokr\u0105glone kraw\u0119dzie nadaj\u0105 jej nowoczesny i elegancki wygl\u0105d, zapewniaj\u0105c, \u017ce b\u0119dzie ona zar\u00f3wno pi\u0119kn\u0105 pami\u0105tk\u0105, jak i trwa\u0142ym ho\u0142dem.<\/p>\n<p><strong>Symbolika i znaczenie emocjonalne<\/strong><br \/>\nWygrawerowana na urnie scena symbolizuje mi\u0142o\u015b\u0107 i zwi\u0105zek ukochanej osoby z morzem. S\u0142u\u017cy jako pocieszaj\u0105ce przypomnienie spokojnych chwil sp\u0119dzonych nad morzem lub oceanem, przekszta\u0142caj\u0105c urn\u0119 z prostego pojemnika w cenne dzie\u0142o sztuki, kt\u00f3re honoruje pami\u0119\u0107 o zmar\u0142ym.<\/p>\n<p><strong>Przemy\u015blany ho\u0142d dla mi\u0142o\u015bnik\u00f3w pla\u017cy<\/strong><br \/>\nWyb\u00f3r odpowiedniej urny jest wa\u017cn\u0105 cz\u0119\u015bci\u0105 procesu \u017ca\u0142oby. Nasza urna oferuje idealne po\u0142\u0105czenie pi\u0119kna, kunsztu i emocjonalnego znaczenia. Jej unikalny design i opcje personalizacji zapewniaj\u0105, \u017ce s\u0142u\u017cy ona jako odpowiedni ho\u0142d dla ukochanej osoby, odzwierciedlaj\u0105c jej g\u0142\u0119boki zwi\u0105zek z pla\u017c\u0105, zapewniaj\u0105c jednocze\u015bnie trwa\u0142e upami\u0119tnienie.<\/p>\n<p>&nbsp;<\/p>\n<p><strong>\u25ba PERSONALIZACJA \u25c4<\/strong><\/p>\n<p>&nbsp;<\/p>\n<ul>\n<li>Je\u015bli wybierzesz spersonalizowan\u0105 tabliczk\u0119, prze\u015blij tekst podczas sk\u0142adania zam\u00f3wienia.<\/li>\n<li>Spersonalizowana tablica pami\u0105tkowa musi zosta\u0107 spersonalizowana podczas sk\u0142adania zam\u00f3wienia. (Nie panikuj, je\u015bli to przegapisz, poniewa\u017c zawsze mo\u017cesz wys\u0142a\u0107 nam wiadomo\u015b\u0107 p\u00f3\u017aniej).<\/li>\n<\/ul>\n<p>&nbsp;<\/p>\n<p>Ograniczenia dotycz\u0105ce tekstu s\u0105 nast\u0119puj\u0105ce:<\/p>\n<ul>\n<li>Imi\u0119 (imiona) Do 35 znak\u00f3w<\/li>\n<li>Data urodzenia i \u015bmierci Do 35 znak\u00f3w<\/li>\n<li>Trzeci wiersz Do 35 znak\u00f3w<\/li>\n<\/ul>\n<p>&nbsp;<\/p>\n<p><b>Prosimy o dok\u0142adne sprawdzenie tekstu do wygrawerowania przed dodaniem produktu do koszyka. Kopiujemy i grawerujemy dok\u0142adnie te informacje, kt\u00f3re otrzymujemy wraz z zam\u00f3wieniem i nie wprowadzamy \u017cadnych zmian.<\/b><\/p>\n<ul>\n<li>Sprawd\u017a tekst, aby upewni\u0107 si\u0119, \u017ce wszystkie pisownie s\u0105 poprawne.<\/li>\n<li>NIE wprowadzaj spersonalizowanych informacji, je\u015bli kupujesz opcj\u0119 &#8222;Urna bez tabliczki&#8221;.<\/li>\n<\/ul>\n","protected":false},"excerpt":{"rendered":"<p>Urna pomie\u015bci prochy osoby o wadze cia\u0142a do 138 kg.<\/p>\n<p><b>\u2611\ufe0f <em style=\"color: red;\">Jeste\u015bmy \u015bwiadomi kr\u00f3tkiego czasu na dostarczenie urny. Urn\u0119 zam\u00f3wion\u0105 do godz. 12.00 w dzie\u0144 roboczy wysy\u0142amy natychmiast.\u00a0<\/em><\/b><\/p>\n","protected":false},"featured_media":13189,"template":"","meta":{"_acf_changed":false},"product_brand":[],"product_cat":[3407,136],"product_tag":[3308],"class_list":{"0":"post-13876","1":"product","2":"type-product","3":"status-publish","4":"has-post-thumbnail","6":"product_cat-morze","7":"product_cat-urny-tematyczne","8":"product_tag-gpsr-all-wood-urns","9":"product_shipping_class-art-urns-kule-do20cm-pl","11":"first","12":"instock","13":"taxable","14":"shipping-taxable","15":"purchasable","16":"product-type-variable"},"yoast_head":"<!-- This site is optimized with the Yoast SEO plugin v27.4 - https:\/\/yoast.com\/product\/yoast-seo-wordpress\/ -->\n<title>Tematyczna urna z motywem pla\u017cy i morza - Remember Forever<\/title>\n<meta name=\"robots\" content=\"index, follow, max-snippet:-1, max-image-preview:large, max-video-preview:-1\" \/>\n<link rel=\"canonical\" href=\"https:\/\/www.rememberme-forever.com\/pl\/produkt\/tematyczna-urna-z-motywem-plazy-i-morza\/\" \/>\n<meta property=\"og:locale\" content=\"pl_PL\" \/>\n<meta property=\"og:type\" content=\"article\" \/>\n<meta property=\"og:title\" content=\"Tematyczna urna z motywem pla\u017cy i morza - Remember Forever\" \/>\n<meta property=\"og:description\" content=\"Urna pomie\u015bci prochy osoby o wadze cia\u0142a do 138 kg.  \u2611\ufe0f Jeste\u015bmy \u015bwiadomi kr\u00f3tkiego czasu na dostarczenie urny. Urn\u0119 zam\u00f3wion\u0105 do godz. 12.00 w dzie\u0144 roboczy wysy\u0142amy natychmiast.\u00a0\" \/>\n<meta property=\"og:url\" content=\"https:\/\/www.rememberme-forever.com\/pl\/produkt\/tematyczna-urna-z-motywem-plazy-i-morza\/\" \/>\n<meta property=\"og:site_name\" content=\"Remember Forever\" \/>\n<meta property=\"article:modified_time\" content=\"2026-02-18T14:01:36+00:00\" \/>\n<meta property=\"og:image\" content=\"http:\/\/www.rememberme-forever.com\/wp-content\/uploads\/2024\/08\/beach_urn_0001.jpg\" \/>\n\t<meta property=\"og:image:width\" content=\"1007\" \/>\n\t<meta property=\"og:image:height\" content=\"1024\" \/>\n\t<meta property=\"og:image:type\" content=\"image\/jpeg\" \/>\n<meta name=\"twitter:card\" content=\"summary_large_image\" \/>\n<meta name=\"twitter:label1\" content=\"Szacowany czas czytania\" \/>\n\t<meta name=\"twitter:data1\" content=\"2 minuta\" \/>\n<script type=\"application\/ld+json\" class=\"yoast-schema-graph\">{\"@context\":\"https:\\\/\\\/schema.org\",\"@graph\":[{\"@type\":\"WebPage\",\"@id\":\"https:\\\/\\\/www.rememberme-forever.com\\\/pl\\\/produkt\\\/tematyczna-urna-z-motywem-plazy-i-morza\\\/\",\"url\":\"https:\\\/\\\/www.rememberme-forever.com\\\/pl\\\/produkt\\\/tematyczna-urna-z-motywem-plazy-i-morza\\\/\",\"name\":\"Tematyczna urna z motywem pla\u017cy i morza - Remember Forever\",\"isPartOf\":{\"@id\":\"https:\\\/\\\/www.rememberme-forever.com\\\/pl\\\/#website\"},\"primaryImageOfPage\":{\"@id\":\"https:\\\/\\\/www.rememberme-forever.com\\\/pl\\\/produkt\\\/tematyczna-urna-z-motywem-plazy-i-morza\\\/#primaryimage\"},\"image\":{\"@id\":\"https:\\\/\\\/www.rememberme-forever.com\\\/pl\\\/produkt\\\/tematyczna-urna-z-motywem-plazy-i-morza\\\/#primaryimage\"},\"thumbnailUrl\":\"https:\\\/\\\/www.rememberme-forever.com\\\/wp-content\\\/uploads\\\/2024\\\/08\\\/beach_urn_0001.jpg\",\"datePublished\":\"2024-10-28T12:22:40+00:00\",\"dateModified\":\"2026-02-18T14:01:36+00:00\",\"breadcrumb\":{\"@id\":\"https:\\\/\\\/www.rememberme-forever.com\\\/pl\\\/produkt\\\/tematyczna-urna-z-motywem-plazy-i-morza\\\/#breadcrumb\"},\"inLanguage\":\"pl-PL\",\"potentialAction\":[{\"@type\":\"ReadAction\",\"target\":[\"https:\\\/\\\/www.rememberme-forever.com\\\/pl\\\/produkt\\\/tematyczna-urna-z-motywem-plazy-i-morza\\\/\"]}]},{\"@type\":\"ImageObject\",\"inLanguage\":\"pl-PL\",\"@id\":\"https:\\\/\\\/www.rememberme-forever.com\\\/pl\\\/produkt\\\/tematyczna-urna-z-motywem-plazy-i-morza\\\/#primaryimage\",\"url\":\"https:\\\/\\\/www.rememberme-forever.com\\\/wp-content\\\/uploads\\\/2024\\\/08\\\/beach_urn_0001.jpg\",\"contentUrl\":\"https:\\\/\\\/www.rememberme-forever.com\\\/wp-content\\\/uploads\\\/2024\\\/08\\\/beach_urn_0001.jpg\",\"width\":1007,\"height\":1024,\"caption\":\"beach urn\"},{\"@type\":\"BreadcrumbList\",\"@id\":\"https:\\\/\\\/www.rememberme-forever.com\\\/pl\\\/produkt\\\/tematyczna-urna-z-motywem-plazy-i-morza\\\/#breadcrumb\",\"itemListElement\":[{\"@type\":\"ListItem\",\"position\":1,\"name\":\"Home\",\"item\":\"https:\\\/\\\/www.rememberme-forever.com\\\/pl\\\/strona-glowna\\\/\"},{\"@type\":\"ListItem\",\"position\":2,\"name\":\"Sklep\",\"item\":\"https:\\\/\\\/www.rememberme-forever.com\\\/pl\\\/sklep-2\\\/\"},{\"@type\":\"ListItem\",\"position\":3,\"name\":\"Tematyczna urna z motywem pla\u017cy i morza\"}]},{\"@type\":\"WebSite\",\"@id\":\"https:\\\/\\\/www.rememberme-forever.com\\\/pl\\\/#website\",\"url\":\"https:\\\/\\\/www.rememberme-forever.com\\\/pl\\\/\",\"name\":\"Remember Forever\",\"description\":\"Cremation urns, funeral urns, urns for ashes\",\"publisher\":{\"@id\":\"https:\\\/\\\/www.rememberme-forever.com\\\/pl\\\/#organization\"},\"potentialAction\":[{\"@type\":\"SearchAction\",\"target\":{\"@type\":\"EntryPoint\",\"urlTemplate\":\"https:\\\/\\\/www.rememberme-forever.com\\\/pl\\\/?s={search_term_string}\"},\"query-input\":{\"@type\":\"PropertyValueSpecification\",\"valueRequired\":true,\"valueName\":\"search_term_string\"}}],\"inLanguage\":\"pl-PL\"},{\"@type\":\"Organization\",\"@id\":\"https:\\\/\\\/www.rememberme-forever.com\\\/pl\\\/#organization\",\"name\":\"Remember Forever\",\"url\":\"https:\\\/\\\/www.rememberme-forever.com\\\/pl\\\/\",\"logo\":{\"@type\":\"ImageObject\",\"inLanguage\":\"pl-PL\",\"@id\":\"https:\\\/\\\/www.rememberme-forever.com\\\/pl\\\/#\\\/schema\\\/logo\\\/image\\\/\",\"url\":\"https:\\\/\\\/www.rememberme-forever.com\\\/wp-content\\\/uploads\\\/2023\\\/02\\\/logo.png\",\"contentUrl\":\"https:\\\/\\\/www.rememberme-forever.com\\\/wp-content\\\/uploads\\\/2023\\\/02\\\/logo.png\",\"width\":300,\"height\":56,\"caption\":\"Remember Forever\"},\"image\":{\"@id\":\"https:\\\/\\\/www.rememberme-forever.com\\\/pl\\\/#\\\/schema\\\/logo\\\/image\\\/\"}}]}<\/script>\n<!-- \/ Yoast SEO plugin. -->","yoast_head_json":{"title":"Tematyczna urna z motywem pla\u017cy i morza - Remember Forever","robots":{"index":"index","follow":"follow","max-snippet":"max-snippet:-1","max-image-preview":"max-image-preview:large","max-video-preview":"max-video-preview:-1"},"canonical":"https:\/\/www.rememberme-forever.com\/pl\/produkt\/tematyczna-urna-z-motywem-plazy-i-morza\/","og_locale":"pl_PL","og_type":"article","og_title":"Tematyczna urna z motywem pla\u017cy i morza - Remember Forever","og_description":"Urna pomie\u015bci prochy osoby o wadze cia\u0142a do 138 kg.  \u2611\ufe0f Jeste\u015bmy \u015bwiadomi kr\u00f3tkiego czasu na dostarczenie urny. Urn\u0119 zam\u00f3wion\u0105 do godz. 12.00 w dzie\u0144 roboczy wysy\u0142amy natychmiast.\u00a0","og_url":"https:\/\/www.rememberme-forever.com\/pl\/produkt\/tematyczna-urna-z-motywem-plazy-i-morza\/","og_site_name":"Remember Forever","article_modified_time":"2026-02-18T14:01:36+00:00","og_image":[{"width":1007,"height":1024,"url":"http:\/\/www.rememberme-forever.com\/wp-content\/uploads\/2024\/08\/beach_urn_0001.jpg","type":"image\/jpeg"}],"twitter_card":"summary_large_image","twitter_misc":{"Szacowany czas czytania":"2 minuta"},"schema":{"@context":"https:\/\/schema.org","@graph":[{"@type":"WebPage","@id":"https:\/\/www.rememberme-forever.com\/pl\/produkt\/tematyczna-urna-z-motywem-plazy-i-morza\/","url":"https:\/\/www.rememberme-forever.com\/pl\/produkt\/tematyczna-urna-z-motywem-plazy-i-morza\/","name":"Tematyczna urna z motywem pla\u017cy i morza - Remember Forever","isPartOf":{"@id":"https:\/\/www.rememberme-forever.com\/pl\/#website"},"primaryImageOfPage":{"@id":"https:\/\/www.rememberme-forever.com\/pl\/produkt\/tematyczna-urna-z-motywem-plazy-i-morza\/#primaryimage"},"image":{"@id":"https:\/\/www.rememberme-forever.com\/pl\/produkt\/tematyczna-urna-z-motywem-plazy-i-morza\/#primaryimage"},"thumbnailUrl":"https:\/\/www.rememberme-forever.com\/wp-content\/uploads\/2024\/08\/beach_urn_0001.jpg","datePublished":"2024-10-28T12:22:40+00:00","dateModified":"2026-02-18T14:01:36+00:00","breadcrumb":{"@id":"https:\/\/www.rememberme-forever.com\/pl\/produkt\/tematyczna-urna-z-motywem-plazy-i-morza\/#breadcrumb"},"inLanguage":"pl-PL","potentialAction":[{"@type":"ReadAction","target":["https:\/\/www.rememberme-forever.com\/pl\/produkt\/tematyczna-urna-z-motywem-plazy-i-morza\/"]}]},{"@type":"ImageObject","inLanguage":"pl-PL","@id":"https:\/\/www.rememberme-forever.com\/pl\/produkt\/tematyczna-urna-z-motywem-plazy-i-morza\/#primaryimage","url":"https:\/\/www.rememberme-forever.com\/wp-content\/uploads\/2024\/08\/beach_urn_0001.jpg","contentUrl":"https:\/\/www.rememberme-forever.com\/wp-content\/uploads\/2024\/08\/beach_urn_0001.jpg","width":1007,"height":1024,"caption":"beach urn"},{"@type":"BreadcrumbList","@id":"https:\/\/www.rememberme-forever.com\/pl\/produkt\/tematyczna-urna-z-motywem-plazy-i-morza\/#breadcrumb","itemListElement":[{"@type":"ListItem","position":1,"name":"Home","item":"https:\/\/www.rememberme-forever.com\/pl\/strona-glowna\/"},{"@type":"ListItem","position":2,"name":"Sklep","item":"https:\/\/www.rememberme-forever.com\/pl\/sklep-2\/"},{"@type":"ListItem","position":3,"name":"Tematyczna urna z motywem pla\u017cy i morza"}]},{"@type":"WebSite","@id":"https:\/\/www.rememberme-forever.com\/pl\/#website","url":"https:\/\/www.rememberme-forever.com\/pl\/","name":"Remember Forever","description":"Cremation urns, funeral urns, urns for ashes","publisher":{"@id":"https:\/\/www.rememberme-forever.com\/pl\/#organization"},"potentialAction":[{"@type":"SearchAction","target":{"@type":"EntryPoint","urlTemplate":"https:\/\/www.rememberme-forever.com\/pl\/?s={search_term_string}"},"query-input":{"@type":"PropertyValueSpecification","valueRequired":true,"valueName":"search_term_string"}}],"inLanguage":"pl-PL"},{"@type":"Organization","@id":"https:\/\/www.rememberme-forever.com\/pl\/#organization","name":"Remember Forever","url":"https:\/\/www.rememberme-forever.com\/pl\/","logo":{"@type":"ImageObject","inLanguage":"pl-PL","@id":"https:\/\/www.rememberme-forever.com\/pl\/#\/schema\/logo\/image\/","url":"https:\/\/www.rememberme-forever.com\/wp-content\/uploads\/2023\/02\/logo.png","contentUrl":"https:\/\/www.rememberme-forever.com\/wp-content\/uploads\/2023\/02\/logo.png","width":300,"height":56,"caption":"Remember Forever"},"image":{"@id":"https:\/\/www.rememberme-forever.com\/pl\/#\/schema\/logo\/image\/"}}]}},"acf":[],"_links":{"self":[{"href":"https:\/\/www.rememberme-forever.com\/pl\/wp-json\/wp\/v2\/product\/13876","targetHints":{"allow":["GET"]}}],"collection":[{"href":"https:\/\/www.rememberme-forever.com\/pl\/wp-json\/wp\/v2\/product"}],"about":[{"href":"https:\/\/www.rememberme-forever.com\/pl\/wp-json\/wp\/v2\/types\/product"}],"wp:featuredmedia":[{"embeddable":true,"href":"https:\/\/www.rememberme-forever.com\/pl\/wp-json\/wp\/v2\/media\/13189"}],"wp:attachment":[{"href":"https:\/\/www.rememberme-forever.com\/pl\/wp-json\/wp\/v2\/media?parent=13876"}],"wp:term":[{"taxonomy":"product_brand","embeddable":true,"href":"https:\/\/www.rememberme-forever.com\/pl\/wp-json\/wp\/v2\/product_brand?post=13876"},{"taxonomy":"product_cat","embeddable":true,"href":"https:\/\/www.rememberme-forever.com\/pl\/wp-json\/wp\/v2\/product_cat?post=13876"},{"taxonomy":"product_tag","embeddable":true,"href":"https:\/\/www.rememberme-forever.com\/pl\/wp-json\/wp\/v2\/product_tag?post=13876"}],"curies":[{"name":"wp","href":"https:\/\/api.w.org\/{rel}","templated":true}]}}