{"id":14362,"date":"2024-11-14T11:09:01","date_gmt":"2024-11-14T10:09:01","guid":{"rendered":"https:\/\/www.rememberme-forever.com\/product\/unikalna-urna-z-placzaca-kobieta-dekoracyjna-urna-dziecieca-na-prochy-grief\/"},"modified":"2026-02-02T13:42:00","modified_gmt":"2026-02-02T12:42:00","slug":"unikalna-urna-z-placzaca-kobieta-dekoracyjna-urna-dziecieca-na-prochy-grief","status":"publish","type":"product","link":"https:\/\/www.rememberme-forever.com\/pl\/produkt\/unikalna-urna-z-placzaca-kobieta-dekoracyjna-urna-dziecieca-na-prochy-grief\/","title":{"rendered":"Unikalna urna z p\u0142acz\u0105c\u0105 kobiet\u0105 &#8211; dekoracyjna urna dzieci\u0119ca na prochy GRIEF"},"content":{"rendered":"<div style=\"text-align: center;\">Urna &#8222;Grief&#8221; jest delikatnym i g\u0142\u0119boko poruszaj\u0105cym ho\u0142dem, stworzonym dla uczczenia pami\u0119ci ukochanego dziecka. Zaprojektowana jako polerowana kula ze stali nierdzewnej spoczywaj\u0105ca na solidnej marmurowej podstawie, prezentuje elegancki, odblaskowy element, kt\u00f3ry odzwierciedla otoczenie, symbolizuj\u0105c bezgraniczn\u0105 mi\u0142o\u015b\u0107 i wieczn\u0105 wi\u0119\u017a, kt\u00f3re pozostaj\u0105 nawet po stracie.<\/div>\n<div style=\"text-align: center;\"><\/div>\n<div style=\"width: 100%; margin-bottom: 30px; height: max-content; padding-bottom: 60%; position: relative;\"><iframe style=\"position: absolute; top: 0; left: 0; width: 100%; height: 100%;\" src=\"https:\/\/rememberme-urns.com\/stunning-child-urn-with-personalization\/\" frameborder=\"0\"><\/iframe><\/div>\n<div style=\"color: red; text-align: center; margin-bottom: 25px;\">\n<p>&gt;&gt; Rotating photo &#8211; tap\/zoom &lt;&lt;<\/p>\n<\/div>\n<div style=\"text-align: center;\">Posta\u0107 pogr\u0105\u017conej w \u017ca\u0142obie matki kl\u0119czy obok kuli popio\u0142u, z twarz\u0105 ukryt\u0105 w d\u0142oniach. Uosabia ogromny smutek i trwa\u0142\u0105 mi\u0142o\u015b\u0107, kt\u00f3re wype\u0142niaj\u0105 serce rodzica po stracie dziecka. Jej postawa oddaje g\u0142\u0119bi\u0119 jej udr\u0119ki, jakby czule op\u0142akiwa\u0142a gr\u00f3b, oferuj\u0105c ponadczasowy wyraz mi\u0142o\u015bci, straty i pami\u0119ci.<\/div>\n<div style=\"text-align: center;\"><\/div>\n<div style=\"text-align: center;\">Dyskretny, gwintowany otw\u00f3r u podstawy zapewnia bezpieczne zamkni\u0119cie, zachowuj\u0105c prochy z godno\u015bci\u0105 i trosk\u0105. Urna ta s\u0142u\u017cy zar\u00f3wno jako naczynie, jak i dzie\u0142o sztuki, oddaj\u0105c istot\u0119 \u017ca\u0142oby i g\u0142\u0119bok\u0105 si\u0142\u0119 matczynej mi\u0142o\u015bci. &#8222;Grief&#8221; to znacz\u0105cy, pot\u0119\u017cny pomnik, honoruj\u0105cy czysto\u015b\u0107 i cenno\u015b\u0107 m\u0142odego \u017cycia odebranego zbyt wcze\u015bnie, co czyni go odpowiednim i uduchowionym ho\u0142dem dla ukochanego dziecka.<\/div>\n<div><\/div>\n<p style=\"text-align: center;\">\u25ba\u00a0PERSONALIZACJA\u00a0\u25c4<\/p>\n<ul style=\"text-align: center;\">\n<li>Personalizowan\u0105 plakietk\u0119 pami\u0105tkow\u0105 nale\u017cy dostosowa\u0107 podczas sk\u0142adania zam\u00f3wienia. (Nie martw si\u0119, je\u015bli zapomnisz, zawsze mo\u017cesz przes\u0142a\u0107 nam wiadomo\u015b\u0107 p\u00f3\u017aniej.)<\/li>\n<\/ul>\n<p style=\"text-align: center;\">Ograniczenia tekstu s\u0105 nast\u0119puj\u0105ce:<\/p>\n<ul style=\"text-align: center;\">\n<li>Imi\u0119 (imiona) do 35 znak\u00f3w<\/li>\n<li>Data urodzenia i \u015bmierci do 35 znak\u00f3w<\/li>\n<li>Trzecia linia do 35 znak\u00f3w<\/li>\n<li>Czwarta linia do 35 znak\u00f3w<\/li>\n<li>Pi\u0105ta linia do 35 znak\u00f3w<\/li>\n<li>Sz\u00f3sta linia do 35 znak\u00f3w<\/li>\n<\/ul>\n<p style=\"text-align: center;\"><span style=\"font-weight: 600; color: inherit;\">Prosimy o DOK\u0141ADNE sprawdzenie tekstu do grawerowania przed dodaniem produktu do koszyka. Kopiujemy i grawerujemy dok\u0142adnie takie informacje, jakie otrzymujemy z zam\u00f3wieniem i nie wprowadzamy \u017cadnych zmian z naszej strony.<\/span><\/p>\n<ul>\n<li style=\"text-align: center;\">Sprawd\u017a tekst aby upewni\u0107 si\u0119 \u017ce pisownia jest poprawna<\/li>\n<\/ul>\n<p>&nbsp;<\/p>\n","protected":false},"excerpt":{"rendered":"<p><b>\u2611\ufe0f <em style=\"color: red;\">Jeste\u015bmy \u015bwiadomi kr\u00f3tkiego czasu na dostarczenie urny. Urn\u0119 zam\u00f3wion\u0105 do godz. 12.00 w dzie\u0144 roboczy wysy\u0142amy natychmiast.\u00a0<\/em><\/b><\/p>\n","protected":false},"featured_media":14690,"template":"","meta":{"_acf_changed":false},"product_brand":[],"product_cat":[89],"product_tag":[3347],"class_list":{"0":"post-14362","1":"product","2":"type-product","3":"status-publish","4":"has-post-thumbnail","6":"product_cat-urny-dzieciece","7":"product_tag-gpsr-metal_stonebase","8":"product_shipping_class-art-urns-kule-do20cm-pl","10":"first","11":"instock","12":"featured","13":"taxable","14":"shipping-taxable","15":"purchasable","16":"product-type-simple"},"yoast_head":"<!-- This site is optimized with the Yoast SEO plugin v27.4 - https:\/\/yoast.com\/product\/yoast-seo-wordpress\/ -->\n<title>Unikalna urna z p\u0142acz\u0105c\u0105 kobiet\u0105 - dekoracyjna urna dzieci\u0119ca na prochy GRIEF - Remember Forever<\/title>\n<meta name=\"description\" content=\"Urna &quot;Grief&quot; jest delikatnym i g\u0142\u0119boko poruszaj\u0105cym ho\u0142dem, stworzonym dla uczczenia pami\u0119ci ukochanego dziecka. Zaprojektowana jako polerowana kula...\" \/>\n<meta name=\"robots\" content=\"index, follow, max-snippet:-1, max-image-preview:large, max-video-preview:-1\" \/>\n<link rel=\"canonical\" href=\"https:\/\/www.rememberme-forever.com\/pl\/produkt\/unikalna-urna-z-placzaca-kobieta-dekoracyjna-urna-dziecieca-na-prochy-grief\/\" \/>\n<meta property=\"og:locale\" content=\"pl_PL\" \/>\n<meta property=\"og:type\" content=\"article\" \/>\n<meta property=\"og:title\" content=\"Unikalna urna z p\u0142acz\u0105c\u0105 kobiet\u0105 - dekoracyjna urna dzieci\u0119ca na prochy GRIEF - Remember Forever\" \/>\n<meta property=\"og:description\" content=\"Urna &quot;Grief&quot; jest delikatnym i g\u0142\u0119boko poruszaj\u0105cym ho\u0142dem, stworzonym dla uczczenia pami\u0119ci ukochanego dziecka. Zaprojektowana jako polerowana kula...\" \/>\n<meta property=\"og:url\" content=\"https:\/\/www.rememberme-forever.com\/pl\/produkt\/unikalna-urna-z-placzaca-kobieta-dekoracyjna-urna-dziecieca-na-prochy-grief\/\" \/>\n<meta property=\"og:site_name\" content=\"Remember Forever\" \/>\n<meta property=\"article:modified_time\" content=\"2026-02-02T12:42:00+00:00\" \/>\n<meta property=\"og:image\" content=\"http:\/\/www.rememberme-forever.com\/wp-content\/uploads\/2024\/11\/M-S15-GRIEF-WHITEBASE-D1_0001-1.jpg\" \/>\n\t<meta property=\"og:image:width\" content=\"1007\" \/>\n\t<meta property=\"og:image:height\" content=\"1024\" \/>\n\t<meta property=\"og:image:type\" content=\"image\/jpeg\" \/>\n<meta name=\"twitter:card\" content=\"summary_large_image\" \/>\n<meta name=\"twitter:label1\" content=\"Szacowany czas czytania\" \/>\n\t<meta name=\"twitter:data1\" content=\"2 minuta\" \/>\n<script type=\"application\/ld+json\" class=\"yoast-schema-graph\">{\"@context\":\"https:\\\/\\\/schema.org\",\"@graph\":[{\"@type\":\"WebPage\",\"@id\":\"https:\\\/\\\/www.rememberme-forever.com\\\/pl\\\/produkt\\\/unikalna-urna-z-placzaca-kobieta-dekoracyjna-urna-dziecieca-na-prochy-grief\\\/\",\"url\":\"https:\\\/\\\/www.rememberme-forever.com\\\/pl\\\/produkt\\\/unikalna-urna-z-placzaca-kobieta-dekoracyjna-urna-dziecieca-na-prochy-grief\\\/\",\"name\":\"Unikalna urna z p\u0142acz\u0105c\u0105 kobiet\u0105 - dekoracyjna urna dzieci\u0119ca na prochy GRIEF - Remember Forever\",\"isPartOf\":{\"@id\":\"https:\\\/\\\/www.rememberme-forever.com\\\/pl\\\/#website\"},\"primaryImageOfPage\":{\"@id\":\"https:\\\/\\\/www.rememberme-forever.com\\\/pl\\\/produkt\\\/unikalna-urna-z-placzaca-kobieta-dekoracyjna-urna-dziecieca-na-prochy-grief\\\/#primaryimage\"},\"image\":{\"@id\":\"https:\\\/\\\/www.rememberme-forever.com\\\/pl\\\/produkt\\\/unikalna-urna-z-placzaca-kobieta-dekoracyjna-urna-dziecieca-na-prochy-grief\\\/#primaryimage\"},\"thumbnailUrl\":\"https:\\\/\\\/www.rememberme-forever.com\\\/wp-content\\\/uploads\\\/2024\\\/11\\\/M-S15-GRIEF-WHITEBASE-D1_0001-1.jpg\",\"datePublished\":\"2024-11-14T10:09:01+00:00\",\"dateModified\":\"2026-02-02T12:42:00+00:00\",\"description\":\"Urna \\\"Grief\\\" jest delikatnym i g\u0142\u0119boko poruszaj\u0105cym ho\u0142dem, stworzonym dla uczczenia pami\u0119ci ukochanego dziecka. Zaprojektowana jako polerowana kula...\",\"breadcrumb\":{\"@id\":\"https:\\\/\\\/www.rememberme-forever.com\\\/pl\\\/produkt\\\/unikalna-urna-z-placzaca-kobieta-dekoracyjna-urna-dziecieca-na-prochy-grief\\\/#breadcrumb\"},\"inLanguage\":\"pl-PL\",\"potentialAction\":[{\"@type\":\"ReadAction\",\"target\":[\"https:\\\/\\\/www.rememberme-forever.com\\\/pl\\\/produkt\\\/unikalna-urna-z-placzaca-kobieta-dekoracyjna-urna-dziecieca-na-prochy-grief\\\/\"]}]},{\"@type\":\"ImageObject\",\"inLanguage\":\"pl-PL\",\"@id\":\"https:\\\/\\\/www.rememberme-forever.com\\\/pl\\\/produkt\\\/unikalna-urna-z-placzaca-kobieta-dekoracyjna-urna-dziecieca-na-prochy-grief\\\/#primaryimage\",\"url\":\"https:\\\/\\\/www.rememberme-forever.com\\\/wp-content\\\/uploads\\\/2024\\\/11\\\/M-S15-GRIEF-WHITEBASE-D1_0001-1.jpg\",\"contentUrl\":\"https:\\\/\\\/www.rememberme-forever.com\\\/wp-content\\\/uploads\\\/2024\\\/11\\\/M-S15-GRIEF-WHITEBASE-D1_0001-1.jpg\",\"width\":1007,\"height\":1024},{\"@type\":\"BreadcrumbList\",\"@id\":\"https:\\\/\\\/www.rememberme-forever.com\\\/pl\\\/produkt\\\/unikalna-urna-z-placzaca-kobieta-dekoracyjna-urna-dziecieca-na-prochy-grief\\\/#breadcrumb\",\"itemListElement\":[{\"@type\":\"ListItem\",\"position\":1,\"name\":\"Home\",\"item\":\"https:\\\/\\\/www.rememberme-forever.com\\\/pl\\\/strona-glowna\\\/\"},{\"@type\":\"ListItem\",\"position\":2,\"name\":\"Sklep\",\"item\":\"https:\\\/\\\/www.rememberme-forever.com\\\/pl\\\/sklep-2\\\/\"},{\"@type\":\"ListItem\",\"position\":3,\"name\":\"Unikalna urna z p\u0142acz\u0105c\u0105 kobiet\u0105 &#8211; dekoracyjna urna dzieci\u0119ca na prochy GRIEF\"}]},{\"@type\":\"WebSite\",\"@id\":\"https:\\\/\\\/www.rememberme-forever.com\\\/pl\\\/#website\",\"url\":\"https:\\\/\\\/www.rememberme-forever.com\\\/pl\\\/\",\"name\":\"Remember Forever\",\"description\":\"Cremation urns, funeral urns, urns for ashes\",\"publisher\":{\"@id\":\"https:\\\/\\\/www.rememberme-forever.com\\\/pl\\\/#organization\"},\"potentialAction\":[{\"@type\":\"SearchAction\",\"target\":{\"@type\":\"EntryPoint\",\"urlTemplate\":\"https:\\\/\\\/www.rememberme-forever.com\\\/pl\\\/?s={search_term_string}\"},\"query-input\":{\"@type\":\"PropertyValueSpecification\",\"valueRequired\":true,\"valueName\":\"search_term_string\"}}],\"inLanguage\":\"pl-PL\"},{\"@type\":\"Organization\",\"@id\":\"https:\\\/\\\/www.rememberme-forever.com\\\/pl\\\/#organization\",\"name\":\"Remember Forever\",\"url\":\"https:\\\/\\\/www.rememberme-forever.com\\\/pl\\\/\",\"logo\":{\"@type\":\"ImageObject\",\"inLanguage\":\"pl-PL\",\"@id\":\"https:\\\/\\\/www.rememberme-forever.com\\\/pl\\\/#\\\/schema\\\/logo\\\/image\\\/\",\"url\":\"https:\\\/\\\/www.rememberme-forever.com\\\/wp-content\\\/uploads\\\/2023\\\/02\\\/logo.png\",\"contentUrl\":\"https:\\\/\\\/www.rememberme-forever.com\\\/wp-content\\\/uploads\\\/2023\\\/02\\\/logo.png\",\"width\":300,\"height\":56,\"caption\":\"Remember Forever\"},\"image\":{\"@id\":\"https:\\\/\\\/www.rememberme-forever.com\\\/pl\\\/#\\\/schema\\\/logo\\\/image\\\/\"}}]}<\/script>\n<!-- \/ Yoast SEO plugin. -->","yoast_head_json":{"title":"Unikalna urna z p\u0142acz\u0105c\u0105 kobiet\u0105 - dekoracyjna urna dzieci\u0119ca na prochy GRIEF - Remember Forever","description":"Urna \"Grief\" jest delikatnym i g\u0142\u0119boko poruszaj\u0105cym ho\u0142dem, stworzonym dla uczczenia pami\u0119ci ukochanego dziecka. Zaprojektowana jako polerowana kula...","robots":{"index":"index","follow":"follow","max-snippet":"max-snippet:-1","max-image-preview":"max-image-preview:large","max-video-preview":"max-video-preview:-1"},"canonical":"https:\/\/www.rememberme-forever.com\/pl\/produkt\/unikalna-urna-z-placzaca-kobieta-dekoracyjna-urna-dziecieca-na-prochy-grief\/","og_locale":"pl_PL","og_type":"article","og_title":"Unikalna urna z p\u0142acz\u0105c\u0105 kobiet\u0105 - dekoracyjna urna dzieci\u0119ca na prochy GRIEF - Remember Forever","og_description":"Urna \"Grief\" jest delikatnym i g\u0142\u0119boko poruszaj\u0105cym ho\u0142dem, stworzonym dla uczczenia pami\u0119ci ukochanego dziecka. Zaprojektowana jako polerowana kula...","og_url":"https:\/\/www.rememberme-forever.com\/pl\/produkt\/unikalna-urna-z-placzaca-kobieta-dekoracyjna-urna-dziecieca-na-prochy-grief\/","og_site_name":"Remember Forever","article_modified_time":"2026-02-02T12:42:00+00:00","og_image":[{"width":1007,"height":1024,"url":"http:\/\/www.rememberme-forever.com\/wp-content\/uploads\/2024\/11\/M-S15-GRIEF-WHITEBASE-D1_0001-1.jpg","type":"image\/jpeg"}],"twitter_card":"summary_large_image","twitter_misc":{"Szacowany czas czytania":"2 minuta"},"schema":{"@context":"https:\/\/schema.org","@graph":[{"@type":"WebPage","@id":"https:\/\/www.rememberme-forever.com\/pl\/produkt\/unikalna-urna-z-placzaca-kobieta-dekoracyjna-urna-dziecieca-na-prochy-grief\/","url":"https:\/\/www.rememberme-forever.com\/pl\/produkt\/unikalna-urna-z-placzaca-kobieta-dekoracyjna-urna-dziecieca-na-prochy-grief\/","name":"Unikalna urna z p\u0142acz\u0105c\u0105 kobiet\u0105 - dekoracyjna urna dzieci\u0119ca na prochy GRIEF - Remember Forever","isPartOf":{"@id":"https:\/\/www.rememberme-forever.com\/pl\/#website"},"primaryImageOfPage":{"@id":"https:\/\/www.rememberme-forever.com\/pl\/produkt\/unikalna-urna-z-placzaca-kobieta-dekoracyjna-urna-dziecieca-na-prochy-grief\/#primaryimage"},"image":{"@id":"https:\/\/www.rememberme-forever.com\/pl\/produkt\/unikalna-urna-z-placzaca-kobieta-dekoracyjna-urna-dziecieca-na-prochy-grief\/#primaryimage"},"thumbnailUrl":"https:\/\/www.rememberme-forever.com\/wp-content\/uploads\/2024\/11\/M-S15-GRIEF-WHITEBASE-D1_0001-1.jpg","datePublished":"2024-11-14T10:09:01+00:00","dateModified":"2026-02-02T12:42:00+00:00","description":"Urna \"Grief\" jest delikatnym i g\u0142\u0119boko poruszaj\u0105cym ho\u0142dem, stworzonym dla uczczenia pami\u0119ci ukochanego dziecka. Zaprojektowana jako polerowana kula...","breadcrumb":{"@id":"https:\/\/www.rememberme-forever.com\/pl\/produkt\/unikalna-urna-z-placzaca-kobieta-dekoracyjna-urna-dziecieca-na-prochy-grief\/#breadcrumb"},"inLanguage":"pl-PL","potentialAction":[{"@type":"ReadAction","target":["https:\/\/www.rememberme-forever.com\/pl\/produkt\/unikalna-urna-z-placzaca-kobieta-dekoracyjna-urna-dziecieca-na-prochy-grief\/"]}]},{"@type":"ImageObject","inLanguage":"pl-PL","@id":"https:\/\/www.rememberme-forever.com\/pl\/produkt\/unikalna-urna-z-placzaca-kobieta-dekoracyjna-urna-dziecieca-na-prochy-grief\/#primaryimage","url":"https:\/\/www.rememberme-forever.com\/wp-content\/uploads\/2024\/11\/M-S15-GRIEF-WHITEBASE-D1_0001-1.jpg","contentUrl":"https:\/\/www.rememberme-forever.com\/wp-content\/uploads\/2024\/11\/M-S15-GRIEF-WHITEBASE-D1_0001-1.jpg","width":1007,"height":1024},{"@type":"BreadcrumbList","@id":"https:\/\/www.rememberme-forever.com\/pl\/produkt\/unikalna-urna-z-placzaca-kobieta-dekoracyjna-urna-dziecieca-na-prochy-grief\/#breadcrumb","itemListElement":[{"@type":"ListItem","position":1,"name":"Home","item":"https:\/\/www.rememberme-forever.com\/pl\/strona-glowna\/"},{"@type":"ListItem","position":2,"name":"Sklep","item":"https:\/\/www.rememberme-forever.com\/pl\/sklep-2\/"},{"@type":"ListItem","position":3,"name":"Unikalna urna z p\u0142acz\u0105c\u0105 kobiet\u0105 &#8211; dekoracyjna urna dzieci\u0119ca na prochy GRIEF"}]},{"@type":"WebSite","@id":"https:\/\/www.rememberme-forever.com\/pl\/#website","url":"https:\/\/www.rememberme-forever.com\/pl\/","name":"Remember Forever","description":"Cremation urns, funeral urns, urns for ashes","publisher":{"@id":"https:\/\/www.rememberme-forever.com\/pl\/#organization"},"potentialAction":[{"@type":"SearchAction","target":{"@type":"EntryPoint","urlTemplate":"https:\/\/www.rememberme-forever.com\/pl\/?s={search_term_string}"},"query-input":{"@type":"PropertyValueSpecification","valueRequired":true,"valueName":"search_term_string"}}],"inLanguage":"pl-PL"},{"@type":"Organization","@id":"https:\/\/www.rememberme-forever.com\/pl\/#organization","name":"Remember Forever","url":"https:\/\/www.rememberme-forever.com\/pl\/","logo":{"@type":"ImageObject","inLanguage":"pl-PL","@id":"https:\/\/www.rememberme-forever.com\/pl\/#\/schema\/logo\/image\/","url":"https:\/\/www.rememberme-forever.com\/wp-content\/uploads\/2023\/02\/logo.png","contentUrl":"https:\/\/www.rememberme-forever.com\/wp-content\/uploads\/2023\/02\/logo.png","width":300,"height":56,"caption":"Remember Forever"},"image":{"@id":"https:\/\/www.rememberme-forever.com\/pl\/#\/schema\/logo\/image\/"}}]}},"acf":[],"_links":{"self":[{"href":"https:\/\/www.rememberme-forever.com\/pl\/wp-json\/wp\/v2\/product\/14362","targetHints":{"allow":["GET"]}}],"collection":[{"href":"https:\/\/www.rememberme-forever.com\/pl\/wp-json\/wp\/v2\/product"}],"about":[{"href":"https:\/\/www.rememberme-forever.com\/pl\/wp-json\/wp\/v2\/types\/product"}],"wp:featuredmedia":[{"embeddable":true,"href":"https:\/\/www.rememberme-forever.com\/pl\/wp-json\/wp\/v2\/media\/14690"}],"wp:attachment":[{"href":"https:\/\/www.rememberme-forever.com\/pl\/wp-json\/wp\/v2\/media?parent=14362"}],"wp:term":[{"taxonomy":"product_brand","embeddable":true,"href":"https:\/\/www.rememberme-forever.com\/pl\/wp-json\/wp\/v2\/product_brand?post=14362"},{"taxonomy":"product_cat","embeddable":true,"href":"https:\/\/www.rememberme-forever.com\/pl\/wp-json\/wp\/v2\/product_cat?post=14362"},{"taxonomy":"product_tag","embeddable":true,"href":"https:\/\/www.rememberme-forever.com\/pl\/wp-json\/wp\/v2\/product_tag?post=14362"}],"curies":[{"name":"wp","href":"https:\/\/api.w.org\/{rel}","templated":true}]}}